{"id":93,"date":"2022-08-16T07:08:49","date_gmt":"2022-08-15T23:08:49","guid":{"rendered":"https:\/\/cnricemill.com\/?post_type=product&#038;p=93"},"modified":"2024-12-23T11:34:13","modified_gmt":"2024-12-23T03:34:13","slug":"38t-d-rice-mill-plant","status":"publish","type":"product","link":"https:\/\/cnricemill.com\/vi\/product\/38t-d-rice-mill-plant\/","title":{"rendered":"Nh\u00e0 m\u00e1y xay g\u1ea1o 38T\/D"},"content":{"rendered":"<p class=\"translation-block\"><strong>Nh\u00e0 m\u00e1y xay g\u1ea1o 38 t\u1ea5n\/ng\u00e0y<\/strong> d\u00f9ng cho nhu c\u1ea7u trung b\u00ecnh trong x\u1eed l\u00fd g\u1ea1o. D\u00e2y chuy\u1ec1n ch\u1ebf bi\u1ebfn g\u1ea1o n\u00e0y c\u00f3 th\u1ec3 s\u1ea3n xu\u1ea5t 38 t\u1ea5n g\u1ea1o th\u00e0nh ph\u1ea9m m\u1ed7i ng\u00e0y. Ph\u00f9 h\u1ee3p cho c\u00e1c ch\u1ee7 trang tr\u1ea1i v\u00e0 nh\u00e0 m\u00e1y g\u1ea1o c\u00f3 hi\u1ec7u su\u1ea5t t\u1ed1t v\u00e0 hi\u1ec7u qu\u1ea3 cao. Nh\u00e0 m\u00e1y xay g\u1ea1o 38 t\u1ea5n\/ng\u00e0y c\u00f3 th\u1ec3 t\u1ef1 \u0111\u1ed9ng ho\u00e0n th\u00e0nh to\u00e0n b\u1ed9 qu\u00e1 tr\u00ecnh xay g\u1ea1o, bao g\u1ed3m l\u00e0m s\u1ea1ch l\u00faa, lo\u1ea1i b\u1ecf \u0111\u00e1, t\u00e1ch v\u1ecf, ph\u00e2n lo\u1ea1i g\u1ea1o, xay x\u00e1t, v\u00e0 ph\u00e2n lo\u1ea1i g\u1ea1o. Ngo\u00e0i nh\u00e0 m\u00e1y xay g\u1ea1o 38 t\u1ea5n\/ng\u00e0y, ch\u00fang t\u00f4i c\u00f2n cung c\u1ea5p c\u00e1c lo\u1ea1i kh\u00e1c nh\u01b0 <strong>nh\u00e0 m\u00e1y xay g\u1ea1o 15 t\u1ea5n\/ng\u00e0y<\/strong>, <strong>nh\u00e0 m\u00e1y xay g\u1ea1o 60 t\u1ea5n\/ng\u00e0y<\/strong>, <strong>nh\u00e0 m\u00e1y xay g\u1ea1o 100 t\u1ea5n\/ng\u00e0y<\/strong>, v.v. T\u1ea5t c\u1ea3 m\u00e1y m\u00f3c c\u1ee7a ch\u00fang t\u00f4i \u0111\u1ec1u c\u00f3 ch\u1ea5t l\u01b0\u1ee3ng t\u1ed1t, gi\u00e1 c\u1ea3 c\u1ea1nh tranh, v\u00e0 giao h\u00e0ng nhanh. N\u1ebfu b\u1ea1n \u0111ang t\u00ecm ki\u1ebfm m\u1ed9t nh\u00e0 m\u00e1y xay g\u1ea1o \u0111\u00e1ng tin c\u1eady, vui l\u00f2ng li\u00ean h\u1ec7 v\u1edbi ch\u00fang t\u00f4i \u0111\u1ec3 bi\u1ebft th\u00eam th\u00f4ng tin h\u1eefu \u00edch.<\/p>    <figure class=\"wp-block-image size-full\"><img loading=\"lazy\" decoding=\"async\" width=\"720\" height=\"540\" src=\"https:\/\/cnricemill.com\/wp-content\/uploads\/2022\/08\/modern-38-ton-rice-mill-plant.jpg\" alt=\"nh\u00e0 m\u00e1y xay g\u1ea1o hi\u1ec7n \u0111\u1ea1i 38 t\u1ea5n\" class=\"wp-image-101\"\/><figcaption>nh\u00e0 m\u00e1y xay g\u1ea1o hi\u1ec7n \u0111\u1ea1i 38 t\u1ea5n<\/figcaption><\/figure>    <h2 class=\"wp-block-heading\">\u01afu \u0111i\u1ec3m c\u1ee7a nh\u00e0 m\u00e1y xay g\u1ea1o 38 t\u1ea5n\/ng\u00e0y<\/h2>    <ol class=\"wp-block-list\" type=\"1\"><li>Nh\u00e0 m\u00e1y xay g\u1ea1o 38 t\u1ea5n\/ng\u00e0y \u0111\u01b0\u1ee3c thi\u1ebft k\u1ebf v\u1edbi h\u1ed9p \u0111i\u1ec1u khi\u1ec3n \u0111a n\u0103ng, ng\u01b0\u1eddi d\u00f9ng c\u00f3 th\u1ec3 v\u1eadn h\u00e0nh m\u00e1y b\u1eb1ng c\u00e1ch thao t\u00e1c c\u00e1c n\u00fat b\u00ean trong h\u1ed9p \u0111i\u1ec1u khi\u1ec3n, r\u1ea5t \u0111\u01a1n gi\u1ea3n v\u00e0 ti\u1ec7n l\u1ee3i.<\/li><li>T\u1ea5t c\u1ea3 c\u00e1c m\u00e1y xay g\u1ea1o b\u00e1n t\u1eeb nh\u00e0 m\u00e1y c\u1ee7a ch\u00fang t\u00f4i \u0111\u1ec1u s\u1eed d\u1ee5ng s\u01a1n s\u1ea5y, \u0111\u1ea3m b\u1ea3o th\u00e2n thi\u1ec7n v\u1edbi m\u00f4i tr\u01b0\u1eddng v\u00e0 c\u0169ng \u0111\u1ea3m b\u1ea3o r\u1eb1ng m\u00e1y kh\u00f4ng d\u1ec5 b\u1ecb m\u1ea5t s\u01a1n trong qu\u00e1 tr\u00ecnh v\u1eadn chuy\u1ec3n v\u00e0 s\u1eed d\u1ee5ng.\u00a0<\/li><li>D\u00e2y chuy\u1ec1n xay g\u1ea1o 38 t\u1ea5n\/ng\u00e0y l\u00e0 m\u1ed9t d\u00e2y chuy\u1ec1n thi\u1ebft k\u1ebf hi\u1ec7n \u0111\u1ea1i v\u1edbi c\u00f4ng ngh\u1ec7 m\u1edbi trong s\u1ea3n xu\u1ea5t m\u00e1y m\u00f3c, c\u1ea3i ti\u1ebfn v\u1eadt li\u1ec7u ch\u1ebf bi\u1ebfn, hi\u1ec7u qu\u1ea3 cao, t\u1ef7 l\u1ec7 xay cao, gi\u1ea3m v\u1ee1, s\u1ea3n l\u01b0\u1ee3ng l\u1edbn, tr\u00e1nh l\u00e3ng ph\u00ed g\u1ea1o, ho\u1ea1t \u0111\u1ed9ng \u1ed5n \u0111\u1ecbnh, d\u1ec5 v\u1eadn h\u00e0nh v\u00e0 b\u1ea3o tr\u00ec.\u00a0<\/li><li>Chi ti\u1ebft m\u00e1y c\u1ee7a m\u1eabu n\u00e0y linh ho\u1ea1t v\u00e0 m\u1ed9t s\u1ed1 b\u1ed9 ph\u1eadn c\u00f3 th\u1ec3 t\u00f9y ch\u1ec9nh theo y\u00eau c\u1ea7u c\u1ee7a kh\u00e1ch h\u00e0ng.\u00a0<\/li><li>Ho\u1ea1t \u0111\u1ed9ng t\u1ef1 \u0111\u1ed9ng ho\u00e0n to\u00e0n c\u1ee7a to\u00e0n b\u1ed9 nh\u00e0 m\u00e1y xay g\u1ea1o, ch\u1ec9 c\u1ea7n m\u1ed9t ho\u1eb7c hai c\u00f4ng nh\u00e2n v\u1eadn h\u00e0nh d\u00e2y chuy\u1ec1n ch\u1ebf bi\u1ebfn g\u1ea1o ho\u00e0n ch\u1ec9nh.<\/li><li>T\u1ea5t c\u1ea3 c\u00e1c m\u00e1y ch\u1ebf bi\u1ebfn g\u1ea1o \u0111\u1ec1u h\u1ed7 tr\u1ee3 d\u1ecbch v\u1ee5 t\u00f9y ch\u1ec9nh \u0111\u1ec3 \u0111\u00e1p \u1ee9ng y\u00eau c\u1ea7u c\u1ee5 th\u1ec3 c\u1ee7a b\u1ea1n. \u00a0<\/li><\/ol>    <div class=\"wp-block-columns is-layout-flex wp-container-core-columns-is-layout-9d6595d7 wp-block-columns-is-layout-flex\"> <div class=\"wp-block-column is-layout-flow wp-block-column-is-layout-flow\"> <figure class=\"wp-block-image size-full\"><img loading=\"lazy\" decoding=\"async\" width=\"720\" height=\"540\" src=\"https:\/\/cnricemill.com\/wp-content\/uploads\/2022\/08\/Taizy-rice-processing-line-factory.jpg\" alt=\"D\u00e2y chuy\u1ec1n ch\u1ebf bi\u1ebfn g\u1ea1o c\u1ee7a nh\u00e0 m\u00e1y Taizy\" class=\"wp-image-103\"\/><figcaption>D\u00e2y chuy\u1ec1n ch\u1ebf bi\u1ebfn g\u1ea1o c\u1ee7a nh\u00e0 m\u00e1y Taizy<\/figcaption><\/figure> <\/div>    <div class=\"wp-block-column is-layout-flow wp-block-column-is-layout-flow\"> <figure class=\"wp-block-image size-full\"><img loading=\"lazy\" decoding=\"async\" width=\"720\" height=\"540\" src=\"https:\/\/cnricemill.com\/wp-content\/uploads\/2022\/08\/rice-mill-plant-factory.jpg\" alt=\"Nh\u00e0 m\u00e1y xay g\u1ea1o\" class=\"wp-image-104\"\/><figcaption>Nh\u00e0 m\u00e1y xay g\u1ea1o<\/figcaption><\/figure> <\/div> <\/div>    <h2 class=\"wp-block-heading\">Th\u00f4ng s\u1ed1 k\u1ef9 thu\u1eadt c\u1ee7a nh\u00e0 m\u00e1y xay g\u1ea1o Taizy 38t\/d<\/h2>    <figure class=\"wp-block-table\"><table><tbody><tr><td>S\u1ed1 l\u01b0\u1ee3ng<\/td><td>M\u00e1y m\u00f3c<\/td><td>M\u1eabu m\u00e3<\/td><td>C\u00f4ng su\u1ea5t (t\/h)<\/td><\/tr><tr><td>1<\/td><td>B\u1ed9 l\u00e0m s\u1ea1ch k\u1ebft h\u1ee3p v\u00e0 lo\u1ea1i b\u1ecf \u0111\u00e1<\/td><td>ZQS90<\/td><td>2-2.5<\/td><\/tr><tr><td>2<\/td><td>M\u00e1y l\u00e0m v\u1ecf g\u1ea1o<\/td><td>MLGT25<\/td><td>2<\/td><\/tr><tr><td>3<\/td><td>M\u00e1y t\u00e1ch v\u1ecf l\u00faa tr\u1ecdng l\u1ef1c<\/td><td>MGCZ100*8<\/td><td>1.5-2.3<\/td><\/tr><tr><td>4<\/td><td>M\u00e1y xay x\u00e1t g\u1ea1o<\/td><td>MNMS15B<\/td><td>1-1.3<\/td><\/tr><tr><td>5<\/td><td>M\u00e1y ph\u00e2n lo\u1ea1i g\u1ea1o<\/td><td>MMJJP80*3<\/td><td>1.5-2<\/td><\/tr><tr><td>6<\/td><td>Thang m\u00e1y<\/td><td>TDG20\/11<\/td><td>2-3<\/td><\/tr><\/tbody><\/table><\/figure>    <h2 class=\"wp-block-heading\">Chi ti\u1ebft c\u1ea5u tr\u00fac c\u1ee7a nh\u00e0 m\u00e1y xay g\u1ea1o 38 t\u1ea5n\/ng\u00e0y hi\u1ec7n \u0111\u1ea1i<\/h2>    <figure class=\"wp-block-image size-full\"><img loading=\"lazy\" decoding=\"async\" width=\"720\" height=\"540\" src=\"https:\/\/cnricemill.com\/wp-content\/uploads\/2022\/08\/structure-details-of-38td-rice-mill-plant.jpg\" alt=\"Chi ti\u1ebft c\u1ea5u tr\u00fac c\u1ee7a nh\u00e0 m\u00e1y xay l\u00faa 38 t\u1ea5n\/ng\u00e0y\" class=\"wp-image-99\"\/><figcaption>Chi ti\u1ebft c\u1ea5u tr\u00fac c\u1ee7a nh\u00e0 m\u00e1y xay l\u00faa 38 t\u1ea5n\/ng\u00e0y<\/figcaption><\/figure>    <h3 class=\"wp-block-heading\">M\u00e1y c\u1ea5p li\u1ec7u nguy\u00ean li\u1ec7u<\/h3>    <p>\u0110\u00e2y l\u00e0 m\u00e1y \u0111\u01b0a nguy\u00ean li\u1ec7u l\u00faa v\u00e0o c\u00e1c m\u00e1y xay g\u1ea1o<\/p>    <h3 class=\"wp-block-heading\">M\u00e1y l\u00e0m s\u1ea1ch l\u00faa k\u1ebft h\u1ee3p &amp; lo\u1ea1i b\u1ecf \u0111\u00e1<\/h3>    <p>C\u00e1c t\u1ea1p ch\u1ea5t nh\u1eb9 kh\u00e1c nh\u01b0 b\u1ee5i, m\u1ea3nh v\u1ee5n, kh\u1ed1i, v\u00e0 \u0111\u00e1 n\u00ean \u0111\u01b0\u1ee3c lo\u1ea1i b\u1ecf c\u00e0ng nhi\u1ec1u c\u00e0ng t\u1ed1t \u0111\u1ec3 \u0111\u1ea1t hi\u1ec7u qu\u1ea3 qu\u00e9t d\u1ecdn t\u1ed1t h\u01a1n.<\/p>    <h3 class=\"wp-block-heading\">M\u00e1y t\u00e1ch v\u1ecf g\u1ea1o<\/h3>    <p>Di chuy\u1ec3n v\u1ecf tr\u1ea5u kh\u1ecfi l\u00faa<\/p>    <h3 class=\"wp-block-heading\">M\u00e1y t\u00e1ch g\u1ea1o<\/h3>    <p class=\"translation-block\"><a href=\"https:\/\/cnricemill.com\/vi\/product\/paddy-separator\/\">M\u00e1y t\u00e1ch g\u1ea1o <\/a> ch\u1ee7 y\u1ebfu d\u00f9ng \u0111\u1ec3 t\u00e1ch g\u1ea1o l\u1ee9t kh\u1ecfi l\u00faa, d\u1ef1a tr\u00ean s\u1ef1 kh\u00e1c bi\u1ec7t v\u1ec1 tr\u1ecdng l\u01b0\u1ee3ng ri\u00eang v\u00e0 h\u1ec7 s\u1ed1 ma s\u00e1t gi\u1eefa ba ph\u1ea7n c\u1ee7a g\u1ea1o tr\u1eafng, g\u1ea1o l\u1ee9t, v\u00e0 h\u1ed7n h\u1ee3p c\u1ee7a ch\u00fang.\u00a0<\/p>    <h3 class=\"wp-block-heading\">M\u00e1y xay x\u00e1t g\u1ea1o<\/h3>    <p>M\u00e1y xay x\u00e1t g\u1ea1o \u0111\u1eb7c bi\u1ec7t ph\u00e1t tri\u1ec3n cho ng\u00e0nh xay x\u00e1t g\u1ea1o, l\u00e0 c\u00f4ng ngh\u1ec7 ti\u00ean ti\u1ebfn nh\u1ea5t th\u1ebf gi\u1edbi, gi\u00fap gi\u1ea3m nhi\u1ec7t \u0111\u1ed9 g\u1ea1o, gi\u1ea3m h\u00e0m l\u01b0\u1ee3ng v\u1ecf tr\u1ea5u v\u00e0 gi\u1ea3m t\u1ef7 l\u1ec7 v\u1ee1 nh\u1ecf.&nbsp;<\/p>    <h3 class=\"wp-block-heading\">M\u00e1y \u0111\u00e1nh b\u00f3ng g\u1ea1o<\/h3>    <p>Ph\u1ee7 b\u00f3ng b\u1ec1 m\u1eb7t g\u1ea1o b\u1eb1ng c\u00e1ch phun n\u01b0\u1edbc gi\u00fap h\u00ecnh th\u00e0nh l\u1edbp gel m\u1ecbn v\u00e0 k\u00e9o d\u00e0i th\u1eddi gian b\u1ea3o qu\u1ea3n. M\u1edf r\u1ed9ng bu\u1ed3ng \u0111\u00e1nh b\u00f3ng \u0111\u1ec3 s\u1ea3n xu\u1ea5t g\u1ea1o ch\u1ea5t l\u01b0\u1ee3ng cao.&nbsp;<\/p>    <h3 class=\"wp-block-heading\">Ph\u00e2n lo\u1ea1i g\u1ea1o<\/h3>    <p class=\"translation-block\"><a href=\"https:\/\/cnricemill.com\/vi\/product\/rice-grader\/\">M\u00e1y ph\u00e2n lo\u1ea1i g\u1ea1o<\/a> c\u00f3 th\u1ec3 s\u00e0ng l\u1ecdc g\u1ea1o m\u1ecbn th\u00e0nh g\u1ea1o nguy\u00ean, g\u1ea1o v\u1ee1 l\u1edbn, trung b\u00ecnh, nh\u1ecf, v.v. m\u1ed9t c\u00e1ch hi\u1ec7u qu\u1ea3 v\u00e0 ch\u00ednh x\u00e1c.\u00a0<\/p>    <h3 class=\"wp-block-heading\">M\u00e1y ph\u00e2n lo\u1ea1i m\u00e0u g\u1ea1o<\/h3>    <p>M\u00e1y ph\u00e2n lo\u1ea1i m\u00e0u g\u1ea1o \u0111\u1ec3 lo\u1ea1i b\u1ecf g\u1ea1o k\u00e9m ch\u1ea5t l\u01b0\u1ee3ng, tr\u1eafng \u0111\u1ee5c, v\u00f4i h\u00f3a, v\u00e0 t\u1ea1p ch\u1ea5t. C\u00f3 t\u00edn hi\u1ec7u CCD khi ki\u1ec3m tra phai m\u00e0u. N\u1ebfu ph\u00e1t hi\u1ec7n g\u1ea1o k\u00e9m ch\u1ea5t l\u01b0\u1ee3ng ho\u1eb7c t\u1ea1p ch\u1ea5t trong nguy\u00ean li\u1ec7u, b\u1ed9 th\u1ed5i kh\u00ed s\u1ebd th\u1ed5i ra c\u00e1c s\u1ea3n ph\u1ea9m k\u00e9m ch\u1ea5t l\u01b0\u1ee3ng trong ph\u1ec5u.\u00a0<\/p>    <h3 class=\"wp-block-heading\">M\u00e1y \u0111\u00f3ng g\u00f3i g\u1ea1o<\/h3>    <p class=\"translation-block\">M\u00e1y c\u00e2n v\u00e0 \u0111\u00f3ng g\u00f3i g\u1ea1o t\u1ef1 \u0111\u1ed9ng \u0111\u1ecbnh l\u01b0\u1ee3ng n\u00e0y  g\u1ed3m h\u1ed9p ch\u1ee9a nguy\u00ean li\u1ec7u, c\u00e2n \u0111\u00f3ng g\u00f3i, m\u00e1y kh\u00e2u, v\u00e0 b\u0103ng chuy\u1ec1n. C\u00f3 th\u1ec3 s\u1eed d\u1ee5ng v\u1edbi t\u1ea5t c\u1ea3 c\u00e1c m\u1eabu d\u00e2y chuy\u1ec1n s\u1ea3n xu\u1ea5t m\u00e1y xay g\u1ea1o, v\u00e0 c\u00f4ng su\u1ea5t \u0111\u00f3ng g\u00f3i c\u00f3 th\u1ec3 ch\u1ecdn t\u1eeb 5-50kg m\u1ed7i t\u00fai theo nhu c\u1ea7u.\u00a0<\/p>    <h2 class=\"wp-block-heading\">C\u00e1c nh\u00e0 m\u00e1y xay g\u1ea1o li\u00ean quan<\/h2>    <div class=\"wp-block-columns is-layout-flex wp-container-core-columns-is-layout-9d6595d7 wp-block-columns-is-layout-flex\"> <div class=\"wp-block-column is-layout-flow wp-block-column-is-layout-flow\"> <figure class=\"wp-block-gallery has-nested-images columns-default is-cropped wp-block-gallery-2 is-layout-flex wp-block-gallery-is-layout-flex\"> <figure class=\"wp-block-image size-full\"><a href=\"https:\/\/cnricemill.com\/vi\/product\/15t-d-rice-mill-plant\/\"><img loading=\"lazy\" decoding=\"async\" width=\"720\" height=\"540\" data-id=\"92\" src=\"https:\/\/cnricemill.com\/wp-content\/uploads\/2022\/08\/15td-rice-mill-plant.jpg\" alt=\"D\u00e2y chuy\u1ec1n xay x\u00e1t g\u1ea1o 15 t\u1ea5n\" class=\"wp-image-92\"\/><\/a><figcaption>D\u00e2y chuy\u1ec1n xay x\u00e1t g\u1ea1o 15 t\u1ea5n<\/figcaption><\/figure> <\/figure> <\/div>    <div class=\"wp-block-column is-layout-flow wp-block-column-is-layout-flow\"> <figure class=\"wp-block-gallery has-nested-images columns-default is-cropped wp-block-gallery-3 is-layout-flex wp-block-gallery-is-layout-flex\"> <figure class=\"wp-block-image size-full\"><a href=\"https:\/\/cnricemill.com\/vi\/product\/60td-rice-mill-plant\/\"><img loading=\"lazy\" decoding=\"async\" width=\"720\" height=\"540\" data-id=\"83\" src=\"https:\/\/cnricemill.com\/wp-content\/uploads\/2022\/08\/60td-rice-milling-line.jpg\" alt=\"D\u00e2y chuy\u1ec1n xay x\u00e1t g\u1ea1o 60 t\u1ea5n\/ng\u00e0y\" class=\"wp-image-83\"\/><\/a><figcaption>D\u00e2y chuy\u1ec1n xay x\u00e1t g\u1ea1o 60 t\u1ea5n\/ng\u00e0y<\/figcaption><\/figure> <\/figure> <\/div> <\/div>","protected":false},"excerpt":{"rendered":"<p>38t\/d rice mill plant is used for medium processing demands of rice milling. This rice processing line can produce 38 ton of finished rice each day. It is quite suitable for farm owners and rice factories with good performance and high efficiency. The 38ton\/day rice mill plant can automatically complete the whole rice process, including [&hellip;]<\/p>\n","protected":false},"author":1,"featured_media":95,"parent":0,"template":"","tags":[12,15],"product-type":[5],"class_list":["post-93","product","type-product","status-publish","has-post-thumbnail","hentry","tag-rice-mill-plant","tag-rice-milling","product-type-rice-mill-plant"],"_links":{"self":[{"href":"https:\/\/cnricemill.com\/vi\/wp-json\/wp\/v2\/product\/93","targetHints":{"allow":["GET"]}}],"collection":[{"href":"https:\/\/cnricemill.com\/vi\/wp-json\/wp\/v2\/product"}],"about":[{"href":"https:\/\/cnricemill.com\/vi\/wp-json\/wp\/v2\/types\/product"}],"author":[{"embeddable":true,"href":"https:\/\/cnricemill.com\/vi\/wp-json\/wp\/v2\/users\/1"}],"wp:featuredmedia":[{"embeddable":true,"href":"https:\/\/cnricemill.com\/vi\/wp-json\/wp\/v2\/media\/95"}],"wp:attachment":[{"href":"https:\/\/cnricemill.com\/vi\/wp-json\/wp\/v2\/media?parent=93"}],"wp:term":[{"taxonomy":"post_tag","embeddable":true,"href":"https:\/\/cnricemill.com\/vi\/wp-json\/wp\/v2\/tags?post=93"},{"taxonomy":"product-type","embeddable":true,"href":"https:\/\/cnricemill.com\/vi\/wp-json\/wp\/v2\/product-type?post=93"}],"curies":[{"name":"wp","href":"https:\/\/api.w.org\/{rel}","templated":true}]}}