{"id":91,"date":"2022-08-15T08:42:28","date_gmt":"2022-08-15T00:42:28","guid":{"rendered":"https:\/\/cnricemill.com\/?post_type=product&#038;p=91"},"modified":"2024-12-23T11:33:49","modified_gmt":"2024-12-23T03:33:49","slug":"15t-d-rice-mill-plant","status":"publish","type":"product","link":"https:\/\/cnricemill.com\/vi\/product\/15t-d-rice-mill-plant\/","title":{"rendered":"Nh\u00e0 m\u00e1y xay g\u1ea1o 15T\/D"},"content":{"rendered":"<p class=\"translation-block\"><strong>Nh\u00e0 m\u00e1y xay g\u1ea1o 15T \/ D<\/strong> l\u00e0 m\u1ed9t d\u00e2y chuy\u1ec1n ch\u1ebf bi\u1ebfn g\u1ea1o nh\u1ecf. N\u00f3 c\u00f3 th\u1ec3 s\u1ea3n xu\u1ea5t 800-1000 kg g\u1ea1o th\u00e0nh ph\u1ea9m m\u1ed7i gi\u1edd, r\u1ea5t ph\u00f9 h\u1ee3p cho c\u00e1c nh\u00e0 m\u00e1y ch\u1ebf bi\u1ebfn g\u1ea1o nh\u1ecf. Nh\u00e0 m\u00e1y xay g\u1ea1o ti\u00eau chu\u1ea9n 15T \/ D bao g\u1ed3m m\u00e1y l\u00e0m s\u1ea1ch g\u1ea1o k\u1ebft h\u1ee3p, m\u00e1y xay x\u00e1t g\u1ea1o, m\u00e1y t\u00e1ch l\u00faa, m\u00e1y xay g\u1ea1o v\u00e0 m\u00e1y ph\u00e2n lo\u1ea1i g\u1ea1o. N\u00f3 s\u1eed d\u1ee5ng m\u1ed9t b\u0103ng t\u1ea3i th\u00f9ng \u0111\u01b0\u1ee3c k\u1ebft n\u1ed1i v\u1edbi nhau \u0111\u1ec3 m\u00e1y xay g\u1ea1o c\u00f3 th\u1ec3 ho\u1ea1t \u0111\u1ed9ng li\u00ean t\u1ee5c. D\u00e2y chuy\u1ec1n xay g\u1ea1o t\u1ef1 \u0111\u1ed9ng n\u00e0y c\u00f3 c\u00e1c \u0111\u1eb7c \u0111i\u1ec3m c\u1ee7a c\u1ea5u tr\u00fac h\u1ee3p l\u00fd, hi\u1ec7u su\u1ea5t \u1ed5n \u0111\u1ecbnh v\u00e0 hi\u1ec7u qu\u1ea3 cao. Ngo\u00e0i nh\u00e0 m\u00e1y xay g\u1ea1o 15 t\u1ea5n\/ng\u00e0y, c\u00f2n c\u00f3 nh\u00e0 m\u00e1y xay g\u1ea1o 20 t\u1ea5n\/ng\u00e0y, 25 t\u1ea5n\/ng\u00e0y, <a href=\"https:\/\/cnricemill.com\/vi\/product\/38t-d-rice-mill-plant\/\">nh\u00e0 m\u00e1y xay g\u1ea1o 38 t\u1ea5n\/ng\u00e0y<\/a>, <a href=\"https:\/\/cnricemill.com\/vi\/product\/60td-rice-mill-plant\/\">nh\u00e0 m\u00e1y xay g\u1ea1o 60 t\u1ea5n\/ng\u00e0y<\/a>, v.v. L\u00e0 nh\u00e0 s\u1ea3n xu\u1ea5t d\u00e2y chuy\u1ec1n ch\u1ebf bi\u1ebfn g\u1ea1o h\u00e0ng \u0111\u1ea7u, ch\u00fang t\u00f4i cung c\u1ea5p d\u1ecbch v\u1ee5 t\u00f9y ch\u1ec9nh m\u1ea1nh m\u1ebd \u0111\u1ec3 \u0111\u00e1p \u1ee9ng y\u00eau c\u1ea7u c\u1ee5 th\u1ec3 c\u1ee7a b\u1ea1n.<\/p>    <h2 class=\"wp-block-heading\"><strong>Video ho\u1ea1t \u0111\u1ed9ng c\u1ee7a m\u00e1y xay g\u1ea1o<\/strong><\/h2>    <p>M\u1eb7c d\u00f9 \u0111\u00e2y l\u00e0 video v\u1ec1 d\u00e2y chuy\u1ec1n xay x\u00e1t g\u1ea1o 20TPD, c\u00e1ch b\u1ed1 tr\u00ed v\u1eabn gi\u1ed1ng nhau, ch\u1ec9 kh\u00e1c v\u1ec1 c\u00f4ng su\u1ea5t c\u1ee7a m\u00e1y.<\/p>    <figure class=\"wp-block-embed is-type-video is-provider-youtube wp-block-embed-youtube wp-embed-aspect-16-9 wp-has-aspect-ratio\"><div class=\"wp-block-embed__wrapper\"> <iframe loading=\"lazy\" title=\"Tr\u1ea3i nghi\u1ec7m \u0111\u1ed9 ch\u00ednh x\u00e1c: \u0110\u01a1n v\u1ecb xay x\u00e1t g\u1ea1o 20TPD trong ho\u1ea1t \u0111\u1ed9ng! \ud83c\udf3e\u2728 M\u00e1y xay g\u1ea1o t\u1ef1 \u0111\u1ed9ng ho\u00e0n to\u00e0n \u0111\u1ec3 b\u00e1n\" width=\"500\" height=\"281\" src=\"https:\/\/www.youtube.com\/embed\/ze92Vr4oMWc?feature=oembed\" frameborder=\"0\" allow=\"accelerometer; autoplay; clipboard-write; encrypted-media; gyroscope; picture-in-picture; web-share\" referrerpolicy=\"strict-origin-when-cross-origin\" allowfullscreen><\/iframe> <\/div><\/figure>    <h2 class=\"wp-block-heading\">\u0110\u1eb7c \u0111i\u1ec3m c\u1ee7a nh\u00e0 m\u00e1y xay g\u1ea1o 15t\/d<\/h2>    <ol class=\"wp-block-list\"> <li>C\u1ea5u tr\u00fac \u0111\u01a1n gi\u1ea3n v\u00e0 \u0111\u1eb9p m\u1eaft, ti\u00eau th\u1ee5 n\u0103ng l\u01b0\u1ee3ng th\u1ea5p. D\u1ec5 v\u1eadn h\u00e0nh v\u00e0 b\u1ea3o tr\u00ec, v\u00e0 vi\u1ec7c th\u00e1o l\u1eafp t\u1ea5t c\u1ea3 thi\u1ebft b\u1ecb r\u1ea5t thu\u1eadn ti\u1ec7n.<\/li>    <li>Hi\u1ec7u qu\u1ea3 l\u00e0m s\u1ea1ch t\u1ed1t, lo\u1ea1i b\u1ecf \u0111\u00e1, s\u1eaft, b\u1ee5i, r\u01a1m r\u1ea1 v\u00e0 c\u00e1c t\u1ea1p ch\u1ea5t kh\u00e1c kh\u1ecfi c\u00e1c h\u1ea1t.<\/li>    <li>T\u1ed1c \u0111\u1ed9 xay x\u00e1t nhanh, v\u1edbi s\u1ea3n l\u01b0\u1ee3ng h\u00e0ng ng\u00e0y kho\u1ea3ng 15 t\u1ea5n cho b\u1ed9 thi\u1ebft b\u1ecb ho\u00e0n ch\u1ec9nh.<\/li>    <li>D\u1ec5 v\u1eadn h\u00e0nh, ch\u1ec9 c\u1ea7n 1-2 ng\u01b0\u1eddi v\u1eadn h\u00e0nh nh\u00e0 m\u00e1y xay g\u1ea1o n\u00e0y (m\u1ed9t ng\u01b0\u1eddi \u0111\u1ec3 t\u1ea3i g\u1ea1o th\u00f4 v\u00e0 ng\u01b0\u1eddi c\u00f2n l\u1ea1i \u0111\u1ec3 t\u1ea3i g\u1ea1o th\u00e0nh ph\u1ea9m).<\/li>    <li>V\u1eadn h\u00e0nh t\u1ef1 \u0111\u1ed9ng t\u1eeb \u0111\u1ea7u v\u00e0o l\u00faa \u0111\u1ebfn g\u1ea1o tr\u1eafng th\u00e0nh ph\u1ea9m.<\/li>    <li>Ph\u1ea7n xay x\u00e1t g\u1ea1o c\u1ee7a thi\u1ebft b\u1ecb \u00e1p d\u1ee5ng c\u00f4ng ngh\u1ec7 xay x\u00e1t g\u1ea1o \u00e2m, v\u1edbi nhi\u1ec7t \u0111\u1ed9 g\u1ea1o th\u1ea5p, kh\u00f4ng c\u00f2n v\u1ecf tr\u1ea5u, t\u1ef7 l\u1ec7 g\u1ea1o b\u1ecb v\u1ee1 th\u1ea5p.<\/li>    <li>C\u00f4ng ngh\u1ec7 ch\u1ebf bi\u1ebfn c\u1ee7a ch\u00fang t\u00f4i: c\u1eaft quang quang, u\u1ed1n CNC, d\u1ee5ng c\u1ee5 m\u00e1y CNC, quy tr\u00ecnh phun s\u01a1n, s\u01a1n phun cao c\u1ea5p, v.v.<\/li>    <li>Ch\u00fang t\u00f4i cung c\u1ea5p d\u1ecbch v\u1ee5 t\u00f9y ch\u1ec9nh m\u1ea1nh m\u1ebd \u0111\u1ec3 \u0111\u00e1p \u1ee9ng nhu c\u1ea7u \u0111\u1eb7c bi\u1ec7t c\u1ee7a b\u1ea1n.<\/li> <\/ol>    <div class=\"wp-block-columns is-layout-flex wp-container-core-columns-is-layout-9d6595d7 wp-block-columns-is-layout-flex\"> <div class=\"wp-block-column is-layout-flow wp-block-column-is-layout-flow\"> <figure class=\"wp-block-image size-full\"><img loading=\"lazy\" decoding=\"async\" width=\"720\" height=\"540\" src=\"https:\/\/cnricemill.com\/wp-content\/uploads\/2022\/08\/modern-15ton-rice-processing-line.jpg\" alt=\"D\u00e2y chuy\u1ec1n ch\u1ebf bi\u1ebfn g\u1ea1o 15 t\u1ea5n hi\u1ec7n \u0111\u1ea1i\" class=\"wp-image-108\"\/><figcaption class=\"wp-element-caption\">D\u00e2y chuy\u1ec1n ch\u1ebf bi\u1ebfn g\u1ea1o 15 t\u1ea5n hi\u1ec7n \u0111\u1ea1i<\/figcaption><\/figure> <\/div>    <div class=\"wp-block-column is-layout-flow wp-block-column-is-layout-flow\"> <figure class=\"wp-block-image size-full\"><img loading=\"lazy\" decoding=\"async\" width=\"720\" height=\"540\" src=\"https:\/\/cnricemill.com\/wp-content\/uploads\/2022\/08\/15-ton-rice-mill-plant.jpg\" alt=\"Nh\u00e0 m\u00e1y xay g\u1ea1o 15 t\u1ea5n\" class=\"wp-image-109\"\/><figcaption class=\"wp-element-caption\">Nh\u00e0 m\u00e1y xay g\u1ea1o 15 t\u1ea5n<\/figcaption><\/figure> <\/div> <\/div>    <h2 class=\"wp-block-heading\">Th\u00f4ng s\u1ed1 k\u1ef9 thu\u1eadt c\u1ee7a nh\u00e0 m\u00e1y xay g\u1ea1o 15t\/d Taizy<\/h2>    <figure class=\"wp-block-table\"><table><tbody><tr><td>M\u1eabu m\u00e3<\/td><td>C\u00f4ng su\u1ea5t (t\/h)<\/td><td>C\u00f4ng su\u1ea5t (kW)<\/td><td>K\u00edch th\u01b0\u1edbc (L*W*H)<\/td><\/tr><tr><td>MNMS15B<\/td><td>0.8-1.25<\/td><td>18.5-22<\/td><td>1090*580*1420<\/td><\/tr><tr><td>MNMS18<\/td><td>2-3<\/td><td>22-30<\/td><td>1245*650*1660<\/td><\/tr><tr><td>MNMS25<\/td><td>3.5-4.5<\/td><td>37-45<\/td><td>1350*750*1800<\/td><\/tr><\/tbody><\/table><\/figure>    <h2 class=\"wp-block-heading\">Chi ti\u1ebft c\u1ea5u tr\u00fac c\u1ee7a nh\u00e0 m\u00e1y xay g\u1ea1o 15 t\u1ea5n\/ng\u00e0y \u0111\u1ec3 b\u00e1n <\/h2>    <figure class=\"wp-block-image size-full\"><img loading=\"lazy\" decoding=\"async\" width=\"720\" height=\"540\" src=\"https:\/\/cnricemill.com\/wp-content\/uploads\/2022\/08\/15td-rice-milling-plant-structure.jpg\" alt=\"C\u1ea5u tr\u00fac nh\u00e0 m\u00e1y xay g\u1ea1o 15 t\u1ea5n\/ng\u00e0y\" class=\"wp-image-106\"\/><figcaption class=\"wp-element-caption\">C\u1ea5u tr\u00fac nh\u00e0 m\u00e1y xay g\u1ea1o 15 t\u1ea5n\/ng\u00e0y<\/figcaption><\/figure>    <h3 class=\"wp-block-heading\">M\u00e1y l\u00e0m s\u1ea1ch l\u00faa<\/h3>    <p>Thi\u1ebft k\u1ebf k\u1ebft h\u1ee3p l\u00e0m s\u1ea1ch v\u00e0 lo\u1ea1i b\u1ecf \u0111\u00e1, hi\u1ec7u qu\u1ea3 s\u1eed d\u1ee5ng cao h\u01a1n nhi\u1ec1u so v\u1edbi thi\u1ebft k\u1ebf m\u1ed9t ph\u1ea7n truy\u1ec1n th\u1ed1ng. Thi\u1ebft k\u1ebf l\u01b0u l\u01b0\u1ee3ng kh\u00ed l\u1edbn, hi\u1ec7u qu\u1ea3 lo\u1ea1i b\u1ecf \u0111\u00e1 xu\u1ea5t s\u1eafc, k\u1ebft h\u1ee3p v\u1edbi c\u1ea5u h\u00ecnh \u1ed5n \u0111\u1ecbnh gi\u1ea3m ch\u1ea5n rung cao, chuy\u1ec3n \u0111\u1ed9ng m\u01b0\u1ee3t m\u00e0, ch\u1eafc ch\u1eafn, \u0111\u00e1ng tin c\u1eady c\u1ee7a th\u00e2n m\u00e1y, rung \u0111\u1ed9ng th\u1ea5p, ti\u1ebfng \u1ed3n th\u1ea5p v\u00e0 \u00edt b\u1ee5i.<\/p>    <h3 class=\"wp-block-heading\">M\u00e1y xay x\u00e1t g\u1ea1o<\/h3>    <p>Trang b\u1ecb qu\u1ea1t m\u1ea1nh \u0111\u1ed9c l\u1eadp \u0111\u1ec3 l\u00e0m s\u1ea1ch v\u1ecf tr\u1ea5u k\u1ef9 h\u01a1n, l\u00e0m s\u1ea1ch h\u1ea1t g\u1ea1o h\u01a1n v\u00e0 n\u00e2ng cao \u0111\u1ed9 b\u00f3ng c\u1ee7a h\u1ea1t g\u1ea1o.<\/p>    <h3 class=\"wp-block-heading\">M\u00e1y t\u00e1ch v\u1ecf l\u00faa tr\u1ecdng l\u1ef1c<\/h3>    <p class=\"translation-block\"><a href=\"https:\/\/cnricemill.com\/vi\/product\/paddy-separator\/\">M\u00e1y t\u00e1ch g\u1ea1o tr\u1ecdng l\u1ef1c<\/a> \u0111\u01b0\u1ee3c thi\u1ebft k\u1ebf v\u1edbi b\u1ec1 m\u1eb7t m\u00e0n h\u00ecnh l\u1edbn, c\u00f3 nh\u1eefng l\u1ee3i th\u1ebf v\u01b0\u1ee3t tr\u1ed9i nh\u01b0 t\u1ed1c \u0111\u1ed9 ph\u00e2n lo\u1ea1i nhanh v\u00e0 ph\u00e2n ph\u1ed1i \u0111\u1ed3ng \u0111\u1ec1u.<\/p>    <h3 class=\"wp-block-heading\">M\u00e1y xay x\u00e1t g\u1ea1o \u1ed3n th\u1ea5p<\/h3>    <p>Tu\u1ed5i th\u1ecd cao c\u1ee7a con l\u0103n cao su: kh\u00f4ng c\u00f3 h\u1ed9p s\u1ed1, ti\u1ebfng \u1ed3n th\u1ea5p, hi\u1ec7u su\u1ea5t \u1ed5n \u0111\u1ecbnh.&nbsp;<\/p>    <h3 class=\"wp-block-heading\">Thang n\u00e2ng g\u1ea1o \u0111\u1ed9c l\u1eadp<\/h3>    <p>M\u1ed7i thang n\u00e2ng g\u1ea1o c\u1ee7a nh\u00e0 m\u00e1y xay g\u1ea1o \u0111\u1ec1u \u0111\u1ed9c l\u1eadp, v\u00e0 m\u1ed7i thang n\u00e2ng g\u1ea1o c\u00f3 m\u1ed9t b\u1ed9 motor t\u00e1ch ri\u00eang \u0111\u1ec3 t\u0103ng c\u01b0\u1eddng c\u00f4ng su\u1ea5t, t\u0103ng s\u1ea3n l\u01b0\u1ee3ng v\u00e0 d\u1ec5 b\u1ea3o tr\u00ec.<\/p>    <figure class=\"wp-block-image size-full\"><img loading=\"lazy\" decoding=\"async\" width=\"720\" height=\"540\" src=\"https:\/\/cnricemill.com\/wp-content\/uploads\/2022\/08\/rice-mill-plant-ready-to-ship-1.jpg\" alt=\"Nh\u00e0 m\u00e1y xay x\u00e1t g\u1ea1o \u0111\u00e3 s\u1eb5n s\u00e0ng \u0111\u1ec3 v\u1eadn chuy\u1ec3n\" class=\"wp-image-112\"\/><figcaption class=\"wp-element-caption\">Nh\u00e0 m\u00e1y xay x\u00e1t g\u1ea1o \u0111\u00e3 s\u1eb5n s\u00e0ng \u0111\u1ec3 v\u1eadn chuy\u1ec3n<\/figcaption><\/figure>    <h2 class=\"wp-block-heading\">Quy tr\u00ecnh l\u00e0m vi\u1ec7c c\u1ee7a nh\u00e0 m\u00e1y xay g\u1ea1o <\/h2>    <p class=\"translation-block\">Nh\u00e0 m\u00e1y xay g\u1ea1o 15t\/d \u0111\u01b0\u1ee3c \u00e1p d\u1ee5ng \u0111\u1ec3 ch\u1ebf bi\u1ebfn l\u00faa th\u00e0nh g\u1ea1o \u0111\u1ea1t ti\u00eau chu\u1ea9n qu\u1ed1c t\u1ebf theo s\u01a1 \u0111\u1ed3 quy tr\u00ecnh sau: <strong>c\u1ea5p nguy\u00ean li\u1ec7u l\u00faa \u2192 l\u00e0m s\u1ea1ch l\u00faa \u2192 xay v\u1ecf tr\u1ea5u \u2192 xay g\u1ea1o \u2192 l\u00e0m tr\u1eafng g\u1ea1o \u2192 <a href=\"https:\/\/cnricemill.com\/vi\/product\/rice-packing-machine\/\">\u0111\u00f3ng g\u00f3i g\u1ea1o<\/a><\/strong>.<\/p>    <h2 class=\"wp-block-heading\">M\u00e1y li\u00ean quan<\/h2>    <div class=\"wp-block-columns is-layout-flex wp-container-core-columns-is-layout-9d6595d7 wp-block-columns-is-layout-flex\"> <div class=\"wp-block-column is-layout-flow wp-block-column-is-layout-flow\"> <figure class=\"wp-block-image size-full\"><a href=\"https:\/\/cnricemill.com\/vi\/product\/38t-d-rice-mill-plant\/\"><img loading=\"lazy\" decoding=\"async\" width=\"720\" height=\"540\" src=\"https:\/\/cnricemill.com\/wp-content\/uploads\/2022\/08\/38td-rice-mill-plant.jpg\" alt=\"Nh\u00e0 m\u00e1y xay g\u1ea1o 38 t\u1ea5n\" class=\"wp-image-95\"\/><\/a><figcaption class=\"wp-element-caption\">Nh\u00e0 m\u00e1y xay g\u1ea1o 38 t\u1ea5n<\/figcaption><\/figure> <\/div>    <div class=\"wp-block-column is-layout-flow wp-block-column-is-layout-flow\"> <figure class=\"wp-block-image size-full\"><a href=\"https:\/\/cnricemill.com\/vi\/product\/60td-rice-mill-plant\/\"><img loading=\"lazy\" decoding=\"async\" width=\"720\" height=\"540\" src=\"https:\/\/cnricemill.com\/wp-content\/uploads\/2022\/08\/60td-rice-mill-plant.jpg\" alt=\"Nh\u00e0 m\u00e1y xay g\u1ea1o 60 t\u1ea5n\" class=\"wp-image-75\"\/><\/a><figcaption class=\"wp-element-caption\">Nh\u00e0 m\u00e1y xay g\u1ea1o 60 t\u1ea5n<\/figcaption><\/figure> <\/div> <\/div>","protected":false},"excerpt":{"rendered":"<p>15T\/D rice mill plant is a small rice processing line. It can produce 800-1000 kg of finished rice each hour, which is very suitable for small rice processing factories. 15T\/D standard rice mill plant contains a combined rice cleaning machine, rice huller machine, paddy separator, rice mill machine, and rice grader. It uses a bucket [&hellip;]<\/p>\n","protected":false},"author":1,"featured_media":92,"parent":0,"template":"","tags":[12,15],"product-type":[5],"class_list":["post-91","product","type-product","status-publish","has-post-thumbnail","hentry","tag-rice-mill-plant","tag-rice-milling","product-type-rice-mill-plant"],"_links":{"self":[{"href":"https:\/\/cnricemill.com\/vi\/wp-json\/wp\/v2\/product\/91","targetHints":{"allow":["GET"]}}],"collection":[{"href":"https:\/\/cnricemill.com\/vi\/wp-json\/wp\/v2\/product"}],"about":[{"href":"https:\/\/cnricemill.com\/vi\/wp-json\/wp\/v2\/types\/product"}],"author":[{"embeddable":true,"href":"https:\/\/cnricemill.com\/vi\/wp-json\/wp\/v2\/users\/1"}],"wp:featuredmedia":[{"embeddable":true,"href":"https:\/\/cnricemill.com\/vi\/wp-json\/wp\/v2\/media\/92"}],"wp:attachment":[{"href":"https:\/\/cnricemill.com\/vi\/wp-json\/wp\/v2\/media?parent=91"}],"wp:term":[{"taxonomy":"post_tag","embeddable":true,"href":"https:\/\/cnricemill.com\/vi\/wp-json\/wp\/v2\/tags?post=91"},{"taxonomy":"product-type","embeddable":true,"href":"https:\/\/cnricemill.com\/vi\/wp-json\/wp\/v2\/product-type?post=91"}],"curies":[{"name":"wp","href":"https:\/\/api.w.org\/{rel}","templated":true}]}}