{"id":537,"date":"2026-04-28T11:22:54","date_gmt":"2026-04-28T03:22:54","guid":{"rendered":"https:\/\/cnricemill.com\/?post_type=product&#038;p=537"},"modified":"2026-04-28T14:05:18","modified_gmt":"2026-04-28T06:05:18","slug":"compact-combined-rice-husk-milling-machine","status":"publish","type":"product","link":"https:\/\/cnricemill.com\/vi\/product\/compact-combined-rice-husk-milling-machine\/","title":{"rendered":"M\u00e1y xay x\u00e1t g\u1ea1o k\u1ebft h\u1ee3p nh\u1ecf g\u1ecdn"},"content":{"rendered":"<p class=\"translation-block\">M\u00e1y xay tr\u1ea5u g\u1ea1o  l\u00e0 m\u1ed9t h\u1ec7 th\u1ed1ng to\u00e0n di\u1ec7n, t\u00edch h\u1ee3p, k\u1ebft h\u1ee3p ch\u1ee9c n\u0103ng xay v\u1ecf v\u00e0 xay x\u00e1t, \u0111\u1eb7c bi\u1ec7t thi\u1ebft k\u1ebf \u0111\u1ec3 x\u1eed l\u00fd g\u1ea1o t\u1ebb trong m\u1ed9t l\u1ea7n duy nh\u1ea5t. Thi\u1ebft b\u1ecb bao g\u1ed3m r\u00e2y l\u00e0m s\u1ea1ch, m\u00e1y t\u00e1ch tr\u1ecdng l\u1ef1c, m\u00e1y t\u00e1ch v\u1ecf cao su, v\u00e0 m\u00e1y xay g\u1ea1o th\u00e9p, c\u00f3 kh\u1ea3 n\u0103ng x\u1eed l\u00fd t\u1eeb 400 \u0111\u1ebfn 500 kg g\u1ea1o m\u1ed7i gi\u1edd.<\/p>    <p>\u0110\u1ec3 thu\u1eadn ti\u1ec7n s\u1eed d\u1ee5ng \u1edf c\u00e1c v\u00f9ng c\u00f3 ngu\u1ed3n \u0111i\u1ec7n h\u1ea1n ch\u1ebf ho\u1eb7c kh\u00f4ng \u1ed5n \u0111\u1ecbnh, m\u00e1y \u0111\u01b0\u1ee3c thi\u1ebft k\u1ebf \u0111\u1ec3 ho\u1ea1t \u0111\u1ed9ng b\u1eb1ng diesel. K\u00edch th\u01b0\u1edbc nh\u1ecf g\u1ecdn cho ph\u00e9p ho\u1ea1t \u0111\u1ed9ng xay trong kh\u00f4ng gian h\u1ea1n ch\u1ebf, l\u00e0 l\u1ef1a ch\u1ecdn h\u00e0ng \u0111\u1ea7u cho c\u1ed9ng \u0111\u1ed3ng nh\u1ecf v\u00e0 c\u00e1c nh\u00e0 v\u1eadn h\u00e0nh \u0111\u1ed9c l\u1eadp.<\/p>    <figure class=\"wp-block-embed aligncenter is-type-video is-provider-youtube wp-block-embed-youtube wp-embed-aspect-16-9 wp-has-aspect-ratio\"><div class=\"wp-block-embed__wrapper\"> <iframe loading=\"lazy\" title=\"Rice Husk Milling Machine | Complete Paddy Cleaning, Husking &amp; Rice Milling Process in One Machine\" width=\"500\" height=\"281\" src=\"https:\/\/www.youtube.com\/embed\/jSUqGCPipvs?feature=oembed\" frameborder=\"0\" allow=\"accelerometer; autoplay; clipboard-write; encrypted-media; gyroscope; picture-in-picture; web-share\" referrerpolicy=\"strict-origin-when-cross-origin\" allowfullscreen><\/iframe> <\/div><figcaption class=\"wp-element-caption\">Video ho\u1ea1t \u0111\u1ed9ng c\u1ee7a m\u00e1y xay g\u1ea1o<\/figcaption><\/figure>    <h2 class=\"wp-block-heading\"><strong>M\u00e1y xay g\u1ea1o k\u1ebft h\u1ee3p l\u00e0 g\u00ec?<\/strong><\/h2>    <p>M\u00e1y xay tr\u1ea5u g\u1ea1o k\u1ebft h\u1ee3p l\u00e0 h\u1ec7 th\u1ed1ng x\u1eed l\u00fd g\u1ea1o t\u00edch h\u1ee3p, h\u1ee3p nh\u1ea5t nhi\u1ec1u giai \u0111o\u1ea1n c\u1ee7a qu\u00e1 tr\u00ecnh s\u1ea3n xu\u1ea5t g\u1ea1o th\u00e0nh m\u1ed9t thi\u1ebft b\u1ecb hi\u1ec7u qu\u1ea3 cao. Kh\u00e1c v\u1edbi m\u00e1y xay g\u1ea1o c\u01a1 b\u1ea3n, thi\u1ebft b\u1ecb n\u00e0y c\u00f3 kh\u1ea3 n\u0103ng th\u1ef1c hi\u1ec7n c\u00e1c thao t\u00e1c sau:<\/p>    <ul class=\"wp-block-list\"> <li>L\u00e0m s\u1ea1ch g\u1ea1o<\/li>    <li>Lo\u1ea1i b\u1ecf t\u1ea1p ch\u1ea5t<\/li>    <li>Ph\u00e2n lo\u1ea1i \u0111\u00e1<\/li>    <li>T\u00e1ch v\u1ecf (lo\u1ea1i b\u1ecf v\u1ecf tr\u1ea5u)<\/li>    <li>Ph\u00e2n lo\u1ea1i g\u1ea1o l\u1ee9t<\/li>    <li>L\u00e0m tr\u1eafng\/\u0110\u00e1nh b\u00f3ng<\/li>    <li>Ph\u00e2n lo\u1ea1i c\u00e1m<\/li> <\/ul>    <p>Thi\u1ebft k\u1ebf \u0111\u1eb7c bi\u1ec7t cho x\u1eed l\u00fd g\u1ea1o, bi\u1ebfn g\u1ea1o ch\u01b0a qua x\u1eed l\u00fd th\u00e0nh g\u1ea1o tr\u1eafng b\u00f3ng ch\u1ea5t l\u01b0\u1ee3ng cao qua m\u1ed9t quy tr\u00ecnh v\u1eadn h\u00e0nh li\u1ec1n m\u1ea1ch.<\/p>    <p>Thi\u1ebft b\u1ecb n\u00e0y \u0111\u1eb7c bi\u1ec7t h\u1eefu \u00edch trong c\u00e1c m\u00f4i tr\u01b0\u1eddng sau:<\/p>    <ul class=\"wp-block-list\"> <li>C\u1ed9ng \u0111\u1ed3ng n\u00f4ng nghi\u1ec7p n\u00f4ng th\u00f4n<\/li>    <li>V\u00f9ng c\u00f3 ngu\u1ed3n \u0111i\u1ec7n h\u1ea1n ch\u1ebf<\/li>    <li>D\u1ecbch v\u1ee5 xay g\u1ea1o di \u0111\u1ed9ng<\/li>    <li>C\u00e1c nh\u00e0 m\u00e1y x\u1eed l\u00fd g\u1ea1o nh\u1ecf \u0111\u1ebfn v\u1eeba<\/li>    <li>H\u1ee3p t\u00e1c x\u00e3 n\u00f4ng nghi\u1ec7p<\/li> <\/ul>   <div class=\"wp-block-image\"> <figure class=\"aligncenter size-full\"><img loading=\"lazy\" decoding=\"async\" width=\"720\" height=\"540\" src=\"https:\/\/cnricemill.com\/wp-content\/uploads\/2026\/04\/automatic-rice-milling-machine.webp\" alt=\"m\u00e1y xay x\u00e1t g\u1ea1o t\u1ef1 \u0111\u1ed9ng\" class=\"wp-image-547\" srcset=\"https:\/\/cnricemill.com\/wp-content\/uploads\/2026\/04\/automatic-rice-milling-machine.webp 720w, https:\/\/cnricemill.com\/wp-content\/uploads\/2026\/04\/automatic-rice-milling-machine-300x225.webp 300w, https:\/\/cnricemill.com\/wp-content\/uploads\/2026\/04\/automatic-rice-milling-machine-16x12.webp 16w\" sizes=\"auto, (max-width: 720px) 100vw, 720px\" \/><figcaption class=\"wp-element-caption\">m\u00e1y xay x\u00e1t g\u1ea1o t\u1ef1 \u0111\u1ed9ng<\/figcaption><\/figure> <\/div>   <h2 class=\"wp-block-heading\"><strong>C\u00e1c l\u1ee3i \u00edch ch\u00ednh c\u1ee7a m\u00e1y xay v\u1ecf v\u00e0 xay g\u1ea1o n\u00e0y<\/strong><\/h2>    <ol class=\"wp-block-list\"> <li><strong>T\u00edch h\u1ee3p cao:<\/strong> M\u1ed9t \u0111\u01a1n v\u1ecb c\u00f3 kh\u1ea3 n\u0103ng ho\u00e0n th\u00e0nh to\u00e0n b\u1ed9 quy tr\u00ecnh ch\u1ebf bi\u1ebfn g\u1ea1o.<\/li>    <li><strong>T\u00f9y ch\u1ecdn ngu\u1ed3n n\u0103ng l\u01b0\u1ee3ng \u0111a d\u1ea1ng:<\/strong> Cung c\u1ea5p h\u1ec7 th\u1ed1ng n\u0103ng l\u01b0\u1ee3ng hai l\u1ef1a ch\u1ecdn, h\u1ed7 tr\u1ee3 c\u1ea3 diesel v\u00e0 \u0111i\u1ec7n.<\/li>    <li><strong>L\u00fd t\u01b0\u1edfng cho n\u00f4ng nghi\u1ec7p ngo\u00e0i l\u01b0\u1edbi:<\/strong> Ho\u00e0n to\u00e0n ph\u00f9 h\u1ee3p \u0111\u1ec3 s\u1eed d\u1ee5ng \u1edf c\u00e1c khu v\u1ef1c xa x\u00f4i v\u00e0 l\u00e0 m\u1ed9t l\u1ef1a ch\u1ecdn tuy\u1ec7t v\u1eddi cho c\u00e1c c\u00f4ng ty kh\u1edfi nghi\u1ec7p.<\/li>    <li><strong>L\u1ee3i nhu\u1eadn th\u01b0\u01a1ng m\u1ea1i cao:<\/strong> Thi\u1ebft b\u1ecb c\u00f3 t\u1ef7 l\u1ec7 g\u1ea1o b\u1ecb v\u1ee1 d\u01b0\u1edbi 4%, t\u1eeb \u0111\u00f3 t\u1ed1i \u0111a h\u00f3a gi\u00e1 tr\u1ecb th\u01b0\u01a1ng m\u1ea1i c\u1ee7a v\u1ee5 m\u00f9a g\u1ea1o.<\/li>    <li><strong>Thi\u1ebft k\u1ebf nh\u1ecf g\u1ecdn:<\/strong> Kh\u00f4ng ch\u1ec9 ti\u1ebft ki\u1ec7m kh\u00f4ng gian v\u00e0 d\u1ec5 v\u1eadn chuy\u1ec3n, m\u00e0 c\u00f2n \u0111\u1ea3m b\u1ea3o l\u1eafp \u0111\u1eb7t \u0111\u01a1n gi\u1ea3n v\u00e0 b\u1ea3o tr\u00ec d\u1ec5 d\u00e0ng.<\/li> <\/ol>    <h2 class=\"wp-block-heading\"><strong>Th\u00f4ng s\u1ed1 k\u1ef9 thu\u1eadt c\u1ee7a m\u00e1y xay tr\u1ea5u g\u1ea1o 6LN-15\/8.5SR<\/strong><\/h2>    <figure class=\"wp-block-table\"><table class=\"has-fixed-layout\"><thead><tr><th>Th\u00f4ng s\u1ed1 k\u1ef9 thu\u1eadt<\/th><th>Th\u00f4ng s\u1ed1 k\u1ef9 thu\u1eadt<\/th><\/tr><\/thead><tbody><tr><td>M\u1eabu m\u00e3<\/td><td>6LN-15\/8.5SR<\/td><\/tr><tr><td>C\u00f4ng su\u1ea5t \u0111\u1ecbnh m\u1ee9c<\/td><td>400\u2013500 kg\/h<\/td><\/tr><tr><td>C\u00f4ng su\u1ea5t \u0111\u1ed9ng c\u01a1 \u0111i\u1ec7n<\/td><td>YE2-180M-4 \/ 18.5 KW<\/td><\/tr><tr><td>C\u00f4ng su\u1ea5t \u0111\u1ed9ng c\u01a1 diesel<\/td><td>ZS1130 \/ 30 HP<\/td><\/tr><tr><td>T\u1ef7 l\u1ec7 xay g\u1ea1o<\/td><td>&gt;65%<\/td><\/tr><tr><td>T\u1ef7 l\u1ec7 g\u1ea1o v\u1ee1 nh\u1ecf<\/td><td>&lt;4%<\/td><\/tr><tr><td>K\u00edch th\u01b0\u1edbc tr\u1ee5c cao su<\/td><td>6 inch<\/td><\/tr><tr><td>K\u00edch th\u01b0\u1edbc tr\u1ee5c th\u00e9p<\/td><td>\u03c685 mm<\/td><\/tr><tr><td>Tr\u1ecdng l\u01b0\u1ee3ng t\u1ed5ng th\u1ec3<\/td><td>730 kg<\/td><\/tr><tr><td>K\u00edch th\u01b0\u1edbc m\u00e1y<\/td><td>2650\u00d71250\u00d72350 mm<\/td><\/tr><tr><td>K\u00edch th\u01b0\u1edbc \u0111\u00f3ng g\u00f3i m\u00e1y xay g\u1ea1o<\/td><td>1850\u00d71080\u00d72440 mm<\/td><\/tr><tr><td>K\u00edch th\u01b0\u1edbc \u0111\u00f3ng g\u00f3i \u0111\u1ed9ng c\u01a1 diesel<\/td><td>910\u00d7440\u00d7760 mm<\/td><\/tr><\/tbody><\/table><figcaption class=\"wp-element-caption\">Th\u00f4ng s\u1ed1 k\u1ef9 thu\u1eadt c\u1ee7a m\u00e1y xay tr\u1ea5u g\u1ea1o<\/figcaption><\/figure>    <h2 class=\"wp-block-heading\"><strong>C\u1ea5u tr\u00fac v\u00e0 ch\u1ee9c n\u0103ng c\u1ee7a m\u00e1y xay v\u1ecf v\u00e0 x\u1eed l\u00fd g\u1ea1o t\u00edch h\u1ee3p<\/strong><\/h2>    <p>Thi\u1ebft b\u1ecb ho\u00e0n ch\u1ec9nh ch\u1ee7 y\u1ebfu g\u1ed3m c\u00f3: l\u1ed1i v\u00e0o g\u1ea1o, thang m\u00e1y \u0111\u00f4i, r\u00e2y s\u00e0ng l\u00e0m s\u1ea1ch ngang, m\u00e1y t\u00e1ch tr\u1ecdng l\u1ef1c, m\u00e1y t\u00e1ch v\u1ecf cao su, m\u00e1y t\u00e1ch g\u1ea1o l\u1ee9t, v\u00e0 m\u00e1y l\u00e0m tr\u1eafng g\u1ea1o th\u00e9p. C\u00e1c ch\u1ee9c n\u0103ng t\u01b0\u01a1ng \u1ee9ng nh\u01b0 sau:<\/p>   <div class=\"wp-block-image\"> <figure class=\"aligncenter size-full\"><img loading=\"lazy\" decoding=\"async\" width=\"720\" height=\"540\" src=\"https:\/\/cnricemill.com\/wp-content\/uploads\/2026\/04\/structure-of-rice-milling-machine.webp\" alt=\"C\u1ea5u tr\u00fac c\u1ee7a m\u00e1y xay g\u1ea1o\" class=\"wp-image-539\" srcset=\"https:\/\/cnricemill.com\/wp-content\/uploads\/2026\/04\/structure-of-rice-milling-machine.webp 720w, https:\/\/cnricemill.com\/wp-content\/uploads\/2026\/04\/structure-of-rice-milling-machine-300x225.webp 300w, https:\/\/cnricemill.com\/wp-content\/uploads\/2026\/04\/structure-of-rice-milling-machine-16x12.webp 16w\" sizes=\"auto, (max-width: 720px) 100vw, 720px\" \/><figcaption class=\"wp-element-caption\">C\u1ea5u tr\u00fac c\u1ee7a m\u00e1y xay g\u1ea1o<\/figcaption><\/figure> <\/div>   <ol class=\"wp-block-list\"> <li>L\u1ed1i v\u00e0o g\u1ea1o: Trang b\u1ecb khung th\u00e9p ch\u1eafc ch\u1eafn, h\u1ed7 tr\u1ee3 v\u1eadn h\u00e0nh b\u1eb1ng t\u00fai, \u0111\u1ea3m b\u1ea3o d\u00f2ng ch\u1ea3y g\u1ea1o v\u00e0o h\u1ec7 th\u1ed1ng thu\u1eadn ti\u1ec7n v\u00e0 tr\u01a1n tru.<\/li>    <li>Thang m\u00e1y \u0111\u00f4i: Ch\u1ecbu tr\u00e1ch nhi\u1ec7m v\u1eadn chuy\u1ec3n g\u1ea1o gi\u1eefa c\u00e1c giai \u0111o\u1ea1n l\u00e0m s\u1ea1ch v\u00e0 xay v\u1ecf. M\u1ed9t h\u1ec7 th\u1ed1ng ngu\u1ed3n duy nh\u1ea5t v\u1eadn h\u00e0nh c\u1ea3 hai k\u00eanh v\u1eadn chuy\u1ec3n, \u0111\u1ea3m b\u1ea3o ho\u1ea1t \u0111\u1ed9ng c\u1ee7a m\u1ed7i k\u00eanh \u0111\u1ed9c l\u1eadp v\u00e0 kh\u00f4ng g\u00e2y \u1ea3nh h\u01b0\u1edfng l\u1eabn nhau.<\/li>    <li>R\u00e2y s\u00e0ng l\u00e0m s\u1ea1ch ngang: Lo\u1ea1i b\u1ecf c\u00e1c h\u1ea1t l\u1edbn v\u00e0 t\u1ea1p ch\u1ea5t m\u1ecbn kh\u1ecfi g\u1ea1o.<\/li>    <li>M\u00e1y t\u00e1ch \u0111\u00e1 tr\u1ecdng l\u1ef1c: S\u1eed d\u1ee5ng nguy\u00ean l\u00fd ph\u00e2n t\u00e1ch b\u1eb1ng lu\u1ed3ng kh\u00ed \u0111\u1ec3 lo\u1ea1i b\u1ecf \u0111\u00e1 v\u00e0 c\u00e1c v\u1eadt th\u1ec3 n\u1eb7ng kh\u00e1c.<\/li>    <li>M\u00e1y t\u00e1ch v\u1ecf cao su: H\u1ed7 tr\u1ee3 lo\u1ea1i b\u1ecf v\u1ecf ngo\u00e0i c\u1ee7a l\u00faa \u0111\u1ec3 t\u1ea1o ra g\u1ea1o l\u1ee9t.<\/li>    <li>M\u00e1y t\u00e1ch g\u1ea1o l\u1ee9t: Lo\u1ea1i b\u1ecf v\u1ecf (c\u00e1m) \u0111\u1ec3 n\u00e2ng cao ch\u1ea5t l\u01b0\u1ee3ng v\u00e0 hi\u1ec7u qu\u1ea3 c\u1ee7a qu\u00e1 tr\u00ecnh xay v\u1ecf.<\/li>    <li>M\u00e1y l\u00e0m tr\u1eafng g\u1ea1o th\u00e9p tr\u1ee5c: X\u1eed l\u00fd g\u1ea1o l\u1ee9t \u0111\u1ec3 lo\u1ea1i b\u1ecf l\u1edbp c\u00e1m, n\u00e2ng cao h\u00ecnh th\u1ee9c v\u00e0 ch\u1ea5t l\u01b0\u1ee3ng h\u1ea1t g\u1ea1o.<\/li> <\/ol>    <figure class=\"wp-block-gallery has-nested-images columns-default is-cropped wp-block-gallery-2 is-layout-flex wp-block-gallery-is-layout-flex\"> <figure class=\"wp-block-image size-large\"><img loading=\"lazy\" decoding=\"async\" width=\"720\" height=\"540\" data-id=\"540\" src=\"https:\/\/cnricemill.com\/wp-content\/uploads\/2026\/04\/double-elevator.webp\" alt=\"thang m\u00e1y \u0111\u00f4i\" class=\"wp-image-540\" srcset=\"https:\/\/cnricemill.com\/wp-content\/uploads\/2026\/04\/double-elevator.webp 720w, https:\/\/cnricemill.com\/wp-content\/uploads\/2026\/04\/double-elevator-300x225.webp 300w, https:\/\/cnricemill.com\/wp-content\/uploads\/2026\/04\/double-elevator-16x12.webp 16w\" sizes=\"auto, (max-width: 720px) 100vw, 720px\" \/><figcaption class=\"wp-element-caption\">thang m\u00e1y \u0111\u00f4i<\/figcaption><\/figure>    <figure class=\"wp-block-image size-full\"><img loading=\"lazy\" decoding=\"async\" width=\"720\" height=\"540\" data-id=\"546\" src=\"https:\/\/cnricemill.com\/wp-content\/uploads\/2026\/04\/horizontal-cleaning-sieve.webp\" alt=\"r\u00e2y s\u00e0ng l\u00e0m s\u1ea1ch ngang\" class=\"wp-image-546\" srcset=\"https:\/\/cnricemill.com\/wp-content\/uploads\/2026\/04\/horizontal-cleaning-sieve.webp 720w, https:\/\/cnricemill.com\/wp-content\/uploads\/2026\/04\/horizontal-cleaning-sieve-300x225.webp 300w, https:\/\/cnricemill.com\/wp-content\/uploads\/2026\/04\/horizontal-cleaning-sieve-16x12.webp 16w\" sizes=\"auto, (max-width: 720px) 100vw, 720px\" \/><figcaption class=\"wp-element-caption\">r\u00e2y s\u00e0ng l\u00e0m s\u1ea1ch ngang<\/figcaption><\/figure>    <figure class=\"wp-block-image size-large\"><img loading=\"lazy\" decoding=\"async\" width=\"720\" height=\"540\" data-id=\"541\" src=\"https:\/\/cnricemill.com\/wp-content\/uploads\/2026\/04\/gravity-destoner.webp\" alt=\"m\u00e1y t\u00e1ch tr\u1ecdng l\u1ef1c\" class=\"wp-image-541\" srcset=\"https:\/\/cnricemill.com\/wp-content\/uploads\/2026\/04\/gravity-destoner.webp 720w, https:\/\/cnricemill.com\/wp-content\/uploads\/2026\/04\/gravity-destoner-300x225.webp 300w, https:\/\/cnricemill.com\/wp-content\/uploads\/2026\/04\/gravity-destoner-16x12.webp 16w\" sizes=\"auto, (max-width: 720px) 100vw, 720px\" \/><figcaption class=\"wp-element-caption\">m\u00e1y t\u00e1ch tr\u1ecdng l\u1ef1c<\/figcaption><\/figure>    <figure class=\"wp-block-image size-large\"><img loading=\"lazy\" decoding=\"async\" width=\"720\" height=\"540\" data-id=\"542\" src=\"https:\/\/cnricemill.com\/wp-content\/uploads\/2026\/04\/paddy-separator.webp\" alt=\"m\u00e1y t\u00e1ch l\u00faa\" class=\"wp-image-542\" srcset=\"https:\/\/cnricemill.com\/wp-content\/uploads\/2026\/04\/paddy-separator.webp 720w, https:\/\/cnricemill.com\/wp-content\/uploads\/2026\/04\/paddy-separator-300x225.webp 300w, https:\/\/cnricemill.com\/wp-content\/uploads\/2026\/04\/paddy-separator-16x12.webp 16w\" sizes=\"auto, (max-width: 720px) 100vw, 720px\" \/><figcaption class=\"wp-element-caption\">m\u00e1y t\u00e1ch l\u00faa<\/figcaption><\/figure>    <figure class=\"wp-block-image size-large\"><img loading=\"lazy\" decoding=\"async\" width=\"720\" height=\"540\" data-id=\"544\" src=\"https:\/\/cnricemill.com\/wp-content\/uploads\/2026\/04\/rubber-roller-husker.webp\" alt=\"m\u00e1y t\u00e1ch v\u1ecf cao su\" class=\"wp-image-544\" srcset=\"https:\/\/cnricemill.com\/wp-content\/uploads\/2026\/04\/rubber-roller-husker.webp 720w, https:\/\/cnricemill.com\/wp-content\/uploads\/2026\/04\/rubber-roller-husker-300x225.webp 300w, https:\/\/cnricemill.com\/wp-content\/uploads\/2026\/04\/rubber-roller-husker-16x12.webp 16w\" sizes=\"auto, (max-width: 720px) 100vw, 720px\" \/><figcaption class=\"wp-element-caption\">m\u00e1y t\u00e1ch v\u1ecf cao su<\/figcaption><\/figure>    <figure class=\"wp-block-image size-large\"><img loading=\"lazy\" decoding=\"async\" width=\"720\" height=\"540\" data-id=\"545\" src=\"https:\/\/cnricemill.com\/wp-content\/uploads\/2026\/04\/steel-roller-rice-mill.webp\" alt=\"m\u00e1y xay g\u1ea1o th\u00e9p\" class=\"wp-image-545\" srcset=\"https:\/\/cnricemill.com\/wp-content\/uploads\/2026\/04\/steel-roller-rice-mill.webp 720w, https:\/\/cnricemill.com\/wp-content\/uploads\/2026\/04\/steel-roller-rice-mill-300x225.webp 300w, https:\/\/cnricemill.com\/wp-content\/uploads\/2026\/04\/steel-roller-rice-mill-16x12.webp 16w\" sizes=\"auto, (max-width: 720px) 100vw, 720px\" \/><figcaption class=\"wp-element-caption\">m\u00e1y xay g\u1ea1o th\u00e9p<\/figcaption><\/figure> <\/figure>    <h2 class=\"wp-block-heading\"><strong>M\u00e1y xay tr\u1ea5u g\u1ea1o k\u1ebft h\u1ee3p so v\u1edbi m\u00e1y xay g\u1ea1o th\u00f4ng th\u01b0\u1eddng<\/strong><\/h2>    <figure class=\"wp-block-table\"><table class=\"has-fixed-layout\"><thead><tr><th>T\u00ednh n\u0103ng<\/th><th>M\u00e1y xay tr\u1ea5u g\u1ea1o<\/th><th>M\u00e1y xay g\u1ea1o th\u00f4ng th\u01b0\u1eddng<\/th><\/tr><\/thead><tbody><tr><td>L\u00e0m s\u1ea1ch l\u00faa<\/td><td>R\u00e2y l\u00e0m s\u1ea1ch t\u00edch h\u1ee3p<\/td><td>Th\u01b0\u1eddng ri\u00eang bi\u1ec7t ho\u1eb7c kh\u00f4ng c\u00f3 s\u1eb5n<\/td><\/tr><tr><td>T\u00e1ch \u0111\u00e1<\/td><td>M\u00e1y t\u00e1ch tr\u1ecdng l\u1ef1c t\u00edch h\u1ee3p<\/td><td>Th\u01b0\u1eddng kh\u00f4ng bao g\u1ed3m<\/td><\/tr><tr><td>Hi\u1ec7u qu\u1ea3 t\u00e1ch v\u1ecf<\/td><td>&gt;85% m\u00e1y t\u00e1ch v\u1ecf cao su<\/td><td>Th\u1ea5p h\u01a1n ho\u1eb7c k\u00e9m hi\u1ec7u qu\u1ea3 h\u01a1n<\/td><\/tr><tr><td>L\u00e0m tr\u1eafng g\u1ea1o<\/td><td>L\u00e0m tr\u1eafng tr\u1ee5c th\u00e9p<\/td><td>Ch\u1ec9 xay x\u00e1t c\u01a1 b\u1ea3n<\/td><\/tr><tr><td>T\u00f9y ch\u1ecdn ngu\u1ed3n \u0111i\u1ec7n<\/td><td>Diesel   \u0110i\u1ec7n<\/td><td>Ch\u1ee7 y\u1ebfu ch\u1ec9 d\u00f9ng \u0111i\u1ec7n<\/td><\/tr><tr><td>Di \u0111\u1ed9ng<\/td><td>Cao<\/td><td>Th\u1ea5p<\/td><\/tr><tr><td>T\u1ef7 l\u1ec7 g\u1ea1o v\u1ee1<\/td><td>&lt;4%<\/td><td>Cao h\u01a1n<\/td><\/tr><tr><td>N\u0103ng su\u1ea5t<\/td><td>400\u2013500 kg\/h<\/td><td>Th\u1ea5p h\u01a1n<\/td><\/tr><tr><td>L\u1eafp \u0111\u1eb7t<\/td><td>Nh\u1ecf g\u1ecdn v\u00e0 d\u1ec5 d\u00e0ng<\/td><td>Chi\u1ec1u r\u1ed9ng l\u1edbn h\u01a1n<\/td><\/tr><tr><td>Khu v\u1ef1c ph\u00f9 h\u1ee3p<\/td><td>V\u00f9ng n\u00f4ng th\u00f4n, di \u0111\u1ed9ng, khu v\u1ef1c thi\u1ebfu \u0111i\u1ec7n<\/td><td>Ch\u1ec9 cung c\u1ea5p ngu\u1ed3n \u0111i\u1ec7n \u1ed5n \u0111\u1ecbnh<\/td><\/tr><tr><td>L\u1ee3i t\u1ee9c \u0111\u1ea7u t\u01b0<\/td><td>Cao<\/td><td>V\u1eeba ph\u1ea3i<\/td><\/tr><tr><td>Ch\u1ea5t l\u01b0\u1ee3ng g\u1ea1o<\/td><td>G\u1ea1o b\u00f3ng cao, s\u1ea1ch h\u01a1n<\/td><td>Ch\u1ea5t l\u01b0\u1ee3ng ti\u00eau chu\u1ea9n<\/td><\/tr><\/tbody><\/table><figcaption class=\"wp-element-caption\">so s\u00e1nh c\u00e1c m\u00e1y xay g\u1ea1o t\u00edch h\u1ee3p v\u00e0 \u0111\u01a1n v\u1ecb xay g\u1ea1o<\/figcaption><\/figure>    <p class=\"translation-block\">N\u1ebfu b\u1ea1n c\u1ea7n c\u00f4ng su\u1ea5t cao h\u01a1n ho\u1eb7c quy tr\u00ecnh x\u1eed l\u00fd g\u1ea1o to\u00e0n di\u1ec7n h\u01a1n, <a href=\"https:\/\/cnricemill.com\/vi\/product\/15t-d-rice-mill-plant\/\">\u0111\u01a1n v\u1ecb xay g\u1ea1o<\/a> c\u00f3 th\u1ec3 \u0111\u00e1p \u1ee9ng nhu c\u1ea7u c\u1ee7a b\u1ea1n!<\/p>    <h2 class=\"wp-block-heading\"><strong>Li\u00ean h\u1ec7 v\u1edbi ch\u00fang t\u00f4i \u0111\u1ec3 c\u00f3 gi\u1ea3i ph\u00e1p x\u1eed l\u00fd g\u1ea1o c\u1ee7a b\u1ea1n!<\/strong><\/h2>    <p>M\u00e1y xay tr\u1ea5u g\u1ea1o n\u00e0y l\u00e0 gi\u1ea3i ph\u00e1p x\u1eed l\u00fd g\u1ea1o to\u00e0n di\u1ec7n, t\u00edch h\u1ee3p t\u1ea5t c\u1ea3 c\u00e1c b\u01b0\u1edbc, \u0111\u01b0\u1ee3c thi\u1ebft k\u1ebf \u0111\u1eb7c bi\u1ec7t \u0111\u1ec3 \u0111\u00e1p \u1ee9ng nhu c\u1ea7u c\u1ee7a n\u00f4ng nghi\u1ec7p hi\u1ec7n \u0111\u1ea1i. B\u1eb1ng c\u00e1ch t\u00edch h\u1ee3p c\u00e1c quy tr\u00ecnh l\u00e0m s\u1ea1ch, lo\u1ea1i b\u1ecf l\u00f5i, xay v\u1ecf v\u00e0 l\u00e0m tr\u1eafng trong m\u1ed9t thi\u1ebft b\u1ecb duy nh\u1ea5t, n\u00f3 n\u00e2ng cao ch\u1ea5t l\u01b0\u1ee3ng g\u1ea1o, hi\u1ec7u qu\u1ea3 v\u1eadn h\u00e0nh v\u00e0 l\u1ee3i nhu\u1eadn \u0111\u00e1ng k\u1ec3.<\/p>    <p>D\u00f9 b\u1ea1n l\u00e0 n\u00f4ng d\u00e2n, doanh nh\u00e2n n\u00f4ng th\u00f4n, hay nh\u00e0 ch\u1ebf bi\u1ebfn g\u1ea1o th\u01b0\u01a1ng m\u1ea1i \u2014 \u0111\u1eb7c bi\u1ec7t l\u00e0 \u1edf c\u00e1c v\u00f9ng c\u00f3 ngu\u1ed3n \u0111i\u1ec7n h\u1ea1n ch\u1ebf ho\u1eb7c nhu c\u1ea7u s\u1ea3n xu\u1ea5t g\u1ea1o t\u0103ng \u2014 m\u00e1y n\u00e0y l\u00e0 l\u1ef1a ch\u1ecdn l\u00fd t\u01b0\u1edfng, v\u1eeba th\u1ef1c t\u1ebf v\u1eeba ti\u1ec1m n\u0103ng sinh l\u1ee3i l\u1edbn.<\/p>    <p>Li\u00ean h\u1ec7 \u0111\u1ec3 nh\u1eadn b\u00e1o gi\u00e1 v\u00e0 th\u00f4ng tin m\u1edbi nh\u1ea5t.<\/p>","protected":false},"excerpt":{"rendered":"<p>This rice hulling and milling machine is a comprehensive, integrated system designed specifically to process paddy rice in a single pass. By combining a cleaning sieve, gravity destoner, rubber-roller husker, and steel-roller miller into a single unit, it empowers users to achieve high-quality and highly efficient rice production.<\/p>","protected":false},"author":1,"featured_media":538,"parent":0,"template":"","tags":[14],"product-type":[5],"class_list":["post-537","product","type-product","status-publish","has-post-thumbnail","hentry","tag-rice","product-type-rice-mill-plant"],"_links":{"self":[{"href":"https:\/\/cnricemill.com\/vi\/wp-json\/wp\/v2\/product\/537","targetHints":{"allow":["GET"]}}],"collection":[{"href":"https:\/\/cnricemill.com\/vi\/wp-json\/wp\/v2\/product"}],"about":[{"href":"https:\/\/cnricemill.com\/vi\/wp-json\/wp\/v2\/types\/product"}],"author":[{"embeddable":true,"href":"https:\/\/cnricemill.com\/vi\/wp-json\/wp\/v2\/users\/1"}],"wp:featuredmedia":[{"embeddable":true,"href":"https:\/\/cnricemill.com\/vi\/wp-json\/wp\/v2\/media\/538"}],"wp:attachment":[{"href":"https:\/\/cnricemill.com\/vi\/wp-json\/wp\/v2\/media?parent=537"}],"wp:term":[{"taxonomy":"post_tag","embeddable":true,"href":"https:\/\/cnricemill.com\/vi\/wp-json\/wp\/v2\/tags?post=537"},{"taxonomy":"product-type","embeddable":true,"href":"https:\/\/cnricemill.com\/vi\/wp-json\/wp\/v2\/product-type?post=537"}],"curies":[{"name":"wp","href":"https:\/\/api.w.org\/{rel}","templated":true}]}}