{"id":41,"date":"2022-08-11T10:09:00","date_gmt":"2022-08-11T02:09:00","guid":{"rendered":"https:\/\/cnricemill.com\/?post_type=product&#038;p=41"},"modified":"2024-12-23T11:34:30","modified_gmt":"2024-12-23T03:34:30","slug":"60td-rice-mill-plant","status":"publish","type":"product","link":"https:\/\/cnricemill.com\/vi\/product\/60td-rice-mill-plant\/","title":{"rendered":"Nh\u00e0 m\u00e1y xay g\u1ea1o 60T\/D"},"content":{"rendered":"<p class=\"translation-block\"><strong>Nh\u00e0 m\u00e1y xay x\u00e1t g\u1ea1o 60T\/D<\/strong> l\u00e0 m\u1ed9t d\u00e2y chuy\u1ec1n x\u1eed l\u00fd g\u1ea1o t\u1ef1 \u0111\u1ed9ng ho\u00e0n to\u00e0n, bao g\u1ed3m to\u00e0n b\u1ed9 qu\u00e1 tr\u00ecnh t\u1eeb l\u00e0m s\u1ea1ch l\u00faa, lo\u1ea1i b\u1ecf \u0111\u00e1, t\u00e1ch v\u1ecf l\u00faa, ph\u00e2n lo\u1ea1i g\u1ea1o, xay x\u00e1t, \u0111\u00e1nh b\u00f3ng g\u1ea1o, ph\u00e2n lo\u1ea1i m\u00e0u g\u1ea1o, x\u1ebfp lo\u1ea1i g\u1ea1o, v\u00e0 \u0111\u00f3ng g\u00f3i g\u1ea1o. B\u1ea1n kh\u00f4ng c\u1ea7n th\u00eam b\u1ea5t k\u1ef3 m\u00e1y m\u00f3c n\u00e0o kh\u00e1c v\u00e0 c\u00f3 th\u1ec3 th\u1ef1c hi\u1ec7n to\u00e0n b\u1ed9 qu\u00e1 tr\u00ecnh t\u1eeb l\u00faa \u0111\u1ebfn g\u1ea1o tr\u1eafng cu\u1ed1i c\u00f9ng tuy\u1ec7t v\u1eddi. Lo\u1ea1i nh\u00e0 m\u00e1y xay x\u00e1t g\u1ea1o n\u00e0y l\u00e0 m\u1ed9t trong nh\u1eefng s\u1ea3n ph\u1ea9m b\u00e1n ch\u1ea1y c\u1ee7a ch\u00fang t\u00f4i. Ngo\u00e0i ra, c\u00f2n c\u00f3 nh\u00e0 m\u00e1y xay x\u00e1t g\u1ea1o 40 t\u1ea5n\/ng\u00e0y, 50 t\u1ea5n\/ng\u00e0y, v\u00e0 100 t\u1ea5n\/ng\u00e0y c\u00f3 s\u1eb5n t\u1eeb nh\u00e0 m\u00e1y TAIZY. Ngo\u00e0i ra, ch\u00fang t\u00f4i c\u0169ng cung c\u1ea5p m\u00e1y xay x\u00e1t g\u1ea1o nh\u1ecf \u0111\u1ec3 b\u00e1n. N\u1ebfu b\u1ea1n \u0111ang t\u00ecm ki\u1ebfm m\u1ed9t nh\u00e0 m\u00e1y xay x\u00e1t g\u1ea1o \u0111\u00e1ng tin c\u1eady \u0111\u1ec3 b\u1eaft \u0111\u1ea7u kinh doanh, h\u00e3y li\u00ean h\u1ec7 v\u1edbi ch\u00fang t\u00f4i \u0111\u1ec3 bi\u1ebft th\u00eam th\u00f4ng tin. \u00a0\u00a0<\/p>    <h2 class=\"wp-block-heading\">C\u00e1c \u0111\u1eb7c \u0111i\u1ec3m c\u1ee7a nh\u00e0 m\u00e1y xay x\u00e1t g\u1ea1o 60 t\u1ea5n\/ng\u00e0y c\u1ee7a Taizy<\/h2>    <ol class=\"wp-block-list\" type=\"1\"><li>V\u1edbi s\u00e0ng l\u1ecdc v\u00e0 lo\u1ea1i b\u1ecf \u0111\u00e1 ri\u00eang bi\u1ec7t, hi\u1ec7u qu\u1ea3 lo\u1ea1i b\u1ecf \u0111\u00e1 l\u00e0 t\u1ed1t.<\/li><li>C\u1ea5u tr\u00fac h\u1ee3p l\u00fd. To\u00e0n b\u1ed9 m\u00e1y x\u1eed l\u00fd g\u1ea1o c\u00f3 v\u1ebb ph\u1ee9c t\u1ea1p, nh\u01b0ng m\u1ed7i ph\u1ea7n \u0111\u01b0\u1ee3c thi\u1ebft k\u1ebf sau nhi\u1ec1u n\u0103m nghi\u00ean c\u1ee9u v\u00e0 h\u1ecdc h\u1ecfi \u0111\u1ec3 gi\u00fap m\u00e1y ho\u1ea1t \u0111\u1ed9ng \u1ed5n \u0111\u1ecbnh.<\/li><li>To\u00e0n b\u1ed9 h\u1ec7 th\u1ed1ng nh\u00e0 m\u00e1y xay x\u00e1t g\u1ea1o \u0111\u01b0\u1ee3c trang b\u1ecb m\u00e1y ph\u00e2n lo\u1ea1i m\u00e0u v\u1edbi m\u00e1y n\u00e9n kh\u00ed v\u00e0 b\u00ecnh ch\u1ee9a \u0111\u1ec3 lo\u1ea1i b\u1ecf hi\u1ec7u qu\u1ea3 g\u1ea1o k\u00e9m ch\u1ea5t l\u01b0\u1ee3ng.<\/li><li>C\u00e1c m\u00e1y \u0111\u01a1n c\u1ee7a nh\u00e0 m\u00e1y xay x\u00e1t g\u1ea1o 60 t\u1ea5n\/ng\u00e0y \u0111\u01b0\u1ee3c x\u1ebfp h\u00e0ng g\u1ecdn g\u00e0ng v\u00e0 \u0111\u1eb9p m\u1eaft.<\/li><li>Ti\u1ebft ki\u1ec7m n\u0103ng l\u01b0\u1ee3ng, b\u1ea3o v\u1ec7 m\u00f4i tr\u01b0\u1eddng, v\u1eadn h\u00e0nh \u0111\u01a1n gi\u1ea3n, d\u1ec5 b\u1ea3o tr\u00ec, v\u00e0 b\u1ec1n b\u1ec9.<\/li><li>Ph\u1ea7n xay x\u00e1t g\u1ea1o c\u1ee7a thi\u1ebft b\u1ecb n\u00e0y \u00e1p d\u1ee5ng c\u00f4ng ngh\u1ec7 xay x\u00e1t ti\u00ean ti\u1ebfn, v\u1edbi nhi\u1ec7t \u0111\u1ed9 g\u1ea1o th\u1ea5p, \u00edt v\u1ecf c\u00e1m, v\u00e0 t\u1ef7 l\u1ec7 nghi\u1ec1n th\u1ea5p.<\/li><\/ol>    <div class=\"wp-block-columns is-layout-flex wp-container-core-columns-is-layout-9d6595d7 wp-block-columns-is-layout-flex\"> <div class=\"wp-block-column is-layout-flow wp-block-column-is-layout-flow\"> <figure class=\"wp-block-image size-full\"><img loading=\"lazy\" decoding=\"async\" width=\"720\" height=\"540\" src=\"https:\/\/cnricemill.com\/wp-content\/uploads\/2022\/08\/front-view-of-60td-rice-mill-plant.jpg\" alt=\"H\u00ecnh \u1ea3nh ph\u00eda tr\u01b0\u1edbc c\u1ee7a nh\u00e0 m\u00e1y xay g\u1ea1o 60 t\u1ea5n\/ng\u00e0y\" class=\"wp-image-78\"\/><figcaption>H\u00ecnh \u1ea3nh ph\u00eda tr\u01b0\u1edbc c\u1ee7a nh\u00e0 m\u00e1y xay g\u1ea1o 60 t\u1ea5n\/ng\u00e0y<\/figcaption><\/figure> <\/div>    <div class=\"wp-block-column is-layout-flow wp-block-column-is-layout-flow\"> <figure class=\"wp-block-image size-full\"><img loading=\"lazy\" decoding=\"async\" width=\"720\" height=\"540\" src=\"https:\/\/cnricemill.com\/wp-content\/uploads\/2022\/08\/side-view-of-60td-rice-mill-plant-1.jpg\" alt=\"H\u00ecnh b\u00ean c\u1ee7a nh\u00e0 m\u00e1y xay x\u00e1t g\u1ea1o 60t\/ng\u00e0y\" class=\"wp-image-81\"\/><figcaption>H\u00ecnh b\u00ean c\u1ee7a nh\u00e0 m\u00e1y xay x\u00e1t g\u1ea1o 60t\/ng\u00e0y<\/figcaption><\/figure> <\/div> <\/div>    <h2 class=\"wp-block-heading\">D\u1eef li\u1ec7u k\u1ef9 thu\u1eadt c\u1ee7a nh\u00e0 m\u00e1y xay x\u00e1t g\u1ea1o 60t\/ng\u00e0y \u0111\u1ec3 b\u00e1n<\/h2>    <figure class=\"wp-block-table\"><table><tbody><tr><td>M\u00e1y m\u00f3c<\/td><td>C\u00f4ng su\u1ea5t (t\/h)<\/td><td>T\u1ed1c \u0111\u1ed9 quay (v\/ph\u00fat)<\/td><td>C\u00f4ng su\u1ea5t (kW)<\/td><td>L\u01b0u l\u01b0\u1ee3ng h\u00fat (m\u00b3\/h)<\/td><\/tr><tr><td>M\u00e1y l\u00e0m s\u1ea1ch k\u1ebft h\u1ee3p<\/td><td>6-7<\/td><td>920<\/td><td>2*0.37<\/td><td>4800<\/td><\/tr><tr><td>Lo\u1ea1i b\u1ecf \u0111\u00e1<\/td><td>6-7<\/td><td>185+_15<\/td><td>0.75<\/td><td>3800-4200<\/td><\/tr><tr><td>M\u00e1y t\u00e1ch v\u1ecf<\/td><td>4.2-5<\/td><td>Nhanh (1228-1673)Ch\u1eadm (1108-1362)<\/td><td>7.5<\/td><td>3200-3800<\/td><\/tr><tr><td>M\u00e1y t\u00e1ch v\u1ecf l\u00faa tr\u1ecdng l\u1ef1c<\/td><td>3.4-4<\/td><td>255+_15<\/td><td>1.5<\/td><td>&nbsp;<\/td><\/tr><tr><td>Nh\u00e0 m\u00e1y xay x\u00e1t g\u1ea1o<\/td><td>2-3<\/td><td>1290<\/td><td>22-30<\/td><td>3500-3800<\/td><\/tr><tr><td>Ph\u00e2n lo\u1ea1i g\u1ea1o<\/td><td>2.5-3.5<\/td><td>150+_15<\/td><td>1.1<\/td><td>&nbsp;<\/td><\/tr><tr><td>Thang m\u00e1y<\/td><td>2.4-3.5<\/td><td>189<\/td><td>1.1<\/td><td>300<\/td><\/tr><\/tbody><\/table><\/figure>    <h2 class=\"wp-block-heading\">S\u01a1 \u0111\u1ed3 d\u00f2ng ch\u1ea3y c\u1ee7a nh\u00e0 m\u00e1y xay x\u00e1t g\u1ea1o t\u1ef1 \u0111\u1ed9ng 60t\/ng\u00e0y<\/h2>    <p>Nh\u00e0 m\u00e1y xay x\u00e1t g\u1ea1o 60t\/ng\u00e0y c\u00f3 ch\u1ee9c n\u0103ng t\u1ef1 \u0111\u1ed9ng ho\u00e0n to\u00e0n x\u1eed l\u00fd l\u00faa th\u00e0nh g\u1ea1o tr\u1eafng. Qu\u00e1 tr\u00ecnh ho\u1ea1t \u0111\u1ed9ng ho\u00e0n ch\u1ec9nh c\u1ee7a n\u00f3 nh\u01b0 sau:<\/p>    <p class=\"translation-block\"><strong>L\u00e0m s\u1ea1ch l\u00faa \u2192 lo\u1ea1i b\u1ecf \u0111\u00e1 \u2192 t\u00e1ch v\u1ecf l\u00faa \u2192 ph\u00e2n lo\u1ea1i g\u1ea1o \u2192 l\u00e0m tr\u1eafng g\u1ea1o \u2192 x\u1ebfp lo\u1ea1i g\u1ea1o \u2192 \u0111\u00e1nh b\u00f3ng n\u01b0\u1edbc \u2192 ph\u00e2n lo\u1ea1i m\u00e0u \u2192 \u0111\u00f3ng g\u00f3i g\u1ea1o.<\/strong><\/p>    <div class=\"wp-block-columns is-layout-flex wp-container-core-columns-is-layout-9d6595d7 wp-block-columns-is-layout-flex\"> <div class=\"wp-block-column is-layout-flow wp-block-column-is-layout-flow\"> <figure class=\"wp-block-image size-full\"><img loading=\"lazy\" decoding=\"async\" width=\"720\" height=\"540\" src=\"https:\/\/cnricemill.com\/wp-content\/uploads\/2022\/08\/60td-rice-milling-line.jpg\" alt=\"D\u00e2y chuy\u1ec1n xay x\u00e1t g\u1ea1o 60 t\u1ea5n\/ng\u00e0y\" class=\"wp-image-83\"\/><figcaption>D\u00e2y chuy\u1ec1n xay x\u00e1t g\u1ea1o 60 t\u1ea5n\/ng\u00e0y<\/figcaption><\/figure> <\/div>    <div class=\"wp-block-column is-layout-flow wp-block-column-is-layout-flow\"> <figure class=\"wp-block-image size-full\"><img loading=\"lazy\" decoding=\"async\" width=\"720\" height=\"540\" src=\"https:\/\/cnricemill.com\/wp-content\/uploads\/2022\/08\/rice-mill-plant-working-process.jpg\" alt=\"Quy tr\u00ecnh ho\u1ea1t \u0111\u1ed9ng c\u1ee7a nh\u00e0 m\u00e1y xay g\u1ea1o\" class=\"wp-image-84\"\/><figcaption>Quy tr\u00ecnh ho\u1ea1t \u0111\u1ed9ng c\u1ee7a nh\u00e0 m\u00e1y xay g\u1ea1o<\/figcaption><\/figure> <\/div> <\/div>    <h2 class=\"wp-block-heading\">Chi ti\u1ebft c\u1ea5u tr\u00fac c\u1ee7a nh\u00e0 m\u00e1y xay x\u00e1t g\u1ea1o k\u1ebft h\u1ee3p n\u00e0y<\/h2>    <p class=\"translation-block\">1. <strong>M\u00e1y l\u00e0m s\u1ea1ch l\u00faa &amp; lo\u1ea1i b\u1ecf \u0111\u00e1:<\/strong> lo\u1ea1i b\u1ecf c\u00e1c t\u1ea1p ch\u1ea5t nh\u1eb9 nh\u01b0 b\u1ee5i, m\u1ea3nh v\u1ee5n, c\u1ee5c, v\u00e0 \u0111\u00e1 c\u00e0ng nhi\u1ec1u c\u00e0ng t\u1ed1t \u0111\u1ec3 \u0111\u1ea1t hi\u1ec7u qu\u1ea3 qu\u00e9t s\u1ea1ch t\u1ed1t h\u01a1n.<\/p>    <p class=\"translation-block\">2. <strong>M\u00e1y t\u00e1ch v\u1ecf l\u00faa:<\/strong> lo\u1ea1i b\u1ecf v\u1ecf l\u00faa kh\u1ecfi h\u1ea1t g\u1ea1o.<\/p>    <p class=\"translation-block\">3. <strong>M\u00e1y t\u00e1ch g\u1ea1o:<\/strong> ch\u1ee7 y\u1ebfu \u0111\u1ec3 t\u00e1ch g\u1ea1o l\u1ee9t kh\u1ecfi l\u00faa, s\u1eed d\u1ee5ng s\u1ef1 kh\u00e1c bi\u1ec7t v\u1ec1 tr\u1ecdng l\u01b0\u1ee3ng ri\u00eang v\u00e0 h\u1ec7 s\u1ed1 ma s\u00e1t gi\u1eefa ba ph\u1ea7n c\u1ee7a g\u1ea1o, g\u1ea1o l\u1ee9t, v\u00e0 h\u1ed7n h\u1ee3p c\u1ee7a ch\u00fang.<\/p>    <p class=\"translation-block\">4. <strong>M\u00e1y \u0111\u00e1nh b\u00f3ng g\u1ea1o:<\/strong> m\u00e1y \u0111\u00e1nh b\u00f3ng g\u1ea1o \u0111\u1eb7c bi\u1ec7t ph\u00e1t tri\u1ec3n \u0111\u1ec3 \u0111\u00e1nh b\u00f3ng g\u1ea1o, l\u00e0 c\u00f4ng ngh\u1ec7 ti\u00ean ti\u1ebfn hi\u1ec7n nay c\u1ee7a m\u00e1y \u0111\u00e1nh b\u00f3ng v\u00e0 l\u00e0m tr\u1eafng g\u1ea1o tr\u00ean th\u1ebf gi\u1edbi, gi\u00fap nhi\u1ec7t \u0111\u1ed9 g\u1ea1o th\u1ea5p h\u01a1n, \u00edt c\u00e1m h\u01a1n, v\u00e0 t\u1ef7 l\u1ec7 nghi\u1ec1n th\u1ea5p.<\/p>    <p class=\"translation-block\">5. <strong>M\u00e1y l\u00e0m tr\u1eafng g\u1ea1o:<\/strong> l\u00e0m tr\u1eafng b\u1ec1 m\u1eb7t g\u1ea1o b\u1eb1ng c\u00e1ch phun n\u01b0\u1edbc, gi\u00fap h\u00ecnh th\u00e0nh l\u1edbp gel m\u1ecbn v\u00e0 k\u00e9o d\u00e0i th\u1eddi gian b\u1ea3o qu\u1ea3n. k\u00e9o d\u00e0i bu\u1ed3ng \u0111\u00e1nh b\u00f3ng \u0111\u1ec3 s\u1ea3n xu\u1ea5t g\u1ea1o ch\u1ea5t l\u01b0\u1ee3ng cao.<\/p>    <p class=\"translation-block\">6. <strong>M\u00e1y ph\u00e2n lo\u1ea1i g\u1ea1o:<\/strong> m\u00e1y ph\u00e2n lo\u1ea1i g\u1ea1o c\u00f3 th\u1ec3 s\u00e0ng l\u1ecdc g\u1ea1o m\u1ecbn th\u00e0nh g\u1ea1o nguy\u00ean, g\u1ea1o nghi\u1ec1n l\u1edbn, trung b\u00ecnh, v\u00e0 nh\u1ecf m\u1ed9t c\u00e1ch hi\u1ec7u qu\u1ea3 v\u00e0 ch\u00ednh x\u00e1c.<\/p>    <p class=\"translation-block\">7. <strong>M\u00e1y ph\u00e2n lo\u1ea1i m\u00e0u g\u1ea1o:<\/strong> M\u00e1y ph\u00e2n lo\u1ea1i m\u00e0u g\u1ea1o d\u00f9ng \u0111\u1ec3 lo\u1ea1i b\u1ecf g\u1ea1o k\u00e9m ch\u1ea5t l\u01b0\u1ee3ng, g\u1ea1o s\u1eefa, g\u1ea1o v\u00f4i, l\u00faa, v\u00e0 t\u1ea1p ch\u1ea5t. Ki\u1ec3m tra t\u00edn hi\u1ec7u CCD khi phai m\u00e0u. N\u1ebfu ph\u00e1t hi\u1ec7n g\u1ea1o kh\u00f4ng \u0111\u1ea1t ti\u00eau chu\u1ea9n ho\u1eb7c t\u1ea1p ch\u1ea5t trong nguy\u00ean li\u1ec7u, b\u1ed9 th\u1ed5i kh\u00ed s\u1ebd th\u1ed5i bay c\u00e1c s\u1ea3n ph\u1ea9m k\u00e9m ch\u1ea5t l\u01b0\u1ee3ng trong kho.<\/p>    <p class=\"translation-block\">8. <strong>M\u00e1y \u0111\u00f3ng g\u00f3i g\u1ea1o:<\/strong> M\u00e1y \u0111\u00f3ng g\u00f3i t\u1ef1 \u0111\u1ed9ng \u0111\u1ecbnh l\u01b0\u1ee3ng n\u00e0y g\u1ed3m h\u1ed9p ch\u1ee9a nguy\u00ean li\u1ec7u, c\u00e2n \u0111\u00f3ng g\u00f3i, m\u00e1y kh\u00e2u, v\u00e0 b\u0103ng chuy\u1ec1n. C\u00f3 th\u1ec3 s\u1eed d\u1ee5ng v\u1edbi t\u1ea5t c\u1ea3 c\u00e1c d\u00f2ng m\u00e1y xay x\u00e1t g\u1ea1o, v\u00e0 c\u00f4ng su\u1ea5t \u0111\u00f3ng g\u00f3i c\u00f3 th\u1ec3 ch\u1ecdn t\u1eeb 1-50kg m\u1ed7i t\u00fai theo nhu c\u1ea7u c\u1ee7a b\u1ea1n. &nbsp;<\/p>    <div class=\"wp-block-columns is-layout-flex wp-container-core-columns-is-layout-9d6595d7 wp-block-columns-is-layout-flex\"> <div class=\"wp-block-column is-layout-flow wp-block-column-is-layout-flow\"> <figure class=\"wp-block-gallery has-nested-images columns-default is-cropped wp-block-gallery-2 is-layout-flex wp-block-gallery-is-layout-flex\"> <figure class=\"wp-block-image size-full\"><img loading=\"lazy\" decoding=\"async\" width=\"720\" height=\"540\" data-id=\"86\" src=\"https:\/\/cnricemill.com\/wp-content\/uploads\/2022\/08\/structure-details-of-combined-rice-mill-plant.jpg\" alt=\"Chi ti\u1ebft c\u1ea5u tr\u00fac c\u1ee7a nh\u00e0 m\u00e1y xay x\u00e1t g\u1ea1o k\u1ebft h\u1ee3p\" class=\"wp-image-86\"\/><figcaption>Chi ti\u1ebft c\u1ea5u tr\u00fac c\u1ee7a nh\u00e0 m\u00e1y xay x\u00e1t g\u1ea1o k\u1ebft h\u1ee3p<\/figcaption><\/figure> <\/figure> <\/div>    <div class=\"wp-block-column is-layout-flow wp-block-column-is-layout-flow\"> <figure class=\"wp-block-gallery has-nested-images columns-default is-cropped wp-block-gallery-3 is-layout-flex wp-block-gallery-is-layout-flex\"> <figure class=\"wp-block-image size-full\"><img loading=\"lazy\" decoding=\"async\" width=\"720\" height=\"540\" data-id=\"87\" src=\"https:\/\/cnricemill.com\/wp-content\/uploads\/2022\/08\/rice-milling-plant-factory.jpg\" alt=\"nh\u00e0 m\u00e1y xay x\u00e1t g\u1ea1o\" class=\"wp-image-87\"\/><figcaption>nh\u00e0 m\u00e1y xay x\u00e1t g\u1ea1o<\/figcaption><\/figure> <\/figure> <\/div> <\/div>    <div class=\"wp-block-columns is-layout-flex wp-container-core-columns-is-layout-9d6595d7 wp-block-columns-is-layout-flex\"> <div class=\"wp-block-column is-layout-flow wp-block-column-is-layout-flow\"> <figure class=\"wp-block-gallery has-nested-images columns-default is-cropped wp-block-gallery-4 is-layout-flex wp-block-gallery-is-layout-flex\"> <figure class=\"wp-block-image size-full\"><img loading=\"lazy\" decoding=\"async\" width=\"720\" height=\"540\" data-id=\"89\" src=\"https:\/\/cnricemill.com\/wp-content\/uploads\/2022\/08\/rice-mill-plant-ready-to-ship.jpg\" alt=\"Nh\u00e0 m\u00e1y xay x\u00e1t g\u1ea1o \u0111\u00e3 s\u1eb5n s\u00e0ng \u0111\u1ec3 v\u1eadn chuy\u1ec3n\" class=\"wp-image-89\"\/><figcaption>Nh\u00e0 m\u00e1y xay x\u00e1t g\u1ea1o \u0111\u00e3 s\u1eb5n s\u00e0ng \u0111\u1ec3 v\u1eadn chuy\u1ec3n<\/figcaption><\/figure> <\/figure> <\/div>    <div class=\"wp-block-column is-layout-flow wp-block-column-is-layout-flow\"> <figure class=\"wp-block-gallery has-nested-images columns-default is-cropped wp-block-gallery-5 is-layout-flex wp-block-gallery-is-layout-flex\"> <figure class=\"wp-block-image size-full\"><img loading=\"lazy\" decoding=\"async\" width=\"720\" height=\"540\" data-id=\"90\" src=\"https:\/\/cnricemill.com\/wp-content\/uploads\/2022\/08\/rice-mill-plant-delivery.jpg\" alt=\"Giao h\u00e0ng nh\u00e0 m\u00e1y xay x\u00e1t g\u1ea1o\" class=\"wp-image-90\"\/><figcaption>Giao h\u00e0ng nh\u00e0 m\u00e1y xay x\u00e1t g\u1ea1o<\/figcaption><\/figure> <\/figure> <\/div> <\/div>","protected":false},"excerpt":{"rendered":"<p>60T\/D rice mill plant is a fully automatic rice processing line, including the whole process from paddy cleaning, de-stoning, paddy husking, rice separation, rice milling, rice polishing, rice color sorting, rice grading, and Rice packing. You no longer need any other machines and you can realize the whole processing from paddy to the final amazing [&hellip;]<\/p>\n","protected":false},"author":1,"featured_media":75,"parent":0,"template":"","tags":[12,15],"product-type":[5],"class_list":["post-41","product","type-product","status-publish","has-post-thumbnail","hentry","tag-rice-mill-plant","tag-rice-milling","product-type-rice-mill-plant"],"_links":{"self":[{"href":"https:\/\/cnricemill.com\/vi\/wp-json\/wp\/v2\/product\/41","targetHints":{"allow":["GET"]}}],"collection":[{"href":"https:\/\/cnricemill.com\/vi\/wp-json\/wp\/v2\/product"}],"about":[{"href":"https:\/\/cnricemill.com\/vi\/wp-json\/wp\/v2\/types\/product"}],"author":[{"embeddable":true,"href":"https:\/\/cnricemill.com\/vi\/wp-json\/wp\/v2\/users\/1"}],"wp:featuredmedia":[{"embeddable":true,"href":"https:\/\/cnricemill.com\/vi\/wp-json\/wp\/v2\/media\/75"}],"wp:attachment":[{"href":"https:\/\/cnricemill.com\/vi\/wp-json\/wp\/v2\/media?parent=41"}],"wp:term":[{"taxonomy":"post_tag","embeddable":true,"href":"https:\/\/cnricemill.com\/vi\/wp-json\/wp\/v2\/tags?post=41"},{"taxonomy":"product-type","embeddable":true,"href":"https:\/\/cnricemill.com\/vi\/wp-json\/wp\/v2\/product-type?post=41"}],"curies":[{"name":"wp","href":"https:\/\/api.w.org\/{rel}","templated":true}]}}