{"id":40,"date":"2022-08-11T10:04:26","date_gmt":"2022-08-11T02:04:26","guid":{"rendered":"https:\/\/cnricemill.com\/?post_type=product&#038;p=40"},"modified":"2024-12-23T11:38:45","modified_gmt":"2024-12-23T03:38:45","slug":"paddy-separator","status":"publish","type":"product","link":"https:\/\/cnricemill.com\/vi\/product\/paddy-separator\/","title":{"rendered":"M\u00e1y t\u00e1ch g\u1ea1o"},"content":{"rendered":"<h2 class=\"wp-block-heading\">M\u00e1y t\u00e1ch l\u00faa l\u00e0 g\u00ec?<\/h2>    <p class=\"translation-block\"><strong>M\u00e1y t\u00e1ch l\u00faa<\/strong> \u1edf \u0111\u00e2y l\u00e0 m\u1ed9t m\u00e1y t\u00e1ch g\u1ea1o l\u1ee9t kh\u1ecfi l\u00faa b\u1eb1ng s\u1ef1 kh\u00e1c bi\u1ec7t gi\u1eefa ma s\u00e1t b\u1ec1 m\u1eb7t v\u00e0 tr\u1ecdng l\u1ef1c. N\u00f3 c\u00f3 th\u1ec3 t\u00e1ch h\u1ed7n h\u1ee3p l\u00faa v\u00e0 g\u1ea1o l\u1ee9t th\u00e0nh ba lo\u1ea1i. M\u1ed9t lo\u1ea1i l\u00e0 g\u1ea1o l\u1ee9t s\u1ebd v\u00e0o nh\u00e0 m\u00e1y xay g\u1ea1o. M\u1ed9t lo\u1ea1i l\u00e0 h\u1ed7n h\u1ee3p g\u1ea1o l\u1ee9t v\u00e0 l\u00faa s\u1ebd ti\u1ebfp t\u1ee5c v\u00e0o m\u00e1y t\u00e1ch l\u00faa tr\u1ecdng l\u1ef1c. Lo\u1ea1i c\u00f2n l\u1ea1i l\u00e0 h\u1ea1t g\u1ea1o s\u1ebd ti\u1ebfp t\u1ee5c v\u00e0o m\u00e1y xay v\u1ecf \u0111\u1ec3 xay l\u1ea7n n\u1eefa.<\/p>    <h2 class=\"wp-block-heading\">M\u00e1y t\u00e1ch l\u00faa tr\u1ecdng l\u1ef1c d\u00f2ng MGCZ \u0111\u1ec3 b\u00e1n<\/h2>    <p class=\"translation-block\">M\u00e1y t\u00e1ch l\u00faa tr\u1ecdng l\u1ef1c d\u00f2ng MGCZ l\u00e0 m\u1ed9t m\u00e1y m\u00f3c quan tr\u1ecdng trong qu\u00e1 tr\u00ecnh x\u1eed l\u00fd g\u1ea1o. V\u00e0 n\u00f3 r\u1ea5t quan tr\u1ecdng cho to\u00e0n b\u1ed9 nh\u00e0 m\u00e1y xay g\u1ea1o. <a href=\"https:\/\/cnricemill.com\/vi\/\">TAIZY<\/a> m\u00e1y t\u00e1ch l\u00faa c\u00f3 c\u00e1c \u0111\u1eb7c \u0111i\u1ec3m ho\u1ea1t \u0111\u1ed9ng \u1ed5n \u0111\u1ecbnh, \u0111\u1ea7u t\u01b0 th\u1ea5p v\u00e0 d\u1ec5 v\u1eadn h\u00e0nh. Ngo\u00e0i ra, t\u1ea5t c\u1ea3 c\u00e1c m\u00e1y c\u1ee7a ch\u00fang t\u00f4i \u0111\u1ec1u \u0111\u00e3 v\u01b0\u1ee3t qua ki\u1ec3m tra ch\u1ea5t l\u01b0\u1ee3ng c\u1ef1c k\u1ef3 nghi\u00eam ng\u1eb7t. V\u00e0 ch\u00fang t\u00f4i c\u00f3 \u0111\u1ed9i ng\u0169 nh\u00e2n vi\u00ean c\u00f3 k\u1ef9 n\u0103ng cao \u0111\u1ec3 \u0111\u1ea3m b\u1ea3o d\u1ecbch v\u1ee5 chuy\u00ean nghi\u1ec7p v\u00e0 giao h\u00e0ng nhanh ch\u00f3ng. Hi\u1ec7n nay, c\u00e1c m\u00e1y c\u1ee7a ch\u00fang t\u00f4i \u0111\u00e3 xu\u1ea5t kh\u1ea9u th\u00e0nh c\u00f4ng sang h\u01a1n 80 qu\u1ed1c gia v\u00e0 khu v\u1ef1c. Xin li\u00ean h\u1ec7 v\u1edbi ch\u00fang t\u00f4i \u0111\u1ec3 c\u00f3 gi\u00e1 m\u00e1y t\u00e1ch l\u00faa t\u1ed1t nh\u1ea5t. \u00a0<\/p>    <div class=\"wp-block-columns is-layout-flex wp-container-core-columns-is-layout-9d6595d7 wp-block-columns-is-layout-flex\"> <div class=\"wp-block-column is-layout-flow wp-block-column-is-layout-flow\"> <figure class=\"wp-block-image size-full\"><img loading=\"lazy\" decoding=\"async\" width=\"750\" height=\"750\" src=\"https:\/\/cnricemill.com\/wp-content\/uploads\/2022\/08\/paddy-separator.jpg\" alt=\"m\u00e1y t\u00e1ch l\u00faa\" class=\"wp-image-121\"\/><figcaption>m\u00e1y t\u00e1ch l\u00faa<\/figcaption><\/figure> <\/div>    <div class=\"wp-block-column is-layout-flow wp-block-column-is-layout-flow\"> <figure class=\"wp-block-image size-full\"><img loading=\"lazy\" decoding=\"async\" width=\"750\" height=\"750\" src=\"https:\/\/cnricemill.com\/wp-content\/uploads\/2022\/08\/paddy-separating-machine.jpg\" alt=\"m\u00e1y t\u00e1ch l\u00faa\" class=\"wp-image-122\"\/><figcaption>m\u00e1y t\u00e1ch l\u00faa<\/figcaption><\/figure> <\/div> <\/div>    <h2 class=\"wp-block-heading\">C\u00e1c \u0111\u1eb7c \u0111i\u1ec3m hi\u1ec7u su\u1ea5t c\u1ee7a m\u00e1y t\u00e1ch l\u00faa<\/h2>    <ol class=\"wp-block-list\" type=\"1\"><li>C\u00e1c b\u1ed9 ph\u1eadn b\u1ec1n, h\u1ec7 th\u1ed1ng phanh t\u1ef1 \u0111\u1ed9ng ti\u00ean ti\u1ebfn, d\u1ec5 v\u1eadn h\u00e0nh v\u00e0 b\u1ea3o tr\u00ec<\/li><li>Trung t\u00e2m c\u01a1 h\u1ecdc th\u1ea5p, c\u00e2n b\u1eb1ng t\u1ed1t, t\u1ed1c \u0111\u1ed9 h\u1ee3p l\u00fd, hi\u1ec7u su\u1ea5t x\u1eed l\u00fd \u1ed5n \u0111\u1ecbnh v\u00e0 \u0111\u00e1ng tin c\u1eady<\/li><li>H\u1ec7 th\u1ed1ng truy\u1ec1n \u0111\u1ed9ng ho\u00e0n h\u1ea3o \u0111\u1ec3 \u0111\u1ea3m b\u1ea3o hi\u1ec7u su\u1ea5t c\u01a1 ch\u1ebf t\u1ed1t<\/li><li>\u0110\u01b0\u1ee3c s\u1eed d\u1ee5ng r\u1ed9ng r\u00e3i cho g\u1ea1o d\u00e0i v\u00e0 ng\u1eafn<\/li><li>M\u00e0n h\u00ecnh ch\u1ea5t l\u01b0\u1ee3ng cao \u0111\u01b0\u1ee3c \u0111\u1ecbnh v\u1ecb cao \u0111\u1ec3 tr\u00e1nh t\u1eafc ngh\u1ebdn<\/li><li>Nhi\u1ec1u m\u1eabu m\u00e3 kh\u00e1c nhau \u0111\u1ec3 \u0111\u00e1p \u1ee9ng c\u00e1c y\u00eau c\u1ea7u kh\u00e1c nhau c\u1ee7a kh\u00e1ch h\u00e0ng<\/li><\/ol>    <div class=\"wp-block-columns is-layout-flex wp-container-core-columns-is-layout-9d6595d7 wp-block-columns-is-layout-flex\"> <div class=\"wp-block-column is-layout-flow wp-block-column-is-layout-flow\"> <figure class=\"wp-block-image size-full\"><img loading=\"lazy\" decoding=\"async\" width=\"750\" height=\"750\" src=\"https:\/\/cnricemill.com\/wp-content\/uploads\/2022\/08\/sieve-plate.jpg\" alt=\"b\u1ea3ng l\u01b0\u1edbi\" class=\"wp-image-127\"\/><figcaption>b\u1ea3ng l\u01b0\u1edbi<\/figcaption><\/figure> <\/div>    <div class=\"wp-block-column is-layout-flow wp-block-column-is-layout-flow\"> <figure class=\"wp-block-image size-full\"><img loading=\"lazy\" decoding=\"async\" width=\"750\" height=\"750\" src=\"https:\/\/cnricemill.com\/wp-content\/uploads\/2022\/08\/copper-motor.jpg\" alt=\"\u0111\u1ed9ng c\u01a1 \u0111\u1ed3ng\" class=\"wp-image-128\"\/><figcaption>\u0111\u1ed9ng c\u01a1 \u0111\u1ed3ng<\/figcaption><\/figure> <\/div> <\/div>    <h2 class=\"wp-block-heading\">Th\u00f4ng s\u1ed1 k\u1ef9 thu\u1eadt c\u1ee7a m\u00e1y t\u00e1ch l\u00faa Taizy<\/h2>    <figure class=\"wp-block-table\"><table><tbody><tr><td>M\u1eabu m\u00e3<\/td><td>C\u00f4ng su\u1ea5t (t\/h)<\/td><td>C\u00f4ng su\u1ea5t (KW)<\/td><td>K\u00edch th\u01b0\u1edbc (L*W*H)<\/td><\/tr><tr><td>MGCZ80*6<\/td><td>0.8-1.3<\/td><td>1.1<\/td><td>1350*1000*1400<\/td><\/tr><tr><td>MGCZ80*7<\/td><td>1.1-1.5<\/td><td>1.1<\/td><td>1350*1000*1450<\/td><\/tr><tr><td>MGCZ100*6<\/td><td>1.2-1.6<\/td><td>1.1<\/td><td>1600*1250*1400<\/td><\/tr><tr><td>MGCZ100*7<\/td><td>1.6-2.1<\/td><td>1.1<\/td><td>1600*1250*1450<\/td><\/tr><tr><td>MGCZ100*8<\/td><td>2.1-2.4<\/td><td>1.1<\/td><td>1600*1250*1500<\/td><\/tr><tr><td>MGCZ100*10<\/td><td>2.5-3.2<\/td><td>1.5<\/td><td>1600*1250*1750<\/td><\/tr><tr><td>MGCZ100*12<\/td><td>3.4-4<\/td><td>1.5<\/td><td>1600*1250*1800<\/td><\/tr><tr><td>MGCZ100*14<\/td><td>4-4.9<\/td><td>1.5<\/td><td>1600*1250*1740<\/td><\/tr><tr><td>MGCZ100*16<\/td><td>4.5-5.6<\/td><td>1.5<\/td><td>1600*1250*1820<\/td><\/tr><\/tbody><\/table><\/figure>    <h2 class=\"wp-block-heading\">L\u00e0m th\u1ebf n\u00e0o \u0111\u1ec3 g\u1ea1o \u0111\u01b0\u1ee3c t\u00e1ch kh\u1ecfi l\u00faa?<\/h2>    <p>M\u00e1y t\u00e1ch l\u00faa \u0111\u01b0\u1ee3c s\u1eed d\u1ee5ng \u0111\u1ec3 t\u00e1ch g\u1ea1o l\u1ee9t kh\u1ecfi l\u00faa ch\u01b0a xay. N\u00f3 li\u00ean t\u1ee5c s\u00e0ng l\u1ecdc h\u1ed7n h\u1ee3p trong tr\u1ea1ng th\u00e1i ph\u00e2n t\u1ea7ng qua m\u1ed9t \u0111\u0129a t\u00e1ch \u0111\u1eb7c bi\u1ec7t d\u1ef1a tr\u00ean s\u1ef1 kh\u00e1c bi\u1ec7t v\u1ec1 tr\u1ecdng l\u01b0\u1ee3ng ri\u00eang, k\u00edch th\u01b0\u1edbc h\u1ea1t v\u00e0 h\u1ec7 s\u1ed1 ma s\u00e1t gi\u1eefa g\u1ea1o l\u1ee9t v\u00e0 l\u00faa. K\u1ebft qu\u1ea3 c\u1ee7a qu\u00e1 tr\u00ecnh t\u00e1ch, g\u1ea1o l\u1ee9t c\u00f3 tr\u1ecdng l\u01b0\u1ee3ng l\u1edbn v\u00e0 h\u1ea1t nh\u1ecf s\u1ebd h\u01b0\u1edbng v\u1ec1 ph\u00eda tr\u00ean c\u1ee7a \u0111\u0129a t\u00e1ch, c\u00f2n g\u1ea1o c\u00f3 tr\u1ecdng l\u01b0\u1ee3ng ri\u00eang nh\u1ecf v\u00e0 h\u1ea1t l\u1edbn s\u1ebd h\u01b0\u1edbng v\u1ec1 ph\u00eda d\u01b0\u1edbi c\u1ee7a \u0111\u0129a, t\u00e1ch ri\u00eang g\u1ea1o l\u1ee9t tinh khi\u1ebft, l\u00faa tinh khi\u1ebft v\u00e0 h\u1ed7n h\u1ee3p.<\/p>    <div class=\"wp-block-columns is-layout-flex wp-container-core-columns-is-layout-9d6595d7 wp-block-columns-is-layout-flex\"> <div class=\"wp-block-column is-layout-flow wp-block-column-is-layout-flow\"> <figure class=\"wp-block-image size-full\"><img loading=\"lazy\" decoding=\"async\" width=\"750\" height=\"750\" src=\"https:\/\/cnricemill.com\/wp-content\/uploads\/2022\/08\/paddy-separator-factory.jpg\" alt=\"nh\u00e0 m\u00e1y s\u1ea3n xu\u1ea5t m\u00e1y t\u00e1ch l\u00faa\" class=\"wp-image-125\"\/><figcaption>nh\u00e0 m\u00e1y s\u1ea3n xu\u1ea5t m\u00e1y t\u00e1ch l\u00faa<\/figcaption><\/figure> <\/div>    <div class=\"wp-block-column is-layout-flow wp-block-column-is-layout-flow\"> <figure class=\"wp-block-image size-full\"><img loading=\"lazy\" decoding=\"async\" width=\"750\" height=\"750\" src=\"https:\/\/cnricemill.com\/wp-content\/uploads\/2022\/08\/paddy-separating-machine-workshop.jpg\" alt=\"X\u01b0\u1edfng m\u00e1y t\u00e1ch l\u00faa\" class=\"wp-image-126\"\/><figcaption>X\u01b0\u1edfng m\u00e1y t\u00e1ch l\u00faa<\/figcaption><\/figure> <\/div> <\/div>","protected":false},"excerpt":{"rendered":"<p>What is paddy separator? Paddy separator here is a machine that separates brown rice from paddy by the difference between surface friction and gravity. It can separate the mixture of paddy and brown rice into three kinds. One type is the brown rice that will enter the rice mill. One type is the mixer of [&hellip;]<\/p>\n","protected":false},"author":1,"featured_media":120,"parent":0,"template":"","tags":[16,13],"product-type":[],"class_list":["post-40","product","type-product","status-publish","has-post-thumbnail","hentry","tag-rice-processing","tag-rice-processing-machine"],"_links":{"self":[{"href":"https:\/\/cnricemill.com\/vi\/wp-json\/wp\/v2\/product\/40","targetHints":{"allow":["GET"]}}],"collection":[{"href":"https:\/\/cnricemill.com\/vi\/wp-json\/wp\/v2\/product"}],"about":[{"href":"https:\/\/cnricemill.com\/vi\/wp-json\/wp\/v2\/types\/product"}],"author":[{"embeddable":true,"href":"https:\/\/cnricemill.com\/vi\/wp-json\/wp\/v2\/users\/1"}],"wp:featuredmedia":[{"embeddable":true,"href":"https:\/\/cnricemill.com\/vi\/wp-json\/wp\/v2\/media\/120"}],"wp:attachment":[{"href":"https:\/\/cnricemill.com\/vi\/wp-json\/wp\/v2\/media?parent=40"}],"wp:term":[{"taxonomy":"post_tag","embeddable":true,"href":"https:\/\/cnricemill.com\/vi\/wp-json\/wp\/v2\/tags?post=40"},{"taxonomy":"product-type","embeddable":true,"href":"https:\/\/cnricemill.com\/vi\/wp-json\/wp\/v2\/product-type?post=40"}],"curies":[{"name":"wp","href":"https:\/\/api.w.org\/{rel}","templated":true}]}}