{"id":39,"date":"2022-08-11T10:01:37","date_gmt":"2022-08-11T02:01:37","guid":{"rendered":"https:\/\/cnricemill.com\/?post_type=product&#038;p=39"},"modified":"2024-12-23T11:38:53","modified_gmt":"2024-12-23T03:38:53","slug":"rice-grader","status":"publish","type":"product","link":"https:\/\/cnricemill.com\/vi\/product\/rice-grader\/","title":{"rendered":"M\u00e1y ph\u00e2n lo\u1ea1i g\u1ea1o"},"content":{"rendered":"<p class=\"translation-block\"><strong>M\u00e1y ph\u00e2n lo\u1ea1i g\u1ea1o<\/strong> ho\u1eb7c <strong>m\u00e1y ph\u00e2n lo\u1ea1i g\u1ea1o<\/strong> l\u00e0 m\u1ed9t m\u00e1y x\u1eed l\u00fd g\u1ea1o quan tr\u1ecdng. N\u00f3 ph\u00e2n lo\u1ea1i g\u1ea1o th\u00e0nh c\u00e1c ti\u00eau chu\u1ea9n kh\u00e1c nhau d\u1ef1a tr\u00ean \u0111\u1ed9 d\u00e0i c\u1ee7a g\u1ea1o. V\u00e0 sau \u0111\u00f3, g\u1ea1o c\u00f3 \u0111\u01b0\u1eddng k\u00ednh kh\u00e1c nhau s\u1ebd \u0111\u01b0\u1ee3c x\u1ea3 ra t\u1eeb c\u00e1c c\u1eeda ra kh\u00e1c nhau. Th\u01b0\u1eddng th\u00ec, m\u00e1y n\u00e0y \u0111\u01b0\u1ee3c s\u1eed d\u1ee5ng nh\u01b0 m\u1ed9t ph\u1ea7n c\u1ee7a nh\u00e0 m\u00e1y xay x\u00e1t g\u1ea1o t\u1ef1 \u0111\u1ed9ng ho\u00e0n ch\u1ec9nh. \u0110\u1ed1i v\u1edbi c\u00e1c c\u00f4ng su\u1ea5t kh\u00e1c nhau c\u1ee7a d\u00e2y chuy\u1ec1n s\u1ea3n xu\u1ea5t g\u1ea1o, b\u1ea1n c\u00f3 th\u1ec3 ch\u1ecdn m\u1ed9t m\u00e1y ph\u00e2n lo\u1ea1i g\u1ea1o ph\u00f9 h\u1ee3p. D\u00f2ng m\u00e1y ph\u00e2n lo\u1ea1i g\u1ea1o Taizy MMJP c\u00f3 b\u00e1n v\u1edbi c\u00e1c \u0111\u1eb7c \u0111i\u1ec3m hi\u1ec7u qu\u1ea3 cao v\u00e0 hi\u1ec7u su\u1ea5t \u1ed5n \u0111\u1ecbnh. N\u00f3 ph\u1ed5 bi\u1ebfn tr\u00ean to\u00e0n th\u1ebf gi\u1edbi. L\u00e0 nh\u00e0 s\u1ea3n xu\u1ea5t m\u00e1y ph\u00e2n lo\u1ea1i g\u1ea1o c\u00f3 kinh nghi\u1ec7m phong ph\u00fa, ch\u00fang t\u00f4i cung c\u1ea5p d\u1ecbch v\u1ee5 t\u00f9y ch\u1ec9nh chuy\u00ean nghi\u1ec7p, \u0111\u00e0o t\u1ea1o v\u00e0 h\u01b0\u1edbng d\u1eabn \u0111\u1ec3 b\u1eaft \u0111\u1ea7u kinh doanh nh\u00e0 m\u00e1y xay x\u00e1t g\u1ea1o c\u1ee7a b\u1ea1n. H\u00e3y li\u00ean h\u1ec7 v\u1edbi ch\u00fang t\u00f4i \u0111\u1ec3 nh\u1eadn b\u1ea3ng gi\u00e1 mi\u1ec5n ph\u00ed.<\/p>    <figure class=\"wp-block-image size-full\"><img loading=\"lazy\" decoding=\"async\" width=\"720\" height=\"540\" src=\"https:\/\/cnricemill.com\/wp-content\/uploads\/2022\/08\/rice-grader.jpg\" alt=\"m\u00e1y ph\u00e2n lo\u1ea1i g\u1ea1o\" class=\"wp-image-130\"\/><figcaption>m\u00e1y ph\u00e2n lo\u1ea1i g\u1ea1o \u0111\u1ec3 b\u00e1n<\/figcaption><\/figure>    <h2 class=\"wp-block-heading\">m\u00e1y ph\u00e2n lo\u1ea1i g\u1ea1o l\u00e0 g\u00ec?<\/h2>    <p>M\u00e1y ph\u00e2n lo\u1ea1i g\u1ea1o \u0111\u01b0\u1ee3c thi\u1ebft k\u1ebf \u0111\u1ec3 ph\u00e2n lo\u1ea1i g\u1ea1o. N\u00f3 c\u00f3 th\u1ec3 chia g\u1ea1o \u0111\u00e3 xay th\u00e0nh c\u00e1c lo\u1ea1i kh\u00e1c nhau m\u1ed9t c\u00e1ch ch\u00ednh x\u00e1c v\u00e0 hi\u1ec7u qu\u1ea3 d\u1ef1a tr\u00ean \u0111\u1ed9 d\u00e0i:<\/p>    <ol class=\"wp-block-list\" type=\"1\"><li>G\u1ea1o v\u1ee1 nh\u1ecf<\/li><li>G\u1ea1o v\u1ee1 trung b\u00ecnh<\/li><li>G\u1ea1o v\u1ee1 l\u1edbn<\/li><li>G\u1ea1o nguy\u00ean ho\u1eb7c g\u1ea1o \u0111\u1ea7u<\/li><\/ol>    <p>N\u00f3 gi\u00fap n\u00e2ng cao ch\u1ea5t l\u01b0\u1ee3ng v\u00e0 v\u1ebb ngo\u00e0i c\u1ee7a s\u1ea3n ph\u1ea9m g\u1ea1o cu\u1ed1i c\u00f9ng.<\/p>    <div class=\"wp-block-columns is-layout-flex wp-container-core-columns-is-layout-9d6595d7 wp-block-columns-is-layout-flex\"> <div class=\"wp-block-column is-layout-flow wp-block-column-is-layout-flow\"> <figure class=\"wp-block-image size-full\"><img loading=\"lazy\" decoding=\"async\" width=\"750\" height=\"750\" src=\"https:\/\/cnricemill.com\/wp-content\/uploads\/2022\/08\/left-view-of-the-rice-grader.jpg\" alt=\"H\u00ecnh \u1ea3nh ph\u00eda b\u00ean tr\u00e1i c\u1ee7a m\u00e1y ph\u00e2n lo\u1ea1i g\u1ea1o\" class=\"wp-image-132\"\/><figcaption>H\u00ecnh \u1ea3nh ph\u00eda b\u00ean tr\u00e1i c\u1ee7a m\u00e1y ph\u00e2n lo\u1ea1i g\u1ea1o<\/figcaption><\/figure> <\/div>    <div class=\"wp-block-column is-layout-flow wp-block-column-is-layout-flow\"> <figure class=\"wp-block-image size-full\"><img loading=\"lazy\" decoding=\"async\" width=\"750\" height=\"750\" src=\"https:\/\/cnricemill.com\/wp-content\/uploads\/2022\/08\/right-view-of-the-rice-grader.jpg\" alt=\"H\u00ecnh \u1ea3nh ph\u00eda b\u00ean ph\u1ea3i c\u1ee7a m\u00e1y ph\u00e2n lo\u1ea1i g\u1ea1o\" class=\"wp-image-133\"\/><figcaption>H\u00ecnh \u1ea3nh ph\u00eda b\u00ean ph\u1ea3i c\u1ee7a m\u00e1y ph\u00e2n lo\u1ea1i g\u1ea1o<\/figcaption><\/figure> <\/div> <\/div>    <h2 class=\"wp-block-heading\">Th\u00f4ng s\u1ed1 k\u1ef9 thu\u1eadt c\u1ee7a m\u00e1y ph\u00e2n lo\u1ea1i g\u1ea1o Taizy<\/h2>    <figure class=\"wp-block-table\"><table><tbody><tr><td>M\u1eabu m\u00e3<\/td><td>C\u00f4ng su\u1ea5t (t\/h)<\/td><td>C\u00f4ng su\u1ea5t (KW)<\/td><td>K\u00edch th\u01b0\u1edbc (L*W*H)<\/td><\/tr><tr><td>MMJP63*3<\/td><td>0.8-1.25<\/td><td>0.75<\/td><td>1462*740*1280<\/td><\/tr><tr><td>MMJP80*3<\/td><td>1.5-2<\/td><td>1.1<\/td><td>1600*1000*1315<\/td><\/tr><tr><td>MMJP100*3<\/td><td>2.5-3.3<\/td><td>1.1<\/td><td>1690*1090*1386<\/td><\/tr><tr><td>MMJP100*4<\/td><td>2.5-3.5<\/td><td>1.1<\/td><td>1690*1087*1420<\/td><\/tr><tr><td>MMJP112*3<\/td><td>3.5-4.2<\/td><td>1.1<\/td><td>1690*1208*1386<\/td><\/tr><tr><td>MMJP112*4<\/td><td>3.5-4.5<\/td><td>1.1<\/td><td>1690*1208*1420<\/td><\/tr><tr><td>MMJP125*3<\/td><td>4.5-5<\/td><td>1.5<\/td><td>1690*1458*1386<\/td><\/tr><tr><td>MMJP125*4<\/td><td>4.5-5.2<\/td><td>1.5<\/td><td>1690*1457*1420<\/td><\/tr><tr><td>MMJP150*4<\/td><td>5.5-6<\/td><td>1.5<\/td><td>1725*1580*1500<\/td><\/tr><\/tbody><\/table><\/figure>    <h2 class=\"wp-block-heading\">\u0110\u1eb7c \u0111i\u1ec3m c\u1ee7a m\u00e1y ph\u00e2n lo\u1ea1i g\u1ea1o Taizy<\/h2>    <ol class=\"wp-block-list\" type=\"1\"><li>C\u00f3 k\u00edch th\u01b0\u1edbc nh\u1ecf v\u00e0 gi\u00e1 c\u1ea3 ph\u1ea3i ch\u0103ng<\/li><li>M\u00e1y ph\u00e2n lo\u1ea1i g\u1ea1o c\u00f3 thi\u1ebft k\u1ebf h\u1ee3p l\u00fd v\u00e0 c\u1ea5u tr\u00fac \u0111\u01a1n gi\u1ea3n, d\u1ec5 v\u1eadn h\u00e0nh v\u00e0 b\u1ea3o tr\u00ec<\/li><li>M\u00e1y ph\u00e2n lo\u1ea1i g\u1ea1o Taizy b\u00e1n ch\u1ea1y v\u1edbi hi\u1ec7u qu\u1ea3 cao v\u00e0 ti\u00eau th\u1ee5 n\u0103ng l\u01b0\u1ee3ng th\u1ea5p<\/li><li>M\u00e1y c\u00f3 kh\u1ea3 n\u0103ng th\u00edch \u1ee9ng cao, ti\u1ebfng \u1ed3n nh\u1ecf v\u00e0 n\u0103ng su\u1ea5t cao<\/li><li>S\u1eed d\u1ee5ng v\u1eadt li\u1ec7u b\u1ec1n, c\u00f3 tu\u1ed5i th\u1ecd d\u00e0i<\/li><li>M\u00e1y x\u1eed l\u00fd g\u1ea1o n\u00e0y c\u00f3 m\u00e0n h\u00ecnh nhi\u1ec1u l\u1edbp, ph\u00f9 h\u1ee3p v\u1edbi c\u00e1c c\u00f4ng su\u1ea5t ph\u00e2n lo\u1ea1i g\u1ea1o kh\u00e1c nhau<\/li><\/ol>    <h2 class=\"wp-block-heading\">M\u00e1y ph\u00e2n lo\u1ea1i g\u1ea1o d\u00f9ng \u0111\u1ec3 l\u00e0m g\u00ec?<\/h2>    <p class=\"translation-block\">M\u00e1y ph\u00e2n lo\u1ea1i g\u1ea1o d\u00f9ng \u0111\u1ec3 ph\u00e2n chia g\u1ea1o th\u00e0nh c\u00e1c lo\u1ea1i theo k\u00edch th\u01b0\u1edbc. N\u00f3 nh\u1eb1m ch\u1ecdn g\u1ea1o ph\u00f9 h\u1ee3p v\u1edbi k\u00edch th\u01b0\u1edbc v\u00e0 lo\u1ea1i b\u1ecf g\u1ea1o v\u1ee1 kh\u00f4ng \u0111\u00e1p \u1ee9ng y\u00eau c\u1ea7u. M\u00e1y ph\u00e2n lo\u1ea1i g\u1ea1o l\u00e0 m\u1ed9t ph\u1ea7n thi\u1ebft y\u1ebfu v\u00e0 quan tr\u1ecdng c\u1ee7a <a href=\"https:\/\/cnricemill.com\/vi\/products\/rice-mill-plant\/\">nh\u00e0 m\u00e1y xay x\u00e1t g\u1ea1o to\u00e0n b\u1ed9<\/a>.<\/p>    <h2 class=\"wp-block-heading\">M\u00e1y ph\u00e2n lo\u1ea1i g\u1ea1o gi\u00e1 bao nhi\u00eau?<\/h2>    <p class=\"translation-block\">Gi\u00e1 c\u1ee7a m\u00e1y ph\u00e2n lo\u1ea1i g\u1ea1o kh\u00f4ng c\u1ed1 \u0111\u1ecbnh. B\u1edfi v\u00ec chi ph\u00ed li\u00ean quan ch\u1eb7t ch\u1ebd \u0111\u1ebfn c\u00e1c tham s\u1ed1 c\u1ee7a n\u00f3, nh\u01b0 c\u00f4ng su\u1ea5t, m\u1eabu m\u00e3, k\u00edch th\u01b0\u1edbc, th\u01b0\u01a1ng hi\u1ec7u, \u0111\u1ed9ng c\u01a1, v.v. Ngo\u00e0i ra, gi\u00e1 m\u00e1y ph\u00e2n lo\u1ea1i g\u1ea1o c\u00f2n li\u00ean quan \u0111\u1ebfn c\u00e1c y\u1ebfu t\u1ed1 b\u00ean ngo\u00e0i nh\u01b0 chi ph\u00ed v\u1eadn chuy\u1ec3n v\u00e0 t\u1ef7 gi\u00e1 h\u1ed1i \u0111o\u00e1i. V\u00ec v\u1eady, n\u1ebfu b\u1ea1n quan t\u00e2m \u0111\u1ebfn <a href=\"https:\/\/cnricemill.com\/vi\/product\/\">m\u00e1y x\u1eed l\u00fd g\u1ea1o<\/a> n\u00e0y, h\u00e3y cho ch\u00fang t\u00f4i bi\u1ebft y\u00eau c\u1ea7u c\u1ee7a b\u1ea1n, v\u00e0 ch\u00fang t\u00f4i s\u1ebd g\u1eedi b\u00e1o gi\u00e1 chi ti\u1ebft.<\/p>","protected":false},"excerpt":{"rendered":"<p>Rice grader or rice grading machine is an important rice processing machine. It grades rice into different standards based on the rice length. And then the rice with different diameters will be discharged from different outlets. Usually, this machine is used as a part of a fully automatic rice mill plant. For different capacities of [&hellip;]<\/p>\n","protected":false},"author":1,"featured_media":129,"parent":0,"template":"","tags":[16,13],"product-type":[],"class_list":["post-39","product","type-product","status-publish","has-post-thumbnail","hentry","tag-rice-processing","tag-rice-processing-machine"],"_links":{"self":[{"href":"https:\/\/cnricemill.com\/vi\/wp-json\/wp\/v2\/product\/39","targetHints":{"allow":["GET"]}}],"collection":[{"href":"https:\/\/cnricemill.com\/vi\/wp-json\/wp\/v2\/product"}],"about":[{"href":"https:\/\/cnricemill.com\/vi\/wp-json\/wp\/v2\/types\/product"}],"author":[{"embeddable":true,"href":"https:\/\/cnricemill.com\/vi\/wp-json\/wp\/v2\/users\/1"}],"wp:featuredmedia":[{"embeddable":true,"href":"https:\/\/cnricemill.com\/vi\/wp-json\/wp\/v2\/media\/129"}],"wp:attachment":[{"href":"https:\/\/cnricemill.com\/vi\/wp-json\/wp\/v2\/media?parent=39"}],"wp:term":[{"taxonomy":"post_tag","embeddable":true,"href":"https:\/\/cnricemill.com\/vi\/wp-json\/wp\/v2\/tags?post=39"},{"taxonomy":"product-type","embeddable":true,"href":"https:\/\/cnricemill.com\/vi\/wp-json\/wp\/v2\/product-type?post=39"}],"curies":[{"name":"wp","href":"https:\/\/api.w.org\/{rel}","templated":true}]}}