{"id":38,"date":"2022-08-11T09:58:33","date_gmt":"2022-08-11T01:58:33","guid":{"rendered":"https:\/\/cnricemill.com\/?post_type=product&#038;p=38"},"modified":"2024-12-23T11:39:37","modified_gmt":"2024-12-23T03:39:37","slug":"rice-packing-machine","status":"publish","type":"product","link":"https:\/\/cnricemill.com\/vi\/product\/rice-packing-machine\/","title":{"rendered":"M\u00e1y \u0111\u00f3ng g\u00f3i g\u1ea1o"},"content":{"rendered":"<p class=\"translation-block\"><strong>M\u00e1y \u0111\u00f3ng g\u00f3i g\u1ea1o<\/strong> \u0111\u01b0\u1ee3c s\u1eed d\u1ee5ng \u0111\u1ec3 \u0111\u00f3ng g\u00f3i g\u1ea1o t\u1ef1 \u0111\u1ed9ng v\u00e0 hi\u1ec7u qu\u1ea3. N\u00f3 l\u00e0 m\u1ed9t lo\u1ea1i <strong>m\u00e1y \u0111i\u1ec1n v\u00e0 ni\u00eam phong t\u00fai g\u1ea1o<\/strong>. M\u00e1y \u0111\u00f3ng g\u00f3i g\u1ea1o c\u00f3 th\u1ec3 ho\u00e0n th\u00e0nh ch\u1ee9c n\u0103ng c\u00e2n \u0111\u1ecbnh l\u01b0\u1ee3ng, \u0111i\u1ec1n \u0111\u1ea7y hi\u1ec7u qu\u1ea3, v\u00e0 ni\u00eam phong ch\u00ednh x\u00e1c. N\u00f3 ph\u00f9 h\u1ee3p \u0111\u1ec3 \u0111\u00f3ng g\u00f3i c\u00e1c s\u1ea3n ph\u1ea9m g\u1ea1o t\u1eeb 5kg \u0111\u1ebfn 50kg. V\u00e0 \u0111\u00f3ng g\u00f3i g\u1ea1o 5kg, 25kg, v\u00e0 50kg r\u1ea5t ph\u1ed5 bi\u1ebfn trong s\u1ed1 \u0111\u00f3. V\u1edbi c\u00e1c \u0111\u1eb7c \u0111i\u1ec3m d\u1ec5 v\u1eadn h\u00e0nh, hi\u1ec7u su\u1ea5t \u1ed5n \u0111\u1ecbnh, v\u00e0 si\u00eau hi\u1ec7u qu\u1ea3, <strong>m\u00e1y \u0111i\u1ec1n g\u1ea1o<\/strong> c\u00f3 th\u1ec3 n\u00e2ng cao n\u0103ng su\u1ea5t c\u1ee7a b\u1ea1n v\u00e0 mang l\u1ea1i l\u1ee3i \u00edch cho doanh nghi\u1ec7p c\u1ee7a b\u1ea1n. L\u00e0 nh\u00e0 s\u1ea3n xu\u1ea5t m\u00e1y ch\u1ebf bi\u1ebfn g\u1ea1o h\u00e0ng \u0111\u1ea7u, TAIZY Machinery cung c\u1ea5p m\u00e1y \u0111\u00f3ng g\u00f3i g\u1ea1o ch\u1ea5t l\u01b0\u1ee3ng v\u00e0 gi\u00e1 c\u1ea3 ph\u1ea3i ch\u0103ng cho c\u00e1c \u0111\u1ed1i t\u00e1c to\u00e0n c\u1ea7u. Ch\u00e0o m\u1eebng b\u1ea1n li\u00ean h\u1ec7 v\u1edbi <a href=\"https:\/\/cnricemill.com\/vi\/contact-us\/\">ch\u00fang t\u00f4i<\/a> \u0111\u1ec3 bi\u1ebft th\u00eam chi ti\u1ebft.<\/p>    <h2 class=\"wp-block-heading\">C\u00e1c t\u00ednh n\u0103ng hi\u1ec7u su\u1ea5t c\u1ee7a m\u00e1y \u0111\u00f3ng g\u00f3i g\u1ea1o Taizy <\/h2>    <ol class=\"wp-block-list\" type=\"1\"><li>M\u00e1y \u0111\u00f3ng g\u00f3i g\u1ea1o \u00e1p d\u1ee5ng c\u00f4ng ngh\u1ec7 ti\u00ean ti\u1ebfn qu\u1ed1c t\u1ebf. \u0110\u1ed9 ch\u00ednh x\u00e1c kho\u1ea3ng 5 g. v\u00e0 t\u1ed1c \u0111\u1ed9 \u0111\u00f3ng g\u00f3i t\u1eeb 360-450 t\u00fai m\u1ed7i gi\u1edd.<\/li><li>C\u00e1c b\u1ed9 ph\u1eadn ti\u1ebfp x\u00fac v\u1edbi nguy\u00ean li\u1ec7u \u0111\u01b0\u1ee3c l\u00e0m b\u1eb1ng th\u00e9p kh\u00f4ng g\u1ec9 \u0111\u1ea1t ti\u00eau chu\u1ea9n v\u1ec7 sinh cao, ch\u1ed1ng \u0103n m\u00f2n l\u00e2u d\u00e0i.<\/li><li>Ph\u1ea1m vi \u0111\u1ecbnh l\u01b0\u1ee3ng r\u1ed9ng, \u0111\u1ed9 ch\u00ednh x\u00e1c cao, n\u1ec1n c\u00f3 th\u1ec3 n\u00e2ng l\u00ean, hi\u1ec7u qu\u1ea3 cao, \u0111a ch\u1ee9c n\u0103ng.<\/li><li>M\u00e1y \u0111\u00f3ng g\u00f3i t\u00fai g\u1ea1o c\u00f3 l\u1ee3i th\u1ebf v\u1ec1 \u0111\u1ed9 ch\u00ednh x\u00e1c t\u00ednh to\u00e1n cao, hi\u1ec3n th\u1ecb k\u1ef9 thu\u1eadt s\u1ed1, v\u1eadn h\u00e0nh \u1ed5n \u0111\u1ecbnh, v\u00e0 d\u1ec5 v\u1eadn h\u00e0nh.&nbsp;<\/li><li>S\u1eed d\u1ee5ng c\u1ea3m bi\u1ebfn th\u01b0\u01a1ng hi\u1ec7u v\u00e0 b\u1ed9 truy\u1ec1n kh\u00ed n\u00e9n, d\u1ec5 b\u1ea3o tr\u00ec, ho\u1ea1t \u0111\u1ed9ng \u0111\u00e1ng tin c\u1eady, kh\u00f4ng g\u00e2y \u00f4 nhi\u1ec5m.&nbsp;<\/li><li>M\u00e1y \u0111i\u1ec1n g\u1ea1o c\u00f3 th\u1ec3 \u0111\u01b0\u1ee3c trang b\u1ecb m\u00e1y may v\u00e0 b\u0103ng chuy\u1ec1n, gi\u00fap th\u1ef1c hi\u1ec7n qu\u00e1 tr\u00ecnh \u0111i\u1ec1n \u0111\u1ea7y v\u00e0 ni\u00eam phong t\u1ef1 \u0111\u1ed9ng.<\/li><li>Ch\u00fang t\u00f4i h\u1ed7 tr\u1ee3 d\u1ecbch v\u1ee5 t\u00f9y ch\u1ec9nh m\u1ea1nh m\u1ebd \u0111\u1ec3 \u0111\u00e1p \u1ee9ng y\u00eau c\u1ea7u c\u1ee5 th\u1ec3 c\u1ee7a b\u1ea1n. &nbsp;<\/li><\/ol>    <h2 class=\"wp-block-heading\">Chi ti\u1ebft c\u1ea5u tr\u00fac c\u1ee7a m\u00e1y \u0111\u00f3ng g\u00f3i g\u1ea1o d\u1ea1ng t\u00fai<\/h2>    <p>M\u00e1y \u0111\u00f3ng g\u00f3i t\u00fai g\u1ea1o t\u1ef1 \u0111\u1ed9ng ch\u1ee7 y\u1ebfu g\u1ed3m ba h\u1ec7 th\u1ed1ng, h\u1ec7 th\u1ed1ng c\u00e2n \u0111\u1ecbnh l\u01b0\u1ee3ng v\u00e0 \u0111i\u1ec1n \u0111\u1ea7y, h\u1ec7 th\u1ed1ng v\u1eadn chuy\u1ec3n, v\u00e0 h\u1ec7 th\u1ed1ng may ni\u00eam phong. N\u00f3 bao g\u1ed3m c\u00e1c b\u1ed9 ph\u1eadn n\u00e0y: c\u01a1 quan \u0111\u1ecbnh l\u01b0\u1ee3ng, c\u01a1 ch\u1ebf kh\u00ed n\u00e9n, h\u1ed9p \u0111i\u1ec1u khi\u1ec3n, th\u00e2n c\u00e2n, b\u0103ng t\u1ea3i, b\u0103ng chuy\u1ec1n, h\u1ed9p \u0111i\u1ec1u khi\u1ec3n m\u00e1y may, v\u00e0 m\u00e1y \u0111\u00f3ng g\u00f3i. To\u00e0n b\u1ed9 m\u00e1y \u0111\u00f3ng g\u00f3i t\u00fai g\u1ea1o c\u00f3 c\u1ea5u tr\u00fac \u0111\u01a1n gi\u1ea3n v\u00e0 thi\u1ebft k\u1ebf h\u1ee3p l\u00fd. D\u1ec5 d\u00e0ng l\u1eafp \u0111\u1eb7t, v\u1eadn h\u00e0nh v\u00e0 b\u1ea3o tr\u00ec. &nbsp;&nbsp;&nbsp;<\/p>    <figure class=\"wp-block-image size-full\"><img loading=\"lazy\" decoding=\"async\" width=\"720\" height=\"540\" src=\"https:\/\/cnricemill.com\/wp-content\/uploads\/2022\/08\/rice-filling-sealing-machine-structure.jpg\" alt=\"C\u1ea5u tr\u00fac m\u00e1y \u0111i\u1ec1n v\u00e0 ni\u00eam phong g\u1ea1o\" class=\"wp-image-115\"\/><figcaption>C\u1ea5u tr\u00fac m\u00e1y \u0111i\u1ec1n v\u00e0 ni\u00eam phong g\u1ea1o<\/figcaption><\/figure>    <h2 class=\"wp-block-heading\">\u1ee8ng d\u1ee5ng c\u1ee7a m\u00e1y \u0111\u00f3ng g\u00f3i cho g\u1ea1o<\/h2>    <p>M\u00e1y \u0111\u00f3ng g\u00f3i g\u1ea1o t\u1eeb 5kg - 50kg \u0111\u01b0\u1ee3c s\u1eed d\u1ee5ng \u0111\u1ec3 \u0111i\u1ec1n v\u00e0 ni\u00eam phong c\u00e1c s\u1ea3n ph\u1ea9m g\u1ea1o. Tuy nhi\u00ean, nh\u01b0 m\u1ed9t lo\u1ea1i m\u00e1y \u0111\u00f3ng g\u00f3i h\u1ea1t, n\u00f3 c\u0169ng l\u00fd t\u01b0\u1edfng \u0111\u1ec3 \u0111\u00f3ng g\u00f3i nhi\u1ec1u lo\u1ea1i h\u1ea1t kh\u00e1c, nh\u01b0 \u0111\u1eadu ph\u1ed9ng, h\u1ea1t c\u00e0 ph\u00ea, l\u00faa, h\u1ea1t h\u01b0\u1edbng d\u01b0\u01a1ng, l\u00faa m\u00ec, ng\u00f4, \u0111\u1eadu, m\u00e8, th\u1ee9c \u0103n ch\u00f3, th\u1ee9c \u0103n m\u00e8o, v.v. T\u00fai c\u00f3 th\u1ec3 l\u00e0 c\u00e1c lo\u1ea1i kh\u00e1c nhau, t\u00fai nh\u1ef1a, t\u00fai gi\u1ea5y, v\u00e0 t\u00fai v\u1ea3i.<\/p>    <h2 class=\"wp-block-heading\">Thi\u1ebft b\u1ecb t\u00f9y ch\u1ecdn<\/h2>    <div class=\"wp-block-columns is-layout-flex wp-container-core-columns-is-layout-9d6595d7 wp-block-columns-is-layout-flex\"> <div class=\"wp-block-column is-layout-flow wp-block-column-is-layout-flow\"> <figure class=\"wp-block-image size-full\"><img loading=\"lazy\" decoding=\"async\" width=\"720\" height=\"540\" src=\"https:\/\/cnricemill.com\/wp-content\/uploads\/2022\/08\/conveyor-belt.jpg\" alt=\"b\u0103ng t\u1ea3i\" class=\"wp-image-116\"\/><figcaption>b\u0103ng t\u1ea3i<\/figcaption><\/figure> <\/div>    <div class=\"wp-block-column is-layout-flow wp-block-column-is-layout-flow\"> <figure class=\"wp-block-image size-full\"><img loading=\"lazy\" decoding=\"async\" width=\"720\" height=\"540\" src=\"https:\/\/cnricemill.com\/wp-content\/uploads\/2022\/08\/feeding-elevator.jpg\" alt=\"thang n\u00e2ng c\u1ea5p th\u1ef1c ph\u1ea9m\" class=\"wp-image-118\"\/><figcaption>thang n\u00e2ng c\u1ea5p th\u1ef1c ph\u1ea9m<\/figcaption><\/figure> <\/div> <\/div>    <h2 class=\"wp-block-heading\">T\u1ea1i sao m\u00e1y \u0111i\u1ec1n g\u1ea1o l\u1ea1i l\u00e0 l\u1ef1a ch\u1ecdn t\u1ed1t nh\u1ea5t cho doanh nghi\u1ec7p \u0111\u00f3ng g\u00f3i g\u1ea1o c\u1ee7a b\u1ea1n?<\/h2>    <p>Th\u1ef1c t\u1ebf, m\u00e1y \u0111\u00f3ng g\u00f3i g\u1ea1o n\u00e0y l\u00e0 m\u1ed9t lo\u1ea1i m\u00e1y \u0111i\u1ec1n v\u00e0 ni\u00eam phong t\u00fai g\u1ea1o. So v\u1edbi nhi\u1ec1u m\u00e1y \u0111\u00f3ng g\u00f3i g\u1ea1o kh\u00e1c, n\u00f3 ph\u00f9 h\u1ee3p kh\u00e1 t\u1ed1t v\u1edbi nh\u00e0 m\u00e1y g\u1ea1o c\u1ee7a b\u1ea1n v\u00e0 c\u00f3 nhi\u1ec1u \u01b0u \u0111i\u1ec3m \u0111\u1ed9c \u0111\u00e1o.<\/p>    <ol class=\"wp-block-list\" type=\"1\"><li>Hi\u1ec7u qu\u1ea3 cao. M\u00e1y n\u00e0y ph\u00f9 h\u1ee3p v\u1edbi nhu c\u1ea7u s\u1ea3n xu\u1ea5t g\u1ea1o l\u1edbn. T\u1ed1c \u0111\u1ed9 \u0111\u00f3ng g\u00f3i c\u00f3 th\u1ec3 \u0111\u1ea1t 450 t\u00fai m\u1ed7i gi\u1edd. \u0110i\u1ec1u n\u00e0y c\u00f3 th\u1ec3 n\u00e2ng cao hi\u1ec7u qu\u1ea3 c\u1ee7a b\u1ea1n v\u00e0 ti\u1ebft ki\u1ec7m chi ph\u00ed lao \u0111\u1ed9ng.<\/li><li>Gi\u00e1 c\u1ea3 ph\u1ea3i ch\u0103ng. M\u00e1y \u0111\u00f3ng g\u00f3i t\u00fai g\u1ea1o n\u00e0y c\u00f3 m\u1ee9c gi\u00e1 r\u1ea5t h\u1ee3p l\u00fd. So v\u1edbi c\u00e1c m\u00e1y \u0111\u00f3ng g\u00f3i t\u1ef1 \u0111\u1ed9ng ho\u00e0n to\u00e0n kh\u00e1c, n\u00f3 c\u00f3 hi\u1ec7u su\u1ea5t chi ph\u00ed kh\u00e1 cao.<\/li><li>D\u1ec5 v\u1eadn h\u00e0nh. M\u00e1y n\u00e0y c\u00f3 c\u1ea5u tr\u00fac \u0111\u01a1n gi\u1ea3n v\u00e0 thi\u1ebft k\u1ebf ph\u00f9 h\u1ee3p, r\u1ea5t d\u1ec5 v\u1eadn h\u00e0nh v\u00e0 b\u1ea3o tr\u00ec. V\u00e0 ch\u1ec9 c\u1ea7n m\u1ed9t c\u00f4ng nh\u00e2n \u0111\u1ec3 v\u1eadn h\u00e0nh. &nbsp;&nbsp;<\/li><\/ol>    <h2 class=\"wp-block-heading\">Li\u00ean h\u1ec7 v\u1edbi ch\u00fang t\u00f4i \u0111\u1ec3 b\u1eaft \u0111\u1ea7u kinh doanh g\u1ea1o c\u1ee7a b\u1ea1n<\/h2>    <p class=\"translation-block\">M\u00e1y \u0111\u00f3ng g\u00f3i g\u1ea1o l\u00e0 m\u1ed9t ph\u1ea7n thi\u1ebft y\u1ebfu v\u00e0 quan tr\u1ecdng c\u1ee7a to\u00e0n b\u1ed9 <a href=\"https:\/\/cnricemill.com\/vi\/products\/rice-mill-plant\/\">quy tr\u00ecnh ch\u1ebf bi\u1ebfn g\u1ea1o<\/a>. N\u00f3 l\u00e0 b\u01b0\u1edbc cu\u1ed1i c\u00f9ng tr\u01b0\u1edbc khi \u0111\u01b0a ra k\u1ec7 si\u00eau th\u1ecb. M\u00e1y \u0111i\u1ec1n g\u1ea1o c\u1ee7a Taizy \u0111\u1ec3 b\u00e1n ph\u00f9 h\u1ee3p v\u1edbi c\u00e1c ph\u1ea1m vi \u0111\u00f3ng g\u00f3i t\u1eeb 5kg \u0111\u1ebfn 50kg. N\u00f3 c\u00f3 l\u1ee3i \u00edch v\u1ec1 hi\u1ec7u su\u1ea5t \u1ed5n \u0111\u1ecbnh, si\u00eau hi\u1ec7u qu\u1ea3, v\u00e0 gi\u00e1 c\u1ea3 ph\u1ea3i ch\u0103ng. B\u1ea1n \u0111ang t\u00ecm ki\u1ebfm m\u1ed9t <a href=\"https:\/\/tianhuipackingmachine.com\/granule-packing-machines\/\" target=\"_blank\" rel=\"noopener\">gi\u1ea3i ph\u00e1p \u0111\u00f3ng g\u00f3i g\u1ea1o<\/a> xu\u1ea5t s\u1eafc? Li\u00ean h\u1ec7 v\u1edbi ch\u00fang t\u00f4i \u0111\u1ec3 bi\u1ebft th\u00eam chi ti\u1ebft h\u1eefu \u00edch. <\/p>","protected":false},"excerpt":{"rendered":"<p>Rice packing machine is used for rice packaging automatically and efficiently. It is a kind of rice bag filling sealing machine. The rice packaging machine can complete the function of quantitative weighing, efficient filling, and accurate sealing. It is suitable for packaging rice products ranging from 5kg to 50kg. And 5kg, 25kg, and 50kg rice [&hellip;]<\/p>\n","protected":false},"author":1,"featured_media":113,"parent":0,"template":"","tags":[16,13],"product-type":[],"class_list":["post-38","product","type-product","status-publish","has-post-thumbnail","hentry","tag-rice-processing","tag-rice-processing-machine"],"_links":{"self":[{"href":"https:\/\/cnricemill.com\/vi\/wp-json\/wp\/v2\/product\/38","targetHints":{"allow":["GET"]}}],"collection":[{"href":"https:\/\/cnricemill.com\/vi\/wp-json\/wp\/v2\/product"}],"about":[{"href":"https:\/\/cnricemill.com\/vi\/wp-json\/wp\/v2\/types\/product"}],"author":[{"embeddable":true,"href":"https:\/\/cnricemill.com\/vi\/wp-json\/wp\/v2\/users\/1"}],"wp:featuredmedia":[{"embeddable":true,"href":"https:\/\/cnricemill.com\/vi\/wp-json\/wp\/v2\/media\/113"}],"wp:attachment":[{"href":"https:\/\/cnricemill.com\/vi\/wp-json\/wp\/v2\/media?parent=38"}],"wp:term":[{"taxonomy":"post_tag","embeddable":true,"href":"https:\/\/cnricemill.com\/vi\/wp-json\/wp\/v2\/tags?post=38"},{"taxonomy":"product-type","embeddable":true,"href":"https:\/\/cnricemill.com\/vi\/wp-json\/wp\/v2\/product-type?post=38"}],"curies":[{"name":"wp","href":"https:\/\/api.w.org\/{rel}","templated":true}]}}