{"id":284,"date":"2024-02-29T18:02:47","date_gmt":"2024-02-29T10:02:47","guid":{"rendered":"https:\/\/cnricemill.com\/?post_type=product&#038;p=284"},"modified":"2024-12-23T11:34:22","modified_gmt":"2024-12-23T03:34:22","slug":"40tpd-automatic-rice-mill-plant","status":"publish","type":"product","link":"https:\/\/cnricemill.com\/vi\/product\/40tpd-automatic-rice-mill-plant\/","title":{"rendered":"Nh\u00e0 m\u00e1y xay g\u1ea1o t\u1ef1 \u0111\u1ed9ng 40TPD"},"content":{"rendered":"<p class=\"translation-block\">Nh\u00e0 m\u00e1y xay g\u1ea1o t\u1ef1 \u0111\u1ed9ng 40 t\u1ea5n\/ng\u00e0y n\u00e0y  \u0111\u01b0\u1ee3c s\u1eed d\u1ee5ng \u0111\u1ec3 ch\u1ebf bi\u1ebfn nguy\u00ean li\u1ec7u th\u00f4 nh\u01b0 g\u1ea1o paddy th\u00e0nh g\u1ea1o tr\u1eafng \u0103n \u0111\u01b0\u1ee3c ch\u1ea5t l\u01b0\u1ee3ng cao v\u1edbi c\u00f4ng su\u1ea5t 40 t\u1ea5n m\u1ed7i ng\u00e0y. Lo\u1ea1i nh\u00e0 m\u00e1y xay g\u1ea1o n\u00e0y c\u00f3 hi\u1ec7u su\u1ea5t cao, ti\u1ebft ki\u1ec7m n\u0103ng l\u01b0\u1ee3ng v\u00e0 t\u1ef1 \u0111\u1ed9ng h\u00f3a.<\/p>    <p>Nh\u00e0 m\u00e1y xay g\u1ea1o hi\u1ec7n \u0111\u1ea1i c\u1ee7a ch\u00fang t\u00f4i c\u00f3 nhi\u1ec1u c\u1ea5u h\u00ecnh kh\u00e1c nhau, ch\u1eb3ng h\u1ea1n nh\u01b0 2 m\u00e1y xay g\u1ea1o ho\u1eb7c 3 m\u00e1y xay g\u1ea1o, t\u00f9y thu\u1ed9c v\u00e0o nhu c\u1ea7u c\u1ee7a b\u1ea1n. N\u1ebfu b\u1ea1n quan t\u00e2m, h\u00e3y li\u00ean h\u1ec7 v\u1edbi t\u00f4i \u0111\u1ec3 bi\u1ebft th\u00eam chi ti\u1ebft v\u1ec1 m\u00e1y!<\/p>    <h2 class=\"wp-block-heading\"><strong>Nhi\u1ec1u c\u1ea5u h\u00ecnh c\u1ee7a nh\u00e0 m\u00e1y xay g\u1ea1o t\u1ef1 \u0111\u1ed9ng 40 t\u1ea5n\/ng\u00e0y<\/strong><\/h2>    <h3 class=\"wp-block-heading\"><strong>C\u1ea5u h\u00ecnh 1: M\u00e1y xay g\u1ea1o v\u1edbi 3 m\u00e1y xay g\u1ea1o &amp; m\u00e1y ph\u00e2n lo\u1ea1i g\u1ea1o ho\u1eb7c m\u00e1y ph\u00e2n lo\u1ea1i m\u00e0u<\/strong><\/h3>    <p>S\u1ef1 k\u1ebft h\u1ee3p n\u00e0y bao g\u1ed3m m\u00e1y l\u00e0m s\u1ea1ch, m\u00e1y t\u00e1ch \u0111\u00e1, m\u00e1y xay g\u1ea1o, m\u00e1y t\u00e1ch paddy tr\u1ecdng l\u1ef1c, 3 m\u00e1y xay g\u1ea1o v\u00e0 m\u00e1y ph\u00e2n lo\u1ea1i g\u1ea1o ho\u1eb7c m\u00e1y ph\u00e2n lo\u1ea1i m\u00e0u. \u0110i\u1ec1u n\u00e0y l\u00e0m cho vi\u1ec7c xay g\u1ea1o tr\u1edf n\u00ean t\u1ef1 \u0111\u1ed9ng v\u00e0 thu\u1eadn ti\u1ec7n h\u01a1n.<\/p>    <figure class=\"wp-block-gallery aligncenter has-nested-images columns-default is-cropped wp-block-gallery-2 is-layout-flex wp-block-gallery-is-layout-flex\"> <figure class=\"wp-block-image size-large\"><img loading=\"lazy\" decoding=\"async\" width=\"720\" height=\"540\" data-id=\"289\" src=\"https:\/\/cnricemill.com\/wp-content\/uploads\/2024\/02\/rice-mill-plant-with-rice-grader.webp\" alt=\"nh\u00e0 m\u00e1y xay g\u1ea1o v\u1edbi m\u00e1y ph\u00e2n lo\u1ea1i g\u1ea1o\" class=\"wp-image-289\" srcset=\"https:\/\/cnricemill.com\/wp-content\/uploads\/2024\/02\/rice-mill-plant-with-rice-grader.webp 720w, https:\/\/cnricemill.com\/wp-content\/uploads\/2024\/02\/rice-mill-plant-with-rice-grader-300x225.webp 300w\" sizes=\"auto, (max-width: 720px) 100vw, 720px\" \/><figcaption class=\"wp-element-caption\">nh\u00e0 m\u00e1y xay g\u1ea1o v\u1edbi m\u00e1y ph\u00e2n lo\u1ea1i g\u1ea1o<\/figcaption><\/figure>    <figure class=\"wp-block-image size-large\"><img loading=\"lazy\" decoding=\"async\" width=\"720\" height=\"540\" data-id=\"290\" src=\"https:\/\/cnricemill.com\/wp-content\/uploads\/2024\/02\/rice-milling-plant-wih-color-sorter.webp\" alt=\"nh\u00e0 m\u00e1y xay g\u1ea1o v\u1edbi m\u00e1y ph\u00e2n lo\u1ea1i m\u00e0u\" class=\"wp-image-290\" srcset=\"https:\/\/cnricemill.com\/wp-content\/uploads\/2024\/02\/rice-milling-plant-wih-color-sorter.webp 720w, https:\/\/cnricemill.com\/wp-content\/uploads\/2024\/02\/rice-milling-plant-wih-color-sorter-300x225.webp 300w\" sizes=\"auto, (max-width: 720px) 100vw, 720px\" \/><figcaption class=\"wp-element-caption\">nh\u00e0 m\u00e1y xay g\u1ea1o v\u1edbi m\u00e1y ph\u00e2n lo\u1ea1i m\u00e0u<\/figcaption><\/figure> <\/figure>    <h3 class=\"wp-block-heading\"><strong>C\u1ea5u h\u00ecnh 2: Nh\u00e0 m\u00e1y ch\u1ebf bi\u1ebfn g\u1ea1o v\u1edbi 3 m\u00e1y xay g\u1ea1o &amp; m\u00e1y ph\u00e2n lo\u1ea1i g\u1ea1o &amp; m\u00e1y \u0111\u00e1nh b\u00f3ng &amp; m\u00e1y ph\u00e2n lo\u1ea1i m\u00e0u<\/strong><\/h3>    <p>Nhi\u1ec1u ch\u1ee9c n\u0103ng \u0111\u01b0\u1ee3c th\u00eam v\u00e0o d\u1ef1a tr\u00ean c\u1ea5u h\u00ecnh 1. M\u00e1y ph\u00e2n lo\u1ea1i g\u1ea1o, m\u00e1y \u0111\u00e1nh b\u00f3ng v\u00e0 m\u00e1y ph\u00e2n lo\u1ea1i m\u00e0u l\u00e0m vi\u1ec7c c\u00f9ng nhau \u0111\u1ec3 s\u1ea3n xu\u1ea5t g\u1ea1o \u0103n tr\u1eafng t\u1ed1t h\u01a1n.<\/p>    <figure class=\"wp-block-gallery aligncenter has-nested-images columns-default is-cropped wp-block-gallery-3 is-layout-flex wp-block-gallery-is-layout-flex\"> <figure class=\"wp-block-image size-large\"><img loading=\"lazy\" decoding=\"async\" width=\"720\" height=\"540\" data-id=\"291\" src=\"https:\/\/cnricemill.com\/wp-content\/uploads\/2024\/02\/automatic-rice-mill-plant-with-rice-grader-polisher-and-color-sorter.webp\" alt=\"nh\u00e0 m\u00e1y xay g\u1ea1o t\u1ef1 \u0111\u1ed9ng v\u1edbi m\u00e1y ph\u00e2n lo\u1ea1i g\u1ea1o, m\u00e1y \u0111\u00e1nh b\u00f3ng v\u00e0 m\u00e1y ph\u00e2n lo\u1ea1i m\u00e0u\" class=\"wp-image-291\" srcset=\"https:\/\/cnricemill.com\/wp-content\/uploads\/2024\/02\/automatic-rice-mill-plant-with-rice-grader-polisher-and-color-sorter.webp 720w, https:\/\/cnricemill.com\/wp-content\/uploads\/2024\/02\/automatic-rice-mill-plant-with-rice-grader-polisher-and-color-sorter-300x225.webp 300w\" sizes=\"auto, (max-width: 720px) 100vw, 720px\" \/><figcaption class=\"wp-element-caption\">nh\u00e0 m\u00e1y xay g\u1ea1o t\u1ef1 \u0111\u1ed9ng v\u1edbi m\u00e1y ph\u00e2n lo\u1ea1i g\u1ea1o, m\u00e1y \u0111\u00e1nh b\u00f3ng v\u00e0 m\u00e1y ph\u00e2n lo\u1ea1i m\u00e0u<\/figcaption><\/figure>    <figure class=\"wp-block-image size-large\"><img loading=\"lazy\" decoding=\"async\" width=\"720\" height=\"540\" data-id=\"292\" src=\"https:\/\/cnricemill.com\/wp-content\/uploads\/2024\/02\/combined-rice-mill-with-3-millers.webp\" alt=\"nh\u00e0 m\u00e1y xay g\u1ea1o k\u1ebft h\u1ee3p v\u1edbi 3 m\u00e1y xay\" class=\"wp-image-292\" srcset=\"https:\/\/cnricemill.com\/wp-content\/uploads\/2024\/02\/combined-rice-mill-with-3-millers.webp 720w, https:\/\/cnricemill.com\/wp-content\/uploads\/2024\/02\/combined-rice-mill-with-3-millers-300x225.webp 300w\" sizes=\"auto, (max-width: 720px) 100vw, 720px\" \/><figcaption class=\"wp-element-caption\">nh\u00e0 m\u00e1y xay g\u1ea1o k\u1ebft h\u1ee3p v\u1edbi 3 m\u00e1y xay<\/figcaption><\/figure> <\/figure>    <h3 class=\"wp-block-heading\"><strong>C\u1ea5u h\u00ecnh 3: D\u00e2y chuy\u1ec1n xay g\u1ea1o v\u1edbi 3 m\u00e1y xay g\u1ea1o &amp; m\u00e1y ph\u00e2n lo\u1ea1i g\u1ea1o &amp; th\u00f9ng ch\u1ee9a &amp; m\u00e1y \u0111\u00e1nh b\u00f3ng &amp; m\u00e1y ph\u00e2n lo\u1ea1i m\u00e0u<\/strong><\/h3>    <p>D\u1ef1a tr\u00ean c\u1ea5u h\u00ecnh 2, c\u00e1i n\u00e0y th\u00eam th\u00f9ng ch\u1ee9a trong qu\u00e1 tr\u00ecnh ch\u1ebf bi\u1ebfn g\u1ea1o, \u0111i\u1ec1u n\u00e0y hi\u1ec7u qu\u1ea3 h\u01a1n trong qu\u00e1 tr\u00ecnh xay g\u1ea1o.<\/p>    <figure class=\"wp-block-gallery aligncenter has-nested-images columns-default is-cropped wp-block-gallery-4 is-layout-flex wp-block-gallery-is-layout-flex\"> <figure class=\"wp-block-image size-large\"><img loading=\"lazy\" decoding=\"async\" width=\"720\" height=\"540\" data-id=\"293\" src=\"https:\/\/cnricemill.com\/wp-content\/uploads\/2024\/02\/automatic-rice-mill-plant-machinery.webp\" alt=\"M\u00e1y m\u00f3c nh\u00e0 m\u00e1y xay g\u1ea1o t\u1ef1 \u0111\u1ed9ng.\" class=\"wp-image-293\" srcset=\"https:\/\/cnricemill.com\/wp-content\/uploads\/2024\/02\/automatic-rice-mill-plant-machinery.webp 720w, https:\/\/cnricemill.com\/wp-content\/uploads\/2024\/02\/automatic-rice-mill-plant-machinery-300x225.webp 300w\" sizes=\"auto, (max-width: 720px) 100vw, 720px\" \/><figcaption class=\"wp-element-caption\">M\u00e1y m\u00f3c nh\u00e0 m\u00e1y xay g\u1ea1o t\u1ef1 \u0111\u1ed9ng.<\/figcaption><\/figure>    <figure class=\"wp-block-image size-large\"><img loading=\"lazy\" decoding=\"async\" width=\"720\" height=\"540\" data-id=\"294\" src=\"https:\/\/cnricemill.com\/wp-content\/uploads\/2024\/02\/complete-rice-milling-plant-equipment.webp\" alt=\"thi\u1ebft b\u1ecb nh\u00e0 m\u00e1y xay g\u1ea1o ho\u00e0n ch\u1ec9nh\" class=\"wp-image-294\" srcset=\"https:\/\/cnricemill.com\/wp-content\/uploads\/2024\/02\/complete-rice-milling-plant-equipment.webp 720w, https:\/\/cnricemill.com\/wp-content\/uploads\/2024\/02\/complete-rice-milling-plant-equipment-300x225.webp 300w\" sizes=\"auto, (max-width: 720px) 100vw, 720px\" \/><figcaption class=\"wp-element-caption\">thi\u1ebft b\u1ecb nh\u00e0 m\u00e1y xay g\u1ea1o ho\u00e0n ch\u1ec9nh<\/figcaption><\/figure> <\/figure>    <h2 class=\"wp-block-heading\"><strong>Quy tr\u00ecnh l\u00e0m vi\u1ec7c c\u1ee7a nh\u00e0 m\u00e1y xay g\u1ea1o t\u1ef1 \u0111\u1ed9ng<\/strong><\/h2>    <p class=\"translation-block\">Quy tr\u00ecnh l\u00e0m vi\u1ec7c c\u1ee7a nh\u00e0 m\u00e1y ch\u1ebf bi\u1ebfn g\u1ea1o 40 t\u1ea5n\/ng\u00e0y th\u01b0\u1eddng bao g\u1ed3m <strong>t\u00e1ch \u0111\u00e1, xay g\u1ea1o, xay g\u1ea1o (2 ho\u1eb7c 3 m\u00e1y), ph\u00e2n lo\u1ea1i <\/strong>v\u00e0 <strong>ph\u00e2n lo\u1ea1i m\u00e0u<\/strong>.<\/p>   <div class=\"wp-block-image\"> <figure class=\"aligncenter size-full\"><img loading=\"lazy\" decoding=\"async\" width=\"720\" height=\"540\" src=\"https:\/\/cnricemill.com\/wp-content\/uploads\/2024\/02\/list-of-machines-used-in-rice-mill.webp\" alt=\"Danh s\u00e1ch c\u00e1c m\u00e1y m\u00f3c s\u1eed d\u1ee5ng trong nh\u00e0 m\u00e1y xay x\u00e1t\" class=\"wp-image-286\" srcset=\"https:\/\/cnricemill.com\/wp-content\/uploads\/2024\/02\/list-of-machines-used-in-rice-mill.webp 720w, https:\/\/cnricemill.com\/wp-content\/uploads\/2024\/02\/list-of-machines-used-in-rice-mill-300x225.webp 300w\" sizes=\"auto, (max-width: 720px) 100vw, 720px\" \/><figcaption class=\"wp-element-caption\">Danh s\u00e1ch c\u00e1c m\u00e1y m\u00f3c s\u1eed d\u1ee5ng trong nh\u00e0 m\u00e1y xay x\u00e1t<\/figcaption><\/figure> <\/div>   <ul class=\"wp-block-list\"> <li>\u0110\u1ea7u ti\u00ean, nguy\u00ean li\u1ec7u th\u00f4 \u0111\u01b0\u1ee3c t\u00e1ch \u0111\u00e1 \u0111\u1ec3 lo\u1ea1i b\u1ecf t\u1ea1p ch\u1ea5t;<\/li>    <li>Ti\u1ebfp theo l\u00e0 giai \u0111o\u1ea1n xay, n\u01a1i h\u1ea1t \u0111\u01b0\u1ee3c l\u00e0m s\u1ea1ch;<\/li>    <li>Sau \u0111\u00f3, n\u00f3 v\u00e0o qu\u00e1 tr\u00ecnh xay g\u1ea1o, c\u00f3 th\u1ec3 bao g\u1ed3m 2 ho\u1eb7c 3 quy tr\u00ecnh xay \u0111\u1ec3 \u0111\u1ea3m b\u1ea3o r\u1eb1ng h\u1ea1t \u0111\u01b0\u1ee3c xay ho\u00e0n to\u00e0n;<\/li>    <li>Ti\u1ebfp theo l\u00e0 ph\u00e2n lo\u1ea1i, n\u01a1i g\u1ea1o \u0111\u00e3 xay \u0111\u01b0\u1ee3c ph\u00e2n lo\u1ea1i \u0111\u1ec3 ph\u00e2n bi\u1ec7t gi\u1eefa c\u00e1c ch\u1ea5t l\u01b0\u1ee3ng g\u1ea1o kh\u00e1c nhau;<\/li>    <li>Cu\u1ed1i c\u00f9ng, ph\u00e2n lo\u1ea1i m\u00e0u, s\u1eed d\u1ee5ng m\u00e1y ph\u00e2n lo\u1ea1i m\u00e0u \u0111\u1ec3 ki\u1ec3m tra h\u1ea1t g\u1ea1o, lo\u1ea1i b\u1ecf m\u00e0u s\u1eafc l\u1ea1 v\u00e0 s\u1ea3n ph\u1ea9m k\u00e9m ch\u1ea5t l\u01b0\u1ee3ng, v\u00e0 cu\u1ed1i c\u00f9ng thu \u0111\u01b0\u1ee3c g\u1ea1o th\u00e0nh ph\u1ea9m ch\u1ea5t l\u01b0\u1ee3ng cao.<\/li> <\/ul>    <p>To\u00e0n b\u1ed9 quy tr\u00ecnh l\u00e0m vi\u1ec7c \u0111\u01b0\u1ee3c t\u1ef1 \u0111\u1ed9ng h\u00f3a cao, \u0111i\u1ec1u n\u00e0y c\u00f3 th\u1ec3 c\u1ea3i thi\u1ec7n hi\u1ec7u qu\u1ea3 s\u1ea3n xu\u1ea5t v\u00e0 ch\u1ea5t l\u01b0\u1ee3ng s\u1ea3n ph\u1ea9m.<\/p>    <h2 class=\"wp-block-heading\"><strong>B\u1ed1 tr\u00ed nh\u00e0 m\u00e1y xay g\u1ea1o<\/strong><\/h2>    <p>M\u1ed9t b\u1ed1 tr\u00ed nh\u00e0 m\u00e1y h\u1ee3p l\u00fd c\u00f3 th\u1ec3 t\u1ed1i \u0111a h\u00f3a vi\u1ec7c s\u1eed d\u1ee5ng kh\u00f4ng gian v\u00e0 c\u1ea3i thi\u1ec7n n\u0103ng su\u1ea5t. M\u1ed9t b\u1ed1 tr\u00ed \u0111i\u1ec3n h\u00ecnh c\u1ee7a m\u1ed9t nh\u00e0 m\u00e1y ch\u1ebf bi\u1ebfn g\u1ea1o th\u01b0\u1eddng bao g\u1ed3m khu v\u1ef1c l\u01b0u tr\u1eef nguy\u00ean li\u1ec7u th\u00f4, khu v\u1ef1c l\u00e0m s\u1ea1ch, khu v\u1ef1c xay, khu v\u1ef1c \u0111\u00f3ng g\u00f3i, v\u00e0 nhi\u1ec1u h\u01a1n n\u1eefa.<\/p>    <ul class=\"wp-block-list\"> <li><strong>Khu v\u1ef1c l\u01b0u tr\u1eef nguy\u00ean li\u1ec7u<\/strong>: Th\u01b0\u1eddng n\u1eb1m \u1edf m\u1ed9t b\u00ean c\u1ee7a nh\u00e0 m\u00e1y \u0111\u1ec3 thu\u1eadn ti\u1ec7n cho vi\u1ec7c l\u01b0u tr\u1eef v\u00e0 v\u1eadn chuy\u1ec3n nguy\u00ean li\u1ec7u.<\/li>    <li><strong>Khu v\u1ef1c l\u00e0m s\u1ea1ch<\/strong>: D\u00f9ng \u0111\u1ec3 l\u00e0m s\u1ea1ch nguy\u00ean li\u1ec7u th\u00f4 nh\u01b0 l\u00faa \u0111\u1ec3 lo\u1ea1i b\u1ecf t\u1ea1p ch\u1ea5t v\u00e0 h\u1ea1t kh\u00f4ng mong mu\u1ed1n.<\/li>    <li><strong>Khu v\u1ef1c xay x\u00e1t<\/strong>: Khu v\u1ef1c ch\u00ednh c\u1ee7a qu\u00e1 tr\u00ecnh xay x\u00e1t g\u1ea1o, bao g\u1ed3m b\u1ed9 ph\u1eadn xay x\u00e1t v\u00e0 thi\u1ebft b\u1ecb li\u00ean quan, d\u00f9ng \u0111\u1ec3 x\u1eed l\u00fd l\u00faa th\u00e0nh g\u1ea1o.<\/li>    <li><strong>Khu v\u1ef1c \u0111\u00f3ng g\u00f3i<\/strong>: D\u00f9ng \u0111\u1ec3 \u0111\u00f3ng g\u00f3i v\u00e0 bao b\u00ec g\u1ea1o \u0111\u00e3 qua x\u1eed l\u00fd \u0111\u1ec3 v\u1eadn chuy\u1ec3n v\u00e0 b\u00e1n h\u00e0ng.<\/li> <\/ul>    <h2 class=\"wp-block-heading\"><strong>B\u1ea3n v\u1ebd l\u1eafp \u0111\u1eb7t c\u1ee7a m\u00e1y m\u00f3c nh\u00e0 m\u00e1y xay g\u1ea1o ho\u00e0n ch\u1ec9nh<\/strong><\/h2>    <p>Sau khi mua m\u00e1y c\u1ee7a ch\u00fang t\u00f4i, ch\u00fang t\u00f4i s\u1ebd cung c\u1ea5p k\u1ebf ho\u1ea1ch v\u00e0 b\u1ea3n v\u1ebd l\u1eafp \u0111\u1eb7t \u0111\u1ec3 b\u1ea1n tham kh\u1ea3o, v\u00e0 n\u1ebfu c\u1ea7n, ch\u00fang t\u00f4i s\u1ebd c\u1eed k\u1ef9 s\u01b0 \u0111\u1ebfn hi\u1ec7n tr\u01b0\u1eddng \u0111\u1ec3 gi\u00fap b\u1ea1n.<\/p>   <div class=\"wp-block-image\"> <figure class=\"aligncenter size-large\"><img loading=\"lazy\" decoding=\"async\" width=\"1024\" height=\"585\" src=\"https:\/\/cnricemill.com\/wp-content\/uploads\/2024\/02\/installation-drawing-of-automatic-rice-mill-plant-machine-1024x585.webp\" alt=\"b\u1ea3n v\u1ebd l\u1eafp \u0111\u1eb7t c\u1ee7a m\u00e1y xay g\u1ea1o t\u1ef1 \u0111\u1ed9ng\" class=\"wp-image-295\" srcset=\"https:\/\/cnricemill.com\/wp-content\/uploads\/2024\/02\/installation-drawing-of-automatic-rice-mill-plant-machine-1024x585.webp 1024w, https:\/\/cnricemill.com\/wp-content\/uploads\/2024\/02\/installation-drawing-of-automatic-rice-mill-plant-machine-300x171.webp 300w, https:\/\/cnricemill.com\/wp-content\/uploads\/2024\/02\/installation-drawing-of-automatic-rice-mill-plant-machine-768x439.webp 768w, https:\/\/cnricemill.com\/wp-content\/uploads\/2024\/02\/installation-drawing-of-automatic-rice-mill-plant-machine.webp 1400w\" sizes=\"auto, (max-width: 1024px) 100vw, 1024px\" \/><figcaption class=\"wp-element-caption\">b\u1ea3n v\u1ebd l\u1eafp \u0111\u1eb7t c\u1ee7a m\u00e1y xay g\u1ea1o t\u1ef1 \u0111\u1ed9ng<\/figcaption><\/figure> <\/div>   <h2 class=\"wp-block-heading\"><strong>\u0110i\u1ec3m m\u1ea1nh c\u1ee7a m\u00e1y xay g\u1ea1o th\u01b0\u01a1ng m\u1ea1i&nbsp;<\/strong><\/h2>    <ul class=\"wp-block-list\"> <li><strong>Hi\u1ec7u qu\u1ea3 cao<\/strong>: m\u00e1y c\u00f3 kh\u1ea3 n\u0103ng x\u1eed l\u00fd l\u01b0\u1ee3ng l\u1edbn g\u1ea1o nhanh ch\u00f3ng, t\u0103ng n\u0103ng su\u1ea5t;<\/li>    <li><strong>Hi\u1ec7u qu\u1ea3 n\u0103ng l\u01b0\u1ee3ng<\/strong>: b\u1eb1ng c\u00e1ch s\u1eed d\u1ee5ng c\u00f4ng ngh\u1ec7 ti\u1ebft ki\u1ec7m n\u0103ng l\u01b0\u1ee3ng ti\u00ean ti\u1ebfn trong thi\u1ebft k\u1ebf c\u1ee7a m\u00e1y, gi\u1ea3m ti\u00eau th\u1ee5 n\u0103ng l\u01b0\u1ee3ng;<\/li>    <li><strong>D\u1ec5 v\u1eadn h\u00e0nh v\u00e0 b\u1ea3o tr\u00ec<\/strong>: gi\u00fap ng\u01b0\u1eddi v\u1eadn h\u00e0nh d\u1ec5 d\u00e0ng v\u1eadn h\u00e0nh v\u00e0 b\u1ea3o tr\u00ec m\u00e1y, gi\u1ea3m chi ph\u00ed lao \u0111\u1ed9ng;<\/li>    <li><strong>Kh\u1ea3 n\u0103ng th\u00edch nghi m\u1ea1nh m\u1ebd<\/strong>: m\u00e1y c\u00f3 th\u1ec3 th\u00edch nghi v\u1edbi c\u00e1c lo\u1ea1i v\u00e0 ch\u1ea5t l\u01b0\u1ee3ng g\u1ea1o kh\u00e1c nhau \u0111\u1ec3 \u0111\u1ea3m b\u1ea3o ch\u1ea5t l\u01b0\u1ee3ng c\u1ee7a s\u1ea3n ph\u1ea9m \u0111\u01b0\u1ee3c x\u1eed l\u00fd lu\u00f4n \u1ed5n \u0111\u1ecbnh.<\/li> <\/ul>    <h2 class=\"wp-block-heading\"><strong>Chi ph\u00ed c\u1ee7a nh\u00e0 m\u00e1y xay x\u00e1t g\u1ea1o t\u1ef1 \u0111\u1ed9ng ho\u00e0n to\u00e0n l\u00e0 bao nhi\u00eau?<\/strong><\/h2>    <p>Chi ph\u00ed c\u1ee7a m\u1ed9t nh\u00e0 m\u00e1y ch\u1ebf bi\u1ebfn g\u1ea1o t\u1ef1 \u0111\u1ed9ng ho\u00e0n to\u00e0n thay \u0111\u1ed5i t\u00f9y thu\u1ed9c v\u00e0o nhi\u1ec1u y\u1ebfu t\u1ed1, bao g\u1ed3m quy m\u00f4 s\u1ea3n xu\u1ea5t, c\u1ea5u h\u00ecnh thi\u1ebft b\u1ecb v\u00e0 m\u1ee9c \u0111\u1ed9 c\u00f4ng ngh\u1ec7.<\/p>    <p>N\u00f3i chung, m\u1ed9t nh\u00e0 m\u00e1y ch\u1ebf bi\u1ebfn g\u1ea1o t\u1ef1 \u0111\u1ed9ng ho\u00e0n to\u00e0n c\u00f3 gi\u00e1 cao h\u01a1n, nh\u01b0ng c\u00f3 l\u1ee3i \u00edch v\u00e0 n\u0103ng su\u1ea5t l\u00e2u d\u00e0i cao h\u01a1n so v\u1edbi m\u1ed9t nh\u00e0 m\u00e1y v\u1eadn h\u00e0nh th\u1ee7 c\u00f4ng.<\/p>    <p>Chi ph\u00ed c\u1ee7a m\u1ed9t nh\u00e0 m\u00e1y xay g\u1ea1o t\u1ef1 \u0111\u1ed9ng ho\u00e0n to\u00e0n th\u01b0\u1eddng bao g\u1ed3m chi ph\u00ed mua thi\u1ebft b\u1ecb, chi ph\u00ed l\u1eafp \u0111\u1eb7t v\u00e0 v\u1eadn h\u00e0nh, v\u00e0 chi ph\u00ed x\u00e2y d\u1ef1ng nh\u00e0 m\u00e1y. T\u00f9y thu\u1ed9c v\u00e0o nhu c\u1ea7u v\u00e0 ng\u00e2n s\u00e1ch kh\u00e1c nhau, chi ph\u00ed c\u1ee7a m\u1ed9t nh\u00e0 m\u00e1y ch\u1ebf bi\u1ebfn g\u1ea1o t\u1ef1 \u0111\u1ed9ng ho\u00e0n to\u00e0n c\u00f3 th\u1ec3 thay \u0111\u1ed5i v\u00e0 c\u1ea7n \u0111\u01b0\u1ee3c \u0111\u00e1nh gi\u00e1 v\u00e0 t\u00ednh to\u00e1n theo t\u1eebng tr\u01b0\u1eddng h\u1ee3p c\u1ee5 th\u1ec3.<\/p>   <div class=\"wp-block-image\"> <figure class=\"aligncenter size-full\"><img loading=\"lazy\" decoding=\"async\" width=\"720\" height=\"540\" src=\"https:\/\/cnricemill.com\/wp-content\/uploads\/2024\/02\/rice-mill-plant-cost.webp\" alt=\"chi ph\u00ed nh\u00e0 m\u00e1y xay g\u1ea1o\" class=\"wp-image-297\" srcset=\"https:\/\/cnricemill.com\/wp-content\/uploads\/2024\/02\/rice-mill-plant-cost.webp 720w, https:\/\/cnricemill.com\/wp-content\/uploads\/2024\/02\/rice-mill-plant-cost-300x225.webp 300w\" sizes=\"auto, (max-width: 720px) 100vw, 720px\" \/><figcaption class=\"wp-element-caption\">chi ph\u00ed nh\u00e0 m\u00e1y xay g\u1ea1o<\/figcaption><\/figure> <\/div>   <p>N\u1ebfu b\u1ea1n mu\u1ed1n bi\u1ebft th\u00eam chi ti\u1ebft, vui l\u00f2ng li\u00ean h\u1ec7 v\u1edbi ch\u00fang t\u00f4i ngay \u0111\u1ec3 bi\u1ebft th\u00eam th\u00f4ng tin v\u00e0 gi\u00e1 m\u00e1y!<\/p>    <h2 class=\"wp-block-heading\"><strong>H\u00e3y y\u00eau c\u1ea7u b\u00e1o gi\u00e1 cho m\u00e1y xay g\u1ea1o ngay!<\/strong><\/h2>    <p class=\"translation-block\">Y\u00eau c\u1ea7u b\u00e1o gi\u00e1 ngay \u0111\u1ec3 nh\u1eadn gi\u00e1 m\u00e1y ch\u1ebf bi\u1ebfn g\u1ea1o! Ch\u00fang t\u00f4i cung c\u1ea5p thi\u1ebft b\u1ecb ch\u1ea5t l\u01b0\u1ee3ng cao v\u00e0 hi\u1ec7u qu\u1ea3 (nh\u00e0 m\u00e1y xay g\u1ea1o mini 15 t\u1ea5n\/ng\u00e0y , nh\u00e0 m\u00e1y xay g\u1ea1o 25 t\u1ea5n\/ng\u00e0y, nh\u00e0 m\u00e1y xay g\u1ea1o 60 t\u1ea5n\/ng\u00e0y, v.v.) cho nhu c\u1ea7u xay g\u1ea1o c\u1ee7a b\u1ea1n. Li\u00ean h\u1ec7 v\u1edbi \u0111\u1ed9i ng\u0169 d\u1ecbch v\u1ee5 kh\u00e1ch h\u00e0ng c\u1ee7a ch\u00fang t\u00f4i \u0111\u1ec3 bi\u1ebft th\u00eam th\u00f4ng tin!<\/p>","protected":false},"excerpt":{"rendered":"<p>This 40tpd automatic rice mill plant is to process grain raw materials such as paddy rice into high-quality edible white rice with a capacity of 40 tons per day. This kind of rice milling plant features high efficiency, energy saving and automation. Our modern rice mill plant has different configurations, such as 2 rice millers [&hellip;]<\/p>\n","protected":false},"author":1,"featured_media":285,"parent":0,"template":"","tags":[14,15],"product-type":[5],"class_list":["post-284","product","type-product","status-publish","has-post-thumbnail","hentry","tag-rice","tag-rice-milling","product-type-rice-mill-plant"],"_links":{"self":[{"href":"https:\/\/cnricemill.com\/vi\/wp-json\/wp\/v2\/product\/284","targetHints":{"allow":["GET"]}}],"collection":[{"href":"https:\/\/cnricemill.com\/vi\/wp-json\/wp\/v2\/product"}],"about":[{"href":"https:\/\/cnricemill.com\/vi\/wp-json\/wp\/v2\/types\/product"}],"author":[{"embeddable":true,"href":"https:\/\/cnricemill.com\/vi\/wp-json\/wp\/v2\/users\/1"}],"wp:featuredmedia":[{"embeddable":true,"href":"https:\/\/cnricemill.com\/vi\/wp-json\/wp\/v2\/media\/285"}],"wp:attachment":[{"href":"https:\/\/cnricemill.com\/vi\/wp-json\/wp\/v2\/media?parent=284"}],"wp:term":[{"taxonomy":"post_tag","embeddable":true,"href":"https:\/\/cnricemill.com\/vi\/wp-json\/wp\/v2\/tags?post=284"},{"taxonomy":"product-type","embeddable":true,"href":"https:\/\/cnricemill.com\/vi\/wp-json\/wp\/v2\/product-type?post=284"}],"curies":[{"name":"wp","href":"https:\/\/api.w.org\/{rel}","templated":true}]}}