{"id":275,"date":"2024-02-23T16:12:22","date_gmt":"2024-02-23T08:12:22","guid":{"rendered":"https:\/\/cnricemill.com\/?post_type=product&#038;p=275"},"modified":"2024-12-23T11:34:06","modified_gmt":"2024-12-23T03:34:06","slug":"30tpd-rice-milling-plant-for-sale","status":"publish","type":"product","link":"https:\/\/cnricemill.com\/vi\/product\/30tpd-rice-milling-plant-for-sale\/","title":{"rendered":"B\u00e1n nh\u00e0 m\u00e1y xay x\u00e1t g\u1ea1o 30TPD"},"content":{"rendered":"<p class=\"translation-block\">Nh\u00e0 m\u00e1y xay x\u00e1t g\u1ea1o li\u00ean minh Taizy 30TPD (30 t\u1ea5n m\u1ed7i ng\u00e0y) : l\u00e0 thi\u1ebft b\u1ecb t\u00edch h\u1ee3p \u0111\u01b0\u1ee3c thi\u1ebft k\u1ebf \u0111\u1ec3 \u0111\u00e1p \u1ee9ng nhu c\u1ea7u c\u1ee7a c\u00e1c nh\u00e0 m\u00e1y ch\u1ebf bi\u1ebfn g\u1ea1o v\u1eeba v\u00e0 l\u1edbn. Nh\u00e0 m\u00e1y xay x\u00e1t g\u1ea1o li\u00ean minh n\u00e0y \u0111\u01b0\u1ee3c s\u1ea3n xu\u1ea5t v\u1edbi c\u00f4ng ngh\u1ec7 ti\u00ean ti\u1ebfn v\u00e0 v\u1eadt li\u1ec7u ch\u1ea5t l\u01b0\u1ee3ng cao, v\u00e0 cam k\u1ebft th\u1ef1c hi\u1ec7n ho\u1ea1t \u0111\u1ed9ng t\u1ef1 \u0111\u1ed9ng ho\u00e0n to\u00e0n t\u1eeb vi\u1ec7c l\u00e0m s\u1ea1ch l\u00faa \u0111\u1ebfn ho\u00e0n thi\u1ec7n g\u1ea1o.<\/p>    <h2 class=\"wp-block-heading\"><strong>C\u00e1c th\u00e0nh ph\u1ea7n c\u1ee7a m\u00e1y xay x\u00e1t g\u1ea1o k\u1ebft h\u1ee3p<\/strong><\/h2>    <ul class=\"wp-block-list\"> <li><strong>| Ph\u1ea7n l\u00e0m s\u1ea1ch<\/strong>| ch\u1ee9a m\u00e0n h\u00ecnh rung, b\u1ed9 t\u00e1ch t\u1eeb, b\u1ed9 t\u00e1ch gi\u00f3, v.v., d\u00f9ng \u0111\u1ec3 lo\u1ea1i b\u1ecf t\u1ea1p ch\u1ea5t kh\u1ecfi nguy\u00ean li\u1ec7u th\u00f4.<\/li>    <li><strong>| Giai \u0111o\u1ea1n t\u00e1ch v\u1ecf v\u00e0 t\u00e1ch h\u1ea1t<\/strong>| trang b\u1ecb b\u1ed9 t\u00e1ch v\u1ecf v\u00e0 s\u00e0ng t\u00e1ch g\u1ea1o v\u00e0 g\u1ea1o l\u1ee9c, hi\u1ec7u qu\u1ea3 t\u00e1ch v\u1ecf tr\u1ea5u v\u00e0 t\u00e1ch g\u1ea1o l\u1ee9c tinh khi\u1ebft.<\/li>    <li><strong>| H\u1ec7 th\u1ed1ng \u0111\u00e1nh b\u00f3ng g\u1ea1o tr\u1eafng<\/strong>| g\u1ed3m m\u00e1y xay x\u00e1t g\u1ea1o nhi\u1ec1u giai \u0111o\u1ea1n v\u00e0 m\u00e1y \u0111\u00e1nh b\u00f3ng \u0111\u1ec3 \u0111\u1ea3m b\u1ea3o g\u1ea1o tr\u1eafng v\u00e0 m\u1ecbn.<\/li>    <li><strong>| Ph\u1ea7n ph\u00e2n lo\u1ea1i v\u00e0 s\u00e0ng l\u1ecdc<\/strong>| s\u1eed d\u1ee5ng s\u00e0ng ph\u00e2n lo\u1ea1i ch\u00ednh x\u00e1c \u0111\u1ec3 s\u00e0ng k\u00edch th\u01b0\u1edbc h\u1ea1t g\u1ea1o nh\u1eb1m \u0111\u1ea3m b\u1ea3o ch\u1ea5t l\u01b0\u1ee3ng s\u1ea3n ph\u1ea9m \u0111\u1ed3ng \u0111\u1ec1u.<\/li>    <li><strong>| Ph\u00e2n lo\u1ea1i m\u00e0u v\u00e0 \u0111\u00f3ng g\u00f3i<\/strong>| m\u00e1y ph\u00e2n lo\u1ea1i m\u00e0u v\u00e0 \u0111\u00f3ng g\u00f3i, lo\u1ea1i b\u1ecf c\u00e1c h\u1ea1t m\u00e0u l\u1ea1 v\u00e0 th\u1ef1c hi\u1ec7n \u0111\u00f3ng g\u00f3i \u0111\u1ecbnh l\u01b0\u1ee3ng ti\u00eau chu\u1ea9n.<\/li> <\/ul>   <div class=\"wp-block-image\"> <figure class=\"aligncenter size-full\"><img loading=\"lazy\" decoding=\"async\" width=\"720\" height=\"540\" src=\"https:\/\/cnricemill.com\/wp-content\/uploads\/2024\/02\/united-rice-mill-for-sale.webp\" alt=\"Nh\u00e0 m\u00e1y xay x\u00e1t g\u1ea1o li\u00ean minh \u0111\u1ec3 b\u00e1n\" class=\"wp-image-276\" srcset=\"https:\/\/cnricemill.com\/wp-content\/uploads\/2024\/02\/united-rice-mill-for-sale.webp 720w, https:\/\/cnricemill.com\/wp-content\/uploads\/2024\/02\/united-rice-mill-for-sale-300x225.webp 300w\" sizes=\"auto, (max-width: 720px) 100vw, 720px\" \/><figcaption class=\"wp-element-caption\">Nh\u00e0 m\u00e1y xay x\u00e1t g\u1ea1o li\u00ean minh \u0111\u1ec3 b\u00e1n<\/figcaption><\/figure> <\/div>   <h2 class=\"wp-block-heading\"><strong>Nguy\u00ean l\u00fd ho\u1ea1t \u0111\u1ed9ng c\u1ee7a nh\u00e0 m\u00e1y xay x\u00e1t g\u1ea1o 30tpd<\/strong><\/h2>    <p>\u0110\u01a1n v\u1ecb xay x\u00e1t g\u1ea1o 30TPD tu\u00e2n theo nguy\u00ean t\u1eafc \u201cd\u1ecdn s\u1ea1ch tr\u01b0\u1edbc, sau \u0111\u00f3 xay, x\u1eed l\u00fd t\u1eebng b\u01b0\u1edbc\u201d, v\u00e0 d\u1ea7n d\u1ea7n lo\u1ea1i b\u1ecf v\u1ecf tr\u1ea5u, v\u1ecf v\u00e0 \u0111\u00e1nh b\u00f3ng g\u1ea1o b\u1eb1ng ph\u01b0\u01a1ng ph\u00e1p v\u1eadt l\u00fd, \u0111\u1ed3ng th\u1eddi n\u00e2ng cao ch\u1ea5t l\u01b0\u1ee3ng s\u1ea3n ph\u1ea9m nh\u1edd c\u00f4ng ngh\u1ec7 hi\u1ec7n \u0111\u1ea1i, nh\u01b0 c\u00f4ng ngh\u1ec7 ph\u00e1t hi\u1ec7n quang \u0111i\u1ec7n t\u1eed. <\/p>   <div class=\"wp-block-image\"> <figure class=\"aligncenter size-full\"><img loading=\"lazy\" decoding=\"async\" width=\"1000\" height=\"540\" src=\"https:\/\/cnricemill.com\/wp-content\/uploads\/2024\/02\/rice-milling-plant-successfully-assembled-in-factory.webp\" alt=\"Nh\u00e0 m\u00e1y xay x\u00e1t g\u1ea1o \u0111\u00e3 \u0111\u01b0\u1ee3c l\u1eafp r\u00e1p th\u00e0nh c\u00f4ng t\u1ea1i nh\u00e0 m\u00e1y\" class=\"wp-image-277\" srcset=\"https:\/\/cnricemill.com\/wp-content\/uploads\/2024\/02\/rice-milling-plant-successfully-assembled-in-factory.webp 1000w, https:\/\/cnricemill.com\/wp-content\/uploads\/2024\/02\/rice-milling-plant-successfully-assembled-in-factory-300x162.webp 300w, https:\/\/cnricemill.com\/wp-content\/uploads\/2024\/02\/rice-milling-plant-successfully-assembled-in-factory-768x415.webp 768w\" sizes=\"auto, (max-width: 1000px) 100vw, 1000px\" \/><figcaption class=\"wp-element-caption\">Nh\u00e0 m\u00e1y xay x\u00e1t g\u1ea1o \u0111\u00e3 \u0111\u01b0\u1ee3c l\u1eafp r\u00e1p th\u00e0nh c\u00f4ng t\u1ea1i nh\u00e0 m\u00e1y<\/figcaption><\/figure> <\/div>   <p>To\u00e0n b\u1ed9 qu\u00e1 tr\u00ecnh khoa h\u1ecdc v\u00e0 h\u1ee3p l\u00fd, t\u1ed1i \u0111a h\u00f3a gi\u1eef l\u1ea1i dinh d\u01b0\u1ee1ng c\u1ee7a g\u1ea1o v\u00e0 gi\u1ea3m ti\u00eau th\u1ee5 n\u0103ng l\u01b0\u1ee3ng v\u00e0 t\u1ed5n th\u1ea5t.<\/p>    <h2 class=\"wp-block-heading\"><strong>\u0110i\u1ec3m m\u1ea1nh c\u1ee7a m\u00e1y xay x\u00e1t g\u1ea1o ho\u00e0n ch\u1ec9nh 30tpd<\/strong><\/h2>    <ul class=\"wp-block-list\"> <li><strong>| C\u00f4ng su\u1ea5t cao<\/strong>| c\u00f4ng su\u1ea5t x\u1eed l\u00fd h\u00e0ng ng\u00e0y l\u00ean t\u1edbi 30 t\u1ea5n, ph\u00f9 h\u1ee3p v\u1edbi nhu c\u1ea7u s\u1ea3n xu\u1ea5t quy m\u00f4 l\u1edbn.<\/li>    <li><strong>Hi\u1ec7u qu\u1ea3 cao<\/strong>| Thi\u1ebft k\u1ebf t\u00edch h\u1ee3p, gi\u1ea3m c\u00e1c b\u01b0\u1edbc trung gian, n\u00e2ng cao hi\u1ec7u qu\u1ea3 s\u1ea3n xu\u1ea5t.<\/li>    <li><strong>| Thi\u1ec7t h\u1ea1i th\u1ea5p<\/strong>| ki\u1ec3m so\u00e1t quy tr\u00ecnh tinh ch\u1ebf, gi\u1ea3m t\u1ef7 l\u1ec7 m\u1ea5t m\u1ea1, n\u00e2ng cao hi\u1ec7u qu\u1ea3 kinh t\u1ebf.<\/li>    <li><strong>| B\u1ea3o v\u1ec7 m\u00f4i tr\u01b0\u1eddng v\u00e0 ti\u1ebft ki\u1ec7m n\u0103ng l\u01b0\u1ee3ng<\/strong>| t\u1ed1i \u01b0u h\u00f3a c\u1ea5u h\u00ecnh c\u00f4ng su\u1ea5t, gi\u1ea3m ti\u00eau th\u1ee5 n\u0103ng l\u01b0\u1ee3ng, ph\u00f9 h\u1ee3p v\u1edbi y\u00eau c\u1ea7u s\u1ea3n xu\u1ea5t xanh.<\/li>    <li><strong>| Ch\u1ea5t l\u01b0\u1ee3ng xu\u1ea5t s\u1eafc<\/strong>| s\u1ea3n l\u01b0\u1ee3ng g\u1ea1o \u1ed5n \u0111\u1ecbnh, m\u00e0u s\u1eafc v\u00e0 h\u01b0\u01a1ng v\u1ecb t\u1ed1t, \u0111\u01b0\u1ee3c th\u1ecb tr\u01b0\u1eddng \u0111\u00e1nh gi\u00e1 cao.<\/li> <\/ul>    <h2 class=\"wp-block-heading\"><strong>B\u1ea3n v\u1ebd l\u1eafp \u0111\u1eb7t nh\u00e0 m\u00e1y xay x\u00e1t g\u1ea1o v\u00e0 h\u1ed7 tr\u1ee3 k\u1ef9 thu\u1eadt<\/strong><\/h2>    <p>Taizy cung c\u1ea5p b\u1ea3n v\u1ebd l\u1eafp \u0111\u1eb7t chi ti\u1ebft c\u1ee7a nh\u00e0 m\u00e1y xay x\u00e1t g\u1ea1o 30TPD c\u0169ng nh\u01b0 d\u1ecbch v\u1ee5 h\u01b0\u1edbng d\u1eabn t\u1ea1i ch\u1ed7 chuy\u00ean nghi\u1ec7p \u0111\u1ec3 \u0111\u1ea3m b\u1ea3o b\u1ea1n c\u00f3 th\u1ec3 ho\u00e0n th\u00e0nh nhanh ch\u00f3ng v\u00e0 ch\u00ednh x\u00e1c vi\u1ec7c l\u1eafp \u0111\u1eb7t v\u00e0 ch\u1ea1y th\u1eed thi\u1ebft b\u1ecb. <\/p>   <div class=\"wp-block-image\"> <figure class=\"aligncenter size-large\"><img loading=\"lazy\" decoding=\"async\" width=\"1024\" height=\"585\" src=\"https:\/\/cnricemill.com\/wp-content\/uploads\/2024\/02\/complete-rice-milling-plant-installation-without-steel-frame-1024x585.webp\" alt=\"L\u1eafp \u0111\u1eb7t nh\u00e0 m\u00e1y xay x\u00e1t g\u1ea1o ho\u00e0n ch\u1ec9nh kh\u00f4ng c\u1ea7n khung th\u00e9p\" class=\"wp-image-279\" srcset=\"https:\/\/cnricemill.com\/wp-content\/uploads\/2024\/02\/complete-rice-milling-plant-installation-without-steel-frame-1024x585.webp 1024w, https:\/\/cnricemill.com\/wp-content\/uploads\/2024\/02\/complete-rice-milling-plant-installation-without-steel-frame-300x171.webp 300w, https:\/\/cnricemill.com\/wp-content\/uploads\/2024\/02\/complete-rice-milling-plant-installation-without-steel-frame-768x439.webp 768w, https:\/\/cnricemill.com\/wp-content\/uploads\/2024\/02\/complete-rice-milling-plant-installation-without-steel-frame.webp 1400w\" sizes=\"auto, (max-width: 1024px) 100vw, 1024px\" \/><figcaption class=\"wp-element-caption\">L\u1eafp \u0111\u1eb7t nh\u00e0 m\u00e1y xay x\u00e1t g\u1ea1o ho\u00e0n ch\u1ec9nh kh\u00f4ng c\u1ea7n khung th\u00e9p<\/figcaption><\/figure> <\/div>  <div class=\"wp-block-image\"> <figure class=\"aligncenter size-large\"><img loading=\"lazy\" decoding=\"async\" width=\"1024\" height=\"622\" src=\"https:\/\/cnricemill.com\/wp-content\/uploads\/2024\/02\/rice-mill-machinery-installation-with-steel-frame-1024x622.webp\" alt=\"L\u1eafp \u0111\u1eb7t m\u00e1y m\u00f3c nh\u00e0 m\u00e1y xay x\u00e1t g\u1ea1o v\u1edbi khung th\u00e9p\" class=\"wp-image-280\" srcset=\"https:\/\/cnricemill.com\/wp-content\/uploads\/2024\/02\/rice-mill-machinery-installation-with-steel-frame-1024x622.webp 1024w, https:\/\/cnricemill.com\/wp-content\/uploads\/2024\/02\/rice-mill-machinery-installation-with-steel-frame-300x182.webp 300w, https:\/\/cnricemill.com\/wp-content\/uploads\/2024\/02\/rice-mill-machinery-installation-with-steel-frame-768x466.webp 768w, https:\/\/cnricemill.com\/wp-content\/uploads\/2024\/02\/rice-mill-machinery-installation-with-steel-frame.webp 1400w\" sizes=\"auto, (max-width: 1024px) 100vw, 1024px\" \/><figcaption class=\"wp-element-caption\">L\u1eafp \u0111\u1eb7t m\u00e1y m\u00f3c nh\u00e0 m\u00e1y xay x\u00e1t g\u1ea1o v\u1edbi khung th\u00e9p<\/figcaption><\/figure> <\/div>   <p>H\u01a1n n\u1eefa, ch\u00fang t\u00f4i cam k\u1ebft cung c\u1ea5p cho b\u1ea1n \u0111\u1ea7y \u0111\u1ee7 c\u00e1c t\u01b0 v\u1ea5n k\u1ef9 thu\u1eadt v\u00e0 h\u1ed7 tr\u1ee3, bao g\u1ed3m b\u1ed1 tr\u00ed d\u00e2y chuy\u1ec1n s\u1ea3n xu\u1ea5t, \u0111\u00e0o t\u1ea1o b\u1ea3o tr\u00ec thi\u1ebft b\u1ecb v\u00e0 c\u00e1c d\u1ecbch v\u1ee5 kh\u00e1c.<\/p>    <h2 class=\"wp-block-heading\"><strong>D\u1ecbch v\u1ee5 v\u1ec1 m\u00e1y m\u00f3c nh\u00e0 m\u00e1y xay x\u00e1t g\u1ea1o \u0111\u1ec3 b\u00e1n<\/strong><\/h2>    <p class=\"translation-block\">L\u00e0 nh\u00e0 s\u1ea3n xu\u1ea5t v\u00e0 cung c\u1ea5p nh\u00e0 m\u00e1y xay x\u00e1t g\u1ea1o li\u00ean minh chuy\u00ean nghi\u1ec7p, ch\u00fang t\u00f4i kh\u00f4ng ch\u1ec9 cung c\u1ea5p d\u1ecbch v\u1ee5 t\u01b0 v\u1ea5n tr\u01b0\u1edbc b\u00e1n h\u00e0ng ho\u00e0n h\u1ea3o, l\u1eafp \u0111\u1eb7t t\u1ea1i ch\u1ed7  v\u00e0  d\u1ecbch v\u1ee5 ch\u1ea1y th\u1eed , m\u00e0 c\u00f2n cam k\u1ebft  h\u1ed7 tr\u1ee3 h\u1eadu m\u00e3i d\u00e0i h\u1ea1n , bao g\u1ed3m nh\u01b0ng kh\u00f4ng gi\u1edbi h\u1ea1n trong  cung c\u1ea5p ph\u1ee5 t\u00f9ng thay th\u1ebf, s\u1eeda ch\u1eefa l\u1ed7i, n\u00e2ng c\u1ea5p v\u00e0 ch\u01b0\u01a1ng tr\u00ecnh thay th\u1ebf .<\/p>   <div class=\"wp-block-image\"> <figure class=\"aligncenter size-full\"><img loading=\"lazy\" decoding=\"async\" width=\"1000\" height=\"540\" src=\"https:\/\/cnricemill.com\/wp-content\/uploads\/2024\/02\/raw-rice-mill-plant-manufacturer.webp\" alt=\"Nh\u00e0 s\u1ea3n xu\u1ea5t nh\u00e0 m\u00e1y xay g\u1ea1o th\u00f4\" class=\"wp-image-278\" srcset=\"https:\/\/cnricemill.com\/wp-content\/uploads\/2024\/02\/raw-rice-mill-plant-manufacturer.webp 1000w, https:\/\/cnricemill.com\/wp-content\/uploads\/2024\/02\/raw-rice-mill-plant-manufacturer-300x162.webp 300w, https:\/\/cnricemill.com\/wp-content\/uploads\/2024\/02\/raw-rice-mill-plant-manufacturer-768x415.webp 768w\" sizes=\"auto, (max-width: 1000px) 100vw, 1000px\" \/><figcaption class=\"wp-element-caption\">Nh\u00e0 s\u1ea3n xu\u1ea5t nh\u00e0 m\u00e1y xay g\u1ea1o th\u00f4<\/figcaption><\/figure> <\/div>   <h2 class=\"wp-block-heading\"><strong>C\u00e1c d\u1ef1 \u00e1n to\u00e0n c\u1ea7u c\u1ee7a nh\u00e0 m\u00e1y xay x\u00e1t g\u1ea1o hi\u1ec7n \u0111\u1ea1i Taizy<\/strong><\/h2>    <p>D\u00f9 \u1edf th\u1ecb tr\u01b0\u1eddng m\u1edbi n\u1ed5i hay c\u00e1c v\u00f9ng n\u00f4ng nghi\u1ec7p truy\u1ec1n th\u1ed1ng, nh\u00e0 m\u00e1y xay x\u00e1t g\u1ea1o 30TPD c\u1ee7a ch\u00fang t\u00f4i \u0111\u00e3 nh\u1eadn \u0111\u01b0\u1ee3c nhi\u1ec1u l\u1eddi khen ng\u1ee3i v\u1ec1 hi\u1ec7u qu\u1ea3 cao, ch\u1ea5t l\u01b0\u1ee3ng cao v\u00e0 d\u1ecbch v\u1ee5 to\u00e0n di\u1ec7n, v\u00e0 \u0111\u00e3 gi\u00fap nhi\u1ec1u nh\u00e0 ch\u1ebf bi\u1ebfn g\u1ea1o n\u00e2ng c\u1ea5p doanh nghi\u1ec7p c\u1ee7a h\u1ecd. D\u01b0\u1edbi \u0111\u00e2y l\u00e0 m\u1ed9t s\u1ed1 v\u00ed d\u1ee5 \u0111i\u1ec3n h\u00ecnh<\/p>    <ol class=\"wp-block-list\"> <li><strong>| Nh\u00e0 m\u00e1y ch\u1ebf bi\u1ebfn g\u1ea1o quy m\u00f4 l\u1edbn \u1edf \u0110\u00f4ng Nam \u00c1<\/strong>| Sau khi gi\u1edbi thi\u1ec7u m\u00e1y xay x\u00e1t g\u1ea1o 30TPD c\u1ee7a ch\u00fang t\u00f4i, nh\u00e0 m\u00e1y kh\u00f4ng ch\u1ec9 t\u0103ng \u0111\u00e1ng k\u1ec3 c\u00f4ng su\u1ea5t x\u1eed l\u00fd h\u00e0ng ng\u00e0y \u0111\u1ec3 \u0111\u00e1p \u1ee9ng nhu c\u1ea7u th\u1ecb tr\u01b0\u1eddng n\u1ed9i \u0111\u1ecba v\u00e0 xu\u1ea5t kh\u1ea9u, m\u00e0 c\u00f2n n\u00e2ng cao ch\u1ea5t l\u01b0\u1ee3ng g\u1ea1o th\u00f4ng qua c\u00f4ng ngh\u1ec7 ph\u00e2n lo\u1ea1i m\u00e0u v\u00e0 \u0111\u00e1nh b\u00f3ng ti\u00ean ti\u1ebfn. <\/li>    <li><strong>| Doanh nghi\u1ec7p g\u1ea1o gia \u0111\u00ecnh \u1edf Nam \u00c1<\/strong>| Tr\u01b0\u1edbc khi s\u1eed d\u1ee5ng nh\u00e0 m\u00e1y xay x\u00e1t g\u1ea1o c\u1ee7a ch\u00fang t\u00f4i, doanh nghi\u1ec7p g\u1eb7p ph\u1ea3i c\u00e1c v\u1ea5n \u0111\u1ec1 v\u1ec1 c\u00f4ng su\u1ea5t v\u00e0 k\u1ef9 thu\u1eadt. Sau khi l\u1eafp \u0111\u1eb7t v\u00e0 \u0111\u01b0a v\u00e0o s\u1eed d\u1ee5ng thi\u1ebft b\u1ecb 30TPD, n\u0103ng su\u1ea5t \u0111\u00e3 \u0111\u01b0\u1ee3c c\u1ea3i thi\u1ec7n r\u00f5 r\u1ec7t, v\u00e0 chi ph\u00ed v\u1eadn h\u00e0nh c\u0169ng gi\u1ea3m \u0111i. <\/li>    <li><strong>| D\u1ef1 \u00e1n ch\u1ebf bi\u1ebfn l\u01b0\u01a1ng th\u1ef1c do ch\u00ednh ph\u1ee7 t\u00e0i tr\u1ee3 \u1edf ch\u00e2u Phi<\/strong>: Taizy&#8217;s 30TPD rice milling unit was adopted as the core production equipment for this project, effectively promoting the development of the local rice industry. The <a href=\"https:\/\/cnricemill.com\/vi\/product\/15tpd-complete-rice-mill-plant\/\">| nh\u00e0 m\u00e1y g\u1ea1o li\u00ean h\u1ee3p<\/a>&#8216;s high efficiency and energy saving features and stable output quality were well received by the local government and farmers, helping to realize the goal of food self-sufficiency.<\/li>    <li><strong>| Hi\u1ec7p h\u1ed9i h\u1ee3p t\u00e1c \u1edf M\u1ef9 Latinh<\/strong>| M\u1ed9t s\u1ed1 h\u1ee3p t\u00e1c x\u00e3 nh\u1ecf \u0111\u00e3 c\u00f9ng mua c\u00e1c m\u00e1y xay x\u00e1t g\u1ea1o k\u1ebft h\u1ee3p 30TPD c\u1ee7a ch\u00fang t\u00f4i \u0111\u1ec3 x\u00e2y d\u1ef1ng d\u00e2y chuy\u1ec1n ch\u1ebf bi\u1ebfn g\u1ea1o hi\u1ec7n \u0111\u1ea1i. Nh\u1edd hi\u1ec7u su\u1ea5t v\u01b0\u1ee3t tr\u1ed9i c\u1ee7a thi\u1ebft b\u1ecb v\u00e0 d\u1ecbch v\u1ee5 h\u1ed7 tr\u1ee3 t\u00f9y ch\u1ec9nh, c\u00e1c th\u00e0nh vi\u00ean c\u1ee7a h\u1ee3p t\u00e1c x\u00e3 \u0111\u00e3 c\u00f3 th\u1ec3 chia s\u1ebb ngu\u1ed3n l\u1ef1c, gi\u1ea3m chi ph\u00ed, n\u00e2ng cao kh\u1ea3 n\u0103ng c\u1ea1nh tranh c\u1ee7a s\u1ea3n ph\u1ea9m v\u00e0 m\u1edf r\u1ed9ng k\u00eanh ti\u00eau th\u1ee5.<\/li> <\/ol>    <h2 class=\"wp-block-heading\"><strong>Li\u00ean h\u1ec7 v\u1edbi ch\u00fang t\u00f4i \u0111\u1ec3 bi\u1ebft th\u00eam chi ti\u1ebft v\u1ec1 nh\u00e0 m\u00e1y xay x\u00e1t g\u1ea1o!<\/strong><\/h2>    <p class=\"translation-block\">\u0110\u1ec3 bi\u1ebft th\u00eam th\u00f4ng tin v\u1ec1 m\u00e1y xay g\u1ea1o t\u1ef1 \u0111\u1ed9ng 30TPD c\u1ee7a ch\u00fang t\u00f4i, vui l\u00f2ng li\u00ean h\u1ec7 tr\u1ef1c ti\u1ebfp, \u0111\u1ed9i ng\u0169 chuy\u00ean nghi\u1ec7p c\u1ee7a ch\u00fang t\u00f4i s\u1ebd cung c\u1ea5p c\u00e1c gi\u1ea3i ph\u00e1p t\u00f9y ch\u1ec9nh v\u00e0 gi\u00e1 c\u1ea3 c\u1ea1nh tranh ph\u00f9 h\u1ee3p v\u1edbi nhu c\u1ea7u c\u1ee5 th\u1ec3 c\u1ee7a b\u1ea1n (ch\u1eb3ng h\u1ea1n <a href=\"https:\/\/en.wikipedia.org\/wiki\/White_rice\" target=\"_blank\" rel=\"noopener\">s\u1ea3n xu\u1ea5t g\u1ea1o tr\u1eafng<\/a>, c\u1ea5u h\u00ecnh, v.v). <\/p>    <p>Ch\u00fang t\u00f4i mong mu\u1ed1n h\u1ee3p t\u00e1c v\u1edbi b\u1ea1n \u0111\u1ec3 t\u1ea1o ra m\u1ed9t t\u01b0\u01a1ng lai t\u01b0\u01a1i s\u00e1ng cho ng\u00e0nh ch\u1ebf bi\u1ebfn g\u1ea1o!<\/p>   <div class=\"wp-block-image\"> <figure class=\"aligncenter size-full\"><img loading=\"lazy\" decoding=\"async\" width=\"1000\" height=\"540\" src=\"https:\/\/cnricemill.com\/wp-content\/uploads\/2024\/02\/mini-rice-mill-price.webp\" alt=\"Gi\u00e1 m\u00e1y xay x\u00e1t g\u1ea1o mini\" class=\"wp-image-281\" srcset=\"https:\/\/cnricemill.com\/wp-content\/uploads\/2024\/02\/mini-rice-mill-price.webp 1000w, https:\/\/cnricemill.com\/wp-content\/uploads\/2024\/02\/mini-rice-mill-price-300x162.webp 300w, https:\/\/cnricemill.com\/wp-content\/uploads\/2024\/02\/mini-rice-mill-price-768x415.webp 768w\" sizes=\"auto, (max-width: 1000px) 100vw, 1000px\" \/><figcaption class=\"wp-element-caption\">Gi\u00e1 m\u00e1y xay x\u00e1t g\u1ea1o mini<\/figcaption><\/figure> <\/div>","protected":false},"excerpt":{"rendered":"<p>Taizy 30TPD (30 tons per day) rice milling plant is an integrated equipment designed to meet the needs of medium and large-scale rice processing plants. This united rice mill is manufactured with advanced technology and high-quality materials, and is dedicated to realizing the entire automated operation from paddy cleaning to rice finishing. Components of combined [&hellip;]<\/p>\n","protected":false},"author":1,"featured_media":283,"parent":0,"template":"","tags":[14,15],"product-type":[5],"class_list":["post-275","product","type-product","status-publish","has-post-thumbnail","hentry","tag-rice","tag-rice-milling","product-type-rice-mill-plant"],"_links":{"self":[{"href":"https:\/\/cnricemill.com\/vi\/wp-json\/wp\/v2\/product\/275","targetHints":{"allow":["GET"]}}],"collection":[{"href":"https:\/\/cnricemill.com\/vi\/wp-json\/wp\/v2\/product"}],"about":[{"href":"https:\/\/cnricemill.com\/vi\/wp-json\/wp\/v2\/types\/product"}],"author":[{"embeddable":true,"href":"https:\/\/cnricemill.com\/vi\/wp-json\/wp\/v2\/users\/1"}],"wp:featuredmedia":[{"embeddable":true,"href":"https:\/\/cnricemill.com\/vi\/wp-json\/wp\/v2\/media\/283"}],"wp:attachment":[{"href":"https:\/\/cnricemill.com\/vi\/wp-json\/wp\/v2\/media?parent=275"}],"wp:term":[{"taxonomy":"post_tag","embeddable":true,"href":"https:\/\/cnricemill.com\/vi\/wp-json\/wp\/v2\/tags?post=275"},{"taxonomy":"product-type","embeddable":true,"href":"https:\/\/cnricemill.com\/vi\/wp-json\/wp\/v2\/product-type?post=275"}],"curies":[{"name":"wp","href":"https:\/\/api.w.org\/{rel}","templated":true}]}}