{"id":24,"date":"2022-08-09T06:25:42","date_gmt":"2022-08-09T06:25:42","guid":{"rendered":"https:\/\/cnricemill.com\/?page_id=24"},"modified":"2025-11-05T10:36:23","modified_gmt":"2025-11-05T02:36:23","slug":"contact-us","status":"publish","type":"page","link":"https:\/\/cnricemill.com\/vi\/contact-us\/","title":{"rendered":"Li\u00ean h\u1ec7 ch\u00fang t\u00f4i"},"content":{"rendered":"<h2 class=\"wp-block-heading\">Mu\u1ed1n ki\u1ebfm nhi\u1ec1u ti\u1ec1n h\u01a1n? B\u1eaft \u0111\u1ea7u kinh doanh ch\u1ebf bi\u1ebfn g\u1ea1o c\u1ee7a b\u1ea1n ngay b\u00e2y gi\u1edd!<\/h2>    <p class=\"translation-block\">C\u00f4ng ty TNHH M\u00e1y m\u00f3c TAIZY l\u00e0 nh\u00e0 cung c\u1ea5p gi\u1ea3i ph\u00e1p ch\u1ebf bi\u1ebfn g\u1ea1o h\u00e0ng \u0111\u1ea7u <a href=\"https:\/\/cnricemill.com\/vi\/\">t\u1ea1i Trung Qu\u1ed1c<\/a>. Ch\u00fang t\u00f4i t\u1ef1 t\u00edch h\u1ee3p s\u1ea3n xu\u1ea5t v\u00e0 ti\u1ebfp th\u1ecb \u0111\u1ed9c l\u1eadp. S\u1ea3n ph\u1ea9m c\u1ee7a ch\u00fang t\u00f4i bao g\u1ed3m m\u1ed9t lo\u1ea1t c\u00e1c m\u00e1y ch\u1ebf bi\u1ebfn g\u1ea1o v\u1edbi gi\u00e1 c\u1ea3 c\u1ea1nh tranh v\u00e0 ch\u1ea5t l\u01b0\u1ee3ng \u0111\u1ea3m b\u1ea3o. B\u00ean c\u1ea1nh \u0111\u00f3, ch\u00fang t\u00f4i c\u00f3 \u0111\u1ed9i ng\u0169 nh\u00e2n vi\u00ean c\u1ef1c k\u1ef3 c\u00f3 k\u1ef9 n\u0103ng \u0111\u1ec3 \u0111\u1ea3m b\u1ea3o hi\u1ec7u su\u1ea5t t\u1ed1t v\u00e0 giao h\u00e0ng nhanh ch\u00f3ng c\u1ee7a c\u00e1c s\u1ea3n ph\u1ea9m. V\u00e0 c\u00e1c thi\u1ebft b\u1ecb ch\u1ebf bi\u1ebfn g\u1ea1o ti\u00eau chu\u1ea9n v\u00e0 t\u00f9y ch\u1ec9nh m\u1ea1nh m\u1ebd c\u00f3 s\u1eb5n t\u1eeb ch\u00fang t\u00f4i. <\/p>    <p>B\u1ea1n \u0111ang t\u00ecm ki\u1ebfm m\u1ed9t m\u00e1y xay g\u1ea1o \u0111\u00e1ng tin c\u1eady? Ch\u00fang t\u00f4i s\u1eb5n l\u00f2ng gi\u00fap b\u1ea1n v\u1edbi d\u1ef1 \u00e1n g\u1ea1o c\u1ee7a m\u00ecnh. Li\u00ean h\u1ec7 v\u1edbi ch\u00fang t\u00f4i \u0111\u1ec3 b\u1eaft \u0111\u1ea7u h\u00e0nh tr\u00ecnh th\u00e0nh c\u00f4ng c\u1ee7a b\u1ea1n!<\/p>    <div class=\"wp-block-columns is-layout-flex wp-container-core-columns-is-layout-9d6595d7 wp-block-columns-is-layout-flex\"> <div class=\"wp-block-column is-layout-flow wp-block-column-is-layout-flow\"> <div class=\"wp-block-columns is-layout-flex wp-container-core-columns-is-layout-9d6595d7 wp-block-columns-is-layout-flex\"> <div class=\"wp-block-column is-layout-flow wp-block-column-is-layout-flow\"> <figure class=\"wp-block-image size-large\"><img decoding=\"async\" src=\"https:\/\/charcoalplant.com\/wp-content\/uploads\/2022\/03\/smartphone.png\" alt=\"\"\/><\/figure>    <p>+86 17703863868<\/p> <\/div>    <div class=\"wp-block-column is-layout-flow wp-block-column-is-layout-flow\"> <figure class=\"wp-block-image size-large\"><img decoding=\"async\" src=\"https:\/\/charcoalplant.com\/wp-content\/uploads\/2022\/03\/email.png\" alt=\"\"\/><\/figure>    <p><a href=\"mailto:info@cnricemill.com\">info@cnricemill.com<\/a><\/p> <\/div> <\/div> <\/div>    <div class=\"wp-block-column is-layout-flow wp-block-column-is-layout-flow\"> <div class=\"wp-block-columns is-layout-flex wp-container-core-columns-is-layout-9d6595d7 wp-block-columns-is-layout-flex\"> <div class=\"wp-block-column is-layout-flow wp-block-column-is-layout-flow\"> <figure class=\"wp-block-image size-large\"><img decoding=\"async\" src=\"https:\/\/charcoalplant.com\/wp-content\/uploads\/2022\/03\/whatsapp.png\" alt=\"\"\/><\/figure>    <p>+86 17703863868<\/p> <\/div>    <div class=\"wp-block-column is-layout-flow wp-block-column-is-layout-flow\"> <figure class=\"wp-block-image size-large\"><img decoding=\"async\" src=\"https:\/\/charcoalplant.com\/wp-content\/uploads\/2022\/03\/address.png\" alt=\"\"\/><\/figure>    <p>\u0110\u01b0\u1eddng Hanghai \u0110\u00f4ng, Khu Ph\u00e1t tri\u1ec3n Kinh t\u1ebf v\u00e0 C\u00f4ng ngh\u1ec7 Zhengzhou, Th\u00e0nh ph\u1ed1 Zhengzhou, H\u00e0 Nam, Trung Qu\u1ed1c<\/p> <\/div> <\/div> <\/div> <\/div>","protected":false},"excerpt":{"rendered":"<p>Want to make more money? Start your rice processing business now! TAIZY Machinery Co., Ltd is a leading rice processing solutions supplier in China. &nbsp;We are integrated with manufacturing and marketing independently. Our products cover a complete range of rice processing machines with competitive price and guaranteed quality. Besides, we have extremely skilled staff to [&hellip;]<\/p>\n","protected":false},"author":1,"featured_media":0,"parent":0,"menu_order":0,"comment_status":"closed","ping_status":"closed","template":"","meta":{"footnotes":""},"class_list":["post-24","page","type-page","status-publish","hentry"],"_links":{"self":[{"href":"https:\/\/cnricemill.com\/vi\/wp-json\/wp\/v2\/pages\/24","targetHints":{"allow":["GET"]}}],"collection":[{"href":"https:\/\/cnricemill.com\/vi\/wp-json\/wp\/v2\/pages"}],"about":[{"href":"https:\/\/cnricemill.com\/vi\/wp-json\/wp\/v2\/types\/page"}],"author":[{"embeddable":true,"href":"https:\/\/cnricemill.com\/vi\/wp-json\/wp\/v2\/users\/1"}],"replies":[{"embeddable":true,"href":"https:\/\/cnricemill.com\/vi\/wp-json\/wp\/v2\/comments?post=24"}],"version-history":[{"count":0,"href":"https:\/\/cnricemill.com\/vi\/wp-json\/wp\/v2\/pages\/24\/revisions"}],"wp:attachment":[{"href":"https:\/\/cnricemill.com\/vi\/wp-json\/wp\/v2\/media?parent=24"}],"curies":[{"name":"wp","href":"https:\/\/api.w.org\/{rel}","templated":true}]}}