{"id":20,"date":"2022-08-09T06:20:10","date_gmt":"2022-08-09T06:20:10","guid":{"rendered":"https:\/\/cnricemill.com\/?page_id=20"},"modified":"2022-08-12T07:25:22","modified_gmt":"2022-08-12T07:25:22","slug":"about-us","status":"publish","type":"page","link":"https:\/\/cnricemill.com\/vi\/about-us\/","title":{"rendered":"V\u1ec1 Ch\u00fang T\u00f4i"},"content":{"rendered":"<div class=\"wp-block-columns is-layout-flex wp-container-core-columns-is-layout-9d6595d7 wp-block-columns-is-layout-flex\"> <div class=\"wp-block-column is-vertically-aligned-center is-layout-flow wp-block-column-is-layout-flow\"> <p>TAIZY\u00ae l\u00e0 nh\u00e0 cung c\u1ea5p gi\u1ea3i ph\u00e1p ch\u1ebf bi\u1ebfn g\u1ea1o h\u00e0ng \u0111\u1ea7u v\u00e0 to\u00e0n di\u1ec7n, t\u00edch h\u1ee3p nghi\u00ean c\u1ee9u, s\u1ea3n xu\u1ea5t v\u00e0 ti\u1ebfp th\u1ecb. Ch\u00fang t\u00f4i h\u01b0\u1edbng t\u1edbi vi\u1ec7c cung c\u1ea5p c\u00e1c nh\u00e0 m\u00e1y xay x\u00e1t g\u1ea1o ch\u1ea5t l\u01b0\u1ee3ng v\u00e0 gi\u00e1 c\u1ea3 ph\u1ea3i ch\u0103ng \u0111\u1ec3 gi\u00fap nhi\u1ec1u ng\u01b0\u1eddi h\u01a1n c\u00f3 th\u1ec3 th\u01b0\u1edfng th\u1ee9c g\u1ea1o ngon. Nh\u01b0 ch\u00fang ta \u0111\u00e3 bi\u1ebft, g\u1ea1o l\u00e0 m\u1ed9t trong nh\u1eefng c\u00e2y tr\u1ed3ng l\u01b0\u01a1ng th\u1ef1c ch\u00ednh \u1edf nhi\u1ec1u qu\u1ed1c gia. V\u00ec v\u1eady, c\u00f3 m\u1ed9t c\u01a1 h\u1ed9i l\u1edbn v\u00e0 c\u0169ng l\u00e0 tr\u00e1ch nhi\u1ec7m c\u1ee7a ch\u00fang t\u00f4i \u0111\u1ec3 cung c\u1ea5p m\u00e1y ch\u1ebf bi\u1ebfn g\u1ea1o t\u1ed1t. Do \u0111\u00f3, vi\u1ec7c ng\u01b0\u1eddi d\u00e2n d\u1ec5 d\u00e0ng ti\u1ebfp c\u1eadn g\u1ea1o ch\u1ea5t l\u01b0\u1ee3ng cao tr\u00ean to\u00e0n th\u1ebf gi\u1edbi tr\u1edf n\u00ean d\u1ec5 d\u00e0ng h\u01a1n. Ch\u00fang t\u00f4i mong mu\u1ed1n g\u00f3p ph\u1ea7n t\u1ea1o ra m\u1ed9t th\u1ebf gi\u1edbi kh\u00f4ng \u0111\u00f3i ngh\u00e8o v\u00e0 m\u1ed9t n\u01a1i t\u1ed1t \u0111\u1eb9p h\u01a1n.<\/p>    <p><\/p> <\/div>    <div class=\"wp-block-column is-vertically-aligned-center is-layout-flow wp-block-column-is-layout-flow\"> <figure class=\"wp-block-image size-large\"><img decoding=\"async\" src=\"https:\/\/topfoodmachine.com\/wp-content\/uploads\/2022\/07\/taizy-factory.jpg\" alt=\"\"\/><\/figure> <\/div> <\/div>    <div class=\"wp-block-columns is-layout-flex wp-container-core-columns-is-layout-9d6595d7 wp-block-columns-is-layout-flex\"> <div class=\"wp-block-column is-vertically-aligned-center is-layout-flow wp-block-column-is-layout-flow\"> <figure class=\"wp-block-image size-full\"><img loading=\"lazy\" decoding=\"async\" width=\"720\" height=\"540\" src=\"https:\/\/cnricemill.com\/wp-content\/uploads\/2022\/08\/factory.jpg\" alt=\"nh\u00e0 m\u00e1y\" class=\"wp-image-71\"\/><\/figure> <\/div>    <div class=\"wp-block-column is-vertically-aligned-center is-layout-flow wp-block-column-is-layout-flow\"> <p>C\u00e1c s\u1ea3n ph\u1ea9m ch\u00ednh c\u1ee7a ch\u00fang t\u00f4i bao g\u1ed3m \u0111\u1ea7y \u0111\u1ee7 c\u00e1c nh\u00e0 m\u00e1y xay g\u1ea1o, bao g\u1ed3m nh\u00e0 m\u00e1y 15T\/ng\u00e0y, 20T\/ng\u00e0y, 25T\/ng\u00e0y, 30T\/ng\u00e0y, 40T\/ng\u00e0y, 60T\/ng\u00e0y, 80T\/ng\u00e0y, 100T\/ng\u00e0y. V\u00e0 ch\u00fang t\u00f4i h\u1ed7 tr\u1ee3 d\u1ecbch v\u1ee5 t\u00f9y ch\u1ec9nh m\u1ea1nh m\u1ebd \u0111\u1ec3 \u0111\u00e1p \u1ee9ng y\u00eau c\u1ea7u c\u1ee5 th\u1ec3 c\u1ee7a b\u1ea1n. Ngo\u00e0i ra, m\u00e1y l\u00e0m s\u1ea1ch l\u00faa, m\u00e1y xay v\u1ecf g\u1ea1o, m\u00e1y t\u00e1ch g\u1ea1o, m\u00e1y \u0111\u00e1nh b\u00f3ng g\u1ea1o, m\u00e1y ph\u00e2n lo\u1ea1i g\u1ea1o, m\u00e1y s\u00e0ng m\u00e0u g\u1ea1o v\u00e0 m\u00e1y \u0111\u00f3ng g\u00f3i g\u1ea1o \u0111\u1ec1u c\u00f3 s\u1eb5n t\u1eeb nh\u00e0 m\u00e1y TAIZY. Hi\u1ec7n nay, c\u00e1c m\u00e1y c\u1ee7a ch\u00fang t\u00f4i \u0111\u00e3 \u0111\u01b0\u1ee3c xu\u1ea5t kh\u1ea9u th\u00e0nh c\u00f4ng \u0111\u1ebfn h\u01a1n 80 qu\u1ed1c gia v\u00e0 khu v\u1ef1c.<\/p> <\/div> <\/div>    <h2 class=\"wp-block-heading\">Ch\u1ee9ng ch\u1ec9<\/h2>    <figure class=\"wp-block-image size-full\"><img loading=\"lazy\" decoding=\"async\" width=\"1024\" height=\"323\" src=\"https:\/\/cnricemill.com\/wp-content\/uploads\/2022\/08\/certificate-1024x323-1.jpg\" alt=\"ch\u1ee9ng ch\u1ec9-1024x323\" class=\"wp-image-64\"\/><\/figure>","protected":false},"excerpt":{"rendered":"<p>TAIZY\u00ae is a leading and one-stop rice processing solutions provider that is integrated with research, manufacturing, and marketing. We aim to provide quality and affordable rice mill plants to help more people to eat excellent rice. As we all know, rice is one of the staple food crops in many countries. So there is a [&hellip;]<\/p>\n","protected":false},"author":1,"featured_media":0,"parent":0,"menu_order":0,"comment_status":"closed","ping_status":"closed","template":"","meta":{"footnotes":""},"class_list":["post-20","page","type-page","status-publish","hentry"],"_links":{"self":[{"href":"https:\/\/cnricemill.com\/vi\/wp-json\/wp\/v2\/pages\/20","targetHints":{"allow":["GET"]}}],"collection":[{"href":"https:\/\/cnricemill.com\/vi\/wp-json\/wp\/v2\/pages"}],"about":[{"href":"https:\/\/cnricemill.com\/vi\/wp-json\/wp\/v2\/types\/page"}],"author":[{"embeddable":true,"href":"https:\/\/cnricemill.com\/vi\/wp-json\/wp\/v2\/users\/1"}],"replies":[{"embeddable":true,"href":"https:\/\/cnricemill.com\/vi\/wp-json\/wp\/v2\/comments?post=20"}],"version-history":[{"count":0,"href":"https:\/\/cnricemill.com\/vi\/wp-json\/wp\/v2\/pages\/20\/revisions"}],"wp:attachment":[{"href":"https:\/\/cnricemill.com\/vi\/wp-json\/wp\/v2\/media?parent=20"}],"curies":[{"name":"wp","href":"https:\/\/api.w.org\/{rel}","templated":true}]}}