{"id":93,"date":"2022-08-16T07:08:49","date_gmt":"2022-08-15T23:08:49","guid":{"rendered":"https:\/\/cnricemill.com\/?post_type=product&#038;p=93"},"modified":"2024-12-23T11:34:13","modified_gmt":"2024-12-23T03:34:13","slug":"38t-d-rice-mill-plant","status":"publish","type":"product","link":"https:\/\/cnricemill.com\/tr\/product\/38t-d-rice-mill-plant\/","title":{"rendered":"38T\/D Pirin\u00e7 De\u011firmeni Tesisi"},"content":{"rendered":"<p class=\"translation-block\"><strong>38t\/g\u00fcn pirin\u00e7 de\u011firmen tesisi<\/strong> orta d\u00fczeyde pirin\u00e7 de\u011firmen ihtiya\u00e7lar\u0131 i\u00e7in kullan\u0131l\u0131r. Bu pirin\u00e7 i\u015fleme hatt\u0131, her g\u00fcn 38 ton bitmi\u015f pirin\u00e7 \u00fcretebilir. \u00c7iftlik sahipleri ve pirin\u00e7 fabrikalar\u0131 i\u00e7in olduk\u00e7a uygundur, iyi performans ve y\u00fcksek verimlilik sa\u011flar. 38 ton\/g\u00fcn pirin\u00e7 de\u011firmen tesisi, pirin\u00e7 temizleme, ta\u015f ay\u0131rma, pirin\u00e7 kabu\u011fu soyma, pirin\u00e7 ay\u0131rma, pirin\u00e7 de\u011firmen ve pirin\u00e7 s\u0131n\u0131fland\u0131rma dahil olmak \u00fczere t\u00fcm pirin\u00e7 i\u015flemini otomatik olarak tamamlayabilir. 38t\/g\u00fcn pirin\u00e7 de\u011firmen tesisinin yan\u0131 s\u0131ra, ayr\u0131ca bir <strong>15t\/g\u00fcn pirin\u00e7 de\u011firmen tesisi<\/strong>, <strong>60t\/g\u00fcn pirin\u00e7 de\u011firmen tesisi<\/strong>, <strong>100t\/g\u00fcn pirin\u00e7 de\u011firmen tesisi<\/strong> vb. sa\u011fl\u0131yoruz. T\u00fcm makinelerimiz iyi kalite, rekabet\u00e7i fiyat ve h\u0131zl\u0131 teslimat avantaj\u0131na sahiptir. G\u00fcvenilir bir pirin\u00e7 de\u011firmen tesisi ar\u0131yorsan\u0131z, l\u00fctfen bizimle ileti\u015fime ge\u00e7in.<\/p>    <figure class=\"wp-block-image size-full\"><img loading=\"lazy\" decoding=\"async\" width=\"720\" height=\"540\" src=\"https:\/\/cnricemill.com\/wp-content\/uploads\/2022\/08\/modern-38-ton-rice-mill-plant.jpg\" alt=\"modern 38 tonluk pirin\u00e7 de\u011firmen tesisi\" class=\"wp-image-101\"\/><figcaption>modern 38 tonluk pirin\u00e7 de\u011firmen tesisi<\/figcaption><\/figure>    <h2 class=\"wp-block-heading\">38 ton\/g\u00fcn pirin\u00e7 de\u011firmen tesisinin avantajlar\u0131<\/h2>    <ol class=\"wp-block-list\" type=\"1\"><li>38t\/g\u00fcn pirin\u00e7 de\u011firmen tesisi, kullan\u0131c\u0131lar\u0131n kontrol kutusundaki d\u00fc\u011fmeleri kullanarak makineyi kolayca ve pratik bir \u015fekilde \u00e7al\u0131\u015ft\u0131rabilece\u011fi evrensel bir kontrol kutusuyla tasarlanm\u0131\u015ft\u0131r.<\/li><li>T\u00fcm pirin\u00e7 de\u011firmen makineleri, fabrikam\u0131zdan sat\u0131\u015fa sunulmakta olup, \u00e7evre dostu ve ta\u015f\u0131nma s\u0131ras\u0131nda boya kayb\u0131n\u0131 \u00f6nleyen f\u0131r\u0131n boyas\u0131 kullan\u0131r.\u00a0<\/li><li>G\u00fcnl\u00fck 38 ton pirin\u00e7 de\u011firmen tesisi, yeni teknolojili makine \u00fcretimi, geli\u015ftirilmi\u015f i\u015fleme malzemeleri, y\u00fcksek verimlilik, y\u00fcksek de\u011firmen oran\u0131, d\u00fc\u015f\u00fck k\u0131rma oran\u0131, y\u00fcksek \u00e7\u0131kt\u0131, pirin\u00e7 israf\u0131n\u0131 \u00f6nleme, stabil \u00e7al\u0131\u015fma performans\u0131 ve kolay kullan\u0131m ve bak\u0131m ile modern tasarlanm\u0131\u015f bir pirin\u00e7 de\u011firmen hatt\u0131d\u0131r.\u00a0<\/li><li>Bu modelin makine detaylar\u0131 esnektir ve baz\u0131 par\u00e7alar m\u00fc\u015fteri gereksinimlerine g\u00f6re \u00f6zelle\u015ftirilebilir.\u00a0<\/li><li>T\u00fcm pirin\u00e7 de\u011firmen tesisinin tam otomatik \u00e7al\u0131\u015fmas\u0131, bir veya iki i\u015f\u00e7i taraf\u0131ndan i\u015fletilebilir.<\/li><li>T\u00fcm pirin\u00e7 i\u015fleme makineleri, \u00f6zel ihtiya\u00e7lar\u0131n\u0131z\u0131 kar\u015f\u0131lamak i\u00e7in \u00f6zelle\u015ftirme hizmetlerini destekler. \u00a0<\/li><\/ol>    <div class=\"wp-block-columns is-layout-flex wp-container-core-columns-is-layout-9d6595d7 wp-block-columns-is-layout-flex\"> <div class=\"wp-block-column is-layout-flow wp-block-column-is-layout-flow\"> <figure class=\"wp-block-image size-full\"><img loading=\"lazy\" decoding=\"async\" width=\"720\" height=\"540\" src=\"https:\/\/cnricemill.com\/wp-content\/uploads\/2022\/08\/Taizy-rice-processing-line-factory.jpg\" alt=\"Taizy pirin\u00e7 i\u015fleme hatt\u0131 fabrikas\u0131\" class=\"wp-image-103\"\/><figcaption>Taizy pirin\u00e7 i\u015fleme hatt\u0131 fabrikas\u0131<\/figcaption><\/figure> <\/div>    <div class=\"wp-block-column is-layout-flow wp-block-column-is-layout-flow\"> <figure class=\"wp-block-image size-full\"><img loading=\"lazy\" decoding=\"async\" width=\"720\" height=\"540\" src=\"https:\/\/cnricemill.com\/wp-content\/uploads\/2022\/08\/rice-mill-plant-factory.jpg\" alt=\"pirin\u00e7 de\u011firmen tesisi fabrikas\u0131\" class=\"wp-image-104\"\/><figcaption>pirin\u00e7 de\u011firmen tesisi fabrikas\u0131<\/figcaption><\/figure> <\/div> <\/div>    <h2 class=\"wp-block-heading\">Taizy 38t\/d pirin\u00e7 de\u011firmen tesisi parametreleri<\/h2>    <figure class=\"wp-block-table\"><table><tbody><tr><td>Numara<\/td><td>Makine<\/td><td>Model<\/td><td>Kapasite (t\/saat)<\/td><\/tr><tr><td>1<\/td><td>Birle\u015fik temizleyici ve ta\u015f ay\u0131r\u0131c\u0131<\/td><td>ZQS90<\/td><td>2-2.5<\/td><\/tr><tr><td>2<\/td><td>Pirincin kabu\u011funu soyma makinesi<\/td><td>MLGT25<\/td><td>2<\/td><\/tr><tr><td>3<\/td><td>Yer\u00e7ekimi pirin\u00e7 ay\u0131r\u0131c\u0131<\/td><td>MGCZ100*8<\/td><td>1.5-2.3<\/td><\/tr><tr><td>4<\/td><td>Pirinc de\u011firmen makinesi<\/td><td>MNMS15B<\/td><td>1-1.3<\/td><\/tr><tr><td>5<\/td><td>Pirincin s\u0131n\u0131fland\u0131rma makinesi<\/td><td>MMJJP80*3<\/td><td>1.5-2<\/td><\/tr><tr><td>6<\/td><td>Asans\u00f6r<\/td><td>TDG20\/11<\/td><td>2-3<\/td><\/tr><\/tbody><\/table><\/figure>    <h2 class=\"wp-block-heading\">Modern 38tpd pirin\u00e7 de\u011firmen tesisinin yap\u0131 detaylar\u0131<\/h2>    <figure class=\"wp-block-image size-full\"><img loading=\"lazy\" decoding=\"async\" width=\"720\" height=\"540\" src=\"https:\/\/cnricemill.com\/wp-content\/uploads\/2022\/08\/structure-details-of-38td-rice-mill-plant.jpg\" alt=\"38td pirin\u00e7 de\u011firmen tesisinin yap\u0131 detaylar\u0131\" class=\"wp-image-99\"\/><figcaption>38td pirin\u00e7 de\u011firmen tesisinin yap\u0131 detaylar\u0131<\/figcaption><\/figure>    <h3 class=\"wp-block-heading\">Malzeme besleme makinesi<\/h3>    <p>Bu, pirin\u00e7 makinesine pirin\u00e7 materyalini koyan makinedir<\/p>    <h3 class=\"wp-block-heading\">Birle\u015fik pirin\u00e7 temizleyici ve ta\u015f ay\u0131r\u0131c\u0131<\/h3>    <p>Toz, k\u0131r\u0131nt\u0131, bloklar ve ta\u015flar gibi di\u011fer hafif kal\u0131nt\u0131lar m\u00fcmk\u00fcn oldu\u011funca uzakla\u015ft\u0131r\u0131lmal\u0131, b\u00f6ylece daha iyi s\u00fcp\u00fcrme etkisi sa\u011flanmal\u0131d\u0131r.<\/p>    <h3 class=\"wp-block-heading\">Pirincin kabu\u011funu soyma makinesi<\/h3>    <p>Pirincin kabu\u011funu \u00e7\u0131karma<\/p>    <h3 class=\"wp-block-heading\">Pirincin ay\u0131r\u0131c\u0131lar\u0131<\/h3>    <p class=\"translation-block\"><a href=\"https:\/\/cnricemill.com\/tr\/product\/paddy-separator\/\">Pirincin ay\u0131r\u0131c\u0131lar\u0131 <\/a> esasen kahverengi pirincin pirin\u00e7ten ayr\u0131lmas\u0131 i\u00e7in kullan\u0131l\u0131r, beyaz pirin\u00e7, kahverengi pirin\u00e7 ve ikisinin kar\u0131\u015f\u0131m\u0131 aras\u0131ndaki \u00f6zg\u00fcl a\u011f\u0131rl\u0131k ve s\u00fcrt\u00fcnme katsay\u0131s\u0131 fark\u0131n\u0131 kullan\u0131r.\u00a0<\/p>    <h3 class=\"wp-block-heading\">Pirinc de\u011firmen makinesi<\/h3>    <p>Pirincin i\u015flenmesi i\u00e7in \u00f6zel olarak geli\u015ftirilmi\u015f bir pirin\u00e7 de\u011firmen makinesi, \u015fu anki d\u00fcnya pirin\u00e7 de\u011firmen makinelerinin geli\u015fmi\u015f teknolojisiyle, daha d\u00fc\u015f\u00fck pirin\u00e7 s\u0131cakl\u0131\u011f\u0131, daha az kepek i\u00e7eri\u011fi ve d\u00fc\u015f\u00fck k\u0131rma art\u0131\u015flar\u0131 sa\u011flar.&nbsp;<\/p>    <h3 class=\"wp-block-heading\">Pirincin parlatma makinesi<\/h3>    <p>Pirincin y\u00fczeyini su p\u00fcsk\u00fcrterek parlatmak, d\u00fczg\u00fcn bir jel tabakas\u0131 olu\u015fturmaya ve muhafaza s\u00fcresini uzatmaya yard\u0131mc\u0131 olur. Parlatma odas\u0131n\u0131 geni\u015fleterek y\u00fcksek kaliteli pirin\u00e7 \u00fcretir.&nbsp;<\/p>    <h3 class=\"wp-block-heading\">Pirincin s\u0131n\u0131fland\u0131r\u0131c\u0131s\u0131<\/h3>    <p class=\"translation-block\"><a href=\"https:\/\/cnricemill.com\/tr\/product\/rice-grader\/\">Pirincin s\u0131n\u0131fland\u0131r\u0131c\u0131s\u0131<\/a>, ince pirinci b\u00fct\u00fcn pirince, b\u00fcy\u00fck k\u0131r\u0131k, orta k\u0131r\u0131k, k\u00fc\u00e7\u00fck k\u0131r\u0131k gibi \u00e7e\u015fitli \u015fekillerde verimli ve do\u011fru \u015fekilde ay\u0131rabilir.\u00a0<\/p>    <h3 class=\"wp-block-heading\">Pirincin renk ay\u0131r\u0131c\u0131<\/h3>    <p>D\u00fc\u015f\u00fck kaliteli, s\u00fct beyaz\u0131, kalkm\u0131\u015f, yabanc\u0131 maddeleri ay\u0131klamak i\u00e7in pirin\u00e7 renk ay\u0131r\u0131c\u0131. Solma testi s\u0131ras\u0131nda CCD sinyali. Malzemedeki standart d\u0131\u015f\u0131 pirin\u00e7 veya yabanc\u0131 maddeler tespit edilirse, at\u0131c\u0131 alt hazneden d\u00fc\u015f\u00fck kaliteli \u00fcr\u00fcnleri \u00fcfler.\u00a0<\/p>    <h3 class=\"wp-block-heading\">Pirincin paketleme makinesi<\/h3>    <p class=\"translation-block\">Bu niceliksel otomatik <a href=\"https:\/\/cnricemill.com\/tr\/product\/rice-packing-machine\/\">pirin\u00e7 tartma ve paketleme makinesi<\/a>, malzeme kutusu, paketleme terazisi, diki\u015f makinesi ve konvey\u00f6r banttan olu\u015fur. T\u00fcm pirin\u00e7 de\u011firmen \u00fcretim hatt\u0131 modelleriyle kullan\u0131labilir ve paketleme \u00e7uval\u0131 kapasitesi ihtiyaca g\u00f6re 5-50 kg aras\u0131nda se\u00e7ilebilir.\u00a0<\/p>    <h2 class=\"wp-block-heading\">\u0130lgili pirin\u00e7 de\u011firmenleri<\/h2>    <div class=\"wp-block-columns is-layout-flex wp-container-core-columns-is-layout-9d6595d7 wp-block-columns-is-layout-flex\"> <div class=\"wp-block-column is-layout-flow wp-block-column-is-layout-flow\"> <figure class=\"wp-block-gallery has-nested-images columns-default is-cropped wp-block-gallery-2 is-layout-flex wp-block-gallery-is-layout-flex\"> <figure class=\"wp-block-image size-full\"><a href=\"https:\/\/cnricemill.com\/tr\/product\/15t-d-rice-mill-plant\/\"><img loading=\"lazy\" decoding=\"async\" width=\"720\" height=\"540\" data-id=\"92\" src=\"https:\/\/cnricemill.com\/wp-content\/uploads\/2022\/08\/15td-rice-mill-plant.jpg\" alt=\"15td pirin\u00e7 de\u011firmen tesisi\" class=\"wp-image-92\"\/><\/a><figcaption>15td pirin\u00e7 de\u011firmen tesisi<\/figcaption><\/figure> <\/figure> <\/div>    <div class=\"wp-block-column is-layout-flow wp-block-column-is-layout-flow\"> <figure class=\"wp-block-gallery has-nested-images columns-default is-cropped wp-block-gallery-3 is-layout-flex wp-block-gallery-is-layout-flex\"> <figure class=\"wp-block-image size-full\"><a href=\"https:\/\/cnricemill.com\/tr\/product\/60td-rice-mill-plant\/\"><img loading=\"lazy\" decoding=\"async\" width=\"720\" height=\"540\" data-id=\"83\" src=\"https:\/\/cnricemill.com\/wp-content\/uploads\/2022\/08\/60td-rice-milling-line.jpg\" alt=\"60t\/d pirin\u00e7 de\u011firmen hatt\u0131\" class=\"wp-image-83\"\/><\/a><figcaption>60t\/d pirin\u00e7 de\u011firmen hatt\u0131<\/figcaption><\/figure> <\/figure> <\/div> <\/div>","protected":false},"excerpt":{"rendered":"<p>38t\/d rice mill plant is used for medium processing demands of rice milling. This rice processing line can produce 38 ton of finished rice each day. It is quite suitable for farm owners and rice factories with good performance and high efficiency. The 38ton\/day rice mill plant can automatically complete the whole rice process, including [&hellip;]<\/p>\n","protected":false},"author":1,"featured_media":95,"parent":0,"template":"","tags":[12,15],"product-type":[5],"class_list":["post-93","product","type-product","status-publish","has-post-thumbnail","hentry","tag-rice-mill-plant","tag-rice-milling","product-type-rice-mill-plant"],"_links":{"self":[{"href":"https:\/\/cnricemill.com\/tr\/wp-json\/wp\/v2\/product\/93","targetHints":{"allow":["GET"]}}],"collection":[{"href":"https:\/\/cnricemill.com\/tr\/wp-json\/wp\/v2\/product"}],"about":[{"href":"https:\/\/cnricemill.com\/tr\/wp-json\/wp\/v2\/types\/product"}],"author":[{"embeddable":true,"href":"https:\/\/cnricemill.com\/tr\/wp-json\/wp\/v2\/users\/1"}],"wp:featuredmedia":[{"embeddable":true,"href":"https:\/\/cnricemill.com\/tr\/wp-json\/wp\/v2\/media\/95"}],"wp:attachment":[{"href":"https:\/\/cnricemill.com\/tr\/wp-json\/wp\/v2\/media?parent=93"}],"wp:term":[{"taxonomy":"post_tag","embeddable":true,"href":"https:\/\/cnricemill.com\/tr\/wp-json\/wp\/v2\/tags?post=93"},{"taxonomy":"product-type","embeddable":true,"href":"https:\/\/cnricemill.com\/tr\/wp-json\/wp\/v2\/product-type?post=93"}],"curies":[{"name":"wp","href":"https:\/\/api.w.org\/{rel}","templated":true}]}}