{"id":91,"date":"2022-08-15T08:42:28","date_gmt":"2022-08-15T00:42:28","guid":{"rendered":"https:\/\/cnricemill.com\/?post_type=product&#038;p=91"},"modified":"2024-12-23T11:33:49","modified_gmt":"2024-12-23T03:33:49","slug":"15t-d-rice-mill-plant","status":"publish","type":"product","link":"https:\/\/cnricemill.com\/tr\/product\/15t-d-rice-mill-plant\/","title":{"rendered":"15T\/D Pirin\u00e7 De\u011firmeni Tesisi"},"content":{"rendered":"<p class=\"translation-block\"><strong>15T\/D pirin\u00e7 de\u011firmen tesisi<\/strong> k\u00fc\u00e7\u00fck bir pirin\u00e7 i\u015fleme hatt\u0131d\u0131r. Her saat 800-1000 kg bitmi\u015f pirin\u00e7 \u00fcretebilir, bu da k\u00fc\u00e7\u00fck pirin\u00e7 i\u015fleme fabrikalar\u0131 i\u00e7in \u00e7ok uygundur. 15T\/D standart pirin\u00e7 de\u011firmen tesisi, bir kombine pirin\u00e7 temizleme makinesi, pirin\u00e7 kabu\u011fu ay\u0131r\u0131c\u0131, pirin\u00e7 de\u011firmen ve pirin\u00e7 ay\u0131r\u0131c\u0131 i\u00e7erir. Bir kovaya konan pirin\u00e7, s\u00fcrekli \u00e7al\u0131\u015fabilmesi i\u00e7in birbirine ba\u011fl\u0131d\u0131r. Bu otomatik pirin\u00e7 de\u011firmen hatt\u0131, makul yap\u0131, stabil performans ve y\u00fcksek verimlilik \u00f6zelliklerine sahiptir. 15 ton\/g\u00fcn pirin\u00e7 de\u011firmen tesisinin yan\u0131 s\u0131ra, 20t\/d, 25t\/d, <a href=\"https:\/\/cnricemill.com\/tr\/product\/38t-d-rice-mill-plant\/\">38t\/d pirin\u00e7 de\u011firmen tesisi<\/a>, <a href=\"https:\/\/cnricemill.com\/tr\/product\/60td-rice-mill-plant\/\">60t\/d pirin\u00e7 de\u011firmen tesisi<\/a> vb. mevcuttur. \u00d6nde gelen pirin\u00e7 i\u015fleme hatt\u0131 \u00fcreticisi olarak, \u00f6zel gereksinimlerinizi kar\u015f\u0131lamak i\u00e7in g\u00fc\u00e7l\u00fc bir \u00f6zelle\u015ftirme hizmeti sunuyoruz.<\/p>    <h2 class=\"wp-block-heading\"><strong>Pirinc de\u011firmeninin \u00e7al\u0131\u015fma videosu<\/strong><\/h2>    <p>Bu, 20TPD pirin\u00e7 de\u011firmen tesisi hakk\u0131nda bir video olmas\u0131na ra\u011fmen, konfig\u00fcrasyon ayn\u0131d\u0131r, sadece makinenin kapasitesinden farkl\u0131d\u0131r.<\/p>    <figure class=\"wp-block-embed is-type-video is-provider-youtube wp-block-embed-youtube wp-embed-aspect-16-9 wp-has-aspect-ratio\"><div class=\"wp-block-embed__wrapper\"> <iframe loading=\"lazy\" title=\"Hassasiyeti Deneyimleyin: 20TPD Pirin\u00e7 \u00d6\u011f\u00fctme \u00dcnitesi Hareket halinde! \ud83c\udf3e\u2728 Sat\u0131l\u0131k Tam Otomatik Pirin\u00e7 De\u011firmeni\" width=\"500\" height=\"281\" src=\"https:\/\/www.youtube.com\/embed\/ze92Vr4oMWc?feature=oembed\" frameborder=\"0\" allow=\"accelerometer; autoplay; clipboard-write; encrypted-media; gyroscope; picture-in-picture; web-share\" referrerpolicy=\"strict-origin-when-cross-origin\" allowfullscreen><\/iframe> <\/div><\/figure>    <h2 class=\"wp-block-heading\">15t\/d pirin\u00e7 de\u011firmen tesisi \u00f6zellikleri<\/h2>    <ol class=\"wp-block-list\"> <li>Basit ve g\u00fczel yap\u0131, d\u00fc\u015f\u00fck enerji t\u00fcketimi. Kullan\u0131m\u0131 ve bak\u0131m\u0131 kolayd\u0131r, t\u00fcm ekipmanlar\u0131n s\u00f6kme ve montaj\u0131 \u00e7ok pratiktir.<\/li>    <li>Par\u00e7alar aras\u0131ndan ta\u015f, demir, toz, saman ve di\u011fer kirleticileri uzakla\u015ft\u0131rmak i\u00e7in iyi temizlik etkisi.<\/li>    <li>H\u0131zl\u0131 pirin\u00e7 de\u011firmen h\u0131z\u0131, tam set ekipmanlar i\u00e7in g\u00fcnl\u00fck yakla\u015f\u0131k 15 ton \u00fcretim ile.<\/li>    <li>Kullan\u0131m\u0131 kolayd\u0131r, bu pirin\u00e7 de\u011firmenini \u00e7al\u0131\u015ft\u0131rmak i\u00e7in sadece 1-2 ki\u015fi gerekir (bir ki\u015fi ham pirinci y\u00fckler, di\u011fer ki\u015fi bitmi\u015f pirinci y\u00fckler).<\/li>    <li>Pirincin giri\u015finden bitmi\u015f beyaz pirince kadar otomatik \u00e7al\u0131\u015fma.<\/li>    <li>Ekipman\u0131n pirin\u00e7 de\u011firmen b\u00f6l\u00fcm\u00fc, d\u00fc\u015f\u00fck s\u0131cakl\u0131kta, kabuk ve d\u00fc\u015f\u00fck k\u0131r\u0131k pirin\u00e7 oran\u0131 ile negatif bas\u0131n\u00e7 pirin\u00e7 de\u011firmen teknolojisini benimser.<\/li>    <li>\u0130\u015fleme teknolojimiz: fiber optik kesim, CNC b\u00fck\u00fcm, CNC makine ara\u00e7lar\u0131, p\u00fcsk\u00fcrtme i\u015flemi, y\u00fcksek seviyeli p\u00fcsk\u00fcrtme f\u0131r\u0131nlama vb.<\/li>    <li>\u00d6zel ihtiya\u00e7lar\u0131n\u0131z\u0131 kar\u015f\u0131lamak i\u00e7in g\u00fc\u00e7l\u00fc bir \u00f6zelle\u015ftirme hizmeti sunuyoruz.<\/li> <\/ol>    <div class=\"wp-block-columns is-layout-flex wp-container-core-columns-is-layout-9d6595d7 wp-block-columns-is-layout-flex\"> <div class=\"wp-block-column is-layout-flow wp-block-column-is-layout-flow\"> <figure class=\"wp-block-image size-full\"><img loading=\"lazy\" decoding=\"async\" width=\"720\" height=\"540\" src=\"https:\/\/cnricemill.com\/wp-content\/uploads\/2022\/08\/modern-15ton-rice-processing-line.jpg\" alt=\"modern 15 tonluk pirin\u00e7 i\u015fleme hatt\u0131\" class=\"wp-image-108\"\/><figcaption class=\"wp-element-caption\">modern 15 tonluk pirin\u00e7 i\u015fleme hatt\u0131<\/figcaption><\/figure> <\/div>    <div class=\"wp-block-column is-layout-flow wp-block-column-is-layout-flow\"> <figure class=\"wp-block-image size-full\"><img loading=\"lazy\" decoding=\"async\" width=\"720\" height=\"540\" src=\"https:\/\/cnricemill.com\/wp-content\/uploads\/2022\/08\/15-ton-rice-mill-plant.jpg\" alt=\"15 ton pirin\u00e7 de\u011firmen tesisi\" class=\"wp-image-109\"\/><figcaption class=\"wp-element-caption\">15 ton pirin\u00e7 de\u011firmen tesisi<\/figcaption><\/figure> <\/div> <\/div>    <h2 class=\"wp-block-heading\">Taizy 15t\/d pirin\u00e7 de\u011firmen tesisi parametreleri<\/h2>    <figure class=\"wp-block-table\"><table><tbody><tr><td>Model<\/td><td>Kapasite (t\/saat)<\/td><td>G\u00fc\u00e7 (kW)<\/td><td>Boyut (U*G*Y)<\/td><\/tr><tr><td>MNMS15B<\/td><td>0.8-1.25<\/td><td>18.5-22<\/td><td>1090*580*1420<\/td><\/tr><tr><td>MNMS18<\/td><td>2-3<\/td><td>22-30<\/td><td>1245*650*1660<\/td><\/tr><tr><td>MNMS25<\/td><td>3.5-4.5<\/td><td>37-45<\/td><td>1350*750*1800<\/td><\/tr><\/tbody><\/table><\/figure>    <h2 class=\"wp-block-heading\">Sat\u0131\u015f i\u00e7in 15tpd pirin\u00e7 de\u011firmen tesisi yap\u0131 detaylar\u0131 <\/h2>    <figure class=\"wp-block-image size-full\"><img loading=\"lazy\" decoding=\"async\" width=\"720\" height=\"540\" src=\"https:\/\/cnricemill.com\/wp-content\/uploads\/2022\/08\/15td-rice-milling-plant-structure.jpg\" alt=\"15td pirin\u00e7 de\u011firmen tesisi yap\u0131s\u0131\" class=\"wp-image-106\"\/><figcaption class=\"wp-element-caption\">15td pirin\u00e7 de\u011firmen tesisi yap\u0131s\u0131<\/figcaption><\/figure>    <h3 class=\"wp-block-heading\">Pirinc temizleme makinesi<\/h3>    <p>Temizlik ve ta\u015f ay\u0131rma tasar\u0131m\u0131n\u0131n birle\u015fimi, geleneksel tek par\u00e7a tasar\u0131ma k\u0131yasla \u00e7ok daha iyi bir etki sa\u011flar. B\u00fcy\u00fck hava hacmi tasar\u0131m\u0131, m\u00fckemmel ta\u015f ay\u0131rma etkisi, y\u00fcksek mukavemetli titre\u015fim emici yatak konfig\u00fcrasyonu ile birlikte, g\u00f6vdenin d\u00fczg\u00fcn, sa\u011flam ve g\u00fcvenilir hareketi, d\u00fc\u015f\u00fck titre\u015fim, d\u00fc\u015f\u00fck g\u00fcr\u00fclt\u00fc ve az toz.<\/p>    <h3 class=\"wp-block-heading\">Pirinc de\u011firmen makinesi<\/h3>    <p>Pirinci daha derinlemesine temizlemek i\u00e7in ba\u011f\u0131ms\u0131z g\u00fc\u00e7l\u00fc bir fan ile donat\u0131lm\u0131\u015ft\u0131r, bu da pirin\u00e7 tanelerinin daha temiz olmas\u0131n\u0131 sa\u011flar ve pirin\u00e7 tanelerinin parlakl\u0131\u011f\u0131n\u0131 etkili bir \u015fekilde art\u0131r\u0131r.<\/p>    <h3 class=\"wp-block-heading\">Yer\u00e7ekimi pirin\u00e7 ay\u0131r\u0131c\u0131<\/h3>    <p class=\"translation-block\"><a href=\"https:\/\/cnricemill.com\/tr\/product\/paddy-separator\/\">yer\u00e7ekimi pirin\u00e7 ay\u0131r\u0131c\u0131<\/a> b\u00fcy\u00fck ekran y\u00fczeyi ile tasarlanm\u0131\u015ft\u0131r, h\u0131zl\u0131 ay\u0131rma h\u0131z\u0131 ve homojen da\u011f\u0131l\u0131m gibi m\u00fckemmel avantajlara sahiptir.<\/p>    <h3 class=\"wp-block-heading\">D\u00fc\u015f\u00fck g\u00fcr\u00fclt\u00fcl\u00fc pirin\u00e7 kabu\u011fu ay\u0131r\u0131c\u0131<\/h3>    <p>Lastik silindirlere uzun \u00f6m\u00fcr: di\u015fli kutusu yok, d\u00fc\u015f\u00fck g\u00fcr\u00fclt\u00fc, stabil performans.&nbsp;<\/p>    <h3 class=\"wp-block-heading\">Ba\u011f\u0131ms\u0131z pirin\u00e7 kovas\u0131 konvey\u00f6r\u00fc<\/h3>    <p>Her pirin\u00e7 de\u011firmen kovas\u0131 konvey\u00f6r\u00fc ba\u011f\u0131ms\u0131zd\u0131r ve her biri daha fazla g\u00fc\u00e7, daha y\u00fcksek \u00e7\u0131kt\u0131 ve kolay bak\u0131m i\u00e7in ay\u0131r\u0131c\u0131 motor taban\u0131na sahiptir.<\/p>    <figure class=\"wp-block-image size-full\"><img loading=\"lazy\" decoding=\"async\" width=\"720\" height=\"540\" src=\"https:\/\/cnricemill.com\/wp-content\/uploads\/2022\/08\/rice-mill-plant-ready-to-ship-1.jpg\" alt=\"pirin\u00e7 de\u011firmen tesisi sevkiyata haz\u0131r\" class=\"wp-image-112\"\/><figcaption class=\"wp-element-caption\">pirin\u00e7 de\u011firmen tesisi sevkiyata haz\u0131r<\/figcaption><\/figure>    <h2 class=\"wp-block-heading\">Pirinc de\u011firmen tesisinin \u00e7al\u0131\u015fma s\u00fcreci <\/h2>    <p class=\"translation-block\">15t\/d pirin\u00e7 de\u011firmen tesisi, a\u015fa\u011f\u0131daki ak\u0131\u015f \u015femas\u0131na g\u00f6re pirinci uluslararas\u0131 standart kalitede pirince i\u015flemek i\u00e7in uygulan\u0131r: <strong>pirin\u00e7 malzeme besleme \u2192 pirin\u00e7 temizleme \u2192 pirin\u00e7 kabu\u011fu ay\u0131rma \u2192 pirin\u00e7 de\u011firmen \u2192 pirin\u00e7 parlatma \u2192 <a href=\"https:\/\/cnricemill.com\/tr\/product\/rice-packing-machine\/\">pirin\u00e7 paketleme<\/a><\/strong>.<\/p>    <h2 class=\"wp-block-heading\">\u0130lgili Makine<\/h2>    <div class=\"wp-block-columns is-layout-flex wp-container-core-columns-is-layout-9d6595d7 wp-block-columns-is-layout-flex\"> <div class=\"wp-block-column is-layout-flow wp-block-column-is-layout-flow\"> <figure class=\"wp-block-image size-full\"><a href=\"https:\/\/cnricemill.com\/tr\/product\/38t-d-rice-mill-plant\/\"><img loading=\"lazy\" decoding=\"async\" width=\"720\" height=\"540\" src=\"https:\/\/cnricemill.com\/wp-content\/uploads\/2022\/08\/38td-rice-mill-plant.jpg\" alt=\"38td pirin\u00e7 de\u011firmen tesisi\" class=\"wp-image-95\"\/><\/a><figcaption class=\"wp-element-caption\">38td pirin\u00e7 de\u011firmen tesisi<\/figcaption><\/figure> <\/div>    <div class=\"wp-block-column is-layout-flow wp-block-column-is-layout-flow\"> <figure class=\"wp-block-image size-full\"><a href=\"https:\/\/cnricemill.com\/tr\/product\/60td-rice-mill-plant\/\"><img loading=\"lazy\" decoding=\"async\" width=\"720\" height=\"540\" src=\"https:\/\/cnricemill.com\/wp-content\/uploads\/2022\/08\/60td-rice-mill-plant.jpg\" alt=\"60td pirin\u00e7 de\u011firmen tesisi\" class=\"wp-image-75\"\/><\/a><figcaption class=\"wp-element-caption\">60td pirin\u00e7 de\u011firmen tesisi<\/figcaption><\/figure> <\/div> <\/div>","protected":false},"excerpt":{"rendered":"<p>15T\/D rice mill plant is a small rice processing line. It can produce 800-1000 kg of finished rice each hour, which is very suitable for small rice processing factories. 15T\/D standard rice mill plant contains a combined rice cleaning machine, rice huller machine, paddy separator, rice mill machine, and rice grader. It uses a bucket [&hellip;]<\/p>\n","protected":false},"author":1,"featured_media":92,"parent":0,"template":"","tags":[12,15],"product-type":[5],"class_list":["post-91","product","type-product","status-publish","has-post-thumbnail","hentry","tag-rice-mill-plant","tag-rice-milling","product-type-rice-mill-plant"],"_links":{"self":[{"href":"https:\/\/cnricemill.com\/tr\/wp-json\/wp\/v2\/product\/91","targetHints":{"allow":["GET"]}}],"collection":[{"href":"https:\/\/cnricemill.com\/tr\/wp-json\/wp\/v2\/product"}],"about":[{"href":"https:\/\/cnricemill.com\/tr\/wp-json\/wp\/v2\/types\/product"}],"author":[{"embeddable":true,"href":"https:\/\/cnricemill.com\/tr\/wp-json\/wp\/v2\/users\/1"}],"wp:featuredmedia":[{"embeddable":true,"href":"https:\/\/cnricemill.com\/tr\/wp-json\/wp\/v2\/media\/92"}],"wp:attachment":[{"href":"https:\/\/cnricemill.com\/tr\/wp-json\/wp\/v2\/media?parent=91"}],"wp:term":[{"taxonomy":"post_tag","embeddable":true,"href":"https:\/\/cnricemill.com\/tr\/wp-json\/wp\/v2\/tags?post=91"},{"taxonomy":"product-type","embeddable":true,"href":"https:\/\/cnricemill.com\/tr\/wp-json\/wp\/v2\/product-type?post=91"}],"curies":[{"name":"wp","href":"https:\/\/api.w.org\/{rel}","templated":true}]}}