{"id":537,"date":"2026-04-28T11:22:54","date_gmt":"2026-04-28T03:22:54","guid":{"rendered":"https:\/\/cnricemill.com\/?post_type=product&#038;p=537"},"modified":"2026-04-28T14:05:18","modified_gmt":"2026-04-28T06:05:18","slug":"compact-combined-rice-husk-milling-machine","status":"publish","type":"product","link":"https:\/\/cnricemill.com\/tr\/product\/compact-combined-rice-husk-milling-machine\/","title":{"rendered":"Kompakt Birle\u015fik Pirin\u00e7 Kabu\u011fu \u00d6\u011f\u00fctme Makinesi"},"content":{"rendered":"<p class=\"translation-block\">Bu <strong>pirin\u00e7 kabu\u011fu \u00f6\u011f\u00fctme makinesi<\/strong>, kepeklenme ve \u00f6\u011f\u00fctme fonksiyonlar\u0131n\u0131 birle\u015ftiren, \u00f6zellikle pirin\u00e7yi tek ge\u00e7i\u015fte i\u015flemek \u00fczere tasarlanm\u0131\u015f kapsaml\u0131, entegre bir sistemdir. Birim, temizleme elekleri, yer\u00e7ekimi ay\u0131r\u0131c\u0131, lastik silindirli kabuk soyucu ve \u00e7elik silindirli pirin\u00e7 \u00f6\u011f\u00fct\u00fcc\u00fc i\u00e7erir ve saatte 400-500 kilogram pirin\u00e7 i\u015fleyebilir.<\/p>    <p>Kullan\u0131m kolayl\u0131\u011f\u0131 sa\u011flamak amac\u0131yla, makine dizel g\u00fc\u00e7le \u00e7al\u0131\u015facak \u015fekilde tasarlanm\u0131\u015ft\u0131r. Kompakt yap\u0131s\u0131, s\u0131n\u0131rl\u0131 alanlarda \u00f6\u011f\u00fctme i\u015flemlerine olanak tan\u0131r, k\u00fc\u00e7\u00fck k\u0131rsal topluluklar ve ba\u011f\u0131ms\u0131z operat\u00f6rler i\u00e7in en iyi se\u00e7imdir.<\/p>    <figure class=\"wp-block-embed aligncenter is-type-video is-provider-youtube wp-block-embed-youtube wp-embed-aspect-16-9 wp-has-aspect-ratio\"><div class=\"wp-block-embed__wrapper\"> <iframe loading=\"lazy\" title=\"Rice Husk Milling Machine | Complete Paddy Cleaning, Husking &amp; Rice Milling Process in One Machine\" width=\"500\" height=\"281\" src=\"https:\/\/www.youtube.com\/embed\/jSUqGCPipvs?feature=oembed\" frameborder=\"0\" allow=\"accelerometer; autoplay; clipboard-write; encrypted-media; gyroscope; picture-in-picture; web-share\" referrerpolicy=\"strict-origin-when-cross-origin\" allowfullscreen><\/iframe> <\/div><figcaption class=\"wp-element-caption\">pirin\u00e7 \u00f6\u011f\u00fctme makinesinin \u00e7al\u0131\u015fma videosu<\/figcaption><\/figure>    <h2 class=\"wp-block-heading\"><strong>Birle\u015fik Pirin\u00e7 \u00d6\u011f\u00fctme Makinesi nedir?<\/strong><\/h2>    <p>Birle\u015fik pirin\u00e7 kabu\u011fu \u00f6\u011f\u00fctme makinesi, pirin\u00e7 \u00fcretim s\u00fcrecinin birden fazla a\u015famas\u0131n\u0131 tek, y\u00fcksek verimli bir birimde toplayan entegre bir pirin\u00e7 i\u015fleme sistemidir. Temel pirin\u00e7 \u00f6\u011f\u00fct\u00fcc\u00fc makinelerden farkl\u0131 olarak, bu ekipman a\u015fa\u011f\u0131daki i\u015flemleri ger\u00e7ekle\u015ftirebilir:<\/p>    <ul class=\"wp-block-list\"> <li>Pirincin temizlenmesi<\/li>    <li>\u0130ncelik giderme<\/li>    <li>Ta\u015f ay\u0131rma<\/li>    <li>Kabak soyma (pirin\u00e7 kabuklar\u0131n\u0131n \u00e7\u0131kar\u0131lmas\u0131)<\/li>    <li>Kahverengi pirin\u00e7 ay\u0131rma<\/li>    <li>Beyazlatma\/Parlatma<\/li>    <li>Kepek ay\u0131rma<\/li> <\/ul>    <p>\u00d6zellikle pirin\u00e7 i\u015fleme i\u00e7in tasarlanm\u0131\u015f olup, i\u015flenmemi\u015f pirinci do\u011frudan y\u00fcksek kaliteli parlat\u0131lm\u0131\u015f beyaz pirince d\u00f6n\u00fc\u015ft\u00fcr\u00fcr, tek bir sorunsuz operasyon ak\u0131\u015f\u0131yla.<\/p>    <p>Bu ekipman \u00f6zellikle a\u015fa\u011f\u0131daki ortamlarda de\u011ferlidir:<\/p>    <ul class=\"wp-block-list\"> <li>K\u0131rsal tar\u0131m topluluklar\u0131<\/li>    <li>G\u00fc\u00e7 kayna\u011f\u0131 s\u0131n\u0131rl\u0131 b\u00f6lgeler<\/li>    <li>Mobil pirin\u00e7 \u00f6\u011f\u00fctme hizmetleri<\/li>    <li>K\u00fc\u00e7\u00fck ve orta \u00f6l\u00e7ekli pirin\u00e7 i\u015fleme tesisleri<\/li>    <li>Tar\u0131m kooperatifleri<\/li> <\/ul>   <div class=\"wp-block-image\"> <figure class=\"aligncenter size-full\"><img loading=\"lazy\" decoding=\"async\" width=\"720\" height=\"540\" src=\"https:\/\/cnricemill.com\/wp-content\/uploads\/2026\/04\/automatic-rice-milling-machine.webp\" alt=\"otomatik pirin\u00e7 \u00f6\u011f\u00fctme makinesi\" class=\"wp-image-547\" srcset=\"https:\/\/cnricemill.com\/wp-content\/uploads\/2026\/04\/automatic-rice-milling-machine.webp 720w, https:\/\/cnricemill.com\/wp-content\/uploads\/2026\/04\/automatic-rice-milling-machine-300x225.webp 300w, https:\/\/cnricemill.com\/wp-content\/uploads\/2026\/04\/automatic-rice-milling-machine-16x12.webp 16w\" sizes=\"auto, (max-width: 720px) 100vw, 720px\" \/><figcaption class=\"wp-element-caption\">otomatik pirin\u00e7 \u00f6\u011f\u00fctme makinesi<\/figcaption><\/figure> <\/div>   <h2 class=\"wp-block-heading\"><strong>Bu Pirin\u00e7 Kabuk Soyma ve \u00d6\u011f\u00fctme Makinesinin Temel Avantajlar\u0131<\/strong><\/h2>    <ol class=\"wp-block-list\"> <li><strong>Y\u00fcksek entegrasyon:<\/strong> Tek bir birim, t\u00fcm pirin\u00e7 i\u015fleme ak\u0131\u015f\u0131n\u0131 tamamlayabilir.<\/li>    <li><strong>\u00c7ok y\u00f6nl\u00fc g\u00fc\u00e7 se\u00e7enekleri:<\/strong> Hem iki se\u00e7enekli g\u00fc\u00e7 sistemi sunuyor, hem dizel hem de elektrik destekli.<\/li>    <li><strong>\u015eebeke d\u0131\u015f\u0131 tar\u0131m i\u00e7in idealdir:<\/strong> Uzak b\u00f6lgelerde kullan\u0131m i\u00e7in m\u00fckemmel uyum sa\u011flar ve yeni giri\u015fimler i\u00e7in m\u00fckemmel bir se\u00e7imdir.<\/li>    <li><strong>Y\u00fcksek ticari getiriler:<\/strong> Ekipman\u0131n k\u0131r\u0131k pirin\u00e7 oran\u0131 %4'\u00fcn alt\u0131nda olup, pirin\u00e7 \u00fcr\u00fcn\u00fcn\u00fcn ticari de\u011ferini maksimize eder.<\/li>    <li><strong>Kompakt tasar\u0131m:<\/strong> Yaln\u0131zca alan tasarrufu sa\u011flamakla kalmaz, ayn\u0131 zamanda kolay ta\u015f\u0131nabilirlik ve basit kurulum ile bak\u0131m kolayl\u0131\u011f\u0131 sa\u011flar.<\/li> <\/ol>    <h2 class=\"wp-block-heading\"><strong>6LN-15\/8.5SR Pirin\u00e7 Kabu\u011fu \u00d6\u011f\u00fctme Makinesi Teknik Parametreleri<\/strong><\/h2>    <figure class=\"wp-block-table\"><table class=\"has-fixed-layout\"><thead><tr><th>Parametre<\/th><th>\u00d6zellikler<\/th><\/tr><\/thead><tbody><tr><td>Model<\/td><td>6LN-15\/8.5SR<\/td><\/tr><tr><td>Derecelendirilmi\u015f \u00e7\u0131kt\u0131<\/td><td>400\u2013500 kg\/h<\/td><\/tr><tr><td>Elektrikli motor g\u00fcc\u00fc<\/td><td>YE2-180M-4 \/ 18.5 KW<\/td><\/tr><tr><td>Dizel motor g\u00fcc\u00fc<\/td><td>ZS1130 \/ 30 HP<\/td><\/tr><tr><td>Pirincin \u00f6\u011f\u00fctme oran\u0131<\/td><td>&gt;e<\/td><\/tr><tr><td>K\u0131r\u0131k pirin\u00e7 oran\u0131 k\u00fc\u00e7\u00fck<\/td><td>&lt;4%<\/td><\/tr><tr><td>Lastik silindir boyutu<\/td><td>6 in\u00e7<\/td><\/tr><tr><td>\u00c7elik silindir boyutu<\/td><td>\u03c685 mm<\/td><\/tr><tr><td>Genel a\u011f\u0131rl\u0131k<\/td><td>730 kg<\/td><\/tr><tr><td>Makine boyutlar\u0131<\/td><td>2650\u00d71250\u00d72350 mm<\/td><\/tr><tr><td>Pirincin paketleme boyutlar\u0131<\/td><td>1850\u00d71080\u00d72440 mm<\/td><\/tr><tr><td>Dizel motor paketleme boyutlar\u0131<\/td><td>910\u00d7440\u00d7760 mm<\/td><\/tr><\/tbody><\/table><figcaption class=\"wp-element-caption\">pirin\u00e7 kabu\u011fu \u00f6\u011f\u00fctme makinesi parametreleri<\/figcaption><\/figure>    <h2 class=\"wp-block-heading\"><strong>Entegre Pirin\u00e7 Kabuk Soyma ve \u0130\u015fleme Makinesinin Yap\u0131s\u0131 ve Bile\u015fen Fonksiyonlar\u0131<\/strong><\/h2>    <p>Tam ekipman \u00f6ncelikle pirin\u00e7 giri\u015f, \u00e7ift katl\u0131 konvey\u00f6rler, yatay temizleme elekleri, yer\u00e7ekimi ay\u0131r\u0131c\u0131, lastik silindirli kabuk soyucu, pirin\u00e7-kahverengi pirin\u00e7 ay\u0131r\u0131c\u0131 ve \u00e7elik silindirli pirin\u00e7 beyazlat\u0131c\u0131dan olu\u015fur. \u0130\u015flevleri a\u015fa\u011f\u0131daki gibidir:<\/p>   <div class=\"wp-block-image\"> <figure class=\"aligncenter size-full\"><img loading=\"lazy\" decoding=\"async\" width=\"720\" height=\"540\" src=\"https:\/\/cnricemill.com\/wp-content\/uploads\/2026\/04\/structure-of-rice-milling-machine.webp\" alt=\"pirin\u00e7 \u00f6\u011f\u00fctme makinesinin yap\u0131s\u0131\" class=\"wp-image-539\" srcset=\"https:\/\/cnricemill.com\/wp-content\/uploads\/2026\/04\/structure-of-rice-milling-machine.webp 720w, https:\/\/cnricemill.com\/wp-content\/uploads\/2026\/04\/structure-of-rice-milling-machine-300x225.webp 300w, https:\/\/cnricemill.com\/wp-content\/uploads\/2026\/04\/structure-of-rice-milling-machine-16x12.webp 16w\" sizes=\"auto, (max-width: 720px) 100vw, 720px\" \/><figcaption class=\"wp-element-caption\">pirin\u00e7 \u00f6\u011f\u00fctme makinesinin yap\u0131s\u0131<\/figcaption><\/figure> <\/div>   <ol class=\"wp-block-list\"> <li>Pirincin giri\u015f: Sa\u011flam bir \u00e7elik \u00e7er\u00e7eve ile donat\u0131lm\u0131\u015ft\u0131r, torba beslemeli operasyonlar\u0131 destekler, pirincin sisteme sorunsuz ve kolay ak\u0131\u015f\u0131n\u0131 sa\u011flar.<\/li>    <li>\u00c7ift katl\u0131 konvey\u00f6rler: Pirinci temizleme ve kabuk soyma a\u015famalar\u0131 aras\u0131nda ta\u015f\u0131r. Her iki konvey\u00f6r kanal\u0131, tek bir g\u00fc\u00e7 sistemi taraf\u0131ndan \u00e7al\u0131\u015ft\u0131r\u0131l\u0131r, b\u00f6ylece her kanal\u0131n operasyonu ba\u011f\u0131ms\u0131z ve birbirinden ba\u011f\u0131ms\u0131z kal\u0131r.<\/li>    <li>Yatay temizleme elek: Pirin\u00e7ten b\u00fcy\u00fck par\u00e7alar\u0131 ve ince kirleri giderir.<\/li>    <li>Yer\u00e7ekimi ay\u0131r\u0131c\u0131: Hava ak\u0131m\u0131 ay\u0131rma prensiplerini kullanarak ta\u015flar ve a\u011f\u0131r yabanc\u0131 maddeleri giderir.<\/li>    <li>Lastik silindirli kabuk soyucu: Pirincin d\u0131\u015f kabu\u011funu (kepek) \u00e7\u0131kararak kahverengi pirin\u00e7 \u00fcretir.<\/li>    <li>Pirincin kahverengi kabu\u011fu ay\u0131r\u0131c\u0131: Kepekleri (kepek) gidererek kabuk soyma i\u015fleminin kalitesini ve verimlili\u011fini art\u0131r\u0131r.<\/li>    <li>\u00c7elik silindirlili pirin\u00e7 beyazlat\u0131c\u0131: Kahverengi pirinci i\u015fleyerek kepek tabakas\u0131n\u0131 giderir, b\u00f6ylece pirin\u00e7 tanelerinin g\u00f6r\u00fcn\u00fcm\u00fcn\u00fc ve kalitesini art\u0131r\u0131r.<\/li> <\/ol>    <figure class=\"wp-block-gallery has-nested-images columns-default is-cropped wp-block-gallery-2 is-layout-flex wp-block-gallery-is-layout-flex\"> <figure class=\"wp-block-image size-large\"><img loading=\"lazy\" decoding=\"async\" width=\"720\" height=\"540\" data-id=\"540\" src=\"https:\/\/cnricemill.com\/wp-content\/uploads\/2026\/04\/double-elevator.webp\" alt=\"\u00e7ift katl\u0131 konvey\u00f6r\" class=\"wp-image-540\" srcset=\"https:\/\/cnricemill.com\/wp-content\/uploads\/2026\/04\/double-elevator.webp 720w, https:\/\/cnricemill.com\/wp-content\/uploads\/2026\/04\/double-elevator-300x225.webp 300w, https:\/\/cnricemill.com\/wp-content\/uploads\/2026\/04\/double-elevator-16x12.webp 16w\" sizes=\"auto, (max-width: 720px) 100vw, 720px\" \/><figcaption class=\"wp-element-caption\">\u00e7ift katl\u0131 konvey\u00f6r<\/figcaption><\/figure>    <figure class=\"wp-block-image size-full\"><img loading=\"lazy\" decoding=\"async\" width=\"720\" height=\"540\" data-id=\"546\" src=\"https:\/\/cnricemill.com\/wp-content\/uploads\/2026\/04\/horizontal-cleaning-sieve.webp\" alt=\"yatay temizleme elek\" class=\"wp-image-546\" srcset=\"https:\/\/cnricemill.com\/wp-content\/uploads\/2026\/04\/horizontal-cleaning-sieve.webp 720w, https:\/\/cnricemill.com\/wp-content\/uploads\/2026\/04\/horizontal-cleaning-sieve-300x225.webp 300w, https:\/\/cnricemill.com\/wp-content\/uploads\/2026\/04\/horizontal-cleaning-sieve-16x12.webp 16w\" sizes=\"auto, (max-width: 720px) 100vw, 720px\" \/><figcaption class=\"wp-element-caption\">yatay temizleme elek<\/figcaption><\/figure>    <figure class=\"wp-block-image size-large\"><img loading=\"lazy\" decoding=\"async\" width=\"720\" height=\"540\" data-id=\"541\" src=\"https:\/\/cnricemill.com\/wp-content\/uploads\/2026\/04\/gravity-destoner.webp\" alt=\"yer\u00e7ekimi ay\u0131r\u0131c\u0131\" class=\"wp-image-541\" srcset=\"https:\/\/cnricemill.com\/wp-content\/uploads\/2026\/04\/gravity-destoner.webp 720w, https:\/\/cnricemill.com\/wp-content\/uploads\/2026\/04\/gravity-destoner-300x225.webp 300w, https:\/\/cnricemill.com\/wp-content\/uploads\/2026\/04\/gravity-destoner-16x12.webp 16w\" sizes=\"auto, (max-width: 720px) 100vw, 720px\" \/><figcaption class=\"wp-element-caption\">yer\u00e7ekimi ay\u0131r\u0131c\u0131<\/figcaption><\/figure>    <figure class=\"wp-block-image size-large\"><img loading=\"lazy\" decoding=\"async\" width=\"720\" height=\"540\" data-id=\"542\" src=\"https:\/\/cnricemill.com\/wp-content\/uploads\/2026\/04\/paddy-separator.webp\" alt=\"pirin\u00e7 ay\u0131r\u0131c\u0131\" class=\"wp-image-542\" srcset=\"https:\/\/cnricemill.com\/wp-content\/uploads\/2026\/04\/paddy-separator.webp 720w, https:\/\/cnricemill.com\/wp-content\/uploads\/2026\/04\/paddy-separator-300x225.webp 300w, https:\/\/cnricemill.com\/wp-content\/uploads\/2026\/04\/paddy-separator-16x12.webp 16w\" sizes=\"auto, (max-width: 720px) 100vw, 720px\" \/><figcaption class=\"wp-element-caption\">pirin\u00e7 ay\u0131r\u0131c\u0131<\/figcaption><\/figure>    <figure class=\"wp-block-image size-large\"><img loading=\"lazy\" decoding=\"async\" width=\"720\" height=\"540\" data-id=\"544\" src=\"https:\/\/cnricemill.com\/wp-content\/uploads\/2026\/04\/rubber-roller-husker.webp\" alt=\"lastik silindirli kabuk soyucu\" class=\"wp-image-544\" srcset=\"https:\/\/cnricemill.com\/wp-content\/uploads\/2026\/04\/rubber-roller-husker.webp 720w, https:\/\/cnricemill.com\/wp-content\/uploads\/2026\/04\/rubber-roller-husker-300x225.webp 300w, https:\/\/cnricemill.com\/wp-content\/uploads\/2026\/04\/rubber-roller-husker-16x12.webp 16w\" sizes=\"auto, (max-width: 720px) 100vw, 720px\" \/><figcaption class=\"wp-element-caption\">lastik silindirli kabuk soyucu<\/figcaption><\/figure>    <figure class=\"wp-block-image size-large\"><img loading=\"lazy\" decoding=\"async\" width=\"720\" height=\"540\" data-id=\"545\" src=\"https:\/\/cnricemill.com\/wp-content\/uploads\/2026\/04\/steel-roller-rice-mill.webp\" alt=\"\u00e7elik silindirli pirin\u00e7 \u00f6\u011f\u00fct\u00fcc\u00fc\" class=\"wp-image-545\" srcset=\"https:\/\/cnricemill.com\/wp-content\/uploads\/2026\/04\/steel-roller-rice-mill.webp 720w, https:\/\/cnricemill.com\/wp-content\/uploads\/2026\/04\/steel-roller-rice-mill-300x225.webp 300w, https:\/\/cnricemill.com\/wp-content\/uploads\/2026\/04\/steel-roller-rice-mill-16x12.webp 16w\" sizes=\"auto, (max-width: 720px) 100vw, 720px\" \/><figcaption class=\"wp-element-caption\">\u00e7elik silindirli pirin\u00e7 \u00f6\u011f\u00fct\u00fcc\u00fc<\/figcaption><\/figure> <\/figure>    <h2 class=\"wp-block-heading\"><strong>Birle\u015fik Pirin\u00e7 Kabu\u011fu \u00d6\u011f\u00fctme Makinesi ile S\u0131radan Pirin\u00e7 \u00d6\u011f\u00fct\u00fcc\u00fc Kar\u015f\u0131la\u015ft\u0131rmas\u0131<\/strong><\/h2>    <figure class=\"wp-block-table\"><table class=\"has-fixed-layout\"><thead><tr><th>\u00d6zellik<\/th><th>Pirincin Kabu\u011fu \u00d6\u011f\u00fctme Makinesi<\/th><th>S\u0131radan Pirin\u00e7 \u0130\u015fleme Tesisi<\/th><\/tr><\/thead><tbody><tr><td>Pirincin Temizlenmesi<\/td><td>Entegre temizleme elekleri<\/td><td>S\u0131kl\u0131kla ayr\u0131 veya kullan\u0131lamaz<\/td><\/tr><tr><td>Ta\u015f Ay\u0131r\u0131c\u0131<\/td><td>Yer\u00e7ekimi ay\u0131r\u0131c\u0131 yerle\u015fik<\/td><td>Genellikle dahil de\u011fildir<\/td><\/tr><tr><td>Kabuk Soyma Verimlili\u011fi<\/td><td>&gt;85% rubber roller husker<\/td><td>Daha d\u00fc\u015f\u00fck veya daha az verimli<\/td><\/tr><tr><td>Pirincin Beyazlat\u0131lmas\u0131<\/td><td>\u00c7elik silindirli beyazlat\u0131c\u0131<\/td><td>Sadece temel \u00f6\u011f\u00fctme<\/td><\/tr><tr><td>G\u00fc\u00e7 Se\u00e7enekleri<\/td><td>Dizel   Elektrik<\/td><td>\u00c7o\u011funlukla sadece elektrikli<\/td><\/tr><tr><td>Hareket kabiliyeti<\/td><td>Y\u00fcksek<\/td><td>D\u00fc\u015f\u00fck<\/td><\/tr><tr><td>K\u0131r\u0131k Pirin\u00e7 Oran\u0131<\/td><td>&lt;4%<\/td><td>Daha y\u00fcksek<\/td><\/tr><tr><td>Verimlilik<\/td><td>400\u2013500 kg\/h<\/td><td>Daha d\u00fc\u015f\u00fck<\/td><\/tr><tr><td>Kurulum<\/td><td>Kompakt ve kolay<\/td><td>Daha b\u00fcy\u00fck ayak izi<\/td><\/tr><tr><td>Uygun Alanlar<\/td><td>K\u0131rsal, mobil, g\u00fc\u00e7 kesintili b\u00f6lgeler<\/td><td>Sadece kararl\u0131 g\u00fc\u00e7 kayna\u011f\u0131<\/td><\/tr><tr><td>Yat\u0131r\u0131m Getirisi<\/td><td>Y\u00fcksek<\/td><td>Orta<\/td><\/tr><tr><td>Pirince Kalitesi<\/td><td>Y\u00fcksek parlakl\u0131k, daha temiz pirin\u00e7<\/td><td>Standart kalite<\/td><\/tr><\/tbody><\/table><figcaption class=\"wp-element-caption\">Entegre pirin\u00e7 makineleri ve pirin\u00e7 \u00f6\u011f\u00fctme \u00fcnitelerinin kar\u015f\u0131la\u015ft\u0131rmas\u0131<\/figcaption><\/figure>    <p class=\"translation-block\">Daha y\u00fcksek \u00e7\u0131kt\u0131 veya daha kapsaml\u0131 bir pirin\u00e7 i\u015fleme ak\u0131\u015f\u0131 gerekiyorsa, <a href=\"https:\/\/cnricemill.com\/tr\/product\/15t-d-rice-mill-plant\/\">pirin\u00e7 \u00f6\u011f\u00fctme \u00fcnitesi<\/a> ihtiya\u00e7lar\u0131n\u0131z\u0131 kar\u015f\u0131layabilir!<\/p>    <h2 class=\"wp-block-heading\"><strong>Pirincin \u0130\u015flenmesi \u00c7\u00f6z\u00fcmleriniz \u0130\u00e7in Bize Ula\u015f\u0131n!<\/strong><\/h2>    <p>Bu pirin\u00e7 kabu\u011fu \u00f6\u011f\u00fctme makinesi, modern tar\u0131m\u0131n taleplerini kar\u015f\u0131lamak \u00fczere tasarlanm\u0131\u015f geli\u015fmi\u015f, t\u00fcm-in-one pirin\u00e7 i\u015fleme \u00e7\u00f6z\u00fcm\u00fcd\u00fcr. Temizleme, ta\u015f ay\u0131rma, kabuk soyma ve beyazlatma i\u015flemlerini tek bir birimde entegre ederek, pirin\u00e7 kalitesini, operasyonel verimlili\u011fi ve karl\u0131l\u0131\u011f\u0131 \u00f6nemli \u00f6l\u00e7\u00fcde art\u0131r\u0131r.<\/p>    <p>\u0130ster \u00e7ift\u00e7i, ister k\u0131rsal giri\u015fimci, ister ticari pirin\u00e7 i\u015fleyici olun\u2014\u00f6zellikle g\u00fc\u00e7 kayna\u011f\u0131 s\u0131n\u0131rl\u0131 veya pirin\u00e7 \u00fcretim ihtiya\u00e7lar\u0131 artan b\u00f6lgelerde\u2014bu makine hem pratik hem de b\u00fcy\u00fck karl\u0131l\u0131k potansiyeline sahip ideal bir se\u00e7imdir.<\/p>    <p>En son fiyatland\u0131rma ve bilgi almak i\u00e7in bizimle ileti\u015fime ge\u00e7in.<\/p>","protected":false},"excerpt":{"rendered":"<p>This rice hulling and milling machine is a comprehensive, integrated system designed specifically to process paddy rice in a single pass. By combining a cleaning sieve, gravity destoner, rubber-roller husker, and steel-roller miller into a single unit, it empowers users to achieve high-quality and highly efficient rice production.<\/p>","protected":false},"author":1,"featured_media":538,"parent":0,"template":"","tags":[14],"product-type":[5],"class_list":["post-537","product","type-product","status-publish","has-post-thumbnail","hentry","tag-rice","product-type-rice-mill-plant"],"_links":{"self":[{"href":"https:\/\/cnricemill.com\/tr\/wp-json\/wp\/v2\/product\/537","targetHints":{"allow":["GET"]}}],"collection":[{"href":"https:\/\/cnricemill.com\/tr\/wp-json\/wp\/v2\/product"}],"about":[{"href":"https:\/\/cnricemill.com\/tr\/wp-json\/wp\/v2\/types\/product"}],"author":[{"embeddable":true,"href":"https:\/\/cnricemill.com\/tr\/wp-json\/wp\/v2\/users\/1"}],"wp:featuredmedia":[{"embeddable":true,"href":"https:\/\/cnricemill.com\/tr\/wp-json\/wp\/v2\/media\/538"}],"wp:attachment":[{"href":"https:\/\/cnricemill.com\/tr\/wp-json\/wp\/v2\/media?parent=537"}],"wp:term":[{"taxonomy":"post_tag","embeddable":true,"href":"https:\/\/cnricemill.com\/tr\/wp-json\/wp\/v2\/tags?post=537"},{"taxonomy":"product-type","embeddable":true,"href":"https:\/\/cnricemill.com\/tr\/wp-json\/wp\/v2\/product-type?post=537"}],"curies":[{"name":"wp","href":"https:\/\/api.w.org\/{rel}","templated":true}]}}