{"id":513,"date":"2026-03-24T15:18:44","date_gmt":"2026-03-24T07:18:44","guid":{"rendered":"https:\/\/cnricemill.com\/?post_type=product&#038;p=513"},"modified":"2026-03-30T13:34:50","modified_gmt":"2026-03-30T05:34:50","slug":"25tpd-rice-processing-equipment","status":"publish","type":"product","link":"https:\/\/cnricemill.com\/tr\/product\/25tpd-rice-processing-equipment\/","title":{"rendered":"25TPD Pirin\u00e7 \u0130\u015fleme Ekipman\u0131 | Tam Pirin\u00e7 Fabrikas\u0131 \u00c7\u00f6z\u00fcmleri"},"content":{"rendered":"<p>25 TPD tam pirin\u00e7 i\u015fleme ekipman\u0131, k\u00fc\u00e7\u00fck ve orta \u00f6l\u00e7ekli pirin\u00e7 i\u015fleme i\u015fletmeleri i\u00e7in idealdir. Birden fazla i\u015fleme a\u015famas\u0131n\u0131 i\u00e7erir\u2014de\u011firme, parlatma, s\u0131n\u0131fland\u0131rma ve paketleme\u2014ve tam otomatik pirin\u00e7 i\u015fleme sa\u011flar.<\/p>    <h2 class=\"wp-block-heading\">\u0130ki t\u00fcr 25 TPD pirin\u00e7 i\u015fleme ekipman\u0131<\/h2>    <h3 class=\"wp-block-heading\"><strong>\u00c7elik yap\u0131 pirin\u00e7 i\u015fleme hatt\u0131<\/strong><\/h3>    <p>Daha kolay temizlik ve bak\u0131m<\/p>    <ul class=\"wp-block-list\"> <li>Daha y\u00fcksek alan kullan\u0131m\u0131 verimlili\u011fi<\/li>    <li>Daha d\u00fczenli bir \u00fcretim ak\u0131\u015f\u0131<\/li>    <li>Muayene ve i\u015fletme i\u00e7in daha fazla kolayl\u0131k<\/li>    <li>Bu tip, ekipman\u0131n do\u011frudan zemine kurulmas\u0131n\u0131 i\u00e7erir, \u00e7elik yap\u0131 platformu in\u015fas\u0131 gerekmez.<\/li> <\/ul>    <h3 class=\"wp-block-heading\"><strong>\u00c7elik yap\u0131 olmayan pirin\u00e7 i\u015fleme tesisi<\/strong><\/h3>    <p>D\u00fc\u015f\u00fck ba\u015flang\u0131\u00e7 maliyeti<\/p>    <p class=\"translation-block\"><strong>Avantajlar<\/strong>:<\/p>    <ul class=\"wp-block-list\"> <li>Basit kurulum<\/li>    <li>S\u0131n\u0131rl\u0131 b\u00fct\u00e7eleri olan kullan\u0131c\u0131lar i\u00e7in uygun<\/li>    <li>Bak\u0131m\u0131 ve temizli\u011fi g\u00f6rece daha zor<\/li> <\/ul>    <p class=\"translation-block\"><strong>Dezavantajlar<\/strong>:<\/p>    <ul class=\"wp-block-list\"> <li>Daha fazla zemin alan\u0131 kaplar<\/li>    <li>Bu, en yayg\u0131n ve iyi dengelenmi\u015f temel \u00e7\u00f6z\u00fcmd\u00fcr; \u015funlar\u0131 i\u00e7erir: pirin\u00e7 ay\u0131r\u0131c\u0131, pirin\u00e7 kabuk soyucu, iki pirin\u00e7 beyazlat\u0131c\u0131, bir yer\u00e7ekimi pirin\u00e7 ay\u0131r\u0131c\u0131, bir renk ay\u0131r\u0131c\u0131, bir pirin\u00e7 parlat\u0131c\u0131, bir beyaz pirin\u00e7 s\u0131n\u0131fland\u0131r\u0131c\u0131 ve bir tart\u0131m ve paketleme makinesi.<\/li> <\/ul>    <h2 class=\"wp-block-heading\"><strong>\u00c7e\u015fitli konfig\u00fcrasyonlara sahip pirin\u00e7 de\u011firmen \u00fcnitesi \u00e7\u00f6z\u00fcmleri<\/strong><\/h2>    <h3 class=\"wp-block-heading\"><strong>25 TPD \u00e7elik \u00e7er\u00e7eve yap\u0131l\u0131 pirin\u00e7 de\u011firmeni<\/strong><\/h3>    <h4 class=\"wp-block-heading\"><strong>Se\u00e7enek 1<\/strong><\/h4>    <p>se\u00e7enek 1: 25TPD pirin\u00e7 de\u011firmeni<\/p>   <div class=\"wp-block-image\"> <figure class=\"aligncenter size-full\"><img loading=\"lazy\" decoding=\"async\" width=\"720\" height=\"540\" src=\"https:\/\/cnricemill.com\/wp-content\/uploads\/2026\/03\/option-1-25TPD-rice-milling-machine.webp\" alt=\"se\u00e7enek 2 25TPD pirin\u00e7 de\u011firmeni tesisi\" class=\"wp-image-518\" srcset=\"https:\/\/cnricemill.com\/wp-content\/uploads\/2026\/03\/option-1-25TPD-rice-milling-machine.webp 720w, https:\/\/cnricemill.com\/wp-content\/uploads\/2026\/03\/option-1-25TPD-rice-milling-machine-300x225.webp 300w, https:\/\/cnricemill.com\/wp-content\/uploads\/2026\/03\/option-1-25TPD-rice-milling-machine-16x12.webp 16w\" sizes=\"auto, (max-width: 720px) 100vw, 720px\" \/><figcaption class=\"wp-element-caption\">Se\u00e7enek 1'e k\u0131yasla, bu pirin\u00e7 i\u015fleme ekipman\u0131, paketleme a\u015famas\u0131ndan \u00f6nce bitmi\u015f pirin\u00e7 i\u00e7in ara depolama haznesi i\u00e7erir ve renk ay\u0131r\u0131c\u0131y\u0131 beyaz pirin\u00e7 s\u0131n\u0131fland\u0131r\u0131c\u0131s\u0131ndan sonra konumland\u0131r\u0131r.<\/figcaption><\/figure> <\/div>   <h4 class=\"wp-block-heading\"><strong>Se\u00e7enek 2<\/strong><\/h4>    <p>Bu ayar\u0131n\u0131n avantajlar\u0131 aras\u0131nda, s\u00fcrekli ve ard\u0131\u015f\u0131k paketleme i\u015flemini sa\u011flayan tampon depolama kapasitesinin eklenmesi ve safla\u015ft\u0131rma i\u015fleminin iyile\u015ftirilmi\u015f s\u0131ralama dizisi ile bitmi\u015f pirincin safl\u0131\u011f\u0131n\u0131n art\u0131r\u0131lmas\u0131 yer al\u0131r. Bu \u00e7\u00f6z\u00fcm, daha d\u00fczg\u00fcn bir \u00fcretim ak\u0131\u015f\u0131 ve azalan duru\u015f s\u00fcreleri arayan tesisler i\u00e7in idealdir.<\/p>    <p>se\u00e7enek 2: 25TPD pirin\u00e7 de\u011firmeni<\/p>   <div class=\"wp-block-image\"> <figure class=\"aligncenter size-full\"><img loading=\"lazy\" decoding=\"async\" width=\"720\" height=\"540\" src=\"https:\/\/cnricemill.com\/wp-content\/uploads\/2026\/03\/option-2-25TPD-rice-mill-plant.webp\" alt=\"se\u00e7enek 3 25TPD pirin\u00e7 i\u015fleme ekipman\u0131\" class=\"wp-image-519\" srcset=\"https:\/\/cnricemill.com\/wp-content\/uploads\/2026\/03\/option-2-25TPD-rice-mill-plant.webp 720w, https:\/\/cnricemill.com\/wp-content\/uploads\/2026\/03\/option-2-25TPD-rice-mill-plant-300x225.webp 300w, https:\/\/cnricemill.com\/wp-content\/uploads\/2026\/03\/option-2-25TPD-rice-mill-plant-16x12.webp 16w\" sizes=\"auto, (max-width: 720px) 100vw, 720px\" \/><figcaption class=\"wp-element-caption\">Konfig\u00fcrasyon Plan\u0131 1'e k\u0131yasla, bu konfig\u00fcrasyon ek bir pirin\u00e7 de\u011firmeni i\u00e7erir ve renk ay\u0131r\u0131c\u0131y\u0131 beyaz pirin\u00e7 s\u0131n\u0131fland\u0131r\u0131c\u0131s\u0131ndan \u00f6nce konumland\u0131r\u0131r, b\u00f6ylece \u00fcretim ak\u0131\u015f\u0131n\u0131 optimize eder.<\/figcaption><\/figure> <\/div>   <h4 class=\"wp-block-heading\"><strong>Se\u00e7enek 3<\/strong><\/h4>    <p>Bu de\u011fi\u015fiklik, bitmi\u015f pirin\u00e7te daha y\u00fcksek beyazl\u0131k, daha iyi taneli g\u00f6r\u00fcn\u00fcm ve k\u0131r\u0131k pirin\u00e7 oran\u0131nda art\u0131\u015f sa\u011flar.<\/p>    <p>Renk ay\u0131rma i\u015flemini daha erken bir a\u015famada\u2014\u00f6zellikle s\u0131n\u0131fland\u0131rmadan \u00f6nce\u2014yaparak, kusurlu taneler s\u0131n\u0131fland\u0131rma i\u015flemine ba\u015flamadan \u00f6nce etkili bir \u015fekilde \u00e7\u0131kar\u0131labilir. Bu konfig\u00fcrasyon, y\u00fcksek kaliteli pirin\u00e7 i\u015fleme operasyonlar\u0131 ve ihracat pazar\u0131 i\u00e7in idealdir.<\/p>    <p>se\u00e7enek 3: 25TPD pirin\u00e7 i\u015fleme ekipman\u0131<\/p>   <div class=\"wp-block-image\"> <figure class=\"aligncenter size-full\"><img loading=\"lazy\" decoding=\"async\" width=\"720\" height=\"540\" src=\"https:\/\/cnricemill.com\/wp-content\/uploads\/2026\/03\/option-3-25TPD-rice-processing-equipment.webp\" alt=\"se\u00e7enek 1 tam pirin\u00e7 de\u011firmeni tesisi\" class=\"wp-image-520\" srcset=\"https:\/\/cnricemill.com\/wp-content\/uploads\/2026\/03\/option-3-25TPD-rice-processing-equipment.webp 720w, https:\/\/cnricemill.com\/wp-content\/uploads\/2026\/03\/option-3-25TPD-rice-processing-equipment-300x225.webp 300w, https:\/\/cnricemill.com\/wp-content\/uploads\/2026\/03\/option-3-25TPD-rice-processing-equipment-16x12.webp 16w\" sizes=\"auto, (max-width: 720px) 100vw, 720px\" \/><figcaption class=\"wp-element-caption\">Bu pirin\u00e7 i\u015fleme ekipman\u0131 konfig\u00fcrasyonu, en son \u00e7er\u00e7eve yap\u0131sal d\u00fczeni temsil eder:<\/figcaption><\/figure> <\/div>   <h4 class=\"wp-block-heading\"><strong>Se\u00e7enek 4<\/strong><\/h4>    <p>Bir ham pirin\u00e7 depolama haznesi eklenmi\u015ftir.<\/p>    <ul class=\"wp-block-list\"> <li>\u00dc\u00e7 pirin\u00e7 de\u011firmeni ile donat\u0131lm\u0131\u015ft\u0131r.<\/li>    <li>\u0130ki tane beyaz pirin\u00e7 s\u0131n\u0131fland\u0131r\u0131c\u0131 i\u00e7erir.<\/li>    <li>Bir so\u011futma haznesi, pirin\u00e7 parlat\u0131c\u0131 ile ilk s\u0131n\u0131fland\u0131r\u0131c\u0131 aras\u0131na kurulmu\u015ftur.<\/li>    <li>Paketleme a\u015famas\u0131ndan \u00f6nce tamamlanm\u0131\u015f pirin\u00e7 depolama haznesi eklenmi\u015ftir.<\/li>    <li>\u00c7ok a\u015famal\u0131 s\u0131n\u0131fland\u0131rma sistemi, pirin\u00e7 s\u0131n\u0131fland\u0131rmas\u0131n\u0131n do\u011frulu\u011funu art\u0131r\u0131rken, so\u011futma sistemi i\u00e7indeki so\u011futucu hazne, pirin\u00e7 kalitesini iyile\u015ftirir ve k\u0131r\u0131k pirin\u00e7 oran\u0131n\u0131 azalt\u0131r.<\/li> <\/ul>    <p>Ayr\u0131ca, kapsaml\u0131 depolama sistemi, s\u00fcrekli ve b\u00fcy\u00fck \u00f6l\u00e7ekli \u00fcretim operasyonlar\u0131na g\u00fc\u00e7l\u00fc destek sa\u011flar. Pirin\u00e7 kalitesini ve parti tutarl\u0131l\u0131\u011f\u0131n\u0131 en iyi seviyeye getirerek, bu konfig\u00fcrasyon hem end\u00fcstriyel hem de b\u00fcy\u00fck \u00f6l\u00e7ekli ticari operasyonlar i\u00e7in idealdir. <\/p>    <p>25TPD pirin\u00e7 de\u011firmeni \u00e7al\u0131\u015fma videosu<\/p>    <figure class=\"wp-block-embed aligncenter is-type-video is-provider-youtube wp-block-embed-youtube wp-embed-aspect-16-9 wp-has-aspect-ratio\"><div class=\"wp-block-embed__wrapper\"> <iframe loading=\"lazy\" title=\"pirin\u00e7 i\u015fleme ekipmanlar\u0131\" width=\"500\" height=\"281\" src=\"https:\/\/www.youtube.com\/embed\/zvNIWBwPGDY?feature=oembed\" frameborder=\"0\" allow=\"accelerometer; autoplay; clipboard-write; encrypted-media; gyroscope; picture-in-picture; web-share\" referrerpolicy=\"strict-origin-when-cross-origin\" allowfullscreen><\/iframe> <\/div><figcaption class=\"wp-element-caption\">Bu \u00e7\u00f6z\u00fcm, standart pirin\u00e7 \u00fcretiminin t\u00fcm i\u015f ak\u0131\u015f\u0131n\u0131 kapsayan tam bir i\u015fleme ve \u00fcretim hatt\u0131n\u0131 i\u00e7erir: bir ay\u0131r\u0131c\u0131, bir kabuk soyucu, bir pirin\u00e7 ay\u0131r\u0131c\u0131, iki pirin\u00e7 beyazlat\u0131c\u0131, bir parlat\u0131c\u0131, bir s\u0131n\u0131fland\u0131r\u0131c\u0131, bir renk ay\u0131r\u0131c\u0131 ve bir paketleme makinesi.<\/figcaption><\/figure>    <h3 class=\"wp-block-heading\"><strong>\u00c7elik \u00e7er\u00e7evesiz 25 TPD pirin\u00e7 de\u011firmeni<\/strong><\/h3>    <h4 class=\"wp-block-heading\"><strong>Se\u00e7enek 1<\/strong><\/h4>    <p>se\u00e7enek 1: tam pirin\u00e7 de\u011firmeni tesisi<\/p>   <div class=\"wp-block-image\"> <figure class=\"aligncenter size-full\"><img loading=\"lazy\" decoding=\"async\" width=\"720\" height=\"540\" src=\"https:\/\/cnricemill.com\/wp-content\/uploads\/2026\/03\/option-1-complete-rice-milling-plant.webp\" alt=\"se\u00e7enek 3 otomatik pirin\u00e7 de\u011firmeni\" class=\"wp-image-522\" srcset=\"https:\/\/cnricemill.com\/wp-content\/uploads\/2026\/03\/option-1-complete-rice-milling-plant.webp 720w, https:\/\/cnricemill.com\/wp-content\/uploads\/2026\/03\/option-1-complete-rice-milling-plant-300x225.webp 300w, https:\/\/cnricemill.com\/wp-content\/uploads\/2026\/03\/option-1-complete-rice-milling-plant-16x12.webp 16w\" sizes=\"auto, (max-width: 720px) 100vw, 720px\" \/><figcaption class=\"wp-element-caption\">Konfig\u00fcrasyon Plan\u0131 1'e k\u0131yasla, bu plan, paketleme a\u015famas\u0131ndan \u00f6nce tamamlanm\u0131\u015f pirin\u00e7 i\u00e7in ara depolama haznesi i\u00e7erir ve \u00fcretim s\u00fcreklili\u011fini art\u0131r\u0131r.<\/figcaption><\/figure> <\/div>   <h4 class=\"wp-block-heading\"><strong>Se\u00e7enek 2<\/strong><\/h4>    <p>Ayr\u0131ca, bir renk ay\u0131r\u0131c\u0131, i\u015fleme ak\u0131\u015f\u0131n\u0131n erken a\u015famalar\u0131nda daha verimli kirletici giderimi sa\u011flamak i\u00e7in beyaz pirin\u00e7 s\u0131n\u0131fland\u0131r\u0131c\u0131s\u0131n\u0131n yukar\u0131s\u0131na eklenmi\u015ftir. <\/p>    <p>se\u00e7enek 2: ticari pirin\u00e7 de\u011firmeni<\/p>   <div class=\"wp-block-image\"> <figure class=\"aligncenter size-full\"><img loading=\"lazy\" decoding=\"async\" width=\"720\" height=\"540\" src=\"https:\/\/cnricemill.com\/wp-content\/uploads\/2026\/03\/option-2-commercial-rice-milling-machine.webp\" alt=\"se\u00e7enek 4 modern pirin\u00e7 de\u011firmeni tesisi\" class=\"wp-image-524\" srcset=\"https:\/\/cnricemill.com\/wp-content\/uploads\/2026\/03\/option-2-commercial-rice-milling-machine.webp 720w, https:\/\/cnricemill.com\/wp-content\/uploads\/2026\/03\/option-2-commercial-rice-milling-machine-300x225.webp 300w, https:\/\/cnricemill.com\/wp-content\/uploads\/2026\/03\/option-2-commercial-rice-milling-machine-16x12.webp 16w\" sizes=\"auto, (max-width: 720px) 100vw, 720px\" \/><figcaption class=\"wp-element-caption\">Bu konfig\u00fcrasyon plan\u0131, parlat\u0131c\u0131, renk ay\u0131r\u0131c\u0131 ve paketleme makinelerini ortadan kald\u0131r\u0131r, yaln\u0131zca temel i\u015fleme ekipmanlar\u0131n\u0131 tutar.<\/figcaption><\/figure> <\/div>   <h4 class=\"wp-block-heading\"><strong>Se\u00e7enek 3<\/strong><\/h4>    <p>T\u00fcm mevcut planlar aras\u0131nda en d\u00fc\u015f\u00fck maliyetli yat\u0131r\u0131m se\u00e7ene\u011fini temsil eder, bu nedenle k\u00fc\u00e7\u00fck \u00f6l\u00e7ekli \u00e7ift\u00e7iler veya yerel, kendi kendine t\u00fcketim pirin\u00e7 de\u011firmenleri i\u00e7in uygundur; ortaya \u00e7\u0131kan pirin\u00e7 genellikle daha d\u00fc\u015f\u00fck kalite ve piyasa de\u011feri ta\u015f\u0131r.<\/p>    <p>se\u00e7enek 3: otomatik pirin\u00e7 de\u011firmeni<\/p>   <div class=\"wp-block-image\"> <figure class=\"aligncenter size-full\"><img loading=\"lazy\" decoding=\"async\" width=\"720\" height=\"540\" src=\"https:\/\/cnricemill.com\/wp-content\/uploads\/2026\/03\/option-3-automatic-rice-milling-machine.webp\" alt=\"se\u00e7enek 2 ticari pirin\u00e7 de\u011firmeni\" class=\"wp-image-523\" srcset=\"https:\/\/cnricemill.com\/wp-content\/uploads\/2026\/03\/option-3-automatic-rice-milling-machine.webp 720w, https:\/\/cnricemill.com\/wp-content\/uploads\/2026\/03\/option-3-automatic-rice-milling-machine-300x225.webp 300w, https:\/\/cnricemill.com\/wp-content\/uploads\/2026\/03\/option-3-automatic-rice-milling-machine-16x12.webp 16w\" sizes=\"auto, (max-width: 720px) 100vw, 720px\" \/><figcaption class=\"wp-element-caption\">Se\u00e7enek 1 pirin\u00e7 i\u015fleme ekipmanlar\u0131n\u0131n temel konfig\u00fcrasyonuna k\u0131yasla, bu se\u00e7enek parlat\u0131c\u0131y\u0131 kald\u0131r\u0131r, renk ay\u0131r\u0131c\u0131 ve paketleme makinesini korur.<\/figcaption><\/figure> <\/div>   <h4 class=\"wp-block-heading\"><strong>Se\u00e7enek 4<\/strong><\/h4>    <p>Ekipman maliyetlerini d\u00fc\u015f\u00fcr\u00fcp s\u0131n\u0131fland\u0131rma kalitesinden \u00f6d\u00fcn vermeden, bu, estetik gereksinimlerin g\u00f6rece daha az kat\u0131 oldu\u011fu orta seviye pazar i\u00e7in uygundur. <\/p>    <p>se\u00e7enek 4: modern pirin\u00e7 de\u011firmeni<\/p>   <div class=\"wp-block-image\"> <figure class=\"aligncenter size-full\"><img loading=\"lazy\" decoding=\"async\" width=\"720\" height=\"540\" src=\"https:\/\/cnricemill.com\/wp-content\/uploads\/2026\/03\/option-4-modern-rice-mill-plant.webp\" alt=\"se\u00e7enek 5 tam otomatik pirin\u00e7 de\u011firmeni tesisi\" class=\"wp-image-525\" srcset=\"https:\/\/cnricemill.com\/wp-content\/uploads\/2026\/03\/option-4-modern-rice-mill-plant.webp 720w, https:\/\/cnricemill.com\/wp-content\/uploads\/2026\/03\/option-4-modern-rice-mill-plant-300x225.webp 300w, https:\/\/cnricemill.com\/wp-content\/uploads\/2026\/03\/option-4-modern-rice-mill-plant-16x12.webp 16w\" sizes=\"auto, (max-width: 720px) 100vw, 720px\" \/><figcaption class=\"wp-element-caption\">Bu konfig\u00fcrasyon, de\u011firmen sistemini y\u00fckselterek \u00fc\u00e7 pirin\u00e7 beyazlat\u0131c\u0131 ekler, b\u00f6ylece daha y\u00fcksek beyazlatma verimlili\u011fi ve daha fazla \u00e7\u0131kt\u0131 sa\u011flar.<\/figcaption><\/figure> <\/div>   <h4 class=\"wp-block-heading\"><strong>Pirincin i\u015flenmesi ekipmanlar\u0131n\u0131n SSS'si<\/strong><\/h4>    <p>Ancak, renk ay\u0131rma a\u015famas\u0131 olmamas\u0131 nedeniyle, pirincin g\u00f6rsel kalitesi nispeten daha d\u00fc\u015f\u00fckt\u00fcr, bu nedenle b\u00fcy\u00fck \u00f6l\u00e7ekli pirin\u00e7 i\u015fleme operasyonlar\u0131 ve fiyat duyarl\u0131 pazarlar i\u00e7in en uygunudur. <\/p>    <p>se\u00e7enek 5: tam otomatik pirin\u00e7 de\u011firmeni tesisi<\/p>   <div class=\"wp-block-image\"> <figure class=\"aligncenter size-full\"><img loading=\"lazy\" decoding=\"async\" width=\"720\" height=\"540\" src=\"https:\/\/cnricemill.com\/wp-content\/uploads\/2026\/03\/option-5-fully-automatic-rice-mill-plant.webp\" alt=\"Se\u00e7enek 5 tamamen otomatik pirin\u00e7 de\u011firmen tesisi\" class=\"wp-image-526\" srcset=\"https:\/\/cnricemill.com\/wp-content\/uploads\/2026\/03\/option-5-fully-automatic-rice-mill-plant.webp 720w, https:\/\/cnricemill.com\/wp-content\/uploads\/2026\/03\/option-5-fully-automatic-rice-mill-plant-300x225.webp 300w, https:\/\/cnricemill.com\/wp-content\/uploads\/2026\/03\/option-5-fully-automatic-rice-mill-plant-16x12.webp 16w\" sizes=\"auto, (max-width: 720px) 100vw, 720px\" \/><figcaption class=\"wp-element-caption\">Pirincin parlakl\u0131\u011f\u0131n\u0131 ve temizli\u011fini art\u0131ran pirin\u00e7 parlat\u0131c\u0131, b\u00f6ylece piyasa de\u011ferini y\u00fckseltir ve t\u00fcketicilere daha \u00e7ekici hale getirir.<\/figcaption><\/figure> <\/div>   <h2 class=\"wp-block-heading\"><strong>Do\u011fru pirin\u00e7 i\u015fleme ekipman\u0131n\u0131 nas\u0131l se\u00e7ersiniz?<\/strong><\/h2>   <div id=\"rank-math-faq\" class=\"rank-math-block\"> <div class=\"rank-math-list\"> <div id=\"faq-question-1774232902550\" class=\"rank-math-list-item\"> <h3 class=\"rank-math-question\">25TPD pirin\u00e7 de\u011firmeni nedir?<\/h3> <div class=\"rank-math-answer\">  <p>25TPD pirin\u00e7 i\u015fleme ekipman\u0131, g\u00fcnl\u00fck 25 ton pirin\u00e7 i\u015fleme kapasitesine sahip tam bir pirin\u00e7 de\u011firmen makinesi setidir. Bu ekipman, temizlik, kabuk soyma, de\u011firme, parlatma, s\u0131n\u0131fland\u0131rma ve paketleme gibi \u00e7e\u015fitli a\u015famalar\u0131 kapsayan makineleri i\u00e7erir.<\/p>  <\/div> <\/div> <div id=\"faq-question-1774233854539\" class=\"rank-math-list-item\"> <h3 class=\"rank-math-question\">\u00c7elik yap\u0131 ve \u00e7elik yap\u0131 olmayan pirin\u00e7 de\u011firmeni aras\u0131ndaki fark nedir?<\/h3> <div class=\"rank-math-answer\">  <p>\u00c7elik yap\u0131, temizli\u011fi daha kolayd\u0131r, daha rasyonel bir d\u00fczenleme sunar ve daha y\u00fcksek operasyonel verimlilik sa\u011flar. Aksine, \u00e7elik olmayan yap\u0131 daha d\u00fc\u015f\u00fck maliyetli ve daha basit kurulum sa\u011flar. Uzun vadeli, end\u00fcstriyel \u00fcretim gerektiren kullan\u0131c\u0131lar i\u00e7in \u00e7elik- yap\u0131 pirin\u00e7 i\u015fleme sistemi \u00f6nerilir.<\/p>  <\/div> <\/div> <div id=\"faq-question-1774234195653\" class=\"rank-math-list-item\"> <h3 class=\"rank-math-question\">Pirincin i\u015flenmesinde renk ay\u0131r\u0131c\u0131 zorunlu bir bile\u015fen midir?<\/h3> <div class=\"rank-math-answer\">  <p>Bir renk ay\u0131r\u0131c\u0131 zorunlu de\u011fildir, ancak kullan\u0131m\u0131 \u015fiddetle tavsiye edilir. Kusurlu taneleri pirin\u00e7ten ay\u0131r\u0131r, b\u00f6ylece pirincin genel kalitesini \u00f6nemli \u00f6l\u00e7\u00fcde art\u0131r\u0131r\u2014bu, y\u00fcksek kaliteli pazarlara giri\u015fte kritik bir fakt\u00f6rd\u00fcr.<\/p>  <\/div> <\/div> <div id=\"faq-question-1774234228009\" class=\"rank-math-list-item\"> <h3 class=\"rank-math-question\">Pirincin parlat\u0131c\u0131s\u0131n\u0131n faydalar\u0131 nelerdir?<\/h3> <div class=\"rank-math-answer\">  <p>A rice polisher improves the luster and cleanliness of the rice&#8217;s appearance, thereby increasing its market value and making it more appealing to consumers.<\/p>  <\/div> <\/div> <div id=\"faq-question-1774234255903\" class=\"rank-math-list-item\"> <h3 class=\"rank-math-question\">25TPD pirin\u00e7 de\u011firmeni ekipman\u0131n\u0131 \u00f6zelle\u015ftirebilir miyim?<\/h3> <div class=\"rank-math-answer\">  <p>Evet, yapabilirsiniz. \u00c7o\u011fu \u00fcretici, belirli ihtiya\u00e7lar\u0131n\u0131za g\u00f6re \u00f6zelle\u015ftirme hizmetleri sunar; bunlar aras\u0131nda tah\u0131l depolama hazneleri ekleme, otomatik paketleme sistemlerine y\u00fckseltme ve daha fazlas\u0131 bulunur.<\/p>  <\/div> <\/div> <\/div> <\/div>   <h2 class=\"wp-block-heading\"><strong>Pirincinizin ihtiyac\u0131n\u0131 kar\u015f\u0131lamak i\u00e7in Taizy'yi se\u00e7in!<\/strong><\/h2>    <ol class=\"wp-block-list\"> <li><strong>: B\u00fct\u00e7eniz, pirin\u00e7 de\u011firmeni tesisinizin genel mimarisi ve otomasyon seviyesini do\u011frudan belirleyecektir.<\/strong>Bak\u0131m ve i\u015fletme verimlili\u011fi<\/li>    <li><strong>: Pirin\u00e7 i\u015fleme ekipman\u0131 se\u00e7erken, bak\u0131m gereksinimleri genellikle en hafife al\u0131nan kritik fakt\u00f6rlerden biridir; uzun vadeli yat\u0131r\u0131m maliyetlerini belirleyen en \u00f6nemli fakt\u00f6rd\u00fcr.<\/strong>: When selecting rice processing equipment, maintenance requirements are often one of the most easily underestimated critical factors; they serve as the decisive determinant of the equipment&#8217;s long-term investment costs.<\/li>    <li><strong>: \u00dcretim hedefleriniz, gereken ekipman\u0131n belirli konfig\u00fcrasyon seviyesini ve karma\u015f\u0131kl\u0131\u011f\u0131n\u0131 belirleyecektir.<\/strong>Otomasyon seviyesi ve i\u015f\u00e7ilik maliyetleri<\/li>    <li><strong>: D\u00fc\u015f\u00fck otomasyon seviyesine sahip ekipmanlar genellikle daha d\u00fc\u015f\u00fck ba\u015flang\u0131\u00e7 maliyetleriyle gelir, ancak manuel i\u015fg\u00fcc\u00fcne daha y\u00fcksek ba\u011f\u0131ml\u0131l\u0131k ta\u015f\u0131r ve bu da tam otomatik \u00fcretim sistemlerine k\u0131yasla \u00f6nemli \u00f6l\u00e7\u00fcde daha d\u00fc\u015f\u00fck verimlilik sa\u011flar.<\/strong>Daha y\u00fcksek verimlilik, daha kolay bak\u0131m ve daha iyi \u00fcr\u00fcn kalitesi hedefliyorsan\u0131z, \u00e7elik yap\u0131 tam konfig\u00fcrasyonu \u015fiddetle tavsiye edilir.<\/li> <\/ol>    <h2 class=\"wp-block-heading\"><strong>\u00c7elik yap\u0131 tipi, platform \u00e7er\u00e7eve tasar\u0131m\u0131 kullan\u0131r, ekipman\u0131n dikey olarak kurulmas\u0131na olanak tan\u0131r. A\u015fa\u011f\u0131daki avantajlar\u0131 sunar:<\/strong><\/h2>    <p class=\"translation-block\">25TPD pirin\u00e7 de\u011firmeni tesisi, pirin\u00e7 i\u015fleme i\u015fletmeleri i\u00e7in karl\u0131 ve \u00f6l\u00e7eklenebilir bir yat\u0131r\u0131md\u0131r. \u00c7elik yap\u0131 veya \u00e7elik olmayan yap\u0131 sistemi se\u00e7meniz fark etmeksizin, do\u011fru konfig\u00fcrasyonu se\u00e7mek <strong>pirin\u00e7 i\u015fleme ekipmanlar\u0131<\/strong> uzun vadeli ba\u015far\u0131 i\u00e7in \u00e7ok \u00f6nemlidir.<\/p>    <p>Farkl\u0131 g\u00fcnl\u00fck kapasiteli di\u011fer pirin\u00e7 de\u011firmeni \u00e7\u00f6z\u00fcmleri:<\/p>    <p>40TPD otomatik pirin\u00e7 de\u011firmeni tesisi<\/p>    <ul class=\"wp-block-list\"> <li><a href=\"https:\/\/cnricemill.com\/tr\/product\/15tpd-complete-rice-mill-plant\/\">15TPD k\u00fc\u00e7\u00fck \u00f6l\u00e7ekli pirin\u00e7 de\u011firmen makinesi tesisi<\/a><\/li>    <li><a href=\"https:\/\/cnricemill.com\/tr\/product\/40tpd-automatic-rice-mill-plant\/\">60T\/D pirin\u00e7 de\u011firmeni tesisi<\/a><\/li>    <li><a href=\"https:\/\/cnricemill.com\/tr\/product\/60td-rice-mill-plant\/\">End\u00fcstriyel Pirin\u00e7 \u0130\u015fleme | 25TPD Pirin\u00e7 De\u011firmeni \u00c7al\u0131\u015fma S\u00fcreci \u0130leti\u015fim:  8617703863868<\/a><\/li> <\/ul>","protected":false},"excerpt":{"rendered":"<p>Complete 25TPD rice processing equipment solutions with steel and non-steel configurations. Compare machine setups, improve rice quality, and choose the best rice milling plant for your business.<\/p>","protected":false},"author":1,"featured_media":517,"parent":0,"template":"","tags":[14],"product-type":[5],"class_list":["post-513","product","type-product","status-publish","has-post-thumbnail","hentry","tag-rice","product-type-rice-mill-plant"],"_links":{"self":[{"href":"https:\/\/cnricemill.com\/tr\/wp-json\/wp\/v2\/product\/513","targetHints":{"allow":["GET"]}}],"collection":[{"href":"https:\/\/cnricemill.com\/tr\/wp-json\/wp\/v2\/product"}],"about":[{"href":"https:\/\/cnricemill.com\/tr\/wp-json\/wp\/v2\/types\/product"}],"author":[{"embeddable":true,"href":"https:\/\/cnricemill.com\/tr\/wp-json\/wp\/v2\/users\/1"}],"wp:featuredmedia":[{"embeddable":true,"href":"https:\/\/cnricemill.com\/tr\/wp-json\/wp\/v2\/media\/517"}],"wp:attachment":[{"href":"https:\/\/cnricemill.com\/tr\/wp-json\/wp\/v2\/media?parent=513"}],"wp:term":[{"taxonomy":"post_tag","embeddable":true,"href":"https:\/\/cnricemill.com\/tr\/wp-json\/wp\/v2\/tags?post=513"},{"taxonomy":"product-type","embeddable":true,"href":"https:\/\/cnricemill.com\/tr\/wp-json\/wp\/v2\/product-type?post=513"}],"curies":[{"name":"wp","href":"https:\/\/api.w.org\/{rel}","templated":true}]}}