{"id":41,"date":"2022-08-11T10:09:00","date_gmt":"2022-08-11T02:09:00","guid":{"rendered":"https:\/\/cnricemill.com\/?post_type=product&#038;p=41"},"modified":"2024-12-23T11:34:30","modified_gmt":"2024-12-23T03:34:30","slug":"60td-rice-mill-plant","status":"publish","type":"product","link":"https:\/\/cnricemill.com\/tr\/product\/60td-rice-mill-plant\/","title":{"rendered":"60T\/D Pirin\u00e7 De\u011firmeni Tesisi"},"content":{"rendered":"<p class=\"translation-block\"><strong>60T\/G\u00fcn pirin\u00e7 de\u011firmen tesisi<\/strong> tam otomatik bir pirin\u00e7 i\u015fleme hatt\u0131d\u0131r, pirin\u00e7 temizleme, ta\u015f \u00e7\u0131karma, pirin\u00e7 kabu\u011fu soyma, pirin\u00e7 ay\u0131rma, pirin\u00e7 de\u011firmen, pirin\u00e7 parlatma, renk ay\u0131klama, s\u0131n\u0131fland\u0131rma ve paketleme dahil t\u00fcm s\u00fcreci i\u00e7erir. Art\u0131k ba\u015fka makinelere ihtiyac\u0131n\u0131z yok ve pirin\u00e7ten son beyaz pirince kadar t\u00fcm i\u015flemi ger\u00e7ekle\u015ftirebilirsiniz. Bu t\u00fcr pirin\u00e7 de\u011firmen tesisi, en \u00e7ok satan \u00fcr\u00fcnlerimizden biridir. Ayr\u0131ca, 40 ton\/g\u00fcn, 50 ton\/g\u00fcn ve 100 ton\/g\u00fcn pirin\u00e7 de\u011firmen tesisleri de TAIZY fabrikam\u0131zda mevcuttur. Ayr\u0131ca, sat\u0131\u015fa uygun k\u00fc\u00e7\u00fck pirin\u00e7 de\u011firmen makineleri de sunuyoruz. G\u00fcvenilir bir pirin\u00e7 de\u011firmen tesisi ar\u0131yorsan\u0131z, bizimle ileti\u015fime ge\u00e7mekten \u00e7ekinmeyin. \u00a0\u00a0<\/p>    <h2 class=\"wp-block-heading\">Taizy 60 ton\/g\u00fcn pirin\u00e7 de\u011firmen tesisi \u00f6zellikleri<\/h2>    <ol class=\"wp-block-list\" type=\"1\"><li>Ayr\u0131 temizleme elek ve ta\u015f ay\u0131r\u0131c\u0131 ile, ta\u015f ay\u0131rma etkisi olduk\u00e7a iyidir.<\/li><li>Makul yap\u0131. T\u00fcm pirin\u00e7 i\u015fleme makinesi karma\u015f\u0131k g\u00f6r\u00fcnebilir, ancak her par\u00e7a, makinenin istikrarl\u0131 \u00e7al\u0131\u015fmas\u0131n\u0131 sa\u011flamak i\u00e7in y\u0131llar\u0131n ara\u015ft\u0131rma ve \u00e7al\u0131\u015fmas\u0131 sonucu tasarland\u0131.<\/li><li>T\u00fcm set pirin\u00e7 de\u011firmen tesisi, d\u00fc\u015f\u00fck kaliteli pirinci etkili \u015fekilde \u00e7\u0131karmak i\u00e7in hava kompres\u00f6r\u00fc ve depolama tank\u0131 ile renk ay\u0131klama makinesi ile donat\u0131lm\u0131\u015ft\u0131r.<\/li><li>60 ton\/g\u00fcn pirin\u00e7 de\u011firmen tesisinin tek makineleri d\u00fczenli ve g\u00fczel bir s\u0131rayla dizilmi\u015ftir.<\/li><li>Enerji tasarrufu, \u00e7evre dostu, basit kullan\u0131m, kolay bak\u0131m ve dayan\u0131kl\u0131l\u0131k.<\/li><li>Bu ekipman\u0131n pirin\u00e7 de\u011firmen b\u00f6l\u00fcm\u00fc, d\u00fc\u015f\u00fck pirin\u00e7 s\u0131cakl\u0131\u011f\u0131, az kepek ve d\u00fc\u015f\u00fck k\u0131r\u0131lma oran\u0131 ile geli\u015fmi\u015f pirin\u00e7 de\u011firmen teknolojisi kullan\u0131r.<\/li><\/ol>    <div class=\"wp-block-columns is-layout-flex wp-container-core-columns-is-layout-9d6595d7 wp-block-columns-is-layout-flex\"> <div class=\"wp-block-column is-layout-flow wp-block-column-is-layout-flow\"> <figure class=\"wp-block-image size-full\"><img loading=\"lazy\" decoding=\"async\" width=\"720\" height=\"540\" src=\"https:\/\/cnricemill.com\/wp-content\/uploads\/2022\/08\/front-view-of-60td-rice-mill-plant.jpg\" alt=\"60 t \/ s pirin\u00e7 de\u011firmen tesisi \u00f6n g\u00f6r\u00fcn\u00fcm\u00fc\" class=\"wp-image-78\"\/><figcaption>60 t \/ s pirin\u00e7 de\u011firmen tesisi \u00f6n g\u00f6r\u00fcn\u00fcm\u00fc<\/figcaption><\/figure> <\/div>    <div class=\"wp-block-column is-layout-flow wp-block-column-is-layout-flow\"> <figure class=\"wp-block-image size-full\"><img loading=\"lazy\" decoding=\"async\" width=\"720\" height=\"540\" src=\"https:\/\/cnricemill.com\/wp-content\/uploads\/2022\/08\/side-view-of-60td-rice-mill-plant-1.jpg\" alt=\"60td pirin\u00e7 de\u011firmen tesisinin yan g\u00f6r\u00fcn\u00fcm\u00fc\" class=\"wp-image-81\"\/><figcaption>60td pirin\u00e7 de\u011firmen tesisinin yan g\u00f6r\u00fcn\u00fcm\u00fc<\/figcaption><\/figure> <\/div> <\/div>    <h2 class=\"wp-block-heading\">Sat\u0131\u015fa sunulan 60t\/g\u00fcn pirin\u00e7 de\u011firmen tesisi teknik verileri<\/h2>    <figure class=\"wp-block-table\"><table><tbody><tr><td>Makine<\/td><td>Kapasite (t\/saat)<\/td><td>D\u00f6nme h\u0131z\u0131 (r\/dak)<\/td><td>G\u00fc\u00e7 (kW)<\/td><td>Emme hacmi(m\u00b3\/saat)<\/td><\/tr><tr><td>Kombine temizleyici<\/td><td>6-7<\/td><td>920<\/td><td>2*0.37<\/td><td>4800<\/td><\/tr><tr><td>Ta\u015f \u00e7\u0131kar\u0131c\u0131<\/td><td>6-7<\/td><td>185+_15<\/td><td>0.75<\/td><td>3800-4200<\/td><\/tr><tr><td>K\u0131r\u0131c\u0131<\/td><td>4.2-5<\/td><td>H\u0131zl\u0131(1228-1673)Yava\u015f(1108-1362)<\/td><td>7.5<\/td><td>3200-3800<\/td><\/tr><tr><td>Yer\u00e7ekimi pirin\u00e7 ay\u0131r\u0131c\u0131<\/td><td>3.4-4<\/td><td>255+_15<\/td><td>1.5<\/td><td>&nbsp;<\/td><\/tr><tr><td>Pirincin de\u011firmeni<\/td><td>2-3<\/td><td>1290<\/td><td>22-30<\/td><td>3500-3800<\/td><\/tr><tr><td>Pirincin s\u0131n\u0131fland\u0131r\u0131c\u0131s\u0131<\/td><td>2.5-3.5<\/td><td>150+_15<\/td><td>1.1<\/td><td>&nbsp;<\/td><\/tr><tr><td>Asans\u00f6r<\/td><td>2.4-3.5<\/td><td>189<\/td><td>1.1<\/td><td>300<\/td><\/tr><\/tbody><\/table><\/figure>    <h2 class=\"wp-block-heading\">Otomatik 60t\/g\u00fcn pirin\u00e7 de\u011firmen tesisinin ak\u0131\u015f diyagram\u0131<\/h2>    <p>60t\/g\u00fcn pirin\u00e7 de\u011firmen tesisi, pirincin tam otomatik olarak beyaz pirince i\u015flenmesini sa\u011flar. Tam \u00e7al\u0131\u015fma s\u00fcreci \u015fu \u015fekildedir:<\/p>    <p class=\"translation-block\"><strong>Pirincin temizlenmesi \u2192 ta\u015flar\u0131n \u00e7\u0131kar\u0131lmas\u0131 \u2192 pirin\u00e7 kabu\u011fu soyma \u2192 pirin\u00e7 ay\u0131rma \u2192 pirin\u00e7 beyazlatma \u2192 pirin\u00e7 s\u0131n\u0131fland\u0131rma \u2192 su parlatma \u2192 renk ay\u0131klama \u2192 pirin\u00e7 paketleme.<\/strong><\/p>    <div class=\"wp-block-columns is-layout-flex wp-container-core-columns-is-layout-9d6595d7 wp-block-columns-is-layout-flex\"> <div class=\"wp-block-column is-layout-flow wp-block-column-is-layout-flow\"> <figure class=\"wp-block-image size-full\"><img loading=\"lazy\" decoding=\"async\" width=\"720\" height=\"540\" src=\"https:\/\/cnricemill.com\/wp-content\/uploads\/2022\/08\/60td-rice-milling-line.jpg\" alt=\"60t\/d pirin\u00e7 de\u011firmen hatt\u0131\" class=\"wp-image-83\"\/><figcaption>60t\/d pirin\u00e7 de\u011firmen hatt\u0131<\/figcaption><\/figure> <\/div>    <div class=\"wp-block-column is-layout-flow wp-block-column-is-layout-flow\"> <figure class=\"wp-block-image size-full\"><img loading=\"lazy\" decoding=\"async\" width=\"720\" height=\"540\" src=\"https:\/\/cnricemill.com\/wp-content\/uploads\/2022\/08\/rice-mill-plant-working-process.jpg\" alt=\"pirin\u00e7 de\u011firmeni \u00e7al\u0131\u015fma s\u00fcreci\" class=\"wp-image-84\"\/><figcaption>pirin\u00e7 de\u011firmeni \u00e7al\u0131\u015fma s\u00fcreci<\/figcaption><\/figure> <\/div> <\/div>    <h2 class=\"wp-block-heading\">Bu kombine pirin\u00e7 de\u011firmen tesisinin yap\u0131 detaylar\u0131<\/h2>    <p class=\"translation-block\">1. <strong>Pirinc temizleme ve ta\u015f \u00e7\u0131karma:<\/strong> toz, k\u0131r\u0131nt\u0131, topak ve ta\u015f gibi hafif kal\u0131nt\u0131lar\u0131n m\u00fcmk\u00fcn oldu\u011funca \u00e7\u0131kar\u0131lmas\u0131, daha iyi s\u00fcp\u00fcrme etkisi sa\u011flar.<\/p>    <p class=\"translation-block\">2. <strong>Pirinc kabu\u011fu soyma makinesi:<\/strong> pirin\u00e7 tanelerinden kabuklar\u0131n \u00e7\u0131kar\u0131lmas\u0131.<\/p>    <p class=\"translation-block\">3. <strong>Pirincin ay\u0131r\u0131c\u0131 makinesi:<\/strong> esas olarak pirincin kahverengi pirin\u00e7ten ayr\u0131lmas\u0131 i\u00e7in kullan\u0131l\u0131r, pirincin \u00fc\u00e7 par\u00e7as\u0131 aras\u0131ndaki \u00f6zg\u00fcl a\u011f\u0131rl\u0131k ve s\u00fcrt\u00fcnme katsay\u0131s\u0131 fark\u0131n\u0131 kullan\u0131r, kahverengi pirin\u00e7 ve kar\u0131\u015f\u0131m\u0131n\u0131 ay\u0131r\u0131r.<\/p>    <p class=\"translation-block\">4. <strong>Pirinc parlatma makinesi:<\/strong> pirin\u00e7 parlatma makinesi, pirin\u00e7 parlatma ve beyazlatma i\u00e7in \u00f6zel olarak geli\u015ftirilmi\u015f olup, d\u00fcnya genelinde en geli\u015fmi\u015f teknolojiyi kullan\u0131r, pirincin daha d\u00fc\u015f\u00fck s\u0131cakl\u0131kta kalmas\u0131n\u0131, kepek i\u00e7eri\u011finin azalmas\u0131n\u0131 ve d\u00fc\u015f\u00fck k\u0131r\u0131lma art\u0131\u015f\u0131n\u0131 sa\u011flar.<\/p>    <p class=\"translation-block\">5. <strong>Pirinc beyazlatma makinesi:<\/strong> pirincin y\u00fczeyini su p\u00fcsk\u00fcrterek beyazlatmak, d\u00fczg\u00fcn bir jel tabakas\u0131n\u0131n olu\u015fmas\u0131na ve korunma s\u00fcresinin uzamas\u0131na katk\u0131da bulunur. Parlatma odas\u0131n\u0131 uzatarak y\u00fcksek kaliteli pirin\u00e7 \u00fcretir.<\/p>    <p class=\"translation-block\">6. <strong>Pirinc s\u0131n\u0131fland\u0131rma makinesi:<\/strong> pirin\u00e7 s\u0131n\u0131fland\u0131rma makinesi, ince pirinci b\u00fct\u00fcn pirince, b\u00fcy\u00fck k\u0131r\u0131k, orta k\u0131r\u0131k ve k\u00fc\u00e7\u00fck k\u0131r\u0131k olarak verimli ve do\u011fru \u015fekilde ay\u0131rabilir.<\/p>    <p class=\"translation-block\">7. <strong>Pirincin renk ay\u0131klama makinesi:<\/strong> Pirin\u00e7 renk ay\u0131klama makinesi, d\u00fc\u015f\u00fck kaliteli, s\u00fctl\u00fc, kalkerli, pirin\u00e7 ve yabanc\u0131 maddeleri ay\u0131klamak i\u00e7in kullan\u0131l\u0131r. Solma s\u0131ras\u0131nda CCD sinyalini test edin. Uygunsuz pirin\u00e7 veya safs\u0131zl\u0131klar malzeme i\u00e7inde bulunursa, at\u0131c\u0131 hoperden d\u00fc\u015f\u00fck kaliteli \u00fcr\u00fcnleri \u00fcfler.<\/p>    <p class=\"translation-block\">8. <strong>Pirinc paketleme makinesi:<\/strong> Bu otomatik tartma ve paketleme makinesi, malzeme kutusu, paketleme terazisi, diki\u015f makinesi ve konvey\u00f6r banttan olu\u015fur. T\u00fcm pirin\u00e7 de\u011firmen \u00fcretim hatlar\u0131yla kullan\u0131labilir ve paketleme \u00e7uval\u0131 kapasitesi ihtiyaca g\u00f6re 1-50kg aras\u0131nda se\u00e7ilebilir. &nbsp;<\/p>    <div class=\"wp-block-columns is-layout-flex wp-container-core-columns-is-layout-9d6595d7 wp-block-columns-is-layout-flex\"> <div class=\"wp-block-column is-layout-flow wp-block-column-is-layout-flow\"> <figure class=\"wp-block-gallery has-nested-images columns-default is-cropped wp-block-gallery-2 is-layout-flex wp-block-gallery-is-layout-flex\"> <figure class=\"wp-block-image size-full\"><img loading=\"lazy\" decoding=\"async\" width=\"720\" height=\"540\" data-id=\"86\" src=\"https:\/\/cnricemill.com\/wp-content\/uploads\/2022\/08\/structure-details-of-combined-rice-mill-plant.jpg\" alt=\"Kombine pirin\u00e7 de\u011firmen tesisinin yap\u0131 detaylar\u0131\" class=\"wp-image-86\"\/><figcaption>Kombine pirin\u00e7 de\u011firmen tesisinin yap\u0131 detaylar\u0131<\/figcaption><\/figure> <\/figure> <\/div>    <div class=\"wp-block-column is-layout-flow wp-block-column-is-layout-flow\"> <figure class=\"wp-block-gallery has-nested-images columns-default is-cropped wp-block-gallery-3 is-layout-flex wp-block-gallery-is-layout-flex\"> <figure class=\"wp-block-image size-full\"><img loading=\"lazy\" decoding=\"async\" width=\"720\" height=\"540\" data-id=\"87\" src=\"https:\/\/cnricemill.com\/wp-content\/uploads\/2022\/08\/rice-milling-plant-factory.jpg\" alt=\"pirin\u00e7 de\u011firmen tesisi fabrikas\u0131\" class=\"wp-image-87\"\/><figcaption>pirin\u00e7 de\u011firmen tesisi fabrikas\u0131<\/figcaption><\/figure> <\/figure> <\/div> <\/div>    <div class=\"wp-block-columns is-layout-flex wp-container-core-columns-is-layout-9d6595d7 wp-block-columns-is-layout-flex\"> <div class=\"wp-block-column is-layout-flow wp-block-column-is-layout-flow\"> <figure class=\"wp-block-gallery has-nested-images columns-default is-cropped wp-block-gallery-4 is-layout-flex wp-block-gallery-is-layout-flex\"> <figure class=\"wp-block-image size-full\"><img loading=\"lazy\" decoding=\"async\" width=\"720\" height=\"540\" data-id=\"89\" src=\"https:\/\/cnricemill.com\/wp-content\/uploads\/2022\/08\/rice-mill-plant-ready-to-ship.jpg\" alt=\"pirin\u00e7 de\u011firmen tesisi sevkiyata haz\u0131r\" class=\"wp-image-89\"\/><figcaption>pirin\u00e7 de\u011firmen tesisi sevkiyata haz\u0131r<\/figcaption><\/figure> <\/figure> <\/div>    <div class=\"wp-block-column is-layout-flow wp-block-column-is-layout-flow\"> <figure class=\"wp-block-gallery has-nested-images columns-default is-cropped wp-block-gallery-5 is-layout-flex wp-block-gallery-is-layout-flex\"> <figure class=\"wp-block-image size-full\"><img loading=\"lazy\" decoding=\"async\" width=\"720\" height=\"540\" data-id=\"90\" src=\"https:\/\/cnricemill.com\/wp-content\/uploads\/2022\/08\/rice-mill-plant-delivery.jpg\" alt=\"pirin\u00e7 de\u011firmen tesisi teslimat\u0131\" class=\"wp-image-90\"\/><figcaption>pirin\u00e7 de\u011firmen tesisi teslimat\u0131<\/figcaption><\/figure> <\/figure> <\/div> <\/div>","protected":false},"excerpt":{"rendered":"<p>60T\/D rice mill plant is a fully automatic rice processing line, including the whole process from paddy cleaning, de-stoning, paddy husking, rice separation, rice milling, rice polishing, rice color sorting, rice grading, and Rice packing. You no longer need any other machines and you can realize the whole processing from paddy to the final amazing [&hellip;]<\/p>\n","protected":false},"author":1,"featured_media":75,"parent":0,"template":"","tags":[12,15],"product-type":[5],"class_list":["post-41","product","type-product","status-publish","has-post-thumbnail","hentry","tag-rice-mill-plant","tag-rice-milling","product-type-rice-mill-plant"],"_links":{"self":[{"href":"https:\/\/cnricemill.com\/tr\/wp-json\/wp\/v2\/product\/41","targetHints":{"allow":["GET"]}}],"collection":[{"href":"https:\/\/cnricemill.com\/tr\/wp-json\/wp\/v2\/product"}],"about":[{"href":"https:\/\/cnricemill.com\/tr\/wp-json\/wp\/v2\/types\/product"}],"author":[{"embeddable":true,"href":"https:\/\/cnricemill.com\/tr\/wp-json\/wp\/v2\/users\/1"}],"wp:featuredmedia":[{"embeddable":true,"href":"https:\/\/cnricemill.com\/tr\/wp-json\/wp\/v2\/media\/75"}],"wp:attachment":[{"href":"https:\/\/cnricemill.com\/tr\/wp-json\/wp\/v2\/media?parent=41"}],"wp:term":[{"taxonomy":"post_tag","embeddable":true,"href":"https:\/\/cnricemill.com\/tr\/wp-json\/wp\/v2\/tags?post=41"},{"taxonomy":"product-type","embeddable":true,"href":"https:\/\/cnricemill.com\/tr\/wp-json\/wp\/v2\/product-type?post=41"}],"curies":[{"name":"wp","href":"https:\/\/api.w.org\/{rel}","templated":true}]}}