{"id":40,"date":"2022-08-11T10:04:26","date_gmt":"2022-08-11T02:04:26","guid":{"rendered":"https:\/\/cnricemill.com\/?post_type=product&#038;p=40"},"modified":"2024-12-23T11:38:45","modified_gmt":"2024-12-23T03:38:45","slug":"paddy-separator","status":"publish","type":"product","link":"https:\/\/cnricemill.com\/tr\/product\/paddy-separator\/","title":{"rendered":"Pirinc Ay\u0131r\u0131c\u0131"},"content":{"rendered":"<h2 class=\"wp-block-heading\">Pirin\u00e7 ay\u0131r\u0131c\u0131 nedir?<\/h2>    <p class=\"translation-block\"><strong>Pirin\u00e7 ay\u0131r\u0131c\u0131<\/strong> burada, y\u00fczey s\u00fcrt\u00fcnmesi ve a\u011f\u0131rl\u0131k aras\u0131ndaki farkla kahverengi pirinci pirin\u00e7ten ay\u0131ran bir makinedir. Pirin\u00e7 ve kahverengi pirin\u00e7 kar\u0131\u015f\u0131m\u0131n\u0131 \u00fc\u00e7 t\u00fcrde ay\u0131rabilir. Bir t\u00fcr, pirin\u00e7 de\u011firmenine girecek olan kahverengi pirin\u00e7tir. Bir t\u00fcr, a\u011f\u0131rl\u0131k pirin\u00e7 ay\u0131rma makinesine tekrar girecek olan kahverengi pirin\u00e7 ve pirin\u00e7 kar\u0131\u015f\u0131m\u0131d\u0131r. Di\u011fer t\u00fcr ise, tekrar kabuk soyulmak \u00fczere kabuk soyma makinesine girecek olan pirin\u00e7 tanesidir.<\/p>    <h2 class=\"wp-block-heading\">MGCZ Serisi a\u011f\u0131rl\u0131k pirin\u00e7 ay\u0131r\u0131c\u0131 sat\u0131l\u0131k<\/h2>    <p class=\"translation-block\">MGCZ serisi a\u011f\u0131rl\u0131k pirin\u00e7 ay\u0131r\u0131c\u0131, \u00f6nemli bir pirin\u00e7 i\u015fleme makinesidir. Ve bu, t\u00fcm pirin\u00e7 de\u011firmeni tesisi i\u00e7in kritik \u00f6neme sahiptir. <a href=\"https:\/\/cnricemill.com\/tr\/\">TAIZY<\/a> pirin\u00e7 ay\u0131rma makinesi, stabil performans, d\u00fc\u015f\u00fck yat\u0131r\u0131m ve kolay kullan\u0131m \u00f6zelliklerine sahiptir. Ayr\u0131ca, t\u00fcm makinelerimiz son derece s\u0131k\u0131 kalite kontrol\u00fcnden ge\u00e7mi\u015ftir. Ve profesyonel hizmet ve h\u0131zl\u0131 teslimat sa\u011flamak i\u00e7in y\u00fcksek nitelikli personelimiz bulunmaktad\u0131r. G\u00fcn\u00fcm\u00fczde makinelerimiz 80'den fazla \u00fclke ve b\u00f6lgeye ba\u015far\u0131yla ihra\u00e7 edilmi\u015ftir. En iyi pirin\u00e7 ay\u0131r\u0131c\u0131 fiyat\u0131 i\u00e7in bizimle ileti\u015fime ge\u00e7mekten \u00e7ekinmeyin. \u00a0<\/p>    <div class=\"wp-block-columns is-layout-flex wp-container-core-columns-is-layout-9d6595d7 wp-block-columns-is-layout-flex\"> <div class=\"wp-block-column is-layout-flow wp-block-column-is-layout-flow\"> <figure class=\"wp-block-image size-full\"><img loading=\"lazy\" decoding=\"async\" width=\"750\" height=\"750\" src=\"https:\/\/cnricemill.com\/wp-content\/uploads\/2022\/08\/paddy-separator.jpg\" alt=\"pirin\u00e7 ay\u0131r\u0131c\u0131\" class=\"wp-image-121\"\/><figcaption>pirin\u00e7 ay\u0131r\u0131c\u0131<\/figcaption><\/figure> <\/div>    <div class=\"wp-block-column is-layout-flow wp-block-column-is-layout-flow\"> <figure class=\"wp-block-image size-full\"><img loading=\"lazy\" decoding=\"async\" width=\"750\" height=\"750\" src=\"https:\/\/cnricemill.com\/wp-content\/uploads\/2022\/08\/paddy-separating-machine.jpg\" alt=\"pirin\u00e7 ay\u0131rma makinesi\" class=\"wp-image-122\"\/><figcaption>pirin\u00e7 ay\u0131rma makinesi<\/figcaption><\/figure> <\/div> <\/div>    <h2 class=\"wp-block-heading\">Pirin\u00e7 ay\u0131r\u0131c\u0131 performans \u00f6zellikleri<\/h2>    <ol class=\"wp-block-list\" type=\"1\"><li>Dayan\u0131kl\u0131 par\u00e7alar, geli\u015fmi\u015f otomatik fren sistemi, kullan\u0131m\u0131 ve bak\u0131m\u0131n\u0131 kolayla\u015ft\u0131r\u0131r<\/li><li>D\u00fc\u015f\u00fck mekanik a\u011f\u0131rl\u0131k merkezi, iyi denge, makul h\u0131z, stabil ve g\u00fcvenilir i\u015fleme performans\u0131<\/li><li>\u0130yi mekanik performans\u0131 sa\u011flamak i\u00e7in m\u00fckemmel iletim sistemi<\/li><li>Uzun ve k\u0131sa tah\u0131l kahverengi pirin\u00e7 i\u00e7in yayg\u0131n olarak kullan\u0131l\u0131r<\/li><li>Y\u00fcksek kaliteli ekran plakas\u0131 t\u0131kanmay\u0131 \u00f6nlemek i\u00e7in y\u00fcksek konumland\u0131r\u0131lm\u0131\u015ft\u0131r<\/li><li>M\u00fc\u015fterilerin farkl\u0131 gereksinimlerini kar\u015f\u0131lamak i\u00e7in \u00e7e\u015fitli modeller<\/li><\/ol>    <div class=\"wp-block-columns is-layout-flex wp-container-core-columns-is-layout-9d6595d7 wp-block-columns-is-layout-flex\"> <div class=\"wp-block-column is-layout-flow wp-block-column-is-layout-flow\"> <figure class=\"wp-block-image size-full\"><img loading=\"lazy\" decoding=\"async\" width=\"750\" height=\"750\" src=\"https:\/\/cnricemill.com\/wp-content\/uploads\/2022\/08\/sieve-plate.jpg\" alt=\"elek plakas\u0131\" class=\"wp-image-127\"\/><figcaption>elek plakas\u0131<\/figcaption><\/figure> <\/div>    <div class=\"wp-block-column is-layout-flow wp-block-column-is-layout-flow\"> <figure class=\"wp-block-image size-full\"><img loading=\"lazy\" decoding=\"async\" width=\"750\" height=\"750\" src=\"https:\/\/cnricemill.com\/wp-content\/uploads\/2022\/08\/copper-motor.jpg\" alt=\"bak\u0131r motor\" class=\"wp-image-128\"\/><figcaption>bak\u0131r motor<\/figcaption><\/figure> <\/div> <\/div>    <h2 class=\"wp-block-heading\">Taizy pirin\u00e7 ay\u0131rma makinesinin parametreleri<\/h2>    <figure class=\"wp-block-table\"><table><tbody><tr><td>Model<\/td><td>Kapasite (t\/saat)<\/td><td>G\u00fc\u00e7 (KW)<\/td><td>Boyut (U*G*Y)<\/td><\/tr><tr><td>MGCZ80*6<\/td><td>0.8-1.3<\/td><td>1.1<\/td><td>1350*1000*1400<\/td><\/tr><tr><td>MGCZ80*7<\/td><td>1.1-1.5<\/td><td>1.1<\/td><td>1350*1000*1450<\/td><\/tr><tr><td>MGCZ100*6<\/td><td>1.2-1.6<\/td><td>1.1<\/td><td>1600*1250*1400<\/td><\/tr><tr><td>MGCZ100*7<\/td><td>1.6-2.1<\/td><td>1.1<\/td><td>1600*1250*1450<\/td><\/tr><tr><td>MGCZ100*8<\/td><td>2.1-2.4<\/td><td>1.1<\/td><td>1600*1250*1500<\/td><\/tr><tr><td>MGCZ100*10<\/td><td>2.5-3.2<\/td><td>1.5<\/td><td>1600*1250*1750<\/td><\/tr><tr><td>MGCZ100*12<\/td><td>3.4-4<\/td><td>1.5<\/td><td>1600*1250*1800<\/td><\/tr><tr><td>MGCZ100*14<\/td><td>4-4.9<\/td><td>1.5<\/td><td>1600*1250*1740<\/td><\/tr><tr><td>MGCZ100*16<\/td><td>4.5-5.6<\/td><td>1.5<\/td><td>1600*1250*1820<\/td><\/tr><\/tbody><\/table><\/figure>    <h2 class=\"wp-block-heading\">Pirin\u00e7, pirin\u00e7ten nas\u0131l ayr\u0131l\u0131r?<\/h2>    <p>Pirin\u00e7 ay\u0131r\u0131c\u0131, kahverengi pirinci kabuklu pirin\u00e7ten ay\u0131rmak i\u00e7in kullan\u0131l\u0131r. Kahverengi pirin\u00e7 ve pirin\u00e7 aras\u0131ndaki \u00f6zg\u00fcl a\u011f\u0131rl\u0131k, par\u00e7ac\u0131k boyutu ve s\u00fcrt\u00fcnme katsay\u0131s\u0131ndaki farklara g\u00f6re \u00f6zel bir ay\u0131rma diski arac\u0131l\u0131\u011f\u0131yla kar\u0131\u015f\u0131m\u0131 s\u00fcrekli olarak katmanl\u0131 bir durumda eleme yapar. Ayr\u0131\u015ft\u0131rma sonucunda, b\u00fcy\u00fck yo\u011funluk ve k\u00fc\u00e7\u00fck tanecikli kahverengi pirin\u00e7 ay\u0131rma diskinin \u00fcst k\u0131sm\u0131na y\u00f6nlendirilirken, k\u00fc\u00e7\u00fck \u00f6zg\u00fcl a\u011f\u0131rl\u0131k ve b\u00fcy\u00fck tanecikli pirin\u00e7 diskinin alt k\u0131sm\u0131na y\u00f6nlendirilir, saf kahverengi pirin\u00e7, saf pirin\u00e7 ve kar\u0131\u015f\u0131m ayr\u0131l\u0131r.<\/p>    <div class=\"wp-block-columns is-layout-flex wp-container-core-columns-is-layout-9d6595d7 wp-block-columns-is-layout-flex\"> <div class=\"wp-block-column is-layout-flow wp-block-column-is-layout-flow\"> <figure class=\"wp-block-image size-full\"><img loading=\"lazy\" decoding=\"async\" width=\"750\" height=\"750\" src=\"https:\/\/cnricemill.com\/wp-content\/uploads\/2022\/08\/paddy-separator-factory.jpg\" alt=\"pirin\u00e7 ay\u0131r\u0131c\u0131 fabrikas\u0131\" class=\"wp-image-125\"\/><figcaption>pirin\u00e7 ay\u0131r\u0131c\u0131 fabrikas\u0131<\/figcaption><\/figure> <\/div>    <div class=\"wp-block-column is-layout-flow wp-block-column-is-layout-flow\"> <figure class=\"wp-block-image size-full\"><img loading=\"lazy\" decoding=\"async\" width=\"750\" height=\"750\" src=\"https:\/\/cnricemill.com\/wp-content\/uploads\/2022\/08\/paddy-separating-machine-workshop.jpg\" alt=\"pirin\u00e7 ay\u0131rma makinesi at\u00f6lyesi\" class=\"wp-image-126\"\/><figcaption>pirin\u00e7 ay\u0131rma makinesi at\u00f6lyesi<\/figcaption><\/figure> <\/div> <\/div>","protected":false},"excerpt":{"rendered":"<p>What is paddy separator? Paddy separator here is a machine that separates brown rice from paddy by the difference between surface friction and gravity. It can separate the mixture of paddy and brown rice into three kinds. One type is the brown rice that will enter the rice mill. One type is the mixer of [&hellip;]<\/p>\n","protected":false},"author":1,"featured_media":120,"parent":0,"template":"","tags":[16,13],"product-type":[],"class_list":["post-40","product","type-product","status-publish","has-post-thumbnail","hentry","tag-rice-processing","tag-rice-processing-machine"],"_links":{"self":[{"href":"https:\/\/cnricemill.com\/tr\/wp-json\/wp\/v2\/product\/40","targetHints":{"allow":["GET"]}}],"collection":[{"href":"https:\/\/cnricemill.com\/tr\/wp-json\/wp\/v2\/product"}],"about":[{"href":"https:\/\/cnricemill.com\/tr\/wp-json\/wp\/v2\/types\/product"}],"author":[{"embeddable":true,"href":"https:\/\/cnricemill.com\/tr\/wp-json\/wp\/v2\/users\/1"}],"wp:featuredmedia":[{"embeddable":true,"href":"https:\/\/cnricemill.com\/tr\/wp-json\/wp\/v2\/media\/120"}],"wp:attachment":[{"href":"https:\/\/cnricemill.com\/tr\/wp-json\/wp\/v2\/media?parent=40"}],"wp:term":[{"taxonomy":"post_tag","embeddable":true,"href":"https:\/\/cnricemill.com\/tr\/wp-json\/wp\/v2\/tags?post=40"},{"taxonomy":"product-type","embeddable":true,"href":"https:\/\/cnricemill.com\/tr\/wp-json\/wp\/v2\/product-type?post=40"}],"curies":[{"name":"wp","href":"https:\/\/api.w.org\/{rel}","templated":true}]}}