{"id":39,"date":"2022-08-11T10:01:37","date_gmt":"2022-08-11T02:01:37","guid":{"rendered":"https:\/\/cnricemill.com\/?post_type=product&#038;p=39"},"modified":"2024-12-23T11:38:53","modified_gmt":"2024-12-23T03:38:53","slug":"rice-grader","status":"publish","type":"product","link":"https:\/\/cnricemill.com\/tr\/product\/rice-grader\/","title":{"rendered":"Pirinc S\u0131n\u0131fland\u0131r\u0131c\u0131"},"content":{"rendered":"<p class=\"translation-block\"><strong>Pirincin s\u0131n\u0131fland\u0131r\u0131c\u0131<\/strong> veya <strong>pirin\u00e7 s\u0131n\u0131fland\u0131rma makinesi<\/strong> \u00f6nemli bir pirin\u00e7 i\u015fleme makinesidir. Pirinci uzunlu\u011funa g\u00f6re farkl\u0131 standartlara ay\u0131r\u0131r. Ard\u0131ndan, farkl\u0131 \u00e7aplara sahip pirin\u00e7ler farkl\u0131 \u00e7\u0131k\u0131\u015flardan bo\u015falt\u0131l\u0131r. Genellikle, bu makine tam otomatik pirin\u00e7 de\u011firmen tesisinin bir par\u00e7as\u0131 olarak kullan\u0131l\u0131r. Farkl\u0131 kapasitedeki pirin\u00e7 de\u011firmen \u00fcretim hatt\u0131 i\u00e7in uygun pirin\u00e7 s\u0131n\u0131fland\u0131r\u0131c\u0131 makinesi se\u00e7ebilirsiniz. Taizy MMJP serisi pirin\u00e7 uzunlu\u011fu s\u0131n\u0131fland\u0131r\u0131c\u0131lar, y\u00fcksek verimlilik ve stabil performans \u00f6zellikleriyle sat\u0131\u015ftad\u0131r. D\u00fcnya genelinde pop\u00fclerdir. Zengin deneyime sahip bir pirin\u00e7 s\u0131n\u0131fland\u0131rma makinesi \u00fcreticisi olarak, profesyonel \u00f6zelle\u015ftirme, e\u011fitim ve rehberlik hizmetleri sunuyoruz, b\u00f6ylece pirin\u00e7 de\u011firmen i\u015finizi ba\u015flatabilirsiniz. \u00dccretsiz fiyat listesi i\u00e7in bizimle ileti\u015fime ge\u00e7mekten \u00e7ekinmeyin.<\/p>    <figure class=\"wp-block-image size-full\"><img loading=\"lazy\" decoding=\"async\" width=\"720\" height=\"540\" src=\"https:\/\/cnricemill.com\/wp-content\/uploads\/2022\/08\/rice-grader.jpg\" alt=\"pirin\u00e7 s\u0131n\u0131fland\u0131r\u0131c\u0131\" class=\"wp-image-130\"\/><figcaption>Pirincin s\u0131n\u0131fland\u0131r\u0131c\u0131 sat\u0131l\u0131k<\/figcaption><\/figure>    <h2 class=\"wp-block-heading\">Pirincin s\u0131n\u0131fland\u0131rma makinesi nedir?<\/h2>    <p>Pirincin s\u0131n\u0131fland\u0131r\u0131lmas\u0131 i\u00e7in tasarlanm\u0131\u015f pirin\u00e7 s\u0131n\u0131fland\u0131rma makinesi. Pirinci uzunlu\u011fa g\u00f6re do\u011fru ve verimli bir \u015fekilde birka\u00e7 s\u0131n\u0131fa ay\u0131rabilir:<\/p>    <ol class=\"wp-block-list\" type=\"1\"><li>K\u00fc\u00e7\u00fck k\u0131r\u0131k pirin\u00e7<\/li><li>Orta k\u0131r\u0131k pirin\u00e7<\/li><li>B\u00fcy\u00fck k\u0131r\u0131k pirin\u00e7<\/li><li>Tam pirin\u00e7 veya ba\u015f pirin\u00e7<\/li><\/ol>    <p>Son pirin\u00e7 \u00fcr\u00fcn\u00fcn\u00fcn kalitesini ve g\u00f6r\u00fcn\u00fcm\u00fcn\u00fc b\u00fcy\u00fck \u00f6l\u00e7\u00fcde art\u0131rmaya yard\u0131mc\u0131 olur.<\/p>    <div class=\"wp-block-columns is-layout-flex wp-container-core-columns-is-layout-9d6595d7 wp-block-columns-is-layout-flex\"> <div class=\"wp-block-column is-layout-flow wp-block-column-is-layout-flow\"> <figure class=\"wp-block-image size-full\"><img loading=\"lazy\" decoding=\"async\" width=\"750\" height=\"750\" src=\"https:\/\/cnricemill.com\/wp-content\/uploads\/2022\/08\/left-view-of-the-rice-grader.jpg\" alt=\"Pirincin sol g\u00f6r\u00fcn\u00fcm\u00fc\" class=\"wp-image-132\"\/><figcaption>Pirincin sol g\u00f6r\u00fcn\u00fcm\u00fc<\/figcaption><\/figure> <\/div>    <div class=\"wp-block-column is-layout-flow wp-block-column-is-layout-flow\"> <figure class=\"wp-block-image size-full\"><img loading=\"lazy\" decoding=\"async\" width=\"750\" height=\"750\" src=\"https:\/\/cnricemill.com\/wp-content\/uploads\/2022\/08\/right-view-of-the-rice-grader.jpg\" alt=\"Pirincin sa\u011f g\u00f6r\u00fcn\u00fcm\u00fc\" class=\"wp-image-133\"\/><figcaption>Pirincin sa\u011f g\u00f6r\u00fcn\u00fcm\u00fc<\/figcaption><\/figure> <\/div> <\/div>    <h2 class=\"wp-block-heading\">Taizy pirin\u00e7 s\u0131n\u0131fland\u0131r\u0131c\u0131 parametreleri<\/h2>    <figure class=\"wp-block-table\"><table><tbody><tr><td>Model<\/td><td>Kapasite (t\/saat)<\/td><td>G\u00fc\u00e7(KW)<\/td><td>Boyut (U*G*Y)<\/td><\/tr><tr><td>MMJP63*3<\/td><td>0.8-1.25<\/td><td>0.75<\/td><td>1462*740*1280<\/td><\/tr><tr><td>MMJP80*3<\/td><td>1.5-2<\/td><td>1.1<\/td><td>1600*1000*1315<\/td><\/tr><tr><td>MMJP100*3<\/td><td>2.5-3.3<\/td><td>1.1<\/td><td>1690*1090*1386<\/td><\/tr><tr><td>MMJP100*4<\/td><td>2.5-3.5<\/td><td>1.1<\/td><td>1690*1087*1420<\/td><\/tr><tr><td>MMJP112*3<\/td><td>3.5-4.2<\/td><td>1.1<\/td><td>1690*1208*1386<\/td><\/tr><tr><td>MMJP112*4<\/td><td>3.5-4.5<\/td><td>1.1<\/td><td>1690*1208*1420<\/td><\/tr><tr><td>MMJP125*3<\/td><td>4.5-5<\/td><td>1.5<\/td><td>1690*1458*1386<\/td><\/tr><tr><td>MMJP125*4<\/td><td>4.5-5.2<\/td><td>1.5<\/td><td>1690*1457*1420<\/td><\/tr><tr><td>MMJP150*4<\/td><td>5.5-6<\/td><td>1.5<\/td><td>1725*1580*1500<\/td><\/tr><\/tbody><\/table><\/figure>    <h2 class=\"wp-block-heading\">Taizy pirin\u00e7 s\u0131n\u0131fland\u0131rma makinesi \u00f6zellikleri<\/h2>    <ol class=\"wp-block-list\" type=\"1\"><li>K\u00fc\u00e7\u00fck boyutlu ve uygun fiyatl\u0131d\u0131r<\/li><li>Pirincin s\u0131n\u0131fland\u0131r\u0131c\u0131 makinesi, makul tasar\u0131m\u0131 ve basit yap\u0131s\u0131yla kullan\u0131m\u0131 ve bak\u0131m\u0131 kolayd\u0131r<\/li><li>Taizy pirin\u00e7 s\u0131n\u0131fland\u0131rma makinesi sat\u0131\u015f\u0131 y\u00fcksek verimlilik ve d\u00fc\u015f\u00fck enerji t\u00fcketimi sa\u011flar<\/li><li>Makine g\u00fc\u00e7l\u00fc uyum sa\u011flayabilir, d\u00fc\u015f\u00fck g\u00fcr\u00fclt\u00fc ve y\u00fcksek \u00e7\u0131kt\u0131 sa\u011flar<\/li><li>Dayan\u0131kl\u0131 malzeme kullan\u0131larak, uzun hizmet \u00f6mr\u00fcne sahiptir<\/li><li>Bu pirin\u00e7 i\u015fleme makinesi, farkl\u0131 kapasitelere uygun \u00e7ok katmanl\u0131 bir ekran kullan\u0131r<\/li><\/ol>    <h2 class=\"wp-block-heading\">Pirincin s\u0131n\u0131fland\u0131r\u0131c\u0131 ne i\u015fe yarar?<\/h2>    <p class=\"translation-block\">Pirincin boyutuna g\u00f6re birka\u00e7 kaliteye ay\u0131rmak i\u00e7in pirin\u00e7 s\u0131n\u0131fland\u0131r\u0131c\u0131 kullan\u0131l\u0131r. Ama\u00e7, uygun boyuttaki pirinci se\u00e7mek ve ihtiya\u00e7lar\u0131 kar\u015f\u0131lamayan k\u0131r\u0131k pirinci \u00e7\u0131karmakt\u0131r. Pirin\u00e7 s\u0131n\u0131fland\u0131rma makinesi, <a href=\"https:\/\/cnricemill.com\/tr\/products\/rice-mill-plant\/\">t\u00fcm pirin\u00e7 de\u011firmen tesisi<\/a>'nin vazge\u00e7ilmez ve hayati bir par\u00e7as\u0131d\u0131r.<\/p>    <h2 class=\"wp-block-heading\">Pirincin s\u0131n\u0131fland\u0131r\u0131c\u0131 ne kadar?<\/h2>    <p class=\"translation-block\">Pirincin s\u0131n\u0131fland\u0131r\u0131c\u0131 fiyat\u0131 sabit de\u011fildir. \u00c7\u00fcnk\u00fc maliyet, kapasite, model, boyut, marka, motor gibi parametrelerle yak\u0131ndan ili\u015fkilidir. Ayr\u0131ca, pirin\u00e7 s\u0131n\u0131fland\u0131rma makinesi fiyat\u0131, nakliye maliyeti ve d\u00f6viz kuru gibi d\u0131\u015f fakt\u00f6rlere de ba\u011fl\u0131d\u0131r. Bu <a href=\"https:\/\/cnricemill.com\/tr\/product\/\">pirin\u00e7 i\u015fleme makinesi<\/a> ilgileniyorsan\u0131z, ihtiya\u00e7lar\u0131n\u0131z\u0131 bize bildirin, size detayl\u0131 bir teklif g\u00f6nderece\u011fiz.<\/p>","protected":false},"excerpt":{"rendered":"<p>Rice grader or rice grading machine is an important rice processing machine. It grades rice into different standards based on the rice length. And then the rice with different diameters will be discharged from different outlets. Usually, this machine is used as a part of a fully automatic rice mill plant. For different capacities of [&hellip;]<\/p>\n","protected":false},"author":1,"featured_media":129,"parent":0,"template":"","tags":[16,13],"product-type":[],"class_list":["post-39","product","type-product","status-publish","has-post-thumbnail","hentry","tag-rice-processing","tag-rice-processing-machine"],"_links":{"self":[{"href":"https:\/\/cnricemill.com\/tr\/wp-json\/wp\/v2\/product\/39","targetHints":{"allow":["GET"]}}],"collection":[{"href":"https:\/\/cnricemill.com\/tr\/wp-json\/wp\/v2\/product"}],"about":[{"href":"https:\/\/cnricemill.com\/tr\/wp-json\/wp\/v2\/types\/product"}],"author":[{"embeddable":true,"href":"https:\/\/cnricemill.com\/tr\/wp-json\/wp\/v2\/users\/1"}],"wp:featuredmedia":[{"embeddable":true,"href":"https:\/\/cnricemill.com\/tr\/wp-json\/wp\/v2\/media\/129"}],"wp:attachment":[{"href":"https:\/\/cnricemill.com\/tr\/wp-json\/wp\/v2\/media?parent=39"}],"wp:term":[{"taxonomy":"post_tag","embeddable":true,"href":"https:\/\/cnricemill.com\/tr\/wp-json\/wp\/v2\/tags?post=39"},{"taxonomy":"product-type","embeddable":true,"href":"https:\/\/cnricemill.com\/tr\/wp-json\/wp\/v2\/product-type?post=39"}],"curies":[{"name":"wp","href":"https:\/\/api.w.org\/{rel}","templated":true}]}}