{"id":38,"date":"2022-08-11T09:58:33","date_gmt":"2022-08-11T01:58:33","guid":{"rendered":"https:\/\/cnricemill.com\/?post_type=product&#038;p=38"},"modified":"2024-12-23T11:39:37","modified_gmt":"2024-12-23T03:39:37","slug":"rice-packing-machine","status":"publish","type":"product","link":"https:\/\/cnricemill.com\/tr\/product\/rice-packing-machine\/","title":{"rendered":"Pirin\u00e7 Paketleme Makinesi"},"content":{"rendered":"<p class=\"translation-block\"><strong>Pirin\u00e7 paketleme makinesi<\/strong> pirin\u00e7 paketlemesi i\u00e7in otomatik ve verimli bir \u015fekilde kullan\u0131l\u0131r. Bu bir t\u00fcr <strong>pirin\u00e7 torbas\u0131 doldurma m\u00fch\u00fcrleme makinesi<\/strong>. Pirin\u00e7 paketleme makinesi, kantitatif tart\u0131m, verimli doldurma ve do\u011fru m\u00fch\u00fcrleme i\u015flevini tamamlayabilir. 5kg'dan 50kg'a kadar pirin\u00e7 \u00fcr\u00fcnlerinin paketlenmesi i\u00e7in uygundur. Ve 5kg, 25kg ve 50kg pirin\u00e7 paketleme olduk\u00e7a pop\u00fclerdir. Kolay kullan\u0131m, stabil performans ve s\u00fcper verimlilik \u00f6zellikleri ile <strong>pirin\u00e7 doldurma makinesi<\/strong>, verimlili\u011finizi b\u00fcy\u00fck \u00f6l\u00e7\u00fcde art\u0131rabilir ve i\u015finize fayda sa\u011flayabilir. \u00d6nde gelen bir pirin\u00e7 i\u015fleme makinesi \u00fcreticisi olarak, TAIZY Makineleri, d\u00fcnya \u00e7ap\u0131ndaki ortaklar i\u00e7in kaliteli ve uygun fiyatl\u0131 pirin\u00e7 paketleme makineleri sunmaktad\u0131r. Daha fazla ayr\u0131nt\u0131 i\u00e7in <a href=\"https:\/\/cnricemill.com\/tr\/contact-us\/\">bizimle ileti\u015fime ge\u00e7in<\/a>.<\/p>    <h2 class=\"wp-block-heading\">Taizy pirin\u00e7 paketleme makinesinin performans \u00f6zellikleri <\/h2>    <ol class=\"wp-block-list\" type=\"1\"><li>Pirin\u00e7 paketleme makinesi uluslararas\u0131 ileri teknolojiyi benimser. Do\u011frulu\u011fu yakla\u015f\u0131k 5 g'dir ve paketleme h\u0131z\u0131 saatte 360-450 torba aras\u0131ndad\u0131r.<\/li><li>Ham maddelerle temas eden par\u00e7alar, y\u00fcksek hijyen standartlar\u0131 ve uzun s\u00fcreli kullan\u0131m i\u00e7in korozyon direnci ile g\u0131da s\u0131n\u0131f\u0131 paslanmaz \u00e7elikten yap\u0131lm\u0131\u015ft\u0131r.<\/li><li>Geni\u015f bir \u00f6l\u00e7\u00fcm aral\u0131\u011f\u0131, y\u00fcksek hassasiyet, platform y\u00fckselebilir, y\u00fcksek verimlilik, \u00e7ok fonksiyonlu.<\/li><li>Pirin\u00e7 torbas\u0131 paketleme makinesi, y\u00fcksek hesaplama do\u011frulu\u011fu, dijital g\u00f6sterim, stabil \u00e7al\u0131\u015fma ve kolay kullan\u0131m avantajlar\u0131na sahiptir.&nbsp;<\/li><li>Marka sens\u00f6r ve pn\u00f6matik akt\u00fcat\u00f6r kullan\u0131n, kolay bak\u0131m, g\u00fcvenilir \u00e7al\u0131\u015fma ve kirlilik yok.&nbsp;<\/li><li>Pirin\u00e7 doldurma makinesi, otomatik doldurma ve m\u00fch\u00fcrleme s\u00fcrecini ger\u00e7ekle\u015ftirebilen bir diki\u015f makinesi ve bir konvey\u00f6r ile donat\u0131labilir.<\/li><li>Belirli gereksinimlerinizi kar\u015f\u0131lamak i\u00e7in g\u00fc\u00e7l\u00fc bir \u00f6zelle\u015ftirme hizmeti sunuyoruz. &nbsp;<\/li><\/ol>    <h2 class=\"wp-block-heading\">Pirincin torba doldurma ve m\u00fch\u00fcrleme makinesinin yap\u0131 detaylar\u0131<\/h2>    <p>Otomatik pirin\u00e7 torbas\u0131 paketleme makinesi esasen \u00fc\u00e7 sistemden olu\u015fur: bir kantitatif tart\u0131m ve doldurma sistemi, bir ta\u015f\u0131ma sistemi ve bir diki\u015f m\u00fch\u00fcrleme sistemi. Bu par\u00e7alar\u0131 i\u00e7erir: bir kantitatif ajans, pn\u00f6matik mekanizma, kontrol kutusu, \u00f6l\u00e7ek g\u00f6vdesi, konvey\u00f6r band\u0131, konvey\u00f6r, diki\u015f makinesi kontrol kutusu ve paket makinesi. T\u00fcm pirin\u00e7 torbalama makinesi basit bir yap\u0131ya ve makul bir tasar\u0131ma sahiptir. Kurulumu, \u00e7al\u0131\u015ft\u0131rmas\u0131 ve bak\u0131m\u0131 kolayd\u0131r. &nbsp;&nbsp;&nbsp;<\/p>    <figure class=\"wp-block-image size-full\"><img loading=\"lazy\" decoding=\"async\" width=\"720\" height=\"540\" src=\"https:\/\/cnricemill.com\/wp-content\/uploads\/2022\/08\/rice-filling-sealing-machine-structure.jpg\" alt=\"pirin\u00e7 doldurma m\u00fch\u00fcrleme makinesi yap\u0131s\u0131\" class=\"wp-image-115\"\/><figcaption>pirin\u00e7 doldurma m\u00fch\u00fcrleme makinesi yap\u0131s\u0131<\/figcaption><\/figure>    <h2 class=\"wp-block-heading\">Paketleme makinesinin pirin\u00e7 uygulamalar\u0131<\/h2>    <p>5kg -50kg pirin\u00e7 paketleme makinesi, pirin\u00e7 \u00fcr\u00fcnlerini doldurmak ve m\u00fch\u00fcrlemek i\u00e7in uygulan\u0131r. Ancak, bir t\u00fcr gran\u00fcl paketleme makinesi olarak, f\u0131st\u0131k, kahve \u00e7ekirdekleri, pirin\u00e7, ay\u00e7i\u00e7e\u011fi tohumlar\u0131, bu\u011fday, m\u0131s\u0131r, bezelye, susam, k\u00f6pek mamas\u0131, kedi mamas\u0131 gibi bir\u00e7ok di\u011fer gran\u00fcler \u00fcr\u00fcnlerin paketlenmesi i\u00e7in de idealdir. Torba \u00e7e\u015fitli t\u00fcrlerde olabilir; plastik torbalar, ka\u011f\u0131t torbalar ve kuma\u015f torbalar.<\/p>    <h2 class=\"wp-block-heading\">Opsiyonel ekipman<\/h2>    <div class=\"wp-block-columns is-layout-flex wp-container-core-columns-is-layout-9d6595d7 wp-block-columns-is-layout-flex\"> <div class=\"wp-block-column is-layout-flow wp-block-column-is-layout-flow\"> <figure class=\"wp-block-image size-full\"><img loading=\"lazy\" decoding=\"async\" width=\"720\" height=\"540\" src=\"https:\/\/cnricemill.com\/wp-content\/uploads\/2022\/08\/conveyor-belt.jpg\" alt=\"konvey\u00f6r band\u0131\" class=\"wp-image-116\"\/><figcaption>konvey\u00f6r band\u0131<\/figcaption><\/figure> <\/div>    <div class=\"wp-block-column is-layout-flow wp-block-column-is-layout-flow\"> <figure class=\"wp-block-image size-full\"><img loading=\"lazy\" decoding=\"async\" width=\"720\" height=\"540\" src=\"https:\/\/cnricemill.com\/wp-content\/uploads\/2022\/08\/feeding-elevator.jpg\" alt=\"besleme elevat\u00f6r\u00fc\" class=\"wp-image-118\"\/><figcaption>besleme elevat\u00f6r\u00fc<\/figcaption><\/figure> <\/div> <\/div>    <h2 class=\"wp-block-heading\">Pirin\u00e7 torbas\u0131 doldurma makinesi neden pirin\u00e7 paketleme i\u015finiz i\u00e7in en iyisidir?<\/h2>    <p>Asl\u0131nda, bu pirin\u00e7 paketleme makinesi bir t\u00fcr pirin\u00e7 torbas\u0131 doldurma m\u00fch\u00fcrleme makinesidir. Di\u011fer bir\u00e7ok pirin\u00e7 paketleme makinesi ile kar\u015f\u0131la\u015ft\u0131r\u0131ld\u0131\u011f\u0131nda, pirin\u00e7 fabrikan\u0131z i\u00e7in olduk\u00e7a uygundur ve bir\u00e7ok benzersiz avantaja sahiptir.<\/p>    <ol class=\"wp-block-list\" type=\"1\"><li>S\u00fcper verimlilik. Bu makine b\u00fcy\u00fck pirin\u00e7 \u00fcretim talepleri i\u00e7in uygundur. Paketleme h\u0131z\u0131 saatte 450 torbaya ula\u015fabilir. Bu, verimlili\u011finizi b\u00fcy\u00fck \u00f6l\u00e7\u00fcde art\u0131rabilir ve i\u015f g\u00fcc\u00fc maliyetinizi tasarruf ettirebilir.<\/li><li>Uygun fiyat. Bu pirin\u00e7 po\u015fet paketleme makinesi kesinlikle iyi bir fiyata sahiptir. Di\u011fer tam otomatik paketleme makineleri ile kar\u015f\u0131la\u015ft\u0131r\u0131ld\u0131\u011f\u0131nda, olduk\u00e7a y\u00fcksek bir maliyet performans\u0131na sahiptir.<\/li><li>Kolay kullan\u0131m. Sat\u0131l\u0131k bu makine basit bir yap\u0131ya ve do\u011fru bir tasar\u0131ma sahiptir, kullan\u0131m\u0131 ve bak\u0131m\u0131 \u00e7ok kolayd\u0131r. Ve \u00e7al\u0131\u015ft\u0131rmak i\u00e7in sadece bir i\u015f\u00e7i gerektirir. &nbsp;&nbsp;<\/li><\/ol>    <h2 class=\"wp-block-heading\">Pirin\u00e7 i\u015finize ba\u015flamak i\u00e7in bizimle ileti\u015fime ge\u00e7in<\/h2>    <p class=\"translation-block\">Pirin\u00e7 paketleme makinesi, t\u00fcm <a href=\"https:\/\/cnricemill.com\/tr\/products\/rice-mill-plant\/\">pirin\u00e7 i\u015fleme s\u00fcrecinin<\/a> \u00f6nemli ve gerekli bir par\u00e7as\u0131d\u0131r. S\u00fcpermarket raflar\u0131na teslim edilmenin son ad\u0131m\u0131d\u0131r. Sat\u0131l\u0131k Taizy pirin\u00e7 torbas\u0131 doldurma makinesi, 5kg'dan 50kg'a kadar pirin\u00e7 paketleme i\u00e7in uygundur. Stabil performans, s\u00fcper verimlilik ve uygun fiyat avantajlar\u0131na sahiptir. M\u00fckemmel bir <a href=\"https:\/\/tianhuipackingmachine.com\/granule-packing-machines\/\" target=\"_blank\" rel=\"noopener\">pirin\u00e7 paketleme \u00e7\u00f6z\u00fcm\u00fc<\/a> ar\u0131yor musunuz? Daha faydal\u0131 ayr\u0131nt\u0131lar i\u00e7in bizimle ileti\u015fime ge\u00e7in. <\/p>","protected":false},"excerpt":{"rendered":"<p>Rice packing machine is used for rice packaging automatically and efficiently. It is a kind of rice bag filling sealing machine. The rice packaging machine can complete the function of quantitative weighing, efficient filling, and accurate sealing. It is suitable for packaging rice products ranging from 5kg to 50kg. And 5kg, 25kg, and 50kg rice [&hellip;]<\/p>\n","protected":false},"author":1,"featured_media":113,"parent":0,"template":"","tags":[16,13],"product-type":[],"class_list":["post-38","product","type-product","status-publish","has-post-thumbnail","hentry","tag-rice-processing","tag-rice-processing-machine"],"_links":{"self":[{"href":"https:\/\/cnricemill.com\/tr\/wp-json\/wp\/v2\/product\/38","targetHints":{"allow":["GET"]}}],"collection":[{"href":"https:\/\/cnricemill.com\/tr\/wp-json\/wp\/v2\/product"}],"about":[{"href":"https:\/\/cnricemill.com\/tr\/wp-json\/wp\/v2\/types\/product"}],"author":[{"embeddable":true,"href":"https:\/\/cnricemill.com\/tr\/wp-json\/wp\/v2\/users\/1"}],"wp:featuredmedia":[{"embeddable":true,"href":"https:\/\/cnricemill.com\/tr\/wp-json\/wp\/v2\/media\/113"}],"wp:attachment":[{"href":"https:\/\/cnricemill.com\/tr\/wp-json\/wp\/v2\/media?parent=38"}],"wp:term":[{"taxonomy":"post_tag","embeddable":true,"href":"https:\/\/cnricemill.com\/tr\/wp-json\/wp\/v2\/tags?post=38"},{"taxonomy":"product-type","embeddable":true,"href":"https:\/\/cnricemill.com\/tr\/wp-json\/wp\/v2\/product-type?post=38"}],"curies":[{"name":"wp","href":"https:\/\/api.w.org\/{rel}","templated":true}]}}