{"id":284,"date":"2024-02-29T18:02:47","date_gmt":"2024-02-29T10:02:47","guid":{"rendered":"https:\/\/cnricemill.com\/?post_type=product&#038;p=284"},"modified":"2024-12-23T11:34:22","modified_gmt":"2024-12-23T03:34:22","slug":"40tpd-automatic-rice-mill-plant","status":"publish","type":"product","link":"https:\/\/cnricemill.com\/tr\/product\/40tpd-automatic-rice-mill-plant\/","title":{"rendered":"40TPD Otomatik Pirin\u00e7 De\u011firmeni Tesisi"},"content":{"rendered":"<p class=\"translation-block\">Bu 40tpd <strong>otomatik pirin\u00e7 de\u011firmen tesisi<\/strong>, pirin\u00e7 pirinci gibi tah\u0131l ham maddelerini y\u00fcksek kaliteli yenilebilir beyaz pirince d\u00f6n\u00fc\u015ft\u00fcrmek i\u00e7in tasarlanm\u0131\u015ft\u0131r ve g\u00fcnl\u00fck kapasitesi 40 tondur. Bu t\u00fcr pirin\u00e7 de\u011firmen tesisi y\u00fcksek verimlilik, enerji tasarrufu ve otomasyon \u00f6zelliklerine sahiptir.<\/p>    <p>Modern pirin\u00e7 de\u011firmen tesisimiz, 2 veya 3 pirin\u00e7 de\u011firmeni gibi farkl\u0131 konfig\u00fcrasyonlara sahiptir, ihtiya\u00e7lar\u0131n\u0131za g\u00f6re. \u0130lginiz varsa, daha fazla makine detay\u0131 i\u00e7in benimle ileti\u015fime ge\u00e7in!<\/p>    <h2 class=\"wp-block-heading\"><strong>40tpd otomatik pirin\u00e7 de\u011firmen tesislerinin \u00e7oklu konfig\u00fcrasyonlar\u0131<\/strong><\/h2>    <h3 class=\"wp-block-heading\"><strong>Konfig\u00fcrasyon 1: 3 pirin\u00e7 de\u011firmeni ve pirin\u00e7 ay\u0131r\u0131c\u0131 veya renk ay\u0131r\u0131c\u0131 ile pirin\u00e7 de\u011firmen makinesi<\/strong><\/h3>    <p>Bu kombinasyon, temizleyici, ta\u015f ay\u0131r\u0131c\u0131, pirin\u00e7 kabu\u011fu k\u0131r\u0131c\u0131, yer\u00e7ekimli pirin\u00e7 ay\u0131r\u0131c\u0131, 3 pirin\u00e7 de\u011firmeni ve pirin\u00e7 ay\u0131r\u0131c\u0131 veya renk ay\u0131r\u0131c\u0131dan olu\u015fur. Bu, pirin\u00e7 de\u011firmen i\u015flemini daha otomatik ve kullan\u0131\u015fl\u0131 hale getirir.<\/p>    <figure class=\"wp-block-gallery aligncenter has-nested-images columns-default is-cropped wp-block-gallery-2 is-layout-flex wp-block-gallery-is-layout-flex\"> <figure class=\"wp-block-image size-large\"><img loading=\"lazy\" decoding=\"async\" width=\"720\" height=\"540\" data-id=\"289\" src=\"https:\/\/cnricemill.com\/wp-content\/uploads\/2024\/02\/rice-mill-plant-with-rice-grader.webp\" alt=\"pirin\u00e7 ay\u0131r\u0131c\u0131 ile pirin\u00e7 de\u011firmen tesisi\" class=\"wp-image-289\" srcset=\"https:\/\/cnricemill.com\/wp-content\/uploads\/2024\/02\/rice-mill-plant-with-rice-grader.webp 720w, https:\/\/cnricemill.com\/wp-content\/uploads\/2024\/02\/rice-mill-plant-with-rice-grader-300x225.webp 300w\" sizes=\"auto, (max-width: 720px) 100vw, 720px\" \/><figcaption class=\"wp-element-caption\">pirin\u00e7 ay\u0131r\u0131c\u0131 ile pirin\u00e7 de\u011firmen tesisi<\/figcaption><\/figure>    <figure class=\"wp-block-image size-large\"><img loading=\"lazy\" decoding=\"async\" width=\"720\" height=\"540\" data-id=\"290\" src=\"https:\/\/cnricemill.com\/wp-content\/uploads\/2024\/02\/rice-milling-plant-wih-color-sorter.webp\" alt=\"Renk ay\u0131r\u0131c\u0131 ile pirin\u00e7 de\u011firmen\" class=\"wp-image-290\" srcset=\"https:\/\/cnricemill.com\/wp-content\/uploads\/2024\/02\/rice-milling-plant-wih-color-sorter.webp 720w, https:\/\/cnricemill.com\/wp-content\/uploads\/2024\/02\/rice-milling-plant-wih-color-sorter-300x225.webp 300w\" sizes=\"auto, (max-width: 720px) 100vw, 720px\" \/><figcaption class=\"wp-element-caption\">Renk ay\u0131r\u0131c\u0131 ile pirin\u00e7 de\u011firmen<\/figcaption><\/figure> <\/figure>    <h3 class=\"wp-block-heading\"><strong>Konfig\u00fcrasyon 2: 3 pirin\u00e7 de\u011firmeni, pirin\u00e7 ay\u0131r\u0131c\u0131 ve parlat\u0131c\u0131 ve renk ay\u0131r\u0131c\u0131 ile pirin\u00e7 i\u015fleme tesisi<\/strong><\/h3>    <p>Konfig\u00fcrasyon 1'e ek olarak daha fazla fonksiyon eklenir. Pirin\u00e7 ay\u0131r\u0131c\u0131, parlat\u0131c\u0131 ve renk ay\u0131r\u0131c\u0131 birlikte \u00e7al\u0131\u015farak daha iyi ve beyaz yenilebilir pirin\u00e7 \u00fcretimini sa\u011flar.<\/p>    <figure class=\"wp-block-gallery aligncenter has-nested-images columns-default is-cropped wp-block-gallery-3 is-layout-flex wp-block-gallery-is-layout-flex\"> <figure class=\"wp-block-image size-large\"><img loading=\"lazy\" decoding=\"async\" width=\"720\" height=\"540\" data-id=\"291\" src=\"https:\/\/cnricemill.com\/wp-content\/uploads\/2024\/02\/automatic-rice-mill-plant-with-rice-grader-polisher-and-color-sorter.webp\" alt=\"Renk ay\u0131r\u0131c\u0131, parlat\u0131c\u0131 ve renk ay\u0131r\u0131c\u0131 ile otomatik pirin\u00e7 de\u011firmen tesisi\" class=\"wp-image-291\" srcset=\"https:\/\/cnricemill.com\/wp-content\/uploads\/2024\/02\/automatic-rice-mill-plant-with-rice-grader-polisher-and-color-sorter.webp 720w, https:\/\/cnricemill.com\/wp-content\/uploads\/2024\/02\/automatic-rice-mill-plant-with-rice-grader-polisher-and-color-sorter-300x225.webp 300w\" sizes=\"auto, (max-width: 720px) 100vw, 720px\" \/><figcaption class=\"wp-element-caption\">Renk ay\u0131r\u0131c\u0131, parlat\u0131c\u0131 ve renk ay\u0131r\u0131c\u0131 ile otomatik pirin\u00e7 de\u011firmen tesisi<\/figcaption><\/figure>    <figure class=\"wp-block-image size-large\"><img loading=\"lazy\" decoding=\"async\" width=\"720\" height=\"540\" data-id=\"292\" src=\"https:\/\/cnricemill.com\/wp-content\/uploads\/2024\/02\/combined-rice-mill-with-3-millers.webp\" alt=\"3 de\u011firmenli birle\u015fik pirin\u00e7 de\u011firmeni\" class=\"wp-image-292\" srcset=\"https:\/\/cnricemill.com\/wp-content\/uploads\/2024\/02\/combined-rice-mill-with-3-millers.webp 720w, https:\/\/cnricemill.com\/wp-content\/uploads\/2024\/02\/combined-rice-mill-with-3-millers-300x225.webp 300w\" sizes=\"auto, (max-width: 720px) 100vw, 720px\" \/><figcaption class=\"wp-element-caption\">3 de\u011firmenli birle\u015fik pirin\u00e7 de\u011firmeni<\/figcaption><\/figure> <\/figure>    <h3 class=\"wp-block-heading\"><strong>Konfig\u00fcrasyon 3: 3 pirin\u00e7 de\u011firmeni, pirin\u00e7 ay\u0131r\u0131c\u0131 ve depolama haznesi, parlat\u0131c\u0131 ve renk ay\u0131r\u0131c\u0131 ile pirin\u00e7 de\u011firmen hatt\u0131<\/strong><\/h3>    <p>Konfig\u00fcrasyon 2'ye dayanarak, bu model pirin\u00e7 i\u015fleme s\u0131ras\u0131nda depolama haznesi ekler, bu da pirin\u00e7 de\u011firmen i\u015flemi s\u0131ras\u0131nda daha etkilidir.<\/p>    <figure class=\"wp-block-gallery aligncenter has-nested-images columns-default is-cropped wp-block-gallery-4 is-layout-flex wp-block-gallery-is-layout-flex\"> <figure class=\"wp-block-image size-large\"><img loading=\"lazy\" decoding=\"async\" width=\"720\" height=\"540\" data-id=\"293\" src=\"https:\/\/cnricemill.com\/wp-content\/uploads\/2024\/02\/automatic-rice-mill-plant-machinery.webp\" alt=\"otomatik pirin\u00e7 de\u011firmen makinesi\" class=\"wp-image-293\" srcset=\"https:\/\/cnricemill.com\/wp-content\/uploads\/2024\/02\/automatic-rice-mill-plant-machinery.webp 720w, https:\/\/cnricemill.com\/wp-content\/uploads\/2024\/02\/automatic-rice-mill-plant-machinery-300x225.webp 300w\" sizes=\"auto, (max-width: 720px) 100vw, 720px\" \/><figcaption class=\"wp-element-caption\">otomatik pirin\u00e7 de\u011firmen makinesi<\/figcaption><\/figure>    <figure class=\"wp-block-image size-large\"><img loading=\"lazy\" decoding=\"async\" width=\"720\" height=\"540\" data-id=\"294\" src=\"https:\/\/cnricemill.com\/wp-content\/uploads\/2024\/02\/complete-rice-milling-plant-equipment.webp\" alt=\"Tam pirin\u00e7 de\u011firmen tesisi ekipmanlar\u0131\" class=\"wp-image-294\" srcset=\"https:\/\/cnricemill.com\/wp-content\/uploads\/2024\/02\/complete-rice-milling-plant-equipment.webp 720w, https:\/\/cnricemill.com\/wp-content\/uploads\/2024\/02\/complete-rice-milling-plant-equipment-300x225.webp 300w\" sizes=\"auto, (max-width: 720px) 100vw, 720px\" \/><figcaption class=\"wp-element-caption\">Tam pirin\u00e7 de\u011firmen tesisi ekipmanlar\u0131<\/figcaption><\/figure> <\/figure>    <h2 class=\"wp-block-heading\"><strong>Otomatik pirin\u00e7 de\u011firmen tesisinin i\u015f ak\u0131\u015f\u0131<\/strong><\/h2>    <p class=\"translation-block\">40tpd pirin\u00e7 de\u011firmen i\u015fleme tesisinin i\u015f ak\u0131\u015f\u0131 genellikle <strong>ta\u015f ay\u0131rma, pirin\u00e7 kabu\u011fu k\u0131rma, pirin\u00e7 de\u011firmen (2 veya 3 de\u011firmen), s\u0131n\u0131fland\u0131rma <\/strong>ve <strong>renk ay\u0131rma<\/strong> i\u00e7erir.<\/p>   <div class=\"wp-block-image\"> <figure class=\"aligncenter size-full\"><img loading=\"lazy\" decoding=\"async\" width=\"720\" height=\"540\" src=\"https:\/\/cnricemill.com\/wp-content\/uploads\/2024\/02\/list-of-machines-used-in-rice-mill.webp\" alt=\"Kullan\u0131lan makinelerin listesi\" class=\"wp-image-286\" srcset=\"https:\/\/cnricemill.com\/wp-content\/uploads\/2024\/02\/list-of-machines-used-in-rice-mill.webp 720w, https:\/\/cnricemill.com\/wp-content\/uploads\/2024\/02\/list-of-machines-used-in-rice-mill-300x225.webp 300w\" sizes=\"auto, (max-width: 720px) 100vw, 720px\" \/><figcaption class=\"wp-element-caption\">Kullan\u0131lan makinelerin listesi<\/figcaption><\/figure> <\/div>   <ul class=\"wp-block-list\"> <li>\u0130lk olarak, ham maddeler ta\u015flardan ar\u0131nd\u0131r\u0131l\u0131r, kirleticiler giderilir;<\/li>    <li>Bundan sonra kabuklama i\u015flemi gelir, burada tah\u0131l temizlenir;<\/li>    <li>Daha sonra pirin\u00e7 de\u011firmen i\u015flemine ge\u00e7er, bu i\u015flem 2 veya 3 de\u011firmen i\u015flemi i\u00e7erebilir, b\u00f6ylece tah\u0131l tamamen \u00f6\u011f\u00fct\u00fcl\u00fcr;<\/li>    <li>Bundan sonra ay\u0131rma i\u015flemi gelir, burada \u00f6\u011f\u00fct\u00fclm\u00fc\u015f pirin\u00e7 farkl\u0131 kalite seviyelerine g\u00f6re s\u0131n\u0131fland\u0131r\u0131l\u0131r;<\/li>    <li>Son olarak, renk ay\u0131rma i\u015flemi, renk ay\u0131r\u0131c\u0131 makineler kullan\u0131larak pirin\u00e7 tanelerini kontrol eder, rastgele renkleri ve d\u00fc\u015f\u00fck kaliteli \u00fcr\u00fcnleri ay\u0131klar ve y\u00fcksek kaliteli bitmi\u015f pirin\u00e7 elde edilir.<\/li> <\/ul>    <p>T\u00fcm i\u015f ak\u0131\u015f\u0131 y\u00fcksek otomasyon seviyesine sahiptir, bu da \u00fcretim verimlili\u011fini ve \u00fcr\u00fcn kalitesini art\u0131rabilir.<\/p>    <h2 class=\"wp-block-heading\"><strong>Pirincin tesis d\u00fczeni<\/strong><\/h2>    <p>Uygun bir tesis d\u00fczeni, alan kullan\u0131m\u0131n\u0131 en \u00fcst d\u00fczeye \u00e7\u0131karabilir ve verimlili\u011fi art\u0131rabilir. Tipik bir pirin\u00e7 i\u015fleme tesisinin d\u00fczeni genellikle ham madde depolama alan\u0131, temizlik alan\u0131, \u00f6\u011f\u00fctme alan\u0131, ambalaj alan\u0131 ve benzerlerini i\u00e7erir.<\/p>    <ul class=\"wp-block-list\"> <li><strong>HAMMADDE DEPOLAMA ALANI<\/strong>: Genelde tesisin bir taraf\u0131nda, hammaddelerin depolanmas\u0131 ve ta\u015f\u0131nmas\u0131n\u0131 kolayla\u015ft\u0131rmak i\u00e7in bulunur.<\/li>    <li><strong>Temizlik alan\u0131<\/strong>: pirin\u00e7 ru\u011fu gibi Hammaddelerin temizlenmesi i\u00e7in kullan\u0131l\u0131r, safs\u0131zl\u0131klar ve istenmeyen par\u00e7ac\u0131klar giderilir.<\/li>    <li><strong>\u00d6\u011f\u00fctme alan\u0131<\/strong>: Pirin\u00e7 i\u015fleme merkezine, \u00f6\u011f\u00fctme \u00fcnitesi ve ilgili ekipmanlar\u0131 i\u00e7eren, pirinci padi'den pirince d\u00f6n\u00fc\u015ft\u00fcrmek i\u00e7in kullan\u0131lan ana aland\u0131r.<\/li>    <li><strong>Ambalaj alan\u0131<\/strong>: \u0130\u015flenen pirin\u00e7leri ta\u015f\u0131mak ve sat\u0131\u015fa sunmak i\u00e7in paketlemek ve kaps\u00fcllenmek \u00fczere kullan\u0131l\u0131r.<\/li> <\/ul>    <h2 class=\"wp-block-heading\"><strong>Tam pirin\u00e7 de\u011firmen tesisinin montaj \u00e7izimleri<\/strong><\/h2>    <p>Makine sat\u0131n ald\u0131ktan sonra, kurulum planlar\u0131 ve \u00e7izimleri sa\u011flayaca\u011f\u0131z ve gerekirse m\u00fchendislerimizi sahaya g\u00f6ndererek yard\u0131m edece\u011fiz.<\/p>   <div class=\"wp-block-image\"> <figure class=\"aligncenter size-large\"><img loading=\"lazy\" decoding=\"async\" width=\"1024\" height=\"585\" src=\"https:\/\/cnricemill.com\/wp-content\/uploads\/2024\/02\/installation-drawing-of-automatic-rice-mill-plant-machine-1024x585.webp\" alt=\"Otomatik pirin\u00e7 de\u011firmen makinesinin montaj \u00e7izimi\" class=\"wp-image-295\" srcset=\"https:\/\/cnricemill.com\/wp-content\/uploads\/2024\/02\/installation-drawing-of-automatic-rice-mill-plant-machine-1024x585.webp 1024w, https:\/\/cnricemill.com\/wp-content\/uploads\/2024\/02\/installation-drawing-of-automatic-rice-mill-plant-machine-300x171.webp 300w, https:\/\/cnricemill.com\/wp-content\/uploads\/2024\/02\/installation-drawing-of-automatic-rice-mill-plant-machine-768x439.webp 768w, https:\/\/cnricemill.com\/wp-content\/uploads\/2024\/02\/installation-drawing-of-automatic-rice-mill-plant-machine.webp 1400w\" sizes=\"auto, (max-width: 1024px) 100vw, 1024px\" \/><figcaption class=\"wp-element-caption\">Otomatik pirin\u00e7 de\u011firmen makinesinin montaj \u00e7izimi<\/figcaption><\/figure> <\/div>   <h2 class=\"wp-block-heading\"><strong>Ticari pirin\u00e7 de\u011firmen makinesinin g\u00fc\u00e7l\u00fc y\u00f6nleri&nbsp;<\/strong><\/h2>    <ul class=\"wp-block-list\"> <li><strong>Y\u00fcksek verimlilik<\/strong>: makine, verimlili\u011fi art\u0131rmak i\u00e7in pirin\u00e7leri h\u0131zla i\u015fleyebilir;<\/li>    <li><strong>Enerji verimlili\u011fi<\/strong>: makine tasar\u0131m\u0131nda geli\u015fmi\u015f enerji tasarrufu teknolojilerinin kullan\u0131lmas\u0131yla enerji t\u00fcketimini azalt\u0131r;<\/li>    <li><strong>Kullan\u0131m ve bak\u0131m kolayl\u0131\u011f\u0131<\/strong>: operat\u00f6rlerin makineyi \u00e7al\u0131\u015ft\u0131rmas\u0131n\u0131 ve bak\u0131m\u0131n\u0131 kolayla\u015ft\u0131r\u0131r, i\u015f\u00e7ilik maliyetlerini d\u00fc\u015f\u00fcr\u00fcr;<\/li>    <li><strong>G\u00fc\u00e7l\u00fc uyum yetene\u011fi<\/strong>: makine farkl\u0131 t\u00fcr ve kalitelerde pirin\u00e7lere uyum sa\u011flayabilir, b\u00f6ylece i\u015flenen \u00fcr\u00fcnlerin kalitesi tutarl\u0131 olur.<\/li> <\/ul>    <h2 class=\"wp-block-heading\"><strong>Tam otomatik pirin\u00e7 de\u011firmeni tesisi maliyeti ne kadar?<\/strong><\/h2>    <p>Tam otomatik pirin\u00e7 i\u015fleme tesisinin maliyeti, \u00fcretim \u00f6l\u00e7e\u011fi, ekipman konfig\u00fcrasyonu ve teknoloji seviyesi gibi \u00e7e\u015fitli fakt\u00f6rlere ba\u011fl\u0131 olarak de\u011fi\u015fir.<\/p>    <p>Genel olarak, tamamen otomatik pirin\u00e7 i\u015fleme tesisi daha maliyetlidir, ancak manuel i\u015fletilen bir tesise k\u0131yasla daha y\u00fcksek uzun vadeli fayda ve verimlilik sa\u011flar.<\/p>    <p>Tam otomatik pirin\u00e7 de\u011firmen tesisinin maliyeti genellikle ekipman sat\u0131n alma maliyeti, kurulum ve devreye alma maliyeti ve tesis in\u015faat maliyetini i\u00e7erir. Farkl\u0131 ihtiya\u00e7lar ve b\u00fct\u00e7elere ba\u011fl\u0131 olarak, tam otomatik pirin\u00e7 i\u015fleme tesisinin maliyeti de\u011fi\u015febilir ve durum baz\u0131nda de\u011ferlendirilip hesaplanmal\u0131d\u0131r.<\/p>   <div class=\"wp-block-image\"> <figure class=\"aligncenter size-full\"><img loading=\"lazy\" decoding=\"async\" width=\"720\" height=\"540\" src=\"https:\/\/cnricemill.com\/wp-content\/uploads\/2024\/02\/rice-mill-plant-cost.webp\" alt=\"pirin\u00e7 de\u011firmen tesisi maliyeti\" class=\"wp-image-297\" srcset=\"https:\/\/cnricemill.com\/wp-content\/uploads\/2024\/02\/rice-mill-plant-cost.webp 720w, https:\/\/cnricemill.com\/wp-content\/uploads\/2024\/02\/rice-mill-plant-cost-300x225.webp 300w\" sizes=\"auto, (max-width: 720px) 100vw, 720px\" \/><figcaption class=\"wp-element-caption\">pirin\u00e7 de\u011firmen tesisi maliyeti<\/figcaption><\/figure> <\/div>   <p>Daha fazla detay istiyorsan\u0131z, l\u00fctfen bizimle ileti\u015fime ge\u00e7in, makine detaylar\u0131 ve fiyatlar i\u00e7in!<\/p>    <h2 class=\"wp-block-heading\"><strong>\u015eimdi pirin\u00e7 \u00f6\u011f\u00fctme tesisi makine fiyat\u0131 i\u00e7in soru\u015fturma yap\u0131n!<\/strong><\/h2>    <p class=\"translation-block\">\u015eimdi teklif isteyin, pirin\u00e7 i\u015fleme makinesi fiyat\u0131n\u0131 al\u0131n! Y\u00fcksek kaliteli ve verimli ekipmanlar (15tpd  mini pirin\u00e7 de\u011firmen tesisi , 25tpd pirin\u00e7 de\u011firmen tesisi, 60tpd pirin\u00e7 de\u011firmen vb.) sunuyoruz. Pirin\u00e7 i\u015fleme ihtiya\u00e7lar\u0131n\u0131z i\u00e7in m\u00fc\u015fteri hizmetleri ekibimizle ileti\u015fime ge\u00e7in!<\/p>","protected":false},"excerpt":{"rendered":"<p>This 40tpd automatic rice mill plant is to process grain raw materials such as paddy rice into high-quality edible white rice with a capacity of 40 tons per day. This kind of rice milling plant features high efficiency, energy saving and automation. Our modern rice mill plant has different configurations, such as 2 rice millers [&hellip;]<\/p>\n","protected":false},"author":1,"featured_media":285,"parent":0,"template":"","tags":[14,15],"product-type":[5],"class_list":["post-284","product","type-product","status-publish","has-post-thumbnail","hentry","tag-rice","tag-rice-milling","product-type-rice-mill-plant"],"_links":{"self":[{"href":"https:\/\/cnricemill.com\/tr\/wp-json\/wp\/v2\/product\/284","targetHints":{"allow":["GET"]}}],"collection":[{"href":"https:\/\/cnricemill.com\/tr\/wp-json\/wp\/v2\/product"}],"about":[{"href":"https:\/\/cnricemill.com\/tr\/wp-json\/wp\/v2\/types\/product"}],"author":[{"embeddable":true,"href":"https:\/\/cnricemill.com\/tr\/wp-json\/wp\/v2\/users\/1"}],"wp:featuredmedia":[{"embeddable":true,"href":"https:\/\/cnricemill.com\/tr\/wp-json\/wp\/v2\/media\/285"}],"wp:attachment":[{"href":"https:\/\/cnricemill.com\/tr\/wp-json\/wp\/v2\/media?parent=284"}],"wp:term":[{"taxonomy":"post_tag","embeddable":true,"href":"https:\/\/cnricemill.com\/tr\/wp-json\/wp\/v2\/tags?post=284"},{"taxonomy":"product-type","embeddable":true,"href":"https:\/\/cnricemill.com\/tr\/wp-json\/wp\/v2\/product-type?post=284"}],"curies":[{"name":"wp","href":"https:\/\/api.w.org\/{rel}","templated":true}]}}