{"id":275,"date":"2024-02-23T16:12:22","date_gmt":"2024-02-23T08:12:22","guid":{"rendered":"https:\/\/cnricemill.com\/?post_type=product&#038;p=275"},"modified":"2024-12-23T11:34:06","modified_gmt":"2024-12-23T03:34:06","slug":"30tpd-rice-milling-plant-for-sale","status":"publish","type":"product","link":"https:\/\/cnricemill.com\/tr\/product\/30tpd-rice-milling-plant-for-sale\/","title":{"rendered":"30TPD Pirin\u00e7 \u00d6\u011f\u00fctme Tesisi Sat\u0131\u015fta"},"content":{"rendered":"<p class=\"translation-block\">Taizy 30TPD (g\u00fcnde 30 ton) <strong>pirin\u00e7 de\u011firmeni<\/strong>, orta ve b\u00fcy\u00fck \u00f6l\u00e7ekli pirin\u00e7 i\u015fleme tesislerinin ihtiya\u00e7lar\u0131n\u0131 kar\u015f\u0131lamak \u00fczere tasarlanm\u0131\u015f entegre bir ekipmand\u0131r. Bu birle\u015fik pirin\u00e7 de\u011firmeni, geli\u015fmi\u015f teknoloji ve y\u00fcksek kaliteli malzemelerle \u00fcretilmi\u015f olup, pirin\u00e7 temizlemeden pirin\u00e7 bitimine kadar t\u00fcm otomasyon i\u015flemini ger\u00e7ekle\u015ftirmeye adanm\u0131\u015ft\u0131r.<\/p>    <h2 class=\"wp-block-heading\"><strong>Bile\u015fik pirin\u00e7 de\u011firmen makinesinin bile\u015fenleri<\/strong><\/h2>    <ul class=\"wp-block-list\"> <li><strong>Temizlik b\u00f6l\u00fcm\u00fc<\/strong>: titre\u015fimli ekran, manyetik ay\u0131r\u0131c\u0131 ve hava ay\u0131r\u0131c\u0131 gibi, hammaddelerden kirleri uzakla\u015ft\u0131rmak i\u00e7in kullan\u0131l\u0131r.<\/li>    <li><strong>Kabuk ay\u0131rma ve ay\u0131rma a\u015famas\u0131<\/strong>: kabuk ay\u0131r\u0131c\u0131 ve tane ile kahverengi ay\u0131r\u0131c\u0131 elek ile donat\u0131lm\u0131\u015f, pirin\u00e7 kabu\u011funu etkili \u015fekilde soyup saf kahverengi pirinci ay\u0131r\u0131r.<\/li>    <li><strong>Beyaz parlatma sistemi<\/strong>: pirincin beyaz ve ince olmas\u0131 i\u00e7in \u00e7ok a\u015famal\u0131 pirin\u00e7 \u00f6\u011f\u00fctme makinesi ve parlatma makinesinden olu\u015fur.<\/li>    <li><strong>S\u0131n\u0131fland\u0131rma ve tarama b\u00f6l\u00fcm\u00fc<\/strong>: pirincin tutarl\u0131 \u00fcr\u00fcn kalitesini sa\u011flamak i\u00e7in hassas s\u0131n\u0131fland\u0131rma elekleri kullan\u0131r.<\/li>    <li><strong>Renk ay\u0131klama ve paketleme<\/strong>: renk ay\u0131klama ve paketleme makinesi, yabanc\u0131 renk par\u00e7ac\u0131klar\u0131n\u0131 reddeder ve standartla\u015ft\u0131r\u0131lm\u0131\u015f kantitatif paketleme yapar.<\/li> <\/ul>   <div class=\"wp-block-image\"> <figure class=\"aligncenter size-full\"><img loading=\"lazy\" decoding=\"async\" width=\"720\" height=\"540\" src=\"https:\/\/cnricemill.com\/wp-content\/uploads\/2024\/02\/united-rice-mill-for-sale.webp\" alt=\"Sat\u0131l\u0131k birle\u015fik pirin\u00e7 de\u011firmeni\" class=\"wp-image-276\" srcset=\"https:\/\/cnricemill.com\/wp-content\/uploads\/2024\/02\/united-rice-mill-for-sale.webp 720w, https:\/\/cnricemill.com\/wp-content\/uploads\/2024\/02\/united-rice-mill-for-sale-300x225.webp 300w\" sizes=\"auto, (max-width: 720px) 100vw, 720px\" \/><figcaption class=\"wp-element-caption\">Sat\u0131l\u0131k birle\u015fik pirin\u00e7 de\u011firmeni<\/figcaption><\/figure> <\/div>   <h2 class=\"wp-block-heading\"><strong>30tpd pirin\u00e7 de\u011firmenin \u00e7al\u0131\u015fma prensibi<\/strong><\/h2>    <p>30TPD pirin\u00e7 de\u011firmen \u00fcnitesi, \u201c\u00f6nce temizleme, sonra \u00f6\u011f\u00fctme, ad\u0131m ad\u0131m i\u015fleme\u201d ilkesini takip eder ve fiziksel y\u00f6ntemlerle kabuklar\u0131, derileri ve pirinci parlat\u0131r, modern teknolojinin yard\u0131m\u0131yla \u00fcr\u00fcn kalitesini art\u0131r\u0131r, \u00f6rne\u011fin fotoelektrik tespit teknolojisi. <\/p>   <div class=\"wp-block-image\"> <figure class=\"aligncenter size-full\"><img loading=\"lazy\" decoding=\"async\" width=\"1000\" height=\"540\" src=\"https:\/\/cnricemill.com\/wp-content\/uploads\/2024\/02\/rice-milling-plant-successfully-assembled-in-factory.webp\" alt=\"Fabrika i\u00e7inde ba\u015far\u0131yla monte edilen pirin\u00e7 \u00f6\u011f\u00fctme tesisi\" class=\"wp-image-277\" srcset=\"https:\/\/cnricemill.com\/wp-content\/uploads\/2024\/02\/rice-milling-plant-successfully-assembled-in-factory.webp 1000w, https:\/\/cnricemill.com\/wp-content\/uploads\/2024\/02\/rice-milling-plant-successfully-assembled-in-factory-300x162.webp 300w, https:\/\/cnricemill.com\/wp-content\/uploads\/2024\/02\/rice-milling-plant-successfully-assembled-in-factory-768x415.webp 768w\" sizes=\"auto, (max-width: 1000px) 100vw, 1000px\" \/><figcaption class=\"wp-element-caption\">Fabrika i\u00e7inde ba\u015far\u0131yla monte edilen pirin\u00e7 \u00f6\u011f\u00fctme tesisi<\/figcaption><\/figure> <\/div>   <p>T\u00fcm s\u00fcre\u00e7 bilimsel ve makul olup, pirin\u00e7 besin de\u011ferlerinin korunmas\u0131n\u0131 maksimize eder ve enerji t\u00fcketimi ile kayb\u0131n\u0131 azalt\u0131r.<\/p>    <h2 class=\"wp-block-heading\"><strong>30tpd tam pirin\u00e7 \u00f6\u011f\u00fctme makinesinin g\u00fc\u00e7l\u00fc y\u00f6nleri<\/strong><\/h2>    <ul class=\"wp-block-list\"> <li><strong>Y\u00fcksek kapasite<\/strong>: g\u00fcnl\u00fck i\u015fleme kapasitesi 30 tona kadar olup, b\u00fcy\u00fck \u00f6l\u00e7ekli \u00fcretim talebine uyum sa\u011flar.<\/li>    <li><strong>Y\u00fcksek verimlilik<\/strong>: entegre tasar\u0131m, ara ba\u011flant\u0131lar\u0131 azalt\u0131r, \u00fcretim verimlili\u011fini art\u0131r\u0131r.<\/li>    <li><strong>D\u00fc\u015f\u00fck kay\u0131p<\/strong>: geli\u015fmi\u015f proses kontrol\u00fc, paddy kayb\u0131n\u0131 azalt\u0131r, ekonomik verimlili\u011fi art\u0131r\u0131r.<\/li>    <li><strong>\u00c7evre koruma ve enerji tasarrufu<\/strong>: g\u00fc\u00e7 konfig\u00fcrasyonunu optimize et, enerji t\u00fcketimini azalt, ye\u015fil \u00fcretim gereksinimleriyle uyumlu.<\/li>    <li><strong>M\u00fckemmel kalite<\/strong>: pirincin \u00e7\u0131k\u0131\u015f\u0131 istikrarl\u0131 kalitede, iyi renk ve tada sahip olup, piyasa taraf\u0131ndan y\u00fcksek takdir g\u00f6rmektedir.<\/li> <\/ul>    <h2 class=\"wp-block-heading\"><strong>Pirincin montaj \u00e7izimi ve teknik destek<\/strong><\/h2>    <p>Taizy, 30TPD pirin\u00e7 de\u011firmeninin detayl\u0131 montaj \u00e7izimlerini ve profesyonel yerinde destek hizmetlerini sa\u011flar, b\u00f6ylece ekipman\u0131n kurulum ve devreye al\u0131nmas\u0131n\u0131 h\u0131zl\u0131 ve do\u011fru \u015fekilde tamamlayabilirsiniz. <\/p>   <div class=\"wp-block-image\"> <figure class=\"aligncenter size-large\"><img loading=\"lazy\" decoding=\"async\" width=\"1024\" height=\"585\" src=\"https:\/\/cnricemill.com\/wp-content\/uploads\/2024\/02\/complete-rice-milling-plant-installation-without-steel-frame-1024x585.webp\" alt=\"\u00c7elik iskelet olmadan tam pirin\u00e7 \u00f6\u011f\u00fctme tesisi kurulumu\" class=\"wp-image-279\" srcset=\"https:\/\/cnricemill.com\/wp-content\/uploads\/2024\/02\/complete-rice-milling-plant-installation-without-steel-frame-1024x585.webp 1024w, https:\/\/cnricemill.com\/wp-content\/uploads\/2024\/02\/complete-rice-milling-plant-installation-without-steel-frame-300x171.webp 300w, https:\/\/cnricemill.com\/wp-content\/uploads\/2024\/02\/complete-rice-milling-plant-installation-without-steel-frame-768x439.webp 768w, https:\/\/cnricemill.com\/wp-content\/uploads\/2024\/02\/complete-rice-milling-plant-installation-without-steel-frame.webp 1400w\" sizes=\"auto, (max-width: 1024px) 100vw, 1024px\" \/><figcaption class=\"wp-element-caption\">\u00c7elik iskelet olmadan tam pirin\u00e7 \u00f6\u011f\u00fctme tesisi kurulumu<\/figcaption><\/figure> <\/div>  <div class=\"wp-block-image\"> <figure class=\"aligncenter size-large\"><img loading=\"lazy\" decoding=\"async\" width=\"1024\" height=\"622\" src=\"https:\/\/cnricemill.com\/wp-content\/uploads\/2024\/02\/rice-mill-machinery-installation-with-steel-frame-1024x622.webp\" alt=\"\u00c7elik iskeletli pirin\u00e7 de\u011firmen makineleri kurulumu\" class=\"wp-image-280\" srcset=\"https:\/\/cnricemill.com\/wp-content\/uploads\/2024\/02\/rice-mill-machinery-installation-with-steel-frame-1024x622.webp 1024w, https:\/\/cnricemill.com\/wp-content\/uploads\/2024\/02\/rice-mill-machinery-installation-with-steel-frame-300x182.webp 300w, https:\/\/cnricemill.com\/wp-content\/uploads\/2024\/02\/rice-mill-machinery-installation-with-steel-frame-768x466.webp 768w, https:\/\/cnricemill.com\/wp-content\/uploads\/2024\/02\/rice-mill-machinery-installation-with-steel-frame.webp 1400w\" sizes=\"auto, (max-width: 1024px) 100vw, 1024px\" \/><figcaption class=\"wp-element-caption\">\u00c7elik iskeletli pirin\u00e7 de\u011firmen makineleri kurulumu<\/figcaption><\/figure> <\/div>   <p>Ayr\u0131ca, \u00fcretim hatt\u0131 d\u00fczeni, ekipman bak\u0131m\u0131 e\u011fitimi ve benzeri konularda tam teknik dan\u0131\u015fmanl\u0131k ve destek sa\u011flamaya kararl\u0131y\u0131z.<\/p>    <h2 class=\"wp-block-heading\"><strong>Sat\u0131\u015fa y\u00f6nelik pirin\u00e7 de\u011firmen makineleri hakk\u0131nda hizmet<\/strong><\/h2>    <p class=\"translation-block\">Bir profesyonel birle\u015fik pirin\u00e7 de\u011firmeni \u00fcreticisi ve tedarik\u00e7isi olarak, sadece m\u00fckemmel <strong>sat\u0131\u015f \u00f6ncesi dan\u0131\u015fmanl\u0131k hizmeti, yerinde kurulum<\/strong> ve <strong>devreye alma hizmeti<\/strong> sunmakla kalmay\u0131p, ayn\u0131 zamanda <strong>uzun vadeli sat\u0131\u015f sonras\u0131 destek<\/strong> taahh\u00fct ederiz, bunlar aras\u0131nda <strong>yedek par\u00e7a temini, ar\u0131za bak\u0131m\u0131, y\u00fckseltme ve de\u011fi\u015ftirme program\u0131<\/strong> bulunmaktad\u0131r.<\/p>   <div class=\"wp-block-image\"> <figure class=\"aligncenter size-full\"><img loading=\"lazy\" decoding=\"async\" width=\"1000\" height=\"540\" src=\"https:\/\/cnricemill.com\/wp-content\/uploads\/2024\/02\/raw-rice-mill-plant-manufacturer.webp\" alt=\"Ham pirin\u00e7 de\u011firmeni \u00fcreticisi\" class=\"wp-image-278\" srcset=\"https:\/\/cnricemill.com\/wp-content\/uploads\/2024\/02\/raw-rice-mill-plant-manufacturer.webp 1000w, https:\/\/cnricemill.com\/wp-content\/uploads\/2024\/02\/raw-rice-mill-plant-manufacturer-300x162.webp 300w, https:\/\/cnricemill.com\/wp-content\/uploads\/2024\/02\/raw-rice-mill-plant-manufacturer-768x415.webp 768w\" sizes=\"auto, (max-width: 1000px) 100vw, 1000px\" \/><figcaption class=\"wp-element-caption\">Ham pirin\u00e7 de\u011firmeni \u00fcreticisi<\/figcaption><\/figure> <\/div>   <h2 class=\"wp-block-heading\"><strong>Taizy modern pirin\u00e7 de\u011firmeni vaka \u00f6rnekleri<\/strong><\/h2>    <p>Geli\u015fmekte olan piyasalarda veya geleneksel tar\u0131m b\u00f6lgelerinde, 30TPD pirin\u00e7 \u00f6\u011f\u00fctme tesisimiz y\u00fcksek verimlilik, y\u00fcksek kalite ve tam hizmet yelpazesi ile geni\u015f takdir toplam\u0131\u015f ve bir\u00e7ok pirin\u00e7 i\u015fleyicisinin i\u015flerini geli\u015ftirmesine yard\u0131mc\u0131 olmu\u015ftur. A\u015fa\u011f\u0131da birka\u00e7 tipik \u00f6rnek bulunmaktad\u0131r.<\/p>    <ol class=\"wp-block-list\"> <li><strong>G\u00fcneydo\u011fu Asya'da b\u00fcy\u00fck \u00f6l\u00e7ekli bir pirin\u00e7 i\u015fleme tesisi<\/strong>: 30TPD pirin\u00e7 \u00f6\u011f\u00fctme makinemizin tan\u0131t\u0131m\u0131ndan sonra, tesis sadece g\u00fcnl\u00fck i\u015fleme kapasitesini art\u0131rmakla kalmad\u0131, ayn\u0131 zamanda geli\u015fmi\u015f renk ay\u0131klama ve parlatma teknolojisiyle pirincin kalitesini \u00f6nemli \u00f6l\u00e7\u00fcde iyile\u015ftirdi. <\/li>    <li><strong>G\u00fcney Asya'da aile i\u015fletmesi olan pirin\u00e7 giri\u015fimi<\/strong>: Pirin\u00e7 \u00f6\u011f\u00fctme tesisimizi kullanmadan \u00f6nce, giri\u015fim kapasite ve teknik sorunlarla kar\u015f\u0131la\u015ft\u0131. 30TPD birimini kurup kullan\u0131ma ald\u0131ktan sonra, verimlili\u011fi \u00f6nemli \u00f6l\u00e7\u00fcde artt\u0131 ve i\u015fletme maliyetleri ayn\u0131 zamanda azald\u0131. <\/li>    <li><strong>Afrika'da h\u00fck\u00fcmet destekli bir tah\u0131l i\u015fleme projesi<\/strong>: Taizy&#8217;s 30TPD rice milling unit was adopted as the core production equipment for this project, effectively promoting the development of the local rice industry. The <a href=\"https:\/\/cnricemill.com\/tr\/product\/15tpd-complete-rice-mill-plant\/\">birle\u015fik pirin\u00e7 de\u011firmeni<\/a>&#8216;s high efficiency and energy saving features and stable output quality were well received by the local government and farmers, helping to realize the goal of food self-sufficiency.<\/li>    <li><strong>Latin Amerika'da bir kooperatif derne\u011fi<\/strong>: Birka\u00e7 k\u00fc\u00e7\u00fck kooperatif, modern pirin\u00e7 i\u015fleme hatt\u0131 kurmak i\u00e7in 30TPD kombine pirin\u00e7 de\u011firmenlerimizi ortak sat\u0131n ald\u0131. Birimin \u00fcst\u00fcn performans\u0131 ve \u00f6zelle\u015ftirilmi\u015f hizmet deste\u011fi sayesinde, kooperatif \u00fcyeleri kaynaklar\u0131 payla\u015fabildi, maliyetleri d\u00fc\u015f\u00fcrebildi, \u00fcr\u00fcn rekabet\u00e7ili\u011fini art\u0131rd\u0131 ve sat\u0131\u015f kanallar\u0131n\u0131 geni\u015fletti.<\/li> <\/ol>    <h2 class=\"wp-block-heading\"><strong>Daha fazla pirin\u00e7 de\u011firmeni detaylar\u0131 i\u00e7in bizimle ileti\u015fime ge\u00e7in!<\/strong><\/h2>    <p class=\"translation-block\">30TPD otomatik pirin\u00e7 de\u011firmeni hakk\u0131nda daha fazla bilgi i\u00e7in l\u00fctfen bizimle ileti\u015fime ge\u00e7in, profesyonel ekibimiz \u00f6zel ihtiya\u00e7lar\u0131n\u0131za g\u00f6re \u00f6zelle\u015ftirilmi\u015f \u00e7\u00f6z\u00fcmler ve rekabet\u00e7i fiyatlar sunacakt\u0131r (\u00f6rne\u011fin <a href=\"https:\/\/en.wikipedia.org\/wiki\/White_rice\" target=\"_blank\" rel=\"noopener\">beyaz pirin\u00e7<\/a> \u00fcretim kapasitesi, yap\u0131land\u0131rma vb). <\/p>    <p>Gelecekte pirin\u00e7 i\u015fleme end\u00fcstrisi i\u00e7in sizinle \u00e7al\u0131\u015fmay\u0131 d\u00f6rt g\u00f6zle bekliyoruz!<\/p>   <div class=\"wp-block-image\"> <figure class=\"aligncenter size-full\"><img loading=\"lazy\" decoding=\"async\" width=\"1000\" height=\"540\" src=\"https:\/\/cnricemill.com\/wp-content\/uploads\/2024\/02\/mini-rice-mill-price.webp\" alt=\"mini pirin\u00e7 de\u011firmeni fiyat\u0131\" class=\"wp-image-281\" srcset=\"https:\/\/cnricemill.com\/wp-content\/uploads\/2024\/02\/mini-rice-mill-price.webp 1000w, https:\/\/cnricemill.com\/wp-content\/uploads\/2024\/02\/mini-rice-mill-price-300x162.webp 300w, https:\/\/cnricemill.com\/wp-content\/uploads\/2024\/02\/mini-rice-mill-price-768x415.webp 768w\" sizes=\"auto, (max-width: 1000px) 100vw, 1000px\" \/><figcaption class=\"wp-element-caption\">mini pirin\u00e7 de\u011firmeni fiyat\u0131<\/figcaption><\/figure> <\/div>","protected":false},"excerpt":{"rendered":"<p>Taizy 30TPD (30 tons per day) rice milling plant is an integrated equipment designed to meet the needs of medium and large-scale rice processing plants. This united rice mill is manufactured with advanced technology and high-quality materials, and is dedicated to realizing the entire automated operation from paddy cleaning to rice finishing. Components of combined [&hellip;]<\/p>\n","protected":false},"author":1,"featured_media":283,"parent":0,"template":"","tags":[14,15],"product-type":[5],"class_list":["post-275","product","type-product","status-publish","has-post-thumbnail","hentry","tag-rice","tag-rice-milling","product-type-rice-mill-plant"],"_links":{"self":[{"href":"https:\/\/cnricemill.com\/tr\/wp-json\/wp\/v2\/product\/275","targetHints":{"allow":["GET"]}}],"collection":[{"href":"https:\/\/cnricemill.com\/tr\/wp-json\/wp\/v2\/product"}],"about":[{"href":"https:\/\/cnricemill.com\/tr\/wp-json\/wp\/v2\/types\/product"}],"author":[{"embeddable":true,"href":"https:\/\/cnricemill.com\/tr\/wp-json\/wp\/v2\/users\/1"}],"wp:featuredmedia":[{"embeddable":true,"href":"https:\/\/cnricemill.com\/tr\/wp-json\/wp\/v2\/media\/283"}],"wp:attachment":[{"href":"https:\/\/cnricemill.com\/tr\/wp-json\/wp\/v2\/media?parent=275"}],"wp:term":[{"taxonomy":"post_tag","embeddable":true,"href":"https:\/\/cnricemill.com\/tr\/wp-json\/wp\/v2\/tags?post=275"},{"taxonomy":"product-type","embeddable":true,"href":"https:\/\/cnricemill.com\/tr\/wp-json\/wp\/v2\/product-type?post=275"}],"curies":[{"name":"wp","href":"https:\/\/api.w.org\/{rel}","templated":true}]}}