{"id":24,"date":"2022-08-09T06:25:42","date_gmt":"2022-08-09T06:25:42","guid":{"rendered":"https:\/\/cnricemill.com\/?page_id=24"},"modified":"2025-11-05T10:36:23","modified_gmt":"2025-11-05T02:36:23","slug":"contact-us","status":"publish","type":"page","link":"https:\/\/cnricemill.com\/tr\/contact-us\/","title":{"rendered":"\u0130leti\u015fim"},"content":{"rendered":"<h2 class=\"wp-block-heading\">Daha fazla para kazanmak m\u0131 istiyorsunuz? \u015eimdi pirin\u00e7 i\u015fleme i\u015finize ba\u015flay\u0131n!<\/h2>    <p class=\"translation-block\">TAIZY Makine Co., Ltd \u00c7in'de \u00f6nde gelen <a href=\"https:\/\/cnricemill.com\/tr\/\">pirin\u00e7 i\u015fleme \u00e7\u00f6z\u00fcmleri tedarik\u00e7isi<\/a>dir. Ba\u011f\u0131ms\u0131z olarak \u00fcretim ve pazarlama ile entegre olmu\u015f durumday\u0131z. \u00dcr\u00fcnlerimiz rekabet\u00e7i fiyat ve garantili kalite ile tam bir pirin\u00e7 i\u015fleme makinesi yelpazesi kapsamaktad\u0131r. Ayr\u0131ca, \u00fcr\u00fcnlerimizin iyi performans\u0131n\u0131 ve h\u0131zl\u0131 teslimat\u0131n\u0131 sa\u011flamak i\u00e7in son derece yetkin personelimiz bulunmaktad\u0131r. Ve g\u00fc\u00e7l\u00fc standart ve \u00f6zel pirin\u00e7 i\u015fleme ekipmanlar\u0131m\u0131z mevcuttur. <\/p>    <p>G\u00fcvenilir bir pirin\u00e7 de\u011firmeni makinesi mi ar\u0131yorsunuz? Pirin\u00e7 projenizde size yard\u0131mc\u0131 olmaya haz\u0131r\u0131z. Ba\u015far\u0131l\u0131 yolculu\u011funuza ba\u015flamak i\u00e7in bizimle ileti\u015fime ge\u00e7in!<\/p>    <div class=\"wp-block-columns is-layout-flex wp-container-core-columns-is-layout-9d6595d7 wp-block-columns-is-layout-flex\"> <div class=\"wp-block-column is-layout-flow wp-block-column-is-layout-flow\"> <div class=\"wp-block-columns is-layout-flex wp-container-core-columns-is-layout-9d6595d7 wp-block-columns-is-layout-flex\"> <div class=\"wp-block-column is-layout-flow wp-block-column-is-layout-flow\"> <figure class=\"wp-block-image size-large\"><img decoding=\"async\" src=\"https:\/\/charcoalplant.com\/wp-content\/uploads\/2022\/03\/smartphone.png\" alt=\"\"\/><\/figure>    <p>+86 17703863868<\/p> <\/div>    <div class=\"wp-block-column is-layout-flow wp-block-column-is-layout-flow\"> <figure class=\"wp-block-image size-large\"><img decoding=\"async\" src=\"https:\/\/charcoalplant.com\/wp-content\/uploads\/2022\/03\/email.png\" alt=\"\"\/><\/figure>    <p><a href=\"mailto:info@cnricemill.com\">info@cnricemill.com<\/a><\/p> <\/div> <\/div> <\/div>    <div class=\"wp-block-column is-layout-flow wp-block-column-is-layout-flow\"> <div class=\"wp-block-columns is-layout-flex wp-container-core-columns-is-layout-9d6595d7 wp-block-columns-is-layout-flex\"> <div class=\"wp-block-column is-layout-flow wp-block-column-is-layout-flow\"> <figure class=\"wp-block-image size-large\"><img decoding=\"async\" src=\"https:\/\/charcoalplant.com\/wp-content\/uploads\/2022\/03\/whatsapp.png\" alt=\"\"\/><\/figure>    <p>+86 17703863868<\/p> <\/div>    <div class=\"wp-block-column is-layout-flow wp-block-column-is-layout-flow\"> <figure class=\"wp-block-image size-large\"><img decoding=\"async\" src=\"https:\/\/charcoalplant.com\/wp-content\/uploads\/2022\/03\/address.png\" alt=\"\"\/><\/figure>    <p>Hanghai Yolu Do\u011fu, Zhengzhou Ekonomik ve Teknolojik Geli\u015fim B\u00f6lgesi, Zhengzhou \u015eehri, Henan, \u00c7in<\/p> <\/div> <\/div> <\/div> <\/div>","protected":false},"excerpt":{"rendered":"<p>Want to make more money? Start your rice processing business now! TAIZY Machinery Co., Ltd is a leading rice processing solutions supplier in China. &nbsp;We are integrated with manufacturing and marketing independently. Our products cover a complete range of rice processing machines with competitive price and guaranteed quality. Besides, we have extremely skilled staff to [&hellip;]<\/p>\n","protected":false},"author":1,"featured_media":0,"parent":0,"menu_order":0,"comment_status":"closed","ping_status":"closed","template":"","meta":{"footnotes":""},"class_list":["post-24","page","type-page","status-publish","hentry"],"_links":{"self":[{"href":"https:\/\/cnricemill.com\/tr\/wp-json\/wp\/v2\/pages\/24","targetHints":{"allow":["GET"]}}],"collection":[{"href":"https:\/\/cnricemill.com\/tr\/wp-json\/wp\/v2\/pages"}],"about":[{"href":"https:\/\/cnricemill.com\/tr\/wp-json\/wp\/v2\/types\/page"}],"author":[{"embeddable":true,"href":"https:\/\/cnricemill.com\/tr\/wp-json\/wp\/v2\/users\/1"}],"replies":[{"embeddable":true,"href":"https:\/\/cnricemill.com\/tr\/wp-json\/wp\/v2\/comments?post=24"}],"version-history":[{"count":0,"href":"https:\/\/cnricemill.com\/tr\/wp-json\/wp\/v2\/pages\/24\/revisions"}],"wp:attachment":[{"href":"https:\/\/cnricemill.com\/tr\/wp-json\/wp\/v2\/media?parent=24"}],"curies":[{"name":"wp","href":"https:\/\/api.w.org\/{rel}","templated":true}]}}