{"id":20,"date":"2022-08-09T06:20:10","date_gmt":"2022-08-09T06:20:10","guid":{"rendered":"https:\/\/cnricemill.com\/?page_id=20"},"modified":"2022-08-12T07:25:22","modified_gmt":"2022-08-12T07:25:22","slug":"about-us","status":"publish","type":"page","link":"https:\/\/cnricemill.com\/tr\/about-us\/","title":{"rendered":"Hakk\u0131m\u0131zda"},"content":{"rendered":"<div class=\"wp-block-columns is-layout-flex wp-container-core-columns-is-layout-9d6595d7 wp-block-columns-is-layout-flex\"> <div class=\"wp-block-column is-vertically-aligned-center is-layout-flow wp-block-column-is-layout-flow\"> <p>TAIZY\u00ae, ara\u015ft\u0131rma, \u00fcretim ve pazarlama ile entegre olmu\u015f lider ve tek durakl\u0131 pirin\u00e7 i\u015fleme \u00e7\u00f6z\u00fcmleri sa\u011flay\u0131c\u0131s\u0131d\u0131r. Amac\u0131m\u0131z, daha fazla insan\u0131n m\u00fckemmel pirin\u00e7 yemesine yard\u0131mc\u0131 olmak i\u00e7in kaliteli ve uygun fiyatl\u0131 pirin\u00e7 de\u011firmenleri sunmakt\u0131r. Bildi\u011finiz gibi, pirin\u00e7 bir\u00e7ok \u00fclkede temel g\u0131da \u00fcr\u00fcnlerinden biridir. Bu nedenle, iyi pirin\u00e7 i\u015fleme makinesi sunmak bizim i\u00e7in b\u00fcy\u00fck bir f\u0131rsat ve sorumluluktur. Bu sayede, d\u00fcnya genelinde insanlara m\u00fckemmel pirin\u00e7 ula\u015fmas\u0131 daha kolay hale gelir. A\u00e7l\u0131kla m\u00fccadele eden ve daha iyi bir d\u00fcnya yaratmaya katk\u0131da bulunmak istiyoruz.<\/p>    <p><\/p> <\/div>    <div class=\"wp-block-column is-vertically-aligned-center is-layout-flow wp-block-column-is-layout-flow\"> <figure class=\"wp-block-image size-large\"><img decoding=\"async\" src=\"https:\/\/topfoodmachine.com\/wp-content\/uploads\/2022\/07\/taizy-factory.jpg\" alt=\"\"\/><\/figure> <\/div> <\/div>    <div class=\"wp-block-columns is-layout-flex wp-container-core-columns-is-layout-9d6595d7 wp-block-columns-is-layout-flex\"> <div class=\"wp-block-column is-vertically-aligned-center is-layout-flow wp-block-column-is-layout-flow\"> <figure class=\"wp-block-image size-full\"><img loading=\"lazy\" decoding=\"async\" width=\"720\" height=\"540\" src=\"https:\/\/cnricemill.com\/wp-content\/uploads\/2022\/08\/factory.jpg\" alt=\"fabrika\" class=\"wp-image-71\"\/><\/figure> <\/div>    <div class=\"wp-block-column is-vertically-aligned-center is-layout-flow wp-block-column-is-layout-flow\"> <p>Ana \u00fcr\u00fcnlerimiz, 15T\/D, 20T\/D, 25T\/D, 30T\/D, 40T\/D, 60T\/D, 80T\/D, 100T\/D pirin\u00e7 de\u011firmen tesislerini kapsar. Ayr\u0131ca, \u00f6zel taleplerinizi kar\u015f\u0131lamak i\u00e7in g\u00fc\u00e7l\u00fc \u00f6zelle\u015ftirme hizmetleri sunuyoruz. Ayr\u0131ca, pirin\u00e7 temizleme makinesi, pirin\u00e7 kabuk ay\u0131rma makinesi, pirin\u00e7 ay\u0131r\u0131c\u0131, pirin\u00e7 parlatma makinesi, pirin\u00e7 s\u0131n\u0131fland\u0131r\u0131c\u0131, pirin\u00e7 renk ay\u0131r\u0131c\u0131 ve pirin\u00e7 paketleme makinesi TAIZY fabrikas\u0131ndan temin edilebilir. G\u00fcn\u00fcm\u00fczde, makinelerimiz ba\u015far\u0131yla 80'den fazla \u00fclke ve b\u00f6lgeye ihra\u00e7 edilmi\u015ftir.<\/p> <\/div> <\/div>    <h2 class=\"wp-block-heading\">Sertifikalar<\/h2>    <figure class=\"wp-block-image size-full\"><img loading=\"lazy\" decoding=\"async\" width=\"1024\" height=\"323\" src=\"https:\/\/cnricemill.com\/wp-content\/uploads\/2022\/08\/certificate-1024x323-1.jpg\" alt=\"sertifika-1024x323\" class=\"wp-image-64\"\/><\/figure>","protected":false},"excerpt":{"rendered":"<p>TAIZY\u00ae is a leading and one-stop rice processing solutions provider that is integrated with research, manufacturing, and marketing. We aim to provide quality and affordable rice mill plants to help more people to eat excellent rice. As we all know, rice is one of the staple food crops in many countries. So there is a [&hellip;]<\/p>\n","protected":false},"author":1,"featured_media":0,"parent":0,"menu_order":0,"comment_status":"closed","ping_status":"closed","template":"","meta":{"footnotes":""},"class_list":["post-20","page","type-page","status-publish","hentry"],"_links":{"self":[{"href":"https:\/\/cnricemill.com\/tr\/wp-json\/wp\/v2\/pages\/20","targetHints":{"allow":["GET"]}}],"collection":[{"href":"https:\/\/cnricemill.com\/tr\/wp-json\/wp\/v2\/pages"}],"about":[{"href":"https:\/\/cnricemill.com\/tr\/wp-json\/wp\/v2\/types\/page"}],"author":[{"embeddable":true,"href":"https:\/\/cnricemill.com\/tr\/wp-json\/wp\/v2\/users\/1"}],"replies":[{"embeddable":true,"href":"https:\/\/cnricemill.com\/tr\/wp-json\/wp\/v2\/comments?post=20"}],"version-history":[{"count":0,"href":"https:\/\/cnricemill.com\/tr\/wp-json\/wp\/v2\/pages\/20\/revisions"}],"wp:attachment":[{"href":"https:\/\/cnricemill.com\/tr\/wp-json\/wp\/v2\/media?parent=20"}],"curies":[{"name":"wp","href":"https:\/\/api.w.org\/{rel}","templated":true}]}}