{"id":38,"date":"2022-08-11T09:58:33","date_gmt":"2022-08-11T01:58:33","guid":{"rendered":"https:\/\/cnricemill.com\/?post_type=product&#038;p=38"},"modified":"2024-12-23T11:39:37","modified_gmt":"2024-12-23T03:39:37","slug":"rice-packing-machine","status":"publish","type":"product","link":"https:\/\/cnricemill.com\/sw\/product\/rice-packing-machine\/","title":{"rendered":"Mashine ya Kufunga Mchele"},"content":{"rendered":"<p class=\"translation-block\"><strong>Risf\u00f6rpackningsmaskin<\/strong> anv\u00e4nds automatiskt och effektivt f\u00f6r risf\u00f6rpackning. Det \u00e4r en typ av <strong>riskp\u00e5sfyllnings- och f\u00f6rseglingmaskin<\/strong>. Risf\u00f6rpackningsmaskinen kan utf\u00f6ra funktionen kvantitativ avv\u00e4gning, effektiv fyllning och exakt f\u00f6rsegling. Den l\u00e4mpar sig f\u00f6r f\u00f6rpackning av riskprodukter i intervallet 5 kg till 50 kg. Och 5 kg, 25 kg och 50 kg risf\u00f6rpackning \u00e4r ganska popul\u00e4ra bland dem. Med funktioner som enkel drift, stabil prestanda och h\u00f6g effektivitet kan <strong>riskfyllningsmaskinen<\/strong> avsev\u00e4rt f\u00f6rb\u00e4ttra din produktion och gynna din verksamhet. Som en ledande tillverkare av risbehandlingsmaskiner erbjuder TAIZY Machinery kvalitets- och prisv\u00e4rd risf\u00f6rpackningsmaskin till v\u00e4rldsomrade partners. V\u00e4lkommen till <a href=\"https:\/\/cnricemill.com\/sw\/contact-us\/\">kontakta oss<\/a> f\u00f6r vidare detaljer.<\/p>    <h2 class=\"wp-block-heading\">Funktionsegenskaper hos Taizy risf\u00f6rpackningsmaskin <\/h2>    <ol class=\"wp-block-list\" type=\"1\"><li>Risf\u00f6rpackningsmaskinen antar internationell avancerad teknik. Noggrannheten \u00e4r cirka 5 g och f\u00f6rpackningshastigheten \u00e4r 360-450 p\u00e5sar per timme.<\/li><li>Delarna som \u00e4r i kontakt med r\u00e5varor \u00e4r tillverkade av livsmedelsklassning rostfritt st\u00e5l, med h\u00f6g hygienstandard och korrosionsbest\u00e4ndighet f\u00f6r l\u00e5ngvarig anv\u00e4ndning.<\/li><li>Brett anv\u00e4ndbart kvantifieringsomr\u00e5de, h\u00f6g noggrannhet, plattformen kan h\u00f6jas, h\u00f6g effektivitet, m\u00e5nga funktioner.<\/li><li>Riskp\u00e5sfyllningsmaskinen har f\u00f6rdelar som h\u00f6g ber\u00e4kningsnoggrannhet, digitalt visning, stabil drift och enkel anv\u00e4ndning.&nbsp;<\/li><li>Anta sannolikt sensor m\u00e4rkes och pneumatiska st\u00e4lldon, enkel underh\u00e5ll, p\u00e5litligt arbete och ingen f\u00f6rorening.&nbsp;<\/li><li>Risfyllningsmaskinen kan utrustas med en s\u00f6mmaskin och ett transportband, vilket kan realisera den automatiska fyllningsf\u00f6rsegling processen.<\/li><li>Vi erbjuder en stark anpassningstj\u00e4nst f\u00f6r att m\u00f6ta dina specifika krav. &nbsp;<\/li><\/ol>    <h2 class=\"wp-block-heading\">Maelezo ya muundo wa mashine ya kujaza na kufunga mifuko ya mchele<\/h2>    <p>Den automatiska risp\u00e5sf\u00f6rpackningsmaskinen best\u00e5r fr\u00e4mst av tre system, ett kvantitativt v\u00e4g- och fyllningssystem, ett transportbandssystem och ett s\u00f6m- och f\u00f6rsegling-system. Den inneh\u00e5ller f\u00f6ljande delar: ett kvantitativt organ, pneumatiskt mekanism, l\u00e5da f\u00f6r kontroll, v\u00e5gkropp, transportband, transport, styrenhet f\u00f6r s\u00f6mmaskin och p\u00e5smasin. Hela risp\u00e5sf\u00f6rpackningsmaskinen har en enkel struktur och rimlig design. Den \u00e4r l\u00e4tt att installera, driva och underh\u00e5lla. &nbsp;&nbsp;&nbsp;<\/p>    <figure class=\"wp-block-image size-full\"><img loading=\"lazy\" decoding=\"async\" width=\"720\" height=\"540\" src=\"https:\/\/cnricemill.com\/wp-content\/uploads\/2022\/08\/rice-filling-sealing-machine-structure.jpg\" alt=\"risk fyllning och f\u00f6rsegling maskin struktur\" class=\"wp-image-115\"\/><figcaption>risk fyllning och f\u00f6rsegling maskin struktur<\/figcaption><\/figure>    <h2 class=\"wp-block-heading\">Till\u00e4mpningar av f\u00f6rpackningsmaskin f\u00f6r ris<\/h2>    <p>Den 5 kg -50 kg risf\u00f6rpackningsmaskinen anv\u00e4nds f\u00f6r fyllning och f\u00f6rsegling av riskprodukter. Som en typ av granulf\u00f6rpackningsmaskin \u00e4r den ocks\u00e5 idealisk f\u00f6r att f\u00f6rpacka m\u00e5nga andra granul\u00e4ra produkter, s\u00e5som jordn\u00f6tter, kaffeb\u00f6nor, r\u00e5pannkaka, solrosfr\u00f6n, vete, majs, \u00e4rtor, sesam, hundfoder, kattfoder, etc. V\u00e4gen kan vara olika typer, plastp\u00e5sar, pappersp\u00e5sar och tygp\u00e5sar.<\/p>    <h2 class=\"wp-block-heading\">Valbar utrustning<\/h2>    <div class=\"wp-block-columns is-layout-flex wp-container-core-columns-is-layout-9d6595d7 wp-block-columns-is-layout-flex\"> <div class=\"wp-block-column is-layout-flow wp-block-column-is-layout-flow\"> <figure class=\"wp-block-image size-full\"><img loading=\"lazy\" decoding=\"async\" width=\"720\" height=\"540\" src=\"https:\/\/cnricemill.com\/wp-content\/uploads\/2022\/08\/conveyor-belt.jpg\" alt=\"transportband\" class=\"wp-image-116\"\/><figcaption>transportband<\/figcaption><\/figure> <\/div>    <div class=\"wp-block-column is-layout-flow wp-block-column-is-layout-flow\"> <figure class=\"wp-block-image size-full\"><img loading=\"lazy\" decoding=\"async\" width=\"720\" height=\"540\" src=\"https:\/\/cnricemill.com\/wp-content\/uploads\/2022\/08\/feeding-elevator.jpg\" alt=\"matah\u00f6g\" class=\"wp-image-118\"\/><figcaption>matah\u00f6g<\/figcaption><\/figure> <\/div> <\/div>    <h2 class=\"wp-block-heading\">Varf\u00f6r \u00e4r risp\u00e5sfyllningsmaskinen b\u00e4st f\u00f6r din risf\u00f6rpackningsverksamhet?<\/h2>    <p>Faktiskt \u00e4r denna riskinpackningsmaskin en slags riskp\u00e5s-fyllning och f\u00f6rsegling maskin. J\u00e4mf\u00f6rt med m\u00e5nga andra maskiner f\u00f6r risf\u00f6rpackning passar den ganska bra f\u00f6r din risfabrik och den har m\u00e5nga unika f\u00f6rdelar.<\/p>    <ol class=\"wp-block-list\" type=\"1\"><li>Supereffektivitet. Denna maskin \u00e4r l\u00e4mplig f\u00f6r stora risproduktionsbehov. F\u00f6rpackningshastigheten kan n\u00e5 upp till 450 p\u00e5sar per timme. Detta kan avsev\u00e4rt f\u00f6rb\u00e4ttra din effektivitet och spara din arbetskostnad.<\/li><li>Prisv\u00e4rdhet. Denna riskp\u00e5sf\u00f6rpackningsmaskin har ett mycket bra pris. J\u00e4mf\u00f6rt med en annan helt automatiserad f\u00f6rpackningsmaskin har den betydligt b\u00e4ttre kostnadsprestanda.<\/li><li>Enkel drift. Denna maskin till salu har en enkel struktur och r\u00e4tt design, den \u00e4r mycket l\u00e4tt att anv\u00e4nda och underh\u00e5lla. Och den kr\u00e4ver endast en arbetskraft. &nbsp;&nbsp;<\/li><\/ol>    <h2 class=\"wp-block-heading\">Kontakta oss f\u00f6r att starta din riskverksamhet<\/h2>    <p class=\"translation-block\">Risf\u00f6rpackningsmaskin \u00e4r en v\u00e4sentlig och viktig del av hela <a href=\"https:\/\/cnricemill.com\/sw\/products\/rice-mill-plant\/\">risbearbetningsprocessen<\/a>. Det \u00e4r det sista steget innan den n\u00e5r butikernas hyllor. Taizy riskp\u00e5sfyllningsmaskin till salu passar risf\u00f6rpackning i intervallet 5 kg till 50 kg. Den har f\u00f6rdelar som stabil prestanda, h\u00f6g effektivitet och \u00f6verkomligt pris. Letar du efter en utm\u00e4rkt <a href=\"https:\/\/tianhuipackingmachine.com\/granule-packing-machines\/\" target=\"_blank\" rel=\"noopener\">risf\u00f6rpackningsl\u00f6sning<\/a>? Kontakta oss f\u00f6r mer anv\u00e4ndbara detaljer. <\/p>","protected":false},"excerpt":{"rendered":"<p>Rice packing machine is used for rice packaging automatically and efficiently. It is a kind of rice bag filling sealing machine. The rice packaging machine can complete the function of quantitative weighing, efficient filling, and accurate sealing. It is suitable for packaging rice products ranging from 5kg to 50kg. And 5kg, 25kg, and 50kg rice [&hellip;]<\/p>\n","protected":false},"author":1,"featured_media":113,"parent":0,"template":"","tags":[16,13],"product-type":[],"class_list":["post-38","product","type-product","status-publish","has-post-thumbnail","hentry","tag-rice-processing","tag-rice-processing-machine"],"_links":{"self":[{"href":"https:\/\/cnricemill.com\/sw\/wp-json\/wp\/v2\/product\/38","targetHints":{"allow":["GET"]}}],"collection":[{"href":"https:\/\/cnricemill.com\/sw\/wp-json\/wp\/v2\/product"}],"about":[{"href":"https:\/\/cnricemill.com\/sw\/wp-json\/wp\/v2\/types\/product"}],"author":[{"embeddable":true,"href":"https:\/\/cnricemill.com\/sw\/wp-json\/wp\/v2\/users\/1"}],"wp:featuredmedia":[{"embeddable":true,"href":"https:\/\/cnricemill.com\/sw\/wp-json\/wp\/v2\/media\/113"}],"wp:attachment":[{"href":"https:\/\/cnricemill.com\/sw\/wp-json\/wp\/v2\/media?parent=38"}],"wp:term":[{"taxonomy":"post_tag","embeddable":true,"href":"https:\/\/cnricemill.com\/sw\/wp-json\/wp\/v2\/tags?post=38"},{"taxonomy":"product-type","embeddable":true,"href":"https:\/\/cnricemill.com\/sw\/wp-json\/wp\/v2\/product-type?post=38"}],"curies":[{"name":"wp","href":"https:\/\/api.w.org\/{rel}","templated":true}]}}