{"id":20,"date":"2022-08-09T06:20:10","date_gmt":"2022-08-09T06:20:10","guid":{"rendered":"https:\/\/cnricemill.com\/?page_id=20"},"modified":"2022-08-12T07:25:22","modified_gmt":"2022-08-12T07:25:22","slug":"about-us","status":"publish","type":"page","link":"https:\/\/cnricemill.com\/sw\/about-us\/","title":{"rendered":"Om Oss"},"content":{"rendered":"<div class=\"wp-block-columns is-layout-flex wp-container-core-columns-is-layout-9d6595d7 wp-block-columns-is-layout-flex\"> <div class=\"wp-block-column is-vertically-aligned-center is-layout-flow wp-block-column-is-layout-flow\"> <p>TAIZY\u00ae ni mtoa huduma anayeongoza na anayeweza kutoa suluhisho kamili za usindikaji wa mchele zinazojumuisha utafiti, utengenezaji, na uuzaji. Lengo letu ni kutoa kiwanda cha mchele cha ubora na bei nafuu ili kuwasaidia watu wengi kula mchele mzuri. Kama tunavyojua, mchele ni moja ya mazao muhimu ya chakula katika nchi nyingi. Kwa hivyo kuna fursa kubwa na pia jukumu kwa sisi kutoa mashine nzuri za usindikaji wa mchele. Kwa hivyo, ni rahisi kwa watu kupata mchele mzuri duniani kote. Tunahamasika kuchangia kuunda dunia isiyo na njaa na mahali pazuri zaidi.<\/p>    <p><\/p> <\/div>    <div class=\"wp-block-column is-vertically-aligned-center is-layout-flow wp-block-column-is-layout-flow\"> <figure class=\"wp-block-image size-large\"><img decoding=\"async\" src=\"https:\/\/topfoodmachine.com\/wp-content\/uploads\/2022\/07\/taizy-factory.jpg\" alt=\"\"\/><\/figure> <\/div> <\/div>    <div class=\"wp-block-columns is-layout-flex wp-container-core-columns-is-layout-9d6595d7 wp-block-columns-is-layout-flex\"> <div class=\"wp-block-column is-vertically-aligned-center is-layout-flow wp-block-column-is-layout-flow\"> <figure class=\"wp-block-image size-full\"><img loading=\"lazy\" decoding=\"async\" width=\"720\" height=\"540\" src=\"https:\/\/cnricemill.com\/wp-content\/uploads\/2022\/08\/factory.jpg\" alt=\"fabrika\" class=\"wp-image-71\"\/><\/figure> <\/div>    <div class=\"wp-block-column is-vertically-aligned-center is-layout-flow wp-block-column-is-layout-flow\"> <p>V\u00e5ra huvudprodukter t\u00e4cker ett fullst\u00e4ndigt utbud av risfabriker, inklusive 15T\/D, 20T\/D, 25T\/D, 30T\/D, 40T\/D, 60T\/D, 80T\/D, 100T\/D risfabriker. Och vi st\u00f6djer starka anpassningstj\u00e4nster f\u00f6r att m\u00f6ta dina specifika krav. Dessutom \u00e4r paddy reng\u00f6ringsmaskin, ris avskiljare, ris polermaskin, ris graderare, ris f\u00e4rgsorterare och ris f\u00f6rpackningsmaskin tillg\u00e4ngliga fr\u00e5n TAIZY fabriken. Numera har v\u00e5ra maskiner framg\u00e5ngsrikt exporterats till mer \u00e4n 80 l\u00e4nder och regioner.<\/p> <\/div> <\/div>    <h2 class=\"wp-block-heading\">Certifikat<\/h2>    <figure class=\"wp-block-image size-full\"><img loading=\"lazy\" decoding=\"async\" width=\"1024\" height=\"323\" src=\"https:\/\/cnricemill.com\/wp-content\/uploads\/2022\/08\/certificate-1024x323-1.jpg\" alt=\"certifikat-1024x323\" class=\"wp-image-64\"\/><\/figure>","protected":false},"excerpt":{"rendered":"<p>TAIZY\u00ae is a leading and one-stop rice processing solutions provider that is integrated with research, manufacturing, and marketing. We aim to provide quality and affordable rice mill plants to help more people to eat excellent rice. As we all know, rice is one of the staple food crops in many countries. So there is a [&hellip;]<\/p>\n","protected":false},"author":1,"featured_media":0,"parent":0,"menu_order":0,"comment_status":"closed","ping_status":"closed","template":"","meta":{"footnotes":""},"class_list":["post-20","page","type-page","status-publish","hentry"],"_links":{"self":[{"href":"https:\/\/cnricemill.com\/sw\/wp-json\/wp\/v2\/pages\/20","targetHints":{"allow":["GET"]}}],"collection":[{"href":"https:\/\/cnricemill.com\/sw\/wp-json\/wp\/v2\/pages"}],"about":[{"href":"https:\/\/cnricemill.com\/sw\/wp-json\/wp\/v2\/types\/page"}],"author":[{"embeddable":true,"href":"https:\/\/cnricemill.com\/sw\/wp-json\/wp\/v2\/users\/1"}],"replies":[{"embeddable":true,"href":"https:\/\/cnricemill.com\/sw\/wp-json\/wp\/v2\/comments?post=20"}],"version-history":[{"count":0,"href":"https:\/\/cnricemill.com\/sw\/wp-json\/wp\/v2\/pages\/20\/revisions"}],"wp:attachment":[{"href":"https:\/\/cnricemill.com\/sw\/wp-json\/wp\/v2\/media?parent=20"}],"curies":[{"name":"wp","href":"https:\/\/api.w.org\/{rel}","templated":true}]}}