{"id":93,"date":"2022-08-16T07:08:49","date_gmt":"2022-08-15T23:08:49","guid":{"rendered":"https:\/\/cnricemill.com\/?post_type=product&#038;p=93"},"modified":"2024-12-23T11:34:13","modified_gmt":"2024-12-23T03:34:13","slug":"38t-d-rice-mill-plant","status":"publish","type":"product","link":"https:\/\/cnricemill.com\/pt\/product\/38t-d-rice-mill-plant\/","title":{"rendered":"Planta de Moagem de Arroz de 38T\/D"},"content":{"rendered":"<p class=\"translation-block\"><strong>F\u00e1brica de moagem de arroz de 38t\/d<\/strong> \u00e9 usada para demandas m\u00e9dias de processamento de arroz. Esta linha de processamento de arroz pode produzir 38 toneladas de arroz acabado por dia. \u00c9 bastante adequada para propriet\u00e1rios de fazendas e f\u00e1bricas de arroz com bom desempenho e alta efici\u00eancia. A f\u00e1brica de moagem de arroz de 38 toneladas\/dia pode completar automaticamente todo o processo de arroz, incluindo limpeza de palha, remo\u00e7\u00e3o de pedras, descasque de arroz, separa\u00e7\u00e3o de palha, moagem de arroz e classifica\u00e7\u00e3o de arroz. Al\u00e9m da f\u00e1brica de 38t\/d, tamb\u00e9m fornecemos uma <strong>f\u00e1brica de moagem de arroz de 15t\/d<\/strong>, <strong>f\u00e1brica de moagem de arroz de 60t\/d<\/strong>, <strong>f\u00e1brica de moagem de arroz de 100t\/d<\/strong>, etc. Todas as nossas m\u00e1quinas t\u00eam boa qualidade, pre\u00e7o competitivo e entrega r\u00e1pida. Se procura uma f\u00e1brica de moagem de arroz confi\u00e1vel, entre em contacto connosco para mais informa\u00e7\u00f5es \u00fateis.<\/p>    <figure class=\"wp-block-image size-full\"><img loading=\"lazy\" decoding=\"async\" width=\"720\" height=\"540\" src=\"https:\/\/cnricemill.com\/wp-content\/uploads\/2022\/08\/modern-38-ton-rice-mill-plant.jpg\" alt=\"f\u00e1brica moderna de arroz de 38 toneladas\" class=\"wp-image-101\"\/><figcaption>f\u00e1brica moderna de arroz de 38 toneladas<\/figcaption><\/figure>    <h2 class=\"wp-block-heading\">Vantagens da f\u00e1brica de moagem de arroz de 38 toneladas\/dia<\/h2>    <ol class=\"wp-block-list\" type=\"1\"><li>A f\u00e1brica de moagem de arroz de 38t\/d \u00e9 projetada com uma caixa de controlo universal, o utilizador pode operar a m\u00e1quina atrav\u00e9s dos bot\u00f5es dentro da caixa de controlo, o que \u00e9 muito simples e conveniente.<\/li><li>Todas as m\u00e1quinas de moagem de arroz \u00e0 venda na nossa f\u00e1brica usam tinta de forno, o que garante prote\u00e7\u00e3o ambiental e tamb\u00e9m garante que as m\u00e1quinas n\u00e3o percam tinta durante o transporte e uso.\u00a0<\/li><li>F\u00e1brica de moagem de arroz de 38 toneladas\/dia, uma linha de moagem moderna com tecnologia avan\u00e7ada de fabrica\u00e7\u00e3o de m\u00e1quinas, materiais de processamento aprimorados, alta efici\u00eancia, alta taxa de moagem, baixa taxa de tritura\u00e7\u00e3o, alto rendimento, evitando desperd\u00edcio de arroz, desempenho est\u00e1vel e opera\u00e7\u00e3o e manuten\u00e7\u00e3o f\u00e1ceis.\u00a0<\/li><li>Os detalhes da m\u00e1quina deste modelo s\u00e3o flex\u00edveis e algumas pe\u00e7as podem ser personalizadas de acordo com os requisitos do cliente.\u00a0<\/li><li>Opera\u00e7\u00e3o totalmente autom\u00e1tica de toda a linha de moagem de arroz, onde um ou dois trabalhadores podem operar toda a linha de processamento de arroz.<\/li><li>Todas as m\u00e1quinas de processamento de arroz suportam servi\u00e7os de personaliza\u00e7\u00e3o para atender \u00e0s suas demandas espec\u00edficas. \u00a0<\/li><\/ol>    <div class=\"wp-block-columns is-layout-flex wp-container-core-columns-is-layout-9d6595d7 wp-block-columns-is-layout-flex\"> <div class=\"wp-block-column is-layout-flow wp-block-column-is-layout-flow\"> <figure class=\"wp-block-image size-full\"><img loading=\"lazy\" decoding=\"async\" width=\"720\" height=\"540\" src=\"https:\/\/cnricemill.com\/wp-content\/uploads\/2022\/08\/Taizy-rice-processing-line-factory.jpg\" alt=\"F\u00e1brica de linha de processamento de arroz Taizy\" class=\"wp-image-103\"\/><figcaption>F\u00e1brica de linha de processamento de arroz Taizy<\/figcaption><\/figure> <\/div>    <div class=\"wp-block-column is-layout-flow wp-block-column-is-layout-flow\"> <figure class=\"wp-block-image size-full\"><img loading=\"lazy\" decoding=\"async\" width=\"720\" height=\"540\" src=\"https:\/\/cnricemill.com\/wp-content\/uploads\/2022\/08\/rice-mill-plant-factory.jpg\" alt=\"F\u00e1brica de f\u00e1brica de moagem de arroz\" class=\"wp-image-104\"\/><figcaption>F\u00e1brica de f\u00e1brica de moagem de arroz<\/figcaption><\/figure> <\/div> <\/div>    <h2 class=\"wp-block-heading\">Par\u00e2metros da f\u00e1brica de moagem de arroz Taizy de 38t\/d<\/h2>    <figure class=\"wp-block-table\"><table><tbody><tr><td>N\u00famero<\/td><td>M\u00e1quina<\/td><td>Modelo<\/td><td>Capacidade (t\/h)<\/td><\/tr><tr><td>1<\/td><td>Separador de palha combinado e destonador<\/td><td>ZQS90<\/td><td>2-2.5<\/td><\/tr><tr><td>2<\/td><td>M\u00e1quina de descasque de arroz<\/td><td>MLGT25<\/td><td>2<\/td><\/tr><tr><td>3<\/td><td>Separador de casta por gravidade<\/td><td>MGCZ100*8<\/td><td>1.5-2.3<\/td><\/tr><tr><td>4<\/td><td>M\u00e1quina de moagem de arroz<\/td><td>MNMS15B<\/td><td>1-1.3<\/td><\/tr><tr><td>5<\/td><td>M\u00e1quina de classifica\u00e7\u00e3o de arroz<\/td><td>MMJJP80*3<\/td><td>1.5-2<\/td><\/tr><tr><td>6<\/td><td>Elevador<\/td><td>TDG20\/11<\/td><td>2-3<\/td><\/tr><\/tbody><\/table><\/figure>    <h2 class=\"wp-block-heading\">Detalhes da estrutura da moderna f\u00e1brica de moagem de arroz de 38tpd<\/h2>    <figure class=\"wp-block-image size-full\"><img loading=\"lazy\" decoding=\"async\" width=\"720\" height=\"540\" src=\"https:\/\/cnricemill.com\/wp-content\/uploads\/2022\/08\/structure-details-of-38td-rice-mill-plant.jpg\" alt=\"Detalhes da estrutura da f\u00e1brica de moagem de arroz de 38t\/d\" class=\"wp-image-99\"\/><figcaption>Detalhes da estrutura da f\u00e1brica de moagem de arroz de 38t\/d<\/figcaption><\/figure>    <h3 class=\"wp-block-heading\">M\u00e1quina de alimenta\u00e7\u00e3o de material<\/h3>    <p>Esta \u00e9 a m\u00e1quina que coloca o material de arroz nas m\u00e1quinas de moagem de arroz<\/p>    <h3 class=\"wp-block-heading\">Separador de palha de arroz combinado e removedor de pedras<\/h3>    <p>Outros detritos leves, como poeira, res\u00edduos, blocos e pedras, devem ser removidos o m\u00e1ximo poss\u00edvel para alcan\u00e7ar um efeito de varredura melhor.<\/p>    <h3 class=\"wp-block-heading\">Descascador de arroz<\/h3>    <p>Mover casca do arroz<\/p>    <h3 class=\"wp-block-heading\">Separador de arroz<\/h3>    <p class=\"translation-block\"><a href=\"https:\/\/cnricemill.com\/pt\/product\/paddy-separator\/\">Separador de arroz <\/a>\u00e9 usado principalmente para separar arroz integral do arroz de palha, usando a diferen\u00e7a na gravidade espec\u00edfica e no coeficiente de atrito entre as tr\u00eas partes do arroz branco, arroz integral e a mistura das duas.\u00a0<\/p>    <h3 class=\"wp-block-heading\">M\u00e1quina de moagem de arroz<\/h3>    <p>Uma m\u00e1quina de moagem de arroz especialmente desenvolvida para moagem de arroz, que \u00e9 a tecnologia avan\u00e7ada atual das m\u00e1quinas de moagem de arroz do mundo, resultando em menor temperatura do arroz, menos conte\u00fado de farelo e menores incrementos de esmagamento.&nbsp;<\/p>    <h3 class=\"wp-block-heading\">M\u00e1quina de polimento de arroz<\/h3>    <p>Polir a superf\u00edcie do arroz pulverizando \u00e1gua ajuda a formar uma camada de gel lisa e prolonga o tempo de conserva\u00e7\u00e3o. Estender a c\u00e2mara de polimento para produzir arroz de alta qualidade.&nbsp;<\/p>    <h3 class=\"wp-block-heading\">Classificador de arroz<\/h3>    <p class=\"translation-block\"><a href=\"https:\/\/cnricemill.com\/pt\/product\/rice-grader\/\">Classificador de arroz<\/a> pode peneirar arroz fino em arroz integral, grande quebrado, m\u00e9dio quebrado, pequeno quebrado, etc., de forma eficiente e precisa.\u00a0<\/p>    <h3 class=\"wp-block-heading\">Classificador de cor de arroz<\/h3>    <p>Classificador de cor de arroz para separar arroz de m\u00e1 qualidade, branco leitoso, calc\u00e1rio e mat\u00e9ria estranha. Sinal CCD ao testar desbotamento. Se arroz de m\u00e1 qualidade ou impurezas forem encontrados no material, o ejetor expulsar\u00e1 os produtos inferiores do funil.\u00a0<\/p>    <h3 class=\"wp-block-heading\">M\u00e1quina de embalagem de arroz<\/h3>    <p class=\"translation-block\">Esta m\u00e1quina autom\u00e1tica de pesagem e embalagem de arroz  que consiste em caixa de material, balan\u00e7a de embalagem, m\u00e1quina de costura e correia transportadora. Pode ser usada com todos os modelos de linha de produ\u00e7\u00e3o de moagem de arroz, e a capacidade das sacas de embalagem pode ser selecionada entre 5-50kg por saco, conforme a necessidade.\u00a0<\/p>    <h2 class=\"wp-block-heading\">F\u00e1bricas de moagem de arroz relacionadas<\/h2>    <div class=\"wp-block-columns is-layout-flex wp-container-core-columns-is-layout-9d6595d7 wp-block-columns-is-layout-flex\"> <div class=\"wp-block-column is-layout-flow wp-block-column-is-layout-flow\"> <figure class=\"wp-block-gallery has-nested-images columns-default is-cropped wp-block-gallery-2 is-layout-flex wp-block-gallery-is-layout-flex\"> <figure class=\"wp-block-image size-full\"><a href=\"https:\/\/cnricemill.com\/pt\/product\/15t-d-rice-mill-plant\/\"><img loading=\"lazy\" decoding=\"async\" width=\"720\" height=\"540\" data-id=\"92\" src=\"https:\/\/cnricemill.com\/wp-content\/uploads\/2022\/08\/15td-rice-mill-plant.jpg\" alt=\"planta de moinho 15td\" class=\"wp-image-92\"\/><\/a><figcaption>planta de moinho 15td<\/figcaption><\/figure> <\/figure> <\/div>    <div class=\"wp-block-column is-layout-flow wp-block-column-is-layout-flow\"> <figure class=\"wp-block-gallery has-nested-images columns-default is-cropped wp-block-gallery-3 is-layout-flex wp-block-gallery-is-layout-flex\"> <figure class=\"wp-block-image size-full\"><a href=\"https:\/\/cnricemill.com\/pt\/product\/60td-rice-mill-plant\/\"><img loading=\"lazy\" decoding=\"async\" width=\"720\" height=\"540\" data-id=\"83\" src=\"https:\/\/cnricemill.com\/wp-content\/uploads\/2022\/08\/60td-rice-milling-line.jpg\" alt=\"linha de moagem de arroz 60td\" class=\"wp-image-83\"\/><\/a><figcaption>linha de moagem de arroz 60td<\/figcaption><\/figure> <\/figure> <\/div> <\/div>","protected":false},"excerpt":{"rendered":"<p>38t\/d rice mill plant is used for medium processing demands of rice milling. This rice processing line can produce 38 ton of finished rice each day. It is quite suitable for farm owners and rice factories with good performance and high efficiency. The 38ton\/day rice mill plant can automatically complete the whole rice process, including [&hellip;]<\/p>\n","protected":false},"author":1,"featured_media":95,"parent":0,"template":"","tags":[12,15],"product-type":[5],"class_list":["post-93","product","type-product","status-publish","has-post-thumbnail","hentry","tag-rice-mill-plant","tag-rice-milling","product-type-rice-mill-plant"],"_links":{"self":[{"href":"https:\/\/cnricemill.com\/pt\/wp-json\/wp\/v2\/product\/93","targetHints":{"allow":["GET"]}}],"collection":[{"href":"https:\/\/cnricemill.com\/pt\/wp-json\/wp\/v2\/product"}],"about":[{"href":"https:\/\/cnricemill.com\/pt\/wp-json\/wp\/v2\/types\/product"}],"author":[{"embeddable":true,"href":"https:\/\/cnricemill.com\/pt\/wp-json\/wp\/v2\/users\/1"}],"wp:featuredmedia":[{"embeddable":true,"href":"https:\/\/cnricemill.com\/pt\/wp-json\/wp\/v2\/media\/95"}],"wp:attachment":[{"href":"https:\/\/cnricemill.com\/pt\/wp-json\/wp\/v2\/media?parent=93"}],"wp:term":[{"taxonomy":"post_tag","embeddable":true,"href":"https:\/\/cnricemill.com\/pt\/wp-json\/wp\/v2\/tags?post=93"},{"taxonomy":"product-type","embeddable":true,"href":"https:\/\/cnricemill.com\/pt\/wp-json\/wp\/v2\/product-type?post=93"}],"curies":[{"name":"wp","href":"https:\/\/api.w.org\/{rel}","templated":true}]}}