{"id":91,"date":"2022-08-15T08:42:28","date_gmt":"2022-08-15T00:42:28","guid":{"rendered":"https:\/\/cnricemill.com\/?post_type=product&#038;p=91"},"modified":"2024-12-23T11:33:49","modified_gmt":"2024-12-23T03:33:49","slug":"15t-d-rice-mill-plant","status":"publish","type":"product","link":"https:\/\/cnricemill.com\/pt\/product\/15t-d-rice-mill-plant\/","title":{"rendered":"Planta de Moagem de Arroz de 15T\/D"},"content":{"rendered":"<p class=\"translation-block\"><strong>F\u00e1brica de arroz de 15T\/D<\/strong> \u00e9 uma linha de processamento de arroz pequena. Pode produzir de 800 a 1000 kg de arroz acabado por hora, sendo muito adequada para pequenas f\u00e1bricas de processamento de arroz. A f\u00e1brica de arroz padr\u00e3o de 15T\/D cont\u00e9m uma m\u00e1quina de limpeza de arroz combinada, m\u00e1quina de descasque de arroz, separador de palha, m\u00e1quina de moagem de arroz e classificador de arroz. Usa um elevador de ca\u00e7amba conectado para que a f\u00e1brica de arroz possa trabalhar continuamente. Esta linha autom\u00e1tica de moagem de arroz possui estrutura razo\u00e1vel, desempenho est\u00e1vel e alta efici\u00eancia. Al\u00e9m da f\u00e1brica de arroz de 15 toneladas\/dia, h\u00e1 f\u00e1brica de arroz de 20t\/d, 25t\/d, <a href=\"https:\/\/cnricemill.com\/pt\/product\/38t-d-rice-mill-plant\/\">f\u00e1brica de arroz de 38t\/d<\/a>, <a href=\"https:\/\/cnricemill.com\/pt\/product\/60td-rice-mill-plant\/\">f\u00e1brica de arroz de 60t\/d<\/a>, etc. Como fabricante l\u00edder de linhas de processamento de arroz, oferecemos um forte servi\u00e7o personalizado para atender \u00e0s suas necessidades espec\u00edficas.<\/p>    <h2 class=\"wp-block-heading\"><strong>V\u00eddeo de funcionamento da f\u00e1brica de arroz<\/strong><\/h2>    <p>Embora este seja um v\u00eddeo sobre uma planta de moagem de arroz de 20TPD, a coloca\u00e7\u00e3o \u00e9 a mesma, apenas diferente da capacidade da m\u00e1quina.<\/p>    <figure class=\"wp-block-embed is-type-video is-provider-youtube wp-block-embed-youtube wp-embed-aspect-16-9 wp-has-aspect-ratio\"><div class=\"wp-block-embed__wrapper\"> <iframe loading=\"lazy\" title=\"Experimente a Precis\u00e3o: Unidade de Moagem de Arroz de 20TPD em A\u00e7\u00e3o! \ud83c\udf3e\u2728 F\u00e1brica de arroz totalmente autom\u00e1tica \u00e0 venda\" width=\"500\" height=\"281\" src=\"https:\/\/www.youtube.com\/embed\/ze92Vr4oMWc?feature=oembed\" frameborder=\"0\" allow=\"accelerometer; autoplay; clipboard-write; encrypted-media; gyroscope; picture-in-picture; web-share\" referrerpolicy=\"strict-origin-when-cross-origin\" allowfullscreen><\/iframe> <\/div><\/figure>    <h2 class=\"wp-block-heading\">Caracter\u00edsticas da f\u00e1brica de arroz de 15t\/d<\/h2>    <ol class=\"wp-block-list\"> <li>Estrutura simples e bonita, baixo consumo de energia. F\u00e1cil de operar e manter, e a desmontagem e montagem de todos os equipamentos s\u00e3o muito convenientes.<\/li>    <li>Bom efeito de limpeza, removendo pedras, ferro, poeira, palha e outras impurezas das part\u00edculas.<\/li>    <li>Velocidade r\u00e1pida de moagem de arroz, com uma produ\u00e7\u00e3o di\u00e1ria de cerca de 15 toneladas para conjuntos completos de equipamentos.<\/li>    <li>F\u00e1cil de operar, apenas 1-2 pessoas s\u00e3o necess\u00e1rias para operar esta f\u00e1brica de arroz (uma pessoa para carregar arroz cru e outra para carregar arroz acabado).<\/li>    <li>Opera\u00e7\u00e3o automatizada desde a entrada de palha at\u00e9 o arroz branco acabado.<\/li>    <li>A parte de moagem de arroz do equipamento adota tecnologia de moagem de arroz por press\u00e3o negativa, com baixa temperatura do arroz, sem casca, e baixa taxa de arroz quebrado.<\/li>    <li>Nossa tecnologia de processamento: corte por fibra \u00f3ptica, dobra CNC, m\u00e1quinas CNC, processo de pulveriza\u00e7\u00e3o, alta temperatura de pulveriza\u00e7\u00e3o, etc.<\/li>    <li>Oferecemos um servi\u00e7o de personaliza\u00e7\u00e3o forte para atender \u00e0s suas necessidades especiais.<\/li> <\/ol>    <div class=\"wp-block-columns is-layout-flex wp-container-core-columns-is-layout-9d6595d7 wp-block-columns-is-layout-flex\"> <div class=\"wp-block-column is-layout-flow wp-block-column-is-layout-flow\"> <figure class=\"wp-block-image size-full\"><img loading=\"lazy\" decoding=\"async\" width=\"720\" height=\"540\" src=\"https:\/\/cnricemill.com\/wp-content\/uploads\/2022\/08\/modern-15ton-rice-processing-line.jpg\" alt=\"linha moderna de processamento de arroz de 15 toneladas\" class=\"wp-image-108\"\/><figcaption class=\"wp-element-caption\">linha moderna de processamento de arroz de 15 toneladas<\/figcaption><\/figure> <\/div>    <div class=\"wp-block-column is-layout-flow wp-block-column-is-layout-flow\"> <figure class=\"wp-block-image size-full\"><img loading=\"lazy\" decoding=\"async\" width=\"720\" height=\"540\" src=\"https:\/\/cnricemill.com\/wp-content\/uploads\/2022\/08\/15-ton-rice-mill-plant.jpg\" alt=\"F\u00e1brica de arroz de 15 toneladas\" class=\"wp-image-109\"\/><figcaption class=\"wp-element-caption\">F\u00e1brica de arroz de 15 toneladas<\/figcaption><\/figure> <\/div> <\/div>    <h2 class=\"wp-block-heading\">Par\u00e2metros da f\u00e1brica de arroz de 15t\/d Taizy<\/h2>    <figure class=\"wp-block-table\"><table><tbody><tr><td>Modelo<\/td><td>Capacidade (t\/h)<\/td><td>Pot\u00eancia(kW)<\/td><td>Tamanho (L*W*H)<\/td><\/tr><tr><td>MNMS15B<\/td><td>0.8-1.25<\/td><td>18.5-22<\/td><td>1090*580*1420<\/td><\/tr><tr><td>MNMS18<\/td><td>2-3<\/td><td>22-30<\/td><td>1245*650*1660<\/td><\/tr><tr><td>MNMS25<\/td><td>3.5-4.5<\/td><td>37-45<\/td><td>1350*750*1800<\/td><\/tr><\/tbody><\/table><\/figure>    <h2 class=\"wp-block-heading\">Detalhes da estrutura da f\u00e1brica de arroz de 15t\/d \u00e0 venda <\/h2>    <figure class=\"wp-block-image size-full\"><img loading=\"lazy\" decoding=\"async\" width=\"720\" height=\"540\" src=\"https:\/\/cnricemill.com\/wp-content\/uploads\/2022\/08\/15td-rice-milling-plant-structure.jpg\" alt=\"Estrutura da f\u00e1brica de moagem de arroz de 15t\/d\" class=\"wp-image-106\"\/><figcaption class=\"wp-element-caption\">Estrutura da f\u00e1brica de moagem de arroz de 15t\/d<\/figcaption><\/figure>    <h3 class=\"wp-block-heading\">M\u00e1quina de limpeza de palha<\/h3>    <p>Combina\u00e7\u00e3o de design de limpeza e descasque, o efeito de uso \u00e9 muito melhor do que o design tradicional de uma pe\u00e7a. Grande volume de ar, efeito de descasque excelente, combinado com configura\u00e7\u00e3o de rolamento de vibra\u00e7\u00e3o de alta resist\u00eancia, movimento suave, firme e confi\u00e1vel do corpo, vibra\u00e7\u00e3o baixa, ru\u00eddo baixo e menos poeira.<\/p>    <h3 class=\"wp-block-heading\">M\u00e1quina de moagem de arroz<\/h3>    <p>Equipado com um ventilador potente independente para limpar melhor a casca do arroz, tornando os gr\u00e3os mais limpos e melhorando efetivamente o brilho dos gr\u00e3os de arroz.<\/p>    <h3 class=\"wp-block-heading\">Separador de casta por gravidade<\/h3>    <p class=\"translation-block\">O <a href=\"https:\/\/cnricemill.com\/pt\/product\/paddy-separator\/\">separador de arroz por gravidade<\/a> \u00e9 projetado com uma grande superf\u00edcie de tela, que possui vantagens excelentes como velocidade de separa\u00e7\u00e3o r\u00e1pida e distribui\u00e7\u00e3o uniforme.<\/p>    <h3 class=\"wp-block-heading\">M\u00e1quina de descasque de arroz de baixo ru\u00eddo<\/h3>    <p>Longa vida \u00fatil dos rolos de borracha: sem caixa de engrenagens, baixo ru\u00eddo, desempenho est\u00e1vel.&nbsp;<\/p>    <h3 class=\"wp-block-heading\">Elevador de ca\u00e7amba de arroz independente<\/h3>    <p>Cada elevador de ca\u00e7amba de arroz \u00e9 independente, e cada elevador de ca\u00e7amba de arroz tem uma base de motor de separa\u00e7\u00e3o para mais pot\u00eancia, maior produ\u00e7\u00e3o e manuten\u00e7\u00e3o f\u00e1cil.<\/p>    <figure class=\"wp-block-image size-full\"><img loading=\"lazy\" decoding=\"async\" width=\"720\" height=\"540\" src=\"https:\/\/cnricemill.com\/wp-content\/uploads\/2022\/08\/rice-mill-plant-ready-to-ship-1.jpg\" alt=\"F\u00e1brica de moagem de arroz pronta para envio\" class=\"wp-image-112\"\/><figcaption class=\"wp-element-caption\">F\u00e1brica de moagem de arroz pronta para envio<\/figcaption><\/figure>    <h2 class=\"wp-block-heading\">Processo de trabalho da f\u00e1brica de arroz <\/h2>    <p class=\"translation-block\">A f\u00e1brica de arroz de 15t\/d \u00e9 aplicada para processar palha em arroz de qualidade padr\u00e3o internacional conforme o seguinte fluxograma: <strong>alimenta\u00e7\u00e3o de material de palha \u2192 limpeza de palha \u2192 descasque de arroz \u2192 moagem de arroz \u2192 branqueamento de arroz \u2192 <a href=\"https:\/\/cnricemill.com\/pt\/product\/rice-packing-machine\/\">embalagem de arroz<\/a><\/strong>.<\/p>    <h2 class=\"wp-block-heading\">M\u00e1quina relacionada<\/h2>    <div class=\"wp-block-columns is-layout-flex wp-container-core-columns-is-layout-9d6595d7 wp-block-columns-is-layout-flex\"> <div class=\"wp-block-column is-layout-flow wp-block-column-is-layout-flow\"> <figure class=\"wp-block-image size-full\"><a href=\"https:\/\/cnricemill.com\/pt\/product\/38t-d-rice-mill-plant\/\"><img loading=\"lazy\" decoding=\"async\" width=\"720\" height=\"540\" src=\"https:\/\/cnricemill.com\/wp-content\/uploads\/2022\/08\/38td-rice-mill-plant.jpg\" alt=\"F\u00e1brica de arroz de 38t\/d\" class=\"wp-image-95\"\/><\/a><figcaption class=\"wp-element-caption\">F\u00e1brica de arroz de 38t\/d<\/figcaption><\/figure> <\/div>    <div class=\"wp-block-column is-layout-flow wp-block-column-is-layout-flow\"> <figure class=\"wp-block-image size-full\"><a href=\"https:\/\/cnricemill.com\/pt\/product\/60td-rice-mill-plant\/\"><img loading=\"lazy\" decoding=\"async\" width=\"720\" height=\"540\" src=\"https:\/\/cnricemill.com\/wp-content\/uploads\/2022\/08\/60td-rice-mill-plant.jpg\" alt=\"F\u00e1brica de arroz de 60t\/d\" class=\"wp-image-75\"\/><\/a><figcaption class=\"wp-element-caption\">F\u00e1brica de arroz de 60t\/d<\/figcaption><\/figure> <\/div> <\/div>","protected":false},"excerpt":{"rendered":"<p>15T\/D rice mill plant is a small rice processing line. It can produce 800-1000 kg of finished rice each hour, which is very suitable for small rice processing factories. 15T\/D standard rice mill plant contains a combined rice cleaning machine, rice huller machine, paddy separator, rice mill machine, and rice grader. It uses a bucket [&hellip;]<\/p>\n","protected":false},"author":1,"featured_media":92,"parent":0,"template":"","tags":[12,15],"product-type":[5],"class_list":["post-91","product","type-product","status-publish","has-post-thumbnail","hentry","tag-rice-mill-plant","tag-rice-milling","product-type-rice-mill-plant"],"_links":{"self":[{"href":"https:\/\/cnricemill.com\/pt\/wp-json\/wp\/v2\/product\/91","targetHints":{"allow":["GET"]}}],"collection":[{"href":"https:\/\/cnricemill.com\/pt\/wp-json\/wp\/v2\/product"}],"about":[{"href":"https:\/\/cnricemill.com\/pt\/wp-json\/wp\/v2\/types\/product"}],"author":[{"embeddable":true,"href":"https:\/\/cnricemill.com\/pt\/wp-json\/wp\/v2\/users\/1"}],"wp:featuredmedia":[{"embeddable":true,"href":"https:\/\/cnricemill.com\/pt\/wp-json\/wp\/v2\/media\/92"}],"wp:attachment":[{"href":"https:\/\/cnricemill.com\/pt\/wp-json\/wp\/v2\/media?parent=91"}],"wp:term":[{"taxonomy":"post_tag","embeddable":true,"href":"https:\/\/cnricemill.com\/pt\/wp-json\/wp\/v2\/tags?post=91"},{"taxonomy":"product-type","embeddable":true,"href":"https:\/\/cnricemill.com\/pt\/wp-json\/wp\/v2\/product-type?post=91"}],"curies":[{"name":"wp","href":"https:\/\/api.w.org\/{rel}","templated":true}]}}