{"id":537,"date":"2026-04-28T11:22:54","date_gmt":"2026-04-28T03:22:54","guid":{"rendered":"https:\/\/cnricemill.com\/?post_type=product&#038;p=537"},"modified":"2026-04-28T14:05:18","modified_gmt":"2026-04-28T06:05:18","slug":"compact-combined-rice-husk-milling-machine","status":"publish","type":"product","link":"https:\/\/cnricemill.com\/pt\/product\/compact-combined-rice-husk-milling-machine\/","title":{"rendered":"M\u00e1quina Compacta de Moagem de Casca de Arroz Combinada"},"content":{"rendered":"<p class=\"translation-block\">Esta <strong>m\u00e1quina de moagem de casca de arroz<\/strong> \u00e9 um sistema abrangente e integrado que combina fun\u00e7\u00f5es de descascamento e moagem, especificamente projetado para processar arroz paddy em uma \u00fanica passagem. A unidade incorpora uma peneira de limpeza, um destonador por gravidade, um descascador de rolos de borracha e um moinho de arroz de rolos de a\u00e7o, capaz de processar de 400 a 500 quilos de arroz por hora.<\/p>    <p>Para facilitar o uso em regi\u00f5es com fornecimento de energia limitado ou inst\u00e1vel, a m\u00e1quina foi projetada para operar com energia a diesel. Sua pegada compacta permite opera\u00e7\u00f5es de moagem em espa\u00e7os confinados, tornando-se a escolha principal para pequenas comunidades rurais e operadores independentes.<\/p>    <figure class=\"wp-block-embed aligncenter is-type-video is-provider-youtube wp-block-embed-youtube wp-embed-aspect-16-9 wp-has-aspect-ratio\"><div class=\"wp-block-embed__wrapper\"> <iframe loading=\"lazy\" title=\"Rice Husk Milling Machine | Complete Paddy Cleaning, Husking &amp; Rice Milling Process in One Machine\" width=\"500\" height=\"281\" src=\"https:\/\/www.youtube.com\/embed\/jSUqGCPipvs?feature=oembed\" frameborder=\"0\" allow=\"accelerometer; autoplay; clipboard-write; encrypted-media; gyroscope; picture-in-picture; web-share\" referrerpolicy=\"strict-origin-when-cross-origin\" allowfullscreen><\/iframe> <\/div><figcaption class=\"wp-element-caption\">v\u00eddeo de funcionamento da m\u00e1quina de moagem de arroz<\/figcaption><\/figure>    <h2 class=\"wp-block-heading\"><strong>O que \u00e9 uma m\u00e1quina de moagem de arroz combinada?<\/strong><\/h2>    <p>Uma m\u00e1quina combinada de moagem de casca de arroz \u00e9 um sistema integrado de processamento de arroz que consolida v\u00e1rias etapas do processo de produ\u00e7\u00e3o de arroz numa \u00fanica unidade altamente eficiente. Ao contr\u00e1rio das m\u00e1quinas b\u00e1sicas de moagem de arroz, este equipamento \u00e9 capaz de realizar as seguintes opera\u00e7\u00f5es:<\/p>    <ul class=\"wp-block-list\"> <li>Limpeza de arroz paddy<\/li>    <li>Remo\u00e7\u00e3o de impurezas<\/li>    <li>Separa\u00e7\u00e3o de pedras<\/li>    <li>Descascamento (remo\u00e7\u00e3o de cascas de arroz)<\/li>    <li>Separa\u00e7\u00e3o de arroz integral<\/li>    <li>Branqueamento\/Polimento<\/li>    <li>Separa\u00e7\u00e3o de farelo<\/li> <\/ul>    <p>Projetada especificamente para processamento de paddy, transforma o arroz paddy n\u00e3o processado diretamente em arroz branco polido de alta qualidade atrav\u00e9s de um fluxo de trabalho operacional \u00fanico e cont\u00ednuo.<\/p>    <p>Este equipamento \u00e9 particularmente valioso nos seguintes ambientes:<\/p>    <ul class=\"wp-block-list\"> <li>Comunidades agr\u00edcolas rurais<\/li>    <li>Regi\u00f5es com fornecimento de energia limitado<\/li>    <li>Servi\u00e7os m\u00f3veis de moagem de arroz<\/li>    <li>Pequenas a m\u00e9dias unidades de processamento de arroz<\/li>    <li>Cooperativas agr\u00edcolas<\/li> <\/ul>   <div class=\"wp-block-image\"> <figure class=\"aligncenter size-full\"><img loading=\"lazy\" decoding=\"async\" width=\"720\" height=\"540\" src=\"https:\/\/cnricemill.com\/wp-content\/uploads\/2026\/04\/automatic-rice-milling-machine.webp\" alt=\"m\u00e1quina de moagem de arroz autom\u00e1tica\" class=\"wp-image-547\" srcset=\"https:\/\/cnricemill.com\/wp-content\/uploads\/2026\/04\/automatic-rice-milling-machine.webp 720w, https:\/\/cnricemill.com\/wp-content\/uploads\/2026\/04\/automatic-rice-milling-machine-300x225.webp 300w, https:\/\/cnricemill.com\/wp-content\/uploads\/2026\/04\/automatic-rice-milling-machine-16x12.webp 16w\" sizes=\"auto, (max-width: 720px) 100vw, 720px\" \/><figcaption class=\"wp-element-caption\">m\u00e1quina de moagem de arroz autom\u00e1tica<\/figcaption><\/figure> <\/div>   <h2 class=\"wp-block-heading\"><strong>Principais vantagens desta m\u00e1quina de descascamento e moagem de arroz<\/strong><\/h2>    <ol class=\"wp-block-list\"> <li><strong>Altamente integrado:<\/strong> Uma \u00fanica unidade capaz de completar todo o fluxo de trabalho de processamento de arroz.<\/li>    <li><strong>Op\u00e7\u00f5es de energia vers\u00e1teis:<\/strong> Oferecendo um sistema de energia de dupla escolha, suportando tanto diesel quanto eletricidade.<\/li>    <li><strong>Ideal para agricultura off-grid:<\/strong> \u00c9 perfeitamente adequado para uso em regi\u00f5es remotas e uma excelente escolha para startups.<\/li>    <li><strong>Altos retornos comerciais:<\/strong> O equipamento tem uma taxa de arroz partido inferior a 4%, maximizando assim o valor comercial da colheita de arroz.<\/li>    <li><strong>Design compacto:<\/strong> N\u00e3o s\u00f3 economiza espa\u00e7o e facilita o transporte, mas tamb\u00e9m garante instala\u00e7\u00e3o simples e manuten\u00e7\u00e3o sem esfor\u00e7o.<\/li> <\/ol>    <h2 class=\"wp-block-heading\"><strong>Par\u00e2metros t\u00e9cnicos da m\u00e1quina de moagem de casca de arroz 6LN-15\/8.5SR<\/strong><\/h2>    <figure class=\"wp-block-table\"><table class=\"has-fixed-layout\"><thead><tr><th>Par\u00e2metro<\/th><th>Especifica\u00e7\u00e3o<\/th><\/tr><\/thead><tbody><tr><td>Modelo<\/td><td>6LN-15\/8.5SR<\/td><\/tr><tr><td>Capacidade nominal<\/td><td>400\u2013500 kg\/h<\/td><\/tr><tr><td>Pot\u00eancia do motor el\u00e9trico<\/td><td>YE2-180M-4 \/ 18,5 KW<\/td><\/tr><tr><td>Pot\u00eancia do motor a diesel<\/td><td>ZS1130 \/ 30 HP<\/td><\/tr><tr><td>Taxa de moagem de arroz<\/td><td>&gt;65%<\/td><\/tr><tr><td>Taxa de arroz quebrado pequeno<\/td><td>&lt;4%<\/td><\/tr><tr><td>Dimens\u00e3o do rolo de borracha<\/td><td>Rolo de 6 polegadas<\/td><\/tr><tr><td>Dimens\u00e3o do rolo de a\u00e7o<\/td><td>\u03c685 mm<\/td><\/tr><tr><td>Peso total<\/td><td>730 kg<\/td><\/tr><tr><td>Dimens\u00f5es da m\u00e1quina<\/td><td>2650\u00d71250\u00d72350 mm<\/td><\/tr><tr><td>Dimens\u00f5es de embalagem do moinho de arroz<\/td><td>1850\u00d71080\u00d72440 mm<\/td><\/tr><tr><td>Dimens\u00f5es de embalagem do motor a diesel<\/td><td>910\u00d7440\u00d7760 mm<\/td><\/tr><\/tbody><\/table><figcaption class=\"wp-element-caption\">par\u00e2metros da m\u00e1quina de moagem de casca de arroz<\/figcaption><\/figure>    <h2 class=\"wp-block-heading\"><strong>Estrutura e fun\u00e7\u00f5es dos componentes da m\u00e1quina integrada de descascamento e processamento de arroz<\/strong><\/h2>    <p>O equipamento completo consiste principalmente na entrada de arroz paddy, dois elevadores, peneira de limpeza horizontal, destonador por gravidade, descascador de rolos de borracha, separador de arroz paddy-marrom e branqueador de arroz de rolos de a\u00e7o. Suas fun\u00e7\u00f5es respectivas s\u00e3o as seguintes:<\/p>   <div class=\"wp-block-image\"> <figure class=\"aligncenter size-full\"><img loading=\"lazy\" decoding=\"async\" width=\"720\" height=\"540\" src=\"https:\/\/cnricemill.com\/wp-content\/uploads\/2026\/04\/structure-of-rice-milling-machine.webp\" alt=\"Estrutura da m\u00e1quina de moagem de arroz\" class=\"wp-image-539\" srcset=\"https:\/\/cnricemill.com\/wp-content\/uploads\/2026\/04\/structure-of-rice-milling-machine.webp 720w, https:\/\/cnricemill.com\/wp-content\/uploads\/2026\/04\/structure-of-rice-milling-machine-300x225.webp 300w, https:\/\/cnricemill.com\/wp-content\/uploads\/2026\/04\/structure-of-rice-milling-machine-16x12.webp 16w\" sizes=\"auto, (max-width: 720px) 100vw, 720px\" \/><figcaption class=\"wp-element-caption\">Estrutura da m\u00e1quina de moagem de arroz<\/figcaption><\/figure> <\/div>   <ol class=\"wp-block-list\"> <li>Entrada de arroz paddy: Equipado com uma estrutura de a\u00e7o robusta, suporta opera\u00e7\u00f5es alimentadas por saco, garantindo um fluxo conveniente e suave de arroz paddy para o sistema.<\/li>    <li>Dois elevadores: Respons\u00e1veis por transportar o arroz entre as etapas de limpeza e descascamento. Um \u00fanico sistema de energia aciona ambos os canais de transporte, garantindo que cada opera\u00e7\u00e3o seja independente e livre de interfer\u00eancias.<\/li>    <li>Peneira de limpeza horizontal: Remove part\u00edculas grandes e impurezas finas do arroz paddy.<\/li>    <li>Destonador por fluxo de ar: Utiliza princ\u00edpios de separa\u00e7\u00e3o por fluxo de ar para remover pedras e objetos pesados estranhos.<\/li>    <li>Descascador de rolos de borracha: Facilita a remo\u00e7\u00e3o da casca exterior do arroz para produzir arroz integral.<\/li>    <li>Separador de arroz paddy-marrom: Remove cascas (farelo) para melhorar a qualidade e efici\u00eancia do processo de descascamento.<\/li>    <li>Branqueador de arroz de rolos de a\u00e7o: Processa o arroz integral para remover a camada de farelo, melhorando a apar\u00eancia visual e a qualidade dos gr\u00e3os de arroz.<\/li> <\/ol>    <figure class=\"wp-block-gallery has-nested-images columns-default is-cropped wp-block-gallery-2 is-layout-flex wp-block-gallery-is-layout-flex\"> <figure class=\"wp-block-image size-large\"><img loading=\"lazy\" decoding=\"async\" width=\"720\" height=\"540\" data-id=\"540\" src=\"https:\/\/cnricemill.com\/wp-content\/uploads\/2026\/04\/double-elevator.webp\" alt=\"doble elevador\" class=\"wp-image-540\" srcset=\"https:\/\/cnricemill.com\/wp-content\/uploads\/2026\/04\/double-elevator.webp 720w, https:\/\/cnricemill.com\/wp-content\/uploads\/2026\/04\/double-elevator-300x225.webp 300w, https:\/\/cnricemill.com\/wp-content\/uploads\/2026\/04\/double-elevator-16x12.webp 16w\" sizes=\"auto, (max-width: 720px) 100vw, 720px\" \/><figcaption class=\"wp-element-caption\">doble elevador<\/figcaption><\/figure>    <figure class=\"wp-block-image size-full\"><img loading=\"lazy\" decoding=\"async\" width=\"720\" height=\"540\" data-id=\"546\" src=\"https:\/\/cnricemill.com\/wp-content\/uploads\/2026\/04\/horizontal-cleaning-sieve.webp\" alt=\"peneira de limpeza horizontal\" class=\"wp-image-546\" srcset=\"https:\/\/cnricemill.com\/wp-content\/uploads\/2026\/04\/horizontal-cleaning-sieve.webp 720w, https:\/\/cnricemill.com\/wp-content\/uploads\/2026\/04\/horizontal-cleaning-sieve-300x225.webp 300w, https:\/\/cnricemill.com\/wp-content\/uploads\/2026\/04\/horizontal-cleaning-sieve-16x12.webp 16w\" sizes=\"auto, (max-width: 720px) 100vw, 720px\" \/><figcaption class=\"wp-element-caption\">peneira de limpeza horizontal<\/figcaption><\/figure>    <figure class=\"wp-block-image size-large\"><img loading=\"lazy\" decoding=\"async\" width=\"720\" height=\"540\" data-id=\"541\" src=\"https:\/\/cnricemill.com\/wp-content\/uploads\/2026\/04\/gravity-destoner.webp\" alt=\"destonador por gravidade\" class=\"wp-image-541\" srcset=\"https:\/\/cnricemill.com\/wp-content\/uploads\/2026\/04\/gravity-destoner.webp 720w, https:\/\/cnricemill.com\/wp-content\/uploads\/2026\/04\/gravity-destoner-300x225.webp 300w, https:\/\/cnricemill.com\/wp-content\/uploads\/2026\/04\/gravity-destoner-16x12.webp 16w\" sizes=\"auto, (max-width: 720px) 100vw, 720px\" \/><figcaption class=\"wp-element-caption\">destonador por gravidade<\/figcaption><\/figure>    <figure class=\"wp-block-image size-large\"><img loading=\"lazy\" decoding=\"async\" width=\"720\" height=\"540\" data-id=\"542\" src=\"https:\/\/cnricemill.com\/wp-content\/uploads\/2026\/04\/paddy-separator.webp\" alt=\"Separador de arroz de casca\" class=\"wp-image-542\" srcset=\"https:\/\/cnricemill.com\/wp-content\/uploads\/2026\/04\/paddy-separator.webp 720w, https:\/\/cnricemill.com\/wp-content\/uploads\/2026\/04\/paddy-separator-300x225.webp 300w, https:\/\/cnricemill.com\/wp-content\/uploads\/2026\/04\/paddy-separator-16x12.webp 16w\" sizes=\"auto, (max-width: 720px) 100vw, 720px\" \/><figcaption class=\"wp-element-caption\">Separador de arroz de casca<\/figcaption><\/figure>    <figure class=\"wp-block-image size-large\"><img loading=\"lazy\" decoding=\"async\" width=\"720\" height=\"540\" data-id=\"544\" src=\"https:\/\/cnricemill.com\/wp-content\/uploads\/2026\/04\/rubber-roller-husker.webp\" alt=\"descascador de rolos de borracha\" class=\"wp-image-544\" srcset=\"https:\/\/cnricemill.com\/wp-content\/uploads\/2026\/04\/rubber-roller-husker.webp 720w, https:\/\/cnricemill.com\/wp-content\/uploads\/2026\/04\/rubber-roller-husker-300x225.webp 300w, https:\/\/cnricemill.com\/wp-content\/uploads\/2026\/04\/rubber-roller-husker-16x12.webp 16w\" sizes=\"auto, (max-width: 720px) 100vw, 720px\" \/><figcaption class=\"wp-element-caption\">descascador de rolos de borracha<\/figcaption><\/figure>    <figure class=\"wp-block-image size-large\"><img loading=\"lazy\" decoding=\"async\" width=\"720\" height=\"540\" data-id=\"545\" src=\"https:\/\/cnricemill.com\/wp-content\/uploads\/2026\/04\/steel-roller-rice-mill.webp\" alt=\"moinho de arroz de rolos de a\u00e7o\" class=\"wp-image-545\" srcset=\"https:\/\/cnricemill.com\/wp-content\/uploads\/2026\/04\/steel-roller-rice-mill.webp 720w, https:\/\/cnricemill.com\/wp-content\/uploads\/2026\/04\/steel-roller-rice-mill-300x225.webp 300w, https:\/\/cnricemill.com\/wp-content\/uploads\/2026\/04\/steel-roller-rice-mill-16x12.webp 16w\" sizes=\"auto, (max-width: 720px) 100vw, 720px\" \/><figcaption class=\"wp-element-caption\">moinho de arroz de rolos de a\u00e7o<\/figcaption><\/figure> <\/figure>    <h2 class=\"wp-block-heading\"><strong>M\u00e1quina combinada de moagem de casca de arroz vs moinho de arroz comum<\/strong><\/h2>    <figure class=\"wp-block-table\"><table class=\"has-fixed-layout\"><thead><tr><th>Recurso<\/th><th>M\u00e1quina de Moagem de Casca de Arroz<\/th><th>Moinho de Arroz Comum<\/th><\/tr><\/thead><tbody><tr><td>Limpeza de arroz paddy<\/td><td>Peneira de limpeza integrada<\/td><td>Frequentemente separado ou indispon\u00edvel<\/td><\/tr><tr><td>Desstonagem<\/td><td>Destonador de gravidade embutido<\/td><td>Normalmente n\u00e3o inclu\u00eddo<\/td><\/tr><tr><td>Efici\u00eancia de descascamento<\/td><td>&gt;85% de descascador de rolos de borracha<\/td><td>Menor ou menos eficiente<\/td><\/tr><tr><td>Branqueamento de arroz<\/td><td>Branqueamento com rolos de a\u00e7o<\/td><td>Apenas moagem b\u00e1sica<\/td><\/tr><tr><td>Op\u00e7\u00f5es de energia<\/td><td>Diesel   El\u00e9trico<\/td><td>Principalmente el\u00e9trico<\/td><\/tr><tr><td>Mobilidade<\/td><td>Alto<\/td><td>Baixo<\/td><\/tr><tr><td>Taxa de arroz quebrado<\/td><td>&lt;4%<\/td><td>Mais alto<\/td><\/tr><tr><td>Produtividade<\/td><td>400\u2013500 kg\/h<\/td><td>Mais baixo<\/td><\/tr><tr><td>Instala\u00e7\u00e3o<\/td><td>Compacto e f\u00e1cil<\/td><td>Pegada maior<\/td><\/tr><tr><td>\u00c1reas adequadas<\/td><td>Regi\u00f5es rurais, m\u00f3veis, com escassez de energia<\/td><td>Apenas fornecimento de energia est\u00e1vel<\/td><\/tr><tr><td>Retorno do investimento<\/td><td>Alto<\/td><td>Moderado<\/td><\/tr><tr><td>Qualidade do arroz<\/td><td>Arroz com alto brilho, mais limpo<\/td><td>Qualidade padr\u00e3o<\/td><\/tr><\/tbody><\/table><figcaption class=\"wp-element-caption\">compara\u00e7\u00e3o entre moinhos de arroz integrados e unidades de moagem de arroz<\/figcaption><\/figure>    <p class=\"translation-block\">Se precisar de uma produ\u00e7\u00e3o maior ou de um fluxo de trabalho de processamento de arroz mais abrangente, uma <a href=\"https:\/\/cnricemill.com\/pt\/product\/15t-d-rice-mill-plant\/\">unidade de moagem de arroz<\/a> pode atender \u00e0s suas necessidades!<\/p>    <h2 class=\"wp-block-heading\"><strong>Entre em contato conosco para suas solu\u00e7\u00f5es de processamento de arroz!<\/strong><\/h2>    <p>Esta m\u00e1quina de moagem de casca de arroz \u00e9 uma solu\u00e7\u00e3o avan\u00e7ada e tudo-em-um, projetada especificamente para atender \u00e0s demandas da agricultura moderna. Ao integrar processos de limpeza, destonagem, descascamento e branqueamento em uma \u00fanica unidade, ela melhora significativamente a qualidade do arroz, a efici\u00eancia operacional e a rentabilidade.<\/p>    <p>Quer seja um agricultor, um empreendedor rural ou um processador de arroz comercial \u2014 e especialmente para aqueles em regi\u00f5es com fornecimento de energia limitado ou requisitos crescentes de produ\u00e7\u00e3o de arroz \u2014 esta m\u00e1quina representa uma escolha ideal que \u00e9 pr\u00e1tica e possui um potencial imenso de rentabilidade.<\/p>    <p>Contacte-nos para receber os pre\u00e7os e informa\u00e7\u00f5es mais recentes.<\/p>","protected":false},"excerpt":{"rendered":"<p>This rice hulling and milling machine is a comprehensive, integrated system designed specifically to process paddy rice in a single pass. By combining a cleaning sieve, gravity destoner, rubber-roller husker, and steel-roller miller into a single unit, it empowers users to achieve high-quality and highly efficient rice production.<\/p>","protected":false},"author":1,"featured_media":538,"parent":0,"template":"","tags":[14],"product-type":[5],"class_list":["post-537","product","type-product","status-publish","has-post-thumbnail","hentry","tag-rice","product-type-rice-mill-plant"],"_links":{"self":[{"href":"https:\/\/cnricemill.com\/pt\/wp-json\/wp\/v2\/product\/537","targetHints":{"allow":["GET"]}}],"collection":[{"href":"https:\/\/cnricemill.com\/pt\/wp-json\/wp\/v2\/product"}],"about":[{"href":"https:\/\/cnricemill.com\/pt\/wp-json\/wp\/v2\/types\/product"}],"author":[{"embeddable":true,"href":"https:\/\/cnricemill.com\/pt\/wp-json\/wp\/v2\/users\/1"}],"wp:featuredmedia":[{"embeddable":true,"href":"https:\/\/cnricemill.com\/pt\/wp-json\/wp\/v2\/media\/538"}],"wp:attachment":[{"href":"https:\/\/cnricemill.com\/pt\/wp-json\/wp\/v2\/media?parent=537"}],"wp:term":[{"taxonomy":"post_tag","embeddable":true,"href":"https:\/\/cnricemill.com\/pt\/wp-json\/wp\/v2\/tags?post=537"},{"taxonomy":"product-type","embeddable":true,"href":"https:\/\/cnricemill.com\/pt\/wp-json\/wp\/v2\/product-type?post=537"}],"curies":[{"name":"wp","href":"https:\/\/api.w.org\/{rel}","templated":true}]}}