{"id":513,"date":"2026-03-24T15:18:44","date_gmt":"2026-03-24T07:18:44","guid":{"rendered":"https:\/\/cnricemill.com\/?post_type=product&#038;p=513"},"modified":"2026-03-30T13:34:50","modified_gmt":"2026-03-30T05:34:50","slug":"25tpd-rice-processing-equipment","status":"publish","type":"product","link":"https:\/\/cnricemill.com\/pt\/product\/25tpd-rice-processing-equipment\/","title":{"rendered":"Equipamento de processamento de arroz de 25TPD | Solu\u00e7\u00f5es completas de moagem de arroz"},"content":{"rendered":"<p>O equipamento completo de processamento de arroz de 25 TPD \u00e9 uma escolha ideal para pequenas e m\u00e9dias empresas de processamento de arroz. Inclui m\u00faltiplas etapas de processamento \u2014 incluindo moagem, polimento, classifica\u00e7\u00e3o e embalagem \u2014 permitindo o manuseio totalmente automatizado de arroz em f\u00e1bricas de processamento de arroz.<\/p>    <h2 class=\"wp-block-heading\">Dois tipos de equipamentos de processamento de arroz de 25 TPD<\/h2>    <h3 class=\"wp-block-heading\"><strong>Linha de processamento de arroz de estrutura de a\u00e7o<\/strong><\/h3>    <p>Limpeza e manuten\u00e7\u00e3o mais f\u00e1ceis<\/p>    <ul class=\"wp-block-list\"> <li>Maior efici\u00eancia na utiliza\u00e7\u00e3o do espa\u00e7o<\/li>    <li>Fluxo de trabalho de produ\u00e7\u00e3o mais organizado<\/li>    <li>Maior conveni\u00eancia para inspe\u00e7\u00e3o e opera\u00e7\u00e3o<\/li>    <li>Este tipo envolve a instala\u00e7\u00e3o do equipamento diretamente no ch\u00e3o, eliminando a necessidade de construir uma plataforma de estrutura de a\u00e7o.<\/li> <\/ul>    <h3 class=\"wp-block-heading\"><strong>Instala\u00e7\u00e3o de processamento de arroz sem estrutura de a\u00e7o<\/strong><\/h3>    <p>Custos iniciais de investimento mais baixos<\/p>    <p class=\"translation-block\"><strong>Vantagens<\/strong>:<\/p>    <ul class=\"wp-block-list\"> <li>Instala\u00e7\u00e3o simples<\/li>    <li>Adequado para utilizadores com or\u00e7amentos limitados<\/li>    <li>Relativamente inconveniente para manuten\u00e7\u00e3o e limpeza<\/li> <\/ul>    <p class=\"translation-block\"><strong>Desvantagens<\/strong>:<\/p>    <ul class=\"wp-block-list\"> <li>Ocupa uma \u00e1rea de piso maior<\/li>    <li>Esta \u00e9 a solu\u00e7\u00e3o b\u00e1sica mais comum e equilibrada, composta por: um destonador de arroz de casta, um descascador de arroz, dois branqueadores de arroz, um separador de arroz por gravidade, um classificador de cores, um polidor de arroz, um classificador de arroz branco e uma m\u00e1quina de pesagem e embalagem.<\/li> <\/ul>    <h2 class=\"wp-block-heading\"><strong>Solu\u00e7\u00f5es de unidades de moagem de arroz com v\u00e1rias configura\u00e7\u00f5es<\/strong><\/h2>    <h3 class=\"wp-block-heading\"><strong>M\u00e1quina de moagem de arroz de 25 TPD com estrutura de a\u00e7o<\/strong><\/h3>    <h4 class=\"wp-block-heading\"><strong>Op\u00e7\u00e3o 1<\/strong><\/h4>    <p>op\u00e7\u00e3o 1: m\u00e1quina de moagem de arroz de 25TPD<\/p>   <div class=\"wp-block-image\"> <figure class=\"aligncenter size-full\"><img loading=\"lazy\" decoding=\"async\" width=\"720\" height=\"540\" src=\"https:\/\/cnricemill.com\/wp-content\/uploads\/2026\/03\/option-1-25TPD-rice-milling-machine.webp\" alt=\"op\u00e7\u00e3o 2 planta de moagem de arroz de 25TPD\" class=\"wp-image-518\" srcset=\"https:\/\/cnricemill.com\/wp-content\/uploads\/2026\/03\/option-1-25TPD-rice-milling-machine.webp 720w, https:\/\/cnricemill.com\/wp-content\/uploads\/2026\/03\/option-1-25TPD-rice-milling-machine-300x225.webp 300w, https:\/\/cnricemill.com\/wp-content\/uploads\/2026\/03\/option-1-25TPD-rice-milling-machine-16x12.webp 16w\" sizes=\"auto, (max-width: 720px) 100vw, 720px\" \/><figcaption class=\"wp-element-caption\">Em compara\u00e7\u00e3o com a Op\u00e7\u00e3o 1, este equipamento de processamento de arroz incorpora um bin de armazenamento intermedi\u00e1rio para arroz acabado antes da etapa de embalagem e reposiciona o classificador de cores para seguir o classificador de arroz branco.<\/figcaption><\/figure> <\/div>   <h4 class=\"wp-block-heading\"><strong>Op\u00e7\u00e3o 2<\/strong><\/h4>    <p>Os benef\u00edcios desta ajustamento incluem a adi\u00e7\u00e3o de uma capacidade de armazenamento de buffer \u2014 garantindo um processo de embalagem cont\u00ednuo e sequencial \u2014 bem como uma sequ\u00eancia de classifica\u00e7\u00e3o otimizada que melhora a pureza do arroz acabado. Esta solu\u00e7\u00e3o \u00e9 ideal para instala\u00e7\u00f5es que procuram um fluxo de produ\u00e7\u00e3o mais suave e menor tempo de inatividade.<\/p>    <p>op\u00e7\u00e3o 2: planta de moagem de arroz de 25TPD<\/p>   <div class=\"wp-block-image\"> <figure class=\"aligncenter size-full\"><img loading=\"lazy\" decoding=\"async\" width=\"720\" height=\"540\" src=\"https:\/\/cnricemill.com\/wp-content\/uploads\/2026\/03\/option-2-25TPD-rice-mill-plant.webp\" alt=\"op\u00e7\u00e3o 3 equipamentos de processamento de arroz de 25TPD\" class=\"wp-image-519\" srcset=\"https:\/\/cnricemill.com\/wp-content\/uploads\/2026\/03\/option-2-25TPD-rice-mill-plant.webp 720w, https:\/\/cnricemill.com\/wp-content\/uploads\/2026\/03\/option-2-25TPD-rice-mill-plant-300x225.webp 300w, https:\/\/cnricemill.com\/wp-content\/uploads\/2026\/03\/option-2-25TPD-rice-mill-plant-16x12.webp 16w\" sizes=\"auto, (max-width: 720px) 100vw, 720px\" \/><figcaption class=\"wp-element-caption\">Em compara\u00e7\u00e3o com o Esquema de Configura\u00e7\u00e3o 1, esta configura\u00e7\u00e3o incorpora uma m\u00e1quina de moagem de arroz adicional e reposiciona o classificador de cores para preceder o classificador de arroz branco.<\/figcaption><\/figure> <\/div>   <h4 class=\"wp-block-heading\"><strong>Op\u00e7\u00e3o 3<\/strong><\/h4>    <p>Esta modifica\u00e7\u00e3o resulta em arroz mais branco, melhor apar\u00eancia do gr\u00e3o e maior controlo sobre o arroz quebrado.<\/p>    <p>Ao realizar a classifica\u00e7\u00e3o por cores numa fase anterior \u2014 especificamente antes da classifica\u00e7\u00e3o \u2014 as gr\u00e3os defeituosos podem ser removidos de forma eficaz antes do in\u00edcio do processo de classifica\u00e7\u00e3o. Esta configura\u00e7\u00e3o \u00e9 ideal para opera\u00e7\u00f5es de processamento de arroz de alta gama e mercado de exporta\u00e7\u00e3o.<\/p>    <p>op\u00e7\u00e3o 3: equipamento de processamento de arroz de 25TPD<\/p>   <div class=\"wp-block-image\"> <figure class=\"aligncenter size-full\"><img loading=\"lazy\" decoding=\"async\" width=\"720\" height=\"540\" src=\"https:\/\/cnricemill.com\/wp-content\/uploads\/2026\/03\/option-3-25TPD-rice-processing-equipment.webp\" alt=\"op\u00e7\u00e3o 1 planta de moagem de arroz completa\" class=\"wp-image-520\" srcset=\"https:\/\/cnricemill.com\/wp-content\/uploads\/2026\/03\/option-3-25TPD-rice-processing-equipment.webp 720w, https:\/\/cnricemill.com\/wp-content\/uploads\/2026\/03\/option-3-25TPD-rice-processing-equipment-300x225.webp 300w, https:\/\/cnricemill.com\/wp-content\/uploads\/2026\/03\/option-3-25TPD-rice-processing-equipment-16x12.webp 16w\" sizes=\"auto, (max-width: 720px) 100vw, 720px\" \/><figcaption class=\"wp-element-caption\">Esta configura\u00e7\u00e3o de equipamento de processamento de arroz representa um layout estrutural de estrutura de a\u00e7o de \u00faltima gera\u00e7\u00e3o:<\/figcaption><\/figure> <\/div>   <h4 class=\"wp-block-heading\"><strong>Op\u00e7\u00e3o 4<\/strong><\/h4>    <p>Inclui a adi\u00e7\u00e3o de um bin de armazenamento de arroz cru.<\/p>    <ul class=\"wp-block-list\"> <li>Est\u00e1 equipado com tr\u00eas m\u00e1quinas de moagem de arroz.<\/li>    <li>Inclui duas m\u00e1quinas de classifica\u00e7\u00e3o de arroz branco.<\/li>    <li>Um bin de resfriamento foi instalado entre o polidor de arroz e a primeira m\u00e1quina de classifica\u00e7\u00e3o.<\/li>    <li>Um bin de armazenamento de arroz acabado foi adicionado antes da etapa de embalagem.<\/li>    <li>O sistema de classifica\u00e7\u00e3o em m\u00faltiplas etapas aumenta a precis\u00e3o da classifica\u00e7\u00e3o do arroz, enquanto o sistema de resfriamento dentro do bin de resfriamento melhora a qualidade do arroz e minimiza a taxa de arroz quebrado.<\/li> <\/ul>    <p>Al\u00e9m disso, seu sistema de armazenamento abrangente fornece suporte robusto para opera\u00e7\u00f5es de produ\u00e7\u00e3o cont\u00ednua em grande escala. Garantindo que a qualidade do arroz e a consist\u00eancia do lote atinjam n\u00edveis \u00f3timos, esta configura\u00e7\u00e3o \u00e9 a escolha ideal tanto para opera\u00e7\u00f5es industriais quanto comerciais de grande escala. <\/p>    <p>V\u00eddeo de funcionamento da planta de moagem de arroz de 25TPD<\/p>    <figure class=\"wp-block-embed aligncenter is-type-video is-provider-youtube wp-block-embed-youtube wp-embed-aspect-16-9 wp-has-aspect-ratio\"><div class=\"wp-block-embed__wrapper\"> <iframe loading=\"lazy\" title=\"equipamentos de processamento de arroz\" width=\"500\" height=\"281\" src=\"https:\/\/www.youtube.com\/embed\/zvNIWBwPGDY?feature=oembed\" frameborder=\"0\" allow=\"accelerometer; autoplay; clipboard-write; encrypted-media; gyroscope; picture-in-picture; web-share\" referrerpolicy=\"strict-origin-when-cross-origin\" allowfullscreen><\/iframe> <\/div><figcaption class=\"wp-element-caption\">Esta solu\u00e7\u00e3o abrange uma linha de processamento e produ\u00e7\u00e3o completa, cobrindo todo o fluxo de trabalho da produ\u00e7\u00e3o padr\u00e3o de arroz, incluindo: um destonador, um descascador, um separador de arroz de casta, dois branqueadores de arroz, um polidor, um classificador, um classificador de cores e uma m\u00e1quina de embalagem.<\/figcaption><\/figure>    <h3 class=\"wp-block-heading\"><strong>M\u00e1quina de moagem de arroz de 25 TPD sem estrutura de a\u00e7o<\/strong><\/h3>    <h4 class=\"wp-block-heading\"><strong>Op\u00e7\u00e3o 1<\/strong><\/h4>    <p>op\u00e7\u00e3o 1: planta de moagem de arroz completa<\/p>   <div class=\"wp-block-image\"> <figure class=\"aligncenter size-full\"><img loading=\"lazy\" decoding=\"async\" width=\"720\" height=\"540\" src=\"https:\/\/cnricemill.com\/wp-content\/uploads\/2026\/03\/option-1-complete-rice-milling-plant.webp\" alt=\"op\u00e7\u00e3o 3 m\u00e1quina de moagem de arroz autom\u00e1tica\" class=\"wp-image-522\" srcset=\"https:\/\/cnricemill.com\/wp-content\/uploads\/2026\/03\/option-1-complete-rice-milling-plant.webp 720w, https:\/\/cnricemill.com\/wp-content\/uploads\/2026\/03\/option-1-complete-rice-milling-plant-300x225.webp 300w, https:\/\/cnricemill.com\/wp-content\/uploads\/2026\/03\/option-1-complete-rice-milling-plant-16x12.webp 16w\" sizes=\"auto, (max-width: 720px) 100vw, 720px\" \/><figcaption class=\"wp-element-caption\">Em compara\u00e7\u00e3o com o Esquema de Configura\u00e7\u00e3o 1, este esquema incorpora um bin de armazenamento intermedi\u00e1rio para arroz acabado antes da etapa de embalagem, aumentando assim a continuidade da produ\u00e7\u00e3o.<\/figcaption><\/figure> <\/div>   <h4 class=\"wp-block-heading\"><strong>Op\u00e7\u00e3o 2<\/strong><\/h4>    <p>Al\u00e9m disso, um classificador de cores foi adicionado a montante do classificador de arroz branco para facilitar a remo\u00e7\u00e3o mais eficiente de impurezas durante as primeiras fases do fluxo de trabalho de processamento. <\/p>    <p>op\u00e7\u00e3o 2: m\u00e1quina de moagem de arroz comercial<\/p>   <div class=\"wp-block-image\"> <figure class=\"aligncenter size-full\"><img loading=\"lazy\" decoding=\"async\" width=\"720\" height=\"540\" src=\"https:\/\/cnricemill.com\/wp-content\/uploads\/2026\/03\/option-2-commercial-rice-milling-machine.webp\" alt=\"op\u00e7\u00e3o 4 planta de moagem de arroz moderna\" class=\"wp-image-524\" srcset=\"https:\/\/cnricemill.com\/wp-content\/uploads\/2026\/03\/option-2-commercial-rice-milling-machine.webp 720w, https:\/\/cnricemill.com\/wp-content\/uploads\/2026\/03\/option-2-commercial-rice-milling-machine-300x225.webp 300w, https:\/\/cnricemill.com\/wp-content\/uploads\/2026\/03\/option-2-commercial-rice-milling-machine-16x12.webp 16w\" sizes=\"auto, (max-width: 720px) 100vw, 720px\" \/><figcaption class=\"wp-element-caption\">Este esquema de configura\u00e7\u00e3o elimina as m\u00e1quinas de polimento, classifica\u00e7\u00e3o por cor e embalagem, mantendo apenas o equipamento de processamento principal.<\/figcaption><\/figure> <\/div>   <h4 class=\"wp-block-heading\"><strong>Op\u00e7\u00e3o 3<\/strong><\/h4>    <p>Representa a op\u00e7\u00e3o de investimento de menor custo entre todos os esquemas dispon\u00edveis, sendo adequada para pequenos agricultores ou moagem de arroz para consumo pr\u00f3prio local; o arroz resultante geralmente possui menor qualidade e valor de mercado.<\/p>    <p>op\u00e7\u00e3o 3: m\u00e1quina de moagem de arroz autom\u00e1tica<\/p>   <div class=\"wp-block-image\"> <figure class=\"aligncenter size-full\"><img loading=\"lazy\" decoding=\"async\" width=\"720\" height=\"540\" src=\"https:\/\/cnricemill.com\/wp-content\/uploads\/2026\/03\/option-3-automatic-rice-milling-machine.webp\" alt=\"op\u00e7\u00e3o 2 m\u00e1quina de moagem de arroz comercial\" class=\"wp-image-523\" srcset=\"https:\/\/cnricemill.com\/wp-content\/uploads\/2026\/03\/option-3-automatic-rice-milling-machine.webp 720w, https:\/\/cnricemill.com\/wp-content\/uploads\/2026\/03\/option-3-automatic-rice-milling-machine-300x225.webp 300w, https:\/\/cnricemill.com\/wp-content\/uploads\/2026\/03\/option-3-automatic-rice-milling-machine-16x12.webp 16w\" sizes=\"auto, (max-width: 720px) 100vw, 720px\" \/><figcaption class=\"wp-element-caption\">Em compara\u00e7\u00e3o com a configura\u00e7\u00e3o b\u00e1sica do equipamento de processamento de arroz da Solu\u00e7\u00e3o 1, esta op\u00e7\u00e3o remove a m\u00e1quina de polimento, mantendo o classificador de cores e a m\u00e1quina de embalagem.<\/figcaption><\/figure> <\/div>   <h4 class=\"wp-block-heading\"><strong>Op\u00e7\u00e3o 4<\/strong><\/h4>    <p>Ao reduzir os custos do equipamento sem comprometer a qualidade da classifica\u00e7\u00e3o, \u00e9 adequado para o mercado de gama m\u00e9dia, onde os requisitos est\u00e9ticos s\u00e3o relativamente menos rigorosos. <\/p>    <p>op\u00e7\u00e3o 4: planta de moagem de arroz moderna<\/p>   <div class=\"wp-block-image\"> <figure class=\"aligncenter size-full\"><img loading=\"lazy\" decoding=\"async\" width=\"720\" height=\"540\" src=\"https:\/\/cnricemill.com\/wp-content\/uploads\/2026\/03\/option-4-modern-rice-mill-plant.webp\" alt=\"op\u00e7\u00e3o 5 planta de moagem de arroz totalmente autom\u00e1tica\" class=\"wp-image-525\" srcset=\"https:\/\/cnricemill.com\/wp-content\/uploads\/2026\/03\/option-4-modern-rice-mill-plant.webp 720w, https:\/\/cnricemill.com\/wp-content\/uploads\/2026\/03\/option-4-modern-rice-mill-plant-300x225.webp 300w, https:\/\/cnricemill.com\/wp-content\/uploads\/2026\/03\/option-4-modern-rice-mill-plant-16x12.webp 16w\" sizes=\"auto, (max-width: 720px) 100vw, 720px\" \/><figcaption class=\"wp-element-caption\">Esta configura\u00e7\u00e3o atualiza o sistema de moagem para incorporar tr\u00eas branqueadores de arroz, resultando em maior efici\u00eancia de branqueamento e maior produ\u00e7\u00e3o.<\/figcaption><\/figure> <\/div>   <h4 class=\"wp-block-heading\"><strong>Perguntas frequentes sobre equipamentos de processamento de arroz<\/strong><\/h4>    <p>No entanto, devido \u00e0 aus\u00eancia de uma etapa de classifica\u00e7\u00e3o por cores, a qualidade visual do arroz \u00e9 relativamente inferior, sendo mais adequada para opera\u00e7\u00f5es de processamento de arroz em grande escala e mercados sens\u00edveis ao pre\u00e7o. <\/p>    <p>op\u00e7\u00e3o 5: planta de moagem de arroz totalmente autom\u00e1tica<\/p>   <div class=\"wp-block-image\"> <figure class=\"aligncenter size-full\"><img loading=\"lazy\" decoding=\"async\" width=\"720\" height=\"540\" src=\"https:\/\/cnricemill.com\/wp-content\/uploads\/2026\/03\/option-5-fully-automatic-rice-mill-plant.webp\" alt=\"Op\u00e7\u00e3o 5: planta de moinho de arroz totalmente autom\u00e1tica\" class=\"wp-image-526\" srcset=\"https:\/\/cnricemill.com\/wp-content\/uploads\/2026\/03\/option-5-fully-automatic-rice-mill-plant.webp 720w, https:\/\/cnricemill.com\/wp-content\/uploads\/2026\/03\/option-5-fully-automatic-rice-mill-plant-300x225.webp 300w, https:\/\/cnricemill.com\/wp-content\/uploads\/2026\/03\/option-5-fully-automatic-rice-mill-plant-16x12.webp 16w\" sizes=\"auto, (max-width: 720px) 100vw, 720px\" \/><figcaption class=\"wp-element-caption\">Um polidor de arroz melhora o brilho e a limpeza da apar\u00eancia do arroz, aumentando assim o seu valor de mercado e tornando-o mais atrativo para os consumidores.<\/figcaption><\/figure> <\/div>   <h2 class=\"wp-block-heading\"><strong>Como escolher o equipamento de processamento de arroz adequado?<\/strong><\/h2>   <div id=\"rank-math-faq\" class=\"rank-math-block\"> <div class=\"rank-math-list\"> <div id=\"faq-question-1774232902550\" class=\"rank-math-list-item\"> <h3 class=\"rank-math-question\">O que \u00e9 equipamento de moagem de arroz de 25TPD?<\/h3> <div class=\"rank-math-answer\">  <p>Equipamento de processamento de arroz de 25TPD refere-se a um conjunto completo de m\u00e1quinas de moagem de arroz com uma capacidade di\u00e1ria de processamento de 25 toneladas de arroz de casta. Este equipamento inclui v\u00e1rias m\u00e1quinas cobrindo etapas como limpeza, descascamento, moagem, polimento, classifica\u00e7\u00e3o e embalagem.<\/p>  <\/div> <\/div> <div id=\"faq-question-1774233854539\" class=\"rank-math-list-item\"> <h3 class=\"rank-math-question\">Qual \u00e9 a diferen\u00e7a entre uma moagem de estrutura de a\u00e7o e uma sem estrutura de a\u00e7o?<\/h3> <div class=\"rank-math-answer\">  <p>Uma estrutura de a\u00e7o \u00e9 mais f\u00e1cil de limpar, apresenta um layout mais racional e oferece maior efici\u00eancia operacional. Por outro lado, uma estrutura n\u00e3o de a\u00e7o tem custos mais baixos e um processo de instala\u00e7\u00e3o mais simples. Para utilizadores que requerem produ\u00e7\u00e3o industrial a longo prazo, recomenda-se um sistema de processamento de arroz de estrutura de a\u00e7o.<\/p>  <\/div> <\/div> <div id=\"faq-question-1774234195653\" class=\"rank-math-list-item\"> <h3 class=\"rank-math-question\">Um classificador de cores \u00e9 um componente obrigat\u00f3rio dos equipamentos de processamento de arroz?<\/h3> <div class=\"rank-math-answer\">  <p>Um classificador de cores n\u00e3o \u00e9 um requisito obrigat\u00f3rio, mas sua inclus\u00e3o \u00e9 fortemente recomendada. Remove gr\u00e3os defeituosos do arroz, melhorando significativamente a qualidade geral do arroz \u2014 fator crucial para entrar em mercados de alta gama.<\/p>  <\/div> <\/div> <div id=\"faq-question-1774234228009\" class=\"rank-math-list-item\"> <h3 class=\"rank-math-question\">Quais s\u00e3o os benef\u00edcios de adicionar um polidor de arroz?<\/h3> <div class=\"rank-math-answer\">  <p>A rice polisher improves the luster and cleanliness of the rice&#8217;s appearance, thereby increasing its market value and making it more appealing to consumers.<\/p>  <\/div> <\/div> <div id=\"faq-question-1774234255903\" class=\"rank-math-list-item\"> <h3 class=\"rank-math-question\">Posso personalizar o equipamento de moagem de arroz de 25TPD?<\/h3> <div class=\"rank-math-answer\">  <p>Sim, pode. A maioria dos fabricantes oferece servi\u00e7os de personaliza\u00e7\u00e3o adaptados \u00e0s suas necessidades espec\u00edficas, incluindo adi\u00e7\u00f5es como bin de armazenamento de gr\u00e3os, atualiza\u00e7\u00f5es para sistemas de embalagem automatizados e mais.<\/p>  <\/div> <\/div> <\/div> <\/div>   <h2 class=\"wp-block-heading\"><strong>Escolha a Taizy para apoiar as suas necessidades de equipamento de moagem de arroz!<\/strong><\/h2>    <ol class=\"wp-block-list\"> <li><strong>: O seu or\u00e7amento determinar\u00e1 diretamente a arquitetura geral e o n\u00edvel de automa\u00e7\u00e3o da sua instala\u00e7\u00e3o de moagem de arroz.<\/strong>Manuten\u00e7\u00e3o e efici\u00eancia operacional<\/li>    <li><strong>: Ao selecionar equipamentos de processamento de arroz, os requisitos de manuten\u00e7\u00e3o s\u00e3o frequentemente um dos fatores cr\u00edticos mais subestimados; eles determinam decisivamente os custos de investimento a longo prazo do equipamento.<\/strong>: When selecting rice processing equipment, maintenance requirements are often one of the most easily underestimated critical factors; they serve as the decisive determinant of the equipment&#8217;s long-term investment costs.<\/li>    <li><strong>: Os seus objetivos de produ\u00e7\u00e3o projetados ir\u00e3o determinar o n\u00edvel de configura\u00e7\u00e3o e sofistica\u00e7\u00e3o espec\u00edficos do equipamento necess\u00e1rio.<\/strong>N\u00edvel de automa\u00e7\u00e3o e custos de m\u00e3o-de-obra<\/li>    <li><strong>: Equipamentos com baixo n\u00edvel de automa\u00e7\u00e3o geralmente implicam custos iniciais de aquisi\u00e7\u00e3o mais baixos, mas dependem mais do trabalho manual, resultando numa efici\u00eancia significativamente menor em compara\u00e7\u00e3o com sistemas de produ\u00e7\u00e3o totalmente automatizados.<\/strong>Se voc\u00ea busca maior efici\u00eancia, manuten\u00e7\u00e3o mais f\u00e1cil e melhor qualidade do produto, a configura\u00e7\u00e3o completa de estrutura de a\u00e7o \u00e9 altamente recomendada.<\/li> <\/ol>    <h2 class=\"wp-block-heading\"><strong>O tipo de estrutura de a\u00e7o utiliza um design de estrutura de plataforma, permitindo a instala\u00e7\u00e3o vertical do equipamento. Oferece as seguintes vantagens:<\/strong><\/h2>    <p class=\"translation-block\">Uma planta de moagem de arroz de 25TPD \u00e9 um investimento rent\u00e1vel e escal\u00e1vel para neg\u00f3cios de processamento de arroz. Seja qual for o sistema de estrutura de a\u00e7o ou n\u00e3o, a sele\u00e7\u00e3o da configura\u00e7\u00e3o correta de <strong>equipamentos de processamento de arroz<\/strong> \u00e9 crucial para o sucesso a longo prazo.<\/p>    <p>Outras solu\u00e7\u00f5es de moagem de arroz com capacidade di\u00e1ria diferente:<\/p>    <p>Planta de moagem de arroz autom\u00e1tica de 40TPD<\/p>    <ul class=\"wp-block-list\"> <li><a href=\"https:\/\/cnricemill.com\/pt\/product\/15tpd-complete-rice-mill-plant\/\">Planta de m\u00e1quina de debulha de arroz de pequena escala de 15TPD<\/a><\/li>    <li><a href=\"https:\/\/cnricemill.com\/pt\/product\/40tpd-automatic-rice-mill-plant\/\">Planta de moagem de arroz de 60T\/D<\/a><\/li>    <li><a href=\"https:\/\/cnricemill.com\/pt\/product\/60td-rice-mill-plant\/\">Processamento industrial de arroz | Processo de funcionamento da planta de moagem de arroz de 25TPD Contato:  8617703863868<\/a><\/li> <\/ul>","protected":false},"excerpt":{"rendered":"<p>Complete 25TPD rice processing equipment solutions with steel and non-steel configurations. Compare machine setups, improve rice quality, and choose the best rice milling plant for your business.<\/p>","protected":false},"author":1,"featured_media":517,"parent":0,"template":"","tags":[14],"product-type":[5],"class_list":["post-513","product","type-product","status-publish","has-post-thumbnail","hentry","tag-rice","product-type-rice-mill-plant"],"_links":{"self":[{"href":"https:\/\/cnricemill.com\/pt\/wp-json\/wp\/v2\/product\/513","targetHints":{"allow":["GET"]}}],"collection":[{"href":"https:\/\/cnricemill.com\/pt\/wp-json\/wp\/v2\/product"}],"about":[{"href":"https:\/\/cnricemill.com\/pt\/wp-json\/wp\/v2\/types\/product"}],"author":[{"embeddable":true,"href":"https:\/\/cnricemill.com\/pt\/wp-json\/wp\/v2\/users\/1"}],"wp:featuredmedia":[{"embeddable":true,"href":"https:\/\/cnricemill.com\/pt\/wp-json\/wp\/v2\/media\/517"}],"wp:attachment":[{"href":"https:\/\/cnricemill.com\/pt\/wp-json\/wp\/v2\/media?parent=513"}],"wp:term":[{"taxonomy":"post_tag","embeddable":true,"href":"https:\/\/cnricemill.com\/pt\/wp-json\/wp\/v2\/tags?post=513"},{"taxonomy":"product-type","embeddable":true,"href":"https:\/\/cnricemill.com\/pt\/wp-json\/wp\/v2\/product-type?post=513"}],"curies":[{"name":"wp","href":"https:\/\/api.w.org\/{rel}","templated":true}]}}