{"id":41,"date":"2022-08-11T10:09:00","date_gmt":"2022-08-11T02:09:00","guid":{"rendered":"https:\/\/cnricemill.com\/?post_type=product&#038;p=41"},"modified":"2024-12-23T11:34:30","modified_gmt":"2024-12-23T03:34:30","slug":"60td-rice-mill-plant","status":"publish","type":"product","link":"https:\/\/cnricemill.com\/pt\/product\/60td-rice-mill-plant\/","title":{"rendered":"Planta de Moagem de Arroz de 60T\/D"},"content":{"rendered":"<p class=\"translation-block\"><strong>F\u00e1brica de arroz de 60T\/D<\/strong> \u00e9 uma linha de processamento de arroz totalmente autom\u00e1tica, incluindo todo o processo desde a limpeza do casta, remo\u00e7\u00e3o de pedras, descascamento de casta, separa\u00e7\u00e3o de arroz, beneficiamento, polimento, classifica\u00e7\u00e3o de cor, classifica\u00e7\u00e3o de arroz e embalagem de arroz. Voc\u00ea n\u00e3o precisa de mais nenhuma m\u00e1quina e pode realizar todo o processamento desde o casta at\u00e9 o arroz branco final impressionante. Este tipo de f\u00e1brica de arroz \u00e9 um dos nossos produtos mais vendidos. Al\u00e9m disso, h\u00e1 f\u00e1bricas de arroz de 40, 50 e 100 toneladas por dia dispon\u00edveis na f\u00e1brica TAIZY. Tamb\u00e9m fornecemos m\u00e1quinas de arroz pequenas \u00e0 venda. Se estiver procurando uma f\u00e1brica de arroz confi\u00e1vel para iniciar seu neg\u00f3cio, entre em contato conosco para mais informa\u00e7\u00f5es. \u00a0\u00a0<\/p>    <h2 class=\"wp-block-heading\">Caracter\u00edsticas da f\u00e1brica de arroz Taizy de 60 toneladas por dia<\/h2>    <ol class=\"wp-block-list\" type=\"1\"><li>Com peneira de limpeza separada e despolpadora, o efeito de remo\u00e7\u00e3o de pedras \u00e9 excelente.<\/li><li>Estrutura razo\u00e1vel. A m\u00e1quina de processamento de arroz pode parecer complicada, mas cada parte \u00e9 projetada ap\u00f3s anos de pesquisa e estudo para permitir que a m\u00e1quina funcione de forma est\u00e1vel.<\/li><li>O conjunto completo de beneficiamento de arroz \u00e9 equipado com um seletor de cor com compressor de ar e tanque de armazenamento para remover efetivamente arroz de m\u00e1 qualidade.<\/li><li>As m\u00e1quinas individuais da f\u00e1brica de beneficiamento de arroz de 60 toneladas\/dia est\u00e3o alinhadas em uma fila organizada e bonita.<\/li><li>Economia de energia, prote\u00e7\u00e3o ambiental, opera\u00e7\u00e3o simples, manuten\u00e7\u00e3o f\u00e1cil e durabilidade.<\/li><li>A parte de beneficiamento do arroz deste equipamento adota tecnologia avan\u00e7ada de beneficiamento, com baixa temperatura do arroz, menos farelo e uma taxa de esmagamento baixa.<\/li><\/ol>    <div class=\"wp-block-columns is-layout-flex wp-container-core-columns-is-layout-9d6595d7 wp-block-columns-is-layout-flex\"> <div class=\"wp-block-column is-layout-flow wp-block-column-is-layout-flow\"> <figure class=\"wp-block-image size-full\"><img loading=\"lazy\" decoding=\"async\" width=\"720\" height=\"540\" src=\"https:\/\/cnricemill.com\/wp-content\/uploads\/2022\/08\/front-view-of-60td-rice-mill-plant.jpg\" alt=\"vista frontal da f\u00e1brica de arroz de 60t\" class=\"wp-image-78\"\/><figcaption>vista frontal da f\u00e1brica de arroz de 60t<\/figcaption><\/figure> <\/div>    <div class=\"wp-block-column is-layout-flow wp-block-column-is-layout-flow\"> <figure class=\"wp-block-image size-full\"><img loading=\"lazy\" decoding=\"async\" width=\"720\" height=\"540\" src=\"https:\/\/cnricemill.com\/wp-content\/uploads\/2022\/08\/side-view-of-60td-rice-mill-plant-1.jpg\" alt=\"vista lateral da f\u00e1brica de arroz de 60t\/d\" class=\"wp-image-81\"\/><figcaption>vista lateral da f\u00e1brica de arroz de 60t\/d<\/figcaption><\/figure> <\/div> <\/div>    <h2 class=\"wp-block-heading\">Dados t\u00e9cnicos da f\u00e1brica de arroz de 60t\/d \u00e0 venda<\/h2>    <figure class=\"wp-block-table\"><table><tbody><tr><td>M\u00e1quina<\/td><td>Capacidade (t\/h)<\/td><td>Velocidade de rota\u00e7\u00e3o\u00a0(r\/min)<\/td><td>Pot\u00eancia(kW)<\/td><td>Volume de suc\u00e7\u00e3o(m\u00b3\/h)<\/td><\/tr><tr><td>Limpeza combinada<\/td><td>6-7<\/td><td>920<\/td><td>2*0.37<\/td><td>4800<\/td><\/tr><tr><td>Remover pedras<\/td><td>6-7<\/td><td>185+_15<\/td><td>0.75<\/td><td>3800-4200<\/td><\/tr><tr><td>Descascador<\/td><td>4.2-5<\/td><td>R\u00e1pido(1228-1673)Lento(1108-1362)<\/td><td>7.5<\/td><td>3200-3800<\/td><\/tr><tr><td>Separador de casta por gravidade<\/td><td>3.4-4<\/td><td>255+_15<\/td><td>1.5<\/td><td>&nbsp;<\/td><\/tr><tr><td>F\u00e1brica de arroz<\/td><td>2-3<\/td><td>1290<\/td><td>22-30<\/td><td>3500-3800<\/td><\/tr><tr><td>Classificador de arroz<\/td><td>2.5-3.5<\/td><td>150+_15<\/td><td>1.1<\/td><td>&nbsp;<\/td><\/tr><tr><td>Elevador<\/td><td>2.4-3.5<\/td><td>189<\/td><td>1.1<\/td><td>300<\/td><\/tr><\/tbody><\/table><\/figure>    <h2 class=\"wp-block-heading\">Fluxograma da f\u00e1brica autom\u00e1tica de arroz de 60t\/d<\/h2>    <p>A f\u00e1brica de arroz de 60t\/d possui a fun\u00e7\u00e3o de processar arroz de casta totalmente automaticamente em arroz branco. O processo completo de funcionamento \u00e9 o seguinte:<\/p>    <p class=\"translation-block\"><strong>Limpeza de casta \u2192 remo\u00e7\u00e3o de pedras \u2192 descascamento de casta \u2192 separa\u00e7\u00e3o de casta \u2192 branqueamento de arroz \u2192 classifica\u00e7\u00e3o de arroz \u2192 polimento com \u00e1gua \u2192 classifica\u00e7\u00e3o de cor \u2192 embalagem de arroz.<\/strong><\/p>    <div class=\"wp-block-columns is-layout-flex wp-container-core-columns-is-layout-9d6595d7 wp-block-columns-is-layout-flex\"> <div class=\"wp-block-column is-layout-flow wp-block-column-is-layout-flow\"> <figure class=\"wp-block-image size-full\"><img loading=\"lazy\" decoding=\"async\" width=\"720\" height=\"540\" src=\"https:\/\/cnricemill.com\/wp-content\/uploads\/2022\/08\/60td-rice-milling-line.jpg\" alt=\"linha de moagem de arroz 60td\" class=\"wp-image-83\"\/><figcaption>linha de moagem de arroz 60td<\/figcaption><\/figure> <\/div>    <div class=\"wp-block-column is-layout-flow wp-block-column-is-layout-flow\"> <figure class=\"wp-block-image size-full\"><img loading=\"lazy\" decoding=\"async\" width=\"720\" height=\"540\" src=\"https:\/\/cnricemill.com\/wp-content\/uploads\/2022\/08\/rice-mill-plant-working-process.jpg\" alt=\"processo de funcionamento da f\u00e1brica de arroz\" class=\"wp-image-84\"\/><figcaption>processo de funcionamento da f\u00e1brica de arroz<\/figcaption><\/figure> <\/div> <\/div>    <h2 class=\"wp-block-heading\">Detalhes da estrutura desta f\u00e1brica de arroz combinada<\/h2>    <p class=\"translation-block\">1. <strong>Limpeza de arroz e remo\u00e7\u00e3o de pedras:<\/strong> outros detritos leves, como poeira, res\u00edduos, grumos e pedras, devem ser removidos o m\u00e1ximo poss\u00edvel para obter um efeito de varredura melhor.<\/p>    <p class=\"translation-block\">2. <strong>M\u00e1quina de descascamento de arroz:<\/strong> removendo a casca do arroz.<\/p>    <p class=\"translation-block\">3. <strong>Separador de arroz:<\/strong> principalmente para separar o arroz integral do arroz de casta, usando a diferen\u00e7a de gravidade espec\u00edfica e coeficiente de fric\u00e7\u00e3o entre as tr\u00eas partes do arroz, arroz de casta e a mistura das duas.<\/p>    <p class=\"translation-block\">4. <strong>M\u00e1quina de polimento de arroz:<\/strong> a m\u00e1quina de polimento de arroz foi especialmente desenvolvida para polimento de arroz, sendo a tecnologia avan\u00e7ada atual de m\u00e1quinas de polimento e branqueamento de arroz no mundo, resultando em menor temperatura do arroz, menos farelo e menor incremento de esmagamento.<\/p>    <p class=\"translation-block\">5. <strong>M\u00e1quina de branqueamento de arroz:<\/strong> branqueando a superf\u00edcie do arroz por pulveriza\u00e7\u00e3o de \u00e1gua, o que favorece a forma\u00e7\u00e3o de uma camada de gel lisa e prolonga o tempo de conserva\u00e7\u00e3o. alongar a c\u00e2mara de polimento para produzir arroz de alta qualidade.<\/p>    <p class=\"translation-block\">6. <strong>Classificador de arroz:<\/strong> o classificador de arroz pode peneirar arroz fino em arroz integral, grande esmagado, m\u00e9dio esmagado e pequeno esmagado de forma eficiente e precisa.<\/p>    <p class=\"translation-block\">7. <strong>Seletor de cor do arroz:<\/strong> O seletor de cor do arroz \u00e9 usado para separar arroz de m\u00e1 qualidade, leitoso, chalky, de casta e mat\u00e9ria estranha. Teste o sinal CCD ao desvanecer. Se arroz n\u00e3o qualificado ou impurezas forem encontrados no material, o ejetor expulsar\u00e1 os produtos inferiores do funil.<\/p>    <p class=\"translation-block\">8. <strong>M\u00e1quina de embalagem de arroz:<\/strong> Esta m\u00e1quina autom\u00e1tica de pesagem e embalagem consiste numa caixa de material, balan\u00e7a de embalagem, m\u00e1quina de costura e correia transportadora. Pode ser usada com todos os modelos de linhas de produ\u00e7\u00e3o de beneficiamento de arroz, e a capacidade das sacas de embalagem pode ser escolhida entre 1-50kg por saco, conforme sua necessidade. &nbsp;<\/p>    <div class=\"wp-block-columns is-layout-flex wp-container-core-columns-is-layout-9d6595d7 wp-block-columns-is-layout-flex\"> <div class=\"wp-block-column is-layout-flow wp-block-column-is-layout-flow\"> <figure class=\"wp-block-gallery has-nested-images columns-default is-cropped wp-block-gallery-2 is-layout-flex wp-block-gallery-is-layout-flex\"> <figure class=\"wp-block-image size-full\"><img loading=\"lazy\" decoding=\"async\" width=\"720\" height=\"540\" data-id=\"86\" src=\"https:\/\/cnricemill.com\/wp-content\/uploads\/2022\/08\/structure-details-of-combined-rice-mill-plant.jpg\" alt=\"detalhes da estrutura da f\u00e1brica de arroz combinada\" class=\"wp-image-86\"\/><figcaption>detalhes da estrutura da f\u00e1brica de arroz combinada<\/figcaption><\/figure> <\/figure> <\/div>    <div class=\"wp-block-column is-layout-flow wp-block-column-is-layout-flow\"> <figure class=\"wp-block-gallery has-nested-images columns-default is-cropped wp-block-gallery-3 is-layout-flex wp-block-gallery-is-layout-flex\"> <figure class=\"wp-block-image size-full\"><img loading=\"lazy\" decoding=\"async\" width=\"720\" height=\"540\" data-id=\"87\" src=\"https:\/\/cnricemill.com\/wp-content\/uploads\/2022\/08\/rice-milling-plant-factory.jpg\" alt=\"f\u00e1brica de beneficiamento de arroz\" class=\"wp-image-87\"\/><figcaption>f\u00e1brica de beneficiamento de arroz<\/figcaption><\/figure> <\/figure> <\/div> <\/div>    <div class=\"wp-block-columns is-layout-flex wp-container-core-columns-is-layout-9d6595d7 wp-block-columns-is-layout-flex\"> <div class=\"wp-block-column is-layout-flow wp-block-column-is-layout-flow\"> <figure class=\"wp-block-gallery has-nested-images columns-default is-cropped wp-block-gallery-4 is-layout-flex wp-block-gallery-is-layout-flex\"> <figure class=\"wp-block-image size-full\"><img loading=\"lazy\" decoding=\"async\" width=\"720\" height=\"540\" data-id=\"89\" src=\"https:\/\/cnricemill.com\/wp-content\/uploads\/2022\/08\/rice-mill-plant-ready-to-ship.jpg\" alt=\"F\u00e1brica de moagem de arroz pronta para envio\" class=\"wp-image-89\"\/><figcaption>F\u00e1brica de moagem de arroz pronta para envio<\/figcaption><\/figure> <\/figure> <\/div>    <div class=\"wp-block-column is-layout-flow wp-block-column-is-layout-flow\"> <figure class=\"wp-block-gallery has-nested-images columns-default is-cropped wp-block-gallery-5 is-layout-flex wp-block-gallery-is-layout-flex\"> <figure class=\"wp-block-image size-full\"><img loading=\"lazy\" decoding=\"async\" width=\"720\" height=\"540\" data-id=\"90\" src=\"https:\/\/cnricemill.com\/wp-content\/uploads\/2022\/08\/rice-mill-plant-delivery.jpg\" alt=\"Entrega da f\u00e1brica de arroz\" class=\"wp-image-90\"\/><figcaption>Entrega da f\u00e1brica de arroz<\/figcaption><\/figure> <\/figure> <\/div> <\/div>","protected":false},"excerpt":{"rendered":"<p>60T\/D rice mill plant is a fully automatic rice processing line, including the whole process from paddy cleaning, de-stoning, paddy husking, rice separation, rice milling, rice polishing, rice color sorting, rice grading, and Rice packing. You no longer need any other machines and you can realize the whole processing from paddy to the final amazing [&hellip;]<\/p>\n","protected":false},"author":1,"featured_media":75,"parent":0,"template":"","tags":[12,15],"product-type":[5],"class_list":["post-41","product","type-product","status-publish","has-post-thumbnail","hentry","tag-rice-mill-plant","tag-rice-milling","product-type-rice-mill-plant"],"_links":{"self":[{"href":"https:\/\/cnricemill.com\/pt\/wp-json\/wp\/v2\/product\/41","targetHints":{"allow":["GET"]}}],"collection":[{"href":"https:\/\/cnricemill.com\/pt\/wp-json\/wp\/v2\/product"}],"about":[{"href":"https:\/\/cnricemill.com\/pt\/wp-json\/wp\/v2\/types\/product"}],"author":[{"embeddable":true,"href":"https:\/\/cnricemill.com\/pt\/wp-json\/wp\/v2\/users\/1"}],"wp:featuredmedia":[{"embeddable":true,"href":"https:\/\/cnricemill.com\/pt\/wp-json\/wp\/v2\/media\/75"}],"wp:attachment":[{"href":"https:\/\/cnricemill.com\/pt\/wp-json\/wp\/v2\/media?parent=41"}],"wp:term":[{"taxonomy":"post_tag","embeddable":true,"href":"https:\/\/cnricemill.com\/pt\/wp-json\/wp\/v2\/tags?post=41"},{"taxonomy":"product-type","embeddable":true,"href":"https:\/\/cnricemill.com\/pt\/wp-json\/wp\/v2\/product-type?post=41"}],"curies":[{"name":"wp","href":"https:\/\/api.w.org\/{rel}","templated":true}]}}