{"id":40,"date":"2022-08-11T10:04:26","date_gmt":"2022-08-11T02:04:26","guid":{"rendered":"https:\/\/cnricemill.com\/?post_type=product&#038;p=40"},"modified":"2024-12-23T11:38:45","modified_gmt":"2024-12-23T03:38:45","slug":"paddy-separator","status":"publish","type":"product","link":"https:\/\/cnricemill.com\/pt\/product\/paddy-separator\/","title":{"rendered":"Separador de Paddy"},"content":{"rendered":"<h2 class=\"wp-block-heading\">O que \u00e9 um separador de arroz de casca?<\/h2>    <p class=\"translation-block\"><strong>Separador de arroz de casca<\/strong> aqui est\u00e1 uma m\u00e1quina que separa arroz integral do arroz de casca pela diferen\u00e7a entre fric\u00e7\u00e3o superficial e gravidade. Pode separar a mistura de arroz de casca e arroz integral em tr\u00eas tipos. Um tipo \u00e9 o arroz integral que entrar\u00e1 na f\u00e1brica de arroz. Outro tipo \u00e9 a mistura de arroz de casca e arroz que entrar\u00e1 novamente na m\u00e1quina de separa\u00e7\u00e3o por gravidade. O outro \u00e9 o gr\u00e3o de arroz que entrar\u00e1 novamente na m\u00e1quina de descascamento para ser descascado mais uma vez.<\/p>    <h2 class=\"wp-block-heading\">Separador de arroz de gravidade da s\u00e9rie MGCZ para venda<\/h2>    <p class=\"translation-block\">O separador de arroz de gravidade da s\u00e9rie MGCZ \u00e9 uma m\u00e1quina importante para o processamento de arroz. E \u00e9 crucial para toda a planta de moagem de arroz. <a href=\"https:\/\/cnricemill.com\/pt\/\">TAIZY<\/a> A m\u00e1quina de separa\u00e7\u00e3o de arroz tem as caracter\u00edsticas de desempenho est\u00e1vel, baixo investimento e f\u00e1cil opera\u00e7\u00e3o. Al\u00e9m disso, todas as nossas m\u00e1quinas passaram por inspe\u00e7\u00f5es de qualidade extremamente rigorosas. E temos uma equipe altamente qualificada para garantir um servi\u00e7o profissional e entrega r\u00e1pida. Atualmente, nossas m\u00e1quinas foram exportadas com sucesso para mais de 80 pa\u00edses e regi\u00f5es. Contacte-nos para o melhor pre\u00e7o de separador de arroz. \u00a0<\/p>    <div class=\"wp-block-columns is-layout-flex wp-container-core-columns-is-layout-9d6595d7 wp-block-columns-is-layout-flex\"> <div class=\"wp-block-column is-layout-flow wp-block-column-is-layout-flow\"> <figure class=\"wp-block-image size-full\"><img loading=\"lazy\" decoding=\"async\" width=\"750\" height=\"750\" src=\"https:\/\/cnricemill.com\/wp-content\/uploads\/2022\/08\/paddy-separator.jpg\" alt=\"Separador de arroz de casca\" class=\"wp-image-121\"\/><figcaption>Separador de arroz de casca<\/figcaption><\/figure> <\/div>    <div class=\"wp-block-column is-layout-flow wp-block-column-is-layout-flow\"> <figure class=\"wp-block-image size-full\"><img loading=\"lazy\" decoding=\"async\" width=\"750\" height=\"750\" src=\"https:\/\/cnricemill.com\/wp-content\/uploads\/2022\/08\/paddy-separating-machine.jpg\" alt=\"M\u00e1quina de separa\u00e7\u00e3o de arroz de casca\" class=\"wp-image-122\"\/><figcaption>M\u00e1quina de separa\u00e7\u00e3o de arroz de casca<\/figcaption><\/figure> <\/div> <\/div>    <h2 class=\"wp-block-heading\">Caracter\u00edsticas de desempenho do separador de arroz de casca<\/h2>    <ol class=\"wp-block-list\" type=\"1\"><li>Pe\u00e7as dur\u00e1veis, sistema avan\u00e7ado de travagem autom\u00e1tica, f\u00e1cil de operar e manter<\/li><li>Centro de gravidade mec\u00e2nico baixo, bom equil\u00edbrio, velocidade razo\u00e1vel, desempenho de processamento est\u00e1vel e confi\u00e1vel<\/li><li>Sistema de transmiss\u00e3o perfeito para garantir bom desempenho mec\u00e2nico<\/li><li>Ampliamente utilizado para arroz de gr\u00e3o longo e curto<\/li><li>Placa de ecr\u00e3 de alta qualidade posicionada alto para evitar entupimentos<\/li><li>Uma variedade de modelos para atender \u00e0s diferentes necessidades dos clientes<\/li><\/ol>    <div class=\"wp-block-columns is-layout-flex wp-container-core-columns-is-layout-9d6595d7 wp-block-columns-is-layout-flex\"> <div class=\"wp-block-column is-layout-flow wp-block-column-is-layout-flow\"> <figure class=\"wp-block-image size-full\"><img loading=\"lazy\" decoding=\"async\" width=\"750\" height=\"750\" src=\"https:\/\/cnricemill.com\/wp-content\/uploads\/2022\/08\/sieve-plate.jpg\" alt=\"Placa de peneira\" class=\"wp-image-127\"\/><figcaption>Placa de peneira<\/figcaption><\/figure> <\/div>    <div class=\"wp-block-column is-layout-flow wp-block-column-is-layout-flow\"> <figure class=\"wp-block-image size-full\"><img loading=\"lazy\" decoding=\"async\" width=\"750\" height=\"750\" src=\"https:\/\/cnricemill.com\/wp-content\/uploads\/2022\/08\/copper-motor.jpg\" alt=\"Motor de cobre\" class=\"wp-image-128\"\/><figcaption>Motor de cobre<\/figcaption><\/figure> <\/div> <\/div>    <h2 class=\"wp-block-heading\">Par\u00e2metros da m\u00e1quina de separa\u00e7\u00e3o de arroz Taizy<\/h2>    <figure class=\"wp-block-table\"><table><tbody><tr><td>Modelo<\/td><td>Capacidade (t\/h)<\/td><td>Pot\u00eancia (KW)<\/td><td>Tamanho (L*W*H)<\/td><\/tr><tr><td>MGCZ80*6<\/td><td>0.8-1.3<\/td><td>1.1<\/td><td>1350*1000*1400<\/td><\/tr><tr><td>MGCZ80*7<\/td><td>1.1-1.5<\/td><td>1.1<\/td><td>1350*1000*1450<\/td><\/tr><tr><td>MGCZ100*6<\/td><td>1.2-1.6<\/td><td>1.1<\/td><td>1600*1250*1400<\/td><\/tr><tr><td>MGCZ100*7<\/td><td>1.6-2.1<\/td><td>1.1<\/td><td>1600*1250*1450<\/td><\/tr><tr><td>MGCZ100*8<\/td><td>2.1-2.4<\/td><td>1.1<\/td><td>1600*1250*1500<\/td><\/tr><tr><td>MGCZ100*10<\/td><td>2.5-3.2<\/td><td>1.5<\/td><td>1600*1250*1750<\/td><\/tr><tr><td>MGCZ100*12<\/td><td>3.4-4<\/td><td>1.5<\/td><td>1600*1250*1800<\/td><\/tr><tr><td>MGCZ100*14<\/td><td>4-4.9<\/td><td>1.5<\/td><td>1600*1250*1740<\/td><\/tr><tr><td>MGCZ100*16<\/td><td>4.5-5.6<\/td><td>1.5<\/td><td>1600*1250*1820<\/td><\/tr><\/tbody><\/table><\/figure>    <h2 class=\"wp-block-heading\">Como o arroz \u00e9 separado do arroz de casca?<\/h2>    <p>O separador de arroz de casca \u00e9 usado para separar arroz integral do arroz de casca n\u00e3o descascado. Ele peneira continuamente a mistura em estado estratificado atrav\u00e9s de um disco de separa\u00e7\u00e3o especial, de acordo com a diferen\u00e7a de gravidade espec\u00edfica, tamanho da part\u00edcula e coeficiente de fric\u00e7\u00e3o entre arroz de casca e arroz de casca. Como resultado da separa\u00e7\u00e3o, o arroz de maior densidade e menor gr\u00e3o \u00e9 direcionado para a parte superior do disco de separa\u00e7\u00e3o, e o arroz de menor gravidade espec\u00edfica e maior gr\u00e3o \u00e9 direcionado para a parte inferior do disco, separando o arroz integral puro, o arroz de casca puro e a mistura.<\/p>    <div class=\"wp-block-columns is-layout-flex wp-container-core-columns-is-layout-9d6595d7 wp-block-columns-is-layout-flex\"> <div class=\"wp-block-column is-layout-flow wp-block-column-is-layout-flow\"> <figure class=\"wp-block-image size-full\"><img loading=\"lazy\" decoding=\"async\" width=\"750\" height=\"750\" src=\"https:\/\/cnricemill.com\/wp-content\/uploads\/2022\/08\/paddy-separator-factory.jpg\" alt=\"F\u00e1brica de separadores de arroz de casca\" class=\"wp-image-125\"\/><figcaption>F\u00e1brica de separadores de arroz de casca<\/figcaption><\/figure> <\/div>    <div class=\"wp-block-column is-layout-flow wp-block-column-is-layout-flow\"> <figure class=\"wp-block-image size-full\"><img loading=\"lazy\" decoding=\"async\" width=\"750\" height=\"750\" src=\"https:\/\/cnricemill.com\/wp-content\/uploads\/2022\/08\/paddy-separating-machine-workshop.jpg\" alt=\"Oficina de m\u00e1quinas de separa\u00e7\u00e3o de arroz\" class=\"wp-image-126\"\/><figcaption>Oficina de m\u00e1quinas de separa\u00e7\u00e3o de arroz<\/figcaption><\/figure> <\/div> <\/div>","protected":false},"excerpt":{"rendered":"<p>What is paddy separator? Paddy separator here is a machine that separates brown rice from paddy by the difference between surface friction and gravity. It can separate the mixture of paddy and brown rice into three kinds. One type is the brown rice that will enter the rice mill. One type is the mixer of [&hellip;]<\/p>\n","protected":false},"author":1,"featured_media":120,"parent":0,"template":"","tags":[16,13],"product-type":[],"class_list":["post-40","product","type-product","status-publish","has-post-thumbnail","hentry","tag-rice-processing","tag-rice-processing-machine"],"_links":{"self":[{"href":"https:\/\/cnricemill.com\/pt\/wp-json\/wp\/v2\/product\/40","targetHints":{"allow":["GET"]}}],"collection":[{"href":"https:\/\/cnricemill.com\/pt\/wp-json\/wp\/v2\/product"}],"about":[{"href":"https:\/\/cnricemill.com\/pt\/wp-json\/wp\/v2\/types\/product"}],"author":[{"embeddable":true,"href":"https:\/\/cnricemill.com\/pt\/wp-json\/wp\/v2\/users\/1"}],"wp:featuredmedia":[{"embeddable":true,"href":"https:\/\/cnricemill.com\/pt\/wp-json\/wp\/v2\/media\/120"}],"wp:attachment":[{"href":"https:\/\/cnricemill.com\/pt\/wp-json\/wp\/v2\/media?parent=40"}],"wp:term":[{"taxonomy":"post_tag","embeddable":true,"href":"https:\/\/cnricemill.com\/pt\/wp-json\/wp\/v2\/tags?post=40"},{"taxonomy":"product-type","embeddable":true,"href":"https:\/\/cnricemill.com\/pt\/wp-json\/wp\/v2\/product-type?post=40"}],"curies":[{"name":"wp","href":"https:\/\/api.w.org\/{rel}","templated":true}]}}