{"id":39,"date":"2022-08-11T10:01:37","date_gmt":"2022-08-11T02:01:37","guid":{"rendered":"https:\/\/cnricemill.com\/?post_type=product&#038;p=39"},"modified":"2024-12-23T11:38:53","modified_gmt":"2024-12-23T03:38:53","slug":"rice-grader","status":"publish","type":"product","link":"https:\/\/cnricemill.com\/pt\/product\/rice-grader\/","title":{"rendered":"Classificador de Arroz"},"content":{"rendered":"<p class=\"translation-block\"><strong>Classificador de arroz<\/strong> ou <strong>m\u00e1quina de classifica\u00e7\u00e3o de arroz<\/strong> \u00e9 uma m\u00e1quina importante no processamento de arroz. Classifica o arroz em diferentes padr\u00f5es com base no comprimento do gr\u00e3o. E ent\u00e3o, o arroz com di\u00e2metros diferentes ser\u00e1 descarregado por sa\u00eddas distintas. Normalmente, esta m\u00e1quina \u00e9 usada como parte de uma planta de moinho de arroz totalmente autom\u00e1tica. Para diferentes capacidades da linha de produ\u00e7\u00e3o do moinho de arroz, pode escolher uma m\u00e1quina de classifica\u00e7\u00e3o de arroz adequada. A s\u00e9rie MMJP da Taizy, classificador de comprimento de arroz, \u00e0 venda, com caracter\u00edsticas de alta efici\u00eancia e desempenho est\u00e1vel. \u00c9 popular em todo o mundo. Como fabricante de m\u00e1quinas de classifica\u00e7\u00e3o de arroz com vasta experi\u00eancia, oferecemos servi\u00e7os profissionais de personaliza\u00e7\u00e3o, treinamento e orienta\u00e7\u00e3o para iniciar seu neg\u00f3cio de moinho de arroz. Entre em contato conosco para uma lista de pre\u00e7os gratuita.<\/p>    <figure class=\"wp-block-image size-full\"><img loading=\"lazy\" decoding=\"async\" width=\"720\" height=\"540\" src=\"https:\/\/cnricemill.com\/wp-content\/uploads\/2022\/08\/rice-grader.jpg\" alt=\"classificador de arroz\" class=\"wp-image-130\"\/><figcaption>classificador de arroz \u00e0 venda<\/figcaption><\/figure>    <h2 class=\"wp-block-heading\">o que \u00e9 uma m\u00e1quina de classifica\u00e7\u00e3o de arroz?<\/h2>    <p>A m\u00e1quina de classifica\u00e7\u00e3o de arroz \u00e9 projetada para classifica\u00e7\u00e3o de arroz. Pode dividir o arroz polido em v\u00e1rias classes de forma precisa e eficiente de acordo com o comprimento:<\/p>    <ol class=\"wp-block-list\" type=\"1\"><li>Arroz partido pequeno<\/li><li>Arroz partido m\u00e9dio<\/li><li>Arroz partido grande<\/li><li>Arroz integral ou arroz polido<\/li><\/ol>    <p>Ajuda a melhorar significativamente a qualidade e a apar\u00eancia do produto final de arroz.<\/p>    <div class=\"wp-block-columns is-layout-flex wp-container-core-columns-is-layout-9d6595d7 wp-block-columns-is-layout-flex\"> <div class=\"wp-block-column is-layout-flow wp-block-column-is-layout-flow\"> <figure class=\"wp-block-image size-full\"><img loading=\"lazy\" decoding=\"async\" width=\"750\" height=\"750\" src=\"https:\/\/cnricemill.com\/wp-content\/uploads\/2022\/08\/left-view-of-the-rice-grader.jpg\" alt=\"vista lateral do classificador de arroz\" class=\"wp-image-132\"\/><figcaption>vista lateral do classificador de arroz<\/figcaption><\/figure> <\/div>    <div class=\"wp-block-column is-layout-flow wp-block-column-is-layout-flow\"> <figure class=\"wp-block-image size-full\"><img loading=\"lazy\" decoding=\"async\" width=\"750\" height=\"750\" src=\"https:\/\/cnricemill.com\/wp-content\/uploads\/2022\/08\/right-view-of-the-rice-grader.jpg\" alt=\"vista lateral do classificador de arroz\" class=\"wp-image-133\"\/><figcaption>vista lateral do classificador de arroz<\/figcaption><\/figure> <\/div> <\/div>    <h2 class=\"wp-block-heading\">Par\u00e2metros do classificador de arroz Taizy<\/h2>    <figure class=\"wp-block-table\"><table><tbody><tr><td>Modelo<\/td><td>Capacidade (t\/h)<\/td><td>Pot\u00eancia (KW)<\/td><td>Tamanho (L*W*H)<\/td><\/tr><tr><td>MMJP63*3<\/td><td>0.8-1.25<\/td><td>0.75<\/td><td>1462*740*1280<\/td><\/tr><tr><td>MMJP80*3<\/td><td>1.5-2<\/td><td>1.1<\/td><td>1600*1000*1315<\/td><\/tr><tr><td>MMJP100*3<\/td><td>2.5-3.3<\/td><td>1.1<\/td><td>1690*1090*1386<\/td><\/tr><tr><td>MMJP100*4<\/td><td>2.5-3.5<\/td><td>1.1<\/td><td>1690*1087*1420<\/td><\/tr><tr><td>MMJP112*3<\/td><td>3.5-4.2<\/td><td>1.1<\/td><td>1690*1208*1386<\/td><\/tr><tr><td>MMJP112*4<\/td><td>3.5-4.5<\/td><td>1.1<\/td><td>1690*1208*1420<\/td><\/tr><tr><td>MMJP125*3<\/td><td>4.5-5<\/td><td>1.5<\/td><td>1690*1458*1386<\/td><\/tr><tr><td>MMJP125*4<\/td><td>4.5-5.2<\/td><td>1.5<\/td><td>1690*1457*1420<\/td><\/tr><tr><td>MMJP150*4<\/td><td>5.5-6<\/td><td>1.5<\/td><td>1725*1580*1500<\/td><\/tr><\/tbody><\/table><\/figure>    <h2 class=\"wp-block-heading\">Caracter\u00edsticas da m\u00e1quina de classifica\u00e7\u00e3o de arroz Taizy<\/h2>    <ol class=\"wp-block-list\" type=\"1\"><li>Tem tamanho pequeno e pre\u00e7o acess\u00edvel<\/li><li>O classificador de arroz tem um design razo\u00e1vel e estrutura simples, f\u00e1cil de operar e manter<\/li><li>A m\u00e1quina de classifica\u00e7\u00e3o de arroz Taizy \u00e0 venda possui alta efici\u00eancia e baixo consumo de energia<\/li><li>A m\u00e1quina possui forte adaptabilidade, baixo ru\u00eddo e alta produ\u00e7\u00e3o<\/li><li>Adotando material dur\u00e1vel, possui uma longa vida \u00fatil<\/li><li>Esta m\u00e1quina de processamento de arroz possui uma tela de m\u00faltiplas camadas, adequada para diferentes capacidades de classifica\u00e7\u00e3o de arroz<\/li><\/ol>    <h2 class=\"wp-block-heading\">Para que serve o classificador de arroz?<\/h2>    <p class=\"translation-block\">O classificador de arroz \u00e9 usado para dividir o arroz em v\u00e1rias categorias de acordo com o tamanho. Tem como objetivo selecionar arroz de tamanho adequado e extrair o arroz partido que n\u00e3o atende \u00e0s necessidades. A m\u00e1quina de classifica\u00e7\u00e3o de arroz \u00e9 uma parte essencial e vital do <a href=\"https:\/\/cnricemill.com\/pt\/products\/rice-mill-plant\/\">moinho de arroz completo<\/a>.<\/p>    <h2 class=\"wp-block-heading\">Quanto custa o classificador de arroz?<\/h2>    <p class=\"translation-block\">O pre\u00e7o do classificador de arroz n\u00e3o \u00e9 fixo. Porque o custo est\u00e1 estreitamente relacionado com seus par\u00e2metros, como capacidades, modelos, tamanhos, marcas, motores, etc. Al\u00e9m disso, o pre\u00e7o da m\u00e1quina de classifica\u00e7\u00e3o de arroz tamb\u00e9m depende de fatores externos, como custo de envio e taxa de c\u00e2mbio. Portanto, se estiver interessado nesta <a href=\"https:\/\/cnricemill.com\/pt\/product\/\">m\u00e1quina de processamento de arroz<\/a>, informe-nos seus requisitos, e enviaremos uma cota\u00e7\u00e3o detalhada.<\/p>","protected":false},"excerpt":{"rendered":"<p>Rice grader or rice grading machine is an important rice processing machine. It grades rice into different standards based on the rice length. And then the rice with different diameters will be discharged from different outlets. Usually, this machine is used as a part of a fully automatic rice mill plant. For different capacities of [&hellip;]<\/p>\n","protected":false},"author":1,"featured_media":129,"parent":0,"template":"","tags":[16,13],"product-type":[],"class_list":["post-39","product","type-product","status-publish","has-post-thumbnail","hentry","tag-rice-processing","tag-rice-processing-machine"],"_links":{"self":[{"href":"https:\/\/cnricemill.com\/pt\/wp-json\/wp\/v2\/product\/39","targetHints":{"allow":["GET"]}}],"collection":[{"href":"https:\/\/cnricemill.com\/pt\/wp-json\/wp\/v2\/product"}],"about":[{"href":"https:\/\/cnricemill.com\/pt\/wp-json\/wp\/v2\/types\/product"}],"author":[{"embeddable":true,"href":"https:\/\/cnricemill.com\/pt\/wp-json\/wp\/v2\/users\/1"}],"wp:featuredmedia":[{"embeddable":true,"href":"https:\/\/cnricemill.com\/pt\/wp-json\/wp\/v2\/media\/129"}],"wp:attachment":[{"href":"https:\/\/cnricemill.com\/pt\/wp-json\/wp\/v2\/media?parent=39"}],"wp:term":[{"taxonomy":"post_tag","embeddable":true,"href":"https:\/\/cnricemill.com\/pt\/wp-json\/wp\/v2\/tags?post=39"},{"taxonomy":"product-type","embeddable":true,"href":"https:\/\/cnricemill.com\/pt\/wp-json\/wp\/v2\/product-type?post=39"}],"curies":[{"name":"wp","href":"https:\/\/api.w.org\/{rel}","templated":true}]}}