{"id":38,"date":"2022-08-11T09:58:33","date_gmt":"2022-08-11T01:58:33","guid":{"rendered":"https:\/\/cnricemill.com\/?post_type=product&#038;p=38"},"modified":"2024-12-23T11:39:37","modified_gmt":"2024-12-23T03:39:37","slug":"rice-packing-machine","status":"publish","type":"product","link":"https:\/\/cnricemill.com\/pt\/product\/rice-packing-machine\/","title":{"rendered":"M\u00e1quina de Embalagem de Arroz"},"content":{"rendered":"<p class=\"translation-block\"><strong>M\u00e1quina de embalagem de arroz<\/strong> \u00e9 usada para embalar arroz de forma autom\u00e1tica e eficiente. \u00c9 uma esp\u00e9cie de <strong>m\u00e1quina de enchimento e selagem de sacos de arroz<\/strong>. A m\u00e1quina de embalagem de arroz pode realizar fun\u00e7\u00f5es de pesagem quantitativa, enchimento eficiente e selagem precisa. \u00c9 adequada para embalar produtos de arroz que variam de 5kg a 50kg. E embalagens de arroz de 5kg, 25kg e 50kg s\u00e3o bastante populares entre elas. Com recursos de opera\u00e7\u00e3o f\u00e1cil, desempenho est\u00e1vel e super efici\u00eancia, a <strong>m\u00e1quina de enchimento de arroz<\/strong> pode melhorar muito sua produtividade e beneficiar seu neg\u00f3cio. Como fabricante l\u00edder de m\u00e1quinas de processamento de arroz, a TAIZY Machinery fornece m\u00e1quinas de embalagem de arroz de qualidade e acess\u00edveis para parceiros em todo o mundo. Bem-vindo a <a href=\"https:\/\/cnricemill.com\/pt\/contact-us\/\">entre em contato conosco<\/a> para mais detalhes.<\/p>    <h2 class=\"wp-block-heading\">Recursos de desempenho da m\u00e1quina de embalagem de arroz Taizy <\/h2>    <ol class=\"wp-block-list\" type=\"1\"><li>A m\u00e1quina de embalagem de arroz adota tecnologia avan\u00e7ada internacional. Sua precis\u00e3o \u00e9 de cerca de 5 g e a velocidade de embalagem \u00e9 de 360-450 sacos por hora.<\/li><li>As pe\u00e7as em contato com as mat\u00e9rias-primas s\u00e3o feitas de a\u00e7o inoxid\u00e1vel de grau aliment\u00edcio, com altos padr\u00f5es sanit\u00e1rios e resist\u00eancia \u00e0 corros\u00e3o para uso a longo prazo.<\/li><li>Ampla gama de quantifica\u00e7\u00e3o, alta precis\u00e3o, a plataforma pode ser levantada, alta efici\u00eancia, multi-fun\u00e7\u00f5es.<\/li><li>A m\u00e1quina de embalagem de sacos de arroz possui vantagens de alta precis\u00e3o de c\u00e1lculo, exibi\u00e7\u00e3o digital, opera\u00e7\u00e3o est\u00e1vel e opera\u00e7\u00e3o f\u00e1cil.&nbsp;<\/li><li>Adote sensor de marca e atuador pneum\u00e1tico, f\u00e1cil manuten\u00e7\u00e3o, trabalho confi\u00e1vel e sem polui\u00e7\u00e3o.&nbsp;<\/li><li>A m\u00e1quina de enchimento de arroz pode ser equipada com uma m\u00e1quina de costura e uma esteira transportadora, que podem realizar o processo autom\u00e1tico de enchimento e selagem.<\/li><li>Apoiamos um forte servi\u00e7o de personaliza\u00e7\u00e3o para atender \u00e0s suas necessidades espec\u00edficas. &nbsp;<\/li><\/ol>    <h2 class=\"wp-block-heading\">Detalhes da estrutura da m\u00e1quina de enchimento e selagem de sacos de arroz<\/h2>    <p>A m\u00e1quina autom\u00e1tica de embalagem de sacos de arroz consiste principalmente em tr\u00eas sistemas: um sistema de pesagem e enchimento quantitativo, um sistema de transporte e um sistema de costura e selagem. Inclui estas partes: um mecanismo de pesagem, mecanismo pneum\u00e1tico, caixa de controle, corpo da balan\u00e7a, correia transportadora, transportador, caixa de controle da m\u00e1quina de costura e m\u00e1quina de pacotes. Toda a m\u00e1quina de embalagem de sacos de arroz tem uma estrutura simples e um design razo\u00e1vel. \u00c9 f\u00e1cil de instalar, operar e manter. &nbsp;&nbsp;&nbsp;<\/p>    <figure class=\"wp-block-image size-full\"><img loading=\"lazy\" decoding=\"async\" width=\"720\" height=\"540\" src=\"https:\/\/cnricemill.com\/wp-content\/uploads\/2022\/08\/rice-filling-sealing-machine-structure.jpg\" alt=\"Estrutura da m\u00e1quina de enchimento e selagem de arroz\" class=\"wp-image-115\"\/><figcaption>Estrutura da m\u00e1quina de enchimento e selagem de arroz<\/figcaption><\/figure>    <h2 class=\"wp-block-heading\">Aplica\u00e7\u00f5es da m\u00e1quina de embalagem de arroz<\/h2>    <p>A m\u00e1quina de embalagem de arroz de 5kg a 50kg \u00e9 usada para enchimento e selagem de produtos de arroz. No entanto, como um tipo de m\u00e1quina de embalagem de gr\u00e2nulos, tamb\u00e9m \u00e9 ideal para embalar muitos outros produtos granulares, como amendoins, gr\u00e3os de caf\u00e9, arroz, sementes de girassol, trigo, milho, ervilhas, gergelim, ra\u00e7\u00e3o para c\u00e3es, ra\u00e7\u00e3o para gatos, etc. A sacola pode ser de v\u00e1rios tipos, sacos pl\u00e1sticos, sacos de papel e sacos de tecido.<\/p>    <h2 class=\"wp-block-heading\">Equipamento opcional<\/h2>    <div class=\"wp-block-columns is-layout-flex wp-container-core-columns-is-layout-9d6595d7 wp-block-columns-is-layout-flex\"> <div class=\"wp-block-column is-layout-flow wp-block-column-is-layout-flow\"> <figure class=\"wp-block-image size-full\"><img loading=\"lazy\" decoding=\"async\" width=\"720\" height=\"540\" src=\"https:\/\/cnricemill.com\/wp-content\/uploads\/2022\/08\/conveyor-belt.jpg\" alt=\"Correia transportadora\" class=\"wp-image-116\"\/><figcaption>Correia transportadora<\/figcaption><\/figure> <\/div>    <div class=\"wp-block-column is-layout-flow wp-block-column-is-layout-flow\"> <figure class=\"wp-block-image size-full\"><img loading=\"lazy\" decoding=\"async\" width=\"720\" height=\"540\" src=\"https:\/\/cnricemill.com\/wp-content\/uploads\/2022\/08\/feeding-elevator.jpg\" alt=\"Elevador de alimenta\u00e7\u00e3o\" class=\"wp-image-118\"\/><figcaption>Elevador de alimenta\u00e7\u00e3o<\/figcaption><\/figure> <\/div> <\/div>    <h2 class=\"wp-block-heading\">Por que a m\u00e1quina de enchimento de sacos de arroz \u00e9 a melhor para seu neg\u00f3cio de embalagem de arroz?<\/h2>    <p>Na verdade, esta m\u00e1quina de embalagem de arroz \u00e9 uma esp\u00e9cie de m\u00e1quina de enchimento e selagem de sacos de arroz. Comparada com muitas outras m\u00e1quinas de embalagem de arroz, \u00e9 bastante adequada para sua f\u00e1brica de arroz e possui muitas vantagens \u00fanicas.<\/p>    <ol class=\"wp-block-list\" type=\"1\"><li>Super efici\u00eancia. Esta m\u00e1quina \u00e9 adequada para grandes demandas de produ\u00e7\u00e3o de arroz. A velocidade de embalagem pode atingir 450 sacos por hora. Isso pode melhorar muito sua efici\u00eancia e economizar seu custo de m\u00e3o-de-obra.<\/li><li>Pre\u00e7o acess\u00edvel. Esta m\u00e1quina de embalagem de saco de arroz tem um pre\u00e7o absolutamente bom. Comparada com outra m\u00e1quina de embalagem totalmente autom\u00e1tica, possui um custo-benef\u00edcio bastante superior.<\/li><li>Opera\u00e7\u00e3o f\u00e1cil. Esta m\u00e1quina \u00e0 venda tem uma estrutura simples e um design adequado, \u00e9 muito f\u00e1cil de operar e manter. E precisa de apenas um trabalhador para operar. &nbsp;&nbsp;<\/li><\/ol>    <h2 class=\"wp-block-heading\">Entre em contato conosco para iniciar seu neg\u00f3cio de arroz<\/h2>    <p class=\"translation-block\">A m\u00e1quina de embalagem de arroz \u00e9 uma parte essencial e importante de todo o <a href=\"https:\/\/cnricemill.com\/pt\/products\/rice-mill-plant\/\">processo de processamento de arroz<\/a>. \u00c9 a \u00faltima etapa antes de ser entregue \u00e0s prateleiras do supermercado. A m\u00e1quina de enchimento de sacos de arroz Taizy \u00e0 venda \u00e9 adequada para embalagens de arroz de 5kg a 50kg. Possui os benef\u00edcios de desempenho est\u00e1vel, super efici\u00eancia e pre\u00e7o acess\u00edvel. Est\u00e1 procurando uma excelente <a href=\"https:\/\/tianhuipackingmachine.com\/granule-packing-machines\/\" target=\"_blank\" rel=\"noopener\">solu\u00e7\u00e3o de embalagem de arroz<\/a>? Entre em contato conosco para mais detalhes \u00fateis. <\/p>","protected":false},"excerpt":{"rendered":"<p>Rice packing machine is used for rice packaging automatically and efficiently. It is a kind of rice bag filling sealing machine. The rice packaging machine can complete the function of quantitative weighing, efficient filling, and accurate sealing. It is suitable for packaging rice products ranging from 5kg to 50kg. And 5kg, 25kg, and 50kg rice [&hellip;]<\/p>\n","protected":false},"author":1,"featured_media":113,"parent":0,"template":"","tags":[16,13],"product-type":[],"class_list":["post-38","product","type-product","status-publish","has-post-thumbnail","hentry","tag-rice-processing","tag-rice-processing-machine"],"_links":{"self":[{"href":"https:\/\/cnricemill.com\/pt\/wp-json\/wp\/v2\/product\/38","targetHints":{"allow":["GET"]}}],"collection":[{"href":"https:\/\/cnricemill.com\/pt\/wp-json\/wp\/v2\/product"}],"about":[{"href":"https:\/\/cnricemill.com\/pt\/wp-json\/wp\/v2\/types\/product"}],"author":[{"embeddable":true,"href":"https:\/\/cnricemill.com\/pt\/wp-json\/wp\/v2\/users\/1"}],"wp:featuredmedia":[{"embeddable":true,"href":"https:\/\/cnricemill.com\/pt\/wp-json\/wp\/v2\/media\/113"}],"wp:attachment":[{"href":"https:\/\/cnricemill.com\/pt\/wp-json\/wp\/v2\/media?parent=38"}],"wp:term":[{"taxonomy":"post_tag","embeddable":true,"href":"https:\/\/cnricemill.com\/pt\/wp-json\/wp\/v2\/tags?post=38"},{"taxonomy":"product-type","embeddable":true,"href":"https:\/\/cnricemill.com\/pt\/wp-json\/wp\/v2\/product-type?post=38"}],"curies":[{"name":"wp","href":"https:\/\/api.w.org\/{rel}","templated":true}]}}