{"id":284,"date":"2024-02-29T18:02:47","date_gmt":"2024-02-29T10:02:47","guid":{"rendered":"https:\/\/cnricemill.com\/?post_type=product&#038;p=284"},"modified":"2024-12-23T11:34:22","modified_gmt":"2024-12-23T03:34:22","slug":"40tpd-automatic-rice-mill-plant","status":"publish","type":"product","link":"https:\/\/cnricemill.com\/pt\/product\/40tpd-automatic-rice-mill-plant\/","title":{"rendered":"Planta autom\u00e1tica de moagem de arroz de 40TPD"},"content":{"rendered":"<p class=\"translation-block\">Esta f\u00e1brica de 40TPD <strong>autom\u00e1tica de moagem de arroz<\/strong> destina-se a processar mat\u00e9rias-primas de gr\u00e3os, como arroz em casca, em arroz branco comest\u00edvel de alta qualidade, com capacidade de 40 toneladas por dia. Este tipo de f\u00e1brica de moagem de arroz apresenta alta efici\u00eancia, economia de energia e automa\u00e7\u00e3o.<\/p>    <p>Nossa f\u00e1brica moderna de arroz possui diferentes configura\u00e7\u00f5es, como 2 ou 3 moinhos de arroz, dependendo de suas demandas. Se estiver interessado, entre em contato comigo para mais detalhes das m\u00e1quinas!<\/p>    <h2 class=\"wp-block-heading\"><strong>M\u00faltiplas configura\u00e7\u00f5es de f\u00e1bricas de arroz autom\u00e1ticas de 40tpd<\/strong><\/h2>    <h3 class=\"wp-block-heading\"><strong>Configura\u00e7\u00e3o 1: M\u00e1quina de arroz com 3 moinhos de arroz e classificador de arroz ou classificador de cor<\/strong><\/h3>    <p>Esta colocation consiste em limpador, descasqueador, descascador de arroz, separador de arroz por gravidade, 3 m\u00e1quinas de moagem de arroz e classificador de arroz ou classificador de cor. Isso torna a moagem de arroz mais autom\u00e1tica e conveniente.<\/p>    <figure class=\"wp-block-gallery aligncenter has-nested-images columns-default is-cropped wp-block-gallery-2 is-layout-flex wp-block-gallery-is-layout-flex\"> <figure class=\"wp-block-image size-large\"><img loading=\"lazy\" decoding=\"async\" width=\"720\" height=\"540\" data-id=\"289\" src=\"https:\/\/cnricemill.com\/wp-content\/uploads\/2024\/02\/rice-mill-plant-with-rice-grader.webp\" alt=\"f\u00e1brica de moagem de arroz com classificador de arroz\" class=\"wp-image-289\" srcset=\"https:\/\/cnricemill.com\/wp-content\/uploads\/2024\/02\/rice-mill-plant-with-rice-grader.webp 720w, https:\/\/cnricemill.com\/wp-content\/uploads\/2024\/02\/rice-mill-plant-with-rice-grader-300x225.webp 300w\" sizes=\"auto, (max-width: 720px) 100vw, 720px\" \/><figcaption class=\"wp-element-caption\">f\u00e1brica de moagem de arroz com classificador de arroz<\/figcaption><\/figure>    <figure class=\"wp-block-image size-large\"><img loading=\"lazy\" decoding=\"async\" width=\"720\" height=\"540\" data-id=\"290\" src=\"https:\/\/cnricemill.com\/wp-content\/uploads\/2024\/02\/rice-milling-plant-wih-color-sorter.webp\" alt=\"f\u00e1brica de moagem de arroz com classificador de cor\" class=\"wp-image-290\" srcset=\"https:\/\/cnricemill.com\/wp-content\/uploads\/2024\/02\/rice-milling-plant-wih-color-sorter.webp 720w, https:\/\/cnricemill.com\/wp-content\/uploads\/2024\/02\/rice-milling-plant-wih-color-sorter-300x225.webp 300w\" sizes=\"auto, (max-width: 720px) 100vw, 720px\" \/><figcaption class=\"wp-element-caption\">f\u00e1brica de moagem de arroz com classificador de cor<\/figcaption><\/figure> <\/figure>    <h3 class=\"wp-block-heading\"><strong>Configura\u00e7\u00e3o 2: F\u00e1brica de processamento de arroz com 3 moinhos de arroz, classificador de arroz, polidor e classificador de cor<\/strong><\/h3>    <p>Mais fun\u00e7\u00f5es s\u00e3o adicionadas com base na configura\u00e7\u00e3o 1. Classificador de arroz, polidor e classificador de cor trabalham juntos para uma produ\u00e7\u00e3o de arroz branco comest\u00edvel melhor e mais branca.<\/p>    <figure class=\"wp-block-gallery aligncenter has-nested-images columns-default is-cropped wp-block-gallery-3 is-layout-flex wp-block-gallery-is-layout-flex\"> <figure class=\"wp-block-image size-large\"><img loading=\"lazy\" decoding=\"async\" width=\"720\" height=\"540\" data-id=\"291\" src=\"https:\/\/cnricemill.com\/wp-content\/uploads\/2024\/02\/automatic-rice-mill-plant-with-rice-grader-polisher-and-color-sorter.webp\" alt=\"f\u00e1brica de moagem de arroz autom\u00e1tica com classificador de arroz, polidor e classificador de cor\" class=\"wp-image-291\" srcset=\"https:\/\/cnricemill.com\/wp-content\/uploads\/2024\/02\/automatic-rice-mill-plant-with-rice-grader-polisher-and-color-sorter.webp 720w, https:\/\/cnricemill.com\/wp-content\/uploads\/2024\/02\/automatic-rice-mill-plant-with-rice-grader-polisher-and-color-sorter-300x225.webp 300w\" sizes=\"auto, (max-width: 720px) 100vw, 720px\" \/><figcaption class=\"wp-element-caption\">f\u00e1brica de moagem de arroz autom\u00e1tica com classificador de arroz, polidor e classificador de cor<\/figcaption><\/figure>    <figure class=\"wp-block-image size-large\"><img loading=\"lazy\" decoding=\"async\" width=\"720\" height=\"540\" data-id=\"292\" src=\"https:\/\/cnricemill.com\/wp-content\/uploads\/2024\/02\/combined-rice-mill-with-3-millers.webp\" alt=\"f\u00e1brica de moagem de arroz combinada com 3 moinhos\" class=\"wp-image-292\" srcset=\"https:\/\/cnricemill.com\/wp-content\/uploads\/2024\/02\/combined-rice-mill-with-3-millers.webp 720w, https:\/\/cnricemill.com\/wp-content\/uploads\/2024\/02\/combined-rice-mill-with-3-millers-300x225.webp 300w\" sizes=\"auto, (max-width: 720px) 100vw, 720px\" \/><figcaption class=\"wp-element-caption\">f\u00e1brica de moagem de arroz combinada com 3 moinhos<\/figcaption><\/figure> <\/figure>    <h3 class=\"wp-block-heading\"><strong>Configura\u00e7\u00e3o 3: Linha de moagem de arroz com 3 moinhos de arroz, classificador de arroz, dep\u00f3sito de armazenamento, polidor e classificador de cor<\/strong><\/h3>    <p>Com base na configura\u00e7\u00e3o 2, este adiciona o dep\u00f3sito de armazenamento no processamento de arroz, o que \u00e9 mais eficaz durante a moagem de arroz.<\/p>    <figure class=\"wp-block-gallery aligncenter has-nested-images columns-default is-cropped wp-block-gallery-4 is-layout-flex wp-block-gallery-is-layout-flex\"> <figure class=\"wp-block-image size-large\"><img loading=\"lazy\" decoding=\"async\" width=\"720\" height=\"540\" data-id=\"293\" src=\"https:\/\/cnricemill.com\/wp-content\/uploads\/2024\/02\/automatic-rice-mill-plant-machinery.webp\" alt=\"m\u00e1quina de f\u00e1brica de arroz autom\u00e1tica\" class=\"wp-image-293\" srcset=\"https:\/\/cnricemill.com\/wp-content\/uploads\/2024\/02\/automatic-rice-mill-plant-machinery.webp 720w, https:\/\/cnricemill.com\/wp-content\/uploads\/2024\/02\/automatic-rice-mill-plant-machinery-300x225.webp 300w\" sizes=\"auto, (max-width: 720px) 100vw, 720px\" \/><figcaption class=\"wp-element-caption\">m\u00e1quina de f\u00e1brica de arroz autom\u00e1tica<\/figcaption><\/figure>    <figure class=\"wp-block-image size-large\"><img loading=\"lazy\" decoding=\"async\" width=\"720\" height=\"540\" data-id=\"294\" src=\"https:\/\/cnricemill.com\/wp-content\/uploads\/2024\/02\/complete-rice-milling-plant-equipment.webp\" alt=\"equipamento completo de f\u00e1brica de moagem de arroz\" class=\"wp-image-294\" srcset=\"https:\/\/cnricemill.com\/wp-content\/uploads\/2024\/02\/complete-rice-milling-plant-equipment.webp 720w, https:\/\/cnricemill.com\/wp-content\/uploads\/2024\/02\/complete-rice-milling-plant-equipment-300x225.webp 300w\" sizes=\"auto, (max-width: 720px) 100vw, 720px\" \/><figcaption class=\"wp-element-caption\">equipamento completo de f\u00e1brica de moagem de arroz<\/figcaption><\/figure> <\/figure>    <h2 class=\"wp-block-heading\"><strong>Fluxo de trabalho da f\u00e1brica de moagem de arroz autom\u00e1tica<\/strong><\/h2>    <p class=\"translation-block\">O fluxo de trabalho da f\u00e1brica de moagem de arroz de 40TPD geralmente inclui <strong>descasqueamento, descascamento de arroz, moagem de arroz (2 ou 3 moinhos), classifica\u00e7\u00e3o <\/strong>e <strong>classifica\u00e7\u00e3o de cor<\/strong>.<\/p>   <div class=\"wp-block-image\"> <figure class=\"aligncenter size-full\"><img loading=\"lazy\" decoding=\"async\" width=\"720\" height=\"540\" src=\"https:\/\/cnricemill.com\/wp-content\/uploads\/2024\/02\/list-of-machines-used-in-rice-mill.webp\" alt=\"lista de m\u00e1quinas usadas na f\u00e1brica de arroz\" class=\"wp-image-286\" srcset=\"https:\/\/cnricemill.com\/wp-content\/uploads\/2024\/02\/list-of-machines-used-in-rice-mill.webp 720w, https:\/\/cnricemill.com\/wp-content\/uploads\/2024\/02\/list-of-machines-used-in-rice-mill-300x225.webp 300w\" sizes=\"auto, (max-width: 720px) 100vw, 720px\" \/><figcaption class=\"wp-element-caption\">lista de m\u00e1quinas usadas na f\u00e1brica de arroz<\/figcaption><\/figure> <\/div>   <ul class=\"wp-block-list\"> <li>Primeiro, as mat\u00e9rias-primas s\u00e3o descasqueadas para remover impurezas;<\/li>    <li>Seguido pelo descascamento, onde o gr\u00e3o \u00e9 limpo;<\/li>    <li>Depois entra no processo de moagem de arroz, que pode incluir 2 ou 3 processos de moagem para garantir que o gr\u00e3o seja totalmente mo\u00eddo;<\/li>    <li>Seguido pela classifica\u00e7\u00e3o, onde o arroz mo\u00eddo \u00e9 classificado para distinguir diferentes qualidades de arroz;<\/li>    <li>Por fim, a classifica\u00e7\u00e3o por cor, usando m\u00e1quinas de classifica\u00e7\u00e3o de cor para verificar os gr\u00e3os de arroz, remover cores indesejadas e produtos inferiores, e obter arroz acabado de alta qualidade.<\/li> <\/ul>    <p>Todo o fluxo de trabalho \u00e9 altamente automatizado, o que pode melhorar a efici\u00eancia de produ\u00e7\u00e3o e a qualidade do produto.<\/p>    <h2 class=\"wp-block-heading\"><strong>Layout da f\u00e1brica de arroz<\/strong><\/h2>    <p>Um layout adequado da f\u00e1brica pode maximizar o uso do espa\u00e7o e melhorar a produtividade. Um layout t\u00edpico de uma f\u00e1brica de processamento de arroz geralmente inclui uma \u00e1rea de armazenamento de mat\u00e9ria-prima, \u00e1rea de limpeza, \u00e1rea de moagem, \u00e1rea de embalagem, entre outras.<\/p>    <ul class=\"wp-block-list\"> <li><strong>\u00c1rea de armazenamento de mat\u00e9rias-primas<\/strong>: Geralmente localizado de um lado da f\u00e1brica para facilitar o armazenamento e transporte de mat\u00e9rias-primas.<\/li>    <li><strong>\u00c1rea de limpeza<\/strong>: Utilizado para limpar mat\u00e9rias-primas como o arroz para remover impurezas e part\u00edculas indesejadas.<\/li>    <li><strong>\u00c1rea de moagem<\/strong>: A \u00e1rea central do processamento de arroz, incluindo a unidade de moagem e equipamentos relacionados, que \u00e9 usada para transformar o arroz em gr\u00e3o.<\/li>    <li><strong>\u00c1rea de embalagem<\/strong>: Utilizado para embalar e encapsular o arroz processado para transporte e venda.<\/li> <\/ul>    <h2 class=\"wp-block-heading\"><strong>Desenhos de instala\u00e7\u00e3o de maquinaria completa de f\u00e1brica de moagem de arroz<\/strong><\/h2>    <p>Ap\u00f3s adquirir nossas m\u00e1quinas, forneceremos planos e desenhos de instala\u00e7\u00e3o para sua refer\u00eancia, e, se necess\u00e1rio, enviaremos engenheiros ao local para ajudar.<\/p>   <div class=\"wp-block-image\"> <figure class=\"aligncenter size-large\"><img loading=\"lazy\" decoding=\"async\" width=\"1024\" height=\"585\" src=\"https:\/\/cnricemill.com\/wp-content\/uploads\/2024\/02\/installation-drawing-of-automatic-rice-mill-plant-machine-1024x585.webp\" alt=\"desenho de instala\u00e7\u00e3o de m\u00e1quina de f\u00e1brica de arroz autom\u00e1tica\" class=\"wp-image-295\" srcset=\"https:\/\/cnricemill.com\/wp-content\/uploads\/2024\/02\/installation-drawing-of-automatic-rice-mill-plant-machine-1024x585.webp 1024w, https:\/\/cnricemill.com\/wp-content\/uploads\/2024\/02\/installation-drawing-of-automatic-rice-mill-plant-machine-300x171.webp 300w, https:\/\/cnricemill.com\/wp-content\/uploads\/2024\/02\/installation-drawing-of-automatic-rice-mill-plant-machine-768x439.webp 768w, https:\/\/cnricemill.com\/wp-content\/uploads\/2024\/02\/installation-drawing-of-automatic-rice-mill-plant-machine.webp 1400w\" sizes=\"auto, (max-width: 1024px) 100vw, 1024px\" \/><figcaption class=\"wp-element-caption\">desenho de instala\u00e7\u00e3o de m\u00e1quina de f\u00e1brica de arroz autom\u00e1tica<\/figcaption><\/figure> <\/div>   <h2 class=\"wp-block-heading\"><strong>Vantagens da m\u00e1quina de f\u00e1brica de moagem de arroz comercial&nbsp;<\/strong><\/h2>    <ul class=\"wp-block-list\"> <li><strong>Alta efici\u00eancia<\/strong>: a m\u00e1quina consegue processar grandes quantidades de arroz rapidamente, aumentando a produtividade;<\/li>    <li><strong>Efici\u00eancia energ\u00e9tica<\/strong>: atrav\u00e9s do uso de tecnologias avan\u00e7adas de poupan\u00e7a de energia no design da m\u00e1quina, reduzindo o consumo de energia;<\/li>    <li><strong>Facilidade de opera\u00e7\u00e3o e manuten\u00e7\u00e3o<\/strong>: facilita a opera\u00e7\u00e3o e manuten\u00e7\u00e3o da m\u00e1quina pelos operadores, reduzindo custos de m\u00e3o-de-obra;<\/li>    <li><strong>Alta adaptabilidade<\/strong>: a m\u00e1quina pode adaptar-se a diferentes tipos e qualidades de arroz para garantir que a qualidade dos produtos processados seja consistente.<\/li> <\/ul>    <h2 class=\"wp-block-heading\"><strong>Quanto custa a planta de moagem de arroz totalmente autom\u00e1tica?<\/strong><\/h2>    <p>O custo de uma f\u00e1brica de processamento de arroz totalmente automatizada varia dependendo de v\u00e1rios fatores, incluindo escala de produ\u00e7\u00e3o, configura\u00e7\u00e3o do equipamento e n\u00edvel de tecnologia.<\/p>    <p>De modo geral, uma f\u00e1brica de processamento de arroz totalmente automatizada custa mais, mas oferece maiores benef\u00edcios e produtividade a longo prazo em compara\u00e7\u00e3o com uma f\u00e1brica operada manualmente.<\/p>    <p>O custo de uma f\u00e1brica de arroz totalmente autom\u00e1tica geralmente inclui o custo de compra do equipamento, custo de instala\u00e7\u00e3o e comissionamento, e custo de constru\u00e7\u00e3o da f\u00e1brica. Dependendo das necessidades e or\u00e7amentos diferentes, o custo de uma f\u00e1brica de processamento de arroz totalmente automatizada pode variar e deve ser avaliado e calculado caso a caso.<\/p>   <div class=\"wp-block-image\"> <figure class=\"aligncenter size-full\"><img loading=\"lazy\" decoding=\"async\" width=\"720\" height=\"540\" src=\"https:\/\/cnricemill.com\/wp-content\/uploads\/2024\/02\/rice-mill-plant-cost.webp\" alt=\"custo da f\u00e1brica de arroz\" class=\"wp-image-297\" srcset=\"https:\/\/cnricemill.com\/wp-content\/uploads\/2024\/02\/rice-mill-plant-cost.webp 720w, https:\/\/cnricemill.com\/wp-content\/uploads\/2024\/02\/rice-mill-plant-cost-300x225.webp 300w\" sizes=\"auto, (max-width: 720px) 100vw, 720px\" \/><figcaption class=\"wp-element-caption\">custo da f\u00e1brica de arroz<\/figcaption><\/figure> <\/div>   <p>Se desejar mais detalhes, entre em contato conosco agora para mais detalhes e pre\u00e7os das m\u00e1quinas!<\/p>    <h2 class=\"wp-block-heading\"><strong>Solicite agora uma cota\u00e7\u00e3o para o pre\u00e7o da m\u00e1quina de moagem de arroz!<\/strong><\/h2>    <p class=\"translation-block\">Solicite uma cota\u00e7\u00e3o agora para obter o pre\u00e7o da m\u00e1quina de f\u00e1brica de processamento de arroz! Oferecemos equipamentos de alta qualidade e efici\u00eancia (15tpd <a href=\"https:\/\/cnricemill.com\/pt\/product\/15tpd-complete-rice-mill-plant\/\">f\u00e1brica de arroz mini<\/a>, f\u00e1brica de moagem de arroz de 25tpd, moinho de arroz de 60tpd, etc) para suas necessidades de <a href=\"https:\/\/en.wikipedia.org\/wiki\/Rice\" target=\"_blank\" rel=\"noopener\">moagem de arroz<\/a>. Entre em contato com nossa equipe de atendimento ao cliente para mais informa\u00e7\u00f5es!<\/p>","protected":false},"excerpt":{"rendered":"<p>This 40tpd automatic rice mill plant is to process grain raw materials such as paddy rice into high-quality edible white rice with a capacity of 40 tons per day. This kind of rice milling plant features high efficiency, energy saving and automation. Our modern rice mill plant has different configurations, such as 2 rice millers [&hellip;]<\/p>\n","protected":false},"author":1,"featured_media":285,"parent":0,"template":"","tags":[14,15],"product-type":[5],"class_list":["post-284","product","type-product","status-publish","has-post-thumbnail","hentry","tag-rice","tag-rice-milling","product-type-rice-mill-plant"],"_links":{"self":[{"href":"https:\/\/cnricemill.com\/pt\/wp-json\/wp\/v2\/product\/284","targetHints":{"allow":["GET"]}}],"collection":[{"href":"https:\/\/cnricemill.com\/pt\/wp-json\/wp\/v2\/product"}],"about":[{"href":"https:\/\/cnricemill.com\/pt\/wp-json\/wp\/v2\/types\/product"}],"author":[{"embeddable":true,"href":"https:\/\/cnricemill.com\/pt\/wp-json\/wp\/v2\/users\/1"}],"wp:featuredmedia":[{"embeddable":true,"href":"https:\/\/cnricemill.com\/pt\/wp-json\/wp\/v2\/media\/285"}],"wp:attachment":[{"href":"https:\/\/cnricemill.com\/pt\/wp-json\/wp\/v2\/media?parent=284"}],"wp:term":[{"taxonomy":"post_tag","embeddable":true,"href":"https:\/\/cnricemill.com\/pt\/wp-json\/wp\/v2\/tags?post=284"},{"taxonomy":"product-type","embeddable":true,"href":"https:\/\/cnricemill.com\/pt\/wp-json\/wp\/v2\/product-type?post=284"}],"curies":[{"name":"wp","href":"https:\/\/api.w.org\/{rel}","templated":true}]}}