{"id":275,"date":"2024-02-23T16:12:22","date_gmt":"2024-02-23T08:12:22","guid":{"rendered":"https:\/\/cnricemill.com\/?post_type=product&#038;p=275"},"modified":"2024-12-23T11:34:06","modified_gmt":"2024-12-23T03:34:06","slug":"30tpd-rice-milling-plant-for-sale","status":"publish","type":"product","link":"https:\/\/cnricemill.com\/pt\/product\/30tpd-rice-milling-plant-for-sale\/","title":{"rendered":"Planta de moagem de arroz de 30TPD \u00e0 venda"},"content":{"rendered":"<p class=\"translation-block\">A f\u00e1brica de moagem de arroz Taizy de 30TPD (30 toneladas por dia)  \u00e9 um equipamento integrado projetado para atender \u00e0s necessidades de f\u00e1bricas de processamento de arroz de m\u00e9dio e grande porte. Esta f\u00e1brica de arroz unida \u00e9 fabricada com tecnologia avan\u00e7ada e materiais de alta qualidade, e dedica-se a realizar toda a opera\u00e7\u00e3o automatizada desde a limpeza do palha at\u00e9 ao acabamento do arroz.<\/p>    <h2 class=\"wp-block-heading\"><strong>Componentes da m\u00e1quina de moagem de arroz combinada<\/strong><\/h2>    <ul class=\"wp-block-list\"> <li><strong>Se\u00e7\u00e3o de limpeza<\/strong>: cont\u00e9m peneira vibrat\u00f3ria, separador magn\u00e9tico e separador de ar, etc., usados para remover impurezas das mat\u00e9rias-primas.<\/li>    <li><strong>Etapa de descasque e separa\u00e7\u00e3o<\/strong>: equipado com descascador e peneira de separa\u00e7\u00e3o de gr\u00e3os e arroz integral, removendo efetivamente a casca do arroz e separando o arroz integral puro.<\/li>    <li><strong>Sistema de polimento branco<\/strong>: composta por uma m\u00e1quina de moagem de arroz de m\u00faltiplas etapas e uma m\u00e1quina de polimento para garantir que o arroz seja branco e delicado.<\/li>    <li><strong>Se\u00e7\u00e3o de classifica\u00e7\u00e3o e triagem<\/strong>: uso de uma peneira de classifica\u00e7\u00e3o de precis\u00e3o para filtrar o tamanho do gr\u00e3o de arroz, garantindo uma qualidade de produto consistente.<\/li>    <li><strong>Classifica\u00e7\u00e3o de cores e embalagem<\/strong>: classificador de cores e m\u00e1quina de embalagem, rejeitando part\u00edculas de cor estrangeira e realizando embalagens quantitativas padronizadas.<\/li> <\/ul>   <div class=\"wp-block-image\"> <figure class=\"aligncenter size-full\"><img loading=\"lazy\" decoding=\"async\" width=\"720\" height=\"540\" src=\"https:\/\/cnricemill.com\/wp-content\/uploads\/2024\/02\/united-rice-mill-for-sale.webp\" alt=\"F\u00e1brica de arroz unida \u00e0 venda\" class=\"wp-image-276\" srcset=\"https:\/\/cnricemill.com\/wp-content\/uploads\/2024\/02\/united-rice-mill-for-sale.webp 720w, https:\/\/cnricemill.com\/wp-content\/uploads\/2024\/02\/united-rice-mill-for-sale-300x225.webp 300w\" sizes=\"auto, (max-width: 720px) 100vw, 720px\" \/><figcaption class=\"wp-element-caption\">F\u00e1brica de arroz unida \u00e0 venda<\/figcaption><\/figure> <\/div>   <h2 class=\"wp-block-heading\"><strong>Princ\u00edpio de funcionamento da f\u00e1brica de arroz de 30tpd<\/strong><\/h2>    <p>A unidade de moagem de arroz de 30TPD segue o princ\u00edpio de \u201climpeza primeiro, depois moagem, processamento passo a passo\u201d, removendo gradualmente cascas, peles e polindo o arroz por meios f\u00edsicos, e melhorando a qualidade do produto com a ajuda de tecnologia moderna, como tecnologia de detec\u00e7\u00e3o fotoel\u00e9trica. <\/p>   <div class=\"wp-block-image\"> <figure class=\"aligncenter size-full\"><img loading=\"lazy\" decoding=\"async\" width=\"1000\" height=\"540\" src=\"https:\/\/cnricemill.com\/wp-content\/uploads\/2024\/02\/rice-milling-plant-successfully-assembled-in-factory.webp\" alt=\"F\u00e1brica de moagem de arroz montada com sucesso na f\u00e1brica\" class=\"wp-image-277\" srcset=\"https:\/\/cnricemill.com\/wp-content\/uploads\/2024\/02\/rice-milling-plant-successfully-assembled-in-factory.webp 1000w, https:\/\/cnricemill.com\/wp-content\/uploads\/2024\/02\/rice-milling-plant-successfully-assembled-in-factory-300x162.webp 300w, https:\/\/cnricemill.com\/wp-content\/uploads\/2024\/02\/rice-milling-plant-successfully-assembled-in-factory-768x415.webp 768w\" sizes=\"auto, (max-width: 1000px) 100vw, 1000px\" \/><figcaption class=\"wp-element-caption\">F\u00e1brica de moagem de arroz montada com sucesso na f\u00e1brica<\/figcaption><\/figure> <\/div>   <p>O processo completo \u00e9 cient\u00edfico e razo\u00e1vel, o que maximiza a reten\u00e7\u00e3o de nutrientes do arroz e reduz o consumo e a perda de energia.<\/p>    <h2 class=\"wp-block-heading\"><strong>Vantagens da m\u00e1quina de moagem de arroz completa de 30tpd<\/strong><\/h2>    <ul class=\"wp-block-list\"> <li><strong>Alta capacidade<\/strong>: capacidade de processamento di\u00e1ria at\u00e9 30 toneladas, adaptando-se \u00e0 demanda de produ\u00e7\u00e3o em grande escala.<\/li>    <li><strong>Alta efici\u00eancia<\/strong>: design integrado, redu\u00e7\u00e3o de liga\u00e7\u00f5es intermedi\u00e1rias, melhoria da efici\u00eancia de produ\u00e7\u00e3o.<\/li>    <li><strong>Baixa perda<\/strong>: controlo de processo refinado, redu\u00e7\u00e3o da taxa de perda de arroz de casca, melhoria da efici\u00eancia econ\u00f3mica.<\/li>    <li><strong>Prote\u00e7\u00e3o ambiental e economia de energia<\/strong>: otimizar a configura\u00e7\u00e3o de energia, reduzir o consumo de energia, em linha com os requisitos de produ\u00e7\u00e3o verde.<\/li>    <li><strong>Excelente qualidade<\/strong>: a qualidade do arroz produzida \u00e9 est\u00e1vel, com boa cor e sabor, sendo altamente apreciada pelo mercado.<\/li> <\/ul>    <h2 class=\"wp-block-heading\"><strong>Desenho de instala\u00e7\u00e3o de f\u00e1brica de arroz e suporte t\u00e9cnico<\/strong><\/h2>    <p>A Taizy fornece desenhos detalhados de instala\u00e7\u00e3o da f\u00e1brica de moagem de arroz de 30TPD, bem como servi\u00e7os profissionais de orienta\u00e7\u00e3o no local para garantir que possa completar r\u00e1pida e precisamente a instala\u00e7\u00e3o e comissionamento do equipamento. <\/p>   <div class=\"wp-block-image\"> <figure class=\"aligncenter size-large\"><img loading=\"lazy\" decoding=\"async\" width=\"1024\" height=\"585\" src=\"https:\/\/cnricemill.com\/wp-content\/uploads\/2024\/02\/complete-rice-milling-plant-installation-without-steel-frame-1024x585.webp\" alt=\"Instala\u00e7\u00e3o completa de f\u00e1brica de moagem de arroz sem estrutura de a\u00e7o\" class=\"wp-image-279\" srcset=\"https:\/\/cnricemill.com\/wp-content\/uploads\/2024\/02\/complete-rice-milling-plant-installation-without-steel-frame-1024x585.webp 1024w, https:\/\/cnricemill.com\/wp-content\/uploads\/2024\/02\/complete-rice-milling-plant-installation-without-steel-frame-300x171.webp 300w, https:\/\/cnricemill.com\/wp-content\/uploads\/2024\/02\/complete-rice-milling-plant-installation-without-steel-frame-768x439.webp 768w, https:\/\/cnricemill.com\/wp-content\/uploads\/2024\/02\/complete-rice-milling-plant-installation-without-steel-frame.webp 1400w\" sizes=\"auto, (max-width: 1024px) 100vw, 1024px\" \/><figcaption class=\"wp-element-caption\">Instala\u00e7\u00e3o completa de f\u00e1brica de moagem de arroz sem estrutura de a\u00e7o<\/figcaption><\/figure> <\/div>  <div class=\"wp-block-image\"> <figure class=\"aligncenter size-large\"><img loading=\"lazy\" decoding=\"async\" width=\"1024\" height=\"622\" src=\"https:\/\/cnricemill.com\/wp-content\/uploads\/2024\/02\/rice-mill-machinery-installation-with-steel-frame-1024x622.webp\" alt=\"Instala\u00e7\u00e3o de maquinaria de moagem de arroz com estrutura de a\u00e7o\" class=\"wp-image-280\" srcset=\"https:\/\/cnricemill.com\/wp-content\/uploads\/2024\/02\/rice-mill-machinery-installation-with-steel-frame-1024x622.webp 1024w, https:\/\/cnricemill.com\/wp-content\/uploads\/2024\/02\/rice-mill-machinery-installation-with-steel-frame-300x182.webp 300w, https:\/\/cnricemill.com\/wp-content\/uploads\/2024\/02\/rice-mill-machinery-installation-with-steel-frame-768x466.webp 768w, https:\/\/cnricemill.com\/wp-content\/uploads\/2024\/02\/rice-mill-machinery-installation-with-steel-frame.webp 1400w\" sizes=\"auto, (max-width: 1024px) 100vw, 1024px\" \/><figcaption class=\"wp-element-caption\">Instala\u00e7\u00e3o de maquinaria de moagem de arroz com estrutura de a\u00e7o<\/figcaption><\/figure> <\/div>   <p>Al\u00e9m disso, comprometemo-nos a fornecer-lhe uma gama completa de aconselhamento t\u00e9cnico e suporte, incluindo layout de linha de produ\u00e7\u00e3o, forma\u00e7\u00e3o em manuten\u00e7\u00e3o de equipamentos e outros.<\/p>    <h2 class=\"wp-block-heading\"><strong>Servi\u00e7o sobre maquinaria de f\u00e1brica de arroz \u00e0 venda<\/strong><\/h2>    <p class=\"translation-block\">Como fabricante e fornecedor profissional de f\u00e1bricas de arroz unidas, n\u00e3o s\u00f3 fornecemos um servi\u00e7o de consultoria pr\u00e9-venda perfeito, instala\u00e7\u00e3o no local  e servi\u00e7o de comissionamento , mas tamb\u00e9m prometemos suporte p\u00f3s-venda a longo prazo , incluindo, mas n\u00e3o se limitando a fornecimento de pe\u00e7as sobressalentes, manuten\u00e7\u00e3o de falhas, atualiza\u00e7\u00e3o e programa de substitui\u00e7\u00e3o .<\/p>   <div class=\"wp-block-image\"> <figure class=\"aligncenter size-full\"><img loading=\"lazy\" decoding=\"async\" width=\"1000\" height=\"540\" src=\"https:\/\/cnricemill.com\/wp-content\/uploads\/2024\/02\/raw-rice-mill-plant-manufacturer.webp\" alt=\"Fabricante de f\u00e1brica de arroz cru\" class=\"wp-image-278\" srcset=\"https:\/\/cnricemill.com\/wp-content\/uploads\/2024\/02\/raw-rice-mill-plant-manufacturer.webp 1000w, https:\/\/cnricemill.com\/wp-content\/uploads\/2024\/02\/raw-rice-mill-plant-manufacturer-300x162.webp 300w, https:\/\/cnricemill.com\/wp-content\/uploads\/2024\/02\/raw-rice-mill-plant-manufacturer-768x415.webp 768w\" sizes=\"auto, (max-width: 1000px) 100vw, 1000px\" \/><figcaption class=\"wp-element-caption\">Fabricante de f\u00e1brica de arroz cru<\/figcaption><\/figure> <\/div>   <h2 class=\"wp-block-heading\"><strong>Casos globais da f\u00e1brica de arroz moderna Taizy<\/strong><\/h2>    <p>Quer esteja em mercados emergentes ou regi\u00f5es agr\u00edcolas tradicionais, a nossa f\u00e1brica de arroz de 30TPD tem recebido amplo reconhecimento pela sua alta efici\u00eancia, alta qualidade e gama completa de servi\u00e7os, ajudando muitos processadores de arroz a modernizar os seus neg\u00f3cios. Abaixo, alguns casos t\u00edpicos.<\/p>    <ol class=\"wp-block-list\"> <li><strong>Uma planta de processamento de arroz de grande escala no Sudeste Asi\u00e1tico<\/strong>: Ap\u00f3s a introdu\u00e7\u00e3o da nossa m\u00e1quina de moagem de arroz de 30TPD, a planta n\u00e3o s\u00f3 aumentou significativamente a capacidade di\u00e1ria de processamento para atender \u00e0 demanda do mercado local e de exporta\u00e7\u00e3o, mas tamb\u00e9m melhorou significativamente a qualidade do arroz atrav\u00e9s de tecnologia avan\u00e7ada de classifica\u00e7\u00e3o de cores e polimento. <\/li>    <li><strong>Uma empresa familiar de arroz no Sul da \u00c1sia<\/strong>: Antes de usar a nossa planta de moagem de arroz, a empresa enfrentava problemas de capacidade e t\u00e9cnicos. Ap\u00f3s instalar e colocar em funcionamento a unidade de 30TPD, a sua produtividade melhorou significativamente, e os custos operacionais foram reduzidos ao mesmo tempo. <\/li>    <li><strong>Um projeto de processamento de gr\u00e3os financiado pelo governo na \u00c1frica<\/strong>: Taizy&#8217;s 30TPD rice milling unit was adopted as the core production equipment for this project, effectively promoting the development of the local rice industry. The <a href=\"https:\/\/cnricemill.com\/pt\/product\/15tpd-complete-rice-mill-plant\/\">moinho de arroz unido<\/a>&#8216;s high efficiency and energy saving features and stable output quality were well received by the local government and farmers, helping to realize the goal of food self-sufficiency.<\/li>    <li><strong>Uma cooperativa na Am\u00e9rica Latina<\/strong>: V\u00e1rias cooperativas pequenas adquiriram em conjunto as nossas m\u00e1quinas de moagem de arroz de 30TPD para construir uma linha moderna de processamento de arroz. Gra\u00e7as ao desempenho excecional da unidade e ao suporte de servi\u00e7o personalizado, os membros das cooperativas t\u00eam conseguido partilhar recursos, reduzir custos, melhorar a competitividade do produto e ampliar os canais de venda.<\/li> <\/ol>    <h2 class=\"wp-block-heading\"><strong>Contacte-nos para mais detalhes sobre a f\u00e1brica de moagem de arroz!<\/strong><\/h2>    <p class=\"translation-block\">Para mais informa\u00e7\u00f5es sobre a nossa m\u00e1quina de arroz autom\u00e1tica de 30TPD, contacte-nos diretamente, a nossa equipa profissional fornecer\u00e1 solu\u00e7\u00f5es personalizadas e pre\u00e7os competitivos de acordo com as suas necessidades espec\u00edficas (como<a href=\"https:\/\/en.wikipedia.org\/wiki\/White_rice\" target=\"_blank\" rel=\"noopener\">produ\u00e7\u00e3o de arroz branco<\/a>, configura\u00e7\u00e3o, etc). <\/p>    <p>Aguardamos trabalhar consigo para criar um futuro brilhante para a ind\u00fastria de processamento de arroz!<\/p>   <div class=\"wp-block-image\"> <figure class=\"aligncenter size-full\"><img loading=\"lazy\" decoding=\"async\" width=\"1000\" height=\"540\" src=\"https:\/\/cnricemill.com\/wp-content\/uploads\/2024\/02\/mini-rice-mill-price.webp\" alt=\"Pre\u00e7o de mini f\u00e1brica de arroz\" class=\"wp-image-281\" srcset=\"https:\/\/cnricemill.com\/wp-content\/uploads\/2024\/02\/mini-rice-mill-price.webp 1000w, https:\/\/cnricemill.com\/wp-content\/uploads\/2024\/02\/mini-rice-mill-price-300x162.webp 300w, https:\/\/cnricemill.com\/wp-content\/uploads\/2024\/02\/mini-rice-mill-price-768x415.webp 768w\" sizes=\"auto, (max-width: 1000px) 100vw, 1000px\" \/><figcaption class=\"wp-element-caption\">Pre\u00e7o de mini f\u00e1brica de arroz<\/figcaption><\/figure> <\/div>","protected":false},"excerpt":{"rendered":"<p>Taizy 30TPD (30 tons per day) rice milling plant is an integrated equipment designed to meet the needs of medium and large-scale rice processing plants. This united rice mill is manufactured with advanced technology and high-quality materials, and is dedicated to realizing the entire automated operation from paddy cleaning to rice finishing. Components of combined [&hellip;]<\/p>\n","protected":false},"author":1,"featured_media":283,"parent":0,"template":"","tags":[14,15],"product-type":[5],"class_list":["post-275","product","type-product","status-publish","has-post-thumbnail","hentry","tag-rice","tag-rice-milling","product-type-rice-mill-plant"],"_links":{"self":[{"href":"https:\/\/cnricemill.com\/pt\/wp-json\/wp\/v2\/product\/275","targetHints":{"allow":["GET"]}}],"collection":[{"href":"https:\/\/cnricemill.com\/pt\/wp-json\/wp\/v2\/product"}],"about":[{"href":"https:\/\/cnricemill.com\/pt\/wp-json\/wp\/v2\/types\/product"}],"author":[{"embeddable":true,"href":"https:\/\/cnricemill.com\/pt\/wp-json\/wp\/v2\/users\/1"}],"wp:featuredmedia":[{"embeddable":true,"href":"https:\/\/cnricemill.com\/pt\/wp-json\/wp\/v2\/media\/283"}],"wp:attachment":[{"href":"https:\/\/cnricemill.com\/pt\/wp-json\/wp\/v2\/media?parent=275"}],"wp:term":[{"taxonomy":"post_tag","embeddable":true,"href":"https:\/\/cnricemill.com\/pt\/wp-json\/wp\/v2\/tags?post=275"},{"taxonomy":"product-type","embeddable":true,"href":"https:\/\/cnricemill.com\/pt\/wp-json\/wp\/v2\/product-type?post=275"}],"curies":[{"name":"wp","href":"https:\/\/api.w.org\/{rel}","templated":true}]}}