{"id":24,"date":"2022-08-09T06:25:42","date_gmt":"2022-08-09T06:25:42","guid":{"rendered":"https:\/\/cnricemill.com\/?page_id=24"},"modified":"2025-11-05T10:36:23","modified_gmt":"2025-11-05T02:36:23","slug":"contact-us","status":"publish","type":"page","link":"https:\/\/cnricemill.com\/pt\/contact-us\/","title":{"rendered":"Contacte-Nos"},"content":{"rendered":"<h2 class=\"wp-block-heading\">Quer ganhar mais dinheiro? Comece agora o seu neg\u00f3cio de processamento de arroz!<\/h2>    <p class=\"translation-block\">A TAIZY Machinery Co., Ltd \u00e9 um fornecedor l\u00edder de <a href=\"https:\/\/cnricemill.com\/pt\/\">solu\u00e7\u00f5es de processamento de arroz<\/a> na China. Estamos integrados na fabrica\u00e7\u00e3o e comercializa\u00e7\u00e3o de forma independente. Os nossos produtos cobrem uma gama completa de m\u00e1quinas de processamento de arroz com pre\u00e7os competitivos e qualidade garantida. Al\u00e9m disso, contamos com uma equipa extremamente qualificada para garantir o bom desempenho e a entrega r\u00e1pida dos nossos produtos. E equipamentos de processamento de arroz padr\u00e3o e personalizados est\u00e3o dispon\u00edveis conosco. <\/p>    <p>Est\u00e1 \u00e0 procura de uma m\u00e1quina de moinho de arroz fi\u00e1vel? Estamos dispostos a ajudar com o seu projeto de arroz. Contacte-nos para iniciar a sua jornada de sucesso!<\/p>    <div class=\"wp-block-columns is-layout-flex wp-container-core-columns-is-layout-9d6595d7 wp-block-columns-is-layout-flex\"> <div class=\"wp-block-column is-layout-flow wp-block-column-is-layout-flow\"> <div class=\"wp-block-columns is-layout-flex wp-container-core-columns-is-layout-9d6595d7 wp-block-columns-is-layout-flex\"> <div class=\"wp-block-column is-layout-flow wp-block-column-is-layout-flow\"> <figure class=\"wp-block-image size-large\"><img decoding=\"async\" src=\"https:\/\/charcoalplant.com\/wp-content\/uploads\/2022\/03\/smartphone.png\" alt=\"\"\/><\/figure>    <p>+86 17703863868<\/p> <\/div>    <div class=\"wp-block-column is-layout-flow wp-block-column-is-layout-flow\"> <figure class=\"wp-block-image size-large\"><img decoding=\"async\" src=\"https:\/\/charcoalplant.com\/wp-content\/uploads\/2022\/03\/email.png\" alt=\"\"\/><\/figure>    <p><a href=\"mailto:info@cnricemill.com\">info@cnricemill.com<\/a><\/p> <\/div> <\/div> <\/div>    <div class=\"wp-block-column is-layout-flow wp-block-column-is-layout-flow\"> <div class=\"wp-block-columns is-layout-flex wp-container-core-columns-is-layout-9d6595d7 wp-block-columns-is-layout-flex\"> <div class=\"wp-block-column is-layout-flow wp-block-column-is-layout-flow\"> <figure class=\"wp-block-image size-large\"><img decoding=\"async\" src=\"https:\/\/charcoalplant.com\/wp-content\/uploads\/2022\/03\/whatsapp.png\" alt=\"\"\/><\/figure>    <p>+86 17703863868<\/p> <\/div>    <div class=\"wp-block-column is-layout-flow wp-block-column-is-layout-flow\"> <figure class=\"wp-block-image size-large\"><img decoding=\"async\" src=\"https:\/\/charcoalplant.com\/wp-content\/uploads\/2022\/03\/address.png\" alt=\"\"\/><\/figure>    <p>Hanghai Road East, Zona de Desenvolvimento Econ\u00f4mico e Tecnol\u00f3gico de Zhengzhou, Cidade de Zhengzhou, Henan, China<\/p> <\/div> <\/div> <\/div> <\/div>","protected":false},"excerpt":{"rendered":"<p>Want to make more money? Start your rice processing business now! TAIZY Machinery Co., Ltd is a leading rice processing solutions supplier in China. &nbsp;We are integrated with manufacturing and marketing independently. Our products cover a complete range of rice processing machines with competitive price and guaranteed quality. Besides, we have extremely skilled staff to [&hellip;]<\/p>\n","protected":false},"author":1,"featured_media":0,"parent":0,"menu_order":0,"comment_status":"closed","ping_status":"closed","template":"","meta":{"footnotes":""},"class_list":["post-24","page","type-page","status-publish","hentry"],"_links":{"self":[{"href":"https:\/\/cnricemill.com\/pt\/wp-json\/wp\/v2\/pages\/24","targetHints":{"allow":["GET"]}}],"collection":[{"href":"https:\/\/cnricemill.com\/pt\/wp-json\/wp\/v2\/pages"}],"about":[{"href":"https:\/\/cnricemill.com\/pt\/wp-json\/wp\/v2\/types\/page"}],"author":[{"embeddable":true,"href":"https:\/\/cnricemill.com\/pt\/wp-json\/wp\/v2\/users\/1"}],"replies":[{"embeddable":true,"href":"https:\/\/cnricemill.com\/pt\/wp-json\/wp\/v2\/comments?post=24"}],"version-history":[{"count":0,"href":"https:\/\/cnricemill.com\/pt\/wp-json\/wp\/v2\/pages\/24\/revisions"}],"wp:attachment":[{"href":"https:\/\/cnricemill.com\/pt\/wp-json\/wp\/v2\/media?parent=24"}],"curies":[{"name":"wp","href":"https:\/\/api.w.org\/{rel}","templated":true}]}}