{"id":20,"date":"2022-08-09T06:20:10","date_gmt":"2022-08-09T06:20:10","guid":{"rendered":"https:\/\/cnricemill.com\/?page_id=20"},"modified":"2022-08-12T07:25:22","modified_gmt":"2022-08-12T07:25:22","slug":"about-us","status":"publish","type":"page","link":"https:\/\/cnricemill.com\/pt\/about-us\/","title":{"rendered":"Sobre N\u00f3s"},"content":{"rendered":"<div class=\"wp-block-columns is-layout-flex wp-container-core-columns-is-layout-9d6595d7 wp-block-columns-is-layout-flex\"> <div class=\"wp-block-column is-vertically-aligned-center is-layout-flow wp-block-column-is-layout-flow\"> <p>A TAIZY\u00ae \u00e9 uma fornecedora l\u00edder e completa de solu\u00e7\u00f5es de processamento de arroz, integrada com pesquisa, fabrica\u00e7\u00e3o e marketing. Nosso objetivo \u00e9 fornecer plantas de moagem de arroz de qualidade e acess\u00edveis para ajudar mais pessoas a comer arroz excelente. Como todos sabemos, o arroz \u00e9 uma das culturas alimentares b\u00e1sicas em muitos pa\u00edses. Portanto, h\u00e1 uma grande oportunidade e tamb\u00e9m responsabilidade de oferecer boas m\u00e1quinas de processamento de arroz. Assim, fica mais f\u00e1cil para as pessoas obterem arroz excelente em todo o mundo. Estamos ansiosos para contribuir para criar um mundo sem fome e um lugar melhor.<\/p>    <p><\/p> <\/div>    <div class=\"wp-block-column is-vertically-aligned-center is-layout-flow wp-block-column-is-layout-flow\"> <figure class=\"wp-block-image size-large\"><img decoding=\"async\" src=\"https:\/\/topfoodmachine.com\/wp-content\/uploads\/2022\/07\/taizy-factory.jpg\" alt=\"\"\/><\/figure> <\/div> <\/div>    <div class=\"wp-block-columns is-layout-flex wp-container-core-columns-is-layout-9d6595d7 wp-block-columns-is-layout-flex\"> <div class=\"wp-block-column is-vertically-aligned-center is-layout-flow wp-block-column-is-layout-flow\"> <figure class=\"wp-block-image size-full\"><img loading=\"lazy\" decoding=\"async\" width=\"720\" height=\"540\" src=\"https:\/\/cnricemill.com\/wp-content\/uploads\/2022\/08\/factory.jpg\" alt=\"f\u00e1brica\" class=\"wp-image-71\"\/><\/figure> <\/div>    <div class=\"wp-block-column is-vertically-aligned-center is-layout-flow wp-block-column-is-layout-flow\"> <p>Os nossos principais produtos cobrem uma gama completa de instala\u00e7\u00f5es de moagem de arroz, incluindo instala\u00e7\u00f5es de 15T\/D, 20T\/D, 25T\/D, 30T\/D, 40T\/D, 60T\/D, 80T\/D, 100T\/D. E apoiamos servi\u00e7os de personaliza\u00e7\u00e3o robustos para atender \u00e0s suas demandas espec\u00edficas. Al\u00e9m disso, a m\u00e1quina de limpeza de arroz, m\u00e1quina de descasque de arroz, separador de arroz, m\u00e1quina de polimento de arroz, classificador de arroz, seletor de cor de arroz e m\u00e1quina de embalagem de arroz est\u00e3o dispon\u00edveis na f\u00e1brica TAIZY. Atualmente, as nossas m\u00e1quinas foram exportadas com sucesso para mais de 80 pa\u00edses e regi\u00f5es.<\/p> <\/div> <\/div>    <h2 class=\"wp-block-heading\">Certificados<\/h2>    <figure class=\"wp-block-image size-full\"><img loading=\"lazy\" decoding=\"async\" width=\"1024\" height=\"323\" src=\"https:\/\/cnricemill.com\/wp-content\/uploads\/2022\/08\/certificate-1024x323-1.jpg\" alt=\"certificado-1024x323\" class=\"wp-image-64\"\/><\/figure>","protected":false},"excerpt":{"rendered":"<p>TAIZY\u00ae is a leading and one-stop rice processing solutions provider that is integrated with research, manufacturing, and marketing. We aim to provide quality and affordable rice mill plants to help more people to eat excellent rice. As we all know, rice is one of the staple food crops in many countries. So there is a [&hellip;]<\/p>\n","protected":false},"author":1,"featured_media":0,"parent":0,"menu_order":0,"comment_status":"closed","ping_status":"closed","template":"","meta":{"footnotes":""},"class_list":["post-20","page","type-page","status-publish","hentry"],"_links":{"self":[{"href":"https:\/\/cnricemill.com\/pt\/wp-json\/wp\/v2\/pages\/20","targetHints":{"allow":["GET"]}}],"collection":[{"href":"https:\/\/cnricemill.com\/pt\/wp-json\/wp\/v2\/pages"}],"about":[{"href":"https:\/\/cnricemill.com\/pt\/wp-json\/wp\/v2\/types\/page"}],"author":[{"embeddable":true,"href":"https:\/\/cnricemill.com\/pt\/wp-json\/wp\/v2\/users\/1"}],"replies":[{"embeddable":true,"href":"https:\/\/cnricemill.com\/pt\/wp-json\/wp\/v2\/comments?post=20"}],"version-history":[{"count":0,"href":"https:\/\/cnricemill.com\/pt\/wp-json\/wp\/v2\/pages\/20\/revisions"}],"wp:attachment":[{"href":"https:\/\/cnricemill.com\/pt\/wp-json\/wp\/v2\/media?parent=20"}],"curies":[{"name":"wp","href":"https:\/\/api.w.org\/{rel}","templated":true}]}}