{"id":93,"date":"2022-08-16T07:08:49","date_gmt":"2022-08-15T23:08:49","guid":{"rendered":"https:\/\/cnricemill.com\/?post_type=product&#038;p=93"},"modified":"2024-12-23T11:34:13","modified_gmt":"2024-12-23T03:34:13","slug":"38t-d-rice-mill-plant","status":"publish","type":"product","link":"https:\/\/cnricemill.com\/it\/product\/38t-d-rice-mill-plant\/","title":{"rendered":"Impianto di Mungitura del Riso da 38T\/D"},"content":{"rendered":"<p class=\"translation-block\"><strong>Impianto di mulino per riso da 38t\/d<\/strong> utilizzato per esigenze di lavorazione medie della macinazione del riso. Questa linea di lavorazione del riso pu\u00f2 produrre 38 tonnellate di riso finito ogni giorno. \u00c8 molto adatto per proprietari di fattorie e fabbriche di riso con buone prestazioni e alta efficienza. L'impianto di mulino di riso da 38t\/d pu\u00f2 completare automaticamente l'intero processo di lavorazione del riso, inclusa la pulizia del pilato, rimozione delle pietre, sgusciatura del riso, separazione del pilato, macinazione del riso e classificazione del riso. Oltre all'impianto di mulino di riso da 38t\/d, offriamo anche un <strong>impianto di mulino di riso da 15t\/d<\/strong>, <strong>impianto di mulino di riso da 60t\/d<\/strong>, <strong>impianto di mulino di riso da 100t\/d<\/strong>, ecc. Tutte le nostre macchine sono di buona qualit\u00e0, prezzo competitivo e consegna rapida. Se cerchi un impianto di mulino di riso affidabile, contattaci per ulteriori informazioni utili.<\/p>    <figure class=\"wp-block-image size-full\"><img loading=\"lazy\" decoding=\"async\" width=\"720\" height=\"540\" src=\"https:\/\/cnricemill.com\/wp-content\/uploads\/2022\/08\/modern-38-ton-rice-mill-plant.jpg\" alt=\"impianto di mulino di riso moderno da 38 tonnellate\" class=\"wp-image-101\"\/><figcaption>impianto di mulino di riso moderno da 38 tonnellate<\/figcaption><\/figure>    <h2 class=\"wp-block-heading\">Vantaggi dell'impianto di mulino di riso da 38 tonnellate al giorno<\/h2>    <ol class=\"wp-block-list\" type=\"1\"><li>L'impianto di mulino di riso da 38t\/d \u00e8 progettato con una scatola di controllo universale, l'utente pu\u00f2 operare la macchina tramite i pulsanti all'interno della scatola di controllo, molto semplice e conveniente.<\/li><li>Tutte le macchine per il mulino del riso in vendita dalla nostra fabbrica usano vernice a base di baking, che garantisce protezione ambientale e assicura che le macchine non siano soggette a perdita di vernice durante il trasporto e l'uso.\u00a0<\/li><li>Impianto di macinazione del riso da 38 tonnellate al giorno \u00e8 una linea di macinazione del riso di design moderno con la nuova tecnologia di produzione di macchinari, materiali di lavorazione migliorati, alta efficienza, alta resa di macinazione, basso tasso di frantumazione, alta produzione, evitando sprechi di riso, prestazioni stabili e facile operazione e manutenzione.\u00a0<\/li><li>I dettagli della macchina di questo modello sono flessibili e alcune parti possono essere personalizzate secondo le esigenze del cliente.\u00a0<\/li><li>Operazione completamente automatica dell'intero impianto di macinazione del riso, dove uno o due lavoratori possono gestire l'intera linea di lavorazione del riso.<\/li><li>Tutte le macchine di lavorazione del riso supportano servizi di personalizzazione per soddisfare le tue esigenze specifiche. \u00a0<\/li><\/ol>    <div class=\"wp-block-columns is-layout-flex wp-container-core-columns-is-layout-9d6595d7 wp-block-columns-is-layout-flex\"> <div class=\"wp-block-column is-layout-flow wp-block-column-is-layout-flow\"> <figure class=\"wp-block-image size-full\"><img loading=\"lazy\" decoding=\"async\" width=\"720\" height=\"540\" src=\"https:\/\/cnricemill.com\/wp-content\/uploads\/2022\/08\/Taizy-rice-processing-line-factory.jpg\" alt=\"Fabbrica di linea di lavorazione del riso Taizy\" class=\"wp-image-103\"\/><figcaption>Fabbrica di linea di lavorazione del riso Taizy<\/figcaption><\/figure> <\/div>    <div class=\"wp-block-column is-layout-flow wp-block-column-is-layout-flow\"> <figure class=\"wp-block-image size-full\"><img loading=\"lazy\" decoding=\"async\" width=\"720\" height=\"540\" src=\"https:\/\/cnricemill.com\/wp-content\/uploads\/2022\/08\/rice-mill-plant-factory.jpg\" alt=\"Fabbrica di impianti di mulino per riso\" class=\"wp-image-104\"\/><figcaption>Fabbrica di impianti di mulino per riso<\/figcaption><\/figure> <\/div> <\/div>    <h2 class=\"wp-block-heading\">Parametri dell'impianto di mulino di riso da 38t\/d Taizy<\/h2>    <figure class=\"wp-block-table\"><table><tbody><tr><td>Numero<\/td><td>Macchina<\/td><td>Modello<\/td><td>Capacit\u00e0(t\/h)<\/td><\/tr><tr><td>1<\/td><td>Pulitore combinato e destoner<\/td><td>ZQS90<\/td><td>2-2.5<\/td><\/tr><tr><td>2<\/td><td>Macchina di sgusciatura del riso<\/td><td>MLGT25<\/td><td>2<\/td><\/tr><tr><td>3<\/td><td>Separatore di pilato e gravit\u00e0<\/td><td>MGCZ100*8<\/td><td>1.5-2.3<\/td><\/tr><tr><td>4<\/td><td>Macchina per la macinazione del riso<\/td><td>MNMS15B<\/td><td>1-1.3<\/td><\/tr><tr><td>5<\/td><td>Macchina per la selezione del riso<\/td><td>MMJJP80*3<\/td><td>1.5-2<\/td><\/tr><tr><td>6<\/td><td>Ascensore<\/td><td>TDG20\/11<\/td><td>2-3<\/td><\/tr><\/tbody><\/table><\/figure>    <h2 class=\"wp-block-heading\">Dettagli della struttura dell'impianto di mulino di riso da 38 tpd<\/h2>    <figure class=\"wp-block-image size-full\"><img loading=\"lazy\" decoding=\"async\" width=\"720\" height=\"540\" src=\"https:\/\/cnricemill.com\/wp-content\/uploads\/2022\/08\/structure-details-of-38td-rice-mill-plant.jpg\" alt=\"Dettagli della struttura dell&#039;impianto di mulino di riso da 38t\/d\" class=\"wp-image-99\"\/><figcaption>Dettagli della struttura dell'impianto di mulino di riso da 38t\/d<\/figcaption><\/figure>    <h3 class=\"wp-block-heading\">Macchina di alimentazione del materiale<\/h3>    <p>Questa \u00e8 la macchina che inserisce il materiale di pilato nelle macchine di lavorazione del riso<\/p>    <h3 class=\"wp-block-heading\">Pulitore combinato di pilato e rimuovi pietre<\/h3>    <p>Altri detriti leggeri come polvere, detriti, blocchi e pietre dovrebbero essere rimossi il pi\u00f9 possibile per ottenere un effetto di pulizia migliore.<\/p>    <h3 class=\"wp-block-heading\">Sgusciatore di riso<\/h3>    <p>Rimuovere la pula dal pilato<\/p>    <h3 class=\"wp-block-heading\">Separatore di riso<\/h3>    <p class=\"translation-block\"><a href=\"https:\/\/cnricemill.com\/it\/product\/paddy-separator\/\">Separatore di riso <\/a>\u00e8 principalmente usato per la separazione del riso integrale dal riso pilato, utilizzando la differenza di gravit\u00e0 specifica e coefficiente di attrito tra le tre parti di riso bianco, riso pilato e la miscela delle due.\u00a0<\/p>    <h3 class=\"wp-block-heading\">Macchina per la macinazione del riso<\/h3>    <p>Una macchina per la mulinazione del riso appositamente sviluppata per la macinazione del riso, che rappresenta la tecnologia avanzata attuale delle macchine per la macinazione del riso nel mondo, con conseguente temperatura del riso pi\u00f9 bassa, meno contenuto di crusca e minore incremento di frantumazione.&nbsp;<\/p>    <h3 class=\"wp-block-heading\">Macchina lucidatrice per riso<\/h3>    <p>Lucidare la superficie del riso spruzzando acqua aiuta a formare uno strato di gel liscio e prolunga il tempo di conservazione. Estendere la camera di lucidatura per produrre riso di alta qualit\u00e0.&nbsp;<\/p>    <h3 class=\"wp-block-heading\">Classificatore di riso<\/h3>    <p class=\"translation-block\"><a href=\"https:\/\/cnricemill.com\/it\/product\/rice-grader\/\">Classificatore di riso<\/a> pu\u00f2 setacciare riso fine in riso intero, grandi rotture, rotture medie, piccole rotture, ecc. in modo efficiente e preciso.\u00a0<\/p>    <h3 class=\"wp-block-heading\">Selettore di colore del riso<\/h3>    <p>Selettore di colore del riso per selezionare riso di scarsa qualit\u00e0, bianco lattiginoso, gessoso e materia estranea. Segnale CCD durante il test di sbiadimento. Se si trovano riso non conforme o impurit\u00e0 nel materiale, l'espulsore soffier\u00e0 fuori i prodotti inferiori nel contenitore.\u00a0<\/p>    <h3 class=\"wp-block-heading\">Macchina per l'imballaggio del riso<\/h3>    <p class=\"translation-block\">Questa macchina automatica di pesatura e confezionamento del riso  comprende scatola del materiale, bilancia di confezionamento, macchina da cucire e nastro trasportatore. Pu\u00f2 essere utilizzata con tutte le linee di produzione di macchine di macinazione del riso, e la capacit\u00e0 delle buste di confezionamento pu\u00f2 essere scelta tra 5-50kg a seconda delle esigenze.\u00a0<\/p>    <h2 class=\"wp-block-heading\">Impianti di mulino del riso correlati<\/h2>    <div class=\"wp-block-columns is-layout-flex wp-container-core-columns-is-layout-9d6595d7 wp-block-columns-is-layout-flex\"> <div class=\"wp-block-column is-layout-flow wp-block-column-is-layout-flow\"> <figure class=\"wp-block-gallery has-nested-images columns-default is-cropped wp-block-gallery-2 is-layout-flex wp-block-gallery-is-layout-flex\"> <figure class=\"wp-block-image size-full\"><a href=\"https:\/\/cnricemill.com\/it\/product\/15t-d-rice-mill-plant\/\"><img loading=\"lazy\" decoding=\"async\" width=\"720\" height=\"540\" data-id=\"92\" src=\"https:\/\/cnricemill.com\/wp-content\/uploads\/2022\/08\/15td-rice-mill-plant.jpg\" alt=\"Impianto di mulino per riso da 15 t\" class=\"wp-image-92\"\/><\/a><figcaption>Impianto di mulino per riso da 15 t<\/figcaption><\/figure> <\/figure> <\/div>    <div class=\"wp-block-column is-layout-flow wp-block-column-is-layout-flow\"> <figure class=\"wp-block-gallery has-nested-images columns-default is-cropped wp-block-gallery-3 is-layout-flex wp-block-gallery-is-layout-flex\"> <figure class=\"wp-block-image size-full\"><a href=\"https:\/\/cnricemill.com\/it\/product\/60td-rice-mill-plant\/\"><img loading=\"lazy\" decoding=\"async\" width=\"720\" height=\"540\" data-id=\"83\" src=\"https:\/\/cnricemill.com\/wp-content\/uploads\/2022\/08\/60td-rice-milling-line.jpg\" alt=\"Linea di macinazione del riso da 60 t\" class=\"wp-image-83\"\/><\/a><figcaption>Linea di macinazione del riso da 60 t<\/figcaption><\/figure> <\/figure> <\/div> <\/div>","protected":false},"excerpt":{"rendered":"<p>38t\/d rice mill plant is used for medium processing demands of rice milling. This rice processing line can produce 38 ton of finished rice each day. It is quite suitable for farm owners and rice factories with good performance and high efficiency. The 38ton\/day rice mill plant can automatically complete the whole rice process, including [&hellip;]<\/p>\n","protected":false},"author":1,"featured_media":95,"parent":0,"template":"","tags":[12,15],"product-type":[5],"class_list":["post-93","product","type-product","status-publish","has-post-thumbnail","hentry","tag-rice-mill-plant","tag-rice-milling","product-type-rice-mill-plant"],"_links":{"self":[{"href":"https:\/\/cnricemill.com\/it\/wp-json\/wp\/v2\/product\/93","targetHints":{"allow":["GET"]}}],"collection":[{"href":"https:\/\/cnricemill.com\/it\/wp-json\/wp\/v2\/product"}],"about":[{"href":"https:\/\/cnricemill.com\/it\/wp-json\/wp\/v2\/types\/product"}],"author":[{"embeddable":true,"href":"https:\/\/cnricemill.com\/it\/wp-json\/wp\/v2\/users\/1"}],"wp:featuredmedia":[{"embeddable":true,"href":"https:\/\/cnricemill.com\/it\/wp-json\/wp\/v2\/media\/95"}],"wp:attachment":[{"href":"https:\/\/cnricemill.com\/it\/wp-json\/wp\/v2\/media?parent=93"}],"wp:term":[{"taxonomy":"post_tag","embeddable":true,"href":"https:\/\/cnricemill.com\/it\/wp-json\/wp\/v2\/tags?post=93"},{"taxonomy":"product-type","embeddable":true,"href":"https:\/\/cnricemill.com\/it\/wp-json\/wp\/v2\/product-type?post=93"}],"curies":[{"name":"wp","href":"https:\/\/api.w.org\/{rel}","templated":true}]}}