{"id":91,"date":"2022-08-15T08:42:28","date_gmt":"2022-08-15T00:42:28","guid":{"rendered":"https:\/\/cnricemill.com\/?post_type=product&#038;p=91"},"modified":"2024-12-23T11:33:49","modified_gmt":"2024-12-23T03:33:49","slug":"15t-d-rice-mill-plant","status":"publish","type":"product","link":"https:\/\/cnricemill.com\/it\/product\/15t-d-rice-mill-plant\/","title":{"rendered":"Impianto di Mungitura del Riso da 15T\/D"},"content":{"rendered":"<p class=\"translation-block\"><strong>Impianto di mulino per riso da 15T\/D<\/strong> \u00e8 una piccola linea di lavorazione del riso. Pu\u00f2 produrre 800-1000 kg di riso finito ogni ora, molto adatta per piccole industrie di lavorazione del riso. L'impianto standard da 15T\/D contiene una macchina combinata di pulizia del riso, una macchina cracker di riso, separatore di risaie, macchina per la lavorazione del riso e calibratrice di riso. Usa un elevatore a tazze collegato tra loro in modo che il mulino per riso possa funzionare in modo continuo. Questa linea automatica di molitura del riso ha caratteristiche di struttura razionale, prestazioni stabili e alta efficienza. Oltre all'impianto di riso da 15 tonnellate al giorno, esistono impianti da 20t\/d, 25t\/d, <a href=\"https:\/\/cnricemill.com\/it\/product\/38t-d-rice-mill-plant\/\">38t\/d rice milling plant<\/a>, <a href=\"https:\/\/cnricemill.com\/it\/product\/60td-rice-mill-plant\/\">60t\/d rice milling plant<\/a>, ecc. In quanto produttore leader di linee di produzione del riso, forniamo un forte servizio personalizzato per soddisfare i vostri requisiti specifici.<\/p>    <h2 class=\"wp-block-heading\"><strong>Video di lavoro del molino di riso<\/strong><\/h2>    <p>Anche se questo \u00e8 un video su un impianto di macinazione del riso da 20TPD, la collocazione \u00e8 la stessa, solo diversa in base alla capacit\u00e0 della macchina.<\/p>    <figure class=\"wp-block-embed is-type-video is-provider-youtube wp-block-embed-youtube wp-embed-aspect-16-9 wp-has-aspect-ratio\"><div class=\"wp-block-embed__wrapper\"> <iframe loading=\"lazy\" title=\"Sperimenta la Precisione: unit\u00e0 di molitura del riso da 20TPD in azione! \ud83c\udf3e\u2728 Mulino di riso completamente automatico in vendita\" width=\"500\" height=\"281\" src=\"https:\/\/www.youtube.com\/embed\/ze92Vr4oMWc?feature=oembed\" frameborder=\"0\" allow=\"accelerometer; autoplay; clipboard-write; encrypted-media; gyroscope; picture-in-picture; web-share\" referrerpolicy=\"strict-origin-when-cross-origin\" allowfullscreen><\/iframe> <\/div><\/figure>    <h2 class=\"wp-block-heading\">Caratteristiche dell'impianto di mulino per riso da 15t\/d<\/h2>    <ol class=\"wp-block-list\"> <li>Struttura semplice e bella, basso consumo energetico. Facile da operare e da manutentare, e lo smontaggio e rimontaggio di tutta l'attrezzatura \u00e8 molto comodo.<\/li>    <li>Buon effetto di pulizia, rimuovendo pietre, ferro, polvere, paglia e altre impurit\u00e0 dai chicchi.<\/li>    <li>Velocit\u00e0 di molitura rapida del riso, con una produzione giornaliera di circa 15 tonnellate per l'intero set di attrezzature.<\/li>    <li>Facile da operare, servono solo 1-2 persone per far funzionare questa molino di riso (una persona per caricare il riso grezzo e l'altra per caricare il riso finito).<\/li>    <li>Operazione automatizzata dall'inserimento del riso grezzo al riso bianco finito.<\/li>    <li>La parte di molitura del riso dell'attrezzatura adotta la tecnologia di molitura del riso a pressione negativa, con bassa temperatura del riso, assenza di guscio e basso tasso di riso spezzato.<\/li>    <li>La nostra tecnologia di lavorazione: taglio in fibra ottica, piegatura CNC, strumenti a controllo numerico, processo di spruzzatura, verniciatura ad alto livello, ecc.<\/li>    <li>Forniamo un forte servizio di personalizzazione per soddisfare le vostre esigenze speciali.<\/li> <\/ol>    <div class=\"wp-block-columns is-layout-flex wp-container-core-columns-is-layout-9d6595d7 wp-block-columns-is-layout-flex\"> <div class=\"wp-block-column is-layout-flow wp-block-column-is-layout-flow\"> <figure class=\"wp-block-image size-full\"><img loading=\"lazy\" decoding=\"async\" width=\"720\" height=\"540\" src=\"https:\/\/cnricemill.com\/wp-content\/uploads\/2022\/08\/modern-15ton-rice-processing-line.jpg\" alt=\"linea moderna di lavorazione del riso da 15 tonnellate\" class=\"wp-image-108\"\/><figcaption class=\"wp-element-caption\">linea moderna di lavorazione del riso da 15 tonnellate<\/figcaption><\/figure> <\/div>    <div class=\"wp-block-column is-layout-flow wp-block-column-is-layout-flow\"> <figure class=\"wp-block-image size-full\"><img loading=\"lazy\" decoding=\"async\" width=\"720\" height=\"540\" src=\"https:\/\/cnricemill.com\/wp-content\/uploads\/2022\/08\/15-ton-rice-mill-plant.jpg\" alt=\"Impianto di riso da 15 tonnellate\" class=\"wp-image-109\"\/><figcaption class=\"wp-element-caption\">Impianto di riso da 15 tonnellate<\/figcaption><\/figure> <\/div> <\/div>    <h2 class=\"wp-block-heading\">Parametri dell'impianto Taizy da 15t\/d per il riso<\/h2>    <figure class=\"wp-block-table\"><table><tbody><tr><td>Modello<\/td><td>Capacit\u00e0(t\/h)<\/td><td>Potenza(kW)<\/td><td>Dimensioni (L*P*A)<\/td><\/tr><tr><td>MNMS15B<\/td><td>0.8-1.25<\/td><td>18.5-22<\/td><td>1090*580*1420<\/td><\/tr><tr><td>MNMS18<\/td><td>2-3<\/td><td>22-30<\/td><td>1245*650*1660<\/td><\/tr><tr><td>MNMS25<\/td><td>3.5-4.5<\/td><td>37-45<\/td><td>1350*750*1800<\/td><\/tr><\/tbody><\/table><\/figure>    <h2 class=\"wp-block-heading\">Dettagli della struttura dell'impianto di mulino del riso da 15tpd in vendita <\/h2>    <figure class=\"wp-block-image size-full\"><img loading=\"lazy\" decoding=\"async\" width=\"720\" height=\"540\" src=\"https:\/\/cnricemill.com\/wp-content\/uploads\/2022\/08\/15td-rice-milling-plant-structure.jpg\" alt=\"Struttura dell&#039;impianto di lavorazione del riso da 15 t\/d\" class=\"wp-image-106\"\/><figcaption class=\"wp-element-caption\">Struttura dell'impianto di lavorazione del riso da 15 t\/d<\/figcaption><\/figure>    <h3 class=\"wp-block-heading\">Pulitrice di riso in risaie<\/h3>    <p>Combinazione di pulizia e design anti-sabbiatura, l'effetto \u00e8 molto migliore rispetto al tradizionale design monopezzo. Grande volume d'aria, eccellente effetto anti-sabbia, combinato con una configurazione di cuscinetti antivibranti ad alta resistenza, movimento del corpo liscio, solido e affidabile, vibrazione bassa, rumore basso e minore polvere.<\/p>    <h3 class=\"wp-block-heading\">Macchina per la macinazione del riso<\/h3>    <p>Dotato di una ventola indipendente potente per pulire meglio la crusca del riso, rendendo i chicchi di riso pi\u00f9 puliti e migliorando efficacemente la lucentezza dei chicchi di riso.<\/p>    <h3 class=\"wp-block-heading\">Separatore di pilato e gravit\u00e0<\/h3>    <p class=\"translation-block\">Lo <a href=\"https:\/\/cnricemill.com\/it\/product\/paddy-separator\/\">separator of gravity rice<\/a> \u00e8 progettato con una grande superficie di schermo, che presenta notevoli vantaggi quali velocit\u00e0 di separazione elevate e distribuzione uniforme.<\/p>    <h3 class=\"wp-block-heading\">Macchina per la sgranatura del riso a basso rumore<\/h3>    <p>Lunga durata delle ruote in gomma: nessuna scatola degli ingranaggi, basso rumore, prestazioni stabili.&nbsp;<\/p>    <h3 class=\"wp-block-heading\">Elevatore a tazze per riso indipendente<\/h3>    <p>Ogni elevatore a tino del riso \u00e8 indipendente e ogni elevatore ha una base motore di separazione per maggiore potenza, maggiore output e facile manutenzione.<\/p>    <figure class=\"wp-block-image size-full\"><img loading=\"lazy\" decoding=\"async\" width=\"720\" height=\"540\" src=\"https:\/\/cnricemill.com\/wp-content\/uploads\/2022\/08\/rice-mill-plant-ready-to-ship-1.jpg\" alt=\"impianto di molino di riso pronto per la spedizione\" class=\"wp-image-112\"\/><figcaption class=\"wp-element-caption\">impianto di molino di riso pronto per la spedizione<\/figcaption><\/figure>    <h2 class=\"wp-block-heading\">Processo di lavoro dell'impianto di mulino del riso <\/h2>    <p class=\"translation-block\">L'impianto di mulino del riso da 15t\/d \u00e8 applicato per trasformare il riso in riso di standard internazionale seguendo il seguente flusso di processo: <strong> alimentazione materiale di risaie \u2192 pulizia delle risaie \u2192 pampaggio del riso \u2192 molitura del riso \u2192 lucidatura del riso \u2192 <a href=\"https:\/\/cnricemill.com\/it\/product\/rice-packing-machine\/\"> confezionamento del riso<\/a><\/strong>.<\/p>    <h2 class=\"wp-block-heading\">Macchina correlata<\/h2>    <div class=\"wp-block-columns is-layout-flex wp-container-core-columns-is-layout-9d6595d7 wp-block-columns-is-layout-flex\"> <div class=\"wp-block-column is-layout-flow wp-block-column-is-layout-flow\"> <figure class=\"wp-block-image size-full\"><a href=\"https:\/\/cnricemill.com\/it\/product\/38t-d-rice-mill-plant\/\"><img loading=\"lazy\" decoding=\"async\" width=\"720\" height=\"540\" src=\"https:\/\/cnricemill.com\/wp-content\/uploads\/2022\/08\/38td-rice-mill-plant.jpg\" alt=\"Impianto di mulino per riso da 38 t\" class=\"wp-image-95\"\/><\/a><figcaption class=\"wp-element-caption\">Impianto di mulino per riso da 38 t<\/figcaption><\/figure> <\/div>    <div class=\"wp-block-column is-layout-flow wp-block-column-is-layout-flow\"> <figure class=\"wp-block-image size-full\"><a href=\"https:\/\/cnricemill.com\/it\/product\/60td-rice-mill-plant\/\"><img loading=\"lazy\" decoding=\"async\" width=\"720\" height=\"540\" src=\"https:\/\/cnricemill.com\/wp-content\/uploads\/2022\/08\/60td-rice-mill-plant.jpg\" alt=\"Impianto di mulino del riso da 60td\" class=\"wp-image-75\"\/><\/a><figcaption class=\"wp-element-caption\">Impianto di mulino del riso da 60td<\/figcaption><\/figure> <\/div> <\/div>","protected":false},"excerpt":{"rendered":"<p>15T\/D rice mill plant is a small rice processing line. It can produce 800-1000 kg of finished rice each hour, which is very suitable for small rice processing factories. 15T\/D standard rice mill plant contains a combined rice cleaning machine, rice huller machine, paddy separator, rice mill machine, and rice grader. It uses a bucket [&hellip;]<\/p>\n","protected":false},"author":1,"featured_media":92,"parent":0,"template":"","tags":[12,15],"product-type":[5],"class_list":["post-91","product","type-product","status-publish","has-post-thumbnail","hentry","tag-rice-mill-plant","tag-rice-milling","product-type-rice-mill-plant"],"_links":{"self":[{"href":"https:\/\/cnricemill.com\/it\/wp-json\/wp\/v2\/product\/91","targetHints":{"allow":["GET"]}}],"collection":[{"href":"https:\/\/cnricemill.com\/it\/wp-json\/wp\/v2\/product"}],"about":[{"href":"https:\/\/cnricemill.com\/it\/wp-json\/wp\/v2\/types\/product"}],"author":[{"embeddable":true,"href":"https:\/\/cnricemill.com\/it\/wp-json\/wp\/v2\/users\/1"}],"wp:featuredmedia":[{"embeddable":true,"href":"https:\/\/cnricemill.com\/it\/wp-json\/wp\/v2\/media\/92"}],"wp:attachment":[{"href":"https:\/\/cnricemill.com\/it\/wp-json\/wp\/v2\/media?parent=91"}],"wp:term":[{"taxonomy":"post_tag","embeddable":true,"href":"https:\/\/cnricemill.com\/it\/wp-json\/wp\/v2\/tags?post=91"},{"taxonomy":"product-type","embeddable":true,"href":"https:\/\/cnricemill.com\/it\/wp-json\/wp\/v2\/product-type?post=91"}],"curies":[{"name":"wp","href":"https:\/\/api.w.org\/{rel}","templated":true}]}}