{"id":537,"date":"2026-04-28T11:22:54","date_gmt":"2026-04-28T03:22:54","guid":{"rendered":"https:\/\/cnricemill.com\/?post_type=product&#038;p=537"},"modified":"2026-04-28T14:05:18","modified_gmt":"2026-04-28T06:05:18","slug":"compact-combined-rice-husk-milling-machine","status":"publish","type":"product","link":"https:\/\/cnricemill.com\/it\/product\/compact-combined-rice-husk-milling-machine\/","title":{"rendered":"Compatto Macchina Combinata per la Frantumazione di Ceneri di Riso"},"content":{"rendered":"<p class=\"translation-block\">Questa <strong>macchina per la macinazione del guscio di riso<\/strong> \u00e8 un sistema completo e integrato che combina funzioni di decorticazione e macinazione, progettato specificamente per lavorare il riso paddy in un'unica passata. L'unit\u00e0 incorpora un setaccio di pulizia, un de-stoner a gravit\u00e0, una spellatrice a rulli di gomma e una macchina per il riso a rulli di acciaio, capace di lavorare da 400 a 500 chilogrammi di riso all'ora.<\/p>    <p>Per facilitare l'uso in regioni con forniture di energia limitate o inaffidabili, la macchina \u00e8 progettata per funzionare a diesel. La sua impronta compatta consente operazioni di macinazione in spazi ristretti, rendendola la scelta principale per piccole comunit\u00e0 rurali e operatori indipendenti.<\/p>    <figure class=\"wp-block-embed aligncenter is-type-video is-provider-youtube wp-block-embed-youtube wp-embed-aspect-16-9 wp-has-aspect-ratio\"><div class=\"wp-block-embed__wrapper\"> <iframe loading=\"lazy\" title=\"Rice Husk Milling Machine | Complete Paddy Cleaning, Husking &amp; Rice Milling Process in One Machine\" width=\"500\" height=\"281\" src=\"https:\/\/www.youtube.com\/embed\/jSUqGCPipvs?feature=oembed\" frameborder=\"0\" allow=\"accelerometer; autoplay; clipboard-write; encrypted-media; gyroscope; picture-in-picture; web-share\" referrerpolicy=\"strict-origin-when-cross-origin\" allowfullscreen><\/iframe> <\/div><figcaption class=\"wp-element-caption\">video di funzionamento della macchina per la lavorazione del riso<\/figcaption><\/figure>    <h2 class=\"wp-block-heading\"><strong>Cos'\u00e8 una macchina combinata per la lavorazione del riso?<\/strong><\/h2>    <p>Una macchina combinata per il guscio di riso \u00e8 un sistema integrato di lavorazione del riso che consolidates multiple fasi del processo di produzione del riso in un'unica unit\u00e0 altamente efficiente. A differenza delle macchine di base, questa attrezzatura pu\u00f2 eseguire le seguenti operazioni:<\/p>    <ul class=\"wp-block-list\"> <li>Pulizia del paddy<\/li>    <li>Rimozione delle impurit\u00e0<\/li>    <li>Separazione delle pietre<\/li>    <li>Spellatura (rimozione delle bucce di riso)<\/li>    <li>Separazione del riso integrale<\/li>    <li>Sbiancatura\/Lucidatura<\/li>    <li>Separazione del crusca<\/li> <\/ul>    <p>Progettata specificamente per la lavorazione del paddy, trasforma il paddy non lavorato direttamente in riso bianco lucido di alta qualit\u00e0 attraverso un flusso di lavoro operativo senza soluzione di continuit\u00e0.<\/p>    <p>Questa attrezzatura \u00e8 particolarmente utile nelle seguenti impostazioni:<\/p>    <ul class=\"wp-block-list\"> <li>Comunit\u00e0 agricole rurali<\/li>    <li>Regioni con fornitura di energia limitata<\/li>    <li>Servizi di macinazione del riso mobili<\/li>    <li>Impianti di lavorazione del riso di piccole e medie dimensioni<\/li>    <li>Cooperative agricole<\/li> <\/ul>   <div class=\"wp-block-image\"> <figure class=\"aligncenter size-full\"><img loading=\"lazy\" decoding=\"async\" width=\"720\" height=\"540\" src=\"https:\/\/cnricemill.com\/wp-content\/uploads\/2026\/04\/automatic-rice-milling-machine.webp\" alt=\"Macchina automatica per la lavorazione del riso\" class=\"wp-image-547\" srcset=\"https:\/\/cnricemill.com\/wp-content\/uploads\/2026\/04\/automatic-rice-milling-machine.webp 720w, https:\/\/cnricemill.com\/wp-content\/uploads\/2026\/04\/automatic-rice-milling-machine-300x225.webp 300w, https:\/\/cnricemill.com\/wp-content\/uploads\/2026\/04\/automatic-rice-milling-machine-16x12.webp 16w\" sizes=\"auto, (max-width: 720px) 100vw, 720px\" \/><figcaption class=\"wp-element-caption\">Macchina automatica per la lavorazione del riso<\/figcaption><\/figure> <\/div>   <h2 class=\"wp-block-heading\"><strong>Vantaggi principali di questa macchina per la spellatura e la macinazione del riso<\/strong><\/h2>    <ol class=\"wp-block-list\"> <li><strong>Altamente integrato:<\/strong> Un'unica unit\u00e0 pu\u00f2 completare l'intero flusso di lavoro di lavorazione del riso.<\/li>    <li><strong>Opzioni di alimentazione versatili:<\/strong> Offrendo un sistema di alimentazione a doppia scelta, supporta sia il diesel che l'elettricit\u00e0.<\/li>    <li><strong>Ideale per l'agricoltura off-grid:<\/strong> \u00c8 perfettamente adatta per l'uso in regioni remote ed \u00e8 un'ottima scelta per le startup.<\/li>    <li><strong>Alti ritorni commerciali:<\/strong> L'attrezzatura ha un tasso di riso rotto inferiore al 4%, massimizzando cos\u00ec il valore commerciale del raccolto di riso.<\/li>    <li><strong>Design compatto:<\/strong> Non solo risparmia spazio e facilita il trasporto, ma garantisce anche un'installazione semplice e una manutenzione senza sforzo.<\/li> <\/ol>    <h2 class=\"wp-block-heading\"><strong>Parametri tecnici della macchina per la macinazione del guscio di riso 6LN-15\/8.5SR<\/strong><\/h2>    <figure class=\"wp-block-table\"><table class=\"has-fixed-layout\"><thead><tr><th>Parametro<\/th><th>Specifiche<\/th><\/tr><\/thead><tbody><tr><td>Modello<\/td><td>6LN-15\/8.5SR<\/td><\/tr><tr><td>Potenza nominale di uscita<\/td><td>400\u2013500 kg\/h<\/td><\/tr><tr><td>Potenza del motore elettrico<\/td><td>YE2-180M-4 \/ 18,5 KW<\/td><\/tr><tr><td>Potenza del motore diesel<\/td><td>ZS1130 \/ 30 HP<\/td><\/tr><tr><td>Tasso di lavorazione del riso<\/td><td>&gt;65%<\/td><\/tr><tr><td>Basso tasso di riso rotto<\/td><td>&lt;4%<\/td><\/tr><tr><td>Dimensione del rullo di gomma<\/td><td>6 pollici<\/td><\/tr><tr><td>Dimensione del rullo di acciaio<\/td><td>\u03c685 mm<\/td><\/tr><tr><td>Peso complessivo<\/td><td>730 kg<\/td><\/tr><tr><td>Dimensioni della macchina<\/td><td>2650\u00d71250\u00d72350 mm<\/td><\/tr><tr><td>Dimensioni di imballaggio della macchina per il riso<\/td><td>1850\u00d71080\u00d72440 mm<\/td><\/tr><tr><td>Dimensioni di imballaggio del motore diesel<\/td><td>910\u00d7440\u00d7760 mm<\/td><\/tr><\/tbody><\/table><figcaption class=\"wp-element-caption\">parametri della macchina per il guscio di riso<\/figcaption><\/figure>    <h2 class=\"wp-block-heading\"><strong>Struttura e funzioni dei componenti della macchina integrata di decorticazione e lavorazione del riso<\/strong><\/h2>    <p>L'attrezzatura completa consiste principalmente di ingresso del paddy, doppi elevatori, setaccio di pulizia orizzontale, de-stoner a gravit\u00e0, spellatrice a rulli di gomma, separatore di riso integrale e sbiancatrice a rulli di acciaio. Le loro funzioni rispettive sono:<\/p>   <div class=\"wp-block-image\"> <figure class=\"aligncenter size-full\"><img loading=\"lazy\" decoding=\"async\" width=\"720\" height=\"540\" src=\"https:\/\/cnricemill.com\/wp-content\/uploads\/2026\/04\/structure-of-rice-milling-machine.webp\" alt=\"struttura della macchina per il riso\" class=\"wp-image-539\" srcset=\"https:\/\/cnricemill.com\/wp-content\/uploads\/2026\/04\/structure-of-rice-milling-machine.webp 720w, https:\/\/cnricemill.com\/wp-content\/uploads\/2026\/04\/structure-of-rice-milling-machine-300x225.webp 300w, https:\/\/cnricemill.com\/wp-content\/uploads\/2026\/04\/structure-of-rice-milling-machine-16x12.webp 16w\" sizes=\"auto, (max-width: 720px) 100vw, 720px\" \/><figcaption class=\"wp-element-caption\">struttura della macchina per il riso<\/figcaption><\/figure> <\/div>   <ol class=\"wp-block-list\"> <li>Inlet del paddy: dotato di una robusta struttura in acciaio, supporta operazioni alimentate con sacchi, garantendo un flusso di paddy agevole e senza intoppi.<\/li>    <li>Doppio elevatore: responsabile del trasporto del paddy tra le fasi di pulizia e decorticazione. un singolo sistema di alimentazione aziona entrambi i canali di trasporto, garantendo che il funzionamento di ciascun canale rimanga indipendente e libero da interferenze.<\/li>    <li>Setaccio di pulizia orizzontale: rimuove particelle grandi e impurit\u00e0 fini dal paddy.<\/li>    <li>De-stoner a gravit\u00e0: utilizza principi di separazione tramite flusso d'aria per rimuovere pietre e oggetti estranei pesanti.<\/li>    <li>Spellatrice a rulli di gomma: facilitando la rimozione della buccia esterna dal riso per produrre riso integrale.<\/li>    <li>Separatore di riso integrale e crusca: rimuove le bucce (crusca) per migliorare la qualit\u00e0 e l'efficienza del processo di decorticazione.<\/li>    <li>Sbiancatrice a rulli di acciaio: processa il riso integrale per rimuovere lo strato di crusca, migliorando l'aspetto visivo e la qualit\u00e0 dei chicchi di riso.<\/li> <\/ol>    <figure class=\"wp-block-gallery has-nested-images columns-default is-cropped wp-block-gallery-2 is-layout-flex wp-block-gallery-is-layout-flex\"> <figure class=\"wp-block-image size-large\"><img loading=\"lazy\" decoding=\"async\" width=\"720\" height=\"540\" data-id=\"540\" src=\"https:\/\/cnricemill.com\/wp-content\/uploads\/2026\/04\/double-elevator.webp\" alt=\"doppio elevatore\" class=\"wp-image-540\" srcset=\"https:\/\/cnricemill.com\/wp-content\/uploads\/2026\/04\/double-elevator.webp 720w, https:\/\/cnricemill.com\/wp-content\/uploads\/2026\/04\/double-elevator-300x225.webp 300w, https:\/\/cnricemill.com\/wp-content\/uploads\/2026\/04\/double-elevator-16x12.webp 16w\" sizes=\"auto, (max-width: 720px) 100vw, 720px\" \/><figcaption class=\"wp-element-caption\">doppio elevatore<\/figcaption><\/figure>    <figure class=\"wp-block-image size-full\"><img loading=\"lazy\" decoding=\"async\" width=\"720\" height=\"540\" data-id=\"546\" src=\"https:\/\/cnricemill.com\/wp-content\/uploads\/2026\/04\/horizontal-cleaning-sieve.webp\" alt=\"setaccio di pulizia orizzontale\" class=\"wp-image-546\" srcset=\"https:\/\/cnricemill.com\/wp-content\/uploads\/2026\/04\/horizontal-cleaning-sieve.webp 720w, https:\/\/cnricemill.com\/wp-content\/uploads\/2026\/04\/horizontal-cleaning-sieve-300x225.webp 300w, https:\/\/cnricemill.com\/wp-content\/uploads\/2026\/04\/horizontal-cleaning-sieve-16x12.webp 16w\" sizes=\"auto, (max-width: 720px) 100vw, 720px\" \/><figcaption class=\"wp-element-caption\">setaccio di pulizia orizzontale<\/figcaption><\/figure>    <figure class=\"wp-block-image size-large\"><img loading=\"lazy\" decoding=\"async\" width=\"720\" height=\"540\" data-id=\"541\" src=\"https:\/\/cnricemill.com\/wp-content\/uploads\/2026\/04\/gravity-destoner.webp\" alt=\"de-stoner a gravit\u00e0\" class=\"wp-image-541\" srcset=\"https:\/\/cnricemill.com\/wp-content\/uploads\/2026\/04\/gravity-destoner.webp 720w, https:\/\/cnricemill.com\/wp-content\/uploads\/2026\/04\/gravity-destoner-300x225.webp 300w, https:\/\/cnricemill.com\/wp-content\/uploads\/2026\/04\/gravity-destoner-16x12.webp 16w\" sizes=\"auto, (max-width: 720px) 100vw, 720px\" \/><figcaption class=\"wp-element-caption\">de-stoner a gravit\u00e0<\/figcaption><\/figure>    <figure class=\"wp-block-image size-large\"><img loading=\"lazy\" decoding=\"async\" width=\"720\" height=\"540\" data-id=\"542\" src=\"https:\/\/cnricemill.com\/wp-content\/uploads\/2026\/04\/paddy-separator.webp\" alt=\"Separatore di paddy\" class=\"wp-image-542\" srcset=\"https:\/\/cnricemill.com\/wp-content\/uploads\/2026\/04\/paddy-separator.webp 720w, https:\/\/cnricemill.com\/wp-content\/uploads\/2026\/04\/paddy-separator-300x225.webp 300w, https:\/\/cnricemill.com\/wp-content\/uploads\/2026\/04\/paddy-separator-16x12.webp 16w\" sizes=\"auto, (max-width: 720px) 100vw, 720px\" \/><figcaption class=\"wp-element-caption\">Separatore di paddy<\/figcaption><\/figure>    <figure class=\"wp-block-image size-large\"><img loading=\"lazy\" decoding=\"async\" width=\"720\" height=\"540\" data-id=\"544\" src=\"https:\/\/cnricemill.com\/wp-content\/uploads\/2026\/04\/rubber-roller-husker.webp\" alt=\"spellatrice a rulli di gomma\" class=\"wp-image-544\" srcset=\"https:\/\/cnricemill.com\/wp-content\/uploads\/2026\/04\/rubber-roller-husker.webp 720w, https:\/\/cnricemill.com\/wp-content\/uploads\/2026\/04\/rubber-roller-husker-300x225.webp 300w, https:\/\/cnricemill.com\/wp-content\/uploads\/2026\/04\/rubber-roller-husker-16x12.webp 16w\" sizes=\"auto, (max-width: 720px) 100vw, 720px\" \/><figcaption class=\"wp-element-caption\">spellatrice a rulli di gomma<\/figcaption><\/figure>    <figure class=\"wp-block-image size-large\"><img loading=\"lazy\" decoding=\"async\" width=\"720\" height=\"540\" data-id=\"545\" src=\"https:\/\/cnricemill.com\/wp-content\/uploads\/2026\/04\/steel-roller-rice-mill.webp\" alt=\"macchina per il riso a rulli di acciaio\" class=\"wp-image-545\" srcset=\"https:\/\/cnricemill.com\/wp-content\/uploads\/2026\/04\/steel-roller-rice-mill.webp 720w, https:\/\/cnricemill.com\/wp-content\/uploads\/2026\/04\/steel-roller-rice-mill-300x225.webp 300w, https:\/\/cnricemill.com\/wp-content\/uploads\/2026\/04\/steel-roller-rice-mill-16x12.webp 16w\" sizes=\"auto, (max-width: 720px) 100vw, 720px\" \/><figcaption class=\"wp-element-caption\">macchina per il riso a rulli di acciaio<\/figcaption><\/figure> <\/figure>    <h2 class=\"wp-block-heading\"><strong>Macchina combinata per il guscio di riso vs macchina di macinazione del riso ordinaria<\/strong><\/h2>    <figure class=\"wp-block-table\"><table class=\"has-fixed-layout\"><thead><tr><th>Caratteristica<\/th><th>Macchina per la macinazione del guscio di riso<\/th><th>Macchina per il riso ordinario<\/th><\/tr><\/thead><tbody><tr><td>Pulizia del paddy<\/td><td>Setaccio di pulizia integrato<\/td><td>Spesso separato o non disponibile<\/td><\/tr><tr><td>De-pietrificazione<\/td><td>De-stoner a gravit\u00e0 integrato<\/td><td>Di solito non incluso<\/td><\/tr><tr><td>Efficienza di spellatura<\/td><td>&gt;85% spellatrice a rulli di gomma<\/td><td>Meno efficiente o inferiore<\/td><\/tr><tr><td>Sbiancatura del riso<\/td><td>Sbiancatrice a rulli di acciaio<\/td><td>Solo macinazione di base<\/td><\/tr><tr><td>Opzioni di alimentazione<\/td><td>Diesel   Elettrico<\/td><td>Per lo pi\u00f9 solo elettrico<\/td><\/tr><tr><td>Mobilit\u00e0<\/td><td>Alto<\/td><td>Basso<\/td><\/tr><tr><td>Tasso di riso rotto<\/td><td>&lt;4%<\/td><td>Superiore<\/td><\/tr><tr><td>Produttivit\u00e0<\/td><td>400\u2013500 kg\/h<\/td><td>Inferiore<\/td><\/tr><tr><td>Installazione<\/td><td>Compatto e facile<\/td><td>Impronta pi\u00f9 grande<\/td><\/tr><tr><td>Aree adatte<\/td><td>Regioni rurali, mobili, con carenza di energia<\/td><td>Alimentazione stabile di energia<\/td><\/tr><tr><td>Rendimento dell'investimento<\/td><td>Alto<\/td><td>Moderato<\/td><\/tr><tr><td>Qualit\u00e0 del riso<\/td><td>Alta lucentezza, riso pi\u00f9 pulito<\/td><td>Qualit\u00e0 standard<\/td><\/tr><\/tbody><\/table><figcaption class=\"wp-element-caption\">confronto tra mulini di riso integrati e unit\u00e0 di macinazione del riso<\/figcaption><\/figure>    <p class=\"translation-block\">Se hai bisogno di una produzione pi\u00f9 elevata o di un flusso di lavoro di lavorazione del riso pi\u00f9 completo, una <a href=\"https:\/\/cnricemill.com\/it\/product\/15t-d-rice-mill-plant\/\">unit\u00e0 di macinazione del riso<\/a> potrebbe soddisfare le tue esigenze!<\/p>    <h2 class=\"wp-block-heading\"><strong>Contattaci per le tue soluzioni di lavorazione del riso!<\/strong><\/h2>    <p>Questa macchina per la macinazione del guscio di riso \u00e8 una soluzione avanzata e tutto-in-uno progettata specificamente per soddisfare le esigenze dell'agricoltura moderna. Integrando processi di pulizia, de-stoning, decorticazione e sbiancatura in un'unica unit\u00e0, migliora significativamente la qualit\u00e0 del riso, l'efficienza operativa e la redditivit\u00e0.<\/p>    <p>Che tu sia un agricoltore, un imprenditore rurale o un processore di riso commerciale\u2014e in particolare per coloro nelle regioni con fornitura di energia limitata o crescenti esigenze di produzione di riso\u2014questa macchina rappresenta una scelta ideale, sia pratica che con un potenziale di redditivit\u00e0 enorme.<\/p>    <p>Contattaci per ricevere le ultime tariffe e informazioni.<\/p>","protected":false},"excerpt":{"rendered":"<p>This rice hulling and milling machine is a comprehensive, integrated system designed specifically to process paddy rice in a single pass. By combining a cleaning sieve, gravity destoner, rubber-roller husker, and steel-roller miller into a single unit, it empowers users to achieve high-quality and highly efficient rice production.<\/p>","protected":false},"author":1,"featured_media":538,"parent":0,"template":"","tags":[14],"product-type":[5],"class_list":["post-537","product","type-product","status-publish","has-post-thumbnail","hentry","tag-rice","product-type-rice-mill-plant"],"_links":{"self":[{"href":"https:\/\/cnricemill.com\/it\/wp-json\/wp\/v2\/product\/537","targetHints":{"allow":["GET"]}}],"collection":[{"href":"https:\/\/cnricemill.com\/it\/wp-json\/wp\/v2\/product"}],"about":[{"href":"https:\/\/cnricemill.com\/it\/wp-json\/wp\/v2\/types\/product"}],"author":[{"embeddable":true,"href":"https:\/\/cnricemill.com\/it\/wp-json\/wp\/v2\/users\/1"}],"wp:featuredmedia":[{"embeddable":true,"href":"https:\/\/cnricemill.com\/it\/wp-json\/wp\/v2\/media\/538"}],"wp:attachment":[{"href":"https:\/\/cnricemill.com\/it\/wp-json\/wp\/v2\/media?parent=537"}],"wp:term":[{"taxonomy":"post_tag","embeddable":true,"href":"https:\/\/cnricemill.com\/it\/wp-json\/wp\/v2\/tags?post=537"},{"taxonomy":"product-type","embeddable":true,"href":"https:\/\/cnricemill.com\/it\/wp-json\/wp\/v2\/product-type?post=537"}],"curies":[{"name":"wp","href":"https:\/\/api.w.org\/{rel}","templated":true}]}}