{"id":513,"date":"2026-03-24T15:18:44","date_gmt":"2026-03-24T07:18:44","guid":{"rendered":"https:\/\/cnricemill.com\/?post_type=product&#038;p=513"},"modified":"2026-03-30T13:34:50","modified_gmt":"2026-03-30T05:34:50","slug":"25tpd-rice-processing-equipment","status":"publish","type":"product","link":"https:\/\/cnricemill.com\/it\/product\/25tpd-rice-processing-equipment\/","title":{"rendered":"Attrezzatura di lavorazione del riso da 25 TPD | Soluzioni complete per mulino di riso"},"content":{"rendered":"<p>L'attrezzatura di raffinazione del riso completa da 25 TPD \u00e8 una scelta ideale per piccole e medie imprese di lavorazione del riso. Comprende pi\u00f9 fasi di lavorazione\u2014tra cui raffinazione, lucidatura, classificazione e confezionamento\u2014consentendo una gestione completamente automatizzata del riso nelle aziende di lavorazione.<\/p>    <h2 class=\"wp-block-heading\">Due tipi di attrezzature di lavorazione del riso da 25 TPD<\/h2>    <h3 class=\"wp-block-heading\"><strong>Linea di lavorazione del riso in acciaio strutturale<\/strong><\/h3>    <p>Pulizia e manutenzione pi\u00f9 semplici<\/p>    <ul class=\"wp-block-list\"> <li>Maggiore efficienza nell'utilizzo dello spazio<\/li>    <li>Un flusso di lavoro di produzione pi\u00f9 organizzato<\/li>    <li>Maggiore comodit\u00e0 per ispezione e operazioni<\/li>    <li>Questo tipo prevede l'installazione dell'attrezzatura direttamente sul terreno, eliminando la necessit\u00e0 di costruire una piattaforma in struttura in acciaio.<\/li> <\/ul>    <h3 class=\"wp-block-heading\"><strong>Impianto di lavorazione del riso senza struttura in acciaio<\/strong><\/h3>    <p>Costi di investimento iniziali pi\u00f9 bassi<\/p>    <p class=\"translation-block\"><strong>Vantaggi<\/strong>:<\/p>    <ul class=\"wp-block-list\"> <li>Installazione semplice<\/li>    <li>Adatto a utenti con budget limitati<\/li>    <li>Relativamente scomodo per manutenzione e pulizia<\/li> <\/ul>    <p class=\"translation-block\"><strong>Svantaggi<\/strong>:<\/p>    <ul class=\"wp-block-list\"> <li>Occupa uno spazio maggiore sul pavimento<\/li>    <li>Questa \u00e8 la soluzione di base pi\u00f9 comune ed equilibrata, composta da: un separatore di riso grezzo, un decorticatore, due lucidatori di riso, un separatore di riso grezzo a gravit\u00e0, un selettore di colore, un lucidatore di riso, un classificatore di riso bianco e una macchina di pesatura e confezionamento.<\/li> <\/ul>    <h2 class=\"wp-block-heading\"><strong>Soluzioni di unit\u00e0 di raffinazione del riso con varie configurazioni<\/strong><\/h2>    <h3 class=\"wp-block-heading\"><strong>Macchina per la raffinazione del riso da 25 TPD con struttura in acciaio<\/strong><\/h3>    <h4 class=\"wp-block-heading\"><strong>Opzione 1<\/strong><\/h4>    <p>Opzione 1: macchina di raffinazione del riso da 25TPD<\/p>   <div class=\"wp-block-image\"> <figure class=\"aligncenter size-full\"><img loading=\"lazy\" decoding=\"async\" width=\"720\" height=\"540\" src=\"https:\/\/cnricemill.com\/wp-content\/uploads\/2026\/03\/option-1-25TPD-rice-milling-machine.webp\" alt=\"Opzione 2: impianto di raffinazione del riso da 25TPD\" class=\"wp-image-518\" srcset=\"https:\/\/cnricemill.com\/wp-content\/uploads\/2026\/03\/option-1-25TPD-rice-milling-machine.webp 720w, https:\/\/cnricemill.com\/wp-content\/uploads\/2026\/03\/option-1-25TPD-rice-milling-machine-300x225.webp 300w, https:\/\/cnricemill.com\/wp-content\/uploads\/2026\/03\/option-1-25TPD-rice-milling-machine-16x12.webp 16w\" sizes=\"auto, (max-width: 720px) 100vw, 720px\" \/><figcaption class=\"wp-element-caption\">Rispetto all'Opzione 1, questa attrezzatura di lavorazione del riso incorpora un contenitore di stoccaggio intermedio per il riso finito prima della fase di confezionamento e riposiziona il selettore di colore dopo il classificatore di riso bianco.<\/figcaption><\/figure> <\/div>   <h4 class=\"wp-block-heading\"><strong>Opzione 2<\/strong><\/h4>    <p>I vantaggi di questa regolazione includono l'aggiunta di una capacit\u00e0 di stoccaggio di buffer\u2014garantendo cos\u00ec un processo di confezionamento continuo e sequenziale\u2014oltre a una sequenza di smistamento ottimizzata che migliora la purezza del riso finito. Questa soluzione \u00e8 ideale per strutture che cercano un flusso di produzione pi\u00f9 fluido e tempi di inattivit\u00e0 ridotti.<\/p>    <p>Opzione 2: impianto di raffinazione del riso da 25TPD<\/p>   <div class=\"wp-block-image\"> <figure class=\"aligncenter size-full\"><img loading=\"lazy\" decoding=\"async\" width=\"720\" height=\"540\" src=\"https:\/\/cnricemill.com\/wp-content\/uploads\/2026\/03\/option-2-25TPD-rice-mill-plant.webp\" alt=\"Opzione 3: attrezzatura di raffinazione del riso da 25TPD\" class=\"wp-image-519\" srcset=\"https:\/\/cnricemill.com\/wp-content\/uploads\/2026\/03\/option-2-25TPD-rice-mill-plant.webp 720w, https:\/\/cnricemill.com\/wp-content\/uploads\/2026\/03\/option-2-25TPD-rice-mill-plant-300x225.webp 300w, https:\/\/cnricemill.com\/wp-content\/uploads\/2026\/03\/option-2-25TPD-rice-mill-plant-16x12.webp 16w\" sizes=\"auto, (max-width: 720px) 100vw, 720px\" \/><figcaption class=\"wp-element-caption\">Rispetto allo Schema di Configurazione 1, questa configurazione incorpora una macchina di raffinazione del riso aggiuntiva e riposiziona il selettore di colore prima del classificatore di riso bianco.<\/figcaption><\/figure> <\/div>   <h4 class=\"wp-block-heading\"><strong>Opzione 3<\/strong><\/h4>    <p>Questa modifica porta a una maggiore brillantezza del riso finito, a un miglior aspetto dei chicchi e a un controllo pi\u00f9 preciso del riso rotto.<\/p>    <p>Effettuando la selezione del colore in una fase precedente\u2014specificamente prima della classificazione\u2014i chicchi difettosi possono essere rimossi efficacemente prima che inizi il processo di classificazione. Questa configurazione \u00e8 ideale per operazioni di lavorazione del riso di alta gamma e per il mercato di esportazione.<\/p>    <p>Opzione 3: attrezzatura di raffinazione del riso da 25TPD<\/p>   <div class=\"wp-block-image\"> <figure class=\"aligncenter size-full\"><img loading=\"lazy\" decoding=\"async\" width=\"720\" height=\"540\" src=\"https:\/\/cnricemill.com\/wp-content\/uploads\/2026\/03\/option-3-25TPD-rice-processing-equipment.webp\" alt=\"Opzione 1: impianto di raffinazione completo\" class=\"wp-image-520\" srcset=\"https:\/\/cnricemill.com\/wp-content\/uploads\/2026\/03\/option-3-25TPD-rice-processing-equipment.webp 720w, https:\/\/cnricemill.com\/wp-content\/uploads\/2026\/03\/option-3-25TPD-rice-processing-equipment-300x225.webp 300w, https:\/\/cnricemill.com\/wp-content\/uploads\/2026\/03\/option-3-25TPD-rice-processing-equipment-16x12.webp 16w\" sizes=\"auto, (max-width: 720px) 100vw, 720px\" \/><figcaption class=\"wp-element-caption\">Questa configurazione di attrezzature di lavorazione del riso rappresenta un layout strutturale in acciaio all'avanguardia:<\/figcaption><\/figure> <\/div>   <h4 class=\"wp-block-heading\"><strong>Opzione 4<\/strong><\/h4>    <p>Include l'aggiunta di un contenitore di stoccaggio del riso grezzo.<\/p>    <ul class=\"wp-block-list\"> <li>\u00c8 dotato di tre macchine di raffinazione del riso.<\/li>    <li>Include due macchine di classificazione del riso bianco.<\/li>    <li>\u00c8 stato installato un contenitore di raffreddamento tra il lucidatore di riso e la prima macchina di classificazione.<\/li>    <li>\u00c8 stato aggiunto un contenitore di stoccaggio del riso finito prima della fase di confezionamento.<\/li>    <li>Il sistema di classificazione a pi\u00f9 stadi migliora la precisione della classificazione del riso, mentre il sistema di raffreddamento all\u2019interno del contenitore di raffreddamento migliora la qualit\u00e0 del riso e riduce il tasso di riso rotto.<\/li> <\/ul>    <p>Inoltre, il suo sistema di stoccaggio completo fornisce un supporto robusto per operazioni di produzione continue e su larga scala. Garantendo che la qualit\u00e0 del riso e la coerenza del lotto raggiungano livelli ottimali, questa configurazione rappresenta la scelta ideale sia per operazioni di livello industriale che per grandi aziende commerciali. <\/p>    <p>Video di funzionamento dell'impianto di raffinazione del riso da 25TPD<\/p>    <figure class=\"wp-block-embed aligncenter is-type-video is-provider-youtube wp-block-embed-youtube wp-embed-aspect-16-9 wp-has-aspect-ratio\"><div class=\"wp-block-embed__wrapper\"> <iframe loading=\"lazy\" title=\"Attrezzatura di lavorazione del riso\" width=\"500\" height=\"281\" src=\"https:\/\/www.youtube.com\/embed\/zvNIWBwPGDY?feature=oembed\" frameborder=\"0\" allow=\"accelerometer; autoplay; clipboard-write; encrypted-media; gyroscope; picture-in-picture; web-share\" referrerpolicy=\"strict-origin-when-cross-origin\" allowfullscreen><\/iframe> <\/div><figcaption class=\"wp-element-caption\">Questa soluzione comprende una linea di lavorazione e produzione completa che copre l'intero flusso di lavoro della produzione di riso standard, inclusi: un separatore di pietre, un decorticatore, un separatore di riso grezzo, due lucidatori di riso, un lucidatore, un classificatore, un selettore di colore e una macchina per il confezionamento.<\/figcaption><\/figure>    <h3 class=\"wp-block-heading\"><strong>Macchina per la raffinazione del riso da 25 TPD senza struttura in acciaio<\/strong><\/h3>    <h4 class=\"wp-block-heading\"><strong>Opzione 1<\/strong><\/h4>    <p>Opzione 1: impianto di raffinazione del riso completo<\/p>   <div class=\"wp-block-image\"> <figure class=\"aligncenter size-full\"><img loading=\"lazy\" decoding=\"async\" width=\"720\" height=\"540\" src=\"https:\/\/cnricemill.com\/wp-content\/uploads\/2026\/03\/option-1-complete-rice-milling-plant.webp\" alt=\"Opzione 3: macchina di raffinazione del riso automatica\" class=\"wp-image-522\" srcset=\"https:\/\/cnricemill.com\/wp-content\/uploads\/2026\/03\/option-1-complete-rice-milling-plant.webp 720w, https:\/\/cnricemill.com\/wp-content\/uploads\/2026\/03\/option-1-complete-rice-milling-plant-300x225.webp 300w, https:\/\/cnricemill.com\/wp-content\/uploads\/2026\/03\/option-1-complete-rice-milling-plant-16x12.webp 16w\" sizes=\"auto, (max-width: 720px) 100vw, 720px\" \/><figcaption class=\"wp-element-caption\">Rispetto alla Configurazione Schematica 1, questo schema incorpora un contenitore di stoccaggio intermedio per il riso finito prima del confezionamento, migliorando cos\u00ec la continuit\u00e0 della produzione.<\/figcaption><\/figure> <\/div>   <h4 class=\"wp-block-heading\"><strong>Opzione 2<\/strong><\/h4>    <p>Inoltre, un selettore di colore \u00e8 stato aggiunto a monte del classificatore di riso bianco per facilitare una rimozione pi\u00f9 efficiente delle impurit\u00e0 nelle prime fasi del flusso di lavoro. <\/p>    <p>Opzione 2: macchina di raffinazione del riso commerciale<\/p>   <div class=\"wp-block-image\"> <figure class=\"aligncenter size-full\"><img loading=\"lazy\" decoding=\"async\" width=\"720\" height=\"540\" src=\"https:\/\/cnricemill.com\/wp-content\/uploads\/2026\/03\/option-2-commercial-rice-milling-machine.webp\" alt=\"Opzione 4: impianto di raffinazione del riso moderno\" class=\"wp-image-524\" srcset=\"https:\/\/cnricemill.com\/wp-content\/uploads\/2026\/03\/option-2-commercial-rice-milling-machine.webp 720w, https:\/\/cnricemill.com\/wp-content\/uploads\/2026\/03\/option-2-commercial-rice-milling-machine-300x225.webp 300w, https:\/\/cnricemill.com\/wp-content\/uploads\/2026\/03\/option-2-commercial-rice-milling-machine-16x12.webp 16w\" sizes=\"auto, (max-width: 720px) 100vw, 720px\" \/><figcaption class=\"wp-element-caption\">Questo schema di configurazione elimina le macchine di lucidatura, selezione del colore e confezionamento, mantenendo solo l'attrezzatura di lavorazione principale.<\/figcaption><\/figure> <\/div>   <h4 class=\"wp-block-heading\"><strong>Opzione 3<\/strong><\/h4>    <p>Rappresenta l'opzione di investimento a costo pi\u00f9 basso tra tutti gli schemi disponibili, rendendola adatta a piccoli agricoltori o per la lavorazione del riso a uso locale e consumo personale; il riso risultante ha generalmente qualit\u00e0 e valore di mercato inferiori.<\/p>    <p>Opzione 3: macchina di raffinazione automatica<\/p>   <div class=\"wp-block-image\"> <figure class=\"aligncenter size-full\"><img loading=\"lazy\" decoding=\"async\" width=\"720\" height=\"540\" src=\"https:\/\/cnricemill.com\/wp-content\/uploads\/2026\/03\/option-3-automatic-rice-milling-machine.webp\" alt=\"Opzione 2: macchina di raffinazione del riso commerciale\" class=\"wp-image-523\" srcset=\"https:\/\/cnricemill.com\/wp-content\/uploads\/2026\/03\/option-3-automatic-rice-milling-machine.webp 720w, https:\/\/cnricemill.com\/wp-content\/uploads\/2026\/03\/option-3-automatic-rice-milling-machine-300x225.webp 300w, https:\/\/cnricemill.com\/wp-content\/uploads\/2026\/03\/option-3-automatic-rice-milling-machine-16x12.webp 16w\" sizes=\"auto, (max-width: 720px) 100vw, 720px\" \/><figcaption class=\"wp-element-caption\">Rispetto alla configurazione di base dell'Attrezzatura di lavorazione del riso Soluzione 1, questa opzione elimina la macchina di lucidatura mantenendo il selettore di colore e la macchina di confezionamento.<\/figcaption><\/figure> <\/div>   <h4 class=\"wp-block-heading\"><strong>Opzione 4<\/strong><\/h4>    <p>Riducendo i costi dell'attrezzatura senza compromettere la qualit\u00e0 della selezione, \u00e8 adatto al mercato di fascia media, dove i requisiti estetici sono meno stringenti. <\/p>    <p>Opzione 4: impianto di raffinazione del riso moderno<\/p>   <div class=\"wp-block-image\"> <figure class=\"aligncenter size-full\"><img loading=\"lazy\" decoding=\"async\" width=\"720\" height=\"540\" src=\"https:\/\/cnricemill.com\/wp-content\/uploads\/2026\/03\/option-4-modern-rice-mill-plant.webp\" alt=\"Opzione 5: impianto di raffinazione del riso completamente automatico\" class=\"wp-image-525\" srcset=\"https:\/\/cnricemill.com\/wp-content\/uploads\/2026\/03\/option-4-modern-rice-mill-plant.webp 720w, https:\/\/cnricemill.com\/wp-content\/uploads\/2026\/03\/option-4-modern-rice-mill-plant-300x225.webp 300w, https:\/\/cnricemill.com\/wp-content\/uploads\/2026\/03\/option-4-modern-rice-mill-plant-16x12.webp 16w\" sizes=\"auto, (max-width: 720px) 100vw, 720px\" \/><figcaption class=\"wp-element-caption\">Questa configurazione aggiorna il sistema di raffinazione per incorporare tre lucidatori di riso, risultando in una maggiore efficienza di sbiancatura e una produzione superiore.<\/figcaption><\/figure> <\/div>   <h4 class=\"wp-block-heading\"><strong>FAQ dell'attrezzatura di lavorazione del riso<\/strong><\/h4>    <p>Tuttavia, a causa dell'assenza di una fase di selezione del colore, la qualit\u00e0 visiva del riso \u00e8 relativamente inferiore, quindi \u00e8 pi\u00f9 adatto per operazioni di lavorazione del riso su larga scala e mercati sensibili al prezzo. <\/p>    <p>Opzione 5: impianto di raffinazione del riso completamente automatico<\/p>   <div class=\"wp-block-image\"> <figure class=\"aligncenter size-full\"><img loading=\"lazy\" decoding=\"async\" width=\"720\" height=\"540\" src=\"https:\/\/cnricemill.com\/wp-content\/uploads\/2026\/03\/option-5-fully-automatic-rice-mill-plant.webp\" alt=\"opzione 5 impianto di mulino a riso completamente automatico\" class=\"wp-image-526\" srcset=\"https:\/\/cnricemill.com\/wp-content\/uploads\/2026\/03\/option-5-fully-automatic-rice-mill-plant.webp 720w, https:\/\/cnricemill.com\/wp-content\/uploads\/2026\/03\/option-5-fully-automatic-rice-mill-plant-300x225.webp 300w, https:\/\/cnricemill.com\/wp-content\/uploads\/2026\/03\/option-5-fully-automatic-rice-mill-plant-16x12.webp 16w\" sizes=\"auto, (max-width: 720px) 100vw, 720px\" \/><figcaption class=\"wp-element-caption\">Un lucidatore di riso migliora la lucentezza e la pulizia dell'aspetto del riso, aumentando cos\u00ec il suo valore di mercato e rendendolo pi\u00f9 attraente per i consumatori.<\/figcaption><\/figure> <\/div>   <h2 class=\"wp-block-heading\"><strong>Come scegliere l'attrezzatura di lavorazione del riso giusta?<\/strong><\/h2>   <div id=\"rank-math-faq\" class=\"rank-math-block\"> <div class=\"rank-math-list\"> <div id=\"faq-question-1774232902550\" class=\"rank-math-list-item\"> <h3 class=\"rank-math-question\">Cos'\u00e8 l'attrezzatura di raffinazione del riso da 25TPD?<\/h3> <div class=\"rank-math-answer\">  <p>L'attrezzatura di lavorazione del riso da 25TPD si riferisce a un set completo di macchinari per la raffinazione del riso con una capacit\u00e0 giornaliera di lavorazione del riso grezzo di 25 tonnellate. Questa attrezzatura comprende vari macchinari che coprono le fasi di pulizia, decorticatura, raffinazione, lucidatura, classificazione e confezionamento.<\/p>  <\/div> <\/div> <div id=\"faq-question-1774233854539\" class=\"rank-math-list-item\"> <h3 class=\"rank-math-question\">Qual \u00e8 la differenza tra un impianto di raffinazione del riso con struttura in acciaio e uno senza?<\/h3> <div class=\"rank-math-answer\">  <p>Una struttura in acciaio \u00e8 pi\u00f9 facile da pulire, presenta una disposizione pi\u00f9 razionale e offre una maggiore efficienza operativa. Al contrario, una struttura non in acciaio ha costi inferiori e un processo di installazione pi\u00f9 semplice. Per gli utenti che richiedono una produzione industriale a lungo termine, si consiglia un sistema di lavorazione del riso con struttura in acciaio.<\/p>  <\/div> <\/div> <div id=\"faq-question-1774234195653\" class=\"rank-math-list-item\"> <h3 class=\"rank-math-question\">Il selettore di colore \u00e8 un componente obbligatorio dell'attrezzatura di lavorazione del riso?<\/h3> <div class=\"rank-math-answer\">  <p>Un selettore di colore non \u00e8 un requisito obbligatorio, ma la sua inclusione \u00e8 fortemente raccomandata. Rimuove i chicchi difettosi dal riso, migliorando significativamente la qualit\u00e0 complessiva del riso\u2014un fattore cruciale per entrare nei mercati di alta gamma.<\/p>  <\/div> <\/div> <div id=\"faq-question-1774234228009\" class=\"rank-math-list-item\"> <h3 class=\"rank-math-question\">Quali sono i vantaggi dell'aggiunta di un lucidatore di riso?<\/h3> <div class=\"rank-math-answer\">  <p>A rice polisher improves the luster and cleanliness of the rice&#8217;s appearance, thereby increasing its market value and making it more appealing to consumers.<\/p>  <\/div> <\/div> <div id=\"faq-question-1774234255903\" class=\"rank-math-list-item\"> <h3 class=\"rank-math-question\">Posso personalizzare l'attrezzatura di raffinazione del riso da 25TPD?<\/h3> <div class=\"rank-math-answer\">  <p>S\u00ec, puoi. La maggior parte dei produttori offre servizi di personalizzazione su misura per le tue esigenze specifiche, inclusi aggiunte come contenitori di stoccaggio del grano, aggiornamenti a sistemi di confezionamento automatizzati e altro.<\/p>  <\/div> <\/div> <\/div> <\/div>   <h2 class=\"wp-block-heading\"><strong>Scegli Taizy per supportare le tue esigenze di attrezzature per la lavorazione del riso!<\/strong><\/h2>    <ol class=\"wp-block-list\"> <li><strong>: Il tuo budget determiner\u00e0 direttamente l'architettura complessiva e il livello di automazione del tuo impianto di raffinazione del riso.<\/strong>Efficienza di manutenzione e operativa<\/li>    <li><strong>: Quando si sceglie l'attrezzatura di lavorazione del riso, i requisiti di manutenzione sono spesso uno dei fattori critici pi\u00f9 sottovalutati; sono il fattore decisivo per i costi di investimento a lungo termine dell'attrezzatura.<\/strong>: When selecting rice processing equipment, maintenance requirements are often one of the most easily underestimated critical factors; they serve as the decisive determinant of the equipment&#8217;s long-term investment costs.<\/li>    <li><strong>: I tuoi obiettivi di produzione previsti determineranno il livello di configurazione e sofisticazione dell'attrezzatura richiesta.<\/strong>Livello di automazione e costi del lavoro<\/li>    <li><strong>: Attrezzature con basso livello di automazione comportano generalmente costi di acquisizione inferiori, ma dipendono maggiormente dal lavoro manuale, risultando in un'efficienza significativamente inferiore rispetto ai sistemi di produzione completamente automatizzati.<\/strong>Se desideri maggiore efficienza, manutenzione pi\u00f9 semplice e qualit\u00e0 del prodotto superiore, si consiglia vivamente la configurazione completa in struttura in acciaio.<\/li> <\/ol>    <h2 class=\"wp-block-heading\"><strong>Il tipo a struttura in acciaio utilizza un design a piattaforma- telaio, consentendo l'installazione verticale dell'attrezzatura. Offre i seguenti vantaggi:<\/strong><\/h2>    <p class=\"translation-block\">Un impianto di raffinazione del riso da 25TPD \u00e8 un investimento redditizio e scalabile per le aziende di lavorazione del riso. Che tu scelga una struttura in acciaio o un sistema senza struttura in acciaio, la selezione della configurazione giusta di <strong>attrezzature di lavorazione del riso<\/strong> \u00e8 cruciale per il successo a lungo termine.<\/p>    <p>Altre soluzioni di raffinazione del riso con capacit\u00e0 giornaliera diversa:<\/p>    <p>Impianto di raffinazione del riso automatico da 40TPD<\/p>    <ul class=\"wp-block-list\"> <li><a href=\"https:\/\/cnricemill.com\/it\/product\/15tpd-complete-rice-mill-plant\/\">Impianto di macinazione del riso di piccola scala da 15TPD<\/a><\/li>    <li><a href=\"https:\/\/cnricemill.com\/it\/product\/40tpd-automatic-rice-mill-plant\/\">Impianto di raffinazione del riso da 60T\/D<\/a><\/li>    <li><a href=\"https:\/\/cnricemill.com\/it\/product\/60td-rice-mill-plant\/\">Lavorazione industriale del riso | Impianto di raffinazione del riso da 25TPD Processo di lavoro Contatto:  8617703863868<\/a><\/li> <\/ul>","protected":false},"excerpt":{"rendered":"<p>Complete 25TPD rice processing equipment solutions with steel and non-steel configurations. Compare machine setups, improve rice quality, and choose the best rice milling plant for your business.<\/p>","protected":false},"author":1,"featured_media":517,"parent":0,"template":"","tags":[14],"product-type":[5],"class_list":["post-513","product","type-product","status-publish","has-post-thumbnail","hentry","tag-rice","product-type-rice-mill-plant"],"_links":{"self":[{"href":"https:\/\/cnricemill.com\/it\/wp-json\/wp\/v2\/product\/513","targetHints":{"allow":["GET"]}}],"collection":[{"href":"https:\/\/cnricemill.com\/it\/wp-json\/wp\/v2\/product"}],"about":[{"href":"https:\/\/cnricemill.com\/it\/wp-json\/wp\/v2\/types\/product"}],"author":[{"embeddable":true,"href":"https:\/\/cnricemill.com\/it\/wp-json\/wp\/v2\/users\/1"}],"wp:featuredmedia":[{"embeddable":true,"href":"https:\/\/cnricemill.com\/it\/wp-json\/wp\/v2\/media\/517"}],"wp:attachment":[{"href":"https:\/\/cnricemill.com\/it\/wp-json\/wp\/v2\/media?parent=513"}],"wp:term":[{"taxonomy":"post_tag","embeddable":true,"href":"https:\/\/cnricemill.com\/it\/wp-json\/wp\/v2\/tags?post=513"},{"taxonomy":"product-type","embeddable":true,"href":"https:\/\/cnricemill.com\/it\/wp-json\/wp\/v2\/product-type?post=513"}],"curies":[{"name":"wp","href":"https:\/\/api.w.org\/{rel}","templated":true}]}}