{"id":41,"date":"2022-08-11T10:09:00","date_gmt":"2022-08-11T02:09:00","guid":{"rendered":"https:\/\/cnricemill.com\/?post_type=product&#038;p=41"},"modified":"2024-12-23T11:34:30","modified_gmt":"2024-12-23T03:34:30","slug":"60td-rice-mill-plant","status":"publish","type":"product","link":"https:\/\/cnricemill.com\/it\/product\/60td-rice-mill-plant\/","title":{"rendered":"Impianto di Mungitura del Riso da 60T\/D"},"content":{"rendered":"<p class=\"translation-block\"><strong>Impianto di mulino a riso da 60T\/D<\/strong> \u00e8 una linea di lavorazione del riso completamente automatica, che include l'intero processo dalla pulizia del paddy, de-stoning, sgusciatura del paddy, separazione del riso, molitura del riso, lucidatura del riso, selezione del colore del riso, classificazione del riso e confezionamento del riso. Non sono necessari altri macchinari e puoi realizzare l'intero processo dal paddy al riso bianco finale e sorprendente. Questo tipo di impianto di mulino a riso \u00e8 uno dei nostri prodotti pi\u00f9 richiesti. Inoltre, sono disponibili impianti di molitura del riso da 40 ton\/giorno, 50 ton\/giorno e 100 ton\/giorno presso la fabbrica TAIZY. Offriamo anche piccole macchine per la lavorazione del riso in vendita. Se cerchi un impianto di molitura affidabile per avviare la tua attivit\u00e0, contattaci per ulteriori informazioni. \u00a0\u00a0<\/p>    <h2 class=\"wp-block-heading\">Caratteristiche dell'impianto di molitura del riso da 60 tonnellate al giorno di Taizy<\/h2>    <ol class=\"wp-block-list\" type=\"1\"><li>Con setaccio di pulizia separato e de-stoner, l\u2019effetto di de-stoning \u00e8 ottimo.<\/li><li>Struttura ragionevole. La macchina di lavorazione del riso pu\u00f2 sembrare complicata, ma ogni parte \u00e8 progettata dopo anni di ricerca e studio per consentire al macchinario di funzionare in modo stabile.<\/li><li>L'intero set di impianto di molitura del riso \u00e8 dotato di un selettore di colore con compressore d'aria e serbatoio di stoccaggio per rimuovere efficacemente il riso di scarsa qualit\u00e0.<\/li><li>Le singole macchine dell'impianto di molitura del riso da 60 tonnellate al giorno sono disposte in una fila ordinata e bella.<\/li><li>Risparmio energetico, protezione ambientale, operazione semplice, facile manutenzione e durata.<\/li><li>La parte di molitura del riso di questa attrezzatura adotta tecnologia avanzata di molitura del riso, con bassa temperatura del riso, meno crusca e basso tasso di schiacciamento.<\/li><\/ol>    <div class=\"wp-block-columns is-layout-flex wp-container-core-columns-is-layout-9d6595d7 wp-block-columns-is-layout-flex\"> <div class=\"wp-block-column is-layout-flow wp-block-column-is-layout-flow\"> <figure class=\"wp-block-image size-full\"><img loading=\"lazy\" decoding=\"async\" width=\"720\" height=\"540\" src=\"https:\/\/cnricemill.com\/wp-content\/uploads\/2022\/08\/front-view-of-60td-rice-mill-plant.jpg\" alt=\"vista frontale dell&#039;impianto di riso da 60 t\" class=\"wp-image-78\"\/><figcaption>vista frontale dell'impianto di riso da 60 t<\/figcaption><\/figure> <\/div>    <div class=\"wp-block-column is-layout-flow wp-block-column-is-layout-flow\"> <figure class=\"wp-block-image size-full\"><img loading=\"lazy\" decoding=\"async\" width=\"720\" height=\"540\" src=\"https:\/\/cnricemill.com\/wp-content\/uploads\/2022\/08\/side-view-of-60td-rice-mill-plant-1.jpg\" alt=\"vista laterale dell&#039;impianto di mulino a riso da 60t\/d\" class=\"wp-image-81\"\/><figcaption>vista laterale dell'impianto di mulino a riso da 60t\/d<\/figcaption><\/figure> <\/div> <\/div>    <h2 class=\"wp-block-heading\">Dati tecnici dell'impianto di mulino a riso da 60t\/d in vendita<\/h2>    <figure class=\"wp-block-table\"><table><tbody><tr><td>Macchina<\/td><td>Capacit\u00e0(t\/h)<\/td><td>Velocit\u00e0 di rotazione\u00a0(r\/min)<\/td><td>Potenza(kW)<\/td><td>Volume di aspirazione(m\u00b3\/h)<\/td><\/tr><tr><td>Pulitore combinato<\/td><td>6-7<\/td><td>920<\/td><td>2*0.37<\/td><td>4800<\/td><\/tr><tr><td>Rimuovi pietre<\/td><td>6-7<\/td><td>185+_15<\/td><td>0.75<\/td><td>3800-4200<\/td><\/tr><tr><td>Spaccarice<\/td><td>4.2-5<\/td><td>Veloce(1228-1673)Lento(1108-1362)<\/td><td>7.5<\/td><td>3200-3800<\/td><\/tr><tr><td>Separatore di pilato e gravit\u00e0<\/td><td>3.4-4<\/td><td>255+_15<\/td><td>1.5<\/td><td>&nbsp;<\/td><\/tr><tr><td>Impianto di mulino a riso<\/td><td>2-3<\/td><td>1290<\/td><td>22-30<\/td><td>3500-3800<\/td><\/tr><tr><td>Classificatore di riso<\/td><td>2.5-3.5<\/td><td>150+_15<\/td><td>1.1<\/td><td>&nbsp;<\/td><\/tr><tr><td>Ascensore<\/td><td>2.4-3.5<\/td><td>189<\/td><td>1.1<\/td><td>300<\/td><\/tr><\/tbody><\/table><\/figure>    <h2 class=\"wp-block-heading\">Diagramma di flusso dell'impianto di mulino a riso automatico da 60t\/d<\/h2>    <p>L'impianto di mulino a riso da 60t\/d ha la funzione di lavorare completamente in modo automatico il paddy in riso bianco. Il processo completo di funzionamento \u00e8 il seguente:<\/p>    <p class=\"translation-block\"><strong>Pulizia del paddy \u2192 rimozione delle pietre \u2192 sgusciatura del paddy \u2192 separazione del paddy \u2192 sbiancatura del riso \u2192 classificazione del riso \u2192 lucidatura ad acqua \u2192 selezione del colore \u2192 confezionamento del riso.<\/strong><\/p>    <div class=\"wp-block-columns is-layout-flex wp-container-core-columns-is-layout-9d6595d7 wp-block-columns-is-layout-flex\"> <div class=\"wp-block-column is-layout-flow wp-block-column-is-layout-flow\"> <figure class=\"wp-block-image size-full\"><img loading=\"lazy\" decoding=\"async\" width=\"720\" height=\"540\" src=\"https:\/\/cnricemill.com\/wp-content\/uploads\/2022\/08\/60td-rice-milling-line.jpg\" alt=\"Linea di macinazione del riso da 60 t\" class=\"wp-image-83\"\/><figcaption>Linea di macinazione del riso da 60 t<\/figcaption><\/figure> <\/div>    <div class=\"wp-block-column is-layout-flow wp-block-column-is-layout-flow\"> <figure class=\"wp-block-image size-full\"><img loading=\"lazy\" decoding=\"async\" width=\"720\" height=\"540\" src=\"https:\/\/cnricemill.com\/wp-content\/uploads\/2022\/08\/rice-mill-plant-working-process.jpg\" alt=\"processo di funzionamento dell&#039;impianto di riso\" class=\"wp-image-84\"\/><figcaption>processo di funzionamento dell'impianto di riso<\/figcaption><\/figure> <\/div> <\/div>    <h2 class=\"wp-block-heading\">Dettagli della struttura di questo impianto di mulino di riso combinato<\/h2>    <p class=\"translation-block\">1. <strong>Pulitore di paddy &amp; rimuovi pietre:<\/strong> devono essere rimossi il pi\u00f9 possibile altri detriti leggeri come polvere, detriti, grumi e pietre per ottenere un effetto di pulizia migliore.<\/p>    <p class=\"translation-block\">2. <strong>Macchina di sgusciatura del riso:<\/strong> rimuove la pula dal chicco di riso.<\/p>    <p class=\"translation-block\">3. <strong>Separatore di riso:<\/strong> principalmente per la separazione del riso integrale dal riso da paddy, utilizzando la differenza di gravit\u00e0 specifica e coefficiente di attrito tra le tre parti del riso, il riso integrale e la miscela delle due.<\/p>    <p class=\"translation-block\">4. <strong>Macchina di lucidatura del riso:<\/strong> la macchina di lucidatura del riso \u00e8 appositamente sviluppata per la lucidatura del riso, che rappresenta la tecnologia avanzata attuale nel mondo di macchine di lucidatura e sbiancatura del riso, risultando in una temperatura pi\u00f9 bassa del riso, meno contenuto di crusca e un basso incremento di schiacciamento.<\/p>    <p class=\"translation-block\">5. <strong>Macchina di sbiancatura del riso:<\/strong> sbianca la superficie del riso spruzzando acqua, il che favorisce la formazione di uno strato di gel liscio e prolunga il tempo di conservazione. Allunga la camera di lucidatura per produrre riso di alta qualit\u00e0.<\/p>    <p class=\"translation-block\">6. <strong>Macchina di classificazione del riso:<\/strong> la macchina di classificazione del riso pu\u00f2 setacciare il riso fine in riso intero, grande schiacciato, medio schiacciato e piccolo schiacciato in modo efficiente e preciso.<\/p>    <p class=\"translation-block\">7. <strong>Selettore di colore del riso:<\/strong> il selettore di colore del riso viene usato per eliminare riso di scarsa qualit\u00e0, lattiginoso, gessoso, paddy e materia estranea. Testa il segnale CCD quando sbiadisce. Se si trovano riso non qualificato o impurit\u00e0 nel materiale, l'espulsore soffia fuori i prodotti inferiori nel contenitore.<\/p>    <p class=\"translation-block\">8. <strong>Macchina di confezionamento del riso:<\/strong> questa macchina di pesatura e confezionamento automatica e quantitativa \u00e8 composta da una scatola di materiale, bilancia di confezionamento, macchina da cucire e nastro trasportatore. Pu\u00f2 essere utilizzata con tutte le linee di produzione di macchinari di molitura del riso, e la capacit\u00e0 delle buste di confezionamento pu\u00f2 essere scelta tra 1-50kg per borsa secondo le tue esigenze. &nbsp;<\/p>    <div class=\"wp-block-columns is-layout-flex wp-container-core-columns-is-layout-9d6595d7 wp-block-columns-is-layout-flex\"> <div class=\"wp-block-column is-layout-flow wp-block-column-is-layout-flow\"> <figure class=\"wp-block-gallery has-nested-images columns-default is-cropped wp-block-gallery-2 is-layout-flex wp-block-gallery-is-layout-flex\"> <figure class=\"wp-block-image size-full\"><img loading=\"lazy\" decoding=\"async\" width=\"720\" height=\"540\" data-id=\"86\" src=\"https:\/\/cnricemill.com\/wp-content\/uploads\/2022\/08\/structure-details-of-combined-rice-mill-plant.jpg\" alt=\"dettagli della struttura dell&#039;impianto di mulino di riso combinato\" class=\"wp-image-86\"\/><figcaption>dettagli della struttura dell'impianto di mulino di riso combinato<\/figcaption><\/figure> <\/figure> <\/div>    <div class=\"wp-block-column is-layout-flow wp-block-column-is-layout-flow\"> <figure class=\"wp-block-gallery has-nested-images columns-default is-cropped wp-block-gallery-3 is-layout-flex wp-block-gallery-is-layout-flex\"> <figure class=\"wp-block-image size-full\"><img loading=\"lazy\" decoding=\"async\" width=\"720\" height=\"540\" data-id=\"87\" src=\"https:\/\/cnricemill.com\/wp-content\/uploads\/2022\/08\/rice-milling-plant-factory.jpg\" alt=\"fabbrica di impianti di molitura del riso\" class=\"wp-image-87\"\/><figcaption>fabbrica di impianti di molitura del riso<\/figcaption><\/figure> <\/figure> <\/div> <\/div>    <div class=\"wp-block-columns is-layout-flex wp-container-core-columns-is-layout-9d6595d7 wp-block-columns-is-layout-flex\"> <div class=\"wp-block-column is-layout-flow wp-block-column-is-layout-flow\"> <figure class=\"wp-block-gallery has-nested-images columns-default is-cropped wp-block-gallery-4 is-layout-flex wp-block-gallery-is-layout-flex\"> <figure class=\"wp-block-image size-full\"><img loading=\"lazy\" decoding=\"async\" width=\"720\" height=\"540\" data-id=\"89\" src=\"https:\/\/cnricemill.com\/wp-content\/uploads\/2022\/08\/rice-mill-plant-ready-to-ship.jpg\" alt=\"impianto di molino di riso pronto per la spedizione\" class=\"wp-image-89\"\/><figcaption>impianto di molino di riso pronto per la spedizione<\/figcaption><\/figure> <\/figure> <\/div>    <div class=\"wp-block-column is-layout-flow wp-block-column-is-layout-flow\"> <figure class=\"wp-block-gallery has-nested-images columns-default is-cropped wp-block-gallery-5 is-layout-flex wp-block-gallery-is-layout-flex\"> <figure class=\"wp-block-image size-full\"><img loading=\"lazy\" decoding=\"async\" width=\"720\" height=\"540\" data-id=\"90\" src=\"https:\/\/cnricemill.com\/wp-content\/uploads\/2022\/08\/rice-mill-plant-delivery.jpg\" alt=\"consegna dell&#039;impianto di mulino a riso\" class=\"wp-image-90\"\/><figcaption>consegna dell'impianto di mulino a riso<\/figcaption><\/figure> <\/figure> <\/div> <\/div>","protected":false},"excerpt":{"rendered":"<p>60T\/D rice mill plant is a fully automatic rice processing line, including the whole process from paddy cleaning, de-stoning, paddy husking, rice separation, rice milling, rice polishing, rice color sorting, rice grading, and Rice packing. You no longer need any other machines and you can realize the whole processing from paddy to the final amazing [&hellip;]<\/p>\n","protected":false},"author":1,"featured_media":75,"parent":0,"template":"","tags":[12,15],"product-type":[5],"class_list":["post-41","product","type-product","status-publish","has-post-thumbnail","hentry","tag-rice-mill-plant","tag-rice-milling","product-type-rice-mill-plant"],"_links":{"self":[{"href":"https:\/\/cnricemill.com\/it\/wp-json\/wp\/v2\/product\/41","targetHints":{"allow":["GET"]}}],"collection":[{"href":"https:\/\/cnricemill.com\/it\/wp-json\/wp\/v2\/product"}],"about":[{"href":"https:\/\/cnricemill.com\/it\/wp-json\/wp\/v2\/types\/product"}],"author":[{"embeddable":true,"href":"https:\/\/cnricemill.com\/it\/wp-json\/wp\/v2\/users\/1"}],"wp:featuredmedia":[{"embeddable":true,"href":"https:\/\/cnricemill.com\/it\/wp-json\/wp\/v2\/media\/75"}],"wp:attachment":[{"href":"https:\/\/cnricemill.com\/it\/wp-json\/wp\/v2\/media?parent=41"}],"wp:term":[{"taxonomy":"post_tag","embeddable":true,"href":"https:\/\/cnricemill.com\/it\/wp-json\/wp\/v2\/tags?post=41"},{"taxonomy":"product-type","embeddable":true,"href":"https:\/\/cnricemill.com\/it\/wp-json\/wp\/v2\/product-type?post=41"}],"curies":[{"name":"wp","href":"https:\/\/api.w.org\/{rel}","templated":true}]}}