{"id":40,"date":"2022-08-11T10:04:26","date_gmt":"2022-08-11T02:04:26","guid":{"rendered":"https:\/\/cnricemill.com\/?post_type=product&#038;p=40"},"modified":"2024-12-23T11:38:45","modified_gmt":"2024-12-23T03:38:45","slug":"paddy-separator","status":"publish","type":"product","link":"https:\/\/cnricemill.com\/it\/product\/paddy-separator\/","title":{"rendered":"Separatore di Riso"},"content":{"rendered":"<h2 class=\"wp-block-heading\">Cos'\u00e8 il separatore di paddy?<\/h2>    <p class=\"translation-block\"><strong>Separatore di riso<\/strong> qui c'\u00e8 una macchina che separa il riso integrale dal riso da paddy grazie alla differenza tra attrito superficiale e gravit\u00e0. Pu\u00f2 separare la miscela di paddy e riso integrale in tre tipi. Un tipo \u00e8 il riso integrale che entrer\u00e0 nel mulino per riso. Un altro \u00e8 il misto di riso integrale e paddy che entrer\u00e0 di nuovo nella macchina di separazione del paddy per gravit\u00e0. L'altro \u00e8 il chicco di riso che entrer\u00e0 di nuovo nella macchina di sgusciatura per essere sgusciato ancora una volta.<\/p>    <h2 class=\"wp-block-heading\">Separatore di paddy a gravit\u00e0 della serie MGCZ in vendita<\/h2>    <p class=\"translation-block\">Il separatore di paddy a gravit\u00e0 della serie MGCZ \u00e8 una macchina importante per la lavorazione del riso. Ed \u00e8 cruciale per l'intero impianto di lavorazione del riso. <a href=\"https:\/\/cnricemill.com\/it\/\">TAIZY<\/a> La macchina per la separazione del paddy ha le caratteristiche di prestazioni stabili, basso investimento e facile funzionamento. Inoltre, tutte le nostre macchine hanno superato controlli di qualit\u00e0 estremamente rigorosi. E abbiamo personale altamente qualificato per garantire un servizio professionale e consegne rapide. Oggi, le nostre macchine sono state esportate con successo in pi\u00f9 di 80 paesi e regioni. Contattaci per il miglior prezzo del separatore di paddy. \u00a0<\/p>    <div class=\"wp-block-columns is-layout-flex wp-container-core-columns-is-layout-9d6595d7 wp-block-columns-is-layout-flex\"> <div class=\"wp-block-column is-layout-flow wp-block-column-is-layout-flow\"> <figure class=\"wp-block-image size-full\"><img loading=\"lazy\" decoding=\"async\" width=\"750\" height=\"750\" src=\"https:\/\/cnricemill.com\/wp-content\/uploads\/2022\/08\/paddy-separator.jpg\" alt=\"Separatore di paddy\" class=\"wp-image-121\"\/><figcaption>Separatore di paddy<\/figcaption><\/figure> <\/div>    <div class=\"wp-block-column is-layout-flow wp-block-column-is-layout-flow\"> <figure class=\"wp-block-image size-full\"><img loading=\"lazy\" decoding=\"async\" width=\"750\" height=\"750\" src=\"https:\/\/cnricemill.com\/wp-content\/uploads\/2022\/08\/paddy-separating-machine.jpg\" alt=\"Macchina per la separazione del paddy\" class=\"wp-image-122\"\/><figcaption>Macchina per la separazione del paddy<\/figcaption><\/figure> <\/div> <\/div>    <h2 class=\"wp-block-heading\">Caratteristiche di performance del separatore di paddy<\/h2>    <ol class=\"wp-block-list\" type=\"1\"><li>Parti durevoli, sistema di freno automatico avanzato, facile da operare e mantenere<\/li><li>Basso centro di gravit\u00e0 meccanico, buon equilibrio, velocit\u00e0 ragionevole, prestazioni di lavorazione stabili e affidabili<\/li><li>Sistema di trasmissione perfetto per garantire una buona performance meccanica<\/li><li>Ampio uso per riso integrale lungo e corto<\/li><li>La piastra di schermo di alta qualit\u00e0 \u00e8 posizionata in alto per evitare l'intasamento<\/li><li>Una variet\u00e0 di modelli per soddisfare le diverse esigenze dei clienti<\/li><\/ol>    <div class=\"wp-block-columns is-layout-flex wp-container-core-columns-is-layout-9d6595d7 wp-block-columns-is-layout-flex\"> <div class=\"wp-block-column is-layout-flow wp-block-column-is-layout-flow\"> <figure class=\"wp-block-image size-full\"><img loading=\"lazy\" decoding=\"async\" width=\"750\" height=\"750\" src=\"https:\/\/cnricemill.com\/wp-content\/uploads\/2022\/08\/sieve-plate.jpg\" alt=\"Piastra di setacciatura\" class=\"wp-image-127\"\/><figcaption>Piastra di setacciatura<\/figcaption><\/figure> <\/div>    <div class=\"wp-block-column is-layout-flow wp-block-column-is-layout-flow\"> <figure class=\"wp-block-image size-full\"><img loading=\"lazy\" decoding=\"async\" width=\"750\" height=\"750\" src=\"https:\/\/cnricemill.com\/wp-content\/uploads\/2022\/08\/copper-motor.jpg\" alt=\"Motore in rame\" class=\"wp-image-128\"\/><figcaption>Motore in rame<\/figcaption><\/figure> <\/div> <\/div>    <h2 class=\"wp-block-heading\">Parametri della macchina per la separazione del paddy Taizy<\/h2>    <figure class=\"wp-block-table\"><table><tbody><tr><td>Modello<\/td><td>Capacit\u00e0(t\/h)<\/td><td>Potenza (KW)<\/td><td>Dimensioni (L*P*A)<\/td><\/tr><tr><td>MGCZ80*6<\/td><td>0.8-1.3<\/td><td>1.1<\/td><td>1350*1000*1400<\/td><\/tr><tr><td>MGCZ80*7<\/td><td>1.1-1.5<\/td><td>1.1<\/td><td>1350*1000*1450<\/td><\/tr><tr><td>MGCZ100*6<\/td><td>1.2-1.6<\/td><td>1.1<\/td><td>1600*1250*1400<\/td><\/tr><tr><td>MGCZ100*7<\/td><td>1.6-2.1<\/td><td>1.1<\/td><td>1600*1250*1450<\/td><\/tr><tr><td>MGCZ100*8<\/td><td>2.1-2.4<\/td><td>1.1<\/td><td>1600*1250*1500<\/td><\/tr><tr><td>MGCZ100*10<\/td><td>2.5-3.2<\/td><td>1.5<\/td><td>1600*1250*1750<\/td><\/tr><tr><td>MGCZ100*12<\/td><td>3.4-4<\/td><td>1.5<\/td><td>1600*1250*1800<\/td><\/tr><tr><td>MGCZ100*14<\/td><td>4-4.9<\/td><td>1.5<\/td><td>1600*1250*1740<\/td><\/tr><tr><td>MGCZ100*16<\/td><td>4.5-5.6<\/td><td>1.5<\/td><td>1600*1250*1820<\/td><\/tr><\/tbody><\/table><\/figure>    <h2 class=\"wp-block-heading\">Come viene separato il riso dal paddy?<\/h2>    <p>Il separatore di paddy viene usato per separare il riso integrale dal paddy non sgusciato. Filtra continuamente la miscela in uno stato stratificato attraverso un disco di separazione speciale secondo la differenza di gravit\u00e0 specifica, dimensione delle particelle e coefficiente di attrito tra riso integrale e paddy. Come risultato della separazione, il riso di grande densit\u00e0 e piccole dimensioni viene diretto verso la parte superiore del disco di separazione, mentre il riso di bassa gravit\u00e0 specifica e grandi dimensioni viene diretto verso la parte inferiore del disco, separando il riso integrale puro, il paddy puro e la miscela.<\/p>    <div class=\"wp-block-columns is-layout-flex wp-container-core-columns-is-layout-9d6595d7 wp-block-columns-is-layout-flex\"> <div class=\"wp-block-column is-layout-flow wp-block-column-is-layout-flow\"> <figure class=\"wp-block-image size-full\"><img loading=\"lazy\" decoding=\"async\" width=\"750\" height=\"750\" src=\"https:\/\/cnricemill.com\/wp-content\/uploads\/2022\/08\/paddy-separator-factory.jpg\" alt=\"Fabbrica di separatori di paddy\" class=\"wp-image-125\"\/><figcaption>Fabbrica di separatori di paddy<\/figcaption><\/figure> <\/div>    <div class=\"wp-block-column is-layout-flow wp-block-column-is-layout-flow\"> <figure class=\"wp-block-image size-full\"><img loading=\"lazy\" decoding=\"async\" width=\"750\" height=\"750\" src=\"https:\/\/cnricemill.com\/wp-content\/uploads\/2022\/08\/paddy-separating-machine-workshop.jpg\" alt=\"Officina della macchina per la separazione del riso\" class=\"wp-image-126\"\/><figcaption>Officina della macchina per la separazione del riso<\/figcaption><\/figure> <\/div> <\/div>","protected":false},"excerpt":{"rendered":"<p>What is paddy separator? Paddy separator here is a machine that separates brown rice from paddy by the difference between surface friction and gravity. It can separate the mixture of paddy and brown rice into three kinds. One type is the brown rice that will enter the rice mill. One type is the mixer of [&hellip;]<\/p>\n","protected":false},"author":1,"featured_media":120,"parent":0,"template":"","tags":[16,13],"product-type":[],"class_list":["post-40","product","type-product","status-publish","has-post-thumbnail","hentry","tag-rice-processing","tag-rice-processing-machine"],"_links":{"self":[{"href":"https:\/\/cnricemill.com\/it\/wp-json\/wp\/v2\/product\/40","targetHints":{"allow":["GET"]}}],"collection":[{"href":"https:\/\/cnricemill.com\/it\/wp-json\/wp\/v2\/product"}],"about":[{"href":"https:\/\/cnricemill.com\/it\/wp-json\/wp\/v2\/types\/product"}],"author":[{"embeddable":true,"href":"https:\/\/cnricemill.com\/it\/wp-json\/wp\/v2\/users\/1"}],"wp:featuredmedia":[{"embeddable":true,"href":"https:\/\/cnricemill.com\/it\/wp-json\/wp\/v2\/media\/120"}],"wp:attachment":[{"href":"https:\/\/cnricemill.com\/it\/wp-json\/wp\/v2\/media?parent=40"}],"wp:term":[{"taxonomy":"post_tag","embeddable":true,"href":"https:\/\/cnricemill.com\/it\/wp-json\/wp\/v2\/tags?post=40"},{"taxonomy":"product-type","embeddable":true,"href":"https:\/\/cnricemill.com\/it\/wp-json\/wp\/v2\/product-type?post=40"}],"curies":[{"name":"wp","href":"https:\/\/api.w.org\/{rel}","templated":true}]}}