{"id":39,"date":"2022-08-11T10:01:37","date_gmt":"2022-08-11T02:01:37","guid":{"rendered":"https:\/\/cnricemill.com\/?post_type=product&#038;p=39"},"modified":"2024-12-23T11:38:53","modified_gmt":"2024-12-23T03:38:53","slug":"rice-grader","status":"publish","type":"product","link":"https:\/\/cnricemill.com\/it\/product\/rice-grader\/","title":{"rendered":"Selettore di Riso"},"content":{"rendered":"<p class=\"translation-block\"><strong>Selezionatrice di riso<\/strong> o <strong>macchina per la classificazione del riso<\/strong> \u00e8 una macchina importante per la lavorazione del riso. Classifica il riso in diversi standard in base alla lunghezza del riso. E poi il riso con diametri diversi sar\u00e0 scaricato da uscite diverse. Di solito, questa macchina viene utilizzata come parte di un impianto di mulino per riso completamente automatico. Per diverse capacit\u00e0 della linea di produzione del mulino di riso, puoi scegliere una macchina per la classificazione del riso adatta. La serie MMJP di Taizy per classificatori di lunghezza del riso \u00e8 in vendita con caratteristiche di alta efficienza e prestazioni stabili. \u00c8 popolare in tutto il mondo. Come produttore di macchine per la classificazione del riso con esperienza ricca, offriamo servizi di personalizzazione professionale, formazione e guida per avviare la tua attivit\u00e0 di mulino di riso. Contattaci per un listino prezzi gratuito.<\/p>    <figure class=\"wp-block-image size-full\"><img loading=\"lazy\" decoding=\"async\" width=\"720\" height=\"540\" src=\"https:\/\/cnricemill.com\/wp-content\/uploads\/2022\/08\/rice-grader.jpg\" alt=\"Macchina per la classificazione del riso\" class=\"wp-image-130\"\/><figcaption>Macchina per la classificazione del riso in vendita<\/figcaption><\/figure>    <h2 class=\"wp-block-heading\">Cos'\u00e8 una macchina per la classificazione del riso?<\/h2>    <p>La macchina per la classificazione del riso \u00e8 progettata per la classificazione del riso. Pu\u00f2 dividere il riso decorticato in diverse classi in modo accurato ed efficiente in base alla lunghezza:<\/p>    <ol class=\"wp-block-list\" type=\"1\"><li>Riso rotto piccolo<\/li><li>Riso rotto medio<\/li><li>Riso rotto grande<\/li><li>Riso intero o riso testa<\/li><\/ol>    <p>Aiuta a migliorare notevolmente la qualit\u00e0 e l'aspetto del prodotto finale di riso.<\/p>    <div class=\"wp-block-columns is-layout-flex wp-container-core-columns-is-layout-9d6595d7 wp-block-columns-is-layout-flex\"> <div class=\"wp-block-column is-layout-flow wp-block-column-is-layout-flow\"> <figure class=\"wp-block-image size-full\"><img loading=\"lazy\" decoding=\"async\" width=\"750\" height=\"750\" src=\"https:\/\/cnricemill.com\/wp-content\/uploads\/2022\/08\/left-view-of-the-rice-grader.jpg\" alt=\"Vista laterale della macchina per la classificazione del riso\" class=\"wp-image-132\"\/><figcaption>Vista laterale della macchina per la classificazione del riso<\/figcaption><\/figure> <\/div>    <div class=\"wp-block-column is-layout-flow wp-block-column-is-layout-flow\"> <figure class=\"wp-block-image size-full\"><img loading=\"lazy\" decoding=\"async\" width=\"750\" height=\"750\" src=\"https:\/\/cnricemill.com\/wp-content\/uploads\/2022\/08\/right-view-of-the-rice-grader.jpg\" alt=\"Vista laterale destra della macchina per la classificazione del riso\" class=\"wp-image-133\"\/><figcaption>Vista laterale destra della macchina per la classificazione del riso<\/figcaption><\/figure> <\/div> <\/div>    <h2 class=\"wp-block-heading\">Parametri della macchina per la classificazione del riso Taizy<\/h2>    <figure class=\"wp-block-table\"><table><tbody><tr><td>Modello<\/td><td>Capacit\u00e0(t\/h)<\/td><td>Potenza(KW)<\/td><td>Dimensioni (L*P*A)<\/td><\/tr><tr><td>MMJP63*3<\/td><td>0.8-1.25<\/td><td>0.75<\/td><td>1462*740*1280<\/td><\/tr><tr><td>MMJP80*3<\/td><td>1.5-2<\/td><td>1.1<\/td><td>1600*1000*1315<\/td><\/tr><tr><td>MMJP100*3<\/td><td>2.5-3.3<\/td><td>1.1<\/td><td>1690*1090*1386<\/td><\/tr><tr><td>MMJP100*4<\/td><td>2.5-3.5<\/td><td>1.1<\/td><td>1690*1087*1420<\/td><\/tr><tr><td>MMJP112*3<\/td><td>3.5-4.2<\/td><td>1.1<\/td><td>1690*1208*1386<\/td><\/tr><tr><td>MMJP112*4<\/td><td>3.5-4.5<\/td><td>1.1<\/td><td>1690*1208*1420<\/td><\/tr><tr><td>MMJP125*3<\/td><td>4.5-5<\/td><td>1.5<\/td><td>1690*1458*1386<\/td><\/tr><tr><td>MMJP125*4<\/td><td>4.5-5.2<\/td><td>1.5<\/td><td>1690*1457*1420<\/td><\/tr><tr><td>MMJP150*4<\/td><td>5.5-6<\/td><td>1.5<\/td><td>1725*1580*1500<\/td><\/tr><\/tbody><\/table><\/figure>    <h2 class=\"wp-block-heading\">Caratteristiche della macchina per la classificazione del riso Taizy<\/h2>    <ol class=\"wp-block-list\" type=\"1\"><li>Ha una dimensione ridotta e un prezzo accessibile<\/li><li>La macchina per la classificazione del riso ha un design ragionevole e una struttura semplice, facile da operare e mantenere<\/li><li>La macchina per la classificazione del riso Taizy in vendita ha alta efficienza e basso consumo energetico<\/li><li>La macchina ha una forte adattabilit\u00e0, basso rumore e alta produzione<\/li><li>Adottando materiali durevoli, ha una lunga durata<\/li><li>Questa macchina per la lavorazione del riso ha uno schermo a pi\u00f9 strati, adatto a diverse capacit\u00e0 di classificazione del riso<\/li><\/ol>    <h2 class=\"wp-block-heading\">A cosa serve la macchina per la classificazione del riso?<\/h2>    <p class=\"translation-block\">La macchina per la classificazione del riso viene utilizzata per dividere il riso in diversi gradi in base alle dimensioni. Mira a selezionare riso di dimensioni appropriate ed estrarre il riso rotto che non soddisfa le esigenze. La macchina per la classificazione del riso \u00e8 una parte essenziale e vitale dell' <a href=\"https:\/\/cnricemill.com\/it\/products\/rice-mill-plant\/\">intero impianto di mulino di riso<\/a>.<\/p>    <h2 class=\"wp-block-heading\">Quanto costa la macchina per la classificazione del riso?<\/h2>    <p class=\"translation-block\">Il prezzo della macchina per la classificazione del riso non \u00e8 fisso. Poich\u00e9 il costo \u00e8 strettamente correlato ai suoi parametri, come capacit\u00e0, modelli, dimensioni, marche, motori, ecc. Inoltre, il prezzo della macchina per la classificazione del riso \u00e8 anche influenzato da fattori esterni come il costo di spedizione e il tasso di cambio. Quindi, se sei interessato a questa <a href=\"https:\/\/cnricemill.com\/it\/product\/\">macchina per la lavorazione del riso<\/a>, comunicaci le tue esigenze e ti invieremo un preventivo dettagliato.<\/p>","protected":false},"excerpt":{"rendered":"<p>Rice grader or rice grading machine is an important rice processing machine. It grades rice into different standards based on the rice length. And then the rice with different diameters will be discharged from different outlets. Usually, this machine is used as a part of a fully automatic rice mill plant. For different capacities of [&hellip;]<\/p>\n","protected":false},"author":1,"featured_media":129,"parent":0,"template":"","tags":[16,13],"product-type":[],"class_list":["post-39","product","type-product","status-publish","has-post-thumbnail","hentry","tag-rice-processing","tag-rice-processing-machine"],"_links":{"self":[{"href":"https:\/\/cnricemill.com\/it\/wp-json\/wp\/v2\/product\/39","targetHints":{"allow":["GET"]}}],"collection":[{"href":"https:\/\/cnricemill.com\/it\/wp-json\/wp\/v2\/product"}],"about":[{"href":"https:\/\/cnricemill.com\/it\/wp-json\/wp\/v2\/types\/product"}],"author":[{"embeddable":true,"href":"https:\/\/cnricemill.com\/it\/wp-json\/wp\/v2\/users\/1"}],"wp:featuredmedia":[{"embeddable":true,"href":"https:\/\/cnricemill.com\/it\/wp-json\/wp\/v2\/media\/129"}],"wp:attachment":[{"href":"https:\/\/cnricemill.com\/it\/wp-json\/wp\/v2\/media?parent=39"}],"wp:term":[{"taxonomy":"post_tag","embeddable":true,"href":"https:\/\/cnricemill.com\/it\/wp-json\/wp\/v2\/tags?post=39"},{"taxonomy":"product-type","embeddable":true,"href":"https:\/\/cnricemill.com\/it\/wp-json\/wp\/v2\/product-type?post=39"}],"curies":[{"name":"wp","href":"https:\/\/api.w.org\/{rel}","templated":true}]}}