{"id":38,"date":"2022-08-11T09:58:33","date_gmt":"2022-08-11T01:58:33","guid":{"rendered":"https:\/\/cnricemill.com\/?post_type=product&#038;p=38"},"modified":"2024-12-23T11:39:37","modified_gmt":"2024-12-23T03:39:37","slug":"rice-packing-machine","status":"publish","type":"product","link":"https:\/\/cnricemill.com\/it\/product\/rice-packing-machine\/","title":{"rendered":"Macchina per l'Imballaggio del Riso"},"content":{"rendered":"<p class=\"translation-block\"><strong>La macchina per confezionare riso<\/strong> \u00e8 utilizzata per confezionare automaticamente e in modo efficiente. \u00c8 una specie di <strong>macchina di riempimento e sigillatura dei sacchetti di riso<\/strong>. La macchina di confezionamento del riso pu\u00f2 completare la funzione di pesatura quantitativa, riempimento efficiente e sigillatura accurata. \u00c8 adatta per confezionare prodotti di riso da 5 kg a 50 kg. E i formati di confezionamento di riso da 5 kg, 25 kg e 50 kg sono molto popolari tra loro. Con le caratteristiche di facile operativit\u00e0, prestazioni stabili e alta efficienza, la <strong>macchina di riempimento del riso<\/strong> pu\u00f2 migliorare notevolmente la tua produttivit\u00e0 e beneficiare la tua attivit\u00e0. In qualit\u00e0 di principale produttore di macchine per lavorazione del riso, TAIZY Machinery offre una macchina per confezionare riso di alta qualit\u00e0 e a prezzi accessibili per partner in tutto il mondo. Benvenuto a <a href=\"https:\/\/cnricemill.com\/it\/contact-us\/\">contattarci<\/a> per ulteriori dettagli.<\/p>    <h2 class=\"wp-block-heading\">Caratteristiche prestazionali della macchina per confezionare riso <\/h2>    <ol class=\"wp-block-list\" type=\"1\"><li>La macchina di confezionamento del riso adotta tecnologia internazionale avanzata. L\u2019accuratezza \u00e8 di circa 5 g e la velocit\u00e0 di confezionamento \u00e8 di 360-450 sacchetti all\u2019ora.<\/li><li>Le parti a contatto con le materie prime sono realizzate in acciaio inossidabile alimentare, con standard sanitari elevati e resistenza alla corrosione per uso a lungo termine.<\/li><li>Gamma ampia di quantificazione, alta precisione, la piattaforma pu\u00f2 essere sollevata, alta efficienza, multi-funzioni.<\/li><li>La macchina per confezionare sacchetti di riso ha i vantaggi di alta precisione di calcolo, display digitale, operativit\u00e0 stabile e facilit\u00e0 d\u2019uso.&nbsp;<\/li><li>Utilizza sensore di marca e attuatore pneumatico, manutenzione facile, lavoro affidabile e nessuna inquinazione.&nbsp;<\/li><li>La macchina di riempimento del riso pu\u00f2 essere equipaggiata con una macchina per cucire e un trasportatore, che possono realizzare il processo automatico di riempimento e sigillatura.<\/li><li>Supportiamo un forte servizio di personalizzazione per soddisfare i tuoi requisiti specifici. &nbsp;<\/li><\/ol>    <h2 class=\"wp-block-heading\">Dettagli di struttura della macchina per riempimento e sigillatura delle buste di riso<\/h2>    <p>La macchina automatica per confezionare sacchetti di riso \u00e8 composta principalmente da tre sistemi: un sistema di pesatura e riempimento quantitativo, un sistema di trasporto e un sistema di cucitura e sigillatura. Include: un\u2019agenzia quantitativa, meccanismo pneumatico, scatola di controllo, corpo della pesa, cinghia trasportatrice, trasportatore, scatola di controllo della macchina da cucire e macchina per sacchetti. L\u2019intera macchina \u00e8 di struttura semplice e design ragionevole. \u00c8 facile da installare, utilizzare e mantenere. &nbsp;&nbsp;&nbsp;<\/p>    <figure class=\"wp-block-image size-full\"><img loading=\"lazy\" decoding=\"async\" width=\"720\" height=\"540\" src=\"https:\/\/cnricemill.com\/wp-content\/uploads\/2022\/08\/rice-filling-sealing-machine-structure.jpg\" alt=\"struttura della macchina di riempimento e sigillatura dei sacchetti di riso\" class=\"wp-image-115\"\/><figcaption>struttura della macchina di riempimento e sigillatura dei sacchetti di riso<\/figcaption><\/figure>    <h2 class=\"wp-block-heading\">Applicazioni della macchina per confezionare riso<\/h2>    <p>La confezione di riso da 5 kg a 50 kg \u00e8 applicata per riempire e sigillare prodotti a base di riso. Tuttavia, come tipo di macchina per confezionare granuli, \u00e8 anche ideale per confezionare molti altri prodotti granulari, come arachidi, chicchi di caff\u00e8, riso parboiled, semi di girasole, grano, mais, piselli, sesamo, cibo per cani, cibo per gatti, ecc. La busta pu\u00f2 essere di vari tipi: sacchetti di plastica, sacchetti di carta e sacchetti di tessuto.<\/p>    <h2 class=\"wp-block-heading\">Attrezzature opzionali<\/h2>    <div class=\"wp-block-columns is-layout-flex wp-container-core-columns-is-layout-9d6595d7 wp-block-columns-is-layout-flex\"> <div class=\"wp-block-column is-layout-flow wp-block-column-is-layout-flow\"> <figure class=\"wp-block-image size-full\"><img loading=\"lazy\" decoding=\"async\" width=\"720\" height=\"540\" src=\"https:\/\/cnricemill.com\/wp-content\/uploads\/2022\/08\/conveyor-belt.jpg\" alt=\"Cinghia di conveyor\" class=\"wp-image-116\"\/><figcaption>Cinghia di conveyor<\/figcaption><\/figure> <\/div>    <div class=\"wp-block-column is-layout-flow wp-block-column-is-layout-flow\"> <figure class=\"wp-block-image size-full\"><img loading=\"lazy\" decoding=\"async\" width=\"720\" height=\"540\" src=\"https:\/\/cnricemill.com\/wp-content\/uploads\/2022\/08\/feeding-elevator.jpg\" alt=\"levatore di alimentazione\" class=\"wp-image-118\"\/><figcaption>levatore di alimentazione<\/figcaption><\/figure> <\/div> <\/div>    <h2 class=\"wp-block-heading\">Perch\u00e9 la macchina per riempire sacchetti di riso \u00e8 migliore per la tua attivit\u00e0 di confezionamento del riso?<\/h2>    <p>In effetti, questa macchina per confezionare il riso \u00e8 una specie di macchina per riempire e sigillare sacchetti di riso. Rispetto ad altre macchine per confezionamento del riso, \u00e8 piuttosto adatta alla tua fabbrica di riso e ha molti vantaggi unici.<\/p>    <ol class=\"wp-block-list\" type=\"1\"><li>Super efficienza. Questa macchina \u00e8 adatta a grandi esigenze di produzione di riso.La velocit\u00e0 di confezionamento pu\u00f2 raggiungere 450 sacchetti all\u2019ora. Questo pu\u00f2 aumentare notevolmente la tua efficienza e risparmiare sui costi del lavoro.<\/li><li>Prezzo accessibile. Questa macchina per confezionare sacchetti di riso ha un prezzo assolutamente buono. Rispetto ad un\u2019altra macchina di confezionamento completamente automatica, ha una capacit\u00e0 di costo molto pi\u00f9 elevata.<\/li><li>Facile da usare. Questa macchina in vendita ha una struttura semplice e un design corretto; \u00e8 molto facile da utilizzare e da mantenere. E richiede solo un operatore. &nbsp;&nbsp;<\/li><\/ol>    <h2 class=\"wp-block-heading\">Contattaci per avviare la tua attivit\u00e0 nel settore del riso<\/h2>    <p class=\"translation-block\">La macchina per confezionare riso \u00e8 una parte essenziale e importante dell\u2019intero processo di lavorazione del riso. \u00c8 l\u2019ultimo passaggio prima che venga esposto sugli scaffali del supermercato. Taizy macchina riempitrice di sacchetti per riso in vendita \u00e8 adatta per imballare riso in formati da 5 kg a 50 kg. Offre prestazioni stabili, alta efficienza e prezzo accessibile. Stai cercando una eccellente  soluzione di confezionamento del riso ? Contattaci per ulteriori dettagli utili. <\/p>","protected":false},"excerpt":{"rendered":"<p>Rice packing machine is used for rice packaging automatically and efficiently. It is a kind of rice bag filling sealing machine. The rice packaging machine can complete the function of quantitative weighing, efficient filling, and accurate sealing. It is suitable for packaging rice products ranging from 5kg to 50kg. And 5kg, 25kg, and 50kg rice [&hellip;]<\/p>\n","protected":false},"author":1,"featured_media":113,"parent":0,"template":"","tags":[16,13],"product-type":[],"class_list":["post-38","product","type-product","status-publish","has-post-thumbnail","hentry","tag-rice-processing","tag-rice-processing-machine"],"_links":{"self":[{"href":"https:\/\/cnricemill.com\/it\/wp-json\/wp\/v2\/product\/38","targetHints":{"allow":["GET"]}}],"collection":[{"href":"https:\/\/cnricemill.com\/it\/wp-json\/wp\/v2\/product"}],"about":[{"href":"https:\/\/cnricemill.com\/it\/wp-json\/wp\/v2\/types\/product"}],"author":[{"embeddable":true,"href":"https:\/\/cnricemill.com\/it\/wp-json\/wp\/v2\/users\/1"}],"wp:featuredmedia":[{"embeddable":true,"href":"https:\/\/cnricemill.com\/it\/wp-json\/wp\/v2\/media\/113"}],"wp:attachment":[{"href":"https:\/\/cnricemill.com\/it\/wp-json\/wp\/v2\/media?parent=38"}],"wp:term":[{"taxonomy":"post_tag","embeddable":true,"href":"https:\/\/cnricemill.com\/it\/wp-json\/wp\/v2\/tags?post=38"},{"taxonomy":"product-type","embeddable":true,"href":"https:\/\/cnricemill.com\/it\/wp-json\/wp\/v2\/product-type?post=38"}],"curies":[{"name":"wp","href":"https:\/\/api.w.org\/{rel}","templated":true}]}}