{"id":284,"date":"2024-02-29T18:02:47","date_gmt":"2024-02-29T10:02:47","guid":{"rendered":"https:\/\/cnricemill.com\/?post_type=product&#038;p=284"},"modified":"2024-12-23T11:34:22","modified_gmt":"2024-12-23T03:34:22","slug":"40tpd-automatic-rice-mill-plant","status":"publish","type":"product","link":"https:\/\/cnricemill.com\/it\/product\/40tpd-automatic-rice-mill-plant\/","title":{"rendered":"Impianto di Mungitura del Riso Automatico da 40TPD"},"content":{"rendered":"<p class=\"translation-block\">Questo impianto di mulino a riso da 40tpd <strong>automatico<\/strong> \u00e8 progettato per trasformare materie prime come il riso paddy in riso bianco commestibile di alta qualit\u00e0 con una capacit\u00e0 di 40 tonnellate al giorno. Questo tipo di impianto di molitura del riso presenta alta efficienza, risparmio energetico e automazione.<\/p>    <p>Il nostro impianto di mulino a riso moderno ha diverse configurazioni, come 2 molini o 3 mulini, a seconda delle tue esigenze. Se interessato, contattami per ulteriori dettagli sulla macchina!<\/p>    <h2 class=\"wp-block-heading\"><strong>Pi\u00f9 configurazioni di impianti di mulino a riso automatico da 40tpd<\/strong><\/h2>    <h3 class=\"wp-block-heading\"><strong>Configurazione 1: Macchina di mulino a riso con 3 molini e classificatore di riso o selezionatore di colore<\/strong><\/h3>    <p>Questa configurazione comprende pulitore, de-stoner, decorticatore, separatore di riso paddy, 3 macchine di molitura del riso, e classificatore o selezionatore di colore. Questo rende la molitura del riso pi\u00f9 automatica e conveniente.<\/p>    <figure class=\"wp-block-gallery aligncenter has-nested-images columns-default is-cropped wp-block-gallery-2 is-layout-flex wp-block-gallery-is-layout-flex\"> <figure class=\"wp-block-image size-large\"><img loading=\"lazy\" decoding=\"async\" width=\"720\" height=\"540\" data-id=\"289\" src=\"https:\/\/cnricemill.com\/wp-content\/uploads\/2024\/02\/rice-mill-plant-with-rice-grader.webp\" alt=\"impianto di mulino a riso con classificatore di riso\" class=\"wp-image-289\" srcset=\"https:\/\/cnricemill.com\/wp-content\/uploads\/2024\/02\/rice-mill-plant-with-rice-grader.webp 720w, https:\/\/cnricemill.com\/wp-content\/uploads\/2024\/02\/rice-mill-plant-with-rice-grader-300x225.webp 300w\" sizes=\"auto, (max-width: 720px) 100vw, 720px\" \/><figcaption class=\"wp-element-caption\">impianto di mulino a riso con classificatore di riso<\/figcaption><\/figure>    <figure class=\"wp-block-image size-large\"><img loading=\"lazy\" decoding=\"async\" width=\"720\" height=\"540\" data-id=\"290\" src=\"https:\/\/cnricemill.com\/wp-content\/uploads\/2024\/02\/rice-milling-plant-wih-color-sorter.webp\" alt=\"impianto di molitura del riso con selezionatore di colore\" class=\"wp-image-290\" srcset=\"https:\/\/cnricemill.com\/wp-content\/uploads\/2024\/02\/rice-milling-plant-wih-color-sorter.webp 720w, https:\/\/cnricemill.com\/wp-content\/uploads\/2024\/02\/rice-milling-plant-wih-color-sorter-300x225.webp 300w\" sizes=\"auto, (max-width: 720px) 100vw, 720px\" \/><figcaption class=\"wp-element-caption\">impianto di molitura del riso con selezionatore di colore<\/figcaption><\/figure> <\/figure>    <h3 class=\"wp-block-heading\"><strong>Configurazione 2: Impianto di lavorazione del riso con 3 mulini, classificatore di riso, lucidatore e selezionatore di colore<\/strong><\/h3>    <p>Funzioni aggiuntive basate sulla configurazione 1. Classificatore di riso, lucidatore e selezionatore di colore lavorano insieme per una produzione di riso commestibile bianco e migliore.<\/p>    <figure class=\"wp-block-gallery aligncenter has-nested-images columns-default is-cropped wp-block-gallery-3 is-layout-flex wp-block-gallery-is-layout-flex\"> <figure class=\"wp-block-image size-large\"><img loading=\"lazy\" decoding=\"async\" width=\"720\" height=\"540\" data-id=\"291\" src=\"https:\/\/cnricemill.com\/wp-content\/uploads\/2024\/02\/automatic-rice-mill-plant-with-rice-grader-polisher-and-color-sorter.webp\" alt=\"Impianto di mulino a riso automatico con classificatore di riso, lucidatore e selezionatore di colore\" class=\"wp-image-291\" srcset=\"https:\/\/cnricemill.com\/wp-content\/uploads\/2024\/02\/automatic-rice-mill-plant-with-rice-grader-polisher-and-color-sorter.webp 720w, https:\/\/cnricemill.com\/wp-content\/uploads\/2024\/02\/automatic-rice-mill-plant-with-rice-grader-polisher-and-color-sorter-300x225.webp 300w\" sizes=\"auto, (max-width: 720px) 100vw, 720px\" \/><figcaption class=\"wp-element-caption\">Impianto di mulino a riso automatico con classificatore di riso, lucidatore e selezionatore di colore<\/figcaption><\/figure>    <figure class=\"wp-block-image size-large\"><img loading=\"lazy\" decoding=\"async\" width=\"720\" height=\"540\" data-id=\"292\" src=\"https:\/\/cnricemill.com\/wp-content\/uploads\/2024\/02\/combined-rice-mill-with-3-millers.webp\" alt=\"mulino combinato con 3 molini\" class=\"wp-image-292\" srcset=\"https:\/\/cnricemill.com\/wp-content\/uploads\/2024\/02\/combined-rice-mill-with-3-millers.webp 720w, https:\/\/cnricemill.com\/wp-content\/uploads\/2024\/02\/combined-rice-mill-with-3-millers-300x225.webp 300w\" sizes=\"auto, (max-width: 720px) 100vw, 720px\" \/><figcaption class=\"wp-element-caption\">mulino combinato con 3 molini<\/figcaption><\/figure> <\/figure>    <h3 class=\"wp-block-heading\"><strong>Configurazione 3: Linea di mulino a riso con 3 mulini, classificatore di riso, contenitore di stoccaggio, lucidatore e selezionatore di colore<\/strong><\/h3>    <p>Basato sulla configurazione 2, questa aggiunge il contenitore di stoccaggio nel processo di lavorazione del riso, che \u00e8 pi\u00f9 efficace durante la molitura del riso.<\/p>    <figure class=\"wp-block-gallery aligncenter has-nested-images columns-default is-cropped wp-block-gallery-4 is-layout-flex wp-block-gallery-is-layout-flex\"> <figure class=\"wp-block-image size-large\"><img loading=\"lazy\" decoding=\"async\" width=\"720\" height=\"540\" data-id=\"293\" src=\"https:\/\/cnricemill.com\/wp-content\/uploads\/2024\/02\/automatic-rice-mill-plant-machinery.webp\" alt=\"macchinari per impianto di mulino a riso automatico\" class=\"wp-image-293\" srcset=\"https:\/\/cnricemill.com\/wp-content\/uploads\/2024\/02\/automatic-rice-mill-plant-machinery.webp 720w, https:\/\/cnricemill.com\/wp-content\/uploads\/2024\/02\/automatic-rice-mill-plant-machinery-300x225.webp 300w\" sizes=\"auto, (max-width: 720px) 100vw, 720px\" \/><figcaption class=\"wp-element-caption\">macchinari per impianto di mulino a riso automatico<\/figcaption><\/figure>    <figure class=\"wp-block-image size-large\"><img loading=\"lazy\" decoding=\"async\" width=\"720\" height=\"540\" data-id=\"294\" src=\"https:\/\/cnricemill.com\/wp-content\/uploads\/2024\/02\/complete-rice-milling-plant-equipment.webp\" alt=\"attrezzature complete per il mulino a riso\" class=\"wp-image-294\" srcset=\"https:\/\/cnricemill.com\/wp-content\/uploads\/2024\/02\/complete-rice-milling-plant-equipment.webp 720w, https:\/\/cnricemill.com\/wp-content\/uploads\/2024\/02\/complete-rice-milling-plant-equipment-300x225.webp 300w\" sizes=\"auto, (max-width: 720px) 100vw, 720px\" \/><figcaption class=\"wp-element-caption\">attrezzature complete per il mulino a riso<\/figcaption><\/figure> <\/figure>    <h2 class=\"wp-block-heading\"><strong>Flusso di lavoro dell'impianto di mulino a riso automatico<\/strong><\/h2>    <p class=\"translation-block\">Il flusso di lavoro dell'impianto di lavorazione del riso da 40 tpd di solito include <strong>deselezionatura, decorticatura del riso, molitura del riso (2 o 3 molini), classificazione <\/strong>e <strong>selezione del colore<\/strong>.<\/p>   <div class=\"wp-block-image\"> <figure class=\"aligncenter size-full\"><img loading=\"lazy\" decoding=\"async\" width=\"720\" height=\"540\" src=\"https:\/\/cnricemill.com\/wp-content\/uploads\/2024\/02\/list-of-machines-used-in-rice-mill.webp\" alt=\"Elenco delle macchine utilizzate nel mulino a riso\" class=\"wp-image-286\" srcset=\"https:\/\/cnricemill.com\/wp-content\/uploads\/2024\/02\/list-of-machines-used-in-rice-mill.webp 720w, https:\/\/cnricemill.com\/wp-content\/uploads\/2024\/02\/list-of-machines-used-in-rice-mill-300x225.webp 300w\" sizes=\"auto, (max-width: 720px) 100vw, 720px\" \/><figcaption class=\"wp-element-caption\">Elenco delle macchine utilizzate nel mulino a riso<\/figcaption><\/figure> <\/div>   <ul class=\"wp-block-list\"> <li>In primo luogo, i materiali grezzi vengono deseletzionati per rimuovere impurit\u00e0;<\/li>    <li>Segue poi la decorticatura, dove il chicco viene pulito;<\/li>    <li>Poi entra nel processo di raffinazione del riso, che pu\u00f2 includere 2 o 3 processi di molitura per garantire che il chicco sia completamente raffinato;<\/li>    <li>Seguito dalla classificazione, dove il riso macinato viene classificato per distinguere tra diverse qualit\u00e0 di riso;<\/li>    <li>Infine, la selezione del colore, utilizzando macchine di selezione del colore per controllare i chicchi di riso, rimuovere i colori estranei e i prodotti inferiori, e infine ottenere riso finito di alta qualit\u00e0.<\/li> <\/ul>    <p>L'intero flusso di lavoro \u00e8 altamente automatizzato, il che pu\u00f2 migliorare l'efficienza della produzione e la qualit\u00e0 del prodotto.<\/p>    <h2 class=\"wp-block-heading\"><strong>Layout dell'impianto di mulino a riso<\/strong><\/h2>    <p>Una disposizione adeguata dell'impianto pu\u00f2 massimizzare l'uso dello spazio e migliorare la produttivit\u00e0. Una disposizione tipica di un impianto di lavorazione del riso di solito include un'area di stoccaggio delle materie prime, area di pulizia, area di molitura, area di confezionamento, e cos\u00ec via.<\/p>    <ul class=\"wp-block-list\"> <li><strong>Area di stoccaggio delle materie prime<\/strong>: Di solito situato su un lato dell'impianto per facilitare lo stoccaggio e il trasporto delle materie prime.<\/li>    <li><strong>Area di pulizia<\/strong>: Usato per pulire materie prime come il riso per rimuovere impurit\u00e0 e particelle indesiderate.<\/li>    <li><strong>Area di macinazione<\/strong>: L'area centrale della lavorazione del riso, inclusa l'unit\u00e0 di macinazione e le attrezzature correlate, che viene utilizzata per trasformare il riso grezzo in riso.<\/li>    <li><strong>Area di imballaggio<\/strong>: Usato per imballare e incapsulare il riso lavorato per il trasporto e la vendita.<\/li> <\/ul>    <h2 class=\"wp-block-heading\"><strong>Disegni di installazione delle attrezzature complete del mulino a riso<\/strong><\/h2>    <p>Dopo aver acquistato le nostre macchine, forniremo piani e disegni di installazione per il tuo riferimento, e se necessario, invieremo ingegneri sul sito per aiutarti.<\/p>   <div class=\"wp-block-image\"> <figure class=\"aligncenter size-large\"><img loading=\"lazy\" decoding=\"async\" width=\"1024\" height=\"585\" src=\"https:\/\/cnricemill.com\/wp-content\/uploads\/2024\/02\/installation-drawing-of-automatic-rice-mill-plant-machine-1024x585.webp\" alt=\"Disegno di installazione della macchina di mulino a riso automatica\" class=\"wp-image-295\" srcset=\"https:\/\/cnricemill.com\/wp-content\/uploads\/2024\/02\/installation-drawing-of-automatic-rice-mill-plant-machine-1024x585.webp 1024w, https:\/\/cnricemill.com\/wp-content\/uploads\/2024\/02\/installation-drawing-of-automatic-rice-mill-plant-machine-300x171.webp 300w, https:\/\/cnricemill.com\/wp-content\/uploads\/2024\/02\/installation-drawing-of-automatic-rice-mill-plant-machine-768x439.webp 768w, https:\/\/cnricemill.com\/wp-content\/uploads\/2024\/02\/installation-drawing-of-automatic-rice-mill-plant-machine.webp 1400w\" sizes=\"auto, (max-width: 1024px) 100vw, 1024px\" \/><figcaption class=\"wp-element-caption\">Disegno di installazione della macchina di mulino a riso automatica<\/figcaption><\/figure> <\/div>   <h2 class=\"wp-block-heading\"><strong>Punti di forza della macchina di mulino a riso commerciale&nbsp;<\/strong><\/h2>    <ul class=\"wp-block-list\"> <li><strong>Alta efficienza<\/strong>: il macchinario \u00e8 in grado di processare grandi quantit\u00e0 di riso rapidamente, aumentando la produttivit\u00e0;<\/li>    <li><strong>Efficienza energetica<\/strong>: grazie all'uso di tecnologie avanzate di risparmio energetico nel design del macchinario, riducendo il consumo di energia.<\/li>    <li><strong>Facilit\u00e0 di operazione e manutenzione<\/strong>: rende facile per gli operatori operare e mantenere il macchinario, riducendo i costi del lavoro;<\/li>    <li><strong>Forte adattabilit\u00e0<\/strong>: il macchinario pu\u00f2 adattarsi a diversi tipi e qualit\u00e0 di riso per garantire che la qualit\u00e0 dei prodotti lavorati sia costante.<\/li> <\/ul>    <h2 class=\"wp-block-heading\"><strong>Quanto costa l'impianto di mungitura del riso completamente automatico?<\/strong><\/h2>    <p>Il costo di un impianto di lavorazione del riso completamente automatizzato varia a seconda di diversi fattori, tra cui scala di produzione, configurazione delle attrezzature e livello tecnologico.<\/p>    <p>In generale, un impianto di lavorazione del riso completamente automatizzato costa di pi\u00f9, ma offre benefici e produttivit\u00e0 a lungo termine superiori rispetto a un impianto manuale.<\/p>    <p>Il costo di un impianto di mulino a riso completamente automatico include di solito il costo di acquisto delle attrezzature, il costo di installazione e messa in funzione, e il costo di costruzione dell'impianto. A seconda delle diverse esigenze e budget, il costo di un impianto di lavorazione del riso completamente automatizzato pu\u00f2 variare e deve essere valutato e calcolato caso per caso.<\/p>   <div class=\"wp-block-image\"> <figure class=\"aligncenter size-full\"><img loading=\"lazy\" decoding=\"async\" width=\"720\" height=\"540\" src=\"https:\/\/cnricemill.com\/wp-content\/uploads\/2024\/02\/rice-mill-plant-cost.webp\" alt=\"costo dell&#039;impianto di mulino a riso\" class=\"wp-image-297\" srcset=\"https:\/\/cnricemill.com\/wp-content\/uploads\/2024\/02\/rice-mill-plant-cost.webp 720w, https:\/\/cnricemill.com\/wp-content\/uploads\/2024\/02\/rice-mill-plant-cost-300x225.webp 300w\" sizes=\"auto, (max-width: 720px) 100vw, 720px\" \/><figcaption class=\"wp-element-caption\">costo dell'impianto di mulino a riso<\/figcaption><\/figure> <\/div>   <p>Se desideri ulteriori dettagli, contattaci subito per maggiori informazioni sulle macchine e sui prezzi!<\/p>    <h2 class=\"wp-block-heading\"><strong>Richiedi ora il prezzo della macchina dell'impianto di molitura del riso!<\/strong><\/h2>    <p class=\"translation-block\">Richiedi un preventivo ora per il prezzo della macchina dell'impianto di lavorazione del riso! Offriamo attrezzature di alta qualit\u00e0 ed efficienti (15tpd <a href=\"https:\/\/cnricemill.com\/it\/product\/15tpd-complete-rice-mill-plant\/\">mini impianto di mulino a riso<\/a>, impianto di molitura da 25tpd, mulino da 60tpd, ecc) per le tue esigenze di <a href=\"https:\/\/en.wikipedia.org\/wiki\/Rice\" target=\"_blank\" rel=\"noopener\">lavorazione del riso<\/a>. Contatta il nostro team di assistenza clienti per ulteriori informazioni!<\/p>","protected":false},"excerpt":{"rendered":"<p>This 40tpd automatic rice mill plant is to process grain raw materials such as paddy rice into high-quality edible white rice with a capacity of 40 tons per day. This kind of rice milling plant features high efficiency, energy saving and automation. Our modern rice mill plant has different configurations, such as 2 rice millers [&hellip;]<\/p>\n","protected":false},"author":1,"featured_media":285,"parent":0,"template":"","tags":[14,15],"product-type":[5],"class_list":["post-284","product","type-product","status-publish","has-post-thumbnail","hentry","tag-rice","tag-rice-milling","product-type-rice-mill-plant"],"_links":{"self":[{"href":"https:\/\/cnricemill.com\/it\/wp-json\/wp\/v2\/product\/284","targetHints":{"allow":["GET"]}}],"collection":[{"href":"https:\/\/cnricemill.com\/it\/wp-json\/wp\/v2\/product"}],"about":[{"href":"https:\/\/cnricemill.com\/it\/wp-json\/wp\/v2\/types\/product"}],"author":[{"embeddable":true,"href":"https:\/\/cnricemill.com\/it\/wp-json\/wp\/v2\/users\/1"}],"wp:featuredmedia":[{"embeddable":true,"href":"https:\/\/cnricemill.com\/it\/wp-json\/wp\/v2\/media\/285"}],"wp:attachment":[{"href":"https:\/\/cnricemill.com\/it\/wp-json\/wp\/v2\/media?parent=284"}],"wp:term":[{"taxonomy":"post_tag","embeddable":true,"href":"https:\/\/cnricemill.com\/it\/wp-json\/wp\/v2\/tags?post=284"},{"taxonomy":"product-type","embeddable":true,"href":"https:\/\/cnricemill.com\/it\/wp-json\/wp\/v2\/product-type?post=284"}],"curies":[{"name":"wp","href":"https:\/\/api.w.org\/{rel}","templated":true}]}}