{"id":275,"date":"2024-02-23T16:12:22","date_gmt":"2024-02-23T08:12:22","guid":{"rendered":"https:\/\/cnricemill.com\/?post_type=product&#038;p=275"},"modified":"2024-12-23T11:34:06","modified_gmt":"2024-12-23T03:34:06","slug":"30tpd-rice-milling-plant-for-sale","status":"publish","type":"product","link":"https:\/\/cnricemill.com\/it\/product\/30tpd-rice-milling-plant-for-sale\/","title":{"rendered":"30TPD Impianto di Mungitura del Riso in Vendita"},"content":{"rendered":"<p class=\"translation-block\">Impianto di maltificazione del riso da 30TPD (30 tonnellate al giorno)   \u00e8 un'attrezzatura integrata progettata per soddisfare le esigenze di impianti di lavorazione del riso di medie e grandi dimensioni. Questo riso unito \u00e8 prodotto con tecnologia avanzata e materiali di alta qualit\u00e0, ed \u00e8 dedicato a realizzare l'intera operazione automatizzata dalla pulizia del riso grezzo alla finitura del riso.<\/p>    <h2 class=\"wp-block-heading\"><strong>Componenti della macchina combinata di maltificazione del riso<\/strong><\/h2>    <ul class=\"wp-block-list\"> <li><strong>Sezione di pulizia<\/strong>: contiene uno schermo vibrante, un separatore magnetico e un separatore d'aria, ecc., utilizzati per rimuovere le impurit\u00e0 dalle materie prime.<\/li>    <li><strong>Fase di sgusciatura e separazione<\/strong>: dotato di sgusciatore e setaccio di separazione del chicco e del riso integrale, che rimuovono efficacemente la pula e separano il riso integrale puro.<\/li>    <li><strong>Sistema di lucidatura bianca<\/strong>: composto da una macchina di lavorazione del riso a pi\u00f9 stadi e una macchina di lucidatura per garantire che il riso sia bianco e delicato.<\/li>    <li><strong>Sezione di classificazione e setacciatura<\/strong>: utilizzando un setaccio di classificazione di precisione per selezionare la dimensione del chicco di riso per garantire una qualit\u00e0 del prodotto coerente.<\/li>    <li><strong>Selezione del colore e imballaggio<\/strong>: selettore di colore e macchina per l'imballaggio, rifiutando particelle di colore estraneo e effettuando un confezionamento quantitativo standardizzato.<\/li> <\/ul>   <div class=\"wp-block-image\"> <figure class=\"aligncenter size-full\"><img loading=\"lazy\" decoding=\"async\" width=\"720\" height=\"540\" src=\"https:\/\/cnricemill.com\/wp-content\/uploads\/2024\/02\/united-rice-mill-for-sale.webp\" alt=\"vendita di riso unito\" class=\"wp-image-276\" srcset=\"https:\/\/cnricemill.com\/wp-content\/uploads\/2024\/02\/united-rice-mill-for-sale.webp 720w, https:\/\/cnricemill.com\/wp-content\/uploads\/2024\/02\/united-rice-mill-for-sale-300x225.webp 300w\" sizes=\"auto, (max-width: 720px) 100vw, 720px\" \/><figcaption class=\"wp-element-caption\">vendita di riso unito<\/figcaption><\/figure> <\/div>   <h2 class=\"wp-block-heading\"><strong>Principio di funzionamento dell'impianto di maltificazione del riso da 30 tpd<\/strong><\/h2>    <p>L\u2019unit\u00e0 di mulino di riso da 30TPD segue il principio \u201cpulire prima, poi macinare, processare passo dopo passo\u201d, e rimuove gradualmente le bucce, le pelli e lucida il riso con mezzi fisici, migliorando la qualit\u00e0 del prodotto con l\u2019aiuto della tecnologia moderna, come la tecnologia di rilevamento photoelettrico. <\/p>   <div class=\"wp-block-image\"> <figure class=\"aligncenter size-full\"><img loading=\"lazy\" decoding=\"async\" width=\"1000\" height=\"540\" src=\"https:\/\/cnricemill.com\/wp-content\/uploads\/2024\/02\/rice-milling-plant-successfully-assembled-in-factory.webp\" alt=\"Impianto di maltificazione del riso assemblato con successo in fabbrica\" class=\"wp-image-277\" srcset=\"https:\/\/cnricemill.com\/wp-content\/uploads\/2024\/02\/rice-milling-plant-successfully-assembled-in-factory.webp 1000w, https:\/\/cnricemill.com\/wp-content\/uploads\/2024\/02\/rice-milling-plant-successfully-assembled-in-factory-300x162.webp 300w, https:\/\/cnricemill.com\/wp-content\/uploads\/2024\/02\/rice-milling-plant-successfully-assembled-in-factory-768x415.webp 768w\" sizes=\"auto, (max-width: 1000px) 100vw, 1000px\" \/><figcaption class=\"wp-element-caption\">Impianto di maltificazione del riso assemblato con successo in fabbrica<\/figcaption><\/figure> <\/div>   <p>L'intero processo \u00e8 scientifico e ragionevole, massimizzando la conservazione dei nutrienti del riso e riducendo il consumo energetico e le perdite.<\/p>    <h2 class=\"wp-block-heading\"><strong>Punti di forza della macchina di maltificazione del riso da 30 tpd<\/strong><\/h2>    <ul class=\"wp-block-list\"> <li><strong>Alta capacit\u00e0<\/strong>: capacit\u00e0 di lavorazione giornaliera fino a 30 tonnellate, adattandosi alla domanda di produzione su larga scala.<\/li>    <li><strong>Alta efficienza<\/strong>: design integrato, riduzione dei passaggi intermedi, miglioramento dell'efficienza produttiva.<\/li>    <li><strong>Bassa perdita<\/strong>: controllo del processo raffinato, riduzione del tasso di perdita di riso, miglioramento dell'efficienza economica.<\/li>    <li><strong>Protezione ambientale e risparmio energetico<\/strong>: ottimizzare la configurazione dell'alimentazione, ridurre il consumo di energia, in linea con i requisiti di produzione verde.<\/li>    <li><strong>Eccellente qualit\u00e0<\/strong>: la qualit\u00e0 dell'output di riso \u00e8 stabile, con buon colore e gusto, molto apprezzato dal mercato.<\/li> <\/ul>    <h2 class=\"wp-block-heading\"><strong>Disegno di installazione dell'impianto di maltificazione del riso e supporto tecnico<\/strong><\/h2>    <p>Taizy fornisce disegni dettagliati di installazione dell'impianto di maltificazione del riso da 30TPD e servizi di guida in loco professionali per garantire che tu possa completare rapidamente e con precisione l'installazione e la messa in funzione dell'attrezzatura. <\/p>   <div class=\"wp-block-image\"> <figure class=\"aligncenter size-large\"><img loading=\"lazy\" decoding=\"async\" width=\"1024\" height=\"585\" src=\"https:\/\/cnricemill.com\/wp-content\/uploads\/2024\/02\/complete-rice-milling-plant-installation-without-steel-frame-1024x585.webp\" alt=\"Installazione completa dell&#039;impianto di maltificazione del riso senza struttura in acciaio\" class=\"wp-image-279\" srcset=\"https:\/\/cnricemill.com\/wp-content\/uploads\/2024\/02\/complete-rice-milling-plant-installation-without-steel-frame-1024x585.webp 1024w, https:\/\/cnricemill.com\/wp-content\/uploads\/2024\/02\/complete-rice-milling-plant-installation-without-steel-frame-300x171.webp 300w, https:\/\/cnricemill.com\/wp-content\/uploads\/2024\/02\/complete-rice-milling-plant-installation-without-steel-frame-768x439.webp 768w, https:\/\/cnricemill.com\/wp-content\/uploads\/2024\/02\/complete-rice-milling-plant-installation-without-steel-frame.webp 1400w\" sizes=\"auto, (max-width: 1024px) 100vw, 1024px\" \/><figcaption class=\"wp-element-caption\">Installazione completa dell'impianto di maltificazione del riso senza struttura in acciaio<\/figcaption><\/figure> <\/div>  <div class=\"wp-block-image\"> <figure class=\"aligncenter size-large\"><img loading=\"lazy\" decoding=\"async\" width=\"1024\" height=\"622\" src=\"https:\/\/cnricemill.com\/wp-content\/uploads\/2024\/02\/rice-mill-machinery-installation-with-steel-frame-1024x622.webp\" alt=\"Installazione di macchinari di maltificazione del riso con struttura in acciaio\" class=\"wp-image-280\" srcset=\"https:\/\/cnricemill.com\/wp-content\/uploads\/2024\/02\/rice-mill-machinery-installation-with-steel-frame-1024x622.webp 1024w, https:\/\/cnricemill.com\/wp-content\/uploads\/2024\/02\/rice-mill-machinery-installation-with-steel-frame-300x182.webp 300w, https:\/\/cnricemill.com\/wp-content\/uploads\/2024\/02\/rice-mill-machinery-installation-with-steel-frame-768x466.webp 768w, https:\/\/cnricemill.com\/wp-content\/uploads\/2024\/02\/rice-mill-machinery-installation-with-steel-frame.webp 1400w\" sizes=\"auto, (max-width: 1024px) 100vw, 1024px\" \/><figcaption class=\"wp-element-caption\">Installazione di macchinari di maltificazione del riso con struttura in acciaio<\/figcaption><\/figure> <\/div>   <p>Inoltre, ci impegniamo a fornirti una gamma completa di consulenza tecnica e supporto, inclusi layout della linea di produzione, formazione sulla manutenzione delle attrezzature e altro ancora.<\/p>    <h2 class=\"wp-block-heading\"><strong>Servizi relativi alla vendita di macchinari per impianti di maltificazione del riso<\/strong><\/h2>    <p class=\"translation-block\">In qualit\u00e0 di produttore e fornitore professionale di impianti di maltificazione del riso unificato, non solo offriamo servizi di consulenza pre-vendita, installazione in loco  e  servizi di messa in funzione, ma garantiamo anche  supporto post-vendita a lungo termine , inclusi ma non limitati a  fornitura di pezzi di ricambio, manutenzione dei guasti, aggiornamenti e programmi di sostituzione.<\/p>   <div class=\"wp-block-image\"> <figure class=\"aligncenter size-full\"><img loading=\"lazy\" decoding=\"async\" width=\"1000\" height=\"540\" src=\"https:\/\/cnricemill.com\/wp-content\/uploads\/2024\/02\/raw-rice-mill-plant-manufacturer.webp\" alt=\"Produttore di impianti di riso grezzo\" class=\"wp-image-278\" srcset=\"https:\/\/cnricemill.com\/wp-content\/uploads\/2024\/02\/raw-rice-mill-plant-manufacturer.webp 1000w, https:\/\/cnricemill.com\/wp-content\/uploads\/2024\/02\/raw-rice-mill-plant-manufacturer-300x162.webp 300w, https:\/\/cnricemill.com\/wp-content\/uploads\/2024\/02\/raw-rice-mill-plant-manufacturer-768x415.webp 768w\" sizes=\"auto, (max-width: 1000px) 100vw, 1000px\" \/><figcaption class=\"wp-element-caption\">Produttore di impianti di riso grezzo<\/figcaption><\/figure> <\/div>   <h2 class=\"wp-block-heading\"><strong>Casi globali di impianti di maltificazione del riso moderni di Taizy<\/strong><\/h2>    <p>Sia nei mercati emergenti che nelle regioni agricole tradizionali, il nostro impianto di maltificazione del riso da 30TPD ha ottenuto ampi consensi per la sua alta efficienza, alta qualit\u00e0 e gamma completa di servizi, aiutando molti lavoratori del riso ad aggiornare il loro business. Di seguito alcuni casi tipici<\/p>    <ol class=\"wp-block-list\"> <li><strong>Un grande impianto di lavorazione del riso nel Sud-est asiatico<\/strong>: Dopo l'introduzione della nostra macchina di raffinazione del riso da 30TPD, l'impianto non solo ha aumentato notevolmente la capacit\u00e0 di lavorazione giornaliera per soddisfare la domanda del mercato locale ed esportazione, ma ha anche migliorato significativamente la qualit\u00e0 del riso attraverso tecnologia avanzata di selezione del colore e lucidatura. <\/li>    <li><strong>Un'impresa familiare di riso nel Sud Asia<\/strong>: Prima di usare il nostro impianto di lavorazione del riso, l'impresa affrontava problemi di capacit\u00e0 e tecnici. Dopo aver installato e messo in funzione l'unit\u00e0 da 30TPD, la sua produttivit\u00e0 \u00e8 stata notevolmente migliorata e i costi operativi sono stati ridotti allo stesso tempo. <\/li>    <li><strong>Un progetto di lavorazione del grano finanziato dal governo in Africa<\/strong>: Taizy&#8217;s 30TPD rice milling unit was adopted as the core production equipment for this project, effectively promoting the development of the local rice industry. The <a href=\"https:\/\/cnricemill.com\/it\/product\/15tpd-complete-rice-mill-plant\/\">Mulino di riso unito<\/a>&#8216;s high efficiency and energy saving features and stable output quality were well received by the local government and farmers, helping to realize the goal of food self-sufficiency.<\/li>    <li><strong>Un'associazione cooperativa in America Latina<\/strong>: Diverse piccole cooperative hanno acquistato congiuntamente le nostre macchine di riso combinate da 30TPD per costruire una linea di lavorazione del riso moderna. Grazie alle prestazioni eccezionali dell'unit\u00e0 e al supporto di servizi personalizzati, i membri delle cooperative sono stati in grado di condividere risorse, ridurre i costi, migliorare la competitivit\u00e0 del prodotto e ampliare i canali di vendita.<\/li> <\/ol>    <h2 class=\"wp-block-heading\"><strong>Contattaci per ulteriori dettagli sull'impianto di maltificazione del riso!<\/strong><\/h2>    <p class=\"translation-block\">Per ulteriori informazioni sulla nostra macchina di maltificazione del riso automatica da 30TPD, contattaci direttamente, il nostro team professionale fornir\u00e0 soluzioni personalizzate e prezzi competitivi in base alle tue esigenze specifiche (come capacit\u00e0 di produzione di riso bianco, configurazione, ecc). <\/p>    <p>Non vediamo l'ora di collaborare con voi per creare un futuro luminoso per l'industria della lavorazione del riso!<\/p>   <div class=\"wp-block-image\"> <figure class=\"aligncenter size-full\"><img loading=\"lazy\" decoding=\"async\" width=\"1000\" height=\"540\" src=\"https:\/\/cnricemill.com\/wp-content\/uploads\/2024\/02\/mini-rice-mill-price.webp\" alt=\"Prezzo del mini impianto di maltificazione del riso\" class=\"wp-image-281\" srcset=\"https:\/\/cnricemill.com\/wp-content\/uploads\/2024\/02\/mini-rice-mill-price.webp 1000w, https:\/\/cnricemill.com\/wp-content\/uploads\/2024\/02\/mini-rice-mill-price-300x162.webp 300w, https:\/\/cnricemill.com\/wp-content\/uploads\/2024\/02\/mini-rice-mill-price-768x415.webp 768w\" sizes=\"auto, (max-width: 1000px) 100vw, 1000px\" \/><figcaption class=\"wp-element-caption\">Prezzo del mini impianto di maltificazione del riso<\/figcaption><\/figure> <\/div>","protected":false},"excerpt":{"rendered":"<p>Taizy 30TPD (30 tons per day) rice milling plant is an integrated equipment designed to meet the needs of medium and large-scale rice processing plants. This united rice mill is manufactured with advanced technology and high-quality materials, and is dedicated to realizing the entire automated operation from paddy cleaning to rice finishing. Components of combined [&hellip;]<\/p>\n","protected":false},"author":1,"featured_media":283,"parent":0,"template":"","tags":[14,15],"product-type":[5],"class_list":["post-275","product","type-product","status-publish","has-post-thumbnail","hentry","tag-rice","tag-rice-milling","product-type-rice-mill-plant"],"_links":{"self":[{"href":"https:\/\/cnricemill.com\/it\/wp-json\/wp\/v2\/product\/275","targetHints":{"allow":["GET"]}}],"collection":[{"href":"https:\/\/cnricemill.com\/it\/wp-json\/wp\/v2\/product"}],"about":[{"href":"https:\/\/cnricemill.com\/it\/wp-json\/wp\/v2\/types\/product"}],"author":[{"embeddable":true,"href":"https:\/\/cnricemill.com\/it\/wp-json\/wp\/v2\/users\/1"}],"wp:featuredmedia":[{"embeddable":true,"href":"https:\/\/cnricemill.com\/it\/wp-json\/wp\/v2\/media\/283"}],"wp:attachment":[{"href":"https:\/\/cnricemill.com\/it\/wp-json\/wp\/v2\/media?parent=275"}],"wp:term":[{"taxonomy":"post_tag","embeddable":true,"href":"https:\/\/cnricemill.com\/it\/wp-json\/wp\/v2\/tags?post=275"},{"taxonomy":"product-type","embeddable":true,"href":"https:\/\/cnricemill.com\/it\/wp-json\/wp\/v2\/product-type?post=275"}],"curies":[{"name":"wp","href":"https:\/\/api.w.org\/{rel}","templated":true}]}}