{"id":20,"date":"2022-08-09T06:20:10","date_gmt":"2022-08-09T06:20:10","guid":{"rendered":"https:\/\/cnricemill.com\/?page_id=20"},"modified":"2022-08-12T07:25:22","modified_gmt":"2022-08-12T07:25:22","slug":"about-us","status":"publish","type":"page","link":"https:\/\/cnricemill.com\/it\/about-us\/","title":{"rendered":"Chi Siamo"},"content":{"rendered":"<div class=\"wp-block-columns is-layout-flex wp-container-core-columns-is-layout-9d6595d7 wp-block-columns-is-layout-flex\"> <div class=\"wp-block-column is-vertically-aligned-center is-layout-flow wp-block-column-is-layout-flow\"> <p>TAIZY\u00ae \u00e8 un fornitore leader e completo di soluzioni di lavorazione del riso, integrato con ricerca, produzione e marketing. Il nostro obiettivo \u00e8 fornire impianti di mungitura del riso di qualit\u00e0 e a prezzi accessibili per aiutare pi\u00f9 persone a mangiare riso eccellente. Come tutti sappiamo, il riso \u00e8 uno dei principali cereali di base in molti paesi. Quindi, c'\u00e8 una grande opportunit\u00e0 e anche una responsabilit\u00e0 per noi di offrire buoni macchinari per la lavorazione del riso. Pertanto, \u00e8 pi\u00f9 facile per le persone ottenere riso eccellente in tutto il mondo. Siamo desiderosi di contribuire a creare un mondo senza fame e un posto migliore.<\/p>    <p><\/p> <\/div>    <div class=\"wp-block-column is-vertically-aligned-center is-layout-flow wp-block-column-is-layout-flow\"> <figure class=\"wp-block-image size-large\"><img decoding=\"async\" src=\"https:\/\/topfoodmachine.com\/wp-content\/uploads\/2022\/07\/taizy-factory.jpg\" alt=\"\"\/><\/figure> <\/div> <\/div>    <div class=\"wp-block-columns is-layout-flex wp-container-core-columns-is-layout-9d6595d7 wp-block-columns-is-layout-flex\"> <div class=\"wp-block-column is-vertically-aligned-center is-layout-flow wp-block-column-is-layout-flow\"> <figure class=\"wp-block-image size-full\"><img loading=\"lazy\" decoding=\"async\" width=\"720\" height=\"540\" src=\"https:\/\/cnricemill.com\/wp-content\/uploads\/2022\/08\/factory.jpg\" alt=\"fabbrica\" class=\"wp-image-71\"\/><\/figure> <\/div>    <div class=\"wp-block-column is-vertically-aligned-center is-layout-flow wp-block-column-is-layout-flow\"> <p>I nostri principali prodotti coprono un'ampia gamma di impianti di lavorazione del riso, tra cui impianti da 15T\/G, 20T\/G, 25T\/G, 30T\/G, 40T\/G, 60T\/G, 80T\/G, 100T\/G. E supportiamo servizi di personalizzazione forti per soddisfare le tue esigenze specifiche. Inoltre, dalla fabbrica TAIZY sono disponibili la macchina per la pulizia del riso, la macchina per la decorticazione del riso, il separatore di riso, la macchina lucidatrice di riso, il vagliatore di riso, il selettore di colore del riso e la macchina per l'imballaggio del riso. Oggi, le nostre macchine sono state esportate con successo in pi\u00f9 di 80 paesi e regioni.<\/p> <\/div> <\/div>    <h2 class=\"wp-block-heading\">Certificati<\/h2>    <figure class=\"wp-block-image size-full\"><img loading=\"lazy\" decoding=\"async\" width=\"1024\" height=\"323\" src=\"https:\/\/cnricemill.com\/wp-content\/uploads\/2022\/08\/certificate-1024x323-1.jpg\" alt=\"certificato-1024x323\" class=\"wp-image-64\"\/><\/figure>","protected":false},"excerpt":{"rendered":"<p>TAIZY\u00ae is a leading and one-stop rice processing solutions provider that is integrated with research, manufacturing, and marketing. We aim to provide quality and affordable rice mill plants to help more people to eat excellent rice. As we all know, rice is one of the staple food crops in many countries. So there is a [&hellip;]<\/p>\n","protected":false},"author":1,"featured_media":0,"parent":0,"menu_order":0,"comment_status":"closed","ping_status":"closed","template":"","meta":{"footnotes":""},"class_list":["post-20","page","type-page","status-publish","hentry"],"_links":{"self":[{"href":"https:\/\/cnricemill.com\/it\/wp-json\/wp\/v2\/pages\/20","targetHints":{"allow":["GET"]}}],"collection":[{"href":"https:\/\/cnricemill.com\/it\/wp-json\/wp\/v2\/pages"}],"about":[{"href":"https:\/\/cnricemill.com\/it\/wp-json\/wp\/v2\/types\/page"}],"author":[{"embeddable":true,"href":"https:\/\/cnricemill.com\/it\/wp-json\/wp\/v2\/users\/1"}],"replies":[{"embeddable":true,"href":"https:\/\/cnricemill.com\/it\/wp-json\/wp\/v2\/comments?post=20"}],"version-history":[{"count":0,"href":"https:\/\/cnricemill.com\/it\/wp-json\/wp\/v2\/pages\/20\/revisions"}],"wp:attachment":[{"href":"https:\/\/cnricemill.com\/it\/wp-json\/wp\/v2\/media?parent=20"}],"curies":[{"name":"wp","href":"https:\/\/api.w.org\/{rel}","templated":true}]}}