{"id":93,"date":"2022-08-16T07:08:49","date_gmt":"2022-08-15T23:08:49","guid":{"rendered":"https:\/\/cnricemill.com\/?post_type=product&#038;p=93"},"modified":"2024-12-23T11:34:13","modified_gmt":"2024-12-23T03:34:13","slug":"38t-d-rice-mill-plant","status":"publish","type":"product","link":"https:\/\/cnricemill.com\/fr\/product\/38t-d-rice-mill-plant\/","title":{"rendered":"Usine de rizerie 38T\/D"},"content":{"rendered":"<p class=\"translation-block\"><strong>L'usine de d\u00e9corticage de riz 38t\/j<\/strong> est utilis\u00e9e pour les demandes de traitement moyennes de d\u00e9corticage de riz. Cette ligne de traitement du riz peut produire 38 tonnes de riz fini chaque jour. Elle convient parfaitement aux propri\u00e9taires de fermes et aux rizeries avec de bonnes performances et une grande efficacit\u00e9. L'usine de d\u00e9corticage de riz de 38 tonnes\/jour peut r\u00e9aliser automatiquement l'ensemble du processus de riz, y compris le nettoyage du paddy, le d\u00e9sensilage, le d\u00e9corticage du riz, la s\u00e9paration du paddy, le d\u00e9corticage du riz et le classement du riz. Outre l'usine de d\u00e9corticage de riz 38t\/j, nous proposons \u00e9galement une <strong>usine de d\u00e9corticage de riz 15t\/j<\/strong>, une <strong>usine de d\u00e9corticage de riz 60t\/j<\/strong>, une <strong>usine de d\u00e9corticage de riz 100t\/j<\/strong>, etc. Toutes nos machines jouissent d'une bonne qualit\u00e9, d'un prix comp\u00e9titif et d'une livraison rapide. Si vous recherchez une usine de d\u00e9corticage de riz fiable, veuillez nous contacter pour plus d'informations utiles.<\/p>    <figure class=\"wp-block-image size-full\"><img loading=\"lazy\" decoding=\"async\" width=\"720\" height=\"540\" src=\"https:\/\/cnricemill.com\/wp-content\/uploads\/2022\/08\/modern-38-ton-rice-mill-plant.jpg\" alt=\"usine de rizerie moderne de 38 tonnes\" class=\"wp-image-101\"\/><figcaption>usine de rizerie moderne de 38 tonnes<\/figcaption><\/figure>    <h2 class=\"wp-block-heading\">Avantages de l'usine de rizerie de 38 tonnes\/jour<\/h2>    <ol class=\"wp-block-list\" type=\"1\"><li>L'usine de rizerie de 38 t\/j est con\u00e7ue avec un bo\u00eetier de commande universel, l'utilisateur peut faire fonctionner la machine en actionnant les boutons \u00e0 l'int\u00e9rieur du bo\u00eetier de commande, ce qui est tr\u00e8s simple et pratique.<\/li><li>Toutes les machines \u00e0 riz en vente dans notre usine utilisent de la peinture de cuisson, ce qui garantit la protection de l'environnement et garantit \u00e9galement que les machines ne sont pas sujettes \u00e0 des pertes de peinture pendant le transport et l'utilisation.\u00a0<\/li><li>L'usine de broyage de riz de 38\u00a0tonnes\/jour est une ligne de broyage de riz de conception moderne dot\u00e9e de la nouvelle technologie de fabrication de machines, de mat\u00e9riaux de traitement am\u00e9lior\u00e9s, d'un rendement \u00e9lev\u00e9, d'un taux de broyage \u00e9lev\u00e9, d'un faible taux de broyage, d'un rendement \u00e9lev\u00e9, \u00e9vitant le gaspillage de riz, de performances de travail stables et faciles. op\u00e9ration et maintenance.\u00a0<\/li><li>Les d\u00e9tails de la machine de ce mod\u00e8le sont flexibles et certaines pi\u00e8ces peuvent \u00eatre personnalis\u00e9es selon les exigences du client.\u00a0<\/li><li>Fonctionnement enti\u00e8rement automatique de l'ensemble de l'usine de rizerie, o\u00f9 un ou deux ouvriers peuvent faire fonctionner toute la cha\u00eene de transformation du riz.<\/li><li>Toutes les machines de transformation du riz prennent en charge des services de personnalisation pour r\u00e9pondre \u00e0 vos demandes sp\u00e9cifiques. \u00a0<\/li><\/ol>    <div class=\"wp-block-columns is-layout-flex wp-container-core-columns-is-layout-9d6595d7 wp-block-columns-is-layout-flex\"> <div class=\"wp-block-column is-layout-flow wp-block-column-is-layout-flow\"> <figure class=\"wp-block-image size-full\"><img loading=\"lazy\" decoding=\"async\" width=\"720\" height=\"540\" src=\"https:\/\/cnricemill.com\/wp-content\/uploads\/2022\/08\/Taizy-rice-processing-line-factory.jpg\" alt=\"Usine de ligne de transformation du riz Taizy\" class=\"wp-image-103\"\/><figcaption>Usine de ligne de transformation du riz Taizy<\/figcaption><\/figure> <\/div>    <div class=\"wp-block-column is-layout-flow wp-block-column-is-layout-flow\"> <figure class=\"wp-block-image size-full\"><img loading=\"lazy\" decoding=\"async\" width=\"720\" height=\"540\" src=\"https:\/\/cnricemill.com\/wp-content\/uploads\/2022\/08\/rice-mill-plant-factory.jpg\" alt=\"usine de rizerie\" class=\"wp-image-104\"\/><figcaption>usine de rizerie<\/figcaption><\/figure> <\/div> <\/div>    <h2 class=\"wp-block-heading\">Param\u00e8tres de l'usine de rizerie Taizy 38t\/j<\/h2>    <figure class=\"wp-block-table\"><table><tbody><tr><td>Nombre<\/td><td>Machine<\/td><td>Mod\u00e8le<\/td><td>Capacit\u00e9 (t\/h)<\/td><\/tr><tr><td>1<\/td><td>Nettoyant et \u00e9pileureur combin\u00e9<\/td><td>ZQS90<\/td><td>2-2.5<\/td><\/tr><tr><td>2<\/td><td>D\u00e9cortiqueuse de riz<\/td><td>MLGT25<\/td><td>2<\/td><\/tr><tr><td>3<\/td><td>S\u00e9parateur de paddy par gravit\u00e9<\/td><td>MGCZ100*8<\/td><td>1.5-2.3<\/td><\/tr><tr><td>4<\/td><td>Fraiseuse \u00e0 riz<\/td><td>MNMS15B<\/td><td>1-1.3<\/td><\/tr><tr><td>5<\/td><td>Trieuse de riz<\/td><td>MMJJP80*3<\/td><td>1.5-2<\/td><\/tr><tr><td>6<\/td><td>Ascenseur<\/td><td>TMD20\/11<\/td><td>2-3<\/td><\/tr><\/tbody><\/table><\/figure>    <h2 class=\"wp-block-heading\">D\u00e9tails de la structure de l'usine de rizerie moderne de 38 t\/j<\/h2>    <figure class=\"wp-block-image size-full\"><img loading=\"lazy\" decoding=\"async\" width=\"720\" height=\"540\" src=\"https:\/\/cnricemill.com\/wp-content\/uploads\/2022\/08\/structure-details-of-38td-rice-mill-plant.jpg\" alt=\"d\u00e9tails de la structure de l&#039;usine de rizerie 38td\" class=\"wp-image-99\"\/><figcaption>d\u00e9tails de la structure de l'usine de rizerie 38td<\/figcaption><\/figure>    <h3 class=\"wp-block-heading\">Machine d'alimentation en mat\u00e9riaux<\/h3>    <p>C'est la machine qui met le paddy dans les machines \u00e0 riz.<\/p>    <h3 class=\"wp-block-heading\">Nettoyant combin\u00e9 pour paddy et dissolvant de pierres<\/h3>    <p>Les autres d\u00e9bris l\u00e9gers tels que la poussi\u00e8re, les d\u00e9bris, les blocs et les pierres doivent \u00eatre retir\u00e9s autant que possible pour obtenir un meilleur effet de balayage.<\/p>    <h3 class=\"wp-block-heading\">D\u00e9cortiqueuse de riz<\/h3>    <p>Retirer la balle du paddy<\/p>    <h3 class=\"wp-block-heading\">S\u00e9parateur de riz<\/h3>    <p class=\"translation-block\"><a href=\"https:\/\/cnricemill.com\/fr\/product\/paddy-separator\/\">Le s\u00e9parateur de riz<\/a> est principalement utilis\u00e9 pour la s\u00e9paration du riz brun du paddy, en utilisant la diff\u00e9rence de densit\u00e9 et de coefficient de friction entre les trois parties du riz blanc, du riz brun et du m\u00e9lange des deux.\u00a0<\/p>    <h3 class=\"wp-block-heading\">Fraiseuse \u00e0 riz<\/h3>    <p>Une fraiseuse \u00e0 riz sp\u00e9cialement d\u00e9velopp\u00e9e pour la mouture du riz, qui est la technologie de pointe actuelle des fraiseuses \u00e0 riz dans le monde, ce qui se traduit par une temp\u00e9rature de riz plus basse, une teneur en son moindre et de faibles incr\u00e9ments de broyage.&nbsp;<\/p>    <h3 class=\"wp-block-heading\">Machine \u00e0 polir le riz<\/h3>    <p>Polir la surface du riz par pulv\u00e9risation d\u2019eau aide \u00e0 former une couche de gel lisse et prolonge le temps de conservation. Extension de la chambre de polissage pour produire du riz de haute qualit\u00e9.&nbsp;<\/p>    <h3 class=\"wp-block-heading\">Trieuse de riz<\/h3>    <p class=\"translation-block\"><a href=\"https:\/\/cnricemill.com\/fr\/product\/rice-grader\/\">Le trieur de riz<\/a> peut tamiser efficacement et avec pr\u00e9cision le riz fin en riz entier, gros brisures, brisures moyennes, petites brisures, etc.\u00a0<\/p>    <h3 class=\"wp-block-heading\">Trieur de couleurs de riz<\/h3>    <p>Trieur de couleurs de riz pour trier les mati\u00e8res \u00e9trang\u00e8res de mauvaise qualit\u00e9, blanc laiteux, crayeux, riz et corps \u00e9trangers. Signal CCD lors du test de d\u00e9coloration. Si du riz de qualit\u00e9 inf\u00e9rieure ou des impuret\u00e9s sont trouv\u00e9s dans le mat\u00e9riau, l'\u00e9jecteur soufflera les produits de qualit\u00e9 inf\u00e9rieure dans la tr\u00e9mie.\u00a0<\/p>    <h3 class=\"wp-block-heading\">Machine d'emballage de riz<\/h3>    <p class=\"translation-block\">Cette <a href=\"https:\/\/cnricemill.com\/fr\/product\/rice-packing-machine\/\">machine de pesage et d'emballage de riz<\/a> automatique et quantitative se compose d'une bo\u00eete \u00e0 mat\u00e9riaux, d'une balance d'emballage, d'une machine \u00e0 coudre et d'un tapis roulant. Elle peut \u00eatre utilis\u00e9e avec tous les mod\u00e8les de la ligne de production de d\u00e9corticage de riz, et la capacit\u00e9 des sacs d'emballage peut \u00eatre s\u00e9lectionn\u00e9e de 5 \u00e0 50 kg par sac selon les besoins.\u00a0<\/p>    <h2 class=\"wp-block-heading\">Plantes de rizerie associ\u00e9es<\/h2>    <div class=\"wp-block-columns is-layout-flex wp-container-core-columns-is-layout-9d6595d7 wp-block-columns-is-layout-flex\"> <div class=\"wp-block-column is-layout-flow wp-block-column-is-layout-flow\"> <figure class=\"wp-block-gallery has-nested-images columns-default is-cropped wp-block-gallery-2 is-layout-flex wp-block-gallery-is-layout-flex\"> <figure class=\"wp-block-image size-full\"><a href=\"https:\/\/cnricemill.com\/fr\/product\/15t-d-rice-mill-plant\/\"><img loading=\"lazy\" decoding=\"async\" width=\"720\" height=\"540\" data-id=\"92\" src=\"https:\/\/cnricemill.com\/wp-content\/uploads\/2022\/08\/15td-rice-mill-plant.jpg\" alt=\"Usine de rizerie de 15 td\" class=\"wp-image-92\"\/><\/a><figcaption>Usine de rizerie de 15 td<\/figcaption><\/figure> <\/figure> <\/div>    <div class=\"wp-block-column is-layout-flow wp-block-column-is-layout-flow\"> <figure class=\"wp-block-gallery has-nested-images columns-default is-cropped wp-block-gallery-3 is-layout-flex wp-block-gallery-is-layout-flex\"> <figure class=\"wp-block-image size-full\"><a href=\"https:\/\/cnricemill.com\/fr\/product\/60td-rice-mill-plant\/\"><img loading=\"lazy\" decoding=\"async\" width=\"720\" height=\"540\" data-id=\"83\" src=\"https:\/\/cnricemill.com\/wp-content\/uploads\/2022\/08\/60td-rice-milling-line.jpg\" alt=\"Ligne de broyage du riz 60td\" class=\"wp-image-83\"\/><\/a><figcaption>Ligne de broyage du riz 60td<\/figcaption><\/figure> <\/figure> <\/div> <\/div>","protected":false},"excerpt":{"rendered":"<p>38t\/d rice mill plant is used for medium processing demands of rice milling. This rice processing line can produce 38 ton of finished rice each day. It is quite suitable for farm owners and rice factories with good performance and high efficiency. The 38ton\/day rice mill plant can automatically complete the whole rice process, including [&hellip;]<\/p>\n","protected":false},"author":1,"featured_media":95,"parent":0,"template":"","tags":[12,15],"product-type":[5],"class_list":["post-93","product","type-product","status-publish","has-post-thumbnail","hentry","tag-rice-mill-plant","tag-rice-milling","product-type-rice-mill-plant"],"_links":{"self":[{"href":"https:\/\/cnricemill.com\/fr\/wp-json\/wp\/v2\/product\/93","targetHints":{"allow":["GET"]}}],"collection":[{"href":"https:\/\/cnricemill.com\/fr\/wp-json\/wp\/v2\/product"}],"about":[{"href":"https:\/\/cnricemill.com\/fr\/wp-json\/wp\/v2\/types\/product"}],"author":[{"embeddable":true,"href":"https:\/\/cnricemill.com\/fr\/wp-json\/wp\/v2\/users\/1"}],"wp:featuredmedia":[{"embeddable":true,"href":"https:\/\/cnricemill.com\/fr\/wp-json\/wp\/v2\/media\/95"}],"wp:attachment":[{"href":"https:\/\/cnricemill.com\/fr\/wp-json\/wp\/v2\/media?parent=93"}],"wp:term":[{"taxonomy":"post_tag","embeddable":true,"href":"https:\/\/cnricemill.com\/fr\/wp-json\/wp\/v2\/tags?post=93"},{"taxonomy":"product-type","embeddable":true,"href":"https:\/\/cnricemill.com\/fr\/wp-json\/wp\/v2\/product-type?post=93"}],"curies":[{"name":"wp","href":"https:\/\/api.w.org\/{rel}","templated":true}]}}