{"id":91,"date":"2022-08-15T08:42:28","date_gmt":"2022-08-15T00:42:28","guid":{"rendered":"https:\/\/cnricemill.com\/?post_type=product&#038;p=91"},"modified":"2024-12-23T11:33:49","modified_gmt":"2024-12-23T03:33:49","slug":"15t-d-rice-mill-plant","status":"publish","type":"product","link":"https:\/\/cnricemill.com\/fr\/product\/15t-d-rice-mill-plant\/","title":{"rendered":"Usine de rizerie 15T\/D"},"content":{"rendered":"<p class=\"translation-block\"><strong>L'usine de d\u00e9corticage de riz 15T\/D<\/strong> est une petite ligne de traitement du riz. Elle peut produire 800 \u00e0 1000 kg de riz fini chaque heure, ce qui convient parfaitement aux petites usines de traitement du riz. L'usine de d\u00e9corticage de riz standard de 15T\/D comprend une machine combin\u00e9e de nettoyage de riz, une d\u00e9cortiqueuse de riz, un s\u00e9parateur de paddy, une d\u00e9cortiqueuse de riz et un calibreur de riz. Elle utilise un \u00e9l\u00e9vateur \u00e0 godets connect\u00e9s ensemble afin que la d\u00e9cortiqueuse de riz puisse fonctionner en continu. Cette ligne de d\u00e9corticage de riz automatique pr\u00e9sente une structure raisonnable, des performances stables et une grande efficacit\u00e9. Outre l'usine de d\u00e9corticage de riz de 15 tonnes\/jour, il existe des usines de d\u00e9corticage de riz de 20 tonnes\/jour, 25 tonnes\/jour, <a href=\"https:\/\/cnricemill.com\/fr\/product\/38t-d-rice-mill-plant\/\">usine de d\u00e9corticage de riz de 38 tonnes\/jour<\/a>, <a href=\"https:\/\/cnricemill.com\/fr\/product\/60td-rice-mill-plant\/\">usine de d\u00e9corticage de riz de 60 tonnes\/jour<\/a>, etc. En tant que fabricant leader de lignes de traitement du riz, nous fournissons un service personnalis\u00e9 solide pour r\u00e9pondre \u00e0 vos besoins sp\u00e9cifiques.<\/p>    <h2 class=\"wp-block-heading\"><strong>Vid\u00e9o de travail du moulin \u00e0 riz<\/strong><\/h2>    <p>Bien qu'il s'agisse d'une vid\u00e9o sur une usine de rizerie de 20 TPD, la colocalisation est la m\u00eame, seule diff\u00e9rente de la capacit\u00e9 de la machine.<\/p>    <figure class=\"wp-block-embed is-type-video is-provider-youtube wp-block-embed-youtube wp-embed-aspect-16-9 wp-has-aspect-ratio\"><div class=\"wp-block-embed__wrapper\"> <iframe loading=\"lazy\" title=\"D\u00e9couvrez la pr\u00e9cision\u00a0: l&#039;unit\u00e9 de broyage de riz 20TPD en action\u00a0! \ud83c\udf3e\u2728 Moulin \u00e0 riz enti\u00e8rement automatique \u00e0 vendre\" width=\"500\" height=\"281\" src=\"https:\/\/www.youtube.com\/embed\/ze92Vr4oMWc?feature=oembed\" frameborder=\"0\" allow=\"accelerometer; autoplay; clipboard-write; encrypted-media; gyroscope; picture-in-picture; web-share\" referrerpolicy=\"strict-origin-when-cross-origin\" allowfullscreen><\/iframe> <\/div><\/figure>    <h2 class=\"wp-block-heading\">Caract\u00e9ristiques de l'usine de rizerie de 15 t\/j<\/h2>    <ol class=\"wp-block-list\"> <li>Structure simple et belle, faible consommation d'\u00e9nergie. Facile \u00e0 utiliser et \u00e0 entretenir, et le d\u00e9montage et l'assemblage de tous les \u00e9quipements sont tr\u00e8s pratiques.<\/li>    <li>Bon effet nettoyant, \u00e9liminant les pierres, le fer, la poussi\u00e8re, la paille et autres impuret\u00e9s des particules.<\/li>    <li>Vitesse de mouture du riz rapide, avec une production quotidienne d'environ 15 tonnes pour des ensembles complets d'\u00e9quipements.<\/li>    <li>Facile \u00e0 utiliser, seulement 1 \u00e0 2 personnes sont n\u00e9cessaires pour faire fonctionner ce moulin \u00e0 riz (une personne pour charger le riz cru et l'autre pour charger le riz fini).<\/li>    <li>Op\u00e9ration automatis\u00e9e depuis l'entr\u00e9e du paddy jusqu'au riz blanc fini.<\/li>    <li>La partie mouture du riz de l'\u00e9quipement adopte une technologie de mouture du riz \u00e0 pression n\u00e9gative, avec une basse temp\u00e9rature du riz, sans balle et un faible taux de bris de riz.<\/li>    <li>Notre technologie de traitement : d\u00e9coupe de fibre optique, pliage CNC, machines-outils CNC, processus de pulv\u00e9risation, cuisson par pulv\u00e9risation de haut niveau, etc.<\/li>    <li>Nous fournissons un service de personnalisation solide pour r\u00e9pondre \u00e0 vos besoins particuliers.<\/li> <\/ol>    <div class=\"wp-block-columns is-layout-flex wp-container-core-columns-is-layout-9d6595d7 wp-block-columns-is-layout-flex\"> <div class=\"wp-block-column is-layout-flow wp-block-column-is-layout-flow\"> <figure class=\"wp-block-image size-full\"><img loading=\"lazy\" decoding=\"async\" width=\"720\" height=\"540\" src=\"https:\/\/cnricemill.com\/wp-content\/uploads\/2022\/08\/modern-15ton-rice-processing-line.jpg\" alt=\"ligne de traitement de riz moderne de 15 tonnes\" class=\"wp-image-108\"\/><figcaption class=\"wp-element-caption\">ligne de traitement de riz moderne de 15 tonnes<\/figcaption><\/figure> <\/div>    <div class=\"wp-block-column is-layout-flow wp-block-column-is-layout-flow\"> <figure class=\"wp-block-image size-full\"><img loading=\"lazy\" decoding=\"async\" width=\"720\" height=\"540\" src=\"https:\/\/cnricemill.com\/wp-content\/uploads\/2022\/08\/15-ton-rice-mill-plant.jpg\" alt=\"Usine de rizerie de 15 tonnes\" class=\"wp-image-109\"\/><figcaption class=\"wp-element-caption\">Usine de rizerie de 15 tonnes<\/figcaption><\/figure> <\/div> <\/div>    <h2 class=\"wp-block-heading\">Param\u00e8tres de l'usine de rizerie Taizy 15t\/j<\/h2>    <figure class=\"wp-block-table\"><table><tbody><tr><td>Mod\u00e8le<\/td><td>Capacit\u00e9 (t\/h)<\/td><td>Puissance (kW)<\/td><td>Taille (L * L * H)<\/td><\/tr><tr><td>MNMS15B<\/td><td>0.8-1.25<\/td><td>18.5-22<\/td><td>1090*580*1420<\/td><\/tr><tr><td>MNMS18<\/td><td>2-3<\/td><td>22-30<\/td><td>1245*650*1660<\/td><\/tr><tr><td>MNMS25<\/td><td>3.5-4.5<\/td><td>37-45<\/td><td>1350*750*1800<\/td><\/tr><\/tbody><\/table><\/figure>    <h2 class=\"wp-block-heading\">D\u00e9tails de la structure de l'usine de rizerie de 15 tpj \u00e0 vendre <\/h2>    <figure class=\"wp-block-image size-full\"><img loading=\"lazy\" decoding=\"async\" width=\"720\" height=\"540\" src=\"https:\/\/cnricemill.com\/wp-content\/uploads\/2022\/08\/15td-rice-milling-plant-structure.jpg\" alt=\"Structure de l&#039;usine de rizerie 15td\" class=\"wp-image-106\"\/><figcaption class=\"wp-element-caption\">Structure de l'usine de rizerie 15td<\/figcaption><\/figure>    <h3 class=\"wp-block-heading\">Machine de nettoyage de paddy<\/h3>    <p>Combinaison de conception de nettoyage et de d\u00e9noyautage, l'effet d'utilisation est bien meilleur que la conception monobloc traditionnelle. Conception \u00e0 grand volume d'air, excellent effet anti-pierrage, combin\u00e9 \u00e0 une configuration de roulement absorbant les vibrations \u00e0 haute r\u00e9sistance, mouvement fluide, ferme et fiable du corps, faibles vibrations, faible bruit et moins de poussi\u00e8re.<\/p>    <h3 class=\"wp-block-heading\">Fraiseuse \u00e0 riz<\/h3>    <p>\u00c9quip\u00e9 d'un ventilateur puissant ind\u00e9pendant pour nettoyer le son de riz plus en profondeur, rendant les grains de riz plus propres et am\u00e9liorant efficacement l'\u00e9clat des grains de riz.<\/p>    <h3 class=\"wp-block-heading\">S\u00e9parateur de paddy par gravit\u00e9<\/h3>    <p class=\"translation-block\">Le <a href=\"https:\/\/cnricemill.com\/fr\/product\/paddy-separator\/\">s\u00e9parateur de riz par gravit\u00e9<\/a> est con\u00e7u avec une grande surface de tamisage, ce qui pr\u00e9sente d'excellents avantages tels qu'une vitesse de s\u00e9paration rapide et une distribution uniforme.<\/p>    <h3 class=\"wp-block-heading\">D\u00e9cortiqueuse de riz \u00e0 faible bruit<\/h3>    <p>Longue dur\u00e9e de vie des rouleaux en caoutchouc : pas de bo\u00eete de vitesses, faible bruit, performances stables.&nbsp;<\/p>    <h3 class=\"wp-block-heading\">\u00c9l\u00e9vateur \u00e0 godets \u00e0 riz ind\u00e9pendant<\/h3>    <p>Chaque \u00e9l\u00e9vateur \u00e0 godets pour moulin \u00e0 riz est ind\u00e9pendant et chaque \u00e9l\u00e9vateur \u00e0 godets pour riz dispose d'une base de moteur de s\u00e9paration pour plus de puissance, un plus grand rendement et un entretien facile.<\/p>    <figure class=\"wp-block-image size-full\"><img loading=\"lazy\" decoding=\"async\" width=\"720\" height=\"540\" src=\"https:\/\/cnricemill.com\/wp-content\/uploads\/2022\/08\/rice-mill-plant-ready-to-ship-1.jpg\" alt=\"usine de rizerie pr\u00eate \u00e0 \u00eatre exp\u00e9di\u00e9e\" class=\"wp-image-112\"\/><figcaption class=\"wp-element-caption\">usine de rizerie pr\u00eate \u00e0 \u00eatre exp\u00e9di\u00e9e<\/figcaption><\/figure>    <h2 class=\"wp-block-heading\">Processus de travail de l'usine de rizerie <\/h2>    <p class=\"translation-block\">L'usine de d\u00e9corticage de riz de 15t\/d est appliqu\u00e9e pour transformer le paddy en riz de qualit\u00e9 standard internationale selon le diagramme de flux suivant : <strong>alimentation en paddy \u2192 nettoyage du paddy \u2192 d\u00e9corticage du riz \u2192 mouture du riz \u2192 blanchiment du riz \u2192 <a href=\"https:\/\/cnricemill.com\/fr\/product\/rice-packing-machine\/\">emballage du riz<\/a><\/strong>.<\/p>    <h2 class=\"wp-block-heading\">Machine associ\u00e9e<\/h2>    <div class=\"wp-block-columns is-layout-flex wp-container-core-columns-is-layout-9d6595d7 wp-block-columns-is-layout-flex\"> <div class=\"wp-block-column is-layout-flow wp-block-column-is-layout-flow\"> <figure class=\"wp-block-image size-full\"><a href=\"https:\/\/cnricemill.com\/fr\/product\/38t-d-rice-mill-plant\/\"><img loading=\"lazy\" decoding=\"async\" width=\"720\" height=\"540\" src=\"https:\/\/cnricemill.com\/wp-content\/uploads\/2022\/08\/38td-rice-mill-plant.jpg\" alt=\"Usine de rizerie 38td\" class=\"wp-image-95\"\/><\/a><figcaption class=\"wp-element-caption\">Usine de rizerie 38td<\/figcaption><\/figure> <\/div>    <div class=\"wp-block-column is-layout-flow wp-block-column-is-layout-flow\"> <figure class=\"wp-block-image size-full\"><a href=\"https:\/\/cnricemill.com\/fr\/product\/60td-rice-mill-plant\/\"><img loading=\"lazy\" decoding=\"async\" width=\"720\" height=\"540\" src=\"https:\/\/cnricemill.com\/wp-content\/uploads\/2022\/08\/60td-rice-mill-plant.jpg\" alt=\"Usine de rizerie de 60 td\" class=\"wp-image-75\"\/><\/a><figcaption class=\"wp-element-caption\">Usine de rizerie de 60 td<\/figcaption><\/figure> <\/div> <\/div>","protected":false},"excerpt":{"rendered":"<p>15T\/D rice mill plant is a small rice processing line. It can produce 800-1000 kg of finished rice each hour, which is very suitable for small rice processing factories. 15T\/D standard rice mill plant contains a combined rice cleaning machine, rice huller machine, paddy separator, rice mill machine, and rice grader. It uses a bucket [&hellip;]<\/p>\n","protected":false},"author":1,"featured_media":92,"parent":0,"template":"","tags":[12,15],"product-type":[5],"class_list":["post-91","product","type-product","status-publish","has-post-thumbnail","hentry","tag-rice-mill-plant","tag-rice-milling","product-type-rice-mill-plant"],"_links":{"self":[{"href":"https:\/\/cnricemill.com\/fr\/wp-json\/wp\/v2\/product\/91","targetHints":{"allow":["GET"]}}],"collection":[{"href":"https:\/\/cnricemill.com\/fr\/wp-json\/wp\/v2\/product"}],"about":[{"href":"https:\/\/cnricemill.com\/fr\/wp-json\/wp\/v2\/types\/product"}],"author":[{"embeddable":true,"href":"https:\/\/cnricemill.com\/fr\/wp-json\/wp\/v2\/users\/1"}],"wp:featuredmedia":[{"embeddable":true,"href":"https:\/\/cnricemill.com\/fr\/wp-json\/wp\/v2\/media\/92"}],"wp:attachment":[{"href":"https:\/\/cnricemill.com\/fr\/wp-json\/wp\/v2\/media?parent=91"}],"wp:term":[{"taxonomy":"post_tag","embeddable":true,"href":"https:\/\/cnricemill.com\/fr\/wp-json\/wp\/v2\/tags?post=91"},{"taxonomy":"product-type","embeddable":true,"href":"https:\/\/cnricemill.com\/fr\/wp-json\/wp\/v2\/product-type?post=91"}],"curies":[{"name":"wp","href":"https:\/\/api.w.org\/{rel}","templated":true}]}}